{"id":32571,"date":"2025-04-07T08:42:01","date_gmt":"2025-04-07T08:42:01","guid":{"rendered":"https:\/\/sharebox.global\/weisses-label-branding\/"},"modified":"2026-03-03T11:57:01","modified_gmt":"2026-03-03T11:57:01","slug":"weisses-label-branding","status":"publish","type":"page","link":"https:\/\/sharebox.global\/de\/weisses-label-branding\/","title":{"rendered":"Angepasst an Ihre Marke"},"content":{"rendered":"\n<div style=\"height:64px\" aria-hidden=\"true\" class=\"wp-block-spacer\"><\/div>\n\n<div style=\"height:64px\" aria-hidden=\"true\" class=\"wp-block-spacer\"><\/div>\n\n<div id=\"title-block--block_18296dbd32feb31df28fc28442c32944\" class=\"root-level-block title-block center-text-based\">\n\n    \n<!-- Whitespace to be determined -->\n    <div class=\"container\" style=\"padding-top: var(--spacing-m);\">\n        <h1>24\/7 Premium-Service-Erfahrung<\/h1>        <p>Erh\u00f6hen Sie die Kapazit\u00e4t und reduzieren Sie die Arbeitsbelastung der Rezeption mit einer perfekten Brand Journey.<\/p>            <\/div>\n\n<\/div>\n\n<div id=\"image-with-title-and-description--block_6222d4cb160f090a145e7372cf6b9167\" class=\"root-level-block image-with-title-and-description direction-right\">\n    \n    <div class=\"container relative\">\n        <div class=\"halved-image-container\">\n                            <div class=\"halved-image\"><img decoding=\"async\" width=\"1024\" height=\"768\" src=\"https:\/\/sharebox.global\/wp-content\/uploads\/2025\/06\/s32LargePaneli32m28_blurredPerson_lavenderBG@1200900_Sharebox-1024x768.jpg\" class=\"attachment-large size-large\" alt=\"\" srcset=\"https:\/\/sharebox.global\/wp-content\/uploads\/2025\/06\/s32LargePaneli32m28_blurredPerson_lavenderBG@1200900_Sharebox-1024x768.jpg 1024w, https:\/\/sharebox.global\/wp-content\/uploads\/2025\/06\/s32LargePaneli32m28_blurredPerson_lavenderBG@1200900_Sharebox-300x225.jpg 300w, https:\/\/sharebox.global\/wp-content\/uploads\/2025\/06\/s32LargePaneli32m28_blurredPerson_lavenderBG@1200900_Sharebox-768x576.jpg 768w, https:\/\/sharebox.global\/wp-content\/uploads\/2025\/06\/s32LargePaneli32m28_blurredPerson_lavenderBG@1200900_Sharebox.jpg 1200w\" sizes=\"(max-width: 1024px) 100vw, 1024px\" \/><\/div>\n            \n                            <div class=\"halved\">\n                    <div class=\"halved-type\">\n                                                    <h3>Kioske mit Markenzeichen<\/h3>\n                                                \n                                                    <p>Vollst\u00e4ndig gebrandete Kioske &#8211; f\u00fcr den Innen- und Au\u00dfenbereich<\/p><ul style=\"margin-left: 0;\" class=\"custom-bullet-list\"><li>Kundenvertrauen<\/li><li>Markenpositionierung<\/li><li>OEM-Konformit\u00e4t<\/li><\/ul>                                            <\/div>\n\n                                    <\/div>\n                    <\/div>\n    <\/div>\n<\/div>\n\n\r\n<div id=\"image-coloured-background-width-text-block--block_0e3346ddb9319073d71f0144a1baa61e\" \r\n     class=\"root-level-block image-coloured-background-width-text-block breathing-space\" \r\n     >\r\n\r\n    <div class=\"container relative\">\r\n                    <div class=\"sidequest-image\"><img decoding=\"async\" width=\"1024\" height=\"661\" src=\"https:\/\/sharebox.global\/wp-content\/uploads\/2026\/02\/1d6242c080a26bbc3c7ad87d2d1d0325ea6d1372-1024x661.jpg\" class=\"attachment-large size-large\" alt=\"\" srcset=\"https:\/\/sharebox.global\/wp-content\/uploads\/2026\/02\/1d6242c080a26bbc3c7ad87d2d1d0325ea6d1372-1024x661.jpg 1024w, https:\/\/sharebox.global\/wp-content\/uploads\/2026\/02\/1d6242c080a26bbc3c7ad87d2d1d0325ea6d1372-300x194.jpg 300w, https:\/\/sharebox.global\/wp-content\/uploads\/2026\/02\/1d6242c080a26bbc3c7ad87d2d1d0325ea6d1372-768x496.jpg 768w, https:\/\/sharebox.global\/wp-content\/uploads\/2026\/02\/1d6242c080a26bbc3c7ad87d2d1d0325ea6d1372-1536x992.jpg 1536w, https:\/\/sharebox.global\/wp-content\/uploads\/2026\/02\/1d6242c080a26bbc3c7ad87d2d1d0325ea6d1372-2048x1322.jpg 2048w\" sizes=\"(max-width: 1024px) 100vw, 1024px\" \/><\/div>\r\n        \r\n                <div class=\"sidequest\">\r\n            <div class=\"sidequest-type\">\r\n                                    <h2>Physischer Kiosk + digitaler Workflow<\/h2>\r\n                                \r\n\r\n                                            <p>Powered by Fleetback oder Ihr DMS<\/p><ul style=\"margin-left: 0;\" class=\"custom-bullet-list\"><li>Digitales Einchecken<\/li><li>Genehmigungen &amp; Video<\/li><li>End-to-End Customer Journey<\/li><\/ul><p>Nicht nur ein Kiosk mit Markenzeichen &#8211; ein vollst\u00e4ndig gebrandetes digitales + physisches Serviceerlebnis.<\/p>                                    <\/div>\r\n            \r\n            \r\n                            <div class=\"inline-button-group single-button\">\r\n\r\n                                                                    <a class=\"wp-block-button__link btn-light\"\r\n                           href=\"https:\/\/sharebox.global\/de\/beginnen-sie\/\"\r\n                           target=\"_self\"                           >\r\n                            Sehen Sie, wie der 24\/7-Service funktioniert                        <\/a>\r\n                    \r\n                    <!-- Button 2 (secondary) -->\r\n                    \r\n                <\/div>\r\n                    <\/div>\r\n            <\/div>\r\n<\/div>\r\n\n<div id=\"image-with-title-and-description--block_46eba68766756733c6c6f3d533509ff7\" class=\"root-level-block image-with-title-and-description is-style-right-aligned\">\n    \n    <div class=\"container relative\">\n        <div class=\"halved-image-container\">\n                            <div class=\"halved-image\"><img decoding=\"async\" width=\"1024\" height=\"768\" src=\"https:\/\/sharebox.global\/wp-content\/uploads\/2025\/05\/illustration_fleetbackCheckinSMS_DE@1600w-1024x768.png\" class=\"attachment-large size-large\" alt=\"\" srcset=\"https:\/\/sharebox.global\/wp-content\/uploads\/2025\/05\/illustration_fleetbackCheckinSMS_DE@1600w-1024x768.png 1024w, https:\/\/sharebox.global\/wp-content\/uploads\/2025\/05\/illustration_fleetbackCheckinSMS_DE@1600w-300x225.png 300w, https:\/\/sharebox.global\/wp-content\/uploads\/2025\/05\/illustration_fleetbackCheckinSMS_DE@1600w-768x576.png 768w, https:\/\/sharebox.global\/wp-content\/uploads\/2025\/05\/illustration_fleetbackCheckinSMS_DE@1600w-1536x1152.png 1536w, https:\/\/sharebox.global\/wp-content\/uploads\/2025\/05\/illustration_fleetbackCheckinSMS_DE@1600w.png 1600w\" sizes=\"(max-width: 1024px) 100vw, 1024px\" \/><\/div>\n            \n                            <div class=\"halved\">\n                    <div class=\"halved-type\">\n                                                    <h3>Personalisierte Nachrichten<\/h3>\n                                                \n                                                    <p>Passen Sie den Kiosktext, die Aufforderungen und Benachrichtigungen an den Tonfall Ihrer Marke an. Egal, ob Sie freundlich und leger oder edel und formell sein wollen, Ihre Customer Journey wird Ihre Sprache sprechen.<\/p>                                            <\/div>\n\n                                    <\/div>\n                    <\/div>\n    <\/div>\n<\/div>\n\n<div id=\"image-with-title-and-description--block_9c40d3fa12739ee736e2cc2c0599f8c1\" class=\"root-level-block image-with-title-and-description\">\n    \n    <div class=\"container relative\">\n        <div class=\"halved-image-container\">\n                            <div class=\"halved-image\"><img decoding=\"async\" width=\"1024\" height=\"768\" src=\"https:\/\/sharebox.global\/wp-content\/uploads\/2025\/05\/illustration_customizedKioskScreen_DE@1600w-1024x768.png\" class=\"attachment-large size-large\" alt=\"\" srcset=\"https:\/\/sharebox.global\/wp-content\/uploads\/2025\/05\/illustration_customizedKioskScreen_DE@1600w-1024x768.png 1024w, https:\/\/sharebox.global\/wp-content\/uploads\/2025\/05\/illustration_customizedKioskScreen_DE@1600w-300x225.png 300w, https:\/\/sharebox.global\/wp-content\/uploads\/2025\/05\/illustration_customizedKioskScreen_DE@1600w-768x576.png 768w, https:\/\/sharebox.global\/wp-content\/uploads\/2025\/05\/illustration_customizedKioskScreen_DE@1600w-1536x1152.png 1536w, https:\/\/sharebox.global\/wp-content\/uploads\/2025\/05\/illustration_customizedKioskScreen_DE@1600w.png 1600w\" sizes=\"(max-width: 1024px) 100vw, 1024px\" \/><\/div>\n            \n                            <div class=\"halved\">\n                    <div class=\"halved-type\">\n                                                    <h3>Branded Screen Styling<\/h3>\n                                                \n                                                    <p>Gestalten Sie jede Bildschirminteraktion &#8211; von der Begr\u00fc\u00dfung bis zum Checkout &#8211; so, dass sie Ihre Marke widerspiegelt. Ein einheitliches Erscheinungsbild schafft Wiedererkennung, Vertrauen und Loyalit\u00e4t auf mobilen, Desktop- und Kiosk-Bildschirmen.<\/p>                                            <\/div>\n\n                                    <\/div>\n                    <\/div>\n    <\/div>\n<\/div>\n\n<div id=\"three-columns-with-support--block_c9f03b80c5dd53287d30b89ed16900f9\" class=\"root-level-block three-columns-with-support\">\n\n    <div class=\"container\">\n\n        <div class=\"decided\">\n            \n                                \n                            <!-- Display section title if one exists -->\n                <h2 class=\"decided-title text-center\">Beginnen Sie<\/h2>\n                            \n                                    \n                        <!-- Column container for the 3 boxes -->\n            <div class=\"column-box-row\">\n                \n                            <!-- Individual box container -->\n                            <div class=\"column-text-box\">\n                                                                    <img decoding=\"async\" width=\"48\" height=\"48\" src=\"https:\/\/sharebox.global\/wp-content\/uploads\/2025\/03\/icon_monitorbookstudent@48.png\" class=\"icon\" alt=\"\" \/>                                \n                                <h3>1. Demo ansehen<\/h3>\n                                <p>Sehen Sie es live und teilen Sie uns Ihre Anforderungen mit.<\/p>\n                            <\/div>\n\n                        \n                            <!-- Individual box container -->\n                            <div class=\"column-text-box\">\n                                                                    <img decoding=\"async\" width=\"48\" height=\"48\" src=\"https:\/\/sharebox.global\/wp-content\/uploads\/2025\/03\/icon_planblueprint@48.png\" class=\"icon\" alt=\"\" \/>                                \n                                <h3>2. Ma\u00dfgeschneiderter Vorschlag<\/h3>\n                                <p>Sie erhalten einen Plan und eine Strategie, die auf Ihr Unternehmen und Ihre Ziele zugeschnitten sind.<\/p>\n                            <\/div>\n\n                        \n                            <!-- Individual box container -->\n                            <div class=\"column-text-box\">\n                                                                    <img decoding=\"async\" width=\"48\" height=\"48\" src=\"https:\/\/sharebox.global\/wp-content\/uploads\/2025\/03\/icon_toolsscrewdriverwrench@48.png\" class=\"icon\" alt=\"\" \/>                                \n                                <h3>3. Implementierung<\/h3>\n                                <p>Wir k\u00fcmmern uns um die Installation und Konfiguration und schulen Ihre Mitarbeiter.<\/p>\n                            <\/div>\n\n                                    <\/div>\n            <!-- End check for enabled columns -->\n\n                        <!-- Button group centered below content -->\n            <div class=\"centered-button-group\">\n                                                <a class=\"wp-block-button__link btn-light\"\n                    href=\"https:\/\/sharebox.global\/de\/get-started\/\"\n                    >\n                        Demos ansehen                    <\/a>\n                                                <\/div>\n                    <\/div>\n    <\/div>\n<\/div>\n","protected":false},"excerpt":{"rendered":"","protected":false},"author":1,"featured_media":0,"parent":0,"menu_order":0,"comment_status":"closed","ping_status":"closed","template":"","meta":{"_acf_changed":false,"content-type":"","inline_featured_image":false,"footnotes":""},"class_list":["post-32571","page","type-page","status-publish","hentry"],"acf":[],"yoast_head":"<!-- This site is optimized with the Yoast SEO plugin v27.4 - https:\/\/yoast.com\/product\/yoast-seo-wordpress\/ -->\n<title>Angepasst an Ihre Marke - Sharebox<\/title>\n<meta name=\"description\" content=\"Steigern Sie den Wiedererkennungswert Ihrer Marke mit individuell gestalteten Sharebox-Kiosken: White-Label, markengerechtes Messaging und nahtlose Customer Journeys.\" \/>\n<meta name=\"robots\" content=\"index, follow, max-snippet:-1, max-image-preview:large, max-video-preview:-1\" \/>\n<link rel=\"canonical\" href=\"https:\/\/sharebox.global\/de\/weisses-label-branding\/\" \/>\n<meta property=\"og:locale\" content=\"de_DE\" \/>\n<meta property=\"og:type\" content=\"article\" \/>\n<meta property=\"og:title\" content=\"Angepasst an Ihre Marke\" \/>\n<meta property=\"og:description\" content=\"Passen Sie Kioske und Botschaften an, um den Wiedererkennungswert und die Markenpr\u00e4senz zu steigern. Alles angepasst an Ihr Branding und Design.\" \/>\n<meta property=\"og:url\" content=\"https:\/\/sharebox.global\/de\/weisses-label-branding\/\" \/>\n<meta property=\"og:site_name\" content=\"Sharebox\" \/>\n<meta property=\"article:publisher\" content=\"https:\/\/www.facebook.com\/SHAREBOX.NO\/\" \/>\n<meta property=\"article:modified_time\" content=\"2026-03-03T11:57:01+00:00\" \/>\n<meta property=\"og:image\" content=\"https:\/\/sharebox.global\/wp-content\/uploads\/2025\/04\/Volkswagen-Nutzfahrzeuge-Service-Station-mit-Dach.png\" \/>\n\t<meta property=\"og:image:width\" content=\"1170\" \/>\n\t<meta property=\"og:image:height\" content=\"521\" \/>\n\t<meta property=\"og:image:type\" content=\"image\/png\" \/>\n<meta name=\"twitter:card\" content=\"summary_large_image\" \/>\n<script type=\"application\/ld+json\" class=\"yoast-schema-graph\">{\"@context\":\"https:\\\/\\\/schema.org\",\"@graph\":[{\"@type\":\"WebPage\",\"@id\":\"https:\\\/\\\/sharebox.global\\\/de\\\/weisses-label-branding\\\/\",\"url\":\"https:\\\/\\\/sharebox.global\\\/de\\\/weisses-label-branding\\\/\",\"name\":\"Angepasst an Ihre Marke - Sharebox\",\"isPartOf\":{\"@id\":\"https:\\\/\\\/sharebox.global\\\/de\\\/#website\"},\"datePublished\":\"2025-04-07T08:42:01+00:00\",\"dateModified\":\"2026-03-03T11:57:01+00:00\",\"description\":\"Steigern Sie den Wiedererkennungswert Ihrer Marke mit individuell gestalteten Sharebox-Kiosken: White-Label, markengerechtes Messaging und nahtlose Customer Journeys.\",\"breadcrumb\":{\"@id\":\"https:\\\/\\\/sharebox.global\\\/de\\\/weisses-label-branding\\\/#breadcrumb\"},\"inLanguage\":\"de\",\"potentialAction\":[{\"@type\":\"ReadAction\",\"target\":[\"https:\\\/\\\/sharebox.global\\\/de\\\/weisses-label-branding\\\/\"]}]},{\"@type\":\"BreadcrumbList\",\"@id\":\"https:\\\/\\\/sharebox.global\\\/de\\\/weisses-label-branding\\\/#breadcrumb\",\"itemListElement\":[{\"@type\":\"ListItem\",\"position\":1,\"name\":\"Home\",\"item\":\"https:\\\/\\\/sharebox.global\\\/de\\\/\"},{\"@type\":\"ListItem\",\"position\":2,\"name\":\"Angepasst an Ihre Marke\"}]},{\"@type\":\"WebSite\",\"@id\":\"https:\\\/\\\/sharebox.global\\\/de\\\/#website\",\"url\":\"https:\\\/\\\/sharebox.global\\\/de\\\/\",\"name\":\"Sharebox\",\"description\":\"Infrastructure for 24\\\/7 vehicle handover\",\"publisher\":{\"@id\":\"https:\\\/\\\/sharebox.global\\\/de\\\/#organization\"},\"potentialAction\":[{\"@type\":\"SearchAction\",\"target\":{\"@type\":\"EntryPoint\",\"urlTemplate\":\"https:\\\/\\\/sharebox.global\\\/de\\\/?s={search_term_string}\"},\"query-input\":{\"@type\":\"PropertyValueSpecification\",\"valueRequired\":true,\"valueName\":\"search_term_string\"}}],\"inLanguage\":\"de\"},{\"@type\":\"Organization\",\"@id\":\"https:\\\/\\\/sharebox.global\\\/de\\\/#organization\",\"name\":\"Sharebox\",\"url\":\"https:\\\/\\\/sharebox.global\\\/de\\\/\",\"logo\":{\"@type\":\"ImageObject\",\"inLanguage\":\"de\",\"@id\":\"https:\\\/\\\/sharebox.global\\\/de\\\/#\\\/schema\\\/logo\\\/image\\\/\",\"url\":\"https:\\\/\\\/sharebox.global\\\/wp-content\\\/uploads\\\/2024\\\/04\\\/Sharebox-logo-red-on-white-500px.png\",\"contentUrl\":\"https:\\\/\\\/sharebox.global\\\/wp-content\\\/uploads\\\/2024\\\/04\\\/Sharebox-logo-red-on-white-500px.png\",\"width\":450,\"height\":63,\"caption\":\"Sharebox\"},\"image\":{\"@id\":\"https:\\\/\\\/sharebox.global\\\/de\\\/#\\\/schema\\\/logo\\\/image\\\/\"},\"sameAs\":[\"https:\\\/\\\/www.facebook.com\\\/SHAREBOX.NO\\\/\",\"https:\\\/\\\/www.linkedin.com\\\/company\\\/sharebox-as\\\/\",\"https:\\\/\\\/www.youtube.com\\\/channel\\\/UCGwoGdfNeD59c2s4qhf0gLQ\"]}]}<\/script>\n<!-- \/ Yoast SEO plugin. -->","yoast_head_json":{"title":"Angepasst an Ihre Marke - Sharebox","description":"Steigern Sie den Wiedererkennungswert Ihrer Marke mit individuell gestalteten Sharebox-Kiosken: White-Label, markengerechtes Messaging und nahtlose Customer Journeys.","robots":{"index":"index","follow":"follow","max-snippet":"max-snippet:-1","max-image-preview":"max-image-preview:large","max-video-preview":"max-video-preview:-1"},"canonical":"https:\/\/sharebox.global\/de\/weisses-label-branding\/","og_locale":"de_DE","og_type":"article","og_title":"Angepasst an Ihre Marke","og_description":"Passen Sie Kioske und Botschaften an, um den Wiedererkennungswert und die Markenpr\u00e4senz zu steigern. Alles angepasst an Ihr Branding und Design.","og_url":"https:\/\/sharebox.global\/de\/weisses-label-branding\/","og_site_name":"Sharebox","article_publisher":"https:\/\/www.facebook.com\/SHAREBOX.NO\/","article_modified_time":"2026-03-03T11:57:01+00:00","og_image":[{"width":1170,"height":521,"url":"https:\/\/sharebox.global\/wp-content\/uploads\/2025\/04\/Volkswagen-Nutzfahrzeuge-Service-Station-mit-Dach.png","type":"image\/png"}],"twitter_card":"summary_large_image","schema":{"@context":"https:\/\/schema.org","@graph":[{"@type":"WebPage","@id":"https:\/\/sharebox.global\/de\/weisses-label-branding\/","url":"https:\/\/sharebox.global\/de\/weisses-label-branding\/","name":"Angepasst an Ihre Marke - Sharebox","isPartOf":{"@id":"https:\/\/sharebox.global\/de\/#website"},"datePublished":"2025-04-07T08:42:01+00:00","dateModified":"2026-03-03T11:57:01+00:00","description":"Steigern Sie den Wiedererkennungswert Ihrer Marke mit individuell gestalteten Sharebox-Kiosken: White-Label, markengerechtes Messaging und nahtlose Customer Journeys.","breadcrumb":{"@id":"https:\/\/sharebox.global\/de\/weisses-label-branding\/#breadcrumb"},"inLanguage":"de","potentialAction":[{"@type":"ReadAction","target":["https:\/\/sharebox.global\/de\/weisses-label-branding\/"]}]},{"@type":"BreadcrumbList","@id":"https:\/\/sharebox.global\/de\/weisses-label-branding\/#breadcrumb","itemListElement":[{"@type":"ListItem","position":1,"name":"Home","item":"https:\/\/sharebox.global\/de\/"},{"@type":"ListItem","position":2,"name":"Angepasst an Ihre Marke"}]},{"@type":"WebSite","@id":"https:\/\/sharebox.global\/de\/#website","url":"https:\/\/sharebox.global\/de\/","name":"Sharebox","description":"Infrastructure for 24\/7 vehicle handover","publisher":{"@id":"https:\/\/sharebox.global\/de\/#organization"},"potentialAction":[{"@type":"SearchAction","target":{"@type":"EntryPoint","urlTemplate":"https:\/\/sharebox.global\/de\/?s={search_term_string}"},"query-input":{"@type":"PropertyValueSpecification","valueRequired":true,"valueName":"search_term_string"}}],"inLanguage":"de"},{"@type":"Organization","@id":"https:\/\/sharebox.global\/de\/#organization","name":"Sharebox","url":"https:\/\/sharebox.global\/de\/","logo":{"@type":"ImageObject","inLanguage":"de","@id":"https:\/\/sharebox.global\/de\/#\/schema\/logo\/image\/","url":"https:\/\/sharebox.global\/wp-content\/uploads\/2024\/04\/Sharebox-logo-red-on-white-500px.png","contentUrl":"https:\/\/sharebox.global\/wp-content\/uploads\/2024\/04\/Sharebox-logo-red-on-white-500px.png","width":450,"height":63,"caption":"Sharebox"},"image":{"@id":"https:\/\/sharebox.global\/de\/#\/schema\/logo\/image\/"},"sameAs":["https:\/\/www.facebook.com\/SHAREBOX.NO\/","https:\/\/www.linkedin.com\/company\/sharebox-as\/","https:\/\/www.youtube.com\/channel\/UCGwoGdfNeD59c2s4qhf0gLQ"]}]}},"_links":{"self":[{"href":"https:\/\/sharebox.global\/de\/wp-json\/wp\/v2\/pages\/32571","targetHints":{"allow":["GET"]}}],"collection":[{"href":"https:\/\/sharebox.global\/de\/wp-json\/wp\/v2\/pages"}],"about":[{"href":"https:\/\/sharebox.global\/de\/wp-json\/wp\/v2\/types\/page"}],"author":[{"embeddable":true,"href":"https:\/\/sharebox.global\/de\/wp-json\/wp\/v2\/users\/1"}],"replies":[{"embeddable":true,"href":"https:\/\/sharebox.global\/de\/wp-json\/wp\/v2\/comments?post=32571"}],"version-history":[{"count":6,"href":"https:\/\/sharebox.global\/de\/wp-json\/wp\/v2\/pages\/32571\/revisions"}],"predecessor-version":[{"id":48781,"href":"https:\/\/sharebox.global\/de\/wp-json\/wp\/v2\/pages\/32571\/revisions\/48781"}],"wp:attachment":[{"href":"https:\/\/sharebox.global\/de\/wp-json\/wp\/v2\/media?parent=32571"}],"curies":[{"name":"wp","href":"https:\/\/api.w.org\/{rel}","templated":true}]}}