{"id":44519,"date":"2025-04-04T09:06:21","date_gmt":"2025-04-04T09:06:21","guid":{"rendered":"https:\/\/sharebox.global\/karriere\/"},"modified":"2025-05-07T07:34:31","modified_gmt":"2025-05-07T07:34:31","slug":"karriere","status":"publish","type":"page","link":"https:\/\/sharebox.global\/de\/karriere\/","title":{"rendered":"Karriere bei Sharebox"},"content":{"rendered":"\n<div id=\"title-block--block_de3456f84341978fb00a2623694c8de1\" class=\"root-level-block title-block center-text-based\">\n\n    \n<!-- Whitespace to be determined -->\n    <div class=\"container\" style=\"padding-top: var(--spacing-m);\">\n        <h1>Karriere bei Sharebox<\/h1>        <p>Bei Sharebox sind wir auf der Mission, die Art und Weise, wie Dinge erledigt werden, neu zu erfinden. Wir entwickeln L\u00f6sungen, die das t\u00e4gliche Leben von Unternehmen und Privatpersonen vereinfachen, und wir suchen nach talentierten, neugierigen Menschen, die sich daf\u00fcr begeistern, die richtigen Probleme zu finden und sie dann auf mutige, innovative Weise zu l\u00f6sen. <\/p>            <\/div>\n\n<\/div>\n<section id=\"full-page-image--block_e60a7caff4299c8986614c4fe8bfc56f\" class=\"root-level-block container full_image full-page-image\">\r\n    <img decoding=\"async\" src=\"https:\/\/sharebox.global\/wp-content\/uploads\/2023\/05\/image-23-min.jpg\" alt=\"\" \/>\r\n<\/section><p><script type=\"text\/javascript\" src=\"https:\/\/web103.reachmee.com\/customerjs\/helper.js\"><\/script> <script type=\"text\/javascript\" src=\"https:\/\/web103.reachmee.com\/customerjs\/I022-2239-6.js\"><\/script><\/p>\n\n<div style=\"height:100px\" aria-hidden=\"true\" class=\"wp-block-spacer\"><\/div>\n\n<h2 class=\"wp-block-heading has-text-align-center\">Wen wir suchen<\/h2>\n\n<div style=\"height:100px\" aria-hidden=\"true\" class=\"wp-block-spacer\"><\/div>\n\n\n<div id=\"repeating-row-of-three-boxes--block_76ee49d78034278ef799faf3a52c7fc0\" class=\"root-level-block repeating-row-of-three-boxes\">\n\n    <div class=\"container\">\n\n        <div class=\"grey-box-row\">\n                                <!-- Individual box container -->\n                    <div class=\"grey-text-box\">\n                                                    <img decoding=\"async\" width=\"96\" height=\"96\" src=\"https:\/\/sharebox.global\/wp-content\/uploads\/2025\/03\/icon_handpuzzlefeatures@96px.png\" class=\"icon\" alt=\"\" \/>                        \n                                                    <h3>Probleml\u00f6ser<\/h3>\n                                                \n                                                    <p>Sie freuen sich \u00fcber Herausforderungen, stellen die richtigen Fragen und ergreifen die Initiative, um verschiedene L\u00f6sungen zu finden.<\/p>\n                                            <\/div>\n                                    <!-- Individual box container -->\n                    <div class=\"grey-text-box\">\n                                                    <img decoding=\"async\" width=\"48\" height=\"48\" src=\"https:\/\/sharebox.global\/wp-content\/uploads\/2025\/03\/icon_smilespeech-bubble@48w.png\" class=\"icon\" alt=\"\" \/>                        \n                                                    <h3>Kommunikatoren<\/h3>\n                                                \n                                                    <p>Wir arbeiten in einem globalen Umfeld, daher m\u00fcssen Sie flie\u00dfend Englisch sprechen (und idealerweise die Landessprache).<\/p>\n                                            <\/div>\n                                    <!-- Individual box container -->\n                    <div class=\"grey-text-box\">\n                                                    <img decoding=\"async\" width=\"48\" height=\"48\" src=\"https:\/\/sharebox.global\/wp-content\/uploads\/2025\/03\/icon_monitorbookstudent@48.png\" class=\"icon\" alt=\"\" \/>                        \n                                                    <h3>Lebenslanges Lernen<\/h3>\n                                                \n                                                    <p>Ein Universit\u00e4tsabschluss ist zwar oft hilfreich, aber was wirklich z\u00e4hlt, ist die richtige Mischung aus F\u00e4higkeiten, Erfahrung und Leidenschaft.<\/p>\n                                            <\/div>\n                                    <\/div>\n    <\/div>    \n<\/div>\n\n\n<div id=\"image-with-title-and-description--block_00bd48416177ca206d72653f314ffaca\" class=\"root-level-block image-with-title-and-description\">\n    \n    <div class=\"container relative\">\n        <div class=\"halved-image-container\">\n                            <div class=\"halved-image\"><img decoding=\"async\" width=\"594\" height=\"390\" src=\"https:\/\/sharebox.global\/wp-content\/uploads\/2023\/05\/image-52-min.jpg\" class=\"attachment-large size-large\" alt=\"\" srcset=\"https:\/\/sharebox.global\/wp-content\/uploads\/2023\/05\/image-52-min.jpg 594w, https:\/\/sharebox.global\/wp-content\/uploads\/2023\/05\/image-52-min-300x197.jpg 300w\" sizes=\"(max-width: 594px) 100vw, 594px\" \/><\/div>\n            \n                            <div class=\"halved\">\n                    <div class=\"halved-type\">\n                                                    <h3>Verg\u00fcnstigungen und Vorteile<\/h3>\n                                                \n                                                    <ul style=\"margin-left: 0;\" class=\"custom-bullet-list\"><li>Unsere B\u00fcros verf\u00fcgen \u00fcber Sozialbereiche, eine Kantine und eine voll ausgestattete K\u00fcche f\u00fcr kurze Kaffeepausen oder Team-Lunches.<\/li><li>Nehmen Sie sich einen Moment Zeit, um sich in unserem komfortablen Lounge-Bereich mit Blick auf den Ozean zu erholen.<\/li><li>Morgenschwimmen gef\u00e4llig? Unsere Lage am Meer macht es Ihnen leicht, vor der Arbeit noch ein erfrischendes Bad zu nehmen.<\/li><\/ul>                                            <\/div>\n\n                                    <\/div>\n                    <\/div>\n    <\/div>\n<\/div>\n\n<div style=\"height:100px\" aria-hidden=\"true\" class=\"wp-block-spacer\"><\/div>\n\n<h2 class=\"wp-block-heading has-text-align-center\">Was wir anbieten<\/h2>\n\n<div style=\"height:100px\" aria-hidden=\"true\" class=\"wp-block-spacer\"><\/div>\n\n\n<div id=\"repeating-row-of-three-boxes--block_e0aa43203f8d0eb8c0988df39ed24867\" class=\"root-level-block repeating-row-of-three-boxes\">\n\n    <div class=\"container\">\n\n        <div class=\"grey-box-row\">\n                                <!-- Individual box container -->\n                    <div class=\"grey-text-box\">\n                        \n                                                    <h3>Spannende und herausfordernde Arbeit<\/h3>\n                                                \n                                                    <p>Als marktf\u00fchrendes Unternehmen in der Wachstumsphase bieten wir Ihnen dynamische Projekte, bei denen Sie lernen und wachsen k\u00f6nnen.<\/p>\n                                            <\/div>\n                                    <!-- Individual box container -->\n                    <div class=\"grey-text-box\">\n                        \n                                                    <h3>Engagiertes Lernen und Entwicklung<\/h3>\n                                                \n                                                    <p>Wir nehmen uns Zeit f\u00fcr Sie, um Ihre F\u00e4higkeiten zu erweitern, neue Tools kennenzulernen und \u00fcber die neuesten Trends auf dem Laufenden zu bleiben.<\/p>\n                                            <\/div>\n                                    <!-- Individual box container -->\n                    <div class=\"grey-text-box\">\n                        \n                                                    <h3>Gro\u00dfartige Teamkultur<\/h3>\n                                                \n                                                    <p>Sie werden mit unterst\u00fctzenden Kollegen zusammenarbeiten, die Vertrauen, Respekt und Humor am Arbeitsplatz sch\u00e4tzen.<\/p>\n                                            <\/div>\n                                                <!-- Individual box container -->\n                    <div class=\"grey-text-box\">\n                        \n                                                    <h3>Flexibilit\u00e4t im Arbeitsleben<\/h3>\n                                                \n                                                    <p>Genie\u00dfen Sie flexible Arbeitszeiten, die Ihnen helfen, Ihr Privatleben und Ihre beruflichen Ziele in Einklang zu bringen.<\/p>\n                                            <\/div>\n                                    <!-- Individual box container -->\n                    <div class=\"grey-text-box\">\n                        \n                                                    <h3>Wettbewerbsf\u00e4hige Verg\u00fctung<\/h3>\n                                                \n                                                    <p>Wir bieten attraktive Konditionen, die Ihren Beitrag belohnen.<\/p>\n                                            <\/div>\n                                    <\/div>\n    <\/div>    \n<\/div>\n\n","protected":false},"excerpt":{"rendered":"<p>Wen wir suchen Was wir anbieten<\/p>\n","protected":false},"author":1,"featured_media":0,"parent":0,"menu_order":0,"comment_status":"closed","ping_status":"closed","template":"","meta":{"_acf_changed":false,"content-type":"","inline_featured_image":false,"footnotes":""},"class_list":["post-44519","page","type-page","status-publish","hentry"],"acf":[],"yoast_head":"<!-- This site is optimized with the Yoast SEO plugin v27.4 - https:\/\/yoast.com\/product\/yoast-seo-wordpress\/ -->\n<title>Karriere bei Sharebox - Sharebox<\/title>\n<meta name=\"description\" content=\"Wir suchen nach talentierten, neugierigen Menschen, die sich daf\u00fcr begeistern, die richtigen Probleme zu finden und sie dann auf mutige, innovative Weise zu l\u00f6sen.\" \/>\n<meta name=\"robots\" content=\"index, follow, max-snippet:-1, max-image-preview:large, max-video-preview:-1\" \/>\n<link rel=\"canonical\" href=\"https:\/\/sharebox.global\/de\/karriere\/\" \/>\n<meta property=\"og:locale\" content=\"de_DE\" \/>\n<meta property=\"og:type\" content=\"article\" \/>\n<meta property=\"og:title\" content=\"Karriere bei Sharebox\" \/>\n<meta property=\"og:description\" content=\"Wir suchen nach talentierten, neugierigen Menschen, die sich daf\u00fcr begeistern, die richtigen Probleme zu finden und sie dann auf mutige, innovative Weise zu l\u00f6sen.\" \/>\n<meta property=\"og:url\" content=\"https:\/\/sharebox.global\/de\/karriere\/\" \/>\n<meta property=\"og:site_name\" content=\"Sharebox\" \/>\n<meta property=\"article:publisher\" content=\"https:\/\/www.facebook.com\/SHAREBOX.NO\/\" \/>\n<meta property=\"article:modified_time\" content=\"2025-05-07T07:34:31+00:00\" \/>\n<meta property=\"og:image\" content=\"https:\/\/sharebox.global\/wp-content\/uploads\/2025\/04\/Volkswagen-Nutzfahrzeuge-Service-Station-mit-Dach.png\" \/>\n\t<meta property=\"og:image:width\" content=\"1170\" \/>\n\t<meta property=\"og:image:height\" content=\"521\" \/>\n\t<meta property=\"og:image:type\" content=\"image\/png\" \/>\n<meta name=\"twitter:card\" content=\"summary_large_image\" \/>\n<script type=\"application\/ld+json\" class=\"yoast-schema-graph\">{\"@context\":\"https:\\\/\\\/schema.org\",\"@graph\":[{\"@type\":\"WebPage\",\"@id\":\"https:\\\/\\\/sharebox.global\\\/de\\\/karriere\\\/\",\"url\":\"https:\\\/\\\/sharebox.global\\\/de\\\/karriere\\\/\",\"name\":\"Karriere bei Sharebox - Sharebox\",\"isPartOf\":{\"@id\":\"https:\\\/\\\/sharebox.global\\\/de\\\/#website\"},\"datePublished\":\"2025-04-04T09:06:21+00:00\",\"dateModified\":\"2025-05-07T07:34:31+00:00\",\"description\":\"Wir suchen nach talentierten, neugierigen Menschen, die sich daf\u00fcr begeistern, die richtigen Probleme zu finden und sie dann auf mutige, innovative Weise zu l\u00f6sen.\",\"breadcrumb\":{\"@id\":\"https:\\\/\\\/sharebox.global\\\/de\\\/karriere\\\/#breadcrumb\"},\"inLanguage\":\"de\",\"potentialAction\":[{\"@type\":\"ReadAction\",\"target\":[\"https:\\\/\\\/sharebox.global\\\/de\\\/karriere\\\/\"]}]},{\"@type\":\"BreadcrumbList\",\"@id\":\"https:\\\/\\\/sharebox.global\\\/de\\\/karriere\\\/#breadcrumb\",\"itemListElement\":[{\"@type\":\"ListItem\",\"position\":1,\"name\":\"Home\",\"item\":\"https:\\\/\\\/sharebox.global\\\/de\\\/\"},{\"@type\":\"ListItem\",\"position\":2,\"name\":\"Karriere bei Sharebox\"}]},{\"@type\":\"WebSite\",\"@id\":\"https:\\\/\\\/sharebox.global\\\/de\\\/#website\",\"url\":\"https:\\\/\\\/sharebox.global\\\/de\\\/\",\"name\":\"Sharebox\",\"description\":\"Infrastructure for 24\\\/7 vehicle handover\",\"publisher\":{\"@id\":\"https:\\\/\\\/sharebox.global\\\/de\\\/#organization\"},\"potentialAction\":[{\"@type\":\"SearchAction\",\"target\":{\"@type\":\"EntryPoint\",\"urlTemplate\":\"https:\\\/\\\/sharebox.global\\\/de\\\/?s={search_term_string}\"},\"query-input\":{\"@type\":\"PropertyValueSpecification\",\"valueRequired\":true,\"valueName\":\"search_term_string\"}}],\"inLanguage\":\"de\"},{\"@type\":\"Organization\",\"@id\":\"https:\\\/\\\/sharebox.global\\\/de\\\/#organization\",\"name\":\"Sharebox\",\"url\":\"https:\\\/\\\/sharebox.global\\\/de\\\/\",\"logo\":{\"@type\":\"ImageObject\",\"inLanguage\":\"de\",\"@id\":\"https:\\\/\\\/sharebox.global\\\/de\\\/#\\\/schema\\\/logo\\\/image\\\/\",\"url\":\"https:\\\/\\\/sharebox.global\\\/wp-content\\\/uploads\\\/2024\\\/04\\\/Sharebox-logo-red-on-white-500px.png\",\"contentUrl\":\"https:\\\/\\\/sharebox.global\\\/wp-content\\\/uploads\\\/2024\\\/04\\\/Sharebox-logo-red-on-white-500px.png\",\"width\":450,\"height\":63,\"caption\":\"Sharebox\"},\"image\":{\"@id\":\"https:\\\/\\\/sharebox.global\\\/de\\\/#\\\/schema\\\/logo\\\/image\\\/\"},\"sameAs\":[\"https:\\\/\\\/www.facebook.com\\\/SHAREBOX.NO\\\/\",\"https:\\\/\\\/www.linkedin.com\\\/company\\\/sharebox-as\\\/\",\"https:\\\/\\\/www.youtube.com\\\/channel\\\/UCGwoGdfNeD59c2s4qhf0gLQ\"]}]}<\/script>\n<!-- \/ Yoast SEO plugin. -->","yoast_head_json":{"title":"Karriere bei Sharebox - Sharebox","description":"Wir suchen nach talentierten, neugierigen Menschen, die sich daf\u00fcr begeistern, die richtigen Probleme zu finden und sie dann auf mutige, innovative Weise zu l\u00f6sen.","robots":{"index":"index","follow":"follow","max-snippet":"max-snippet:-1","max-image-preview":"max-image-preview:large","max-video-preview":"max-video-preview:-1"},"canonical":"https:\/\/sharebox.global\/de\/karriere\/","og_locale":"de_DE","og_type":"article","og_title":"Karriere bei Sharebox","og_description":"Wir suchen nach talentierten, neugierigen Menschen, die sich daf\u00fcr begeistern, die richtigen Probleme zu finden und sie dann auf mutige, innovative Weise zu l\u00f6sen.","og_url":"https:\/\/sharebox.global\/de\/karriere\/","og_site_name":"Sharebox","article_publisher":"https:\/\/www.facebook.com\/SHAREBOX.NO\/","article_modified_time":"2025-05-07T07:34:31+00:00","og_image":[{"width":1170,"height":521,"url":"https:\/\/sharebox.global\/wp-content\/uploads\/2025\/04\/Volkswagen-Nutzfahrzeuge-Service-Station-mit-Dach.png","type":"image\/png"}],"twitter_card":"summary_large_image","schema":{"@context":"https:\/\/schema.org","@graph":[{"@type":"WebPage","@id":"https:\/\/sharebox.global\/de\/karriere\/","url":"https:\/\/sharebox.global\/de\/karriere\/","name":"Karriere bei Sharebox - Sharebox","isPartOf":{"@id":"https:\/\/sharebox.global\/de\/#website"},"datePublished":"2025-04-04T09:06:21+00:00","dateModified":"2025-05-07T07:34:31+00:00","description":"Wir suchen nach talentierten, neugierigen Menschen, die sich daf\u00fcr begeistern, die richtigen Probleme zu finden und sie dann auf mutige, innovative Weise zu l\u00f6sen.","breadcrumb":{"@id":"https:\/\/sharebox.global\/de\/karriere\/#breadcrumb"},"inLanguage":"de","potentialAction":[{"@type":"ReadAction","target":["https:\/\/sharebox.global\/de\/karriere\/"]}]},{"@type":"BreadcrumbList","@id":"https:\/\/sharebox.global\/de\/karriere\/#breadcrumb","itemListElement":[{"@type":"ListItem","position":1,"name":"Home","item":"https:\/\/sharebox.global\/de\/"},{"@type":"ListItem","position":2,"name":"Karriere bei Sharebox"}]},{"@type":"WebSite","@id":"https:\/\/sharebox.global\/de\/#website","url":"https:\/\/sharebox.global\/de\/","name":"Sharebox","description":"Infrastructure for 24\/7 vehicle handover","publisher":{"@id":"https:\/\/sharebox.global\/de\/#organization"},"potentialAction":[{"@type":"SearchAction","target":{"@type":"EntryPoint","urlTemplate":"https:\/\/sharebox.global\/de\/?s={search_term_string}"},"query-input":{"@type":"PropertyValueSpecification","valueRequired":true,"valueName":"search_term_string"}}],"inLanguage":"de"},{"@type":"Organization","@id":"https:\/\/sharebox.global\/de\/#organization","name":"Sharebox","url":"https:\/\/sharebox.global\/de\/","logo":{"@type":"ImageObject","inLanguage":"de","@id":"https:\/\/sharebox.global\/de\/#\/schema\/logo\/image\/","url":"https:\/\/sharebox.global\/wp-content\/uploads\/2024\/04\/Sharebox-logo-red-on-white-500px.png","contentUrl":"https:\/\/sharebox.global\/wp-content\/uploads\/2024\/04\/Sharebox-logo-red-on-white-500px.png","width":450,"height":63,"caption":"Sharebox"},"image":{"@id":"https:\/\/sharebox.global\/de\/#\/schema\/logo\/image\/"},"sameAs":["https:\/\/www.facebook.com\/SHAREBOX.NO\/","https:\/\/www.linkedin.com\/company\/sharebox-as\/","https:\/\/www.youtube.com\/channel\/UCGwoGdfNeD59c2s4qhf0gLQ"]}]}},"_links":{"self":[{"href":"https:\/\/sharebox.global\/de\/wp-json\/wp\/v2\/pages\/44519","targetHints":{"allow":["GET"]}}],"collection":[{"href":"https:\/\/sharebox.global\/de\/wp-json\/wp\/v2\/pages"}],"about":[{"href":"https:\/\/sharebox.global\/de\/wp-json\/wp\/v2\/types\/page"}],"author":[{"embeddable":true,"href":"https:\/\/sharebox.global\/de\/wp-json\/wp\/v2\/users\/1"}],"replies":[{"embeddable":true,"href":"https:\/\/sharebox.global\/de\/wp-json\/wp\/v2\/comments?post=44519"}],"version-history":[{"count":4,"href":"https:\/\/sharebox.global\/de\/wp-json\/wp\/v2\/pages\/44519\/revisions"}],"predecessor-version":[{"id":45502,"href":"https:\/\/sharebox.global\/de\/wp-json\/wp\/v2\/pages\/44519\/revisions\/45502"}],"wp:attachment":[{"href":"https:\/\/sharebox.global\/de\/wp-json\/wp\/v2\/media?parent=44519"}],"curies":[{"name":"wp","href":"https:\/\/api.w.org\/{rel}","templated":true}]}}