{"id":44522,"date":"2025-04-04T09:06:21","date_gmt":"2025-04-04T09:06:21","guid":{"rendered":"https:\/\/sharebox.global\/anwendungsfaelle\/autohaeuser\/"},"modified":"2025-04-10T07:19:02","modified_gmt":"2025-04-10T07:19:02","slug":"autohaeuser","status":"publish","type":"page","link":"https:\/\/sharebox.global\/de\/anwendungsfaelle\/autohaeuser\/","title":{"rendered":"Autoh\u00e4user"},"content":{"rendered":"\n<div id=\"masthead-block--block_78820788da87660a8be25aba1daea453\" class=\"root-level-block masthead-block\" style=\"\">\n\n    <div class=\"canvas container\">\n\n            <div class=\"canvas-left oversized-hands\">\n                                <h1>Professioneller und flexibler Schl\u00fcsselaustausch<\/h1>                                    <p>Sichere und anpassbare Schr\u00e4nke<br>f\u00fcr ein besseres Kundenerlebnis<\/p>                                                    <a class=\"wp-block-button__link btn-light\" href=\"\" target=\"_self\">\n                        Zeitplan Demo                    <\/a>\n                            <\/div>\n\n            <div class=\"canvas-right rounded-image has-onboarding\">\n            \n                            <\/div>\n\n    <\/div>\n\n<\/div>\n\n\n<div id=\"repeating-row-of-three-boxes--block_8784db878bfd81d292e01cddd5a3a6c4\" class=\"root-level-block repeating-row-of-three-boxes\">\n\n    <div class=\"container\">\n\n        <div class=\"grey-box-row\">\n                                <!-- Individual box container -->\n                    <div class=\"grey-text-box\">\n                                                    <img decoding=\"async\" width=\"1\" height=\"1\" src=\"https:\/\/sharebox.global\/wp-content\/uploads\/2022\/09\/streamlinehq-login-keys-interface-essential-40.svg\" class=\"icon\" alt=\"\" \/>                        \n                                                    <h3>Flexible Schl\u00fcssel\u00fcbergabe<\/h3>\n                                                \n                                                    <p>Customers access key cabinets with their phone when it best suits them.<\/p>\n                                            <\/div>\n                                    <!-- Individual box container -->\n                    <div class=\"grey-text-box\">\n                                                    <img decoding=\"async\" width=\"1\" height=\"1\" src=\"https:\/\/sharebox.global\/wp-content\/uploads\/2022\/09\/streamlinehq-shield-check-1-programing-apps-websites-40.svg\" class=\"icon\" alt=\"\" \/>                        \n                                                    <h3>Sicher und versichert zertifiziert<\/h3>\n                                                \n                                                    <p>Die Selbstbedienungsstationen im Freien sind sicher und diebstahlsicher.<\/p>\n                                            <\/div>\n                                    <!-- Individual box container -->\n                    <div class=\"grey-text-box\">\n                                                    <img decoding=\"async\" width=\"1\" height=\"1\" src=\"https:\/\/sharebox.global\/wp-content\/uploads\/2022\/09\/streamlinehq-color-brush-paint-1-design-40.svg\" class=\"icon\" alt=\"\" \/>                        \n                                                    <h3>Individuelles Design<\/h3>\n                                                \n                                                    <p>Die Schr\u00e4nke k\u00f6nnen mit Ihrem Design, Ihren Farben und Ihrem Logo versehen werden.<\/p>\n                                            <\/div>\n                                    <\/div>\n    <\/div>    \n<\/div>\n\n\n<div class=\"container relative root-level-block\">\n        \n        <div id=\"quote--block_4b0d967e75f81e050de8bac7fcfb9096\" class=\"root-level-block quote\">\n            <blockquote>     \n                <svg xmlns=\"http:\/\/www.w3.org\/2000\/svg\" width=\"48\" height=\"40\" viewBox=\"0 0 48 40\" fill=\"none\">\n                    <path d=\"M27.3488 39.907V25.9535C27.3488 19.2558 29.0233 13.5349 32.3721 8.79069C35.7209 4.04651 40.9302 1.11628 48 0V8.65116C43.907 9.2093 41.1163 10.6512 39.6279 12.9767C38.2326 15.2093 37.5349 18.4186 37.5349 22.6047L30.6977 21.2093H47.7209V39.907H27.3488ZM0 39.907V25.9535C0 19.2558 1.67442 13.5349 5.02326 8.79069C8.37209 4.04651 13.5814 1.11628 20.6512 0V8.65116C16.5581 9.2093 13.7674 10.6512 12.2791 12.9767C10.8837 15.2093 10.186 18.4186 10.186 22.6047L3.34884 21.2093H20.3721V39.907H0Z\" fill=\"#313130\"\/>\n                <\/svg>      \n                <p>Sharebox hat sich zu einer vollwertigen L\u00f6sung entwickelt, die uns bei der Abgabe und Abholung von Schl\u00fcsseln rund um die Uhr unterst\u00fctzt, einschlie\u00dflich Zahlungsl\u00f6sungen. So haben wir auch innerhalb der \u00d6ffnungszeiten einen vollst\u00e4ndigen \u00dcberblick \u00fcber die wichtigsten Abgabestellen. <\/p>\n                <cite>Kjetil Barli, Serviceleiter, Audi Volkswagen, Gromstad Auto, Norwegen<\/cite>\n            <\/blockquote>\n        <\/div>\n\n        \n<\/div>\n\n<div style=\"height:100px\" aria-hidden=\"true\" class=\"wp-block-spacer\"><\/div>\n\r\n<div id=\"image-coloured-background-width-text-block--block_be6fca9352b3e0aa84c4d87a16896943\" \r\n     class=\"root-level-block image-coloured-background-width-text-block breathing-space\" \r\n     >\r\n\r\n    <div class=\"container relative\">\r\n                    <div class=\"sidequest-image\"><img decoding=\"async\" width=\"1024\" height=\"768\" src=\"https:\/\/sharebox.global\/wp-content\/uploads\/2022\/11\/Sharebox_S_Cab_thumbnail_addedBG.jpg\" class=\"attachment-large size-large\" alt=\"\" srcset=\"https:\/\/sharebox.global\/wp-content\/uploads\/2022\/11\/Sharebox_S_Cab_thumbnail_addedBG.jpg 1200w, https:\/\/sharebox.global\/wp-content\/uploads\/2022\/11\/Sharebox_S_Cab_thumbnail_addedBG-300x225.jpg 300w, https:\/\/sharebox.global\/wp-content\/uploads\/2022\/11\/Sharebox_S_Cab_thumbnail_addedBG-768x576.jpg 768w\" sizes=\"(max-width: 1024px) 100vw, 1024px\" \/><\/div>\r\n        \r\n                <div class=\"sidequest\">\r\n            <div class=\"sidequest-type\">\r\n                                    <h2>Elegantes und minimalistisches Design<\/h2>\r\n                                \r\n\r\n                                            <p>Unsere Schr\u00e4nke bieten nicht nur erstklassige, von Versicherungsgesellschaften zertifizierte und diebstahlsichere Sicherheit, sondern auch ein elegantes und stilvolles Erscheinungsbild, das perfekt auf Ihr Branding abgestimmt werden kann.<\/p>                                    <\/div>\r\n            \r\n            \r\n                    <\/div>\r\n            <\/div>\r\n<\/div>\r\n\n<div id=\"features-1-3-column--block_b3122cc2e4c78b9d5c445d74636beb0e\" class=\"root-level-block features-1-3-column should-have-grey-background-color\">\n\n    \n    \n        <div class=\"container\">\n    \n            <h2 class=\"leading-title column-split-title text-center\">Ma\u00dfgeschneiderte Software f\u00fcr die Autoindustrie<\/h2>\n\n            <div class=\"column-split-grid\">\n\n                \n                <div class=\"column-split column-third\">\n                    <span class=\"column-title\">Inklusive<\/span>\n\n                    <ul class=\"column-list\"><li>10 Benutzer pro Standort<\/li>\n<li>Schl\u00fcsselabgabe<\/li>\n<li>Schl\u00fcsselabholung<\/li>\n<li>Bezahlung<\/li><\/ul>                <\/div>\n\n                <div class=\"column-split column-twothird\">\n\n                    <span class=\"column-title\">Zus\u00e4tzliche Merkmale<\/span>\n\n                    <ul class=\"column-count column-list\"><li>Online verbundene Infrastruktur<\/li>\n<li>Cloud-basiertes Portal zur Verwaltung der Customer Journeys<\/li>\n<li>Online verbundene Schr\u00e4nke <\/li>\n<li>SIM-Karten-GSM-Backup-Verbindung.<\/li>\n<li>Touchscreens f\u00fcr einfache Interaktion<\/li>\n<li>Individuelle Konfiguration zur Anpassung an die Unternehmensanforderungen<\/li>\n<li>API-Integrationen verf\u00fcgbar<\/li>\n<li>Online-Benutzerschulung<\/li>\n<li>Online-FAQ und Benutzerhandb\u00fccher<\/li>\n<li>24\/7-Benutzersupport per Telefon, Chat und E-Mail<\/li>\n<li>Support in Englisch, Deutsch, Franz\u00f6sisch, Italienisch, Spanisch und skandinavischen Sprachen<\/li><\/ul>\n                    <p class=\"column-additional\">Preis auf Anfrage erh\u00e4ltlich.<\/p>\n\n                <\/div>\n                \n                                \n            <\/div>\n            \n                            <div class=\"solo-button\">\n                    <a class=\"wp-block-button__link btn-light\" href=\"\">Wie es funktioniert<\/a>\n                <\/div>\n            \n        <\/div>    \n\n    \n<\/div>\n<div class=\"root-level-block\">\n    <div class=\"container\">\n        <div id=\"image-above-title-block--block_4cb3d434d1243f0cba369169f695b15f\" class=\"root-level-block image-above-title-block should-have-grey-background-color center-text-based\">\n            \n            \n            <div class=\"image-above-title-block-content\">\n                                    <h2>Kundenspezifisches Design und White-Labeling<\/h2>\n                \n                                    <p>Alle Schr\u00e4nke k\u00f6nnen mit Farben und Beschriftungen individuell gestaltet werden, damit sie zu Ihrem Branding und Design passen.  <\/p>\n                \n                            <\/div>\n        <\/div>\n    <\/div>\n<\/div>\n<div class=\"root-level-block\">\n    <div class=\"container\">\n        <div id=\"image-above-title-block--block_f67c52c5557b43cd050c8cf2510f8c35\" class=\"root-level-block image-above-title-block center-text-based\">\n            \n            \n            <div class=\"image-above-title-block-content\">\n                                    <h2>Reibungslose Benutzererfahrung<\/h2>\n                \n                                    <p>Eine einfache und intuitive Benutzeroberfl\u00e4che sowohl f\u00fcr Mitarbeiter als auch f\u00fcr Kunden. Buchen Sie eine kostenlose Demo, und wir zeigen Ihnen, wie einfach es ist. <\/p>\n                \n                            <\/div>\n        <\/div>\n    <\/div>\n<\/div>","protected":false},"excerpt":{"rendered":"","protected":false},"author":1,"featured_media":0,"parent":32399,"menu_order":0,"comment_status":"closed","ping_status":"closed","template":"","meta":{"_acf_changed":false,"content-type":"","inline_featured_image":false,"footnotes":""},"class_list":["post-44522","page","type-page","status-publish","hentry"],"acf":[],"yoast_head":"<!-- This site is optimized with the Yoast SEO plugin v27.4 - https:\/\/yoast.com\/product\/yoast-seo-wordpress\/ -->\n<title>Autoh\u00e4user - Sharebox<\/title>\n<meta name=\"robots\" content=\"index, follow, max-snippet:-1, max-image-preview:large, max-video-preview:-1\" \/>\n<link rel=\"canonical\" href=\"https:\/\/sharebox.global\/de\/anwendungsfaelle\/autohaeuser\/\" \/>\n<meta property=\"og:locale\" content=\"de_DE\" \/>\n<meta property=\"og:type\" content=\"article\" \/>\n<meta property=\"og:title\" content=\"Autoh\u00e4user - Sharebox\" \/>\n<meta property=\"og:url\" content=\"https:\/\/sharebox.global\/de\/anwendungsfaelle\/autohaeuser\/\" \/>\n<meta property=\"og:site_name\" content=\"Sharebox\" \/>\n<meta property=\"article:publisher\" content=\"https:\/\/www.facebook.com\/SHAREBOX.NO\/\" \/>\n<meta property=\"article:modified_time\" content=\"2025-04-10T07:19:02+00:00\" \/>\n<meta property=\"og:image\" content=\"https:\/\/sharebox.global\/wp-content\/uploads\/2025\/04\/Volkswagen-Nutzfahrzeuge-Service-Station-mit-Dach.png\" \/>\n\t<meta property=\"og:image:width\" content=\"1170\" \/>\n\t<meta property=\"og:image:height\" content=\"521\" \/>\n\t<meta property=\"og:image:type\" content=\"image\/png\" \/>\n<meta name=\"twitter:card\" content=\"summary_large_image\" \/>\n<script type=\"application\/ld+json\" class=\"yoast-schema-graph\">{\"@context\":\"https:\\\/\\\/schema.org\",\"@graph\":[{\"@type\":\"WebPage\",\"@id\":\"https:\\\/\\\/sharebox.global\\\/de\\\/anwendungsfaelle\\\/autohaeuser\\\/\",\"url\":\"https:\\\/\\\/sharebox.global\\\/de\\\/anwendungsfaelle\\\/autohaeuser\\\/\",\"name\":\"Autoh\u00e4user - Sharebox\",\"isPartOf\":{\"@id\":\"https:\\\/\\\/sharebox.global\\\/de\\\/#website\"},\"datePublished\":\"2025-04-04T09:06:21+00:00\",\"dateModified\":\"2025-04-10T07:19:02+00:00\",\"breadcrumb\":{\"@id\":\"https:\\\/\\\/sharebox.global\\\/de\\\/anwendungsfaelle\\\/autohaeuser\\\/#breadcrumb\"},\"inLanguage\":\"de\",\"potentialAction\":[{\"@type\":\"ReadAction\",\"target\":[\"https:\\\/\\\/sharebox.global\\\/de\\\/anwendungsfaelle\\\/autohaeuser\\\/\"]}]},{\"@type\":\"BreadcrumbList\",\"@id\":\"https:\\\/\\\/sharebox.global\\\/de\\\/anwendungsfaelle\\\/autohaeuser\\\/#breadcrumb\",\"itemListElement\":[{\"@type\":\"ListItem\",\"position\":1,\"name\":\"Home\",\"item\":\"https:\\\/\\\/sharebox.global\\\/de\\\/\"},{\"@type\":\"ListItem\",\"position\":2,\"name\":\"Anwendungsf\u00e4lle\",\"item\":\"https:\\\/\\\/sharebox.global\\\/de\\\/anwendungsfaelle\\\/\"},{\"@type\":\"ListItem\",\"position\":3,\"name\":\"Autoh\u00e4user\"}]},{\"@type\":\"WebSite\",\"@id\":\"https:\\\/\\\/sharebox.global\\\/de\\\/#website\",\"url\":\"https:\\\/\\\/sharebox.global\\\/de\\\/\",\"name\":\"Sharebox\",\"description\":\"Infrastructure for 24\\\/7 vehicle handover\",\"publisher\":{\"@id\":\"https:\\\/\\\/sharebox.global\\\/de\\\/#organization\"},\"potentialAction\":[{\"@type\":\"SearchAction\",\"target\":{\"@type\":\"EntryPoint\",\"urlTemplate\":\"https:\\\/\\\/sharebox.global\\\/de\\\/?s={search_term_string}\"},\"query-input\":{\"@type\":\"PropertyValueSpecification\",\"valueRequired\":true,\"valueName\":\"search_term_string\"}}],\"inLanguage\":\"de\"},{\"@type\":\"Organization\",\"@id\":\"https:\\\/\\\/sharebox.global\\\/de\\\/#organization\",\"name\":\"Sharebox\",\"url\":\"https:\\\/\\\/sharebox.global\\\/de\\\/\",\"logo\":{\"@type\":\"ImageObject\",\"inLanguage\":\"de\",\"@id\":\"https:\\\/\\\/sharebox.global\\\/de\\\/#\\\/schema\\\/logo\\\/image\\\/\",\"url\":\"https:\\\/\\\/sharebox.global\\\/wp-content\\\/uploads\\\/2024\\\/04\\\/Sharebox-logo-red-on-white-500px.png\",\"contentUrl\":\"https:\\\/\\\/sharebox.global\\\/wp-content\\\/uploads\\\/2024\\\/04\\\/Sharebox-logo-red-on-white-500px.png\",\"width\":450,\"height\":63,\"caption\":\"Sharebox\"},\"image\":{\"@id\":\"https:\\\/\\\/sharebox.global\\\/de\\\/#\\\/schema\\\/logo\\\/image\\\/\"},\"sameAs\":[\"https:\\\/\\\/www.facebook.com\\\/SHAREBOX.NO\\\/\",\"https:\\\/\\\/www.linkedin.com\\\/company\\\/sharebox-as\\\/\",\"https:\\\/\\\/www.youtube.com\\\/channel\\\/UCGwoGdfNeD59c2s4qhf0gLQ\"]}]}<\/script>\n<!-- \/ Yoast SEO plugin. -->","yoast_head_json":{"title":"Autoh\u00e4user - Sharebox","robots":{"index":"index","follow":"follow","max-snippet":"max-snippet:-1","max-image-preview":"max-image-preview:large","max-video-preview":"max-video-preview:-1"},"canonical":"https:\/\/sharebox.global\/de\/anwendungsfaelle\/autohaeuser\/","og_locale":"de_DE","og_type":"article","og_title":"Autoh\u00e4user - Sharebox","og_url":"https:\/\/sharebox.global\/de\/anwendungsfaelle\/autohaeuser\/","og_site_name":"Sharebox","article_publisher":"https:\/\/www.facebook.com\/SHAREBOX.NO\/","article_modified_time":"2025-04-10T07:19:02+00:00","og_image":[{"width":1170,"height":521,"url":"https:\/\/sharebox.global\/wp-content\/uploads\/2025\/04\/Volkswagen-Nutzfahrzeuge-Service-Station-mit-Dach.png","type":"image\/png"}],"twitter_card":"summary_large_image","schema":{"@context":"https:\/\/schema.org","@graph":[{"@type":"WebPage","@id":"https:\/\/sharebox.global\/de\/anwendungsfaelle\/autohaeuser\/","url":"https:\/\/sharebox.global\/de\/anwendungsfaelle\/autohaeuser\/","name":"Autoh\u00e4user - Sharebox","isPartOf":{"@id":"https:\/\/sharebox.global\/de\/#website"},"datePublished":"2025-04-04T09:06:21+00:00","dateModified":"2025-04-10T07:19:02+00:00","breadcrumb":{"@id":"https:\/\/sharebox.global\/de\/anwendungsfaelle\/autohaeuser\/#breadcrumb"},"inLanguage":"de","potentialAction":[{"@type":"ReadAction","target":["https:\/\/sharebox.global\/de\/anwendungsfaelle\/autohaeuser\/"]}]},{"@type":"BreadcrumbList","@id":"https:\/\/sharebox.global\/de\/anwendungsfaelle\/autohaeuser\/#breadcrumb","itemListElement":[{"@type":"ListItem","position":1,"name":"Home","item":"https:\/\/sharebox.global\/de\/"},{"@type":"ListItem","position":2,"name":"Anwendungsf\u00e4lle","item":"https:\/\/sharebox.global\/de\/anwendungsfaelle\/"},{"@type":"ListItem","position":3,"name":"Autoh\u00e4user"}]},{"@type":"WebSite","@id":"https:\/\/sharebox.global\/de\/#website","url":"https:\/\/sharebox.global\/de\/","name":"Sharebox","description":"Infrastructure for 24\/7 vehicle handover","publisher":{"@id":"https:\/\/sharebox.global\/de\/#organization"},"potentialAction":[{"@type":"SearchAction","target":{"@type":"EntryPoint","urlTemplate":"https:\/\/sharebox.global\/de\/?s={search_term_string}"},"query-input":{"@type":"PropertyValueSpecification","valueRequired":true,"valueName":"search_term_string"}}],"inLanguage":"de"},{"@type":"Organization","@id":"https:\/\/sharebox.global\/de\/#organization","name":"Sharebox","url":"https:\/\/sharebox.global\/de\/","logo":{"@type":"ImageObject","inLanguage":"de","@id":"https:\/\/sharebox.global\/de\/#\/schema\/logo\/image\/","url":"https:\/\/sharebox.global\/wp-content\/uploads\/2024\/04\/Sharebox-logo-red-on-white-500px.png","contentUrl":"https:\/\/sharebox.global\/wp-content\/uploads\/2024\/04\/Sharebox-logo-red-on-white-500px.png","width":450,"height":63,"caption":"Sharebox"},"image":{"@id":"https:\/\/sharebox.global\/de\/#\/schema\/logo\/image\/"},"sameAs":["https:\/\/www.facebook.com\/SHAREBOX.NO\/","https:\/\/www.linkedin.com\/company\/sharebox-as\/","https:\/\/www.youtube.com\/channel\/UCGwoGdfNeD59c2s4qhf0gLQ"]}]}},"_links":{"self":[{"href":"https:\/\/sharebox.global\/de\/wp-json\/wp\/v2\/pages\/44522","targetHints":{"allow":["GET"]}}],"collection":[{"href":"https:\/\/sharebox.global\/de\/wp-json\/wp\/v2\/pages"}],"about":[{"href":"https:\/\/sharebox.global\/de\/wp-json\/wp\/v2\/types\/page"}],"author":[{"embeddable":true,"href":"https:\/\/sharebox.global\/de\/wp-json\/wp\/v2\/users\/1"}],"replies":[{"embeddable":true,"href":"https:\/\/sharebox.global\/de\/wp-json\/wp\/v2\/comments?post=44522"}],"version-history":[{"count":1,"href":"https:\/\/sharebox.global\/de\/wp-json\/wp\/v2\/pages\/44522\/revisions"}],"predecessor-version":[{"id":44528,"href":"https:\/\/sharebox.global\/de\/wp-json\/wp\/v2\/pages\/44522\/revisions\/44528"}],"up":[{"embeddable":true,"href":"https:\/\/sharebox.global\/de\/wp-json\/wp\/v2\/pages\/32399"}],"wp:attachment":[{"href":"https:\/\/sharebox.global\/de\/wp-json\/wp\/v2\/media?parent=44522"}],"curies":[{"name":"wp","href":"https:\/\/api.w.org\/{rel}","templated":true}]}}