{"id":44538,"date":"2025-04-04T09:06:21","date_gmt":"2025-04-04T09:06:21","guid":{"rendered":"https:\/\/sharebox.global\/kontakt\/"},"modified":"2026-03-03T11:58:00","modified_gmt":"2026-03-03T11:58:00","slug":"kontakt","status":"publish","type":"page","link":"https:\/\/sharebox.global\/de\/kontakt\/","title":{"rendered":"Kontaktieren Sie unser Verkaufsteam"},"content":{"rendered":"\n<div style=\"height:100px\" aria-hidden=\"true\" class=\"wp-block-spacer\"><\/div>\n\n<div id=\"title-block--block_70f3c806e71938913894c4ab95c6c721\" class=\"root-level-block title-block center-text-based\">\n\n    \n<!-- Whitespace to be determined -->\n    <div class=\"container\" style=\"padding-top: var(--spacing-m);\">\n        <h1>Planen Sie Ihren Wechsel zu einem 24\/7 unbeaufsichtigten Betrieb<\/h1>        <p>Sprechen Sie mit einem Sharebox-Spezialisten dar\u00fcber, wie H\u00e4ndlerkonzerne und Vermietungsnetzwerke ihre Kapazit\u00e4ten erh\u00f6hen, den Personaldruck verringern und die \u00dcbergabe an verschiedenen Standorten standardisieren k\u00f6nnen.<\/p>            <\/div>\n\n<\/div>\n\n<div class=\"wp-block-columns is-layout-flex wp-container-core-columns-is-layout-9d6595d7 wp-block-columns-is-layout-flex\">\n<div class=\"wp-block-column is-content-justification-center is-layout-constrained wp-container-core-column-is-layout-ee248e3d wp-block-column-is-layout-constrained\">\n<h2 class=\"wp-block-heading has-text-align-center\"><strong>Was Sie bekommen<\/strong><\/h2>\n\n\n\n<ul class=\"wp-block-list\">\n<li>Eine kurze operative Konsultation<\/li>\n\n\n\n<li>Empfehlungen basierend auf Ihrem Volumen und Ihren Standorten<\/li>\n\n\n\n<li>Ein optionaler Live-Durchgang<\/li>\n\n\n\n<li>Klare n\u00e4chste Schritte &#8211; keine Verpflichtung<\/li>\n<\/ul>\n<\/div>\n<\/div>\n\n<div style=\"height:100px\" aria-hidden=\"true\" class=\"wp-block-spacer\"><\/div>\n\n<div class=\"wp-block-columns has-beige-background-color has-background is-layout-flex wp-container-core-columns-is-layout-9d6595d7 wp-block-columns-is-layout-flex\">\n<div class=\"wp-block-column is-content-justification-center is-layout-constrained wp-container-core-column-is-layout-7952d241 wp-block-column-is-layout-constrained\">\n<div style=\"height:32px\" aria-hidden=\"true\" class=\"wp-block-spacer\"><\/div>\n\n\n\n<script charset=\"utf-8\" type=\"text\/javascript\" src=\"\/\/js-eu1.hsforms.net\/forms\/embed\/v2.js\"><\/script><script>hbspt.forms.create({\n    portalId: \"145543298\",\n    formId: \"455e6e67-fc3d-4ec0-8db0-7e2d0d509a73\",\n    region: \"eu1\"\n  });\n<\/script>\n<\/div>\n<\/div>\n","protected":false},"excerpt":{"rendered":"<p>Was Sie bekommen<\/p>\n","protected":false},"author":1,"featured_media":0,"parent":0,"menu_order":0,"comment_status":"closed","ping_status":"closed","template":"","meta":{"_acf_changed":false,"content-type":"","inline_featured_image":false,"footnotes":""},"class_list":["post-44538","page","type-page","status-publish","hentry"],"acf":[],"yoast_head":"<!-- This site is optimized with the Yoast SEO plugin v27.4 - https:\/\/yoast.com\/product\/yoast-seo-wordpress\/ -->\n<title>Kontaktieren Sie unser Verkaufsteam - Sharebox<\/title>\n<meta name=\"description\" content=\"Sprechen Sie uns an und entdecken Sie, wie Sharebox Ihre Abl\u00e4ufe rationalisieren und die Kundenzufriedenheit verbessern kann.\" \/>\n<meta name=\"robots\" content=\"index, follow, max-snippet:-1, max-image-preview:large, max-video-preview:-1\" \/>\n<link rel=\"canonical\" href=\"https:\/\/sharebox.global\/de\/kontakt\/\" \/>\n<meta property=\"og:locale\" content=\"de_DE\" \/>\n<meta property=\"og:type\" content=\"article\" \/>\n<meta property=\"og:title\" content=\"Kontaktieren Sie unser Verkaufsteam\" \/>\n<meta property=\"og:description\" content=\"Sprechen Sie uns an und entdecken Sie, wie Sharebox Ihre Abl\u00e4ufe rationalisieren und die Kundenzufriedenheit verbessern kann.\" \/>\n<meta property=\"og:url\" content=\"https:\/\/sharebox.global\/de\/kontakt\/\" \/>\n<meta property=\"og:site_name\" content=\"Sharebox\" \/>\n<meta property=\"article:publisher\" content=\"https:\/\/www.facebook.com\/SHAREBOX.NO\/\" \/>\n<meta property=\"article:modified_time\" content=\"2026-03-03T11:58:00+00:00\" \/>\n<meta property=\"og:image\" content=\"https:\/\/sharebox.global\/wp-content\/uploads\/2025\/04\/Volkswagen-Nutzfahrzeuge-Service-Station-mit-Dach.png\" \/>\n\t<meta property=\"og:image:width\" content=\"1170\" \/>\n\t<meta property=\"og:image:height\" content=\"521\" \/>\n\t<meta property=\"og:image:type\" content=\"image\/png\" \/>\n<meta name=\"twitter:card\" content=\"summary_large_image\" \/>\n<script type=\"application\/ld+json\" class=\"yoast-schema-graph\">{\"@context\":\"https:\\\/\\\/schema.org\",\"@graph\":[{\"@type\":\"WebPage\",\"@id\":\"https:\\\/\\\/sharebox.global\\\/de\\\/kontakt\\\/\",\"url\":\"https:\\\/\\\/sharebox.global\\\/de\\\/kontakt\\\/\",\"name\":\"Kontaktieren Sie unser Verkaufsteam - Sharebox\",\"isPartOf\":{\"@id\":\"https:\\\/\\\/sharebox.global\\\/de\\\/#website\"},\"datePublished\":\"2025-04-04T09:06:21+00:00\",\"dateModified\":\"2026-03-03T11:58:00+00:00\",\"description\":\"Sprechen Sie uns an und entdecken Sie, wie Sharebox Ihre Abl\u00e4ufe rationalisieren und die Kundenzufriedenheit verbessern kann.\",\"breadcrumb\":{\"@id\":\"https:\\\/\\\/sharebox.global\\\/de\\\/kontakt\\\/#breadcrumb\"},\"inLanguage\":\"de\",\"potentialAction\":[{\"@type\":\"ReadAction\",\"target\":[\"https:\\\/\\\/sharebox.global\\\/de\\\/kontakt\\\/\"]}]},{\"@type\":\"BreadcrumbList\",\"@id\":\"https:\\\/\\\/sharebox.global\\\/de\\\/kontakt\\\/#breadcrumb\",\"itemListElement\":[{\"@type\":\"ListItem\",\"position\":1,\"name\":\"Home\",\"item\":\"https:\\\/\\\/sharebox.global\\\/de\\\/\"},{\"@type\":\"ListItem\",\"position\":2,\"name\":\"Kontaktieren Sie unser Verkaufsteam\"}]},{\"@type\":\"WebSite\",\"@id\":\"https:\\\/\\\/sharebox.global\\\/de\\\/#website\",\"url\":\"https:\\\/\\\/sharebox.global\\\/de\\\/\",\"name\":\"Sharebox\",\"description\":\"Infrastructure for 24\\\/7 vehicle handover\",\"publisher\":{\"@id\":\"https:\\\/\\\/sharebox.global\\\/de\\\/#organization\"},\"potentialAction\":[{\"@type\":\"SearchAction\",\"target\":{\"@type\":\"EntryPoint\",\"urlTemplate\":\"https:\\\/\\\/sharebox.global\\\/de\\\/?s={search_term_string}\"},\"query-input\":{\"@type\":\"PropertyValueSpecification\",\"valueRequired\":true,\"valueName\":\"search_term_string\"}}],\"inLanguage\":\"de\"},{\"@type\":\"Organization\",\"@id\":\"https:\\\/\\\/sharebox.global\\\/de\\\/#organization\",\"name\":\"Sharebox\",\"url\":\"https:\\\/\\\/sharebox.global\\\/de\\\/\",\"logo\":{\"@type\":\"ImageObject\",\"inLanguage\":\"de\",\"@id\":\"https:\\\/\\\/sharebox.global\\\/de\\\/#\\\/schema\\\/logo\\\/image\\\/\",\"url\":\"https:\\\/\\\/sharebox.global\\\/wp-content\\\/uploads\\\/2024\\\/04\\\/Sharebox-logo-red-on-white-500px.png\",\"contentUrl\":\"https:\\\/\\\/sharebox.global\\\/wp-content\\\/uploads\\\/2024\\\/04\\\/Sharebox-logo-red-on-white-500px.png\",\"width\":450,\"height\":63,\"caption\":\"Sharebox\"},\"image\":{\"@id\":\"https:\\\/\\\/sharebox.global\\\/de\\\/#\\\/schema\\\/logo\\\/image\\\/\"},\"sameAs\":[\"https:\\\/\\\/www.facebook.com\\\/SHAREBOX.NO\\\/\",\"https:\\\/\\\/www.linkedin.com\\\/company\\\/sharebox-as\\\/\",\"https:\\\/\\\/www.youtube.com\\\/channel\\\/UCGwoGdfNeD59c2s4qhf0gLQ\"]}]}<\/script>\n<!-- \/ Yoast SEO plugin. -->","yoast_head_json":{"title":"Kontaktieren Sie unser Verkaufsteam - Sharebox","description":"Sprechen Sie uns an und entdecken Sie, wie Sharebox Ihre Abl\u00e4ufe rationalisieren und die Kundenzufriedenheit verbessern kann.","robots":{"index":"index","follow":"follow","max-snippet":"max-snippet:-1","max-image-preview":"max-image-preview:large","max-video-preview":"max-video-preview:-1"},"canonical":"https:\/\/sharebox.global\/de\/kontakt\/","og_locale":"de_DE","og_type":"article","og_title":"Kontaktieren Sie unser Verkaufsteam","og_description":"Sprechen Sie uns an und entdecken Sie, wie Sharebox Ihre Abl\u00e4ufe rationalisieren und die Kundenzufriedenheit verbessern kann.","og_url":"https:\/\/sharebox.global\/de\/kontakt\/","og_site_name":"Sharebox","article_publisher":"https:\/\/www.facebook.com\/SHAREBOX.NO\/","article_modified_time":"2026-03-03T11:58:00+00:00","og_image":[{"width":1170,"height":521,"url":"https:\/\/sharebox.global\/wp-content\/uploads\/2025\/04\/Volkswagen-Nutzfahrzeuge-Service-Station-mit-Dach.png","type":"image\/png"}],"twitter_card":"summary_large_image","schema":{"@context":"https:\/\/schema.org","@graph":[{"@type":"WebPage","@id":"https:\/\/sharebox.global\/de\/kontakt\/","url":"https:\/\/sharebox.global\/de\/kontakt\/","name":"Kontaktieren Sie unser Verkaufsteam - Sharebox","isPartOf":{"@id":"https:\/\/sharebox.global\/de\/#website"},"datePublished":"2025-04-04T09:06:21+00:00","dateModified":"2026-03-03T11:58:00+00:00","description":"Sprechen Sie uns an und entdecken Sie, wie Sharebox Ihre Abl\u00e4ufe rationalisieren und die Kundenzufriedenheit verbessern kann.","breadcrumb":{"@id":"https:\/\/sharebox.global\/de\/kontakt\/#breadcrumb"},"inLanguage":"de","potentialAction":[{"@type":"ReadAction","target":["https:\/\/sharebox.global\/de\/kontakt\/"]}]},{"@type":"BreadcrumbList","@id":"https:\/\/sharebox.global\/de\/kontakt\/#breadcrumb","itemListElement":[{"@type":"ListItem","position":1,"name":"Home","item":"https:\/\/sharebox.global\/de\/"},{"@type":"ListItem","position":2,"name":"Kontaktieren Sie unser Verkaufsteam"}]},{"@type":"WebSite","@id":"https:\/\/sharebox.global\/de\/#website","url":"https:\/\/sharebox.global\/de\/","name":"Sharebox","description":"Infrastructure for 24\/7 vehicle handover","publisher":{"@id":"https:\/\/sharebox.global\/de\/#organization"},"potentialAction":[{"@type":"SearchAction","target":{"@type":"EntryPoint","urlTemplate":"https:\/\/sharebox.global\/de\/?s={search_term_string}"},"query-input":{"@type":"PropertyValueSpecification","valueRequired":true,"valueName":"search_term_string"}}],"inLanguage":"de"},{"@type":"Organization","@id":"https:\/\/sharebox.global\/de\/#organization","name":"Sharebox","url":"https:\/\/sharebox.global\/de\/","logo":{"@type":"ImageObject","inLanguage":"de","@id":"https:\/\/sharebox.global\/de\/#\/schema\/logo\/image\/","url":"https:\/\/sharebox.global\/wp-content\/uploads\/2024\/04\/Sharebox-logo-red-on-white-500px.png","contentUrl":"https:\/\/sharebox.global\/wp-content\/uploads\/2024\/04\/Sharebox-logo-red-on-white-500px.png","width":450,"height":63,"caption":"Sharebox"},"image":{"@id":"https:\/\/sharebox.global\/de\/#\/schema\/logo\/image\/"},"sameAs":["https:\/\/www.facebook.com\/SHAREBOX.NO\/","https:\/\/www.linkedin.com\/company\/sharebox-as\/","https:\/\/www.youtube.com\/channel\/UCGwoGdfNeD59c2s4qhf0gLQ"]}]}},"_links":{"self":[{"href":"https:\/\/sharebox.global\/de\/wp-json\/wp\/v2\/pages\/44538","targetHints":{"allow":["GET"]}}],"collection":[{"href":"https:\/\/sharebox.global\/de\/wp-json\/wp\/v2\/pages"}],"about":[{"href":"https:\/\/sharebox.global\/de\/wp-json\/wp\/v2\/types\/page"}],"author":[{"embeddable":true,"href":"https:\/\/sharebox.global\/de\/wp-json\/wp\/v2\/users\/1"}],"replies":[{"embeddable":true,"href":"https:\/\/sharebox.global\/de\/wp-json\/wp\/v2\/comments?post=44538"}],"version-history":[{"count":5,"href":"https:\/\/sharebox.global\/de\/wp-json\/wp\/v2\/pages\/44538\/revisions"}],"predecessor-version":[{"id":48785,"href":"https:\/\/sharebox.global\/de\/wp-json\/wp\/v2\/pages\/44538\/revisions\/48785"}],"wp:attachment":[{"href":"https:\/\/sharebox.global\/de\/wp-json\/wp\/v2\/media?parent=44538"}],"curies":[{"name":"wp","href":"https:\/\/api.w.org\/{rel}","templated":true}]}}