{"id":44547,"date":"2025-04-04T09:06:21","date_gmt":"2025-04-04T09:06:21","guid":{"rendered":"https:\/\/sharebox.global\/kundenbetreuung\/"},"modified":"2025-04-10T07:19:06","modified_gmt":"2025-04-10T07:19:06","slug":"kundenbetreuung","status":"publish","type":"page","link":"https:\/\/sharebox.global\/de\/kundenbetreuung\/","title":{"rendered":"Kundenbetreuung"},"content":{"rendered":"\n<h2 class=\"wp-block-heading has-text-align-center\">Leitfaden f\u00fcr den Einstieg<\/h2>\n\n<p class=\"has-text-align-center\"><strong><em>Willkommen bei Sharebox! Sind Sie bereit, Ihre Abl\u00e4ufe zu rationalisieren? Beginnen Sie mit der Einrichtung Ihres Selbstbedienungskiosks mit unserer leicht verst\u00e4ndlichen Installationsanleitung. Laden Sie Ihr Benutzerhandbuch herunter und sehen Sie sich unser Video-Tutorial an, damit Sie im Handumdrehen loslegen k\u00f6nnen.   <\/em>.<\/strong><\/p>\n\n<p class=\"has-text-align-center\"><strong>Einf\u00fchrung in Sharebox Kioske<\/strong>: Ein kurzer \u00dcberblick \u00fcber die <a href=\"https:\/\/sharebox.global\/secure-key-cabinets\/https:\/\/sharebox.global\/secure-key-cabinets\/\" target=\"_blank\" rel=\"noreferrer noopener\">Sharebox-Selbstbedienungskioske<\/a>, ihre Funktionen und wie sie in verschiedenen Kontexten in der Automobilindustrie eingesetzt werden k\u00f6nnen.<\/p>\n\n<p class=\"has-text-align-center\"><strong>Anleitungen zur Standortbestimmung und Einrichtung<\/strong>: Schritt-f\u00fcr-Schritt-Anleitungen zu <a href=\"https:\/\/sharebox.global\/site-surveys\/\" target=\"_blank\" rel=\"noreferrer noopener\">Standortuntersuchungen<\/a> und zur Einrichtung eines Sharebox-Kiosks, einschlie\u00dflich <a href=\"https:\/\/sharebox.global\/site-installation\/\" target=\"_blank\" rel=\"noreferrer noopener\">Installationshandb\u00fcchern<\/a>, Konfigurationstipps und allgemeinen Schritten zur Fehlerbehebung.<\/p>\n\n<p class=\"has-text-align-center\"><strong>Benutzerhandb\u00fccher<\/strong>: Herunterladbare PDF-Handb\u00fccher f\u00fcr verschiedene Sharebox-Modelle mit detaillierten Anweisungen zu Verwendung, Einstellungen und Wartung.<\/p>\n\n<h2 class=\"wp-block-heading has-text-align-center\">FAQ-Bereich<\/h2>\n\n<p class=\"has-text-align-center\"><strong><em>Haben Sie Fragen? Wir haben die Antworten! Vom Zur\u00fccksetzen Ihres Kiosks bis zum Verst\u00e4ndnis Ihres Abonnementplans &#8211; in unserem FAQ-Bereich finden Sie alles. Suchen Sie einfach nach Ihrer Frage oder bl\u00e4ttern Sie durch unsere Kategorien   <\/em>.<\/strong><\/p>\n\n<p class=\"has-text-align-center\"><strong>Allgemeine Fragen<\/strong>: Eine Liste <a href=\"https:\/\/blog.sharebox.global\/frequently-asked-questions-faq\" target=\"_blank\" rel=\"noreferrer noopener\">h\u00e4ufig gestellter Fragen<\/a>, geordnet nach Themen (z.B. Einrichtung, Bedienung, Fehlerbehebung, Abrechnung).<\/p>\n\n<p class=\"has-text-align-center\"><strong>Durchsuchbare Datenbank<\/strong>: Eine Suchfunktion, mit der Benutzer schnell Antworten auf bestimmte Fragen finden k\u00f6nnen.<\/p>\n\n<h2 class=\"wp-block-heading has-text-align-center\">Anleitungen zur Fehlerbehebung<\/h2>\n\n<p class=\"has-text-align-center\"><strong><em>Haben Sie Probleme? Keine Sorge, wir sind hier, um Ihnen zu helfen. In unseren Anleitungen zur Fehlerbehebung finden Sie schnelle L\u00f6sungen f\u00fcr h\u00e4ufige Probleme mit Ihrem Sharebox Kiosk. Ob es sich um ein Verbindungsproblem oder einen Softwarefehler handelt, wir haben die L\u00f6sung   <\/em>.<\/strong><\/p>\n\n<p><strong>H\u00e4ufige Probleme &amp; L\u00f6sungen<\/strong>: Ein detaillierter Leitfaden zur L\u00f6sung h\u00e4ufiger technischer Probleme, wie Verbindungsprobleme, Fehler bei der Zahlungsabwicklung oder Software-Updates.<\/p>\n\n<p><strong>Schritt-f\u00fcr-Schritt-Fehlerbehebung<\/strong>: Interaktive Anleitungen oder Entscheidungsb\u00e4ume, die Benutzern helfen, Probleme selbst zu diagnostizieren und zu beheben.<\/p>\n\n<h2 class=\"wp-block-heading has-text-align-center\">Kontakt zur Unterst\u00fctzung<\/h2>\n\n<p><strong><em>Ben\u00f6tigen Sie Hilfe? Unser Support-Team ist nur einen Klick entfernt. Senden Sie uns ein Ticket, chatten Sie mit uns live oder rufen Sie uns an. Wir sind 24\/7 f\u00fcr Sie da und sorgen daf\u00fcr, dass Ihr Betrieb reibungslos l\u00e4uft.   <\/em>.<\/strong><\/p>\n\n<p class=\"has-text-align-center\"><strong>Support-Ticket-System<\/strong>: Ein benutzerfreundliches Formular zum Einreichen von Support-Tickets mit Feldern f\u00fcr Details wie die Art des Problems, die Dringlichkeit und die bevorzugte Kontaktmethode.<\/p>\n\n<p><strong>Live-Chat<\/strong>: Eine Echtzeit-Chat-Funktion, \u00fcber die Kunden mit einem Support-Mitarbeiter in Verbindung treten k\u00f6nnen, um sofortige Hilfe zu erhalten.<\/p>\n\n<p class=\"has-text-align-center\"><strong>Telefon- und E-Mail-Support<\/strong>: Kontaktinformationen, um <a href=\"https:\/\/sharebox.global\/support\/\" target=\"_blank\" rel=\"noreferrer noopener\">das Support-Team telefonisch unter +47 4043 444 oder per E-Mail an support@sharebox.no zu erreichen<\/a>, mit Informationen \u00fcber Verf\u00fcgbarkeit und Reaktionszeiten.<\/p>\n\n<h2 class=\"wp-block-heading has-text-align-center\">Ausbildung und Ressourcen<\/h2>\n\n<p class=\"has-text-align-center\"><em><strong>Sie m\u00f6chten Ihren Sharebox Kiosk beherrschen? Nutzen Sie unsere Schulungsressourcen, einschlie\u00dflich Video-Tutorials und Live-Webinaren, um ein Profi zu werden. In unserer Wissensdatenbank finden Sie Expertentipps und Best Practices.  <\/strong><\/em><\/p>\n\n<p class=\"has-text-align-center\"><strong>Video-Tutorials<\/strong>: Eine Bibliothek mit <a href=\"https:\/\/sharebox.global\/site-training\/\" target=\"_blank\" rel=\"noreferrer noopener\">Video-Tutorials<\/a> zu verschiedenen Aspekten der Verwendung von Sharebox Kiosks, von grundlegenden Operationen bis hin zu erweiterten Funktionen.<\/p>\n\n<p class=\"has-text-align-center\"><strong>Webinare und Workshops<\/strong>: Informationen \u00fcber bevorstehende Live-Webinare oder Workshops, in denen Benutzer mehr \u00fcber das Produkt erfahren und in Echtzeit Fragen stellen k\u00f6nnen.<\/p>\n\n<p class=\"has-text-align-center\"><strong>Wissensdatenbank<\/strong>: Eine umfassende <a href=\"https:\/\/knowledge.sharebox.global\/\" target=\"_blank\" rel=\"noreferrer noopener\">Bibliothek mit Artikeln, Whitepapers und Leitf\u00e4den<\/a>, die detailliertes Wissen \u00fcber die Verwendung und Optimierung von Sharebox-L\u00f6sungen vermitteln.<\/p>\n\n<h2 class=\"wp-block-heading has-text-align-center\">Kunden-Erfolgsgeschichten<\/h2>\n\n<p class=\"has-text-align-center\"><strong><em>Sehen Sie, wie Unternehmen wie Ihres mit Sharebox ihre Abl\u00e4ufe revolutionieren. Lesen Sie die Erfolgsgeschichten unserer Kunden und entdecken Sie, wie unsere Kioske etwas bewirken <\/em>.<\/strong><\/p>\n\n<p class=\"has-text-align-center\"><strong>Fallstudien<\/strong>: Detaillierte Fallstudien, die zeigen, wie andere Unternehmen <a href=\"https:\/\/sharebox.global\/success-stories\/\" target=\"_blank\" rel=\"noreferrer noopener\">Sharebox-Kioske erfolgreich implementiert<\/a> haben und welche Vorteile sie daraus gezogen haben.<\/p>\n\n<p class=\"has-text-align-center\"><strong>Erfahrungsberichte<\/strong>: Erfahrungsberichte von Kunden, die ihre Erfahrungen mit dem Sharebox-Support und der Effektivit\u00e4t des Produkts schildern.<\/p>\n\n<h2 class=\"wp-block-heading has-text-align-center\">Service und Wartung<\/h2>\n\n<p class=\"has-text-align-center\"><em><strong>Sorgen Sie mit unseren Wartungspl\u00e4nen daf\u00fcr, dass Ihr Sharebox Kiosk reibungslos funktioniert. Beantragen Sie online einen Service, und unser Team sorgt daf\u00fcr, dass alles in bester Ordnung ist. <\/strong><\/em><\/p>\n\n<p class=\"has-text-align-center\"><strong>Wartungspl\u00e4ne<\/strong>: Informationen zu den verf\u00fcgbaren Wartungspl\u00e4nen, einschlie\u00dflich der Leistungen und wie Sie sich anmelden k\u00f6nnen.<\/p>\n\n<p class=\"has-text-align-center\"><strong>Serviceanfragen<\/strong>: Ein Formular f\u00fcr die Planung von Wartungsarbeiten oder die Anforderung von Reparaturen, mit Optionen f\u00fcr die Auswahl der Art der ben\u00f6tigten Dienstleistung und der bevorzugten Zeitpunkte f\u00fcr die Planung.<\/p>\n\n<h2 class=\"wp-block-heading has-text-align-center\">Produktaktualisierungen und Ank\u00fcndigungen von Softwareversionen<\/h2>\n\n<p class=\"has-text-align-center\"><strong><em>Bleiben Sie auf dem Laufenden mit dem Neuesten von Sharebox! Sehen Sie sich unsere aktuellen Software-Updates an und entdecken Sie neue Funktionen, die unsere Kioske noch leistungsf\u00e4higer machen <\/em>.<\/strong><\/p>\n\n<p class=\"has-text-align-center\"><strong>Software-Aktualisierungen<\/strong>: Informationen \u00fcber die neuesten Software-Updates, einschlie\u00dflich der Neuerungen, der Installation der Updates und bekannter Probleme.<\/p>\n\n<p class=\"has-text-align-center\"><strong>Neue Funktionen<\/strong>: Ank\u00fcndigungen \u00fcber neue Funktionen oder Produkte, die das Sharebox-Erlebnis verbessern.<\/p>\n\n<h2 class=\"wp-block-heading has-text-align-center\">Compliance und Sicherheit<\/h2>\n\n<p class=\"has-text-align-center\"><strong><em>Ihre Sicherheit ist unsere Priorit\u00e4t. Erfahren Sie mehr \u00fcber unsere robusten Sicherheitsma\u00dfnahmen und Compliance-Standards, die Ihre Daten bei Sharebox sch\u00fctzen <\/em>.<\/strong><\/p>\n\n<p class=\"has-text-align-center\"><strong>Sicherheitsrichtlinien<\/strong>: Detaillierte Informationen \u00fcber die Sicherheitsma\u00dfnahmen zum Schutz der Kundendaten und zur Gew\u00e4hrleistung des sicheren Betriebs der Sharebox-Kioske.<\/p>\n\n<p class=\"has-text-align-center\"><strong>Informationen zur Einhaltung von Vorschriften<\/strong>: Informationen dar\u00fcber, wie Sharebox-L\u00f6sungen die Branchenvorschriften, wie z.B. GDPR, und andere relevante Standards einhalten.<\/p>\n\n<p class=\"has-text-align-center\"><em>In diesen Abschnitten finden Sie alle Informationen und Tools, die Sie f\u00fcr die effektive Nutzung von Sharebox Kiosks ben\u00f6tigen, und erhalten bei Bedarf auch Unterst\u00fctzung. Durch diese Art der Organisation der Inhalte haben Sie jederzeit Zugriff auf einen benutzerfreundlichen und informativen Support-Bereich, der Ihre Zufriedenheit steigert. <\/em><\/p>\n","protected":false},"excerpt":{"rendered":"<p>Leitfaden f\u00fcr den Einstieg Willkommen bei Sharebox! Sind Sie bereit, Ihre Abl\u00e4ufe zu rationalisieren? Beginnen Sie mit der Einrichtung Ihres Selbstbedienungskiosks mit unserer leicht verst\u00e4ndlichen<\/p>\n","protected":false},"author":1,"featured_media":0,"parent":0,"menu_order":0,"comment_status":"closed","ping_status":"closed","template":"","meta":{"_acf_changed":false,"content-type":"","inline_featured_image":false,"footnotes":""},"class_list":["post-44547","page","type-page","status-publish","hentry"],"acf":[],"yoast_head":"<!-- This site is optimized with the Yoast SEO plugin v27.4 - https:\/\/yoast.com\/product\/yoast-seo-wordpress\/ -->\n<title>Kundenbetreuung - Sharebox<\/title>\n<meta name=\"robots\" content=\"index, follow, max-snippet:-1, max-image-preview:large, max-video-preview:-1\" \/>\n<link rel=\"canonical\" href=\"https:\/\/sharebox.global\/de\/kundenbetreuung\/\" \/>\n<meta property=\"og:locale\" content=\"de_DE\" \/>\n<meta property=\"og:type\" content=\"article\" \/>\n<meta property=\"og:title\" content=\"Kundenbetreuung - Sharebox\" \/>\n<meta property=\"og:description\" content=\"Leitfaden f\u00fcr den Einstieg Willkommen bei Sharebox! Sind Sie bereit, Ihre Abl\u00e4ufe zu rationalisieren? Beginnen Sie mit der Einrichtung Ihres Selbstbedienungskiosks mit unserer leicht verst\u00e4ndlichen\" \/>\n<meta property=\"og:url\" content=\"https:\/\/sharebox.global\/de\/kundenbetreuung\/\" \/>\n<meta property=\"og:site_name\" content=\"Sharebox\" \/>\n<meta property=\"article:publisher\" content=\"https:\/\/www.facebook.com\/SHAREBOX.NO\/\" \/>\n<meta property=\"article:modified_time\" content=\"2025-04-10T07:19:06+00:00\" \/>\n<meta property=\"og:image\" content=\"https:\/\/sharebox.global\/wp-content\/uploads\/2025\/04\/Volkswagen-Nutzfahrzeuge-Service-Station-mit-Dach.png\" \/>\n\t<meta property=\"og:image:width\" content=\"1170\" \/>\n\t<meta property=\"og:image:height\" content=\"521\" \/>\n\t<meta property=\"og:image:type\" content=\"image\/png\" \/>\n<meta name=\"twitter:card\" content=\"summary_large_image\" \/>\n<meta name=\"twitter:label1\" content=\"Gesch\u00e4tzte Lesezeit\" \/>\n\t<meta name=\"twitter:data1\" content=\"4\u00a0Minute\" \/>\n<script type=\"application\/ld+json\" class=\"yoast-schema-graph\">{\"@context\":\"https:\\\/\\\/schema.org\",\"@graph\":[{\"@type\":\"WebPage\",\"@id\":\"https:\\\/\\\/sharebox.global\\\/de\\\/kundenbetreuung\\\/\",\"url\":\"https:\\\/\\\/sharebox.global\\\/de\\\/kundenbetreuung\\\/\",\"name\":\"Kundenbetreuung - Sharebox\",\"isPartOf\":{\"@id\":\"https:\\\/\\\/sharebox.global\\\/de\\\/#website\"},\"datePublished\":\"2025-04-04T09:06:21+00:00\",\"dateModified\":\"2025-04-10T07:19:06+00:00\",\"breadcrumb\":{\"@id\":\"https:\\\/\\\/sharebox.global\\\/de\\\/kundenbetreuung\\\/#breadcrumb\"},\"inLanguage\":\"de\",\"potentialAction\":[{\"@type\":\"ReadAction\",\"target\":[\"https:\\\/\\\/sharebox.global\\\/de\\\/kundenbetreuung\\\/\"]}]},{\"@type\":\"BreadcrumbList\",\"@id\":\"https:\\\/\\\/sharebox.global\\\/de\\\/kundenbetreuung\\\/#breadcrumb\",\"itemListElement\":[{\"@type\":\"ListItem\",\"position\":1,\"name\":\"Home\",\"item\":\"https:\\\/\\\/sharebox.global\\\/de\\\/\"},{\"@type\":\"ListItem\",\"position\":2,\"name\":\"Kundenbetreuung\"}]},{\"@type\":\"WebSite\",\"@id\":\"https:\\\/\\\/sharebox.global\\\/de\\\/#website\",\"url\":\"https:\\\/\\\/sharebox.global\\\/de\\\/\",\"name\":\"Sharebox\",\"description\":\"Infrastructure for 24\\\/7 vehicle handover\",\"publisher\":{\"@id\":\"https:\\\/\\\/sharebox.global\\\/de\\\/#organization\"},\"potentialAction\":[{\"@type\":\"SearchAction\",\"target\":{\"@type\":\"EntryPoint\",\"urlTemplate\":\"https:\\\/\\\/sharebox.global\\\/de\\\/?s={search_term_string}\"},\"query-input\":{\"@type\":\"PropertyValueSpecification\",\"valueRequired\":true,\"valueName\":\"search_term_string\"}}],\"inLanguage\":\"de\"},{\"@type\":\"Organization\",\"@id\":\"https:\\\/\\\/sharebox.global\\\/de\\\/#organization\",\"name\":\"Sharebox\",\"url\":\"https:\\\/\\\/sharebox.global\\\/de\\\/\",\"logo\":{\"@type\":\"ImageObject\",\"inLanguage\":\"de\",\"@id\":\"https:\\\/\\\/sharebox.global\\\/de\\\/#\\\/schema\\\/logo\\\/image\\\/\",\"url\":\"https:\\\/\\\/sharebox.global\\\/wp-content\\\/uploads\\\/2024\\\/04\\\/Sharebox-logo-red-on-white-500px.png\",\"contentUrl\":\"https:\\\/\\\/sharebox.global\\\/wp-content\\\/uploads\\\/2024\\\/04\\\/Sharebox-logo-red-on-white-500px.png\",\"width\":450,\"height\":63,\"caption\":\"Sharebox\"},\"image\":{\"@id\":\"https:\\\/\\\/sharebox.global\\\/de\\\/#\\\/schema\\\/logo\\\/image\\\/\"},\"sameAs\":[\"https:\\\/\\\/www.facebook.com\\\/SHAREBOX.NO\\\/\",\"https:\\\/\\\/www.linkedin.com\\\/company\\\/sharebox-as\\\/\",\"https:\\\/\\\/www.youtube.com\\\/channel\\\/UCGwoGdfNeD59c2s4qhf0gLQ\"]}]}<\/script>\n<!-- \/ Yoast SEO plugin. -->","yoast_head_json":{"title":"Kundenbetreuung - Sharebox","robots":{"index":"index","follow":"follow","max-snippet":"max-snippet:-1","max-image-preview":"max-image-preview:large","max-video-preview":"max-video-preview:-1"},"canonical":"https:\/\/sharebox.global\/de\/kundenbetreuung\/","og_locale":"de_DE","og_type":"article","og_title":"Kundenbetreuung - Sharebox","og_description":"Leitfaden f\u00fcr den Einstieg Willkommen bei Sharebox! Sind Sie bereit, Ihre Abl\u00e4ufe zu rationalisieren? Beginnen Sie mit der Einrichtung Ihres Selbstbedienungskiosks mit unserer leicht verst\u00e4ndlichen","og_url":"https:\/\/sharebox.global\/de\/kundenbetreuung\/","og_site_name":"Sharebox","article_publisher":"https:\/\/www.facebook.com\/SHAREBOX.NO\/","article_modified_time":"2025-04-10T07:19:06+00:00","og_image":[{"width":1170,"height":521,"url":"https:\/\/sharebox.global\/wp-content\/uploads\/2025\/04\/Volkswagen-Nutzfahrzeuge-Service-Station-mit-Dach.png","type":"image\/png"}],"twitter_card":"summary_large_image","twitter_misc":{"Gesch\u00e4tzte Lesezeit":"4\u00a0Minute"},"schema":{"@context":"https:\/\/schema.org","@graph":[{"@type":"WebPage","@id":"https:\/\/sharebox.global\/de\/kundenbetreuung\/","url":"https:\/\/sharebox.global\/de\/kundenbetreuung\/","name":"Kundenbetreuung - Sharebox","isPartOf":{"@id":"https:\/\/sharebox.global\/de\/#website"},"datePublished":"2025-04-04T09:06:21+00:00","dateModified":"2025-04-10T07:19:06+00:00","breadcrumb":{"@id":"https:\/\/sharebox.global\/de\/kundenbetreuung\/#breadcrumb"},"inLanguage":"de","potentialAction":[{"@type":"ReadAction","target":["https:\/\/sharebox.global\/de\/kundenbetreuung\/"]}]},{"@type":"BreadcrumbList","@id":"https:\/\/sharebox.global\/de\/kundenbetreuung\/#breadcrumb","itemListElement":[{"@type":"ListItem","position":1,"name":"Home","item":"https:\/\/sharebox.global\/de\/"},{"@type":"ListItem","position":2,"name":"Kundenbetreuung"}]},{"@type":"WebSite","@id":"https:\/\/sharebox.global\/de\/#website","url":"https:\/\/sharebox.global\/de\/","name":"Sharebox","description":"Infrastructure for 24\/7 vehicle handover","publisher":{"@id":"https:\/\/sharebox.global\/de\/#organization"},"potentialAction":[{"@type":"SearchAction","target":{"@type":"EntryPoint","urlTemplate":"https:\/\/sharebox.global\/de\/?s={search_term_string}"},"query-input":{"@type":"PropertyValueSpecification","valueRequired":true,"valueName":"search_term_string"}}],"inLanguage":"de"},{"@type":"Organization","@id":"https:\/\/sharebox.global\/de\/#organization","name":"Sharebox","url":"https:\/\/sharebox.global\/de\/","logo":{"@type":"ImageObject","inLanguage":"de","@id":"https:\/\/sharebox.global\/de\/#\/schema\/logo\/image\/","url":"https:\/\/sharebox.global\/wp-content\/uploads\/2024\/04\/Sharebox-logo-red-on-white-500px.png","contentUrl":"https:\/\/sharebox.global\/wp-content\/uploads\/2024\/04\/Sharebox-logo-red-on-white-500px.png","width":450,"height":63,"caption":"Sharebox"},"image":{"@id":"https:\/\/sharebox.global\/de\/#\/schema\/logo\/image\/"},"sameAs":["https:\/\/www.facebook.com\/SHAREBOX.NO\/","https:\/\/www.linkedin.com\/company\/sharebox-as\/","https:\/\/www.youtube.com\/channel\/UCGwoGdfNeD59c2s4qhf0gLQ"]}]}},"_links":{"self":[{"href":"https:\/\/sharebox.global\/de\/wp-json\/wp\/v2\/pages\/44547","targetHints":{"allow":["GET"]}}],"collection":[{"href":"https:\/\/sharebox.global\/de\/wp-json\/wp\/v2\/pages"}],"about":[{"href":"https:\/\/sharebox.global\/de\/wp-json\/wp\/v2\/types\/page"}],"author":[{"embeddable":true,"href":"https:\/\/sharebox.global\/de\/wp-json\/wp\/v2\/users\/1"}],"replies":[{"embeddable":true,"href":"https:\/\/sharebox.global\/de\/wp-json\/wp\/v2\/comments?post=44547"}],"version-history":[{"count":1,"href":"https:\/\/sharebox.global\/de\/wp-json\/wp\/v2\/pages\/44547\/revisions"}],"predecessor-version":[{"id":44554,"href":"https:\/\/sharebox.global\/de\/wp-json\/wp\/v2\/pages\/44547\/revisions\/44554"}],"wp:attachment":[{"href":"https:\/\/sharebox.global\/de\/wp-json\/wp\/v2\/media?parent=44547"}],"curies":[{"name":"wp","href":"https:\/\/api.w.org\/{rel}","templated":true}]}}