{"id":44600,"date":"2025-04-04T09:06:21","date_gmt":"2025-04-04T09:06:21","guid":{"rendered":"https:\/\/sharebox.global\/fleetback\/"},"modified":"2025-12-04T08:38:01","modified_gmt":"2025-12-04T08:38:01","slug":"fleetback","status":"publish","type":"page","link":"https:\/\/sharebox.global\/de\/fleetback\/","title":{"rendered":"Fleetback"},"content":{"rendered":"\n<div style=\"height:48px\" aria-hidden=\"true\" class=\"wp-block-spacer\"><\/div>\n\n<div style=\"height:48px\" aria-hidden=\"true\" class=\"wp-block-spacer\"><\/div>\n\n<div id=\"title-block--block_84e5e8bc029d769e1b720272130a5ec1\" class=\"root-level-block title-block center-text-based\">\n\n    \n<!-- Whitespace to be determined -->\n    <div class=\"container\" style=\"padding-top: var(--spacing-m);\">\n        <h1>Alle auf Kurs mit Fleetback<\/h1>        <p>Sharebox passt perfekt zu Fleetback, einem digitalen \u00d6kosystem, dem H\u00e4ndler jeder Gr\u00f6\u00dfe vertrauen.<\/p>            <\/div>\n\n<\/div>\n\n<div id=\"logo-block--block_5095c4289cc93b4a83b554f47a07e16d\" class=\"root-level-block logo-block center-text-based\">\n\n        <div class=\"container\">\n                \n                    <div class=\"logo-output\">\n                <img decoding=\"async\" src=\"https:\/\/sharebox.global\/wp-content\/uploads\/2025\/03\/logo_audi-ringer@320w.png\" alt=\"\"><img decoding=\"async\" src=\"https:\/\/sharebox.global\/wp-content\/uploads\/2025\/03\/logo_volkswagen@320w.png\" alt=\"\"><img decoding=\"async\" src=\"https:\/\/sharebox.global\/wp-content\/uploads\/2025\/03\/logo_bmw@320w.png\" alt=\"\"><img decoding=\"async\" src=\"https:\/\/sharebox.global\/wp-content\/uploads\/2025\/03\/logo_hyundai@320w.png\" alt=\"\">            <\/div>\n            <\/div>\n\n<\/div>\n<div id=\"image-with-title-and-description--block_ff405fa7b21807749c225433f254c6eb\" class=\"root-level-block image-with-title-and-description is-style-right-aligned\">\n    \n    <div class=\"container relative\">\n        <div class=\"halved-image-container\">\n                            <div class=\"halved-image\"><img decoding=\"async\" width=\"1024\" height=\"768\" src=\"https:\/\/sharebox.global\/wp-content\/uploads\/2025\/03\/AdobeStock_224351794_withFleetbackLogo@1200_900.jpg\" class=\"attachment-large size-large\" alt=\"\" srcset=\"https:\/\/sharebox.global\/wp-content\/uploads\/2025\/03\/AdobeStock_224351794_withFleetbackLogo@1200_900.jpg 1200w, https:\/\/sharebox.global\/wp-content\/uploads\/2025\/03\/AdobeStock_224351794_withFleetbackLogo@1200_900-300x225.jpg 300w, https:\/\/sharebox.global\/wp-content\/uploads\/2025\/03\/AdobeStock_224351794_withFleetbackLogo@1200_900-768x576.jpg 768w\" sizes=\"(max-width: 1024px) 100vw, 1024px\" \/><\/div>\n            \n                            <div class=\"halved\">\n                    <div class=\"halved-type\">\n                                                    <h3>Ein digitaler Assistent<\/h3>\n                                                \n                                                    <p>Fleetback hilft Ihnen, Spitzenzeiten zu bew\u00e4ltigen, die Rentabilit\u00e4t zu steigern, Up- und Cross-Selling zu verbessern und digitale Arbeitsabl\u00e4ufe zu optimieren.<\/p>                                            <\/div>\n\n                                                <div class=\"wp-block-button__group\">\n                                                                        <a class=\"wp-block-button__link btn-light\" \n                                            href=\"https:\/\/sharebox.global\/get-started\/\"\n                                            >\n                                            Demo ansehen                                        <\/a>\n                                                                <\/div>\n                                                            <\/div>\n                    <\/div>\n    <\/div>\n<\/div>\n\n\n<div id=\"repeating-row-of-three-boxes--block_80c372ac9fe1212914f1fddcf2768d6d\" class=\"root-level-block repeating-row-of-three-boxes\">\n\n    <div class=\"container\">\n\n        <div class=\"grey-box-row\">\n                                <!-- Individual box container -->\n                    <div class=\"grey-text-box\">\n                                                    <img decoding=\"async\" width=\"96\" height=\"96\" src=\"https:\/\/sharebox.global\/wp-content\/uploads\/2025\/03\/icon_workflow@96w.png\" class=\"icon\" alt=\"\" \/>                        \n                                                    <h3>Benutzerdefinierte Audits<\/h3>\n                                                \n                                                    <p>Erstellen Sie benutzerdefinierte Audit-Vorlagen: Mietr\u00fcckgabe, eVHC, Reparaturauftragskontrolle usw.<\/p>\n                                            <\/div>\n                                    <!-- Individual box container -->\n                    <div class=\"grey-text-box\">\n                                                    <img decoding=\"async\" width=\"96\" height=\"96\" src=\"https:\/\/sharebox.global\/wp-content\/uploads\/2025\/03\/icon_laptopchart@96px-1.png\" class=\"icon\" alt=\"\" \/>                        \n                                                    <h3>\u00dcberwachung in Echtzeit<\/h3>\n                                                \n                                                    <p>Setzen Sie sich Ziele und verfolgen Sie den Fortschritt. Erhalten Sie individuelle Ansichten und Statistiken. <\/p>\n                                            <\/div>\n                                    <!-- Individual box container -->\n                    <div class=\"grey-text-box\">\n                                                    <img decoding=\"async\" width=\"96\" height=\"96\" src=\"https:\/\/sharebox.global\/wp-content\/uploads\/2025\/03\/icon_smartphonecheckmark@96w.png\" class=\"icon\" alt=\"\" \/>                        \n                                                    <h3>Einchecken zu Hause<\/h3>\n                                                \n                                                    <p>Terminvorbereitung \u00fcberall und zu jeder Zeit. Sparen Sie Zeit und machen Sie gleichzeitig Upselling. <\/p>\n                                            <\/div>\n                                                <\/div>\n    <\/div>    \n<\/div>\n\n\n<div id=\"image-with-title-and-description--block_565df677738fd6284a750e6ece0976fa\" class=\"root-level-block image-with-title-and-description is-style-left-aligned\">\n    \n    <div class=\"container relative\">\n        <div class=\"halved-image-container\">\n                            <div class=\"halved-image\"><img decoding=\"async\" width=\"1024\" height=\"691\" src=\"https:\/\/sharebox.global\/wp-content\/uploads\/2025\/03\/Fleetback-customer.jpg\" class=\"attachment-large size-large\" alt=\"\" srcset=\"https:\/\/sharebox.global\/wp-content\/uploads\/2025\/03\/Fleetback-customer.jpg 1200w, https:\/\/sharebox.global\/wp-content\/uploads\/2025\/03\/Fleetback-customer-300x203.jpg 300w, https:\/\/sharebox.global\/wp-content\/uploads\/2025\/03\/Fleetback-customer-768x518.jpg 768w\" sizes=\"(max-width: 1024px) 100vw, 1024px\" \/><\/div>\n            \n                            <div class=\"halved\">\n                    <div class=\"halved-type\">\n                                                    <h3>Erleichtern Sie sich den Alltag<\/h3>\n                                                \n                                                    <p>Bequemes Terminmanagement, vereinfachte Kommunikation w\u00e4hrend der gesamten Customer Journey und schnelle Schl\u00fcsselabgabe\/-abholung &#8211; unsere Selbstbedienungsl\u00f6sung macht den Alltag leichter.<\/p>                                            <\/div>\n\n                                                <div class=\"wp-block-button__group\">\n                                                                        <a class=\"wp-block-button__link btn-light\" \n                                            href=\"https:\/\/sharebox.global\/get-started\/\"\n                                            >\n                                            Demo ansehen                                        <\/a>\n                                                                <\/div>\n                                                            <\/div>\n                    <\/div>\n    <\/div>\n<\/div>\n\n<div id=\"three-columns-with-support--block_52a6eebd42b06a418bb3755710d270d6\" class=\"root-level-block three-columns-with-support\">\n\n    <div class=\"container\">\n\n        <div class=\"decided\">\n            \n                                \n                            <!-- Display section title if one exists -->\n                <h2 class=\"decided-title text-center\">Beginnen Sie<\/h2>\n                            \n                                    \n                        <!-- Column container for the 3 boxes -->\n            <div class=\"column-box-row\">\n                \n                            <!-- Individual box container -->\n                            <div class=\"column-text-box\">\n                                                                    <img decoding=\"async\" width=\"48\" height=\"48\" src=\"https:\/\/sharebox.global\/wp-content\/uploads\/2025\/03\/icon_monitorbookstudent@48.png\" class=\"icon\" alt=\"\" \/>                                \n                                <h3>1. Demo ansehen<\/h3>\n                                <p>Sehen Sie es live und teilen Sie uns Ihre Anforderungen mit.<\/p>\n                            <\/div>\n\n                        \n                            <!-- Individual box container -->\n                            <div class=\"column-text-box\">\n                                                                    <img decoding=\"async\" width=\"48\" height=\"48\" src=\"https:\/\/sharebox.global\/wp-content\/uploads\/2025\/03\/icon_planblueprint@48.png\" class=\"icon\" alt=\"\" \/>                                \n                                <h3>2. Ma\u00dfgeschneiderter Vorschlag<\/h3>\n                                <p>Sie erhalten einen Plan und eine Strategie, die auf Ihr Unternehmen und Ihre Ziele zugeschnitten sind.<\/p>\n                            <\/div>\n\n                        \n                            <!-- Individual box container -->\n                            <div class=\"column-text-box\">\n                                                                    <img decoding=\"async\" width=\"48\" height=\"48\" src=\"https:\/\/sharebox.global\/wp-content\/uploads\/2025\/03\/icon_toolsscrewdriverwrench@48.png\" class=\"icon\" alt=\"\" \/>                                \n                                <h3>3. Implementierung<\/h3>\n                                <p>Wir k\u00fcmmern uns um die Installation und Konfiguration und schulen Ihre Mitarbeiter.<\/p>\n                            <\/div>\n\n                                    <\/div>\n            <!-- End check for enabled columns -->\n\n                        <!-- Button group centered below content -->\n            <div class=\"centered-button-group\">\n                                                <a class=\"wp-block-button__link btn-light\"\n                    href=\"https:\/\/sharebox.global\/de\/get-started\/\"\n                    >\n                        Demos ansehen                    <\/a>\n                                                <\/div>\n                    <\/div>\n    <\/div>\n<\/div>\n\n<p><\/p>\n","protected":false},"excerpt":{"rendered":"","protected":false},"author":1,"featured_media":0,"parent":0,"menu_order":0,"comment_status":"closed","ping_status":"closed","template":"","meta":{"_acf_changed":false,"content-type":"","inline_featured_image":false,"footnotes":""},"class_list":["post-44600","page","type-page","status-publish","hentry"],"acf":[],"yoast_head":"<!-- This site is optimized with the Yoast SEO plugin v27.4 - https:\/\/yoast.com\/product\/yoast-seo-wordpress\/ -->\n<title>Fleetback - Sharebox<\/title>\n<meta name=\"description\" content=\"Sharebox passt perfekt zu Fleetback, einem digitalen \u00d6kosystem, dem H\u00e4ndler jeder Gr\u00f6\u00dfe vertrauen.\" \/>\n<meta name=\"robots\" content=\"index, follow, max-snippet:-1, max-image-preview:large, max-video-preview:-1\" \/>\n<link rel=\"canonical\" href=\"https:\/\/sharebox.global\/de\/fleetback\/\" \/>\n<meta property=\"og:locale\" content=\"de_DE\" \/>\n<meta property=\"og:type\" content=\"article\" \/>\n<meta property=\"og:title\" content=\"Alle auf Kurs mit Fleetback\" \/>\n<meta property=\"og:description\" content=\"Sharebox passt perfekt zu Fleetback, einem digitalen \u00d6kosystem, dem H\u00e4ndler jeder Gr\u00f6\u00dfe vertrauen.\" \/>\n<meta property=\"og:url\" content=\"https:\/\/sharebox.global\/de\/fleetback\/\" \/>\n<meta property=\"og:site_name\" content=\"Sharebox\" \/>\n<meta property=\"article:publisher\" content=\"https:\/\/www.facebook.com\/SHAREBOX.NO\/\" \/>\n<meta property=\"article:modified_time\" content=\"2025-12-04T08:38:01+00:00\" \/>\n<meta property=\"og:image\" content=\"https:\/\/sharebox.global\/wp-content\/uploads\/2025\/04\/Volkswagen-Nutzfahrzeuge-Service-Station-mit-Dach.png\" \/>\n\t<meta property=\"og:image:width\" content=\"1170\" \/>\n\t<meta property=\"og:image:height\" content=\"521\" \/>\n\t<meta property=\"og:image:type\" content=\"image\/png\" \/>\n<meta name=\"twitter:card\" content=\"summary_large_image\" \/>\n<script type=\"application\/ld+json\" class=\"yoast-schema-graph\">{\"@context\":\"https:\\\/\\\/schema.org\",\"@graph\":[{\"@type\":\"WebPage\",\"@id\":\"https:\\\/\\\/sharebox.global\\\/de\\\/fleetback\\\/\",\"url\":\"https:\\\/\\\/sharebox.global\\\/de\\\/fleetback\\\/\",\"name\":\"Fleetback - Sharebox\",\"isPartOf\":{\"@id\":\"https:\\\/\\\/sharebox.global\\\/de\\\/#website\"},\"datePublished\":\"2025-04-04T09:06:21+00:00\",\"dateModified\":\"2025-12-04T08:38:01+00:00\",\"description\":\"Sharebox passt perfekt zu Fleetback, einem digitalen \u00d6kosystem, dem H\u00e4ndler jeder Gr\u00f6\u00dfe vertrauen.\",\"breadcrumb\":{\"@id\":\"https:\\\/\\\/sharebox.global\\\/de\\\/fleetback\\\/#breadcrumb\"},\"inLanguage\":\"de\",\"potentialAction\":[{\"@type\":\"ReadAction\",\"target\":[\"https:\\\/\\\/sharebox.global\\\/de\\\/fleetback\\\/\"]}]},{\"@type\":\"BreadcrumbList\",\"@id\":\"https:\\\/\\\/sharebox.global\\\/de\\\/fleetback\\\/#breadcrumb\",\"itemListElement\":[{\"@type\":\"ListItem\",\"position\":1,\"name\":\"Home\",\"item\":\"https:\\\/\\\/sharebox.global\\\/de\\\/\"},{\"@type\":\"ListItem\",\"position\":2,\"name\":\"Fleetback\"}]},{\"@type\":\"WebSite\",\"@id\":\"https:\\\/\\\/sharebox.global\\\/de\\\/#website\",\"url\":\"https:\\\/\\\/sharebox.global\\\/de\\\/\",\"name\":\"Sharebox\",\"description\":\"Infrastructure for 24\\\/7 vehicle handover\",\"publisher\":{\"@id\":\"https:\\\/\\\/sharebox.global\\\/de\\\/#organization\"},\"potentialAction\":[{\"@type\":\"SearchAction\",\"target\":{\"@type\":\"EntryPoint\",\"urlTemplate\":\"https:\\\/\\\/sharebox.global\\\/de\\\/?s={search_term_string}\"},\"query-input\":{\"@type\":\"PropertyValueSpecification\",\"valueRequired\":true,\"valueName\":\"search_term_string\"}}],\"inLanguage\":\"de\"},{\"@type\":\"Organization\",\"@id\":\"https:\\\/\\\/sharebox.global\\\/de\\\/#organization\",\"name\":\"Sharebox\",\"url\":\"https:\\\/\\\/sharebox.global\\\/de\\\/\",\"logo\":{\"@type\":\"ImageObject\",\"inLanguage\":\"de\",\"@id\":\"https:\\\/\\\/sharebox.global\\\/de\\\/#\\\/schema\\\/logo\\\/image\\\/\",\"url\":\"https:\\\/\\\/sharebox.global\\\/wp-content\\\/uploads\\\/2024\\\/04\\\/Sharebox-logo-red-on-white-500px.png\",\"contentUrl\":\"https:\\\/\\\/sharebox.global\\\/wp-content\\\/uploads\\\/2024\\\/04\\\/Sharebox-logo-red-on-white-500px.png\",\"width\":450,\"height\":63,\"caption\":\"Sharebox\"},\"image\":{\"@id\":\"https:\\\/\\\/sharebox.global\\\/de\\\/#\\\/schema\\\/logo\\\/image\\\/\"},\"sameAs\":[\"https:\\\/\\\/www.facebook.com\\\/SHAREBOX.NO\\\/\",\"https:\\\/\\\/www.linkedin.com\\\/company\\\/sharebox-as\\\/\",\"https:\\\/\\\/www.youtube.com\\\/channel\\\/UCGwoGdfNeD59c2s4qhf0gLQ\"]}]}<\/script>\n<!-- \/ Yoast SEO plugin. -->","yoast_head_json":{"title":"Fleetback - Sharebox","description":"Sharebox passt perfekt zu Fleetback, einem digitalen \u00d6kosystem, dem H\u00e4ndler jeder Gr\u00f6\u00dfe vertrauen.","robots":{"index":"index","follow":"follow","max-snippet":"max-snippet:-1","max-image-preview":"max-image-preview:large","max-video-preview":"max-video-preview:-1"},"canonical":"https:\/\/sharebox.global\/de\/fleetback\/","og_locale":"de_DE","og_type":"article","og_title":"Alle auf Kurs mit Fleetback","og_description":"Sharebox passt perfekt zu Fleetback, einem digitalen \u00d6kosystem, dem H\u00e4ndler jeder Gr\u00f6\u00dfe vertrauen.","og_url":"https:\/\/sharebox.global\/de\/fleetback\/","og_site_name":"Sharebox","article_publisher":"https:\/\/www.facebook.com\/SHAREBOX.NO\/","article_modified_time":"2025-12-04T08:38:01+00:00","og_image":[{"width":1170,"height":521,"url":"https:\/\/sharebox.global\/wp-content\/uploads\/2025\/04\/Volkswagen-Nutzfahrzeuge-Service-Station-mit-Dach.png","type":"image\/png"}],"twitter_card":"summary_large_image","schema":{"@context":"https:\/\/schema.org","@graph":[{"@type":"WebPage","@id":"https:\/\/sharebox.global\/de\/fleetback\/","url":"https:\/\/sharebox.global\/de\/fleetback\/","name":"Fleetback - Sharebox","isPartOf":{"@id":"https:\/\/sharebox.global\/de\/#website"},"datePublished":"2025-04-04T09:06:21+00:00","dateModified":"2025-12-04T08:38:01+00:00","description":"Sharebox passt perfekt zu Fleetback, einem digitalen \u00d6kosystem, dem H\u00e4ndler jeder Gr\u00f6\u00dfe vertrauen.","breadcrumb":{"@id":"https:\/\/sharebox.global\/de\/fleetback\/#breadcrumb"},"inLanguage":"de","potentialAction":[{"@type":"ReadAction","target":["https:\/\/sharebox.global\/de\/fleetback\/"]}]},{"@type":"BreadcrumbList","@id":"https:\/\/sharebox.global\/de\/fleetback\/#breadcrumb","itemListElement":[{"@type":"ListItem","position":1,"name":"Home","item":"https:\/\/sharebox.global\/de\/"},{"@type":"ListItem","position":2,"name":"Fleetback"}]},{"@type":"WebSite","@id":"https:\/\/sharebox.global\/de\/#website","url":"https:\/\/sharebox.global\/de\/","name":"Sharebox","description":"Infrastructure for 24\/7 vehicle handover","publisher":{"@id":"https:\/\/sharebox.global\/de\/#organization"},"potentialAction":[{"@type":"SearchAction","target":{"@type":"EntryPoint","urlTemplate":"https:\/\/sharebox.global\/de\/?s={search_term_string}"},"query-input":{"@type":"PropertyValueSpecification","valueRequired":true,"valueName":"search_term_string"}}],"inLanguage":"de"},{"@type":"Organization","@id":"https:\/\/sharebox.global\/de\/#organization","name":"Sharebox","url":"https:\/\/sharebox.global\/de\/","logo":{"@type":"ImageObject","inLanguage":"de","@id":"https:\/\/sharebox.global\/de\/#\/schema\/logo\/image\/","url":"https:\/\/sharebox.global\/wp-content\/uploads\/2024\/04\/Sharebox-logo-red-on-white-500px.png","contentUrl":"https:\/\/sharebox.global\/wp-content\/uploads\/2024\/04\/Sharebox-logo-red-on-white-500px.png","width":450,"height":63,"caption":"Sharebox"},"image":{"@id":"https:\/\/sharebox.global\/de\/#\/schema\/logo\/image\/"},"sameAs":["https:\/\/www.facebook.com\/SHAREBOX.NO\/","https:\/\/www.linkedin.com\/company\/sharebox-as\/","https:\/\/www.youtube.com\/channel\/UCGwoGdfNeD59c2s4qhf0gLQ"]}]}},"_links":{"self":[{"href":"https:\/\/sharebox.global\/de\/wp-json\/wp\/v2\/pages\/44600","targetHints":{"allow":["GET"]}}],"collection":[{"href":"https:\/\/sharebox.global\/de\/wp-json\/wp\/v2\/pages"}],"about":[{"href":"https:\/\/sharebox.global\/de\/wp-json\/wp\/v2\/types\/page"}],"author":[{"embeddable":true,"href":"https:\/\/sharebox.global\/de\/wp-json\/wp\/v2\/users\/1"}],"replies":[{"embeddable":true,"href":"https:\/\/sharebox.global\/de\/wp-json\/wp\/v2\/comments?post=44600"}],"version-history":[{"count":4,"href":"https:\/\/sharebox.global\/de\/wp-json\/wp\/v2\/pages\/44600\/revisions"}],"predecessor-version":[{"id":47395,"href":"https:\/\/sharebox.global\/de\/wp-json\/wp\/v2\/pages\/44600\/revisions\/47395"}],"wp:attachment":[{"href":"https:\/\/sharebox.global\/de\/wp-json\/wp\/v2\/media?parent=44600"}],"curies":[{"name":"wp","href":"https:\/\/api.w.org\/{rel}","templated":true}]}}