{"id":44610,"date":"2025-04-04T09:06:21","date_gmt":"2025-04-04T09:06:21","guid":{"rendered":"https:\/\/sharebox.global\/wie-es-funktioniert\/"},"modified":"2025-05-06T09:14:31","modified_gmt":"2025-05-06T09:14:31","slug":"wie-es-funktioniert","status":"publish","type":"page","link":"https:\/\/sharebox.global\/de\/wie-es-funktioniert\/","title":{"rendered":"Wie es funktioniert"},"content":{"rendered":"\n<div id=\"title-block--block_b807be674073b10e7208906bdc0b1e9e\" class=\"root-level-block title-block center-text-based\">\n\n    \n<!-- Whitespace to be determined -->\n    <div class=\"container\" style=\"padding-top: var(--spacing-m);\">\n        <h1>Zufriedene Kunden. H\u00f6here Einnahmen. <\/h1>        <p>Alles, was Sie schon immer \u00fcber den Aufbau einer erfolgreichen digitalen Kundenreise und die Gestaltung eines au\u00dfergew\u00f6hnlichen internen Arbeitsablaufs wissen wollten.<\/p>            <\/div>\n\n<\/div>\n\n<figure class=\"wp-block-embed is-type-video is-provider-youtube wp-block-embed-youtube wp-embed-aspect-16-9 wp-has-aspect-ratio\"><div class=\"wp-block-embed__wrapper\">\n<iframe title=\"Seamless Service Visit: From Check-In to Check-Out with Sharebox Self-Service Kiosk\" width=\"1240\" height=\"698\" src=\"https:\/\/www.youtube.com\/embed\/It48Ke7IFF0?feature=oembed\" frameborder=\"0\" allow=\"accelerometer; autoplay; clipboard-write; encrypted-media; gyroscope; picture-in-picture; web-share\" referrerpolicy=\"strict-origin-when-cross-origin\" allowfullscreen><\/iframe>\n<\/div><\/figure>\n\n<div id=\"text-with-image-with-border--block_90e5473c63ae5dc81e5f79c78ec144ea\" class=\"root-level-block text-with-image-with-border grid-70-30\">\n    <div class=\"container\">\n    <div class=\"column-cabinets\">\n        <div class=\"column-left\">\n            <h2>Intelligentere Selbstbedienungskioske<\/h2>\n            <p>Wir helfen Ihnen bei der Umsetzung digitaler Strategien und nutzen die Welt der Selbstbedienungs-UX f\u00fcr Ihre Kunden, Betreiber und Teammitglieder.<\/p>\n\n                    <\/div>\n\n                                    <img decoding=\"async\" width=\"1000\" height=\"667\" src=\"https:\/\/sharebox.global\/wp-content\/uploads\/2024\/02\/w128Kiosk_3-2_foyer-e1707134004636.jpg\" class=\"column-right\" alt=\"\" srcset=\"https:\/\/sharebox.global\/wp-content\/uploads\/2024\/02\/w128Kiosk_3-2_foyer-e1707134004636.jpg 1000w, https:\/\/sharebox.global\/wp-content\/uploads\/2024\/02\/w128Kiosk_3-2_foyer-e1707134004636-300x200.jpg 300w, https:\/\/sharebox.global\/wp-content\/uploads\/2024\/02\/w128Kiosk_3-2_foyer-e1707134004636-768x512.jpg 768w\" sizes=\"(max-width: 1000px) 100vw, 1000px\" \/>                        <\/div> \n    <\/div> \n<\/div>\n\n\n<div id=\"text-with-image-with-border--block_741266ae5868f3fd6a02420c9e42baf9\" class=\"root-level-block text-with-image-with-border grid-70-30\">\n    <div class=\"container\">\n    <div class=\"column-cabinets\">\n        <div class=\"column-left\">\n            <h2>Automatisierter Dialog und Freigaben<\/h2>\n            <p>Mit Sharebox genie\u00dfen Kunden die Flexibilit\u00e4t, ihre Autoschl\u00fcssel jederzeit abrufen zu k\u00f6nnen, was ihre Serviceerfahrung verbessert.<\/p>\n\n                    <\/div>\n\n                                    <img decoding=\"async\" width=\"1024\" height=\"683\" src=\"https:\/\/sharebox.global\/wp-content\/uploads\/2024\/02\/AdobeStock_254472372_COMPRESSED.jpeg\" class=\"column-right\" alt=\"\" srcset=\"https:\/\/sharebox.global\/wp-content\/uploads\/2024\/02\/AdobeStock_254472372_COMPRESSED.jpeg 1620w, https:\/\/sharebox.global\/wp-content\/uploads\/2024\/02\/AdobeStock_254472372_COMPRESSED-300x200.jpeg 300w, https:\/\/sharebox.global\/wp-content\/uploads\/2024\/02\/AdobeStock_254472372_COMPRESSED-768x512.jpeg 768w, https:\/\/sharebox.global\/wp-content\/uploads\/2024\/02\/AdobeStock_254472372_COMPRESSED-1536x1024.jpeg 1536w\" sizes=\"(max-width: 1024px) 100vw, 1024px\" \/>                        <\/div> \n    <\/div> \n<\/div>\n\n\n\n<div id=\"repeating-row-of-three-boxes--block_e9d1379e12c65c5e11faaa7db59629d3\" class=\"root-level-block repeating-row-of-three-boxes\">\n\n    <div class=\"container\">\n\n        <div class=\"grey-box-row\">\n                                <!-- Individual box container -->\n                    <div class=\"grey-text-box\">\n                                                    <img decoding=\"async\" width=\"40\" height=\"40\" src=\"https:\/\/sharebox.global\/wp-content\/uploads\/2024\/02\/Chart-Reduces-costs-Sharebox-_Black100_-Streamline-Regular-Analytics-Bars.svg\" class=\"icon\" alt=\"\" \/>                        \n                                                    <h3>Reduzierte Gemeinkosten<\/h3>\n                                                \n                                                    <p>Spend less time managing keys and overseeing car handovers, freeing up your staff for other tasks<\/p>\n                                            <\/div>\n                                    <!-- Individual box container -->\n                    <div class=\"grey-text-box\">\n                                                    <img decoding=\"async\" width=\"1\" height=\"1\" src=\"https:\/\/sharebox.global\/wp-content\/uploads\/2022\/09\/streamlinehq-shield-check-1-programing-apps-websites-40.svg\" class=\"icon\" alt=\"\" \/>                        \n                                                    <h3>Sicherheit<\/h3>\n                                                \n                                                    <p>Anti-Diebstahl-Kioske mit einem intelligenten System, das alle Ereignisse protokolliert.<\/p>\n                                            <\/div>\n                                    <!-- Individual box container -->\n                    <div class=\"grey-text-box\">\n                                                    <img decoding=\"async\" width=\"1\" height=\"1\" src=\"https:\/\/sharebox.global\/wp-content\/uploads\/2022\/09\/streamlinehq-shopping-cart-add-shopping-ecommerce-40.svg\" class=\"icon\" alt=\"\" \/>                        \n                                                    <h3>Upsale-M\u00f6glichkeiten<\/h3>\n                                                \n                                                    <p>Bieten Sie Ihren Kunden zus\u00e4tzliches Zubeh\u00f6r und Dienstleistungen an.<\/p>\n                                            <\/div>\n                                                <!-- Individual box container -->\n                    <div class=\"grey-text-box\">\n                                                    <img decoding=\"async\" width=\"41\" height=\"41\" src=\"https:\/\/sharebox.global\/wp-content\/uploads\/2024\/02\/Happy-Smile-Sharebox-_Black100_-Streamline-Regular-Mood-Happy.svg\" class=\"icon\" alt=\"\" \/>                        \n                                                    <h3>Kundenzufriedenheit<\/h3>\n                                                \n                                                    <p>Bieten Sie ein modernes, digitales Erlebnis, das die Erwartungen der Verbraucher von heute erf\u00fcllt.<\/p>\n                                            <\/div>\n                                    <!-- Individual box container -->\n                    <div class=\"grey-text-box\">\n                                                    <img decoding=\"async\" width=\"40\" height=\"40\" src=\"https:\/\/sharebox.global\/wp-content\/uploads\/2024\/02\/Monitoring-Sharebox-_Black100_-Streamline-Regular-Monitoring-Heart-Beat-Laptop.svg\" class=\"icon\" alt=\"\" \/>                        \n                                                    <h3>Operative Effizienz<\/h3>\n                                                \n                                                    <p>Optimieren Sie Ihre Abl\u00e4ufe mit automatisierten Systemen. Verringern Sie die Fehleranf\u00e4lligkeit und steigern Sie die Effizienz. <\/p>\n                                            <\/div>\n                                    <!-- Individual box container -->\n                    <div class=\"grey-text-box\">\n                                                    <img decoding=\"async\" width=\"40\" height=\"40\" src=\"https:\/\/sharebox.global\/wp-content\/uploads\/2024\/02\/247-Sharebox-_Black100_-Streamline-Regular-Weather-Night-Clear.svg\" class=\"icon\" alt=\"\" \/>                        \n                                                    <h3>Erh\u00f6hte Zug\u00e4nglichkeit<\/h3>\n                                                \n                                                    <p>Bieten Sie rund um die Uhr Service, auch au\u00dferhalb der \u00d6ffnungszeiten. Steigern Sie Ihre Einnahmem\u00f6glichkeiten. <\/p>\n                                            <\/div>\n                                    <\/div>\n    <\/div>    \n<\/div>\n\n\n<div id=\"text-with-image-with-border--block_209edc48b7ec1fbefd658c74579cef21\" class=\"root-level-block text-with-image-with-border grid-70-30\">\n    <div class=\"container\">\n    <div class=\"column-cabinets\">\n        <div class=\"column-left\">\n            <h2>Verbesserte Effizienz<\/h2>\n            <p>Schnelle, bequeme und einfache Fahrzeug\u00fcbergabe am Kiosk oder \u00fcber ein mobiles Ger\u00e4t an jeden Kunden zum richtigen Zeitpunkt.<\/p>\n\n                    <\/div>\n\n                                    <img decoding=\"async\" width=\"1024\" height=\"684\" src=\"https:\/\/sharebox.global\/wp-content\/uploads\/2024\/02\/AdobeStock_416319834_3000w_justert-2048x1367.jpg\" class=\"column-right\" alt=\"\" srcset=\"https:\/\/sharebox.global\/wp-content\/uploads\/2024\/02\/AdobeStock_416319834_3000w_justert-2048x1367.jpg 2048w, https:\/\/sharebox.global\/wp-content\/uploads\/2024\/02\/AdobeStock_416319834_3000w_justert-300x200.jpg 300w, https:\/\/sharebox.global\/wp-content\/uploads\/2024\/02\/AdobeStock_416319834_3000w_justert-768x513.jpg 768w, https:\/\/sharebox.global\/wp-content\/uploads\/2024\/02\/AdobeStock_416319834_3000w_justert-1536x1026.jpg 1536w\" sizes=\"(max-width: 1024px) 100vw, 1024px\" \/>                        <\/div> \n    <\/div> \n<\/div>\n\n\n<div class=\"root-level-block\">\n    <div class=\"container\">\n        <div id=\"image-above-title-block--block_f7799650e4c37091f196be000295839b\" class=\"root-level-block image-above-title-block center-text-based\">\n            \n                            <img decoding=\"async\" width=\"1\" height=\"1\" src=\"https:\/\/sharebox.global\/wp-content\/uploads\/2022\/09\/interfaces.svg\" class=\"attachment-large size-large\" alt=\"\" \/>            \n            <div class=\"image-above-title-block-content\">\n                                    <h2>Nahtlose Software- und Systemintegration<\/h2>\n                \n                                    <p>Sharebox l\u00e4sst sich problemlos in branchen\u00fcbliche Software- und Zahlungsl\u00f6sungen integrieren und vereinfacht so den Betrieb und die Kundentransaktionen.<\/p>\n                \n                            <\/div>\n        <\/div>\n    <\/div>\n<\/div>\n\n<div id=\"repeating-row-of-three-boxes--block_23fd48b7df964b22d59d673a78716f03\" class=\"root-level-block repeating-row-of-three-boxes\">\n\n    <div class=\"container\">\n\n        <div class=\"grey-box-row\">\n                                <!-- Individual box container -->\n                    <div class=\"grey-text-box\">\n                                                    <img decoding=\"async\" width=\"40\" height=\"40\" src=\"https:\/\/sharebox.global\/wp-content\/uploads\/2024\/02\/Module-Hand-Puzzle.svg\" class=\"icon\" alt=\"\" \/>                        \n                                                    <h3>Umfassende Service-Zusatzleistungen<\/h3>\n                                                \n                                                    <p>Verwalten Sie, wer Zugang zu Ihren Einrichtungen hat und stellen Sie sicher, dass nur autorisierte Personen Zutritt haben.<\/p>\n                                            <\/div>\n                                    <!-- Individual box container -->\n                    <div class=\"grey-text-box\">\n                                                    <img decoding=\"async\" width=\"40\" height=\"40\" src=\"https:\/\/sharebox.global\/wp-content\/uploads\/2024\/02\/Fill-And-Sign.svg\" class=\"icon\" alt=\"\" \/>                        \n                                                    <h3>Digitale Unterschrift<\/h3>\n                                                \n                                                    <p>\u00dcberpr\u00fcfen Sie m\u00fchelos die Identit\u00e4t Ihrer Kunden und f\u00fcgen Sie so eine zus\u00e4tzliche Sicherheitsebene f\u00fcr Transaktionen hinzu.<\/p>\n                                            <\/div>\n                                    <!-- Individual box container -->\n                    <div class=\"grey-text-box\">\n                                                    <img decoding=\"async\" width=\"40\" height=\"40\" src=\"https:\/\/sharebox.global\/wp-content\/uploads\/2024\/02\/Maps.svg\" class=\"icon\" alt=\"\" \/>                        \n                                                    <h3>Karten zum Parken<\/h3>\n                                                \n                                                    <p>Helfen Sie Ihren Kunden mit detaillierten Parkpl\u00e4nen, ihre Fahrzeuge schnell zu finden.<\/p>\n                                            <\/div>\n                                                <!-- Individual box container -->\n                    <div class=\"grey-text-box\">\n                                                    <img decoding=\"async\" width=\"40\" height=\"40\" src=\"https:\/\/sharebox.global\/wp-content\/uploads\/2024\/02\/Car-Sharebox-_Black100_-Streamline-Regular-Car-1.svg\" class=\"icon\" alt=\"\" \/>                        \n                                                    <h3>H\u00f6fliche Behandlung des Autos<\/h3>\n                                                \n                                                    <p>Verwalten Sie Ihre Dienstwagenflotte effizient und verbessern Sie Ihren Kundenservice.<\/p>\n                                            <\/div>\n                                    <!-- Individual box container -->\n                    <div class=\"grey-text-box\">\n                                                    <img decoding=\"async\" width=\"1\" height=\"1\" src=\"https:\/\/sharebox.global\/wp-content\/uploads\/2022\/09\/streamlinehq-single-neutral-id-card-1-users-40.svg\" class=\"icon\" alt=\"\" \/>                        \n                                                    <h3>Digitale ID-Pr\u00fcfung<\/h3>\n                                                \n                                                    <p>\u00dcberpr\u00fcfen Sie m\u00fchelos die Identit\u00e4t Ihrer Kunden und f\u00fcgen Sie so eine zus\u00e4tzliche Sicherheitsebene f\u00fcr Transaktionen hinzu.<\/p>\n                                            <\/div>\n                                    <!-- Individual box container -->\n                    <div class=\"grey-text-box\">\n                                                    <img decoding=\"async\" width=\"1\" height=\"1\" src=\"https:\/\/sharebox.global\/wp-content\/uploads\/2022\/09\/streamlinehq-cashless-payment-e-wallet-browser-money-payments-finance-40.svg\" class=\"icon\" alt=\"\" \/>                        \n                                                    <h3>Integration von Zahlungen<\/h3>\n                                                \n                                                    <p>Vereinfachen Sie Abrechnung und Zahlung mit integrierten L\u00f6sungen, die Zeit sparen und Fehler reduzieren.<\/p>\n                                            <\/div>\n                                    <\/div>\n    <\/div>    \n<\/div>\n\n","protected":false},"excerpt":{"rendered":"","protected":false},"author":1,"featured_media":0,"parent":0,"menu_order":0,"comment_status":"closed","ping_status":"closed","template":"","meta":{"_acf_changed":false,"content-type":"","inline_featured_image":false,"footnotes":""},"class_list":["post-44610","page","type-page","status-publish","hentry"],"acf":[],"yoast_head":"<!-- This site is optimized with the Yoast SEO plugin v27.4 - https:\/\/yoast.com\/product\/yoast-seo-wordpress\/ -->\n<title>Wie es funktioniert - Sharebox<\/title>\n<meta name=\"robots\" content=\"index, follow, max-snippet:-1, max-image-preview:large, max-video-preview:-1\" \/>\n<link rel=\"canonical\" href=\"https:\/\/sharebox.global\/de\/wie-es-funktioniert\/\" \/>\n<meta property=\"og:locale\" content=\"de_DE\" \/>\n<meta property=\"og:type\" content=\"article\" \/>\n<meta property=\"og:title\" content=\"Wie es funktioniert - Sharebox\" \/>\n<meta property=\"og:url\" content=\"https:\/\/sharebox.global\/de\/wie-es-funktioniert\/\" \/>\n<meta property=\"og:site_name\" content=\"Sharebox\" \/>\n<meta property=\"article:publisher\" content=\"https:\/\/www.facebook.com\/SHAREBOX.NO\/\" \/>\n<meta property=\"article:modified_time\" content=\"2025-05-06T09:14:31+00:00\" \/>\n<meta property=\"og:image\" content=\"https:\/\/sharebox.global\/wp-content\/uploads\/2025\/04\/Volkswagen-Nutzfahrzeuge-Service-Station-mit-Dach.png\" \/>\n\t<meta property=\"og:image:width\" content=\"1170\" \/>\n\t<meta property=\"og:image:height\" content=\"521\" \/>\n\t<meta property=\"og:image:type\" content=\"image\/png\" \/>\n<meta name=\"twitter:card\" content=\"summary_large_image\" \/>\n<script type=\"application\/ld+json\" class=\"yoast-schema-graph\">{\"@context\":\"https:\\\/\\\/schema.org\",\"@graph\":[{\"@type\":\"WebPage\",\"@id\":\"https:\\\/\\\/sharebox.global\\\/de\\\/wie-es-funktioniert\\\/\",\"url\":\"https:\\\/\\\/sharebox.global\\\/de\\\/wie-es-funktioniert\\\/\",\"name\":\"Wie es funktioniert - Sharebox\",\"isPartOf\":{\"@id\":\"https:\\\/\\\/sharebox.global\\\/de\\\/#website\"},\"datePublished\":\"2025-04-04T09:06:21+00:00\",\"dateModified\":\"2025-05-06T09:14:31+00:00\",\"breadcrumb\":{\"@id\":\"https:\\\/\\\/sharebox.global\\\/de\\\/wie-es-funktioniert\\\/#breadcrumb\"},\"inLanguage\":\"de\",\"potentialAction\":[{\"@type\":\"ReadAction\",\"target\":[\"https:\\\/\\\/sharebox.global\\\/de\\\/wie-es-funktioniert\\\/\"]}]},{\"@type\":\"BreadcrumbList\",\"@id\":\"https:\\\/\\\/sharebox.global\\\/de\\\/wie-es-funktioniert\\\/#breadcrumb\",\"itemListElement\":[{\"@type\":\"ListItem\",\"position\":1,\"name\":\"Home\",\"item\":\"https:\\\/\\\/sharebox.global\\\/de\\\/\"},{\"@type\":\"ListItem\",\"position\":2,\"name\":\"Wie es funktioniert\"}]},{\"@type\":\"WebSite\",\"@id\":\"https:\\\/\\\/sharebox.global\\\/de\\\/#website\",\"url\":\"https:\\\/\\\/sharebox.global\\\/de\\\/\",\"name\":\"Sharebox\",\"description\":\"Infrastructure for 24\\\/7 vehicle handover\",\"publisher\":{\"@id\":\"https:\\\/\\\/sharebox.global\\\/de\\\/#organization\"},\"potentialAction\":[{\"@type\":\"SearchAction\",\"target\":{\"@type\":\"EntryPoint\",\"urlTemplate\":\"https:\\\/\\\/sharebox.global\\\/de\\\/?s={search_term_string}\"},\"query-input\":{\"@type\":\"PropertyValueSpecification\",\"valueRequired\":true,\"valueName\":\"search_term_string\"}}],\"inLanguage\":\"de\"},{\"@type\":\"Organization\",\"@id\":\"https:\\\/\\\/sharebox.global\\\/de\\\/#organization\",\"name\":\"Sharebox\",\"url\":\"https:\\\/\\\/sharebox.global\\\/de\\\/\",\"logo\":{\"@type\":\"ImageObject\",\"inLanguage\":\"de\",\"@id\":\"https:\\\/\\\/sharebox.global\\\/de\\\/#\\\/schema\\\/logo\\\/image\\\/\",\"url\":\"https:\\\/\\\/sharebox.global\\\/wp-content\\\/uploads\\\/2024\\\/04\\\/Sharebox-logo-red-on-white-500px.png\",\"contentUrl\":\"https:\\\/\\\/sharebox.global\\\/wp-content\\\/uploads\\\/2024\\\/04\\\/Sharebox-logo-red-on-white-500px.png\",\"width\":450,\"height\":63,\"caption\":\"Sharebox\"},\"image\":{\"@id\":\"https:\\\/\\\/sharebox.global\\\/de\\\/#\\\/schema\\\/logo\\\/image\\\/\"},\"sameAs\":[\"https:\\\/\\\/www.facebook.com\\\/SHAREBOX.NO\\\/\",\"https:\\\/\\\/www.linkedin.com\\\/company\\\/sharebox-as\\\/\",\"https:\\\/\\\/www.youtube.com\\\/channel\\\/UCGwoGdfNeD59c2s4qhf0gLQ\"]}]}<\/script>\n<!-- \/ Yoast SEO plugin. -->","yoast_head_json":{"title":"Wie es funktioniert - Sharebox","robots":{"index":"index","follow":"follow","max-snippet":"max-snippet:-1","max-image-preview":"max-image-preview:large","max-video-preview":"max-video-preview:-1"},"canonical":"https:\/\/sharebox.global\/de\/wie-es-funktioniert\/","og_locale":"de_DE","og_type":"article","og_title":"Wie es funktioniert - Sharebox","og_url":"https:\/\/sharebox.global\/de\/wie-es-funktioniert\/","og_site_name":"Sharebox","article_publisher":"https:\/\/www.facebook.com\/SHAREBOX.NO\/","article_modified_time":"2025-05-06T09:14:31+00:00","og_image":[{"width":1170,"height":521,"url":"https:\/\/sharebox.global\/wp-content\/uploads\/2025\/04\/Volkswagen-Nutzfahrzeuge-Service-Station-mit-Dach.png","type":"image\/png"}],"twitter_card":"summary_large_image","schema":{"@context":"https:\/\/schema.org","@graph":[{"@type":"WebPage","@id":"https:\/\/sharebox.global\/de\/wie-es-funktioniert\/","url":"https:\/\/sharebox.global\/de\/wie-es-funktioniert\/","name":"Wie es funktioniert - Sharebox","isPartOf":{"@id":"https:\/\/sharebox.global\/de\/#website"},"datePublished":"2025-04-04T09:06:21+00:00","dateModified":"2025-05-06T09:14:31+00:00","breadcrumb":{"@id":"https:\/\/sharebox.global\/de\/wie-es-funktioniert\/#breadcrumb"},"inLanguage":"de","potentialAction":[{"@type":"ReadAction","target":["https:\/\/sharebox.global\/de\/wie-es-funktioniert\/"]}]},{"@type":"BreadcrumbList","@id":"https:\/\/sharebox.global\/de\/wie-es-funktioniert\/#breadcrumb","itemListElement":[{"@type":"ListItem","position":1,"name":"Home","item":"https:\/\/sharebox.global\/de\/"},{"@type":"ListItem","position":2,"name":"Wie es funktioniert"}]},{"@type":"WebSite","@id":"https:\/\/sharebox.global\/de\/#website","url":"https:\/\/sharebox.global\/de\/","name":"Sharebox","description":"Infrastructure for 24\/7 vehicle handover","publisher":{"@id":"https:\/\/sharebox.global\/de\/#organization"},"potentialAction":[{"@type":"SearchAction","target":{"@type":"EntryPoint","urlTemplate":"https:\/\/sharebox.global\/de\/?s={search_term_string}"},"query-input":{"@type":"PropertyValueSpecification","valueRequired":true,"valueName":"search_term_string"}}],"inLanguage":"de"},{"@type":"Organization","@id":"https:\/\/sharebox.global\/de\/#organization","name":"Sharebox","url":"https:\/\/sharebox.global\/de\/","logo":{"@type":"ImageObject","inLanguage":"de","@id":"https:\/\/sharebox.global\/de\/#\/schema\/logo\/image\/","url":"https:\/\/sharebox.global\/wp-content\/uploads\/2024\/04\/Sharebox-logo-red-on-white-500px.png","contentUrl":"https:\/\/sharebox.global\/wp-content\/uploads\/2024\/04\/Sharebox-logo-red-on-white-500px.png","width":450,"height":63,"caption":"Sharebox"},"image":{"@id":"https:\/\/sharebox.global\/de\/#\/schema\/logo\/image\/"},"sameAs":["https:\/\/www.facebook.com\/SHAREBOX.NO\/","https:\/\/www.linkedin.com\/company\/sharebox-as\/","https:\/\/www.youtube.com\/channel\/UCGwoGdfNeD59c2s4qhf0gLQ"]}]}},"_links":{"self":[{"href":"https:\/\/sharebox.global\/de\/wp-json\/wp\/v2\/pages\/44610","targetHints":{"allow":["GET"]}}],"collection":[{"href":"https:\/\/sharebox.global\/de\/wp-json\/wp\/v2\/pages"}],"about":[{"href":"https:\/\/sharebox.global\/de\/wp-json\/wp\/v2\/types\/page"}],"author":[{"embeddable":true,"href":"https:\/\/sharebox.global\/de\/wp-json\/wp\/v2\/users\/1"}],"replies":[{"embeddable":true,"href":"https:\/\/sharebox.global\/de\/wp-json\/wp\/v2\/comments?post=44610"}],"version-history":[{"count":2,"href":"https:\/\/sharebox.global\/de\/wp-json\/wp\/v2\/pages\/44610\/revisions"}],"predecessor-version":[{"id":45668,"href":"https:\/\/sharebox.global\/de\/wp-json\/wp\/v2\/pages\/44610\/revisions\/45668"}],"wp:attachment":[{"href":"https:\/\/sharebox.global\/de\/wp-json\/wp\/v2\/media?parent=44610"}],"curies":[{"name":"wp","href":"https:\/\/api.w.org\/{rel}","templated":true}]}}