{"id":44616,"date":"2025-04-07T08:42:01","date_gmt":"2025-04-07T08:42:01","guid":{"rendered":"https:\/\/sharebox.global\/produkte\/wandmontiertes-kabinett\/"},"modified":"2025-05-07T07:33:48","modified_gmt":"2025-05-07T07:33:48","slug":"wandmontiertes-kabinett","status":"publish","type":"page","link":"https:\/\/sharebox.global\/de\/produkte\/wandmontiertes-kabinett\/","title":{"rendered":"m28 Wandkioske"},"content":{"rendered":"\n<div id=\"intro--block_4439cc63c261026bfbd4f37639a5e427\" class=\"root-level-block intro\" style=\"background: \">\n\n    \n    <div class=\"container\">\n        <div class=\"intro_inner\">\n            <div class=\"intro_info\">\n                <small>WANDMONTIERTE KIOSKE<\/small>\n                                    <h1>m28<\/h1>\n                                <p style=\"color: ;\">Ausziehbare, wandmontierte Kioske f\u00fcr den Innen- und Au\u00dfenbereich<\/p>                                    <a \n                                                class=\"wp-block-button__link btn-light larger-button\"\n                        target=\"_self\"\n                        href=\"https:\/\/sharebox.global\/de\/get-started\/\"\n                    >\n                        Demo buchen                    <\/a>\n                            <\/div>\n            <div class=\"intro_img\">\n                <img decoding=\"async\" src=\"https:\/\/sharebox.global\/wp-content\/uploads\/2025\/03\/mKiosk_detail_bg313130@700900.jpg\" alt=\"\">\n            <\/div>\n        <\/div>\n    <\/div>\n<\/div>\n\n<div id=\"image-with-title-and-description--block_905fa5fae0a7fad74f2341c02bf6d6b9\" class=\"root-level-block image-with-title-and-description is-style-right-aligned\">\n    \n    <div class=\"container relative\">\n        <div class=\"halved-image-container\">\n                            <div class=\"halved-image\"><img decoding=\"async\" width=\"1024\" height=\"768\" src=\"https:\/\/sharebox.global\/wp-content\/uploads\/2025\/03\/M28-blurredPerson_beigeBG@1200-900.jpg\" class=\"attachment-large size-large\" alt=\"\" srcset=\"https:\/\/sharebox.global\/wp-content\/uploads\/2025\/03\/M28-blurredPerson_beigeBG@1200-900.jpg 1200w, https:\/\/sharebox.global\/wp-content\/uploads\/2025\/03\/M28-blurredPerson_beigeBG@1200-900-300x225.jpg 300w, https:\/\/sharebox.global\/wp-content\/uploads\/2025\/03\/M28-blurredPerson_beigeBG@1200-900-768x576.jpg 768w\" sizes=\"(max-width: 1024px) 100vw, 1024px\" \/><\/div>\n            \n                            <div class=\"halved\">\n                    <div class=\"halved-type\">\n                                                    <h3>Intuitiv und schlank<\/h3>\n                                                \n                                                    <ul style=\"margin-left: 0;\" class=\"custom-bullet-list\"><li>Einfache, selbstgesteuerte Bedienung<\/li><li>Intuitive Touchscreen-Benutzeroberfl\u00e4che<\/li><li>Schlankes Design passt zu jeder Verkaufsumgebung<\/li><\/ul>                                            <\/div>\n\n                                                <div class=\"wp-block-button__group\">\n                                                                        <a class=\"wp-block-button__link btn-light\" \n                                            href=\"\"\n                                            >\n                                            Demo buchen                                        <\/a>\n                                                                <\/div>\n                                                            <\/div>\n                    <\/div>\n    <\/div>\n<\/div>\n\n\n<div id=\"repeating-row-of-three-boxes--block_a7c59431aeddb7fffd3205d3d66fa0d2\" class=\"root-level-block repeating-row-of-three-boxes\">\n\n    <div class=\"container\">\n\n        <div class=\"grey-box-row\">\n                                <!-- Individual box container -->\n                    <div class=\"grey-text-box\">\n                                                    <img decoding=\"async\" width=\"1\" height=\"1\" src=\"https:\/\/sharebox.global\/wp-content\/uploads\/2022\/09\/streamlinehq-resize-expand-sides-design-40.svg\" class=\"icon\" alt=\"\" \/>                        \n                                                    <h3>W\u00e4hlen Sie die richtige Gr\u00f6\u00dfe<\/h3>\n                                                \n                                                    <p>Verf\u00fcgbar f\u00fcr 12 oder 28 Schl\u00fcssel. F\u00fcgen Sie bei Bedarf unbegrenzt viele weitere Kioske hinzu. <\/p>\n                                            <\/div>\n                                    <!-- Individual box container -->\n                    <div class=\"grey-text-box\">\n                                                    <img decoding=\"async\" width=\"1\" height=\"1\" src=\"https:\/\/sharebox.global\/wp-content\/uploads\/2022\/09\/streamlinehq-headphones-customer-support-human-interface-essential-40.svg\" class=\"icon\" alt=\"\" \/>                        \n                                                    <h3>Service und Unterst\u00fctzung<\/h3>\n                                                \n                                                    <p>W\u00e4hlen Sie einen Serviceplan mit dem Support-Level, den Sie ben\u00f6tigen.<\/p>\n                                            <\/div>\n                                    <!-- Individual box container -->\n                    <div class=\"grey-text-box\">\n                                                    <img decoding=\"async\" width=\"1\" height=\"1\" src=\"https:\/\/sharebox.global\/wp-content\/uploads\/2022\/09\/streamlinehq-reward-stars-2-social-medias-rewards-rating-40.svg\" class=\"icon\" alt=\"\" \/>                        \n                                                    <h3>Funktionen und Add-ons<\/h3>\n                                                \n                                                    <p>Hinzuf\u00fcgen, Integrationen, Zahlung, ID und viele andere Funktionen.<\/p>\n                                            <\/div>\n                                    <\/div>\n    <\/div>    \n<\/div>\n\n\n<div id=\"image-with-title-and-description--block_26a473b45b4362f10325ba40f369db70\" class=\"root-level-block image-with-title-and-description direction-right\">\n    \n    <div class=\"container relative\">\n        <div class=\"halved-image-container\">\n                            <div class=\"halved-image\"><img decoding=\"async\" width=\"1024\" height=\"768\" src=\"https:\/\/sharebox.global\/wp-content\/uploads\/2025\/03\/s32i32m28_blurredPerson_purpleBG@1000_750_Sharebox.jpg\" class=\"attachment-large size-large\" alt=\"\" srcset=\"https:\/\/sharebox.global\/wp-content\/uploads\/2025\/03\/s32i32m28_blurredPerson_purpleBG@1000_750_Sharebox.jpg 1200w, https:\/\/sharebox.global\/wp-content\/uploads\/2025\/03\/s32i32m28_blurredPerson_purpleBG@1000_750_Sharebox-300x225.jpg 300w, https:\/\/sharebox.global\/wp-content\/uploads\/2025\/03\/s32i32m28_blurredPerson_purpleBG@1000_750_Sharebox-768x576.jpg 768w\" sizes=\"(max-width: 1024px) 100vw, 1024px\" \/><\/div>\n            \n                            <div class=\"halved\">\n                    <div class=\"halved-type\">\n                                                    <h3>Kundenspezifisches Design und White-Labeling<\/h3>\n                                                \n                                                    <p>Alle Kioske k\u00f6nnen an Ihr\nBranding und Design angepasst werden.<\/p>                                            <\/div>\n\n                                                <div class=\"wp-block-button__group\">\n                                                                        <a class=\"wp-block-button__link btn-light\" \n                                            href=\"\"\n                                            >\n                                            Weiterlesen                                        <\/a>\n                                                                <\/div>\n                                                            <\/div>\n                    <\/div>\n    <\/div>\n<\/div>\n\n    <div id=\"accordion--block_84d9650cc1d7fb1e3c50b6faa5f72b11\" class=\"root-level-block accordion\">\n        <div class=\"container\">\n                            <details class=\"accordion-item\">\n                    <summary class=\"accordion-title\">Technische Daten<\/summary>\n                    <div class=\"accordion-content\"><p>&nbsp;<\/p>\n<p><img decoding=\"async\" class=\"alignnone wp-image-28439\" src=\"https:\/\/sharebox.global\/wp-content\/uploads\/2025\/03\/m28_measurements@1000px-1-300x285.jpg\" alt=\"\" width=\"800\" height=\"760\" srcset=\"https:\/\/sharebox.global\/wp-content\/uploads\/2025\/03\/m28_measurements@1000px-1-300x285.jpg 300w, https:\/\/sharebox.global\/wp-content\/uploads\/2025\/03\/m28_measurements@1000px-1-768x730.jpg 768w, https:\/\/sharebox.global\/wp-content\/uploads\/2025\/03\/m28_measurements@1000px-1.jpg 1000w\" sizes=\"(max-width: 800px) 100vw, 800px\" \/><\/p>\n<p>&nbsp;<\/p>\n<ul>\n<li class=\"p1\">Abmessungen des Kiosks:<br \/>\nm12 (HxBxT): 80x30x14 cm | 31,5\u2033x11,8\u2033x5,5\u2033<br \/>\nm28 (HxBxT): 80x53x14 cm | 31,5\u2033x20,9\u2033x5,5\u2033<\/li>\n<li class=\"p1\">Gewicht des Kiosks:<br \/>\nm12: 25kg | 55.12 lb<br \/>\nm28: 50kg | 110.23 lb<\/li>\n<li class=\"p1\">Anzahl der Schlie\u00dff\u00e4cher: 12 oder 28 <\/li>\n<li class=\"p1\">Ma\u00dfe des Schlie\u00dffachs (HxBxT):<br \/>\n6 x 8 x 5 cm<\/li>\n<li class=\"p1\">Rahmen und Schr\u00e4nke aus rostfreiem Stahl<\/li>\n<li class=\"p1\">Gr\u00f6\u00dfe des Touchscreen-Displays: 4,3&#8243;<\/li>\n<li class=\"p1\">Farbe: Schwarz oder Wei\u00df<\/li>\n<li class=\"p1\">Betrieb: Au\u00dfen oder Innen<\/li>\n<li class=\"p1\">Betriebstemperatur: 0\u00b0C &#8211; +50\u00b0C<\/li>\n<li class=\"p1\">Stromversorgung: 100-240VAC<\/li>\n<li class=\"p1\">Leistungsaufnahme: ca.10 W <\/li>\n<li><strong><a href=\"https:\/\/4025274.fs1.hubspotusercontent-na1.net\/hubfs\/4025274\/Product%20sheet%20for%20Sharebox%20m12-m28%20kiosk%20(A).pdf\" target=\"_blank\" rel=\"noreferrer noopener\">Download Produktdaten pdf<\/a><\/strong><\/li>\n<\/ul>\n<\/div>\n                <\/details>\n                    <\/div>  \n    <\/div>\n\n<div id=\"three-columns-with-support--block_b916eaf1f37e25e8d44505d426e034e3\" class=\"root-level-block three-columns-with-support\">\n\n    <div class=\"container\">\n\n        <div class=\"decided\">\n            \n                                \n                            <!-- Display section title if one exists -->\n                <h2 class=\"decided-title text-center\">Beginnen Sie<\/h2>\n                            \n                                    \n                        <!-- Column container for the 3 boxes -->\n            <div class=\"column-box-row\">\n                \n                            <!-- Individual box container -->\n                            <div class=\"column-text-box\">\n                                                                    <img decoding=\"async\" width=\"48\" height=\"48\" src=\"https:\/\/sharebox.global\/wp-content\/uploads\/2025\/03\/icon_monitorbookstudent@48.png\" class=\"icon\" alt=\"\" \/>                                \n                                <h3>1. Demo ansehen<\/h3>\n                                <p>Sehen Sie es live und teilen Sie uns Ihre Anforderungen mit.<\/p>\n                            <\/div>\n\n                        \n                            <!-- Individual box container -->\n                            <div class=\"column-text-box\">\n                                                                    <img decoding=\"async\" width=\"48\" height=\"48\" src=\"https:\/\/sharebox.global\/wp-content\/uploads\/2025\/03\/icon_planblueprint@48.png\" class=\"icon\" alt=\"\" \/>                                \n                                <h3>2. Ma\u00dfgeschneiderter Vorschlag<\/h3>\n                                <p>Sie erhalten einen Plan und eine Strategie, die auf Ihr Unternehmen und Ihre Ziele zugeschnitten sind.<\/p>\n                            <\/div>\n\n                        \n                            <!-- Individual box container -->\n                            <div class=\"column-text-box\">\n                                                                    <img decoding=\"async\" width=\"48\" height=\"48\" src=\"https:\/\/sharebox.global\/wp-content\/uploads\/2025\/03\/icon_toolsscrewdriverwrench@48.png\" class=\"icon\" alt=\"\" \/>                                \n                                <h3>3. Implementierung<\/h3>\n                                <p>Wir k\u00fcmmern uns um die Installation und Konfiguration und schulen Ihre Mitarbeiter.<\/p>\n                            <\/div>\n\n                                    <\/div>\n            <!-- End check for enabled columns -->\n\n                        <!-- Button group centered below content -->\n            <div class=\"centered-button-group\">\n                                                <a class=\"wp-block-button__link btn-light\"\n                    href=\"https:\/\/sharebox.global\/de\/get-started\/\"\n                    >\n                        Demos ansehen                    <\/a>\n                                                <\/div>\n                    <\/div>\n    <\/div>\n<\/div>\n","protected":false},"excerpt":{"rendered":"","protected":false},"author":1,"featured_media":0,"parent":33353,"menu_order":0,"comment_status":"closed","ping_status":"closed","template":"","meta":{"_acf_changed":false,"content-type":"","inline_featured_image":false,"footnotes":""},"class_list":["post-44616","page","type-page","status-publish","hentry"],"acf":[],"yoast_head":"<!-- This site is optimized with the Yoast SEO plugin v27.4 - https:\/\/yoast.com\/product\/yoast-seo-wordpress\/ -->\n<title>m28 Wandkioske - Sharebox<\/title>\n<meta name=\"description\" content=\"Ausziehbare, wandmontierte Kioske f\u00fcr den Innen- und Au\u00dfenbereich.\" \/>\n<meta name=\"robots\" content=\"index, follow, max-snippet:-1, max-image-preview:large, max-video-preview:-1\" \/>\n<link rel=\"canonical\" href=\"https:\/\/sharebox.global\/de\/produkte\/wandmontiertes-kabinett\/\" \/>\n<meta property=\"og:locale\" content=\"de_DE\" \/>\n<meta property=\"og:type\" content=\"article\" \/>\n<meta property=\"og:title\" content=\"m28 Wandkioske\" \/>\n<meta property=\"og:description\" content=\"Ausziehbare, wandmontierte Kioske f\u00fcr den Innen- und Au\u00dfenbereich.\" \/>\n<meta property=\"og:url\" content=\"https:\/\/sharebox.global\/de\/produkte\/wandmontiertes-kabinett\/\" \/>\n<meta property=\"og:site_name\" content=\"Sharebox\" \/>\n<meta property=\"article:publisher\" content=\"https:\/\/www.facebook.com\/SHAREBOX.NO\/\" \/>\n<meta property=\"article:modified_time\" content=\"2025-05-07T07:33:48+00:00\" \/>\n<meta property=\"og:image\" content=\"https:\/\/sharebox.global\/wp-content\/uploads\/2025\/04\/Volkswagen-Nutzfahrzeuge-Service-Station-mit-Dach.png\" \/>\n\t<meta property=\"og:image:width\" content=\"1170\" \/>\n\t<meta property=\"og:image:height\" content=\"521\" \/>\n\t<meta property=\"og:image:type\" content=\"image\/png\" \/>\n<meta name=\"twitter:card\" content=\"summary_large_image\" \/>\n<script type=\"application\/ld+json\" class=\"yoast-schema-graph\">{\"@context\":\"https:\\\/\\\/schema.org\",\"@graph\":[{\"@type\":\"WebPage\",\"@id\":\"https:\\\/\\\/sharebox.global\\\/de\\\/produkte\\\/wandmontiertes-kabinett\\\/\",\"url\":\"https:\\\/\\\/sharebox.global\\\/de\\\/produkte\\\/wandmontiertes-kabinett\\\/\",\"name\":\"m28 Wandkioske - Sharebox\",\"isPartOf\":{\"@id\":\"https:\\\/\\\/sharebox.global\\\/de\\\/#website\"},\"datePublished\":\"2025-04-07T08:42:01+00:00\",\"dateModified\":\"2025-05-07T07:33:48+00:00\",\"description\":\"Ausziehbare, wandmontierte Kioske f\u00fcr den Innen- und Au\u00dfenbereich.\",\"breadcrumb\":{\"@id\":\"https:\\\/\\\/sharebox.global\\\/de\\\/produkte\\\/wandmontiertes-kabinett\\\/#breadcrumb\"},\"inLanguage\":\"de\",\"potentialAction\":[{\"@type\":\"ReadAction\",\"target\":[\"https:\\\/\\\/sharebox.global\\\/de\\\/produkte\\\/wandmontiertes-kabinett\\\/\"]}]},{\"@type\":\"BreadcrumbList\",\"@id\":\"https:\\\/\\\/sharebox.global\\\/de\\\/produkte\\\/wandmontiertes-kabinett\\\/#breadcrumb\",\"itemListElement\":[{\"@type\":\"ListItem\",\"position\":1,\"name\":\"Home\",\"item\":\"https:\\\/\\\/sharebox.global\\\/de\\\/\"},{\"@type\":\"ListItem\",\"position\":2,\"name\":\"Produkte\",\"item\":\"https:\\\/\\\/contentsuite.sharebox.global\\\/de\\\/produkte\\\/\"},{\"@type\":\"ListItem\",\"position\":3,\"name\":\"m28 Wandkioske\"}]},{\"@type\":\"WebSite\",\"@id\":\"https:\\\/\\\/sharebox.global\\\/de\\\/#website\",\"url\":\"https:\\\/\\\/sharebox.global\\\/de\\\/\",\"name\":\"Sharebox\",\"description\":\"Infrastructure for 24\\\/7 vehicle handover\",\"publisher\":{\"@id\":\"https:\\\/\\\/sharebox.global\\\/de\\\/#organization\"},\"potentialAction\":[{\"@type\":\"SearchAction\",\"target\":{\"@type\":\"EntryPoint\",\"urlTemplate\":\"https:\\\/\\\/sharebox.global\\\/de\\\/?s={search_term_string}\"},\"query-input\":{\"@type\":\"PropertyValueSpecification\",\"valueRequired\":true,\"valueName\":\"search_term_string\"}}],\"inLanguage\":\"de\"},{\"@type\":\"Organization\",\"@id\":\"https:\\\/\\\/sharebox.global\\\/de\\\/#organization\",\"name\":\"Sharebox\",\"url\":\"https:\\\/\\\/sharebox.global\\\/de\\\/\",\"logo\":{\"@type\":\"ImageObject\",\"inLanguage\":\"de\",\"@id\":\"https:\\\/\\\/sharebox.global\\\/de\\\/#\\\/schema\\\/logo\\\/image\\\/\",\"url\":\"https:\\\/\\\/sharebox.global\\\/wp-content\\\/uploads\\\/2024\\\/04\\\/Sharebox-logo-red-on-white-500px.png\",\"contentUrl\":\"https:\\\/\\\/sharebox.global\\\/wp-content\\\/uploads\\\/2024\\\/04\\\/Sharebox-logo-red-on-white-500px.png\",\"width\":450,\"height\":63,\"caption\":\"Sharebox\"},\"image\":{\"@id\":\"https:\\\/\\\/sharebox.global\\\/de\\\/#\\\/schema\\\/logo\\\/image\\\/\"},\"sameAs\":[\"https:\\\/\\\/www.facebook.com\\\/SHAREBOX.NO\\\/\",\"https:\\\/\\\/www.linkedin.com\\\/company\\\/sharebox-as\\\/\",\"https:\\\/\\\/www.youtube.com\\\/channel\\\/UCGwoGdfNeD59c2s4qhf0gLQ\"]}]}<\/script>\n<!-- \/ Yoast SEO plugin. -->","yoast_head_json":{"title":"m28 Wandkioske - Sharebox","description":"Ausziehbare, wandmontierte Kioske f\u00fcr den Innen- und Au\u00dfenbereich.","robots":{"index":"index","follow":"follow","max-snippet":"max-snippet:-1","max-image-preview":"max-image-preview:large","max-video-preview":"max-video-preview:-1"},"canonical":"https:\/\/sharebox.global\/de\/produkte\/wandmontiertes-kabinett\/","og_locale":"de_DE","og_type":"article","og_title":"m28 Wandkioske","og_description":"Ausziehbare, wandmontierte Kioske f\u00fcr den Innen- und Au\u00dfenbereich.","og_url":"https:\/\/sharebox.global\/de\/produkte\/wandmontiertes-kabinett\/","og_site_name":"Sharebox","article_publisher":"https:\/\/www.facebook.com\/SHAREBOX.NO\/","article_modified_time":"2025-05-07T07:33:48+00:00","og_image":[{"width":1170,"height":521,"url":"https:\/\/sharebox.global\/wp-content\/uploads\/2025\/04\/Volkswagen-Nutzfahrzeuge-Service-Station-mit-Dach.png","type":"image\/png"}],"twitter_card":"summary_large_image","schema":{"@context":"https:\/\/schema.org","@graph":[{"@type":"WebPage","@id":"https:\/\/sharebox.global\/de\/produkte\/wandmontiertes-kabinett\/","url":"https:\/\/sharebox.global\/de\/produkte\/wandmontiertes-kabinett\/","name":"m28 Wandkioske - Sharebox","isPartOf":{"@id":"https:\/\/sharebox.global\/de\/#website"},"datePublished":"2025-04-07T08:42:01+00:00","dateModified":"2025-05-07T07:33:48+00:00","description":"Ausziehbare, wandmontierte Kioske f\u00fcr den Innen- und Au\u00dfenbereich.","breadcrumb":{"@id":"https:\/\/sharebox.global\/de\/produkte\/wandmontiertes-kabinett\/#breadcrumb"},"inLanguage":"de","potentialAction":[{"@type":"ReadAction","target":["https:\/\/sharebox.global\/de\/produkte\/wandmontiertes-kabinett\/"]}]},{"@type":"BreadcrumbList","@id":"https:\/\/sharebox.global\/de\/produkte\/wandmontiertes-kabinett\/#breadcrumb","itemListElement":[{"@type":"ListItem","position":1,"name":"Home","item":"https:\/\/sharebox.global\/de\/"},{"@type":"ListItem","position":2,"name":"Produkte","item":"https:\/\/contentsuite.sharebox.global\/de\/produkte\/"},{"@type":"ListItem","position":3,"name":"m28 Wandkioske"}]},{"@type":"WebSite","@id":"https:\/\/sharebox.global\/de\/#website","url":"https:\/\/sharebox.global\/de\/","name":"Sharebox","description":"Infrastructure for 24\/7 vehicle handover","publisher":{"@id":"https:\/\/sharebox.global\/de\/#organization"},"potentialAction":[{"@type":"SearchAction","target":{"@type":"EntryPoint","urlTemplate":"https:\/\/sharebox.global\/de\/?s={search_term_string}"},"query-input":{"@type":"PropertyValueSpecification","valueRequired":true,"valueName":"search_term_string"}}],"inLanguage":"de"},{"@type":"Organization","@id":"https:\/\/sharebox.global\/de\/#organization","name":"Sharebox","url":"https:\/\/sharebox.global\/de\/","logo":{"@type":"ImageObject","inLanguage":"de","@id":"https:\/\/sharebox.global\/de\/#\/schema\/logo\/image\/","url":"https:\/\/sharebox.global\/wp-content\/uploads\/2024\/04\/Sharebox-logo-red-on-white-500px.png","contentUrl":"https:\/\/sharebox.global\/wp-content\/uploads\/2024\/04\/Sharebox-logo-red-on-white-500px.png","width":450,"height":63,"caption":"Sharebox"},"image":{"@id":"https:\/\/sharebox.global\/de\/#\/schema\/logo\/image\/"},"sameAs":["https:\/\/www.facebook.com\/SHAREBOX.NO\/","https:\/\/www.linkedin.com\/company\/sharebox-as\/","https:\/\/www.youtube.com\/channel\/UCGwoGdfNeD59c2s4qhf0gLQ"]}]}},"_links":{"self":[{"href":"https:\/\/sharebox.global\/de\/wp-json\/wp\/v2\/pages\/44616","targetHints":{"allow":["GET"]}}],"collection":[{"href":"https:\/\/sharebox.global\/de\/wp-json\/wp\/v2\/pages"}],"about":[{"href":"https:\/\/sharebox.global\/de\/wp-json\/wp\/v2\/types\/page"}],"author":[{"embeddable":true,"href":"https:\/\/sharebox.global\/de\/wp-json\/wp\/v2\/users\/1"}],"replies":[{"embeddable":true,"href":"https:\/\/sharebox.global\/de\/wp-json\/wp\/v2\/comments?post=44616"}],"version-history":[{"count":3,"href":"https:\/\/sharebox.global\/de\/wp-json\/wp\/v2\/pages\/44616\/revisions"}],"predecessor-version":[{"id":45600,"href":"https:\/\/sharebox.global\/de\/wp-json\/wp\/v2\/pages\/44616\/revisions\/45600"}],"up":[{"embeddable":true,"href":"https:\/\/sharebox.global\/de\/wp-json\/wp\/v2\/pages\/33353"}],"wp:attachment":[{"href":"https:\/\/sharebox.global\/de\/wp-json\/wp\/v2\/media?parent=44616"}],"curies":[{"name":"wp","href":"https:\/\/api.w.org\/{rel}","templated":true}]}}