{"id":44629,"date":"2025-04-07T08:42:01","date_gmt":"2025-04-07T08:42:01","guid":{"rendered":"https:\/\/sharebox.global\/produkte\/breite-kioske\/"},"modified":"2025-05-07T07:34:30","modified_gmt":"2025-05-07T07:34:30","slug":"breite-kioske","status":"publish","type":"page","link":"https:\/\/sharebox.global\/de\/produkte\/breite-kioske\/","title":{"rendered":"w64 Kioske f\u00fcr den Innenbereich"},"content":{"rendered":"\n<div id=\"intro--block_921d0e14f41a970f5fb4d898b50ce7c4\" class=\"root-level-block intro\" style=\"background: \">\n\n    \n    <div class=\"container\">\n        <div class=\"intro_inner\">\n            <div class=\"intro_info\">\n                <small>Breite Kioske<\/small>\n                                    <h1>w64<\/h1>\n                                <p style=\"color: ;\">Bodenmontierte Kioske, erweiterbar auf bis zu 1280 Schlie\u00dff\u00e4cher<\/p>                                    <a \n                                                class=\"wp-block-button__link btn-light larger-button\"\n                        target=\"_self\"\n                        href=\"https:\/\/sharebox.global\/de\/get-started\/\"\n                    >\n                        Demo buchen                    <\/a>\n                            <\/div>\n            <div class=\"intro_img\">\n                <img decoding=\"async\" src=\"https:\/\/sharebox.global\/wp-content\/uploads\/2025\/03\/w64_detail_bg313130@900-700-2.jpg\" alt=\"\">\n            <\/div>\n        <\/div>\n    <\/div>\n<\/div>\n\n<div id=\"image-with-title-and-description--block_37c4bc6483e7f0b5e70bdb50a719bc65\" class=\"root-level-block image-with-title-and-description is-style-right-aligned direction-right\">\n    \n    <div class=\"container relative\">\n        <div class=\"halved-image-container\">\n                            <div class=\"halved-image\"><img decoding=\"async\" width=\"800\" height=\"600\" src=\"https:\/\/sharebox.global\/wp-content\/uploads\/2025\/03\/w64_basement@800-600.jpg\" class=\"attachment-large size-large\" alt=\"\" srcset=\"https:\/\/sharebox.global\/wp-content\/uploads\/2025\/03\/w64_basement@800-600.jpg 800w, https:\/\/sharebox.global\/wp-content\/uploads\/2025\/03\/w64_basement@800-600-300x225.jpg 300w, https:\/\/sharebox.global\/wp-content\/uploads\/2025\/03\/w64_basement@800-600-768x576.jpg 768w\" sizes=\"(max-width: 800px) 100vw, 800px\" \/><\/div>\n            \n                            <div class=\"halved\">\n                    <div class=\"halved-type\">\n                                                    <h3>Ideal f\u00fcr hochvolumige Operationen<\/h3>\n                                                \n                                                    <ul style=\"margin-left: 0;\" class=\"custom-bullet-list\"><li>Einfache, selbstgesteuerte Bedienung<\/li><li>Intuitive Touchscreen-Benutzeroberfl\u00e4che<\/li><li>Halten Sie die Kundenleitungen kurz<\/li><\/ul>                                            <\/div>\n\n                                                <div class=\"wp-block-button__group\">\n                                                                        <a class=\"wp-block-button__link btn-light\" \n                                            href=\"\"\n                                            >\n                                            Demo buchen                                        <\/a>\n                                                                <\/div>\n                                                            <\/div>\n                    <\/div>\n    <\/div>\n<\/div>\n\n\n<div id=\"repeating-row-of-three-boxes--block_f838b58a9adf0d5265c8a9b3673d896a\" class=\"root-level-block repeating-row-of-three-boxes\">\n\n    <div class=\"container\">\n\n        <div class=\"grey-box-row\">\n                                <!-- Individual box container -->\n                    <div class=\"grey-text-box\">\n                                                    <img decoding=\"async\" width=\"96\" height=\"96\" src=\"https:\/\/sharebox.global\/wp-content\/uploads\/2025\/03\/icon_speedometer@96px.png\" class=\"icon\" alt=\"\" \/>                        \n                                                    <h3>Bew\u00e4ltigt hohes Verkehrsaufkommen<\/h3>\n                                                \n                                                    <p>Beginnt bei 64 Schlie\u00dff\u00e4chern, erweiterbar auf 1280.<\/p>\n                                            <\/div>\n                                    <!-- Individual box container -->\n                    <div class=\"grey-text-box\">\n                                                    <img decoding=\"async\" width=\"1\" height=\"1\" src=\"https:\/\/sharebox.global\/wp-content\/uploads\/2022\/09\/streamlinehq-headphones-customer-support-human-interface-essential-40.svg\" class=\"icon\" alt=\"\" \/>                        \n                                                    <h3>Service und Unterst\u00fctzung<\/h3>\n                                                \n                                                    <p>W\u00e4hlen Sie einen Serviceplan mit dem Support-Level, den Sie ben\u00f6tigen.<\/p>\n                                            <\/div>\n                                    <!-- Individual box container -->\n                    <div class=\"grey-text-box\">\n                                                    <img decoding=\"async\" width=\"1\" height=\"1\" src=\"https:\/\/sharebox.global\/wp-content\/uploads\/2022\/09\/streamlinehq-reward-stars-2-social-medias-rewards-rating-40.svg\" class=\"icon\" alt=\"\" \/>                        \n                                                    <h3>Funktionen und Add-ons<\/h3>\n                                                \n                                                    <p>Hinzuf\u00fcgen, Integrationen, Zahlung, ID und viele andere Funktionen.<\/p>\n                                            <\/div>\n                                    <\/div>\n    <\/div>    \n<\/div>\n\n\n    <div id=\"accordion--block_ba13f61d1eb3a65a164f5263f64f51f5\" class=\"root-level-block accordion\">\n        <div class=\"container\">\n                            <details class=\"accordion-item\">\n                    <summary class=\"accordion-title\">Technische Daten<\/summary>\n                    <div class=\"accordion-content\"><ul>\n<li>Abmessungen des Kiosks:<br \/>\n(HxBxT): 174x100x15 cm | 68,5 x 39,4 x 5,9\u2033<\/li>\n<li>Gewicht des Kiosks:<br \/>\n130kg | 353 lb<\/li>\n<li>Anzahl der Schlie\u00dff\u00e4cher: 64 <\/li>\n<li>Gr\u00f6\u00dfe des Schlie\u00dffachs (HxBxT):<br \/>\n6 x 9 x 7 cm | 2 x 3,5 x 2,8&#8243;<\/li>\n<li>Rahmen und Schr\u00e4nke aus rostfreiem Stahl<\/li>\n<li>Gr\u00f6\u00dfe des Touchscreen-Displays: 15&#8243;<\/li>\n<li>Farbe: Schwarz<\/li>\n<li>Betrieb: Innenbereich<\/li>\n<li>Stromversorgung: 100-240VAC<\/li>\n<li>Leistungsaufnahme: ca. 20 W <\/li>\n<li><a href=\"https:\/\/4025274.fs1.hubspotusercontent-na1.net\/hubfs\/4025274\/Product%20sheet%20for%20Sharebox%20w64%20kiosk%20(A).pdf\" target=\"_blank\" rel=\"noreferrer noopener\" data-type=\"link\" data-id=\"https:\/\/4025274.fs1.hubspotusercontent-na1.net\/hubfs\/4025274\/Sharebox%20w64%20datasheet%20PA1.pdf\">Download Produktdaten pdf<\/a><\/li>\n<\/ul>\n<\/div>\n                <\/details>\n                    <\/div>  \n    <\/div>\n\n<div id=\"image-with-title-and-description--block_68504aeaa54bfd46e45b87384ab07690\" class=\"root-level-block image-with-title-and-description direction-right\">\n    \n    <div class=\"container relative\">\n        <div class=\"halved-image-container\">\n                            <div class=\"halved-image\"><img decoding=\"async\" width=\"800\" height=\"600\" src=\"https:\/\/sharebox.global\/wp-content\/uploads\/2025\/03\/w64_basement_mockBrand@800-600.jpg\" class=\"attachment-large size-large\" alt=\"\" srcset=\"https:\/\/sharebox.global\/wp-content\/uploads\/2025\/03\/w64_basement_mockBrand@800-600.jpg 800w, https:\/\/sharebox.global\/wp-content\/uploads\/2025\/03\/w64_basement_mockBrand@800-600-300x225.jpg 300w, https:\/\/sharebox.global\/wp-content\/uploads\/2025\/03\/w64_basement_mockBrand@800-600-768x576.jpg 768w\" sizes=\"(max-width: 800px) 100vw, 800px\" \/><\/div>\n            \n                            <div class=\"halved\">\n                    <div class=\"halved-type\">\n                                                    <h3>Kundenspezifisches Design und White-Labeling<\/h3>\n                                                \n                                                    <p>Alle Kioske k\u00f6nnen an Ihr\nBranding und Design angepasst werden.<\/p>                                            <\/div>\n\n                                                <div class=\"wp-block-button__group\">\n                                                                        <a class=\"wp-block-button__link btn-light\" \n                                            href=\"https:\/\/sharebox.global\"\n                                            >\n                                            Mehr lesen                                        <\/a>\n                                                                <\/div>\n                                                            <\/div>\n                    <\/div>\n    <\/div>\n<\/div>\n\n<div id=\"three-columns-with-support--block_8378025e86cfdd5f59a166c8ccfe4bed\" class=\"root-level-block three-columns-with-support\">\n\n    <div class=\"container\">\n\n        <div class=\"decided\">\n            \n                                \n                            <!-- Display section title if one exists -->\n                <h2 class=\"decided-title text-center\">Beginnen Sie<\/h2>\n                            \n                                    \n                        <!-- Column container for the 3 boxes -->\n            <div class=\"column-box-row\">\n                \n                            <!-- Individual box container -->\n                            <div class=\"column-text-box\">\n                                                                    <img decoding=\"async\" width=\"48\" height=\"48\" src=\"https:\/\/sharebox.global\/wp-content\/uploads\/2025\/03\/icon_monitorbookstudent@48.png\" class=\"icon\" alt=\"\" \/>                                \n                                <h3>1. Demo ansehen<\/h3>\n                                <p>Sehen Sie es live und teilen Sie uns Ihre Anforderungen mit.<\/p>\n                            <\/div>\n\n                        \n                            <!-- Individual box container -->\n                            <div class=\"column-text-box\">\n                                                                    <img decoding=\"async\" width=\"48\" height=\"48\" src=\"https:\/\/sharebox.global\/wp-content\/uploads\/2025\/03\/icon_planblueprint@48.png\" class=\"icon\" alt=\"\" \/>                                \n                                <h3>2. Ma\u00dfgeschneiderter Vorschlag<\/h3>\n                                <p>Sie erhalten einen Plan und eine Strategie, die auf Ihr Unternehmen und Ihre Ziele zugeschnitten sind.<\/p>\n                            <\/div>\n\n                        \n                            <!-- Individual box container -->\n                            <div class=\"column-text-box\">\n                                                                    <img decoding=\"async\" width=\"48\" height=\"48\" src=\"https:\/\/sharebox.global\/wp-content\/uploads\/2025\/03\/icon_toolsscrewdriverwrench@48.png\" class=\"icon\" alt=\"\" \/>                                \n                                <h3>3. Implementierung<\/h3>\n                                <p>Wir k\u00fcmmern uns um die Installation und Konfiguration und schulen Ihre Mitarbeiter.<\/p>\n                            <\/div>\n\n                                    <\/div>\n            <!-- End check for enabled columns -->\n\n                        <!-- Button group centered below content -->\n            <div class=\"centered-button-group\">\n                                                <a class=\"wp-block-button__link btn-light\"\n                    href=\"https:\/\/sharebox.global\/de\/get-started\/\"\n                    >\n                        Demos ansehen                    <\/a>\n                                                <\/div>\n                    <\/div>\n    <\/div>\n<\/div>\n","protected":false},"excerpt":{"rendered":"","protected":false},"author":1,"featured_media":0,"parent":33353,"menu_order":0,"comment_status":"closed","ping_status":"closed","template":"","meta":{"_acf_changed":false,"content-type":"","inline_featured_image":false,"footnotes":""},"class_list":["post-44629","page","type-page","status-publish","hentry"],"acf":[],"yoast_head":"<!-- This site is optimized with the Yoast SEO plugin v27.4 - https:\/\/yoast.com\/product\/yoast-seo-wordpress\/ -->\n<title>w64 Kioske f\u00fcr den Innenbereich - Sharebox<\/title>\n<meta name=\"description\" content=\"Bodenmontierte Kioske, erweiterbar auf bis zu 1280 Schlie\u00dff\u00e4cher.\" \/>\n<meta name=\"robots\" content=\"index, follow, max-snippet:-1, max-image-preview:large, max-video-preview:-1\" \/>\n<link rel=\"canonical\" href=\"https:\/\/sharebox.global\/de\/produkte\/breite-kioske\/\" \/>\n<meta property=\"og:locale\" content=\"de_DE\" \/>\n<meta property=\"og:type\" content=\"article\" \/>\n<meta property=\"og:title\" content=\"w64 Kioske f\u00fcr den Innenbereich\" \/>\n<meta property=\"og:description\" content=\"Bodenmontierte Kioske, erweiterbar auf bis zu 1280 Schlie\u00dff\u00e4cher.\" \/>\n<meta property=\"og:url\" content=\"https:\/\/sharebox.global\/de\/produkte\/breite-kioske\/\" \/>\n<meta property=\"og:site_name\" content=\"Sharebox\" \/>\n<meta property=\"article:publisher\" content=\"https:\/\/www.facebook.com\/SHAREBOX.NO\/\" \/>\n<meta property=\"article:modified_time\" content=\"2025-05-07T07:34:30+00:00\" \/>\n<meta property=\"og:image\" content=\"https:\/\/sharebox.global\/wp-content\/uploads\/2025\/04\/Volkswagen-Nutzfahrzeuge-Service-Station-mit-Dach.png\" \/>\n\t<meta property=\"og:image:width\" content=\"1170\" \/>\n\t<meta property=\"og:image:height\" content=\"521\" \/>\n\t<meta property=\"og:image:type\" content=\"image\/png\" \/>\n<meta name=\"twitter:card\" content=\"summary_large_image\" \/>\n<script type=\"application\/ld+json\" class=\"yoast-schema-graph\">{\"@context\":\"https:\\\/\\\/schema.org\",\"@graph\":[{\"@type\":\"WebPage\",\"@id\":\"https:\\\/\\\/sharebox.global\\\/de\\\/produkte\\\/breite-kioske\\\/\",\"url\":\"https:\\\/\\\/sharebox.global\\\/de\\\/produkte\\\/breite-kioske\\\/\",\"name\":\"w64 Kioske f\u00fcr den Innenbereich - Sharebox\",\"isPartOf\":{\"@id\":\"https:\\\/\\\/sharebox.global\\\/de\\\/#website\"},\"datePublished\":\"2025-04-07T08:42:01+00:00\",\"dateModified\":\"2025-05-07T07:34:30+00:00\",\"description\":\"Bodenmontierte Kioske, erweiterbar auf bis zu 1280 Schlie\u00dff\u00e4cher.\",\"breadcrumb\":{\"@id\":\"https:\\\/\\\/sharebox.global\\\/de\\\/produkte\\\/breite-kioske\\\/#breadcrumb\"},\"inLanguage\":\"de\",\"potentialAction\":[{\"@type\":\"ReadAction\",\"target\":[\"https:\\\/\\\/sharebox.global\\\/de\\\/produkte\\\/breite-kioske\\\/\"]}]},{\"@type\":\"BreadcrumbList\",\"@id\":\"https:\\\/\\\/sharebox.global\\\/de\\\/produkte\\\/breite-kioske\\\/#breadcrumb\",\"itemListElement\":[{\"@type\":\"ListItem\",\"position\":1,\"name\":\"Home\",\"item\":\"https:\\\/\\\/sharebox.global\\\/de\\\/\"},{\"@type\":\"ListItem\",\"position\":2,\"name\":\"Produkte\",\"item\":\"https:\\\/\\\/contentsuite.sharebox.global\\\/de\\\/produkte\\\/\"},{\"@type\":\"ListItem\",\"position\":3,\"name\":\"w64 Kioske f\u00fcr den Innenbereich\"}]},{\"@type\":\"WebSite\",\"@id\":\"https:\\\/\\\/sharebox.global\\\/de\\\/#website\",\"url\":\"https:\\\/\\\/sharebox.global\\\/de\\\/\",\"name\":\"Sharebox\",\"description\":\"Infrastructure for 24\\\/7 vehicle handover\",\"publisher\":{\"@id\":\"https:\\\/\\\/sharebox.global\\\/de\\\/#organization\"},\"potentialAction\":[{\"@type\":\"SearchAction\",\"target\":{\"@type\":\"EntryPoint\",\"urlTemplate\":\"https:\\\/\\\/sharebox.global\\\/de\\\/?s={search_term_string}\"},\"query-input\":{\"@type\":\"PropertyValueSpecification\",\"valueRequired\":true,\"valueName\":\"search_term_string\"}}],\"inLanguage\":\"de\"},{\"@type\":\"Organization\",\"@id\":\"https:\\\/\\\/sharebox.global\\\/de\\\/#organization\",\"name\":\"Sharebox\",\"url\":\"https:\\\/\\\/sharebox.global\\\/de\\\/\",\"logo\":{\"@type\":\"ImageObject\",\"inLanguage\":\"de\",\"@id\":\"https:\\\/\\\/sharebox.global\\\/de\\\/#\\\/schema\\\/logo\\\/image\\\/\",\"url\":\"https:\\\/\\\/sharebox.global\\\/wp-content\\\/uploads\\\/2024\\\/04\\\/Sharebox-logo-red-on-white-500px.png\",\"contentUrl\":\"https:\\\/\\\/sharebox.global\\\/wp-content\\\/uploads\\\/2024\\\/04\\\/Sharebox-logo-red-on-white-500px.png\",\"width\":450,\"height\":63,\"caption\":\"Sharebox\"},\"image\":{\"@id\":\"https:\\\/\\\/sharebox.global\\\/de\\\/#\\\/schema\\\/logo\\\/image\\\/\"},\"sameAs\":[\"https:\\\/\\\/www.facebook.com\\\/SHAREBOX.NO\\\/\",\"https:\\\/\\\/www.linkedin.com\\\/company\\\/sharebox-as\\\/\",\"https:\\\/\\\/www.youtube.com\\\/channel\\\/UCGwoGdfNeD59c2s4qhf0gLQ\"]}]}<\/script>\n<!-- \/ Yoast SEO plugin. -->","yoast_head_json":{"title":"w64 Kioske f\u00fcr den Innenbereich - Sharebox","description":"Bodenmontierte Kioske, erweiterbar auf bis zu 1280 Schlie\u00dff\u00e4cher.","robots":{"index":"index","follow":"follow","max-snippet":"max-snippet:-1","max-image-preview":"max-image-preview:large","max-video-preview":"max-video-preview:-1"},"canonical":"https:\/\/sharebox.global\/de\/produkte\/breite-kioske\/","og_locale":"de_DE","og_type":"article","og_title":"w64 Kioske f\u00fcr den Innenbereich","og_description":"Bodenmontierte Kioske, erweiterbar auf bis zu 1280 Schlie\u00dff\u00e4cher.","og_url":"https:\/\/sharebox.global\/de\/produkte\/breite-kioske\/","og_site_name":"Sharebox","article_publisher":"https:\/\/www.facebook.com\/SHAREBOX.NO\/","article_modified_time":"2025-05-07T07:34:30+00:00","og_image":[{"width":1170,"height":521,"url":"https:\/\/sharebox.global\/wp-content\/uploads\/2025\/04\/Volkswagen-Nutzfahrzeuge-Service-Station-mit-Dach.png","type":"image\/png"}],"twitter_card":"summary_large_image","schema":{"@context":"https:\/\/schema.org","@graph":[{"@type":"WebPage","@id":"https:\/\/sharebox.global\/de\/produkte\/breite-kioske\/","url":"https:\/\/sharebox.global\/de\/produkte\/breite-kioske\/","name":"w64 Kioske f\u00fcr den Innenbereich - Sharebox","isPartOf":{"@id":"https:\/\/sharebox.global\/de\/#website"},"datePublished":"2025-04-07T08:42:01+00:00","dateModified":"2025-05-07T07:34:30+00:00","description":"Bodenmontierte Kioske, erweiterbar auf bis zu 1280 Schlie\u00dff\u00e4cher.","breadcrumb":{"@id":"https:\/\/sharebox.global\/de\/produkte\/breite-kioske\/#breadcrumb"},"inLanguage":"de","potentialAction":[{"@type":"ReadAction","target":["https:\/\/sharebox.global\/de\/produkte\/breite-kioske\/"]}]},{"@type":"BreadcrumbList","@id":"https:\/\/sharebox.global\/de\/produkte\/breite-kioske\/#breadcrumb","itemListElement":[{"@type":"ListItem","position":1,"name":"Home","item":"https:\/\/sharebox.global\/de\/"},{"@type":"ListItem","position":2,"name":"Produkte","item":"https:\/\/contentsuite.sharebox.global\/de\/produkte\/"},{"@type":"ListItem","position":3,"name":"w64 Kioske f\u00fcr den Innenbereich"}]},{"@type":"WebSite","@id":"https:\/\/sharebox.global\/de\/#website","url":"https:\/\/sharebox.global\/de\/","name":"Sharebox","description":"Infrastructure for 24\/7 vehicle handover","publisher":{"@id":"https:\/\/sharebox.global\/de\/#organization"},"potentialAction":[{"@type":"SearchAction","target":{"@type":"EntryPoint","urlTemplate":"https:\/\/sharebox.global\/de\/?s={search_term_string}"},"query-input":{"@type":"PropertyValueSpecification","valueRequired":true,"valueName":"search_term_string"}}],"inLanguage":"de"},{"@type":"Organization","@id":"https:\/\/sharebox.global\/de\/#organization","name":"Sharebox","url":"https:\/\/sharebox.global\/de\/","logo":{"@type":"ImageObject","inLanguage":"de","@id":"https:\/\/sharebox.global\/de\/#\/schema\/logo\/image\/","url":"https:\/\/sharebox.global\/wp-content\/uploads\/2024\/04\/Sharebox-logo-red-on-white-500px.png","contentUrl":"https:\/\/sharebox.global\/wp-content\/uploads\/2024\/04\/Sharebox-logo-red-on-white-500px.png","width":450,"height":63,"caption":"Sharebox"},"image":{"@id":"https:\/\/sharebox.global\/de\/#\/schema\/logo\/image\/"},"sameAs":["https:\/\/www.facebook.com\/SHAREBOX.NO\/","https:\/\/www.linkedin.com\/company\/sharebox-as\/","https:\/\/www.youtube.com\/channel\/UCGwoGdfNeD59c2s4qhf0gLQ"]}]}},"_links":{"self":[{"href":"https:\/\/sharebox.global\/de\/wp-json\/wp\/v2\/pages\/44629","targetHints":{"allow":["GET"]}}],"collection":[{"href":"https:\/\/sharebox.global\/de\/wp-json\/wp\/v2\/pages"}],"about":[{"href":"https:\/\/sharebox.global\/de\/wp-json\/wp\/v2\/types\/page"}],"author":[{"embeddable":true,"href":"https:\/\/sharebox.global\/de\/wp-json\/wp\/v2\/users\/1"}],"replies":[{"embeddable":true,"href":"https:\/\/sharebox.global\/de\/wp-json\/wp\/v2\/comments?post=44629"}],"version-history":[{"count":3,"href":"https:\/\/sharebox.global\/de\/wp-json\/wp\/v2\/pages\/44629\/revisions"}],"predecessor-version":[{"id":45608,"href":"https:\/\/sharebox.global\/de\/wp-json\/wp\/v2\/pages\/44629\/revisions\/45608"}],"up":[{"embeddable":true,"href":"https:\/\/sharebox.global\/de\/wp-json\/wp\/v2\/pages\/33353"}],"wp:attachment":[{"href":"https:\/\/sharebox.global\/de\/wp-json\/wp\/v2\/media?parent=44629"}],"curies":[{"name":"wp","href":"https:\/\/api.w.org\/{rel}","templated":true}]}}