{"id":44633,"date":"2025-04-04T09:06:23","date_gmt":"2025-04-04T09:06:23","guid":{"rendered":"https:\/\/sharebox.global\/produkte\/erfolgsgeschichten\/"},"modified":"2026-02-20T08:55:23","modified_gmt":"2026-02-20T08:55:23","slug":"erfolgsgeschichten","status":"publish","type":"page","link":"https:\/\/sharebox.global\/de\/produkte\/erfolgsgeschichten\/","title":{"rendered":"Bew\u00e4hrte Ergebnisse. Echte Kunden."},"content":{"rendered":"\n<div style=\"height:100px\" aria-hidden=\"true\" class=\"wp-block-spacer\"><\/div>\n\n<h1 class=\"wp-block-heading has-text-align-center\">Von der Herausforderung zum Wandel: Erfolg in Aktion<\/h1>\n\n<div id=\"text-with-image-with-border--block_0279179347ae0445ea223de8daf1b142\" class=\"root-level-block text-with-image-with-border grid-70-30\">\n    <div class=\"container\">\n    <div class=\"column-cabinets\">\n        <div class=\"column-left\">\n            <h2>Bayern Arendal<\/h2>\n            <p>Es macht unsere Tage so viel einfacher&#8220;, sagt Karl-Fredrik Aaness von BMW Bavaria Arendal.\r\n\r\n<\/p>\n\n                            <a class=\"wp-block-button__link btn-light text-only-button\" \n                   href=\"https:\/\/sharebox.global\/products\/automotive-mobility-success-stories\/bavaria-arendal-simplifies-their-workday-with-sharebox\/\"\n                   target=\"\">\n                    Mehr lesen                <\/a>\n                    <\/div>\n\n                                    <a class=\"column-right\" href=\"https:\/\/sharebox.global\/products\/automotive-mobility-success-stories\/bavaria-arendal-simplifies-their-workday-with-sharebox\/\"\n                   target=\"\">\n                    <img decoding=\"async\" width=\"1024\" height=\"683\" src=\"https:\/\/sharebox.global\/wp-content\/uploads\/2025\/03\/MG_3735.jpg\" class=\"attachment-large size-large\" alt=\"\" srcset=\"https:\/\/sharebox.global\/wp-content\/uploads\/2025\/03\/MG_3735.jpg 1620w, https:\/\/sharebox.global\/wp-content\/uploads\/2025\/03\/MG_3735-300x200.jpg 300w, https:\/\/sharebox.global\/wp-content\/uploads\/2025\/03\/MG_3735-768x512.jpg 768w, https:\/\/sharebox.global\/wp-content\/uploads\/2025\/03\/MG_3735-1536x1024.jpg 1536w\" sizes=\"(max-width: 1024px) 100vw, 1024px\" \/>                <\/a>\n                        <\/div> \n    <\/div> \n<\/div>\n\n\n<div id=\"text-with-image-with-border--block_b450a40f1b48cf1978fcc678bc2cbff4\" class=\"root-level-block text-with-image-with-border grid-70-30\">\n    <div class=\"container\">\n    <div class=\"column-cabinets\">\n        <div class=\"column-left\">\n            <h2>Gumpen Auto<\/h2>\n            <p>&#8211; Sharebox ist etwas v\u00f6llig anderes als eine Schl\u00fcssel\u00fcbergabe. Es ist eine immersive Erfahrung, sagt Eivind Fosseli von Gumpen Gruppen. \r\n\r\n<\/p>\n\n                            <a class=\"wp-block-button__link btn-light text-only-button\" \n                   href=\"https:\/\/sharebox.global\/products\/automotive-mobility-success-stories\/gumpens-auto-grenland-reduce-peak-time-pressure\/\"\n                   target=\"\">\n                    Mehr lesen                <\/a>\n                    <\/div>\n\n                                    <a class=\"column-right\" href=\"https:\/\/sharebox.global\/products\/automotive-mobility-success-stories\/gumpens-auto-grenland-reduce-peak-time-pressure\/\"\n                   target=\"\">\n                    <img decoding=\"async\" width=\"753\" height=\"522\" src=\"https:\/\/sharebox.global\/wp-content\/uploads\/2024\/05\/image-4.jpg\" class=\"attachment-large size-large\" alt=\"\" srcset=\"https:\/\/sharebox.global\/wp-content\/uploads\/2024\/05\/image-4.jpg 753w, https:\/\/sharebox.global\/wp-content\/uploads\/2024\/05\/image-4-300x208.jpg 300w\" sizes=\"(max-width: 753px) 100vw, 753px\" \/>                <\/a>\n                        <\/div> \n    <\/div> \n<\/div>\n\n\n<div id=\"text-with-image-with-border--block_9fb2ec22cff22a7c53d972d62dee829d\" class=\"root-level-block text-with-image-with-border grid-70-30\">\n    <div class=\"container\">\n    <div class=\"column-cabinets\">\n        <div class=\"column-left\">\n            <h2>  Kverneland Bil<\/h2>\n            <p>Kverneland Bil hat sich zum Ziel gesetzt, einen erstklassigen Service zu bieten, und Sharebox ist der Schl\u00fcssel dazu.\r\n<\/p>\n\n                            <a class=\"wp-block-button__link btn-light text-only-button\" \n                   href=\"https:\/\/sharebox.global\/products\/automotive-mobility-success-stories\/kverneland-bil-delivers-a-world-class-customer-journey\/\"\n                   target=\"\">\n                    Mehr lesen                <\/a>\n                    <\/div>\n\n                                    <a class=\"column-right\" href=\"https:\/\/sharebox.global\/products\/automotive-mobility-success-stories\/kverneland-bil-delivers-a-world-class-customer-journey\/\"\n                   target=\"\">\n                    <img decoding=\"async\" width=\"900\" height=\"600\" src=\"https:\/\/sharebox.global\/wp-content\/uploads\/2024\/10\/kverneland.jpg\" class=\"attachment-large size-large\" alt=\"\" srcset=\"https:\/\/sharebox.global\/wp-content\/uploads\/2024\/10\/kverneland.jpg 900w, https:\/\/sharebox.global\/wp-content\/uploads\/2024\/10\/kverneland-300x200.jpg 300w, https:\/\/sharebox.global\/wp-content\/uploads\/2024\/10\/kverneland-768x512.jpg 768w\" sizes=\"(max-width: 900px) 100vw, 900px\" \/>                <\/a>\n                        <\/div> \n    <\/div> \n<\/div>\n\n\n<div id=\"text-with-image-with-border--block_1bd1b1ded7a69ba87ce5a28822b91851\" class=\"root-level-block text-with-image-with-border grid-70-30\">\n    <div class=\"container\">\n    <div class=\"column-cabinets\">\n        <div class=\"column-left\">\n            <h2>Enterprise Rent-A-Car<\/h2>\n            <p>Sharebox Zeit f\u00fcr alle Beteiligten, eine L\u00f6sung, die ein hervorragendes Kundenerlebnis bietet.\r\n<\/p>\n\n                            <a class=\"wp-block-button__link btn-light text-only-button\" \n                   href=\"https:\/\/sharebox.global\/products\/automotive-mobility-success-stories\/enterprise-delivers-24-7-rentals-while-reducing-cost\/\"\n                   target=\"\">\n                    Mehr lesen                <\/a>\n                    <\/div>\n\n                                    <a class=\"column-right\" href=\"https:\/\/sharebox.global\/products\/automotive-mobility-success-stories\/enterprise-delivers-24-7-rentals-while-reducing-cost\/\"\n                   target=\"\">\n                    <img decoding=\"async\" width=\"753\" height=\"522\" src=\"https:\/\/sharebox.global\/wp-content\/uploads\/2024\/05\/2image-4.jpg\" class=\"attachment-large size-large\" alt=\"\" srcset=\"https:\/\/sharebox.global\/wp-content\/uploads\/2024\/05\/2image-4.jpg 753w, https:\/\/sharebox.global\/wp-content\/uploads\/2024\/05\/2image-4-300x208.jpg 300w\" sizes=\"(max-width: 753px) 100vw, 753px\" \/>                <\/a>\n                        <\/div> \n    <\/div> \n<\/div>\n\n","protected":false},"excerpt":{"rendered":"<p>Von der Herausforderung zum Wandel: Erfolg in Aktion<\/p>\n","protected":false},"author":1,"featured_media":0,"parent":33353,"menu_order":0,"comment_status":"closed","ping_status":"closed","template":"","meta":{"_acf_changed":false,"content-type":"","inline_featured_image":false,"footnotes":""},"class_list":["post-44633","page","type-page","status-publish","hentry"],"acf":[],"yoast_head":"<!-- This site is optimized with the Yoast SEO plugin v27.4 - https:\/\/yoast.com\/product\/yoast-seo-wordpress\/ -->\n<title>Bew\u00e4hrte Ergebnisse. Echte Kunden. - Sharebox<\/title>\n<meta name=\"description\" content=\"Erfolgsgeschichten von Autoh\u00e4usern und Fahrzeugvermietungen - Powered by Sharebox Self-Service Kiosks. 24\/7 Schl\u00fcssel\u00fcbergabe &amp; Digital Journeys.\" \/>\n<meta name=\"robots\" content=\"index, follow, max-snippet:-1, max-image-preview:large, max-video-preview:-1\" \/>\n<link rel=\"canonical\" href=\"https:\/\/sharebox.global\/de\/produkte\/erfolgsgeschichten\/\" \/>\n<meta property=\"og:locale\" content=\"de_DE\" \/>\n<meta property=\"og:type\" content=\"article\" \/>\n<meta property=\"og:title\" content=\"Erfolgsgeschichten\" \/>\n<meta property=\"og:description\" content=\"Es macht unsere Tage so viel einfacher&quot;, sagt Karl-Fredrik Aaness von BMW Bavaria Arendal.\" \/>\n<meta property=\"og:url\" content=\"https:\/\/sharebox.global\/de\/produkte\/erfolgsgeschichten\/\" \/>\n<meta property=\"og:site_name\" content=\"Sharebox\" \/>\n<meta property=\"article:publisher\" content=\"https:\/\/www.facebook.com\/SHAREBOX.NO\/\" \/>\n<meta property=\"article:modified_time\" content=\"2026-02-20T08:55:23+00:00\" \/>\n<meta property=\"og:image\" content=\"https:\/\/sharebox.global\/wp-content\/uploads\/2025\/04\/Volkswagen-Nutzfahrzeuge-Service-Station-mit-Dach.png\" \/>\n\t<meta property=\"og:image:width\" content=\"1170\" \/>\n\t<meta property=\"og:image:height\" content=\"521\" \/>\n\t<meta property=\"og:image:type\" content=\"image\/png\" \/>\n<meta name=\"twitter:card\" content=\"summary_large_image\" \/>\n<script type=\"application\/ld+json\" class=\"yoast-schema-graph\">{\"@context\":\"https:\\\/\\\/schema.org\",\"@graph\":[{\"@type\":\"WebPage\",\"@id\":\"https:\\\/\\\/sharebox.global\\\/de\\\/produkte\\\/erfolgsgeschichten\\\/\",\"url\":\"https:\\\/\\\/sharebox.global\\\/de\\\/produkte\\\/erfolgsgeschichten\\\/\",\"name\":\"Bew\u00e4hrte Ergebnisse. Echte Kunden. - Sharebox\",\"isPartOf\":{\"@id\":\"https:\\\/\\\/sharebox.global\\\/de\\\/#website\"},\"datePublished\":\"2025-04-04T09:06:23+00:00\",\"dateModified\":\"2026-02-20T08:55:23+00:00\",\"description\":\"Erfolgsgeschichten von Autoh\u00e4usern und Fahrzeugvermietungen - Powered by Sharebox Self-Service Kiosks. 24\\\/7 Schl\u00fcssel\u00fcbergabe & Digital Journeys.\",\"breadcrumb\":{\"@id\":\"https:\\\/\\\/sharebox.global\\\/de\\\/produkte\\\/erfolgsgeschichten\\\/#breadcrumb\"},\"inLanguage\":\"de\",\"potentialAction\":[{\"@type\":\"ReadAction\",\"target\":[\"https:\\\/\\\/sharebox.global\\\/de\\\/produkte\\\/erfolgsgeschichten\\\/\"]}]},{\"@type\":\"BreadcrumbList\",\"@id\":\"https:\\\/\\\/sharebox.global\\\/de\\\/produkte\\\/erfolgsgeschichten\\\/#breadcrumb\",\"itemListElement\":[{\"@type\":\"ListItem\",\"position\":1,\"name\":\"Home\",\"item\":\"https:\\\/\\\/sharebox.global\\\/de\\\/\"},{\"@type\":\"ListItem\",\"position\":2,\"name\":\"Produkte\",\"item\":\"https:\\\/\\\/contentsuite.sharebox.global\\\/de\\\/produkte\\\/\"},{\"@type\":\"ListItem\",\"position\":3,\"name\":\"Bew\u00e4hrte Ergebnisse. Echte Kunden.\"}]},{\"@type\":\"WebSite\",\"@id\":\"https:\\\/\\\/sharebox.global\\\/de\\\/#website\",\"url\":\"https:\\\/\\\/sharebox.global\\\/de\\\/\",\"name\":\"Sharebox\",\"description\":\"Infrastructure for 24\\\/7 vehicle handover\",\"publisher\":{\"@id\":\"https:\\\/\\\/sharebox.global\\\/de\\\/#organization\"},\"potentialAction\":[{\"@type\":\"SearchAction\",\"target\":{\"@type\":\"EntryPoint\",\"urlTemplate\":\"https:\\\/\\\/sharebox.global\\\/de\\\/?s={search_term_string}\"},\"query-input\":{\"@type\":\"PropertyValueSpecification\",\"valueRequired\":true,\"valueName\":\"search_term_string\"}}],\"inLanguage\":\"de\"},{\"@type\":\"Organization\",\"@id\":\"https:\\\/\\\/sharebox.global\\\/de\\\/#organization\",\"name\":\"Sharebox\",\"url\":\"https:\\\/\\\/sharebox.global\\\/de\\\/\",\"logo\":{\"@type\":\"ImageObject\",\"inLanguage\":\"de\",\"@id\":\"https:\\\/\\\/sharebox.global\\\/de\\\/#\\\/schema\\\/logo\\\/image\\\/\",\"url\":\"https:\\\/\\\/sharebox.global\\\/wp-content\\\/uploads\\\/2024\\\/04\\\/Sharebox-logo-red-on-white-500px.png\",\"contentUrl\":\"https:\\\/\\\/sharebox.global\\\/wp-content\\\/uploads\\\/2024\\\/04\\\/Sharebox-logo-red-on-white-500px.png\",\"width\":450,\"height\":63,\"caption\":\"Sharebox\"},\"image\":{\"@id\":\"https:\\\/\\\/sharebox.global\\\/de\\\/#\\\/schema\\\/logo\\\/image\\\/\"},\"sameAs\":[\"https:\\\/\\\/www.facebook.com\\\/SHAREBOX.NO\\\/\",\"https:\\\/\\\/www.linkedin.com\\\/company\\\/sharebox-as\\\/\",\"https:\\\/\\\/www.youtube.com\\\/channel\\\/UCGwoGdfNeD59c2s4qhf0gLQ\"]}]}<\/script>\n<!-- \/ Yoast SEO plugin. -->","yoast_head_json":{"title":"Bew\u00e4hrte Ergebnisse. Echte Kunden. - Sharebox","description":"Erfolgsgeschichten von Autoh\u00e4usern und Fahrzeugvermietungen - Powered by Sharebox Self-Service Kiosks. 24\/7 Schl\u00fcssel\u00fcbergabe & Digital Journeys.","robots":{"index":"index","follow":"follow","max-snippet":"max-snippet:-1","max-image-preview":"max-image-preview:large","max-video-preview":"max-video-preview:-1"},"canonical":"https:\/\/sharebox.global\/de\/produkte\/erfolgsgeschichten\/","og_locale":"de_DE","og_type":"article","og_title":"Erfolgsgeschichten","og_description":"Es macht unsere Tage so viel einfacher\", sagt Karl-Fredrik Aaness von BMW Bavaria Arendal.","og_url":"https:\/\/sharebox.global\/de\/produkte\/erfolgsgeschichten\/","og_site_name":"Sharebox","article_publisher":"https:\/\/www.facebook.com\/SHAREBOX.NO\/","article_modified_time":"2026-02-20T08:55:23+00:00","og_image":[{"width":1170,"height":521,"url":"https:\/\/sharebox.global\/wp-content\/uploads\/2025\/04\/Volkswagen-Nutzfahrzeuge-Service-Station-mit-Dach.png","type":"image\/png"}],"twitter_card":"summary_large_image","schema":{"@context":"https:\/\/schema.org","@graph":[{"@type":"WebPage","@id":"https:\/\/sharebox.global\/de\/produkte\/erfolgsgeschichten\/","url":"https:\/\/sharebox.global\/de\/produkte\/erfolgsgeschichten\/","name":"Bew\u00e4hrte Ergebnisse. Echte Kunden. - Sharebox","isPartOf":{"@id":"https:\/\/sharebox.global\/de\/#website"},"datePublished":"2025-04-04T09:06:23+00:00","dateModified":"2026-02-20T08:55:23+00:00","description":"Erfolgsgeschichten von Autoh\u00e4usern und Fahrzeugvermietungen - Powered by Sharebox Self-Service Kiosks. 24\/7 Schl\u00fcssel\u00fcbergabe & Digital Journeys.","breadcrumb":{"@id":"https:\/\/sharebox.global\/de\/produkte\/erfolgsgeschichten\/#breadcrumb"},"inLanguage":"de","potentialAction":[{"@type":"ReadAction","target":["https:\/\/sharebox.global\/de\/produkte\/erfolgsgeschichten\/"]}]},{"@type":"BreadcrumbList","@id":"https:\/\/sharebox.global\/de\/produkte\/erfolgsgeschichten\/#breadcrumb","itemListElement":[{"@type":"ListItem","position":1,"name":"Home","item":"https:\/\/sharebox.global\/de\/"},{"@type":"ListItem","position":2,"name":"Produkte","item":"https:\/\/contentsuite.sharebox.global\/de\/produkte\/"},{"@type":"ListItem","position":3,"name":"Bew\u00e4hrte Ergebnisse. Echte Kunden."}]},{"@type":"WebSite","@id":"https:\/\/sharebox.global\/de\/#website","url":"https:\/\/sharebox.global\/de\/","name":"Sharebox","description":"Infrastructure for 24\/7 vehicle handover","publisher":{"@id":"https:\/\/sharebox.global\/de\/#organization"},"potentialAction":[{"@type":"SearchAction","target":{"@type":"EntryPoint","urlTemplate":"https:\/\/sharebox.global\/de\/?s={search_term_string}"},"query-input":{"@type":"PropertyValueSpecification","valueRequired":true,"valueName":"search_term_string"}}],"inLanguage":"de"},{"@type":"Organization","@id":"https:\/\/sharebox.global\/de\/#organization","name":"Sharebox","url":"https:\/\/sharebox.global\/de\/","logo":{"@type":"ImageObject","inLanguage":"de","@id":"https:\/\/sharebox.global\/de\/#\/schema\/logo\/image\/","url":"https:\/\/sharebox.global\/wp-content\/uploads\/2024\/04\/Sharebox-logo-red-on-white-500px.png","contentUrl":"https:\/\/sharebox.global\/wp-content\/uploads\/2024\/04\/Sharebox-logo-red-on-white-500px.png","width":450,"height":63,"caption":"Sharebox"},"image":{"@id":"https:\/\/sharebox.global\/de\/#\/schema\/logo\/image\/"},"sameAs":["https:\/\/www.facebook.com\/SHAREBOX.NO\/","https:\/\/www.linkedin.com\/company\/sharebox-as\/","https:\/\/www.youtube.com\/channel\/UCGwoGdfNeD59c2s4qhf0gLQ"]}]}},"_links":{"self":[{"href":"https:\/\/sharebox.global\/de\/wp-json\/wp\/v2\/pages\/44633","targetHints":{"allow":["GET"]}}],"collection":[{"href":"https:\/\/sharebox.global\/de\/wp-json\/wp\/v2\/pages"}],"about":[{"href":"https:\/\/sharebox.global\/de\/wp-json\/wp\/v2\/types\/page"}],"author":[{"embeddable":true,"href":"https:\/\/sharebox.global\/de\/wp-json\/wp\/v2\/users\/1"}],"replies":[{"embeddable":true,"href":"https:\/\/sharebox.global\/de\/wp-json\/wp\/v2\/comments?post=44633"}],"version-history":[{"count":5,"href":"https:\/\/sharebox.global\/de\/wp-json\/wp\/v2\/pages\/44633\/revisions"}],"predecessor-version":[{"id":48634,"href":"https:\/\/sharebox.global\/de\/wp-json\/wp\/v2\/pages\/44633\/revisions\/48634"}],"up":[{"embeddable":true,"href":"https:\/\/sharebox.global\/de\/wp-json\/wp\/v2\/pages\/33353"}],"wp:attachment":[{"href":"https:\/\/sharebox.global\/de\/wp-json\/wp\/v2\/media?parent=44633"}],"curies":[{"name":"wp","href":"https:\/\/api.w.org\/{rel}","templated":true}]}}