{"id":44658,"date":"2025-04-04T09:06:22","date_gmt":"2025-04-04T09:06:22","guid":{"rendered":"https:\/\/sharebox.global\/anwendungsfaelle\/verleihsystem\/"},"modified":"2025-05-07T07:33:51","modified_gmt":"2025-05-07T07:33:51","slug":"verleihsystem","status":"publish","type":"page","link":"https:\/\/sharebox.global\/de\/anwendungsfaelle\/verleihsystem\/","title":{"rendered":"Verleihsystem"},"content":{"rendered":"<h1 class=\"wp-block-heading has-text-align-center\" style=\"margin-top: 25px; margin-bottom: 55px;\"><strong>NEW<\/strong>: <strong>Mietsystem f\u00fcr Ihre Kioske<\/strong><\/h1>\n\n<figure class=\"wp-block-image aligncenter size-full\"><img decoding=\"async\" width=\"1920\" height=\"983\" src=\"https:\/\/sharebox.global\/wp-content\/uploads\/2023\/11\/FoxBoxBanner.jpg\" alt=\"Foxbox - Sharebox\" class=\"wp-image-15242\" srcset=\"https:\/\/sharebox.global\/wp-content\/uploads\/2023\/11\/FoxBoxBanner.jpg 1920w, https:\/\/sharebox.global\/wp-content\/uploads\/2023\/11\/FoxBoxBanner-300x154.jpg 300w, https:\/\/sharebox.global\/wp-content\/uploads\/2023\/11\/FoxBoxBanner-768x393.jpg 768w, https:\/\/sharebox.global\/wp-content\/uploads\/2023\/11\/FoxBoxBanner-1536x786.jpg 1536w\" sizes=\"(max-width: 1920px) 100vw, 1920px\" \/><\/figure>\n\n<h2 class=\"wp-block-heading has-text-align-center\">Fahrzeugvermietung und vieles mehr<\/h2>\n\n<p class=\"has-text-align-center\"><strong>Sie vermieten zwar keine Autos wie eine Autovermietung,<br\/>, aber Sie &#8222;vermieten&#8220; Autos an Kunden, f\u00fcr die es eine <br\/>Garantie gibt. Der Kunde erh\u00e4lt einen Mietwagen mit Versicherungsschutz.   <br\/>Das k\u00f6nnen Autos sein, die Sie meist selbst besitzen. Zus\u00e4tzlich <br\/>m\u00fcssen Sie vielleicht auch die Demo-Flotte verwalten. <br\/>Diese neue L\u00f6sung bietet Ihnen all das und verwaltet<br\/>Mietwagenvertr\u00e4ge, versp\u00e4tete Zahlung von Mautgeb\u00fchren und<br\/>Parken, Vertr\u00e4ge mit Probefahrten und dergleichen. <\/strong><\/p>\n\n<p><\/p>\n<h3 class=\"wp-block-heading has-text-align-center my-class\">Wenn Sie bereits Sharebox-Kioske haben, <br \/>k\u00f6nnen Sie das Mietwagensystem <br \/>Sharefox sofort hinzuf\u00fcgen lassen.<\/h3>\n\n<p><\/p>\n\n<figure class=\"wp-block-image aligncenter size-full\"><img decoding=\"async\" width=\"789\" height=\"379\" src=\"https:\/\/sharebox.global\/wp-content\/uploads\/2023\/11\/FoxBok-screen-II.jpg\" alt=\"\" class=\"wp-image-15233\" srcset=\"https:\/\/sharebox.global\/wp-content\/uploads\/2023\/11\/FoxBok-screen-II.jpg 789w, https:\/\/sharebox.global\/wp-content\/uploads\/2023\/11\/FoxBok-screen-II-300x144.jpg 300w, https:\/\/sharebox.global\/wp-content\/uploads\/2023\/11\/FoxBok-screen-II-768x369.jpg 768w\" sizes=\"(max-width: 789px) 100vw, 789px\" \/><\/figure>\n\n<div class=\"wp-block-group is-layout-constrained wp-block-group-is-layout-constrained\">\n<div class=\"wp-block-columns are-vertically-aligned-center is-layout-flex wp-container-core-columns-is-layout-9d6595d7 wp-block-columns-is-layout-flex\">\n<div class=\"wp-block-column is-vertically-aligned-center is-layout-flow wp-block-column-is-layout-flow\" style=\"flex-basis:100%\">\n<div class=\"wp-block-columns is-layout-flex wp-container-core-columns-is-layout-9d6595d7 wp-block-columns-is-layout-flex\">\n<div class=\"wp-block-column is-vertically-aligned-center is-content-justification-center is-layout-constrained wp-block-column-is-layout-constrained\" style=\"flex-basis:100%\">\n<h2 class=\"wp-block-heading has-text-align-center\"><\/h2>\n<\/div>\n<\/div>\n\n\n\n<div class=\"wp-block-group is-layout-constrained wp-container-core-group-is-layout-45f14f70 wp-block-group-is-layout-constrained\">\n<script charset=\"utf-8\" type=\"text\/javascript\" src=\"\/\/js.hsforms.net\/forms\/embed\/v2.js\"><\/script><script>hbspt.forms.create({\n    region: \"na1\",\n    portalId: \"4025274\",\n    formId: \"1a840dc5-b47e-4c97-85b2-ce7f7e44f4c9\"\n  });\n<\/script>\n<\/div>\n<\/div>\n<\/div>\n<\/div>\n","protected":false},"excerpt":{"rendered":"<p>NEW: Mietsystem f\u00fcr Ihre Kioske Fahrzeugvermietung und vieles mehr Sie vermieten zwar keine Autos wie eine Autovermietung,, aber Sie &#8222;vermieten&#8220; Autos an Kunden, f\u00fcr die<\/p>\n","protected":false},"author":1,"featured_media":0,"parent":32399,"menu_order":0,"comment_status":"closed","ping_status":"closed","template":"","meta":{"_acf_changed":false,"content-type":"","inline_featured_image":false,"footnotes":""},"class_list":["post-44658","page","type-page","status-publish","hentry"],"acf":[],"yoast_head":"<!-- This site is optimized with the Yoast SEO plugin v27.4 - https:\/\/yoast.com\/product\/yoast-seo-wordpress\/ -->\n<title>Verleihsystem - Sharebox<\/title>\n<meta name=\"robots\" content=\"index, follow, max-snippet:-1, max-image-preview:large, max-video-preview:-1\" \/>\n<link rel=\"canonical\" href=\"https:\/\/sharebox.global\/de\/anwendungsfaelle\/verleihsystem\/\" \/>\n<meta property=\"og:locale\" content=\"de_DE\" \/>\n<meta property=\"og:type\" content=\"article\" \/>\n<meta property=\"og:title\" content=\"Verleihsystem - Sharebox\" \/>\n<meta property=\"og:description\" content=\"NEW: Mietsystem f\u00fcr Ihre Kioske Fahrzeugvermietung und vieles mehr Sie vermieten zwar keine Autos wie eine Autovermietung,, aber Sie &#8222;vermieten&#8220; Autos an Kunden, f\u00fcr die\" \/>\n<meta property=\"og:url\" content=\"https:\/\/sharebox.global\/de\/anwendungsfaelle\/verleihsystem\/\" \/>\n<meta property=\"og:site_name\" content=\"Sharebox\" \/>\n<meta property=\"article:publisher\" content=\"https:\/\/www.facebook.com\/SHAREBOX.NO\/\" \/>\n<meta property=\"article:modified_time\" content=\"2025-05-07T07:33:51+00:00\" \/>\n<meta property=\"og:image\" content=\"https:\/\/sharebox.global\/wp-content\/uploads\/2023\/11\/FoxBoxBanner.jpg\" \/>\n\t<meta property=\"og:image:width\" content=\"1920\" \/>\n\t<meta property=\"og:image:height\" content=\"983\" \/>\n\t<meta property=\"og:image:type\" content=\"image\/jpeg\" \/>\n<meta name=\"twitter:card\" content=\"summary_large_image\" \/>\n<script type=\"application\/ld+json\" class=\"yoast-schema-graph\">{\"@context\":\"https:\\\/\\\/schema.org\",\"@graph\":[{\"@type\":\"WebPage\",\"@id\":\"https:\\\/\\\/sharebox.global\\\/de\\\/anwendungsfaelle\\\/verleihsystem\\\/\",\"url\":\"https:\\\/\\\/sharebox.global\\\/de\\\/anwendungsfaelle\\\/verleihsystem\\\/\",\"name\":\"Verleihsystem - Sharebox\",\"isPartOf\":{\"@id\":\"https:\\\/\\\/sharebox.global\\\/de\\\/#website\"},\"primaryImageOfPage\":{\"@id\":\"https:\\\/\\\/sharebox.global\\\/de\\\/anwendungsfaelle\\\/verleihsystem\\\/#primaryimage\"},\"image\":{\"@id\":\"https:\\\/\\\/sharebox.global\\\/de\\\/anwendungsfaelle\\\/verleihsystem\\\/#primaryimage\"},\"thumbnailUrl\":\"https:\\\/\\\/sharebox.global\\\/wp-content\\\/uploads\\\/2023\\\/11\\\/FoxBoxBanner.jpg\",\"datePublished\":\"2025-04-04T09:06:22+00:00\",\"dateModified\":\"2025-05-07T07:33:51+00:00\",\"breadcrumb\":{\"@id\":\"https:\\\/\\\/sharebox.global\\\/de\\\/anwendungsfaelle\\\/verleihsystem\\\/#breadcrumb\"},\"inLanguage\":\"de\",\"potentialAction\":[{\"@type\":\"ReadAction\",\"target\":[\"https:\\\/\\\/sharebox.global\\\/de\\\/anwendungsfaelle\\\/verleihsystem\\\/\"]}]},{\"@type\":\"ImageObject\",\"inLanguage\":\"de\",\"@id\":\"https:\\\/\\\/sharebox.global\\\/de\\\/anwendungsfaelle\\\/verleihsystem\\\/#primaryimage\",\"url\":\"https:\\\/\\\/sharebox.global\\\/wp-content\\\/uploads\\\/2023\\\/11\\\/FoxBoxBanner.jpg\",\"contentUrl\":\"https:\\\/\\\/sharebox.global\\\/wp-content\\\/uploads\\\/2023\\\/11\\\/FoxBoxBanner.jpg\"},{\"@type\":\"BreadcrumbList\",\"@id\":\"https:\\\/\\\/sharebox.global\\\/de\\\/anwendungsfaelle\\\/verleihsystem\\\/#breadcrumb\",\"itemListElement\":[{\"@type\":\"ListItem\",\"position\":1,\"name\":\"Home\",\"item\":\"https:\\\/\\\/sharebox.global\\\/de\\\/\"},{\"@type\":\"ListItem\",\"position\":2,\"name\":\"Anwendungsf\u00e4lle\",\"item\":\"https:\\\/\\\/sharebox.global\\\/de\\\/anwendungsfaelle\\\/\"},{\"@type\":\"ListItem\",\"position\":3,\"name\":\"Verleihsystem\"}]},{\"@type\":\"WebSite\",\"@id\":\"https:\\\/\\\/sharebox.global\\\/de\\\/#website\",\"url\":\"https:\\\/\\\/sharebox.global\\\/de\\\/\",\"name\":\"Sharebox\",\"description\":\"Infrastructure for 24\\\/7 vehicle handover\",\"publisher\":{\"@id\":\"https:\\\/\\\/sharebox.global\\\/de\\\/#organization\"},\"potentialAction\":[{\"@type\":\"SearchAction\",\"target\":{\"@type\":\"EntryPoint\",\"urlTemplate\":\"https:\\\/\\\/sharebox.global\\\/de\\\/?s={search_term_string}\"},\"query-input\":{\"@type\":\"PropertyValueSpecification\",\"valueRequired\":true,\"valueName\":\"search_term_string\"}}],\"inLanguage\":\"de\"},{\"@type\":\"Organization\",\"@id\":\"https:\\\/\\\/sharebox.global\\\/de\\\/#organization\",\"name\":\"Sharebox\",\"url\":\"https:\\\/\\\/sharebox.global\\\/de\\\/\",\"logo\":{\"@type\":\"ImageObject\",\"inLanguage\":\"de\",\"@id\":\"https:\\\/\\\/sharebox.global\\\/de\\\/#\\\/schema\\\/logo\\\/image\\\/\",\"url\":\"https:\\\/\\\/sharebox.global\\\/wp-content\\\/uploads\\\/2024\\\/04\\\/Sharebox-logo-red-on-white-500px.png\",\"contentUrl\":\"https:\\\/\\\/sharebox.global\\\/wp-content\\\/uploads\\\/2024\\\/04\\\/Sharebox-logo-red-on-white-500px.png\",\"width\":450,\"height\":63,\"caption\":\"Sharebox\"},\"image\":{\"@id\":\"https:\\\/\\\/sharebox.global\\\/de\\\/#\\\/schema\\\/logo\\\/image\\\/\"},\"sameAs\":[\"https:\\\/\\\/www.facebook.com\\\/SHAREBOX.NO\\\/\",\"https:\\\/\\\/www.linkedin.com\\\/company\\\/sharebox-as\\\/\",\"https:\\\/\\\/www.youtube.com\\\/channel\\\/UCGwoGdfNeD59c2s4qhf0gLQ\"]}]}<\/script>\n<!-- \/ Yoast SEO plugin. -->","yoast_head_json":{"title":"Verleihsystem - Sharebox","robots":{"index":"index","follow":"follow","max-snippet":"max-snippet:-1","max-image-preview":"max-image-preview:large","max-video-preview":"max-video-preview:-1"},"canonical":"https:\/\/sharebox.global\/de\/anwendungsfaelle\/verleihsystem\/","og_locale":"de_DE","og_type":"article","og_title":"Verleihsystem - Sharebox","og_description":"NEW: Mietsystem f\u00fcr Ihre Kioske Fahrzeugvermietung und vieles mehr Sie vermieten zwar keine Autos wie eine Autovermietung,, aber Sie &#8222;vermieten&#8220; Autos an Kunden, f\u00fcr die","og_url":"https:\/\/sharebox.global\/de\/anwendungsfaelle\/verleihsystem\/","og_site_name":"Sharebox","article_publisher":"https:\/\/www.facebook.com\/SHAREBOX.NO\/","article_modified_time":"2025-05-07T07:33:51+00:00","og_image":[{"width":1920,"height":983,"url":"https:\/\/sharebox.global\/wp-content\/uploads\/2023\/11\/FoxBoxBanner.jpg","type":"image\/jpeg"}],"twitter_card":"summary_large_image","schema":{"@context":"https:\/\/schema.org","@graph":[{"@type":"WebPage","@id":"https:\/\/sharebox.global\/de\/anwendungsfaelle\/verleihsystem\/","url":"https:\/\/sharebox.global\/de\/anwendungsfaelle\/verleihsystem\/","name":"Verleihsystem - Sharebox","isPartOf":{"@id":"https:\/\/sharebox.global\/de\/#website"},"primaryImageOfPage":{"@id":"https:\/\/sharebox.global\/de\/anwendungsfaelle\/verleihsystem\/#primaryimage"},"image":{"@id":"https:\/\/sharebox.global\/de\/anwendungsfaelle\/verleihsystem\/#primaryimage"},"thumbnailUrl":"https:\/\/sharebox.global\/wp-content\/uploads\/2023\/11\/FoxBoxBanner.jpg","datePublished":"2025-04-04T09:06:22+00:00","dateModified":"2025-05-07T07:33:51+00:00","breadcrumb":{"@id":"https:\/\/sharebox.global\/de\/anwendungsfaelle\/verleihsystem\/#breadcrumb"},"inLanguage":"de","potentialAction":[{"@type":"ReadAction","target":["https:\/\/sharebox.global\/de\/anwendungsfaelle\/verleihsystem\/"]}]},{"@type":"ImageObject","inLanguage":"de","@id":"https:\/\/sharebox.global\/de\/anwendungsfaelle\/verleihsystem\/#primaryimage","url":"https:\/\/sharebox.global\/wp-content\/uploads\/2023\/11\/FoxBoxBanner.jpg","contentUrl":"https:\/\/sharebox.global\/wp-content\/uploads\/2023\/11\/FoxBoxBanner.jpg"},{"@type":"BreadcrumbList","@id":"https:\/\/sharebox.global\/de\/anwendungsfaelle\/verleihsystem\/#breadcrumb","itemListElement":[{"@type":"ListItem","position":1,"name":"Home","item":"https:\/\/sharebox.global\/de\/"},{"@type":"ListItem","position":2,"name":"Anwendungsf\u00e4lle","item":"https:\/\/sharebox.global\/de\/anwendungsfaelle\/"},{"@type":"ListItem","position":3,"name":"Verleihsystem"}]},{"@type":"WebSite","@id":"https:\/\/sharebox.global\/de\/#website","url":"https:\/\/sharebox.global\/de\/","name":"Sharebox","description":"Infrastructure for 24\/7 vehicle handover","publisher":{"@id":"https:\/\/sharebox.global\/de\/#organization"},"potentialAction":[{"@type":"SearchAction","target":{"@type":"EntryPoint","urlTemplate":"https:\/\/sharebox.global\/de\/?s={search_term_string}"},"query-input":{"@type":"PropertyValueSpecification","valueRequired":true,"valueName":"search_term_string"}}],"inLanguage":"de"},{"@type":"Organization","@id":"https:\/\/sharebox.global\/de\/#organization","name":"Sharebox","url":"https:\/\/sharebox.global\/de\/","logo":{"@type":"ImageObject","inLanguage":"de","@id":"https:\/\/sharebox.global\/de\/#\/schema\/logo\/image\/","url":"https:\/\/sharebox.global\/wp-content\/uploads\/2024\/04\/Sharebox-logo-red-on-white-500px.png","contentUrl":"https:\/\/sharebox.global\/wp-content\/uploads\/2024\/04\/Sharebox-logo-red-on-white-500px.png","width":450,"height":63,"caption":"Sharebox"},"image":{"@id":"https:\/\/sharebox.global\/de\/#\/schema\/logo\/image\/"},"sameAs":["https:\/\/www.facebook.com\/SHAREBOX.NO\/","https:\/\/www.linkedin.com\/company\/sharebox-as\/","https:\/\/www.youtube.com\/channel\/UCGwoGdfNeD59c2s4qhf0gLQ"]}]}},"_links":{"self":[{"href":"https:\/\/sharebox.global\/de\/wp-json\/wp\/v2\/pages\/44658","targetHints":{"allow":["GET"]}}],"collection":[{"href":"https:\/\/sharebox.global\/de\/wp-json\/wp\/v2\/pages"}],"about":[{"href":"https:\/\/sharebox.global\/de\/wp-json\/wp\/v2\/types\/page"}],"author":[{"embeddable":true,"href":"https:\/\/sharebox.global\/de\/wp-json\/wp\/v2\/users\/1"}],"replies":[{"embeddable":true,"href":"https:\/\/sharebox.global\/de\/wp-json\/wp\/v2\/comments?post=44658"}],"version-history":[{"count":1,"href":"https:\/\/sharebox.global\/de\/wp-json\/wp\/v2\/pages\/44658\/revisions"}],"predecessor-version":[{"id":44660,"href":"https:\/\/sharebox.global\/de\/wp-json\/wp\/v2\/pages\/44658\/revisions\/44660"}],"up":[{"embeddable":true,"href":"https:\/\/sharebox.global\/de\/wp-json\/wp\/v2\/pages\/32399"}],"wp:attachment":[{"href":"https:\/\/sharebox.global\/de\/wp-json\/wp\/v2\/media?parent=44658"}],"curies":[{"name":"wp","href":"https:\/\/api.w.org\/{rel}","templated":true}]}}