{"id":44679,"date":"2025-04-04T09:06:22","date_gmt":"2025-04-04T09:06:22","guid":{"rendered":"https:\/\/sharebox.global\/kioske\/"},"modified":"2026-03-03T11:54:04","modified_gmt":"2026-03-03T11:54:04","slug":"kioske","status":"publish","type":"page","link":"https:\/\/sharebox.global\/de\/kioske\/","title":{"rendered":"Kioske"},"content":{"rendered":"\n<div style=\"height:100px\" aria-hidden=\"true\" class=\"wp-block-spacer\"><\/div>\n\n<div style=\"height:100px\" aria-hidden=\"true\" class=\"wp-block-spacer\"><\/div>\n\n<div id=\"title-block--block_1a01eaf3fca2f476bc9709f94e81f729\" class=\"root-level-block title-block center-text-based\">\n\n    \n<!-- Whitespace to be determined -->\n    <div class=\"container\" style=\"padding-top: var(--spacing-m);\">\n        <h1>Sharebox f\u00fcr Autoh\u00e4user, Werkst\u00e4tten und Vermietungsnetzwerke.<\/h1>        <p>Service-Check-in f\u00fcr Autoh\u00e4user, Autovermietungen und Werkst\u00e4tten mit vernetzten Systemen.<\/p>            <\/div>\n\n<\/div>\n\r\n<div id=\"image-coloured-background-width-text-block--block_405d03355b0b160d247242755834f154\" \r\n     class=\"root-level-block image-coloured-background-width-text-block breathing-space\" \r\n     >\r\n\r\n    <div class=\"container relative\">\r\n                    <div class=\"sidequest-image\"><img decoding=\"async\" width=\"1024\" height=\"661\" src=\"https:\/\/sharebox.global\/wp-content\/uploads\/2026\/02\/1d6242c080a26bbc3c7ad87d2d1d0325ea6d1372-1024x661.jpg\" class=\"attachment-large size-large\" alt=\"\" srcset=\"https:\/\/sharebox.global\/wp-content\/uploads\/2026\/02\/1d6242c080a26bbc3c7ad87d2d1d0325ea6d1372-1024x661.jpg 1024w, https:\/\/sharebox.global\/wp-content\/uploads\/2026\/02\/1d6242c080a26bbc3c7ad87d2d1d0325ea6d1372-300x194.jpg 300w, https:\/\/sharebox.global\/wp-content\/uploads\/2026\/02\/1d6242c080a26bbc3c7ad87d2d1d0325ea6d1372-768x496.jpg 768w, https:\/\/sharebox.global\/wp-content\/uploads\/2026\/02\/1d6242c080a26bbc3c7ad87d2d1d0325ea6d1372-1536x992.jpg 1536w, https:\/\/sharebox.global\/wp-content\/uploads\/2026\/02\/1d6242c080a26bbc3c7ad87d2d1d0325ea6d1372-2048x1322.jpg 2048w\" sizes=\"(max-width: 1024px) 100vw, 1024px\" \/><\/div>\r\n        \r\n                <div class=\"sidequest\">\r\n            <div class=\"sidequest-type\">\r\n                                    <h2>Gesch\u00e4ftliche Vorteile<\/h2>\r\n                                \r\n\r\n                                            <p>Verwandeln Sie jede Kundeninteraktion in eine Wachstumschance:<\/p><ul style=\"margin-left: 0;\" class=\"custom-bullet-list\"><li>Verk\u00fcrzte Wartezeiten beim Check-in<\/li><li>Erh\u00f6hter Upsell (z.B. +20-30% Uplift)<\/li><li>Werkstatt-Check-in &amp; Bezahlung<\/li><li>Fahrzeugabholung nach Gesch\u00e4ftsschluss<\/li><li>Selbstbedienung im Vermietungsnetzwerk<\/li><li>OEM \/ Rental Multi-Site Deployment<\/li><li>H\u00f6here Kundenzufriedenheit<\/li><li>Kosteneinsparungen durch Automatisierung<\/li><\/ul>                                    <\/div>\r\n            \r\n            \r\n                            <div class=\"inline-button-group two-buttons\">\r\n\r\n                                                                    <a class=\"wp-block-button__link btn-light\"\r\n                           href=\"https:\/\/sharebox.global\/de\/kontakt\/\"\r\n                           target=\"_self\"                           >\r\n                            Sprechen Sie mit dem Vertrieb                        <\/a>\r\n                    \r\n                    <!-- Button 2 (secondary) -->\r\n                                                                    <a class=\"wp-block-button__link btn-inv btn-light\"\r\n                           href=\"https:\/\/sharebox.global\/de\/beginnen-sie\/\"\r\n                           target=\"_self\"                           >\r\n                            Demos ansehen                        <\/a>\r\n                    \r\n                <\/div>\r\n                    <\/div>\r\n            <\/div>\r\n<\/div>\r\n\n<div id=\"text-with-image-with-border--block_000128f2af261399174fadc3193d419f\" class=\"root-level-block text-with-image-with-border grid-70-30\">\n    <div class=\"container\">\n    <div class=\"column-cabinets\">\n        <div class=\"column-left\">\n            <h2>s32 Au\u00dfen-Kioske<\/h2>\n            <p>Modell f\u00fcr den Au\u00dfenbereich, sicher und diebstahlgesch\u00fctzt, mit aktivem Touchscreen und mobiler Schnittstelle f\u00fcr den Selbstbedienungszugang 24\/7. Erh\u00e4ltlich mit 32 Schlie\u00dff\u00e4chern. <\/p>\n\n                            <a class=\"wp-block-button__link btn-light text-only-button\" \n                   href=\"https:\/\/sharebox.global\/de\/products\/outdoor-kiosks\/\"\n                   target=\"\">\n                    Details anzeigen                <\/a>\n                    <\/div>\n\n                                    <a class=\"column-right\" href=\"https:\/\/sharebox.global\/de\/products\/outdoor-kiosks\/\"\n                   target=\"\">\n                    <img decoding=\"async\" width=\"1024\" height=\"768\" src=\"https:\/\/sharebox.global\/wp-content\/uploads\/2025\/06\/S32_black_largePanel_Sharebox@1200900-1024x768.jpg\" class=\"attachment-large size-large\" alt=\"\" srcset=\"https:\/\/sharebox.global\/wp-content\/uploads\/2025\/06\/S32_black_largePanel_Sharebox@1200900-1024x768.jpg 1024w, https:\/\/sharebox.global\/wp-content\/uploads\/2025\/06\/S32_black_largePanel_Sharebox@1200900-300x225.jpg 300w, https:\/\/sharebox.global\/wp-content\/uploads\/2025\/06\/S32_black_largePanel_Sharebox@1200900-768x576.jpg 768w, https:\/\/sharebox.global\/wp-content\/uploads\/2025\/06\/S32_black_largePanel_Sharebox@1200900.jpg 1200w\" sizes=\"(max-width: 1024px) 100vw, 1024px\" \/>                <\/a>\n                        <\/div> \n    <\/div> \n<\/div>\n\n\n<div id=\"text-with-image-with-border--block_dd114786b91481e2fea707df93d8c032\" class=\"root-level-block text-with-image-with-border grid-70-30\">\n    <div class=\"container\">\n    <div class=\"column-cabinets\">\n        <div class=\"column-left\">\n            <h2>i32 Kioske f\u00fcr den Innenbereich<\/h2>\n            <p>Bodenmontiertes Modell f\u00fcr den Innenbereich mit aktivem Touchscreen und mobiler Schnittstelle f\u00fcr den Selbstbedienungszugang. Erh\u00e4ltlich mit 16 oder 32 F\u00e4chern. <\/p>\n\n                            <a class=\"wp-block-button__link btn-light text-only-button\" \n                   href=\"https:\/\/sharebox.global\/de\/products\/indoor-kiosks\/\"\n                   target=\"\">\n                    Details anzeigen                <\/a>\n                    <\/div>\n\n                                    <a class=\"column-right\" href=\"https:\/\/sharebox.global\/de\/products\/indoor-kiosks\/\"\n                   target=\"\">\n                    <img decoding=\"async\" width=\"1024\" height=\"768\" src=\"https:\/\/sharebox.global\/wp-content\/uploads\/2025\/03\/i32_black_thumbnail_darkBG_Sharebox.jpg\" class=\"attachment-large size-large\" alt=\"\" srcset=\"https:\/\/sharebox.global\/wp-content\/uploads\/2025\/03\/i32_black_thumbnail_darkBG_Sharebox.jpg 1200w, https:\/\/sharebox.global\/wp-content\/uploads\/2025\/03\/i32_black_thumbnail_darkBG_Sharebox-300x225.jpg 300w, https:\/\/sharebox.global\/wp-content\/uploads\/2025\/03\/i32_black_thumbnail_darkBG_Sharebox-768x576.jpg 768w\" sizes=\"(max-width: 1024px) 100vw, 1024px\" \/>                <\/a>\n                        <\/div> \n    <\/div> \n<\/div>\n\n\n<div id=\"text-with-image-with-border--block_d9c84058bbed251634e07ffe6e6d3a99\" class=\"root-level-block text-with-image-with-border grid-70-30\">\n    <div class=\"container\">\n    <div class=\"column-cabinets\">\n        <div class=\"column-left\">\n            <h2>m28 Wandkioske<\/h2>\n            <p>Wandmontiertes Modell mit aktivem Touchscreen und mobiler Schnittstelle f\u00fcr den Selbstbedienungszugang. Erh\u00e4ltlich mit 12 oder 28 F\u00e4chern. <\/p>\n\n                            <a class=\"wp-block-button__link btn-light text-only-button\" \n                   href=\"https:\/\/sharebox.global\/de\/secure-key-cabinets\/wall-mounted-cabinet\/\"\n                   target=\"\">\n                    Details anzeigen                <\/a>\n                    <\/div>\n\n                                    <a class=\"column-right\" href=\"https:\/\/sharebox.global\/de\/secure-key-cabinets\/wall-mounted-cabinet\/\"\n                   target=\"\">\n                    <img decoding=\"async\" width=\"1024\" height=\"768\" src=\"https:\/\/sharebox.global\/wp-content\/uploads\/2025\/03\/mKiosk_detail_bg_313130@1200_900.jpg\" class=\"attachment-large size-large\" alt=\"\" srcset=\"https:\/\/sharebox.global\/wp-content\/uploads\/2025\/03\/mKiosk_detail_bg_313130@1200_900.jpg 1054w, https:\/\/sharebox.global\/wp-content\/uploads\/2025\/03\/mKiosk_detail_bg_313130@1200_900-300x225.jpg 300w, https:\/\/sharebox.global\/wp-content\/uploads\/2025\/03\/mKiosk_detail_bg_313130@1200_900-768x576.jpg 768w\" sizes=\"(max-width: 1024px) 100vw, 1024px\" \/>                <\/a>\n                        <\/div> \n    <\/div> \n<\/div>\n\n\n<div id=\"text-with-image-with-border--block_c07b4427940e8f6727550dad19593b34\" class=\"root-level-block text-with-image-with-border grid-70-30\">\n    <div class=\"container\">\n    <div class=\"column-cabinets\">\n        <div class=\"column-left\">\n            <h2>w64 Kioske f\u00fcr den Innenbereich<\/h2>\n            <p>Bodenmontiertes Modell f\u00fcr den Innenbereich mit Touchscreen und mobiler Schnittstelle f\u00fcr den Selbstbedienungszugang. Erh\u00e4ltlich mit 64 oder 128 Schlie\u00dff\u00e4chern. <\/p>\n\n                            <a class=\"wp-block-button__link btn-light text-only-button\" \n                   href=\"https:\/\/sharebox.global\/de\/secure-key-cabinets\/wide-kiosks\/\"\n                   target=\"\">\n                    Details anzeigen                <\/a>\n                    <\/div>\n\n                                    <a class=\"column-right\" href=\"https:\/\/sharebox.global\/de\/secure-key-cabinets\/wide-kiosks\/\"\n                   target=\"\">\n                    <img decoding=\"async\" width=\"1024\" height=\"767\" src=\"https:\/\/sharebox.global\/wp-content\/uploads\/2025\/03\/w64_detail_bg_313130@1052-788.jpg\" class=\"attachment-large size-large\" alt=\"\" srcset=\"https:\/\/sharebox.global\/wp-content\/uploads\/2025\/03\/w64_detail_bg_313130@1052-788.jpg 1052w, https:\/\/sharebox.global\/wp-content\/uploads\/2025\/03\/w64_detail_bg_313130@1052-788-300x225.jpg 300w, https:\/\/sharebox.global\/wp-content\/uploads\/2025\/03\/w64_detail_bg_313130@1052-788-768x575.jpg 768w\" sizes=\"(max-width: 1024px) 100vw, 1024px\" \/>                <\/a>\n                        <\/div> \n    <\/div> \n<\/div>\n\n\n<div style=\"height:100px\" aria-hidden=\"true\" class=\"wp-block-spacer\"><\/div>\n","protected":false},"excerpt":{"rendered":"","protected":false},"author":1,"featured_media":0,"parent":0,"menu_order":0,"comment_status":"closed","ping_status":"closed","template":"","meta":{"_acf_changed":false,"content-type":"","inline_featured_image":false,"footnotes":""},"class_list":["post-44679","page","type-page","status-publish","hentry"],"acf":[],"yoast_head":"<!-- This site is optimized with the Yoast SEO plugin v27.4 - https:\/\/yoast.com\/product\/yoast-seo-wordpress\/ -->\n<title>Kioske - Sharebox<\/title>\n<meta name=\"robots\" content=\"index, follow, max-snippet:-1, max-image-preview:large, max-video-preview:-1\" \/>\n<link rel=\"canonical\" href=\"https:\/\/sharebox.global\/de\/kioske\/\" \/>\n<meta property=\"og:locale\" content=\"de_DE\" \/>\n<meta property=\"og:type\" content=\"article\" \/>\n<meta property=\"og:title\" content=\"Selbstbedienungs-Kioske\" \/>\n<meta property=\"og:url\" content=\"https:\/\/sharebox.global\/de\/kioske\/\" \/>\n<meta property=\"og:site_name\" content=\"Sharebox\" \/>\n<meta property=\"article:publisher\" content=\"https:\/\/www.facebook.com\/SHAREBOX.NO\/\" \/>\n<meta property=\"article:modified_time\" content=\"2026-03-03T11:54:04+00:00\" \/>\n<meta property=\"og:image\" content=\"https:\/\/sharebox.global\/wp-content\/uploads\/2025\/04\/Volkswagen-Nutzfahrzeuge-Service-Station-mit-Dach.png\" \/>\n\t<meta property=\"og:image:width\" content=\"1170\" \/>\n\t<meta property=\"og:image:height\" content=\"521\" \/>\n\t<meta property=\"og:image:type\" content=\"image\/png\" \/>\n<meta name=\"twitter:card\" content=\"summary_large_image\" \/>\n<script type=\"application\/ld+json\" class=\"yoast-schema-graph\">{\"@context\":\"https:\\\/\\\/schema.org\",\"@graph\":[{\"@type\":\"WebPage\",\"@id\":\"https:\\\/\\\/sharebox.global\\\/de\\\/kioske\\\/\",\"url\":\"https:\\\/\\\/sharebox.global\\\/de\\\/kioske\\\/\",\"name\":\"Kioske - Sharebox\",\"isPartOf\":{\"@id\":\"https:\\\/\\\/sharebox.global\\\/de\\\/#website\"},\"datePublished\":\"2025-04-04T09:06:22+00:00\",\"dateModified\":\"2026-03-03T11:54:04+00:00\",\"breadcrumb\":{\"@id\":\"https:\\\/\\\/sharebox.global\\\/de\\\/kioske\\\/#breadcrumb\"},\"inLanguage\":\"de\",\"potentialAction\":[{\"@type\":\"ReadAction\",\"target\":[\"https:\\\/\\\/sharebox.global\\\/de\\\/kioske\\\/\"]}]},{\"@type\":\"BreadcrumbList\",\"@id\":\"https:\\\/\\\/sharebox.global\\\/de\\\/kioske\\\/#breadcrumb\",\"itemListElement\":[{\"@type\":\"ListItem\",\"position\":1,\"name\":\"Home\",\"item\":\"https:\\\/\\\/sharebox.global\\\/de\\\/\"},{\"@type\":\"ListItem\",\"position\":2,\"name\":\"Kioske\"}]},{\"@type\":\"WebSite\",\"@id\":\"https:\\\/\\\/sharebox.global\\\/de\\\/#website\",\"url\":\"https:\\\/\\\/sharebox.global\\\/de\\\/\",\"name\":\"Sharebox\",\"description\":\"Infrastructure for 24\\\/7 vehicle handover\",\"publisher\":{\"@id\":\"https:\\\/\\\/sharebox.global\\\/de\\\/#organization\"},\"potentialAction\":[{\"@type\":\"SearchAction\",\"target\":{\"@type\":\"EntryPoint\",\"urlTemplate\":\"https:\\\/\\\/sharebox.global\\\/de\\\/?s={search_term_string}\"},\"query-input\":{\"@type\":\"PropertyValueSpecification\",\"valueRequired\":true,\"valueName\":\"search_term_string\"}}],\"inLanguage\":\"de\"},{\"@type\":\"Organization\",\"@id\":\"https:\\\/\\\/sharebox.global\\\/de\\\/#organization\",\"name\":\"Sharebox\",\"url\":\"https:\\\/\\\/sharebox.global\\\/de\\\/\",\"logo\":{\"@type\":\"ImageObject\",\"inLanguage\":\"de\",\"@id\":\"https:\\\/\\\/sharebox.global\\\/de\\\/#\\\/schema\\\/logo\\\/image\\\/\",\"url\":\"https:\\\/\\\/sharebox.global\\\/wp-content\\\/uploads\\\/2024\\\/04\\\/Sharebox-logo-red-on-white-500px.png\",\"contentUrl\":\"https:\\\/\\\/sharebox.global\\\/wp-content\\\/uploads\\\/2024\\\/04\\\/Sharebox-logo-red-on-white-500px.png\",\"width\":450,\"height\":63,\"caption\":\"Sharebox\"},\"image\":{\"@id\":\"https:\\\/\\\/sharebox.global\\\/de\\\/#\\\/schema\\\/logo\\\/image\\\/\"},\"sameAs\":[\"https:\\\/\\\/www.facebook.com\\\/SHAREBOX.NO\\\/\",\"https:\\\/\\\/www.linkedin.com\\\/company\\\/sharebox-as\\\/\",\"https:\\\/\\\/www.youtube.com\\\/channel\\\/UCGwoGdfNeD59c2s4qhf0gLQ\"]}]}<\/script>\n<!-- \/ Yoast SEO plugin. -->","yoast_head_json":{"title":"Kioske - Sharebox","robots":{"index":"index","follow":"follow","max-snippet":"max-snippet:-1","max-image-preview":"max-image-preview:large","max-video-preview":"max-video-preview:-1"},"canonical":"https:\/\/sharebox.global\/de\/kioske\/","og_locale":"de_DE","og_type":"article","og_title":"Selbstbedienungs-Kioske","og_url":"https:\/\/sharebox.global\/de\/kioske\/","og_site_name":"Sharebox","article_publisher":"https:\/\/www.facebook.com\/SHAREBOX.NO\/","article_modified_time":"2026-03-03T11:54:04+00:00","og_image":[{"width":1170,"height":521,"url":"https:\/\/sharebox.global\/wp-content\/uploads\/2025\/04\/Volkswagen-Nutzfahrzeuge-Service-Station-mit-Dach.png","type":"image\/png"}],"twitter_card":"summary_large_image","schema":{"@context":"https:\/\/schema.org","@graph":[{"@type":"WebPage","@id":"https:\/\/sharebox.global\/de\/kioske\/","url":"https:\/\/sharebox.global\/de\/kioske\/","name":"Kioske - Sharebox","isPartOf":{"@id":"https:\/\/sharebox.global\/de\/#website"},"datePublished":"2025-04-04T09:06:22+00:00","dateModified":"2026-03-03T11:54:04+00:00","breadcrumb":{"@id":"https:\/\/sharebox.global\/de\/kioske\/#breadcrumb"},"inLanguage":"de","potentialAction":[{"@type":"ReadAction","target":["https:\/\/sharebox.global\/de\/kioske\/"]}]},{"@type":"BreadcrumbList","@id":"https:\/\/sharebox.global\/de\/kioske\/#breadcrumb","itemListElement":[{"@type":"ListItem","position":1,"name":"Home","item":"https:\/\/sharebox.global\/de\/"},{"@type":"ListItem","position":2,"name":"Kioske"}]},{"@type":"WebSite","@id":"https:\/\/sharebox.global\/de\/#website","url":"https:\/\/sharebox.global\/de\/","name":"Sharebox","description":"Infrastructure for 24\/7 vehicle handover","publisher":{"@id":"https:\/\/sharebox.global\/de\/#organization"},"potentialAction":[{"@type":"SearchAction","target":{"@type":"EntryPoint","urlTemplate":"https:\/\/sharebox.global\/de\/?s={search_term_string}"},"query-input":{"@type":"PropertyValueSpecification","valueRequired":true,"valueName":"search_term_string"}}],"inLanguage":"de"},{"@type":"Organization","@id":"https:\/\/sharebox.global\/de\/#organization","name":"Sharebox","url":"https:\/\/sharebox.global\/de\/","logo":{"@type":"ImageObject","inLanguage":"de","@id":"https:\/\/sharebox.global\/de\/#\/schema\/logo\/image\/","url":"https:\/\/sharebox.global\/wp-content\/uploads\/2024\/04\/Sharebox-logo-red-on-white-500px.png","contentUrl":"https:\/\/sharebox.global\/wp-content\/uploads\/2024\/04\/Sharebox-logo-red-on-white-500px.png","width":450,"height":63,"caption":"Sharebox"},"image":{"@id":"https:\/\/sharebox.global\/de\/#\/schema\/logo\/image\/"},"sameAs":["https:\/\/www.facebook.com\/SHAREBOX.NO\/","https:\/\/www.linkedin.com\/company\/sharebox-as\/","https:\/\/www.youtube.com\/channel\/UCGwoGdfNeD59c2s4qhf0gLQ"]}]}},"_links":{"self":[{"href":"https:\/\/sharebox.global\/de\/wp-json\/wp\/v2\/pages\/44679","targetHints":{"allow":["GET"]}}],"collection":[{"href":"https:\/\/sharebox.global\/de\/wp-json\/wp\/v2\/pages"}],"about":[{"href":"https:\/\/sharebox.global\/de\/wp-json\/wp\/v2\/types\/page"}],"author":[{"embeddable":true,"href":"https:\/\/sharebox.global\/de\/wp-json\/wp\/v2\/users\/1"}],"replies":[{"embeddable":true,"href":"https:\/\/sharebox.global\/de\/wp-json\/wp\/v2\/comments?post=44679"}],"version-history":[{"count":7,"href":"https:\/\/sharebox.global\/de\/wp-json\/wp\/v2\/pages\/44679\/revisions"}],"predecessor-version":[{"id":48772,"href":"https:\/\/sharebox.global\/de\/wp-json\/wp\/v2\/pages\/44679\/revisions\/48772"}],"wp:attachment":[{"href":"https:\/\/sharebox.global\/de\/wp-json\/wp\/v2\/media?parent=44679"}],"curies":[{"name":"wp","href":"https:\/\/api.w.org\/{rel}","templated":true}]}}