{"id":44720,"date":"2025-04-04T09:06:22","date_gmt":"2025-04-04T09:06:22","guid":{"rendered":"https:\/\/sharebox.global\/kioske-im-freien\/"},"modified":"2025-09-02T07:29:37","modified_gmt":"2025-09-02T07:29:37","slug":"kioske-im-freien","status":"publish","type":"page","link":"https:\/\/sharebox.global\/de\/produkte\/kioske-im-freien\/","title":{"rendered":"s32 Au\u00dfen-Kiosk"},"content":{"rendered":"\n<div id=\"intro--block_2a9f624b4bb317f2dc270362e5e65c03\" class=\"root-level-block intro\" style=\"background: \">\n\n    \n    <div class=\"container\">\n        <div class=\"intro_inner\">\n            <div class=\"intro_info\">\n                <small>Modelle f\u00fcr drau\u00dfen<\/small>\n                                    <h1>s32<\/h1>\n                                <p style=\"color: ;\">Der sichere und elegante Kiosk f\u00fcr den Au\u00dfenbereich macht es den Kunden leicht, Schl\u00fcssel abzuholen oder abzugeben.<\/p>                                    <a \n                                                class=\"wp-block-button__link btn-light larger-button\"\n                        target=\"_self\"\n                        href=\"https:\/\/sharebox.global\/de\/get-started\/\"\n                    >\n                        Demos ansehen                    <\/a>\n                            <\/div>\n            <div class=\"intro_img\">\n                <img decoding=\"async\" src=\"https:\/\/sharebox.global\/wp-content\/uploads\/2025\/06\/S32_black_largePanel_Sharebox@700900.jpg\" alt=\"\">\n            <\/div>\n        <\/div>\n    <\/div>\n<\/div>\n\n<div id=\"image-with-title-and-description--block_22e1e4c9fd46a43874b53bcaebe2bb6f\" class=\"root-level-block image-with-title-and-description is-style-right-aligned direction-right\">\n    \n    <div class=\"container relative\">\n        <div class=\"halved-image-container\">\n                            <div class=\"halved-image\"><img decoding=\"async\" width=\"1000\" height=\"750\" src=\"https:\/\/sharebox.global\/wp-content\/uploads\/2025\/06\/S32_black_largePanel_blurredPerson_beigeBG@1000750_Sharebox.jpg\" class=\"attachment-large size-large\" alt=\"\" srcset=\"https:\/\/sharebox.global\/wp-content\/uploads\/2025\/06\/S32_black_largePanel_blurredPerson_beigeBG@1000750_Sharebox.jpg 1000w, https:\/\/sharebox.global\/wp-content\/uploads\/2025\/06\/S32_black_largePanel_blurredPerson_beigeBG@1000750_Sharebox-300x225.jpg 300w, https:\/\/sharebox.global\/wp-content\/uploads\/2025\/06\/S32_black_largePanel_blurredPerson_beigeBG@1000750_Sharebox-768x576.jpg 768w\" sizes=\"(max-width: 1000px) 100vw, 1000px\" \/><\/div>\n            \n                            <div class=\"halved\">\n                    <div class=\"halved-type\">\n                                                    <h3>Schnell und bequem<\/h3>\n                                                \n                                                    <ul style=\"margin-left: 0;\" class=\"custom-bullet-list\"><li>Einfache, selbstgesteuerte Bedienung<\/li><li>Maximale Sicherheit f\u00fcr jeden Schl\u00fcsselaustausch<\/li><li>Kundensupport 24\/7 verf\u00fcgbar<\/li><\/ul>                                            <\/div>\n\n                                                <div class=\"wp-block-button__group\">\n                                                            <\/div>\n                                                            <\/div>\n                    <\/div>\n    <\/div>\n<\/div>\n\n\n<div id=\"repeating-row-of-three-boxes--block_387d33f3ba4a9d64f7c1d4f1b30e1894\" class=\"root-level-block repeating-row-of-three-boxes\">\n\n    <div class=\"container\">\n\n        <div class=\"grey-box-row\">\n                                <!-- Individual box container -->\n                    <div class=\"grey-text-box\">\n                                                    <img decoding=\"async\" width=\"96\" height=\"96\" src=\"https:\/\/sharebox.global\/wp-content\/uploads\/2025\/03\/icon_twoCarKeys@96px.png\" class=\"icon\" alt=\"\" \/>                        \n                                                    <h3>Hohe Kapazit\u00e4t<\/h3>\n                                                \n                                                    <p>Die Outdoor-Kioske der S-Serie fassen bis zu 32 Autoschl\u00fcssel.<\/p>\n                                            <\/div>\n                                    <!-- Individual box container -->\n                    <div class=\"grey-text-box\">\n                                                    <img decoding=\"async\" width=\"96\" height=\"96\" src=\"https:\/\/sharebox.global\/wp-content\/uploads\/2025\/03\/icon_checkbadgesecurityapprovedcertificate@96px.png\" class=\"icon\" alt=\"\" \/>                        \n                                                    <h3>Zertifizierte Sicherheit  <\/h3>\n                                                \n                                                    <p>Anti-Diebstahl-Zulassung, EN 1143-1:2019 zertifiziert.\r\n<\/p>\n                                            <\/div>\n                                    <!-- Individual box container -->\n                    <div class=\"grey-text-box\">\n                                                    <img decoding=\"async\" width=\"96\" height=\"96\" src=\"https:\/\/sharebox.global\/wp-content\/uploads\/2025\/03\/icon_handpuzzlefeatures@96px.png\" class=\"icon\" alt=\"\" \/>                        \n                                                    <h3>Funktionen hinzuf\u00fcgen<\/h3>\n                                                \n                                                    <p>Hinzuf\u00fcgen, Integrationen, Zahlung, ID und viele andere Funktionen.\r\n<\/p>\n                                            <\/div>\n                                    <\/div>\n    <\/div>    \n<\/div>\n\n\n    <div id=\"accordion--block_9c8596dcdab1bc6aaa75429df4adc11c\" class=\"root-level-block accordion\">\n        <div class=\"container\">\n                            <details class=\"accordion-item\">\n                    <summary class=\"accordion-title\">Technische Daten<\/summary>\n                    <div class=\"accordion-content\"><p><img decoding=\"async\" class=\"alignnone wp-image-46245 size-full\" src=\"https:\/\/sharebox.global\/wp-content\/uploads\/2025\/06\/ASM100246-A.png\" alt=\"\" width=\"830\" height=\"1081\" srcset=\"https:\/\/sharebox.global\/wp-content\/uploads\/2025\/06\/ASM100246-A.png 830w, https:\/\/sharebox.global\/wp-content\/uploads\/2025\/06\/ASM100246-A-230x300.png 230w, https:\/\/sharebox.global\/wp-content\/uploads\/2025\/06\/ASM100246-A-786x1024.png 786w, https:\/\/sharebox.global\/wp-content\/uploads\/2025\/06\/ASM100246-A-768x1000.png 768w\" sizes=\"(max-width: 830px) 100vw, 830px\" \/><\/p>\n<p>&nbsp;<\/p>\n<ul>\n<li>Ma\u00dfe des Kiosks (HxBxT):s32 auf Grundrahmen: 195x70x30 cm | 76.8&#215;27.6&#215;11.8\u2033s32 Betonsockel: 203x100x62 cm | 79.7&#215;39.4x 24.2\u2033<\/li>\n<li>Kioskgewicht:s32: 335kg | 738.55 lbs32 auf Betonsockel: 540kg | 1190.50 lb<\/li>\n<li>Anzahl der Schlie\u00dff\u00e4cher: 32 <\/li>\n<li>Abmessungen des Schlie\u00dffachs (HxBxT):6 x 5,5 x 10 cm I 2.4 x 2.2 x 3.9&#8243;<\/li>\n<li>Gr\u00f6\u00dfe des Touchscreen-Displays: 15&#8243;<\/li>\n<li>Konnektivit\u00e4t:Kabelgebundenes Ethernet und L TE-M (2G l 3G l 4G)Ethernet-, Wi-Fi-, LTE-Router (optional)<\/li>\n<li>Farben: Schwarz, Grau, Wei\u00df. Kundenspezifische Farben optional <\/li>\n<li>Betrieb: Au\u00dfen und innen<\/li>\n<li>Betriebstemperatur: -20\u00b0C &#8211; +50\u00b0C<\/li>\n<li>Stromversorgung: 110-240V 50-60Hz<\/li>\n<li>Leistungsaufnahme: 200 W<\/li>\n<\/ul>\n<p><a href=\"https:\/\/145543298.fs1.hubspotusercontent-eu1.net\/hubfs\/145543298\/Sharebox%20Marketing%20Materials\/Product%20Sheets\/s32%2015%20inch\/Sharebox-s32.pdf\">Produktdatenblatt herunterladen (PDF)<\/a><\/p>\n<\/div>\n                <\/details>\n                            <details class=\"accordion-item\">\n                    <summary class=\"accordion-title\">Zertifikate<\/summary>\n                    <div class=\"accordion-content\"><ul>\n<li><a href=\"https:\/\/sharebox.global\/wp-content\/uploads\/2025\/04\/2025-03-24T10_56_01.676Z-product-approval-1.pdf\">FG Godkjenningsbevis<\/a> &#8211; ausgestellt von FG (Forsikringsselskapenes Godkjennelsesnevnd)<\/li>\n<li><a href=\"https:\/\/sharebox.global\/wp-content\/uploads\/2025\/04\/EN-1143-1-2019-Certificate-SC0327-19-Valid-2030-03-21-1.pdf\">EN 1143-1 Zertifizierung<\/a> &#8211; ausgestellt von RISE (Research Institutes of Sweden)<\/li>\n<li><a href=\"https:\/\/www.sikringsguiden.dk\/sikringsprodukter\/mekaniske-sikringsprodukter\/?regnumber=10.211-13584\">Danske Sikringsguiden 10.211-13584<\/a><\/li>\n<\/ul>\n<\/div>\n                <\/details>\n                    <\/div>  \n    <\/div>\n\n<div id=\"three-columns-with-support--block_a1e5cb98c1aed18a54547cf1422f0566\" class=\"root-level-block three-columns-with-support\">\n\n    <div class=\"container\">\n\n        <div class=\"decided\">\n            \n                                \n                            <!-- Display section title if one exists -->\n                <h2 class=\"decided-title text-center\">Beginnen Sie<\/h2>\n                            \n                                    \n                        <!-- Column container for the 3 boxes -->\n            <div class=\"column-box-row\">\n                \n                            <!-- Individual box container -->\n                            <div class=\"column-text-box\">\n                                                                    <img decoding=\"async\" width=\"48\" height=\"48\" src=\"https:\/\/sharebox.global\/wp-content\/uploads\/2025\/03\/icon_monitorbookstudent@48.png\" class=\"icon\" alt=\"\" \/>                                \n                                <h3>1. Demo ansehen<\/h3>\n                                <p>Sehen Sie es live und teilen Sie uns Ihre Anforderungen mit.<\/p>\n                            <\/div>\n\n                        \n                            <!-- Individual box container -->\n                            <div class=\"column-text-box\">\n                                                                    <img decoding=\"async\" width=\"48\" height=\"48\" src=\"https:\/\/sharebox.global\/wp-content\/uploads\/2025\/03\/icon_planblueprint@48.png\" class=\"icon\" alt=\"\" \/>                                \n                                <h3>2. Ma\u00dfgeschneiderter Vorschlag<\/h3>\n                                <p>Sie erhalten einen Plan und eine Strategie, die auf Ihr Unternehmen und Ihre Ziele zugeschnitten sind.<\/p>\n                            <\/div>\n\n                        \n                            <!-- Individual box container -->\n                            <div class=\"column-text-box\">\n                                                                    <img decoding=\"async\" width=\"48\" height=\"48\" src=\"https:\/\/sharebox.global\/wp-content\/uploads\/2025\/03\/icon_toolsscrewdriverwrench@48.png\" class=\"icon\" alt=\"\" \/>                                \n                                <h3>3. Implementierung<\/h3>\n                                <p>Wir k\u00fcmmern uns um die Installation und Konfiguration und schulen Ihre Mitarbeiter.<\/p>\n                            <\/div>\n\n                                    <\/div>\n            <!-- End check for enabled columns -->\n\n                        <!-- Button group centered below content -->\n            <div class=\"centered-button-group\">\n                                                <a class=\"wp-block-button__link btn-light\"\n                    href=\"https:\/\/sharebox.global\/de\/get-started\/\"\n                    >\n                        Demos ansehen                    <\/a>\n                                                <\/div>\n                    <\/div>\n    <\/div>\n<\/div>\n\n<div id=\"image-with-title-and-description--block_6cc0859e56ac835c9a194c8861b65e71\" class=\"root-level-block image-with-title-and-description direction-right\">\n    \n    <div class=\"container relative\">\n        <div class=\"halved-image-container\">\n                            <div class=\"halved-image\"><img decoding=\"async\" width=\"1024\" height=\"768\" src=\"https:\/\/sharebox.global\/wp-content\/uploads\/2025\/03\/s32i32m28_blurredPerson_purpleBG@1000_750_Sharebox.jpg\" class=\"attachment-large size-large\" alt=\"\" srcset=\"https:\/\/sharebox.global\/wp-content\/uploads\/2025\/03\/s32i32m28_blurredPerson_purpleBG@1000_750_Sharebox.jpg 1200w, https:\/\/sharebox.global\/wp-content\/uploads\/2025\/03\/s32i32m28_blurredPerson_purpleBG@1000_750_Sharebox-300x225.jpg 300w, https:\/\/sharebox.global\/wp-content\/uploads\/2025\/03\/s32i32m28_blurredPerson_purpleBG@1000_750_Sharebox-768x576.jpg 768w\" sizes=\"(max-width: 1024px) 100vw, 1024px\" \/><\/div>\n            \n                            <div class=\"halved\">\n                    <div class=\"halved-type\">\n                                                    <h3>Kundenspezifisches Design und White-Labeling<\/h3>\n                                                \n                                                    <p>Alle Kioske k\u00f6nnen an Ihr\nBranding und Design angepasst werden.<\/p>                                            <\/div>\n\n                                                <div class=\"wp-block-button__group\">\n                                                                        <a class=\"wp-block-button__link btn-light\" \n                                            href=\"\"\n                                            >\n                                            Weiterlesen                                        <\/a>\n                                                                <\/div>\n                                                            <\/div>\n                    <\/div>\n    <\/div>\n<\/div>\n","protected":false},"excerpt":{"rendered":"","protected":false},"author":1,"featured_media":0,"parent":33353,"menu_order":0,"comment_status":"closed","ping_status":"closed","template":"","meta":{"_acf_changed":false,"content-type":"","inline_featured_image":false,"footnotes":""},"class_list":["post-44720","page","type-page","status-publish","hentry"],"acf":[],"yoast_head":"<!-- This site is optimized with the Yoast SEO plugin v27.4 - https:\/\/yoast.com\/product\/yoast-seo-wordpress\/ -->\n<title>s32 Au\u00dfen-Kiosk - Sharebox<\/title>\n<meta name=\"description\" content=\"Kleine und schlichte Schr\u00e4nke f\u00fcr den Au\u00dfenbereich machen es den Kunden leicht, die Schl\u00fcssel abzuholen oder abzugeben.\" \/>\n<meta name=\"robots\" content=\"index, follow, max-snippet:-1, max-image-preview:large, max-video-preview:-1\" \/>\n<link rel=\"canonical\" href=\"https:\/\/sharebox.global\/de\/produkte\/kioske-im-freien\/\" \/>\n<meta property=\"og:locale\" content=\"de_DE\" \/>\n<meta property=\"og:type\" content=\"article\" \/>\n<meta property=\"og:title\" content=\"s32 Au\u00dfen-Kiosk\" \/>\n<meta property=\"og:description\" content=\"Kleine und schlichte Schr\u00e4nke f\u00fcr den Au\u00dfenbereich machen es den Kunden leicht, die Schl\u00fcssel abzuholen oder abzugeben.\" \/>\n<meta property=\"og:url\" content=\"https:\/\/sharebox.global\/de\/produkte\/kioske-im-freien\/\" \/>\n<meta property=\"og:site_name\" content=\"Sharebox\" \/>\n<meta property=\"article:publisher\" content=\"https:\/\/www.facebook.com\/SHAREBOX.NO\/\" \/>\n<meta property=\"article:modified_time\" content=\"2025-09-02T07:29:37+00:00\" \/>\n<meta property=\"og:image\" content=\"https:\/\/sharebox.global\/wp-content\/uploads\/2025\/04\/Volkswagen-Nutzfahrzeuge-Service-Station-mit-Dach.png\" \/>\n\t<meta property=\"og:image:width\" content=\"1170\" \/>\n\t<meta property=\"og:image:height\" content=\"521\" \/>\n\t<meta property=\"og:image:type\" content=\"image\/png\" \/>\n<meta name=\"twitter:card\" content=\"summary_large_image\" \/>\n<script type=\"application\/ld+json\" class=\"yoast-schema-graph\">{\"@context\":\"https:\\\/\\\/schema.org\",\"@graph\":[{\"@type\":\"WebPage\",\"@id\":\"https:\\\/\\\/sharebox.global\\\/de\\\/produkte\\\/kioske-im-freien\\\/\",\"url\":\"https:\\\/\\\/sharebox.global\\\/de\\\/produkte\\\/kioske-im-freien\\\/\",\"name\":\"s32 Au\u00dfen-Kiosk - Sharebox\",\"isPartOf\":{\"@id\":\"https:\\\/\\\/sharebox.global\\\/de\\\/#website\"},\"datePublished\":\"2025-04-04T09:06:22+00:00\",\"dateModified\":\"2025-09-02T07:29:37+00:00\",\"description\":\"Kleine und schlichte Schr\u00e4nke f\u00fcr den Au\u00dfenbereich machen es den Kunden leicht, die Schl\u00fcssel abzuholen oder abzugeben.\",\"breadcrumb\":{\"@id\":\"https:\\\/\\\/sharebox.global\\\/de\\\/produkte\\\/kioske-im-freien\\\/#breadcrumb\"},\"inLanguage\":\"de\",\"potentialAction\":[{\"@type\":\"ReadAction\",\"target\":[\"https:\\\/\\\/sharebox.global\\\/de\\\/produkte\\\/kioske-im-freien\\\/\"]}]},{\"@type\":\"BreadcrumbList\",\"@id\":\"https:\\\/\\\/sharebox.global\\\/de\\\/produkte\\\/kioske-im-freien\\\/#breadcrumb\",\"itemListElement\":[{\"@type\":\"ListItem\",\"position\":1,\"name\":\"Home\",\"item\":\"https:\\\/\\\/sharebox.global\\\/de\\\/\"},{\"@type\":\"ListItem\",\"position\":2,\"name\":\"Produkte\",\"item\":\"https:\\\/\\\/contentsuite.sharebox.global\\\/de\\\/produkte\\\/\"},{\"@type\":\"ListItem\",\"position\":3,\"name\":\"s32 Au\u00dfen-Kiosk\"}]},{\"@type\":\"WebSite\",\"@id\":\"https:\\\/\\\/sharebox.global\\\/de\\\/#website\",\"url\":\"https:\\\/\\\/sharebox.global\\\/de\\\/\",\"name\":\"Sharebox\",\"description\":\"Infrastructure for 24\\\/7 vehicle handover\",\"publisher\":{\"@id\":\"https:\\\/\\\/sharebox.global\\\/de\\\/#organization\"},\"potentialAction\":[{\"@type\":\"SearchAction\",\"target\":{\"@type\":\"EntryPoint\",\"urlTemplate\":\"https:\\\/\\\/sharebox.global\\\/de\\\/?s={search_term_string}\"},\"query-input\":{\"@type\":\"PropertyValueSpecification\",\"valueRequired\":true,\"valueName\":\"search_term_string\"}}],\"inLanguage\":\"de\"},{\"@type\":\"Organization\",\"@id\":\"https:\\\/\\\/sharebox.global\\\/de\\\/#organization\",\"name\":\"Sharebox\",\"url\":\"https:\\\/\\\/sharebox.global\\\/de\\\/\",\"logo\":{\"@type\":\"ImageObject\",\"inLanguage\":\"de\",\"@id\":\"https:\\\/\\\/sharebox.global\\\/de\\\/#\\\/schema\\\/logo\\\/image\\\/\",\"url\":\"https:\\\/\\\/sharebox.global\\\/wp-content\\\/uploads\\\/2024\\\/04\\\/Sharebox-logo-red-on-white-500px.png\",\"contentUrl\":\"https:\\\/\\\/sharebox.global\\\/wp-content\\\/uploads\\\/2024\\\/04\\\/Sharebox-logo-red-on-white-500px.png\",\"width\":450,\"height\":63,\"caption\":\"Sharebox\"},\"image\":{\"@id\":\"https:\\\/\\\/sharebox.global\\\/de\\\/#\\\/schema\\\/logo\\\/image\\\/\"},\"sameAs\":[\"https:\\\/\\\/www.facebook.com\\\/SHAREBOX.NO\\\/\",\"https:\\\/\\\/www.linkedin.com\\\/company\\\/sharebox-as\\\/\",\"https:\\\/\\\/www.youtube.com\\\/channel\\\/UCGwoGdfNeD59c2s4qhf0gLQ\"]}]}<\/script>\n<!-- \/ Yoast SEO plugin. -->","yoast_head_json":{"title":"s32 Au\u00dfen-Kiosk - Sharebox","description":"Kleine und schlichte Schr\u00e4nke f\u00fcr den Au\u00dfenbereich machen es den Kunden leicht, die Schl\u00fcssel abzuholen oder abzugeben.","robots":{"index":"index","follow":"follow","max-snippet":"max-snippet:-1","max-image-preview":"max-image-preview:large","max-video-preview":"max-video-preview:-1"},"canonical":"https:\/\/sharebox.global\/de\/produkte\/kioske-im-freien\/","og_locale":"de_DE","og_type":"article","og_title":"s32 Au\u00dfen-Kiosk","og_description":"Kleine und schlichte Schr\u00e4nke f\u00fcr den Au\u00dfenbereich machen es den Kunden leicht, die Schl\u00fcssel abzuholen oder abzugeben.","og_url":"https:\/\/sharebox.global\/de\/produkte\/kioske-im-freien\/","og_site_name":"Sharebox","article_publisher":"https:\/\/www.facebook.com\/SHAREBOX.NO\/","article_modified_time":"2025-09-02T07:29:37+00:00","og_image":[{"width":1170,"height":521,"url":"https:\/\/sharebox.global\/wp-content\/uploads\/2025\/04\/Volkswagen-Nutzfahrzeuge-Service-Station-mit-Dach.png","type":"image\/png"}],"twitter_card":"summary_large_image","schema":{"@context":"https:\/\/schema.org","@graph":[{"@type":"WebPage","@id":"https:\/\/sharebox.global\/de\/produkte\/kioske-im-freien\/","url":"https:\/\/sharebox.global\/de\/produkte\/kioske-im-freien\/","name":"s32 Au\u00dfen-Kiosk - Sharebox","isPartOf":{"@id":"https:\/\/sharebox.global\/de\/#website"},"datePublished":"2025-04-04T09:06:22+00:00","dateModified":"2025-09-02T07:29:37+00:00","description":"Kleine und schlichte Schr\u00e4nke f\u00fcr den Au\u00dfenbereich machen es den Kunden leicht, die Schl\u00fcssel abzuholen oder abzugeben.","breadcrumb":{"@id":"https:\/\/sharebox.global\/de\/produkte\/kioske-im-freien\/#breadcrumb"},"inLanguage":"de","potentialAction":[{"@type":"ReadAction","target":["https:\/\/sharebox.global\/de\/produkte\/kioske-im-freien\/"]}]},{"@type":"BreadcrumbList","@id":"https:\/\/sharebox.global\/de\/produkte\/kioske-im-freien\/#breadcrumb","itemListElement":[{"@type":"ListItem","position":1,"name":"Home","item":"https:\/\/sharebox.global\/de\/"},{"@type":"ListItem","position":2,"name":"Produkte","item":"https:\/\/contentsuite.sharebox.global\/de\/produkte\/"},{"@type":"ListItem","position":3,"name":"s32 Au\u00dfen-Kiosk"}]},{"@type":"WebSite","@id":"https:\/\/sharebox.global\/de\/#website","url":"https:\/\/sharebox.global\/de\/","name":"Sharebox","description":"Infrastructure for 24\/7 vehicle handover","publisher":{"@id":"https:\/\/sharebox.global\/de\/#organization"},"potentialAction":[{"@type":"SearchAction","target":{"@type":"EntryPoint","urlTemplate":"https:\/\/sharebox.global\/de\/?s={search_term_string}"},"query-input":{"@type":"PropertyValueSpecification","valueRequired":true,"valueName":"search_term_string"}}],"inLanguage":"de"},{"@type":"Organization","@id":"https:\/\/sharebox.global\/de\/#organization","name":"Sharebox","url":"https:\/\/sharebox.global\/de\/","logo":{"@type":"ImageObject","inLanguage":"de","@id":"https:\/\/sharebox.global\/de\/#\/schema\/logo\/image\/","url":"https:\/\/sharebox.global\/wp-content\/uploads\/2024\/04\/Sharebox-logo-red-on-white-500px.png","contentUrl":"https:\/\/sharebox.global\/wp-content\/uploads\/2024\/04\/Sharebox-logo-red-on-white-500px.png","width":450,"height":63,"caption":"Sharebox"},"image":{"@id":"https:\/\/sharebox.global\/de\/#\/schema\/logo\/image\/"},"sameAs":["https:\/\/www.facebook.com\/SHAREBOX.NO\/","https:\/\/www.linkedin.com\/company\/sharebox-as\/","https:\/\/www.youtube.com\/channel\/UCGwoGdfNeD59c2s4qhf0gLQ"]}]}},"_links":{"self":[{"href":"https:\/\/sharebox.global\/de\/wp-json\/wp\/v2\/pages\/44720","targetHints":{"allow":["GET"]}}],"collection":[{"href":"https:\/\/sharebox.global\/de\/wp-json\/wp\/v2\/pages"}],"about":[{"href":"https:\/\/sharebox.global\/de\/wp-json\/wp\/v2\/types\/page"}],"author":[{"embeddable":true,"href":"https:\/\/sharebox.global\/de\/wp-json\/wp\/v2\/users\/1"}],"replies":[{"embeddable":true,"href":"https:\/\/sharebox.global\/de\/wp-json\/wp\/v2\/comments?post=44720"}],"version-history":[{"count":6,"href":"https:\/\/sharebox.global\/de\/wp-json\/wp\/v2\/pages\/44720\/revisions"}],"predecessor-version":[{"id":47166,"href":"https:\/\/sharebox.global\/de\/wp-json\/wp\/v2\/pages\/44720\/revisions\/47166"}],"up":[{"embeddable":true,"href":"https:\/\/sharebox.global\/de\/wp-json\/wp\/v2\/pages\/33353"}],"wp:attachment":[{"href":"https:\/\/sharebox.global\/de\/wp-json\/wp\/v2\/media?parent=44720"}],"curies":[{"name":"wp","href":"https:\/\/api.w.org\/{rel}","templated":true}]}}