{"id":44743,"date":"2025-04-04T09:06:22","date_gmt":"2025-04-04T09:06:22","guid":{"rendered":"https:\/\/sharebox.global\/treffen-sie-sich-mit-uns\/"},"modified":"2025-05-07T07:34:04","modified_gmt":"2025-05-07T07:34:04","slug":"treffen-sie-sich-mit-uns","status":"publish","type":"page","link":"https:\/\/sharebox.global\/de\/treffen-sie-sich-mit-uns\/","title":{"rendered":"Treffen Sie sich mit uns"},"content":{"rendered":"\n<div style=\"height:100px\" aria-hidden=\"true\" class=\"wp-block-spacer\"><\/div>\n\n<div id=\"title-block--block_f66e4f8fcc5e6b7b534e295cd65c72b5\" class=\"root-level-block title-block center-text-based\">\n\n    \n<!-- Whitespace to be determined -->\n    <div class=\"container\" style=\"padding-top: var(--spacing-m);\">\n        <h1>Treffen Sie sich mit uns<\/h1>        <p>Mit der Sharebox-Plattform k\u00f6nnen Sie ganz einfach ma\u00dfgeschneiderte und markengesch\u00fctzte Customer Journeys im Selbstbedienungsmodus erstellen.\r\n<br><br> Wenn Sie dies noch nicht getan haben, k\u00f6nnen Sie jetzt einen Termin mit einem unserer Berater vereinbaren.\r\n<\/p>            <\/div>\n\n<\/div>\n\n\n\n<h3 class=\"fakeaccords-inside has-text-align-left wp-block-heading\"><a href=\"https:\/\/knowledge.sharebox.global\/meetings\/arne-eivind-andersen\/30-minutters-gjennomgang-av-sharebox-auto\" target=\"_blank\" rel=\"noreferrer noopener\">Verk\u00e4ufe in Norwegen\/Schweden  <svg xmlns=\"http:\/\/www.w3.org\/2000\/svg\" height=\"24\" width=\"24\" viewbox=\"0 0 24.5 23\"><defs><style>.cls-1{fill:none;stroke:#2c2c34;stroke-linecap:round;stroke-linejoin:round;stroke-width:2px}<\/style><\/defs><path d=\"M1 11.5h22.5M13 22l10.5-10.5L13 1\" class=\"cls-1\"><\/path><\/svg><\/a><\/h3>\n\n\n<h3 class=\"fakeaccords-inside has-text-align-left wp-block-heading\"><a href=\"https:\/\/meetings.hubspot.com\/christian-dehn\">Verk\u00e4ufe in D\u00e4nemark  <svg xmlns=\"http:\/\/www.w3.org\/2000\/svg\" height=\"24\" width=\"24\" viewbox=\"0 0 24.5 23\"><defs><style>.cls-1{fill:none;stroke:#2c2c34;stroke-linecap:round;stroke-linejoin:round;stroke-width:2px}<\/style><\/defs><path d=\"M1 11.5h22.5M13 22l10.5-10.5L13 1\" class=\"cls-1\"><\/path><\/svg><\/a><\/h3>\n\n\n<h3 class=\"fakeaccords-inside has-text-align-left wp-block-heading\"><a href=\"https:\/\/meetings.hubspot.com\/regina-andreassen\/product-demo-sharebox-service-station\">Verkauf in DACH  <svg xmlns=\"http:\/\/www.w3.org\/2000\/svg\" height=\"24\" width=\"24\" viewbox=\"0 0 24.5 23\"><defs><style>.cls-1{fill:none;stroke:#2c2c34;stroke-linecap:round;stroke-linejoin:round;stroke-width:2px}<\/style><\/defs><path d=\"M1 11.5h22.5M13 22l10.5-10.5L13 1\" class=\"cls-1\"><\/path><\/svg><\/a><\/h3>\n\n\n<h3 class=\"fakeaccords-inside has-text-align-left wp-block-heading\"><a href=\"https:\/\/meetings.hubspot.com\/malin-gulsrud\">Verk\u00e4ufe in Italien  <svg xmlns=\"http:\/\/www.w3.org\/2000\/svg\" height=\"24\" width=\"24\" viewbox=\"0 0 24.5 23\"><defs><style>.cls-1{fill:none;stroke:#2c2c34;stroke-linecap:round;stroke-linejoin:round;stroke-width:2px}<\/style><\/defs><path d=\"M1 11.5h22.5M13 22l10.5-10.5L13 1\" class=\"cls-1\"><\/path><\/svg><\/a><\/h3>\n\n\n<h3 class=\"fakeaccords-inside has-text-align-left wp-block-heading\"><a href=\"https:\/\/meetings.hubspot.com\/bjorn-atle\">Verk\u00e4ufe in Spanien  <svg xmlns=\"http:\/\/www.w3.org\/2000\/svg\" height=\"24\" width=\"24\" viewbox=\"0 0 24.5 23\"><defs><style>.cls-1{fill:none;stroke:#2c2c34;stroke-linecap:round;stroke-linejoin:round;stroke-width:2px}<\/style><\/defs><path d=\"M1 11.5h22.5M13 22l10.5-10.5L13 1\" class=\"cls-1\"><\/path><\/svg><\/a><\/h3>\n\n\n<div class=\"fakeaccords\">\n\t<a href=\"https:\/\/knowledge.sharebox.global\/meetings\/dan-joergensen\">Sales in Australia <svg xmlns=\"http:\/\/www.w3.org\/2000\/svg\" height=\"24\" width=\"24\" viewBox=\"0 0 24.5 23\"><defs><style>.cls-1{fill:none;stroke:#2c2c34;stroke-linecap:round;stroke-linejoin:round;stroke-width:2px}<\/style><\/defs><path d=\"M1 11.5h22.5M13 22l10.5-10.5L13 1\" class=\"cls-1\"\/><\/svg><\/a>\n<\/div>\n<div class=\"fakeaccords\">\n\t<a href=\"https:\/\/meetings.hubspot.com\/leif-arne-dalane\">Sales in the USA <svg xmlns=\"http:\/\/www.w3.org\/2000\/svg\" height=\"24\" width=\"24\"  viewBox=\"0 0 24.5 23\"><defs><style>.cls-1{fill:none;stroke:#2c2c34;stroke-linecap:round;stroke-linejoin:round;stroke-width:2px}<\/style><\/defs><path d=\"M1 11.5h22.5M13 22l10.5-10.5L13 1\" class=\"cls-1\"\/><\/svg><\/a>\n<\/div>\n","protected":false},"excerpt":{"rendered":"","protected":false},"author":1,"featured_media":0,"parent":0,"menu_order":0,"comment_status":"closed","ping_status":"closed","template":"","meta":{"_acf_changed":false,"content-type":"","inline_featured_image":false,"footnotes":""},"class_list":["post-44743","page","type-page","status-publish","hentry"],"acf":[],"yoast_head":"<!-- This site is optimized with the Yoast SEO plugin v27.4 - https:\/\/yoast.com\/product\/yoast-seo-wordpress\/ -->\n<title>Treffen Sie sich mit uns - Sharebox<\/title>\n<meta name=\"robots\" content=\"index, follow, max-snippet:-1, max-image-preview:large, max-video-preview:-1\" \/>\n<link rel=\"canonical\" href=\"https:\/\/sharebox.global\/de\/treffen-sie-sich-mit-uns\/\" \/>\n<meta property=\"og:locale\" content=\"de_DE\" \/>\n<meta property=\"og:type\" content=\"article\" \/>\n<meta property=\"og:title\" content=\"Treffen Sie sich mit uns - Sharebox\" \/>\n<meta property=\"og:url\" content=\"https:\/\/sharebox.global\/de\/treffen-sie-sich-mit-uns\/\" \/>\n<meta property=\"og:site_name\" content=\"Sharebox\" \/>\n<meta property=\"article:publisher\" content=\"https:\/\/www.facebook.com\/SHAREBOX.NO\/\" \/>\n<meta property=\"article:modified_time\" content=\"2025-05-07T07:34:04+00:00\" \/>\n<meta property=\"og:image\" content=\"https:\/\/sharebox.global\/wp-content\/uploads\/2025\/04\/Volkswagen-Nutzfahrzeuge-Service-Station-mit-Dach.png\" \/>\n\t<meta property=\"og:image:width\" content=\"1170\" \/>\n\t<meta property=\"og:image:height\" content=\"521\" \/>\n\t<meta property=\"og:image:type\" content=\"image\/png\" \/>\n<meta name=\"twitter:card\" content=\"summary_large_image\" \/>\n<script type=\"application\/ld+json\" class=\"yoast-schema-graph\">{\"@context\":\"https:\\\/\\\/schema.org\",\"@graph\":[{\"@type\":\"WebPage\",\"@id\":\"https:\\\/\\\/sharebox.global\\\/de\\\/treffen-sie-sich-mit-uns\\\/\",\"url\":\"https:\\\/\\\/sharebox.global\\\/de\\\/treffen-sie-sich-mit-uns\\\/\",\"name\":\"Treffen Sie sich mit uns - Sharebox\",\"isPartOf\":{\"@id\":\"https:\\\/\\\/sharebox.global\\\/de\\\/#website\"},\"datePublished\":\"2025-04-04T09:06:22+00:00\",\"dateModified\":\"2025-05-07T07:34:04+00:00\",\"breadcrumb\":{\"@id\":\"https:\\\/\\\/sharebox.global\\\/de\\\/treffen-sie-sich-mit-uns\\\/#breadcrumb\"},\"inLanguage\":\"de\",\"potentialAction\":[{\"@type\":\"ReadAction\",\"target\":[\"https:\\\/\\\/sharebox.global\\\/de\\\/treffen-sie-sich-mit-uns\\\/\"]}]},{\"@type\":\"BreadcrumbList\",\"@id\":\"https:\\\/\\\/sharebox.global\\\/de\\\/treffen-sie-sich-mit-uns\\\/#breadcrumb\",\"itemListElement\":[{\"@type\":\"ListItem\",\"position\":1,\"name\":\"Home\",\"item\":\"https:\\\/\\\/sharebox.global\\\/de\\\/\"},{\"@type\":\"ListItem\",\"position\":2,\"name\":\"Treffen Sie sich mit uns\"}]},{\"@type\":\"WebSite\",\"@id\":\"https:\\\/\\\/sharebox.global\\\/de\\\/#website\",\"url\":\"https:\\\/\\\/sharebox.global\\\/de\\\/\",\"name\":\"Sharebox\",\"description\":\"Infrastructure for 24\\\/7 vehicle handover\",\"publisher\":{\"@id\":\"https:\\\/\\\/sharebox.global\\\/de\\\/#organization\"},\"potentialAction\":[{\"@type\":\"SearchAction\",\"target\":{\"@type\":\"EntryPoint\",\"urlTemplate\":\"https:\\\/\\\/sharebox.global\\\/de\\\/?s={search_term_string}\"},\"query-input\":{\"@type\":\"PropertyValueSpecification\",\"valueRequired\":true,\"valueName\":\"search_term_string\"}}],\"inLanguage\":\"de\"},{\"@type\":\"Organization\",\"@id\":\"https:\\\/\\\/sharebox.global\\\/de\\\/#organization\",\"name\":\"Sharebox\",\"url\":\"https:\\\/\\\/sharebox.global\\\/de\\\/\",\"logo\":{\"@type\":\"ImageObject\",\"inLanguage\":\"de\",\"@id\":\"https:\\\/\\\/sharebox.global\\\/de\\\/#\\\/schema\\\/logo\\\/image\\\/\",\"url\":\"https:\\\/\\\/sharebox.global\\\/wp-content\\\/uploads\\\/2024\\\/04\\\/Sharebox-logo-red-on-white-500px.png\",\"contentUrl\":\"https:\\\/\\\/sharebox.global\\\/wp-content\\\/uploads\\\/2024\\\/04\\\/Sharebox-logo-red-on-white-500px.png\",\"width\":450,\"height\":63,\"caption\":\"Sharebox\"},\"image\":{\"@id\":\"https:\\\/\\\/sharebox.global\\\/de\\\/#\\\/schema\\\/logo\\\/image\\\/\"},\"sameAs\":[\"https:\\\/\\\/www.facebook.com\\\/SHAREBOX.NO\\\/\",\"https:\\\/\\\/www.linkedin.com\\\/company\\\/sharebox-as\\\/\",\"https:\\\/\\\/www.youtube.com\\\/channel\\\/UCGwoGdfNeD59c2s4qhf0gLQ\"]}]}<\/script>\n<!-- \/ Yoast SEO plugin. -->","yoast_head_json":{"title":"Treffen Sie sich mit uns - Sharebox","robots":{"index":"index","follow":"follow","max-snippet":"max-snippet:-1","max-image-preview":"max-image-preview:large","max-video-preview":"max-video-preview:-1"},"canonical":"https:\/\/sharebox.global\/de\/treffen-sie-sich-mit-uns\/","og_locale":"de_DE","og_type":"article","og_title":"Treffen Sie sich mit uns - Sharebox","og_url":"https:\/\/sharebox.global\/de\/treffen-sie-sich-mit-uns\/","og_site_name":"Sharebox","article_publisher":"https:\/\/www.facebook.com\/SHAREBOX.NO\/","article_modified_time":"2025-05-07T07:34:04+00:00","og_image":[{"width":1170,"height":521,"url":"https:\/\/sharebox.global\/wp-content\/uploads\/2025\/04\/Volkswagen-Nutzfahrzeuge-Service-Station-mit-Dach.png","type":"image\/png"}],"twitter_card":"summary_large_image","schema":{"@context":"https:\/\/schema.org","@graph":[{"@type":"WebPage","@id":"https:\/\/sharebox.global\/de\/treffen-sie-sich-mit-uns\/","url":"https:\/\/sharebox.global\/de\/treffen-sie-sich-mit-uns\/","name":"Treffen Sie sich mit uns - Sharebox","isPartOf":{"@id":"https:\/\/sharebox.global\/de\/#website"},"datePublished":"2025-04-04T09:06:22+00:00","dateModified":"2025-05-07T07:34:04+00:00","breadcrumb":{"@id":"https:\/\/sharebox.global\/de\/treffen-sie-sich-mit-uns\/#breadcrumb"},"inLanguage":"de","potentialAction":[{"@type":"ReadAction","target":["https:\/\/sharebox.global\/de\/treffen-sie-sich-mit-uns\/"]}]},{"@type":"BreadcrumbList","@id":"https:\/\/sharebox.global\/de\/treffen-sie-sich-mit-uns\/#breadcrumb","itemListElement":[{"@type":"ListItem","position":1,"name":"Home","item":"https:\/\/sharebox.global\/de\/"},{"@type":"ListItem","position":2,"name":"Treffen Sie sich mit uns"}]},{"@type":"WebSite","@id":"https:\/\/sharebox.global\/de\/#website","url":"https:\/\/sharebox.global\/de\/","name":"Sharebox","description":"Infrastructure for 24\/7 vehicle handover","publisher":{"@id":"https:\/\/sharebox.global\/de\/#organization"},"potentialAction":[{"@type":"SearchAction","target":{"@type":"EntryPoint","urlTemplate":"https:\/\/sharebox.global\/de\/?s={search_term_string}"},"query-input":{"@type":"PropertyValueSpecification","valueRequired":true,"valueName":"search_term_string"}}],"inLanguage":"de"},{"@type":"Organization","@id":"https:\/\/sharebox.global\/de\/#organization","name":"Sharebox","url":"https:\/\/sharebox.global\/de\/","logo":{"@type":"ImageObject","inLanguage":"de","@id":"https:\/\/sharebox.global\/de\/#\/schema\/logo\/image\/","url":"https:\/\/sharebox.global\/wp-content\/uploads\/2024\/04\/Sharebox-logo-red-on-white-500px.png","contentUrl":"https:\/\/sharebox.global\/wp-content\/uploads\/2024\/04\/Sharebox-logo-red-on-white-500px.png","width":450,"height":63,"caption":"Sharebox"},"image":{"@id":"https:\/\/sharebox.global\/de\/#\/schema\/logo\/image\/"},"sameAs":["https:\/\/www.facebook.com\/SHAREBOX.NO\/","https:\/\/www.linkedin.com\/company\/sharebox-as\/","https:\/\/www.youtube.com\/channel\/UCGwoGdfNeD59c2s4qhf0gLQ"]}]}},"_links":{"self":[{"href":"https:\/\/sharebox.global\/de\/wp-json\/wp\/v2\/pages\/44743","targetHints":{"allow":["GET"]}}],"collection":[{"href":"https:\/\/sharebox.global\/de\/wp-json\/wp\/v2\/pages"}],"about":[{"href":"https:\/\/sharebox.global\/de\/wp-json\/wp\/v2\/types\/page"}],"author":[{"embeddable":true,"href":"https:\/\/sharebox.global\/de\/wp-json\/wp\/v2\/users\/1"}],"replies":[{"embeddable":true,"href":"https:\/\/sharebox.global\/de\/wp-json\/wp\/v2\/comments?post=44743"}],"version-history":[{"count":1,"href":"https:\/\/sharebox.global\/de\/wp-json\/wp\/v2\/pages\/44743\/revisions"}],"predecessor-version":[{"id":44745,"href":"https:\/\/sharebox.global\/de\/wp-json\/wp\/v2\/pages\/44743\/revisions\/44745"}],"wp:attachment":[{"href":"https:\/\/sharebox.global\/de\/wp-json\/wp\/v2\/media?parent=44743"}],"curies":[{"name":"wp","href":"https:\/\/api.w.org\/{rel}","templated":true}]}}