{"id":44868,"date":"2025-04-04T09:06:21","date_gmt":"2025-04-04T09:06:21","guid":{"rendered":"https:\/\/sharebox.global\/produkte\/kioske-fuer-innenraeume\/"},"modified":"2025-05-07T07:34:17","modified_gmt":"2025-05-07T07:34:17","slug":"kioske-fuer-innenraeume","status":"publish","type":"page","link":"https:\/\/sharebox.global\/de\/produkte\/kioske-fuer-innenraeume\/","title":{"rendered":"Kioske f\u00fcr Innenr\u00e4ume"},"content":{"rendered":"\n<div id=\"intro--block_cde336aae68dfa00040cbfdae896a172\" class=\"root-level-block intro\" style=\"background: \">\n\n    \n    <div class=\"container\">\n        <div class=\"intro_inner\">\n            <div class=\"intro_info\">\n                <small>INDOOR CABINET<\/small>\n                                    <h1>i32<\/h1>\n                                <p style=\"color: ;\">Kleine und elegante Schr\u00e4nke f\u00fcr den Innenbereich machen es den Kunden leicht, Schl\u00fcssel abzuholen oder abzugeben.<\/p>                                    <a \n                                                class=\"wp-block-button__link btn-light larger-button\"\n                        target=\"_self\"\n                        href=\"https:\/\/sharebox.global\/\"\n                    >\n                        Mehr erfahren                    <\/a>\n                            <\/div>\n            <div class=\"intro_img\">\n                <img decoding=\"async\" src=\"https:\/\/sharebox.global\/wp-content\/uploads\/2025\/03\/Sharebox13001219_0094-1.png\" alt=\"\">\n            <\/div>\n        <\/div>\n    <\/div>\n<\/div>\n\n<div id=\"image-with-title-and-description--block_8fa889f39330e38ecd10e03933d1db43\" class=\"root-level-block image-with-title-and-description is-style-right-aligned direction-right\">\n    \n    <div class=\"container relative\">\n        <div class=\"halved-image-container\">\n                            <div class=\"halved-image\"><img decoding=\"async\" width=\"1024\" height=\"768\" src=\"https:\/\/sharebox.global\/wp-content\/uploads\/2025\/03\/i32-blurredPerson_whiteBG@1200900_Sharebox.jpg\" class=\"attachment-large size-large\" alt=\"\" srcset=\"https:\/\/sharebox.global\/wp-content\/uploads\/2025\/03\/i32-blurredPerson_whiteBG@1200900_Sharebox.jpg 1200w, https:\/\/sharebox.global\/wp-content\/uploads\/2025\/03\/i32-blurredPerson_whiteBG@1200900_Sharebox-300x225.jpg 300w, https:\/\/sharebox.global\/wp-content\/uploads\/2025\/03\/i32-blurredPerson_whiteBG@1200900_Sharebox-768x576.jpg 768w\" sizes=\"(max-width: 1024px) 100vw, 1024px\" \/><\/div>\n            \n                            <div class=\"halved\">\n                    <div class=\"halved-type\">\n                                                    <h3>Intuitiv und schlank<\/h3>\n                                                \n                                                    <ul style=\"margin-left: 0;\" class=\"custom-bullet-list\"><li>Einfache, selbstgesteuerte Bedienung<\/li><li>Intuitive Touchscreen-Benutzeroberfl\u00e4che<\/li><li>Schlankes Design passt zu jeder Verkaufsumgebung<\/li><\/ul>                                            <\/div>\n\n                                                <div class=\"wp-block-button__group\">\n                                                                        <a class=\"wp-block-button__link btn-light\" \n                                            href=\"\"\n                                            >\n                                            Watch demo                                        <\/a>\n                                                                <\/div>\n                                                            <\/div>\n                    <\/div>\n    <\/div>\n<\/div>\n\n\n<div id=\"repeating-row-of-three-boxes--block_09dfad9ab47e74fabbc2fd5be6ac222f\" class=\"root-level-block repeating-row-of-three-boxes\">\n\n    <div class=\"container\">\n\n        <div class=\"grey-box-row\">\n                                <!-- Individual box container -->\n                    <div class=\"grey-text-box\">\n                                                    <img decoding=\"async\" width=\"1\" height=\"1\" src=\"https:\/\/sharebox.global\/wp-content\/uploads\/2022\/09\/streamlinehq-resize-expand-sides-design-40.svg\" class=\"icon\" alt=\"\" \/>                        \n                                                    <h3>Choose the right size<\/h3>\n                                                \n                                                    <p>Available with 16 or 32 lockers.<\/p>\n                                            <\/div>\n                                    <!-- Individual box container -->\n                    <div class=\"grey-text-box\">\n                                                    <img decoding=\"async\" width=\"1\" height=\"1\" src=\"https:\/\/sharebox.global\/wp-content\/uploads\/2022\/09\/streamlinehq-headphones-customer-support-human-interface-essential-40.svg\" class=\"icon\" alt=\"\" \/>                        \n                                                    <h3>Service and support<\/h3>\n                                                \n                                                    <p>Choose a service plan with the support level you\u2019ll need.<\/p>\n                                            <\/div>\n                                    <!-- Individual box container -->\n                    <div class=\"grey-text-box\">\n                                                    <img decoding=\"async\" width=\"1\" height=\"1\" src=\"https:\/\/sharebox.global\/wp-content\/uploads\/2022\/09\/streamlinehq-reward-stars-2-social-medias-rewards-rating-40.svg\" class=\"icon\" alt=\"\" \/>                        \n                                                    <h3>Features and add-ons<\/h3>\n                                                \n                                                    <p>Add, integrations, payment, ID and many other features.<\/p>\n                                            <\/div>\n                                    <\/div>\n    <\/div>    \n<\/div>\n\n\n<div id=\"image-with-title-and-description--block_ab51e09db5ca53f4ba44d69dca2c07d2\" class=\"root-level-block image-with-title-and-description direction-right\">\n    \n    <div class=\"container relative\">\n        <div class=\"halved-image-container\">\n                            <div class=\"halved-image\"><img decoding=\"async\" width=\"1024\" height=\"768\" src=\"https:\/\/sharebox.global\/wp-content\/uploads\/2025\/03\/s32i32m28_blurredPerson_purpleBG@1000_750_Sharebox.jpg\" class=\"attachment-large size-large\" alt=\"\" srcset=\"https:\/\/sharebox.global\/wp-content\/uploads\/2025\/03\/s32i32m28_blurredPerson_purpleBG@1000_750_Sharebox.jpg 1200w, https:\/\/sharebox.global\/wp-content\/uploads\/2025\/03\/s32i32m28_blurredPerson_purpleBG@1000_750_Sharebox-300x225.jpg 300w, https:\/\/sharebox.global\/wp-content\/uploads\/2025\/03\/s32i32m28_blurredPerson_purpleBG@1000_750_Sharebox-768x576.jpg 768w\" sizes=\"(max-width: 1024px) 100vw, 1024px\" \/><\/div>\n            \n                            <div class=\"halved\">\n                    <div class=\"halved-type\">\n                                                    <h3>Kundenspezifisches Design und White-Labeling<\/h3>\n                                                \n                                                    <p>Alle Kioske k\u00f6nnen an Ihr\nBranding und Design angepasst werden.<\/p>                                            <\/div>\n\n                                                <div class=\"wp-block-button__group\">\n                                                                        <a class=\"wp-block-button__link btn-light\" \n                                            href=\"\"\n                                            >\n                                            Weiterlesen                                        <\/a>\n                                                                <\/div>\n                                                            <\/div>\n                    <\/div>\n    <\/div>\n<\/div>\n\n    <div id=\"accordion--block_17245940c2ce32087a8460a11b6eea65\" class=\"root-level-block accordion\">\n        <div class=\"container\">\n                            <details class=\"accordion-item\">\n                    <summary class=\"accordion-title\">Technical specifications<\/summary>\n                    <div class=\"accordion-content\"><p><img decoding=\"async\" class=\"alignnone wp-image-28322\" src=\"https:\/\/sharebox.global\/wp-content\/uploads\/2025\/03\/i_kiosk_measurements_blueprint@1000px-300x280.jpg\" alt=\"\" width=\"800\" height=\"746\" srcset=\"https:\/\/sharebox.global\/wp-content\/uploads\/2025\/03\/i_kiosk_measurements_blueprint@1000px-300x280.jpg 300w, https:\/\/sharebox.global\/wp-content\/uploads\/2025\/03\/i_kiosk_measurements_blueprint@1000px-768x716.jpg 768w, https:\/\/sharebox.global\/wp-content\/uploads\/2025\/03\/i_kiosk_measurements_blueprint@1000px.jpg 1000w\" sizes=\"(max-width: 800px) 100vw, 800px\" \/><\/p>\n<ul>\n<li class=\"p1\">Kiosk dimensions (HxWxD):<br \/>\n175 x 65 x 50 cm 168.9 x 25.6 x 2<\/li>\n<li class=\"p1\">Kiosk weight:<br \/>\ni16: 90kg I198.4Ib<br \/>\ni32: 105kg I 231.5Ib<\/li>\n<li class=\"p1\">No. of lockers: 16 or 32<\/li>\n<li class=\"p1\">Locker dimensions (HxWxD):<br \/>\n6 x 9 x 7 cm I 2 x 3.5 x 2.8\u201dFrame and lockers in stainless steel<\/li>\n<li class=\"p1\">Touch screen display size: 15\u201d<\/li>\n<li class=\"p1\">Connectivity:<br \/>\nCabled Ethernet and L TE-M (2G l 3G l 4G)<br \/>\nEthernet-, Wi-Fi-, LTE Router (optional)<\/li>\n<li class=\"p1\">Colour: Black or White<\/li>\n<li class=\"p1\">Operation: Indoor<\/li>\n<li class=\"p1\">Operational Temp: 0\u00b0C &#8211; +50\u00b0C<\/li>\n<li class=\"p1\">Power supply: 100-240VAC<\/li>\n<li class=\"p1\">Power Consumption: approx. 10 W<\/li>\n<li><strong><a href=\"https:\/\/4025274.fs1.hubspotusercontent-na1.net\/hubfs\/4025274\/Product%20sheet%20for%20Sharebox%20i16-i32%20kiosk%20(A).pdf\">Download data sheet (PDF)<\/a><\/strong><\/li>\n<\/ul>\n<\/div>\n                <\/details>\n                    <\/div>  \n    <\/div>\n\n<div id=\"three-columns-with-support--block_4b218affdfcb90ca36507a52acb51c76\" class=\"root-level-block three-columns-with-support\">\n\n    <div class=\"container\">\n\n        <div class=\"decided\">\n            \n                                \n                            <!-- Display section title if one exists -->\n                <h2 class=\"decided-title text-center\">Beginnen Sie<\/h2>\n                            \n                                    \n                        <!-- Column container for the 3 boxes -->\n            <div class=\"column-box-row\">\n                \n                            <!-- Individual box container -->\n                            <div class=\"column-text-box\">\n                                                                    <img decoding=\"async\" width=\"48\" height=\"48\" src=\"https:\/\/sharebox.global\/wp-content\/uploads\/2025\/03\/icon_monitorbookstudent@48.png\" class=\"icon\" alt=\"\" \/>                                \n                                <h3>1. Demo ansehen<\/h3>\n                                <p>Sehen Sie es live und teilen Sie uns Ihre Anforderungen mit.<\/p>\n                            <\/div>\n\n                        \n                            <!-- Individual box container -->\n                            <div class=\"column-text-box\">\n                                                                    <img decoding=\"async\" width=\"48\" height=\"48\" src=\"https:\/\/sharebox.global\/wp-content\/uploads\/2025\/03\/icon_planblueprint@48.png\" class=\"icon\" alt=\"\" \/>                                \n                                <h3>2. Ma\u00dfgeschneiderter Vorschlag<\/h3>\n                                <p>Sie erhalten einen Plan und eine Strategie, die auf Ihr Unternehmen und Ihre Ziele zugeschnitten sind.<\/p>\n                            <\/div>\n\n                        \n                            <!-- Individual box container -->\n                            <div class=\"column-text-box\">\n                                                                    <img decoding=\"async\" width=\"48\" height=\"48\" src=\"https:\/\/sharebox.global\/wp-content\/uploads\/2025\/03\/icon_toolsscrewdriverwrench@48.png\" class=\"icon\" alt=\"\" \/>                                \n                                <h3>3. Implementierung<\/h3>\n                                <p>Wir k\u00fcmmern uns um die Installation und Konfiguration und schulen Ihre Mitarbeiter.<\/p>\n                            <\/div>\n\n                                    <\/div>\n            <!-- End check for enabled columns -->\n\n                        <!-- Button group centered below content -->\n            <div class=\"centered-button-group\">\n                                                <a class=\"wp-block-button__link btn-light\"\n                    href=\"https:\/\/sharebox.global\/de\/get-started\/\"\n                    >\n                        Demos ansehen                    <\/a>\n                                                <\/div>\n                    <\/div>\n    <\/div>\n<\/div>\n","protected":false},"excerpt":{"rendered":"","protected":false},"author":1,"featured_media":0,"parent":33353,"menu_order":0,"comment_status":"closed","ping_status":"closed","template":"","meta":{"_acf_changed":false,"content-type":"","inline_featured_image":false,"footnotes":""},"class_list":["post-44868","page","type-page","status-publish","hentry"],"acf":[],"yoast_head":"<!-- This site is optimized with the Yoast SEO plugin v27.4 - https:\/\/yoast.com\/product\/yoast-seo-wordpress\/ -->\n<title>Kioske f\u00fcr Innenr\u00e4ume - Sharebox<\/title>\n<meta name=\"robots\" content=\"index, follow, max-snippet:-1, max-image-preview:large, max-video-preview:-1\" \/>\n<link rel=\"canonical\" href=\"https:\/\/sharebox.global\/de\/produkte\/kioske-fuer-innenraeume\/\" \/>\n<meta property=\"og:locale\" content=\"de_DE\" \/>\n<meta property=\"og:type\" content=\"article\" \/>\n<meta property=\"og:title\" content=\"Kioske f\u00fcr Innenr\u00e4ume - Sharebox\" \/>\n<meta property=\"og:url\" content=\"https:\/\/sharebox.global\/de\/produkte\/kioske-fuer-innenraeume\/\" \/>\n<meta property=\"og:site_name\" content=\"Sharebox\" \/>\n<meta property=\"article:publisher\" content=\"https:\/\/www.facebook.com\/SHAREBOX.NO\/\" \/>\n<meta property=\"article:modified_time\" content=\"2025-05-07T07:34:17+00:00\" \/>\n<meta property=\"og:image\" content=\"https:\/\/sharebox.global\/wp-content\/uploads\/2025\/04\/Volkswagen-Nutzfahrzeuge-Service-Station-mit-Dach.png\" \/>\n\t<meta property=\"og:image:width\" content=\"1170\" \/>\n\t<meta property=\"og:image:height\" content=\"521\" \/>\n\t<meta property=\"og:image:type\" content=\"image\/png\" \/>\n<meta name=\"twitter:card\" content=\"summary_large_image\" \/>\n<script type=\"application\/ld+json\" class=\"yoast-schema-graph\">{\"@context\":\"https:\\\/\\\/schema.org\",\"@graph\":[{\"@type\":\"WebPage\",\"@id\":\"https:\\\/\\\/sharebox.global\\\/de\\\/produkte\\\/kioske-fuer-innenraeume\\\/\",\"url\":\"https:\\\/\\\/sharebox.global\\\/de\\\/produkte\\\/kioske-fuer-innenraeume\\\/\",\"name\":\"Kioske f\u00fcr Innenr\u00e4ume - Sharebox\",\"isPartOf\":{\"@id\":\"https:\\\/\\\/sharebox.global\\\/de\\\/#website\"},\"datePublished\":\"2025-04-04T09:06:21+00:00\",\"dateModified\":\"2025-05-07T07:34:17+00:00\",\"breadcrumb\":{\"@id\":\"https:\\\/\\\/sharebox.global\\\/de\\\/produkte\\\/kioske-fuer-innenraeume\\\/#breadcrumb\"},\"inLanguage\":\"de\",\"potentialAction\":[{\"@type\":\"ReadAction\",\"target\":[\"https:\\\/\\\/sharebox.global\\\/de\\\/produkte\\\/kioske-fuer-innenraeume\\\/\"]}]},{\"@type\":\"BreadcrumbList\",\"@id\":\"https:\\\/\\\/sharebox.global\\\/de\\\/produkte\\\/kioske-fuer-innenraeume\\\/#breadcrumb\",\"itemListElement\":[{\"@type\":\"ListItem\",\"position\":1,\"name\":\"Home\",\"item\":\"https:\\\/\\\/sharebox.global\\\/de\\\/\"},{\"@type\":\"ListItem\",\"position\":2,\"name\":\"Produkte\",\"item\":\"https:\\\/\\\/contentsuite.sharebox.global\\\/de\\\/produkte\\\/\"},{\"@type\":\"ListItem\",\"position\":3,\"name\":\"Kioske f\u00fcr Innenr\u00e4ume\"}]},{\"@type\":\"WebSite\",\"@id\":\"https:\\\/\\\/sharebox.global\\\/de\\\/#website\",\"url\":\"https:\\\/\\\/sharebox.global\\\/de\\\/\",\"name\":\"Sharebox\",\"description\":\"Infrastructure for 24\\\/7 vehicle handover\",\"publisher\":{\"@id\":\"https:\\\/\\\/sharebox.global\\\/de\\\/#organization\"},\"potentialAction\":[{\"@type\":\"SearchAction\",\"target\":{\"@type\":\"EntryPoint\",\"urlTemplate\":\"https:\\\/\\\/sharebox.global\\\/de\\\/?s={search_term_string}\"},\"query-input\":{\"@type\":\"PropertyValueSpecification\",\"valueRequired\":true,\"valueName\":\"search_term_string\"}}],\"inLanguage\":\"de\"},{\"@type\":\"Organization\",\"@id\":\"https:\\\/\\\/sharebox.global\\\/de\\\/#organization\",\"name\":\"Sharebox\",\"url\":\"https:\\\/\\\/sharebox.global\\\/de\\\/\",\"logo\":{\"@type\":\"ImageObject\",\"inLanguage\":\"de\",\"@id\":\"https:\\\/\\\/sharebox.global\\\/de\\\/#\\\/schema\\\/logo\\\/image\\\/\",\"url\":\"https:\\\/\\\/sharebox.global\\\/wp-content\\\/uploads\\\/2024\\\/04\\\/Sharebox-logo-red-on-white-500px.png\",\"contentUrl\":\"https:\\\/\\\/sharebox.global\\\/wp-content\\\/uploads\\\/2024\\\/04\\\/Sharebox-logo-red-on-white-500px.png\",\"width\":450,\"height\":63,\"caption\":\"Sharebox\"},\"image\":{\"@id\":\"https:\\\/\\\/sharebox.global\\\/de\\\/#\\\/schema\\\/logo\\\/image\\\/\"},\"sameAs\":[\"https:\\\/\\\/www.facebook.com\\\/SHAREBOX.NO\\\/\",\"https:\\\/\\\/www.linkedin.com\\\/company\\\/sharebox-as\\\/\",\"https:\\\/\\\/www.youtube.com\\\/channel\\\/UCGwoGdfNeD59c2s4qhf0gLQ\"]}]}<\/script>\n<!-- \/ Yoast SEO plugin. -->","yoast_head_json":{"title":"Kioske f\u00fcr Innenr\u00e4ume - Sharebox","robots":{"index":"index","follow":"follow","max-snippet":"max-snippet:-1","max-image-preview":"max-image-preview:large","max-video-preview":"max-video-preview:-1"},"canonical":"https:\/\/sharebox.global\/de\/produkte\/kioske-fuer-innenraeume\/","og_locale":"de_DE","og_type":"article","og_title":"Kioske f\u00fcr Innenr\u00e4ume - Sharebox","og_url":"https:\/\/sharebox.global\/de\/produkte\/kioske-fuer-innenraeume\/","og_site_name":"Sharebox","article_publisher":"https:\/\/www.facebook.com\/SHAREBOX.NO\/","article_modified_time":"2025-05-07T07:34:17+00:00","og_image":[{"width":1170,"height":521,"url":"https:\/\/sharebox.global\/wp-content\/uploads\/2025\/04\/Volkswagen-Nutzfahrzeuge-Service-Station-mit-Dach.png","type":"image\/png"}],"twitter_card":"summary_large_image","schema":{"@context":"https:\/\/schema.org","@graph":[{"@type":"WebPage","@id":"https:\/\/sharebox.global\/de\/produkte\/kioske-fuer-innenraeume\/","url":"https:\/\/sharebox.global\/de\/produkte\/kioske-fuer-innenraeume\/","name":"Kioske f\u00fcr Innenr\u00e4ume - Sharebox","isPartOf":{"@id":"https:\/\/sharebox.global\/de\/#website"},"datePublished":"2025-04-04T09:06:21+00:00","dateModified":"2025-05-07T07:34:17+00:00","breadcrumb":{"@id":"https:\/\/sharebox.global\/de\/produkte\/kioske-fuer-innenraeume\/#breadcrumb"},"inLanguage":"de","potentialAction":[{"@type":"ReadAction","target":["https:\/\/sharebox.global\/de\/produkte\/kioske-fuer-innenraeume\/"]}]},{"@type":"BreadcrumbList","@id":"https:\/\/sharebox.global\/de\/produkte\/kioske-fuer-innenraeume\/#breadcrumb","itemListElement":[{"@type":"ListItem","position":1,"name":"Home","item":"https:\/\/sharebox.global\/de\/"},{"@type":"ListItem","position":2,"name":"Produkte","item":"https:\/\/contentsuite.sharebox.global\/de\/produkte\/"},{"@type":"ListItem","position":3,"name":"Kioske f\u00fcr Innenr\u00e4ume"}]},{"@type":"WebSite","@id":"https:\/\/sharebox.global\/de\/#website","url":"https:\/\/sharebox.global\/de\/","name":"Sharebox","description":"Infrastructure for 24\/7 vehicle handover","publisher":{"@id":"https:\/\/sharebox.global\/de\/#organization"},"potentialAction":[{"@type":"SearchAction","target":{"@type":"EntryPoint","urlTemplate":"https:\/\/sharebox.global\/de\/?s={search_term_string}"},"query-input":{"@type":"PropertyValueSpecification","valueRequired":true,"valueName":"search_term_string"}}],"inLanguage":"de"},{"@type":"Organization","@id":"https:\/\/sharebox.global\/de\/#organization","name":"Sharebox","url":"https:\/\/sharebox.global\/de\/","logo":{"@type":"ImageObject","inLanguage":"de","@id":"https:\/\/sharebox.global\/de\/#\/schema\/logo\/image\/","url":"https:\/\/sharebox.global\/wp-content\/uploads\/2024\/04\/Sharebox-logo-red-on-white-500px.png","contentUrl":"https:\/\/sharebox.global\/wp-content\/uploads\/2024\/04\/Sharebox-logo-red-on-white-500px.png","width":450,"height":63,"caption":"Sharebox"},"image":{"@id":"https:\/\/sharebox.global\/de\/#\/schema\/logo\/image\/"},"sameAs":["https:\/\/www.facebook.com\/SHAREBOX.NO\/","https:\/\/www.linkedin.com\/company\/sharebox-as\/","https:\/\/www.youtube.com\/channel\/UCGwoGdfNeD59c2s4qhf0gLQ"]}]}},"_links":{"self":[{"href":"https:\/\/sharebox.global\/de\/wp-json\/wp\/v2\/pages\/44868","targetHints":{"allow":["GET"]}}],"collection":[{"href":"https:\/\/sharebox.global\/de\/wp-json\/wp\/v2\/pages"}],"about":[{"href":"https:\/\/sharebox.global\/de\/wp-json\/wp\/v2\/types\/page"}],"author":[{"embeddable":true,"href":"https:\/\/sharebox.global\/de\/wp-json\/wp\/v2\/users\/1"}],"replies":[{"embeddable":true,"href":"https:\/\/sharebox.global\/de\/wp-json\/wp\/v2\/comments?post=44868"}],"version-history":[{"count":2,"href":"https:\/\/sharebox.global\/de\/wp-json\/wp\/v2\/pages\/44868\/revisions"}],"predecessor-version":[{"id":45670,"href":"https:\/\/sharebox.global\/de\/wp-json\/wp\/v2\/pages\/44868\/revisions\/45670"}],"up":[{"embeddable":true,"href":"https:\/\/sharebox.global\/de\/wp-json\/wp\/v2\/pages\/33353"}],"wp:attachment":[{"href":"https:\/\/sharebox.global\/de\/wp-json\/wp\/v2\/media?parent=44868"}],"curies":[{"name":"wp","href":"https:\/\/api.w.org\/{rel}","templated":true}]}}