{"id":44879,"date":"2025-04-04T09:06:21","date_gmt":"2025-04-04T09:06:21","guid":{"rendered":"https:\/\/sharebox.global\/integrationen\/"},"modified":"2025-05-07T07:34:30","modified_gmt":"2025-05-07T07:34:30","slug":"integrationen","status":"publish","type":"page","link":"https:\/\/sharebox.global\/de\/integrationen\/","title":{"rendered":"Integrationen"},"content":{"rendered":"\n<div style=\"height:48px\" aria-hidden=\"true\" class=\"wp-block-spacer\"><\/div>\n\n<div style=\"height:48px\" aria-hidden=\"true\" class=\"wp-block-spacer\"><\/div>\n\n<div id=\"title-block--block_0aa97cd640a98b6c958da8b634163921\" class=\"root-level-block title-block center-text-based\">\n\n    \n<!-- Whitespace to be determined -->\n    <div class=\"container\" style=\"padding-top: var(--spacing-m);\">\n        <h1>Integrationen und APIs<\/h1>        <p>Eine umfangreiche API macht Sharebox zu einem echten Teamplayer. Integrieren Sie m\u00fchelos branchen\u00fcbliche Software und Zahlungsanbieter, die Sie und Ihre Kunden bereits kennen und denen sie vertrauen. <\/p>            <\/div>\n\n<\/div>\n\n<hr class=\"wp-block-separator has-alpha-channel-opacity\"\/>\n\n<div class=\"wp-block-columns is-layout-flex wp-container-core-columns-is-layout-9d6595d7 wp-block-columns-is-layout-flex\">\n<div class=\"wp-block-column is-layout-flow wp-block-column-is-layout-flow\" style=\"flex-basis:25%\"><\/div>\n\n\n\n<div class=\"wp-block-column is-layout-flow wp-block-column-is-layout-flow\" style=\"flex-basis:50%\">\n<p><\/p>\n\n\n\n<h2 class=\"wp-block-heading\">Zahlungs-Gateway-Integrationen<\/h2>\n\n\n\n<p>Sharebox bietet einfache und flexible Online-Zahlungen f\u00fcr Ihre Kunden. Der Checkout ist ein wichtiger Teil der End-to-End Customer Journey: Hier bezahlen die Kunden und schlie\u00dfen den Kauf ab. <\/p>\n\n\n\n<ul class=\"wp-block-list\">\n<li><a rel=\"noreferrer noopener\" href=\"https:\/\/www.klarna.com\/no\/bedrift\/\" target=\"_blank\">Klarna<\/a><\/li>\n\n\n\n<li><a rel=\"noreferrer noopener\" href=\"https:\/\/www.nets.eu\/\" target=\"_blank\">Nets<\/a><\/li>\n\n\n\n<li><a rel=\"noreferrer noopener\" href=\"https:\/\/www.nexigroup.com\/en\/\" target=\"_blank\">Nexi<\/a><\/li>\n\n\n\n<li><a href=\"https:\/\/www.ratepay.com\/en\/\" target=\"_blank\" rel=\"noreferrer noopener\">Ratepay<\/a><\/li>\n\n\n\n<li><a href=\"https:\/\/www.riverty.com\/en\/\" target=\"_blank\" rel=\"noreferrer noopener\">Riverty<\/a><\/li>\n\n\n\n<li><a href=\"https:\/\/www.trustly.com\/\" target=\"_blank\" rel=\"noreferrer noopener\">Trustly<\/a><\/li>\n\n\n\n<li><a rel=\"noreferrer noopener\" href=\"https:\/\/www.mobilepay.dk\/\" target=\"_blank\">MobilePay<\/a><\/li>\n\n\n\n<li><a href=\"https:\/\/dankort.dk\/\" target=\"_blank\" rel=\"noreferrer noopener\">Dankort<\/a><\/li>\n\n\n\n<li><a href=\"https:\/\/vipps.no\/\" target=\"_blank\" rel=\"noreferrer noopener\">Vipps<\/a><\/li>\n\n\n\n<li><a href=\"https:\/\/www.swish.nu\/\" target=\"_blank\" rel=\"noreferrer noopener\">Swish<\/a><\/li>\n\n\n\n<li><a rel=\"noreferrer noopener\" href=\"https:\/\/www.sofort.com\/\" target=\"_blank\">Sofort<\/a><\/li>\n\n\n\n<li><a href=\"https:\/\/xolvis.com\/en\/automotive\/\" target=\"_blank\" rel=\"noreferrer noopener\">Xolvis<\/a><\/li>\n\n\n\n<li><a href=\"https:\/\/www.bumper.co\/\" target=\"_blank\" rel=\"noreferrer noopener\">Bumper<\/a><\/li>\n\n\n\n<li><a href=\"https:\/\/www.windcave.com\/\" target=\"_blank\" rel=\"noreferrer noopener\">Windcave<\/a><\/li>\n\n\n\n<li><a href=\"https:\/\/worldline.com\/en\/home\/main-navigation\/who-we-serve\/mobility.html\">Worldline<\/a><\/li>\n\n\n\n<li><a rel=\"noreferrer noopener\" href=\"https:\/\/www.bezahl.de\/\" target=\"_blank\">bezahl.de<\/a><\/li>\n\n\n\n<li><a rel=\"noreferrer noopener\" href=\"https:\/\/spense.no\/\" target=\"_blank\">Spense<\/a><\/li>\n\n\n\n<li><a rel=\"noreferrer noopener\" href=\"https:\/\/www.paypal.com\/uk\/webapps\/mpp\/account-selection\" target=\"_blank\">PayPal<\/a><\/li>\n\n\n\n<li><a href=\"https:\/\/www.resursbank.no\/\" target=\"_blank\" rel=\"noreferrer noopener\">Resurs Bank<\/a><\/li>\n<\/ul>\n\n\n\n<div style=\"height:100px\" aria-hidden=\"true\" class=\"wp-block-spacer\"><\/div>\n<\/div>\n\n\n\n<div class=\"wp-block-column is-layout-flow wp-block-column-is-layout-flow\" style=\"flex-basis:25%\"><\/div>\n<\/div>\n\n<div id=\"logo-array-block--block_ea70e4942943c360dbdd976da315f44d\" class=\"root-level-block logo-array-block\">\n\n    <div class=\"container\">\n\n        <div class=\"decided\">\n            \n                            <div class=\"logo-output\">\n                    <img decoding=\"async\" src=\"https:\/\/sharebox.global\/wp-content\/uploads\/2025\/03\/logo_sixt@320w.png\" alt=\"\"><img decoding=\"async\" src=\"https:\/\/sharebox.global\/wp-content\/uploads\/2025\/03\/logo_avis@320w.png\" alt=\"\"><img decoding=\"async\" src=\"https:\/\/sharebox.global\/wp-content\/uploads\/2025\/03\/logo_audi-ringer@320w.png\" alt=\"\"><img decoding=\"async\" src=\"https:\/\/sharebox.global\/wp-content\/uploads\/2025\/03\/logo_volkswagen@320w.png\" alt=\"\"><img decoding=\"async\" src=\"https:\/\/sharebox.global\/wp-content\/uploads\/2025\/03\/logo_bmw@320w.png\" alt=\"\"><img decoding=\"async\" src=\"https:\/\/sharebox.global\/wp-content\/uploads\/2025\/03\/logo_toyota@320w.png\" alt=\"\">                <\/div>\n                                \n                            <!-- Display section title if one exists -->\n                <h2 class=\"decided-title text-center\" data-wpml-string=\"logo-array-block--block_ea70e4942943c360dbdd976da315f44d-title\">Propriet\u00e4re Software-Integrationen<\/h2>\n                            \n                            <!-- show supporting content -->\n                <div class=\"text-center supporting-content\"><p>Marken wie Sixt, Avis und Audi integrieren Sharebox in ihre eigene Software, um nahtlose Kundenerlebnisse zu schaffen. Nehmen Sie Kontakt auf und erfahren Sie, wie Sharebox auch in Ihre Software integriert werden kann. <\/p>\n<\/div>\n              \n                        <div class=\"centered-button-group\">\n                                                <a class=\"wp-block-button__link btn-light\"\n                    href=\"https:\/\/sharebox.global\/de\/contact\/\"\n                                        data-wpml-string=\"logo-array-block--block_ea70e4942943c360dbdd976da315f44d-button-1\">\n                        Kontakt Verkauf                    <\/a>\n                                                <\/div>\n                    <\/div>\n    <\/div>\n<\/div>\n\n<div class=\"wp-block-columns is-layout-flex wp-container-core-columns-is-layout-9d6595d7 wp-block-columns-is-layout-flex\">\n<div class=\"wp-block-column is-layout-flow wp-block-column-is-layout-flow\" style=\"flex-basis:25%\"><\/div>\n\n\n\n<div class=\"wp-block-column is-layout-flow wp-block-column-is-layout-flow\" style=\"flex-basis:50%\">\n<h2 class=\"wp-block-heading\">DMS-Integrationen<\/h2>\n\n\n\n<p>Tauschen Sie Informationen zwischen Ihren Kunden und Ihrer Autohausverwaltungsplattform aus.<\/p>\n\n\n\n<ul class=\"wp-block-list\">\n<li><a href=\"https:\/\/fleetback.com\/\" target=\"_blank\" rel=\"noreferrer noopener\">Fleetback<\/a> <\/li>\n\n\n\n<li><a rel=\"noreferrer noopener\" href=\"https:\/\/hqrentalsoftware.com\/\" target=\"_blank\">HQ Rental<\/a> (Mietsoftware)<\/li>\n\n\n\n<li><a href=\"https:\/\/www.agilesolutions.no\/\" target=\"_blank\" rel=\"noreferrer noopener\">Agile Solutions<\/a> (Mietsoftware)<\/li>\n\n\n\n<li><a rel=\"noreferrer noopener\" href=\"http:\/\/www.sharefox.no\/\" target=\"_blank\">Sharefox<\/a> (Verleihsoftware)<\/li>\n\n\n\n<li><a rel=\"noreferrer noopener\" href=\"https:\/\/www.autofacets.com\/af-x-garage\/\" target=\"_blank\">Autofacets AF-X<\/a><\/li>\n\n\n\n<li><a href=\"https:\/\/www.plan-it-international.com\/\" target=\"_blank\" rel=\"noreferrer noopener\">Plan-IT Online<\/a><\/li>\n\n\n\n<li><a rel=\"noreferrer noopener\" href=\"https:\/\/promeister.com\/tjanster\/affarssystem\/pbs-v2\/\" target=\"_blank\">PBS v2<\/a><\/li>\n\n\n\n<li><a rel=\"noreferrer noopener\" href=\"https:\/\/dynamics.microsoft.com\/en-us\/nav-erp\" target=\"_blank\">Microsoft Dynamic NAV (Navision)<\/a><\/li>\n\n\n\n<li><a rel=\"noreferrer noopener\" href=\"https:\/\/heliosauto.no\/\" target=\"_blank\">Helios Auto<\/a> <\/li>\n\n\n\n<li><a href=\"https:\/\/web.norbits.no\/dokumentasjon\/norbitsverksted\" target=\"_blank\" rel=\"noreferrer noopener\">norbits.Verksted<\/a><\/li>\n\n\n\n<li><a href=\"https:\/\/keyloop.com\/\" target=\"_blank\" rel=\"noreferrer noopener\">Keyloop<\/a> (Dracar+ Norway)<\/li>\n\n\n\n<li><a rel=\"noreferrer noopener\" href=\"https:\/\/www.cdkglobal.com\/us\" target=\"_blank\">CDK Global<\/a><\/li>\n<\/ul>\n\n\n\n<hr class=\"wp-block-separator has-alpha-channel-opacity\"\/>\n\n\n\n<h2 class=\"wp-block-heading\">\u00dcberpr\u00fcfung der Fahrzeugsch\u00e4den<\/h2>\n\n\n\n<p>Ideal f\u00fcr Vermietungsagenturen, DSPs und Fuhrparks. Nimmt Vorher-Nachher-Fotos und Videos auf, um kleinere Sch\u00e4den zu dokumentieren und hilft so bei Schadensersatzanspr\u00fcchen und Inkasso. <\/p>\n\n\n\n<ul class=\"wp-block-list\">\n<li><a rel=\"noreferrer noopener\" href=\"https:\/\/www.damageid.com\/\" target=\"_blank\">DamageID<\/a><\/li>\n\n\n\n<li><a rel=\"noreferrer noopener\" href=\"https:\/\/wenn.no\/\" target=\"_blank\">Wenn<\/a><\/li>\n\n\n\n<li><a rel=\"noreferrer noopener\" href=\"https:\/\/autotaksering.no\/\" target=\"_blank\">Autotaksering<\/a><\/li>\n<\/ul>\n\n\n\n<hr class=\"wp-block-separator has-alpha-channel-opacity\"\/>\n\n\n\n<h2 class=\"wp-block-heading\">\u00dcberpr\u00fcfung der Kunden-ID<\/h2>\n\n\n\n<p>Schaffen Sie Vertrauen und kennen Sie Ihre Kunden mit einer vollst\u00e4ndigen, KI-gesteuerten digitalen Identit\u00e4tsl\u00f6sung.<\/p>\n\n\n\n<ul class=\"wp-block-list\">\n<li><a href=\"https:\/\/verimi.de\/en\/\" target=\"_blank\" rel=\"noreferrer noopener\">Verimi<\/a><\/li>\n\n\n\n<li><a href=\"https:\/\/www.bankid.no\/en\/company\/\" target=\"_blank\" rel=\"noreferrer noopener\">BankID<\/a><\/li>\n\n\n\n<li><a href=\"https:\/\/onfido.com\/\" target=\"_blank\" rel=\"noreferrer noopener\">Onfido  <\/a><\/li>\n\n\n\n<li><a rel=\"noreferrer noopener\" href=\"https:\/\/www.idnow.io\/\" target=\"_blank\">IDNow<\/a><\/li>\n<\/ul>\n\n\n\n<hr class=\"wp-block-separator has-alpha-channel-opacity\"\/>\n\n\n\n<h2 class=\"wp-block-heading\">\u00dcberpr\u00fcfung des F\u00fchrerscheins<\/h2>\n\n\n\n<p>\u00dcberpr\u00fcfen Sie schnell die Identit\u00e4t Ihrer Mieter, Fahrer und Mitfahrer. Bleiben Sie gesetzeskonform und sch\u00fctzen Sie Ihre Flotte. <\/p>\n\n\n\n<ul class=\"wp-block-list\">\n<li><a href=\"https:\/\/www.vegvesen.no\/\" target=\"_blank\" rel=\"noreferrer noopener\">Statens Vegvesen<\/a> (Norwegen)<\/li>\n\n\n\n<li><a href=\"https:\/\/onfido.com\/use-cases\/driver-registration\/\" target=\"_blank\" rel=\"noreferrer noopener\">Onfido<\/a><\/li>\n\n\n\n<li><a rel=\"noreferrer noopener\" href=\"https:\/\/www.idnow.io\/\" target=\"_blank\">IDNow<\/a><\/li>\n<\/ul>\n\n\n\n<hr class=\"wp-block-separator has-alpha-channel-opacity\"\/>\n\n\n\n<h2 class=\"wp-block-heading\">ID-\u00dcberpr\u00fcfung &amp; Elektronische Unterschrift<\/h2>\n\n\n\n<p>Eine digitale Vereinbarung ist eine Win-Win-Win-Situation: f\u00fcr Kunden, Autoh\u00e4user und Vermietstationen gleicherma\u00dfen.<\/p>\n\n\n\n<ul class=\"wp-block-list\">\n<li><a href=\"https:\/\/www.scrive.com\/\" target=\"_blank\" rel=\"noreferrer noopener\">Scrive<\/a><\/li>\n<\/ul>\n<\/div>\n\n\n\n<div class=\"wp-block-column is-layout-flow wp-block-column-is-layout-flow\" style=\"flex-basis:25%\"><\/div>\n<\/div>\n\n<div class=\"wp-block-columns has-grey-background-color has-background is-layout-flex wp-container-core-columns-is-layout-9d6595d7 wp-block-columns-is-layout-flex\">\n<div class=\"wp-block-column is-layout-flow wp-block-column-is-layout-flow\" style=\"flex-basis:25%\"><\/div>\n\n\n\n<div class=\"wp-block-column is-layout-flow wp-block-column-is-layout-flow\" style=\"flex-basis:50%\">\n<div style=\"height:100px\" aria-hidden=\"true\" class=\"wp-block-spacer\"><\/div>\n\n\n\n<h2 class=\"wp-block-heading\"><strong>Kontaktieren Sie uns<\/strong><\/h2>\n\n\n\n<p><strong>Die offene API von Sharebox erm\u00f6glicht es Ihnen, alle Funktionen von Sharebox zu nutzen.<\/strong><\/p>\n\n\n\n<p>Setzen Sie sich mit uns in Verbindung und wir pr\u00fcfen, ob wir Ihr DMS, Ihre Software oder Ihr Zahlungsgateway als native Integration in Sharebox aufnehmen k\u00f6nnen.<\/p>\n\n\n\n<script charset=\"utf-8\" type=\"text\/javascript\" src=\"\/\/js.hsforms.net\/forms\/embed\/v2.js\"><\/script><script>hbspt.forms.create({\n    region: \"na1\",\n    portalId: \"4025274\",\n    formId: \"f0e2a35c-587d-4736-bc3b-0ec57a00d048\"\n  });\n<\/script>\n<\/div>\n\n\n\n<div class=\"wp-block-column is-layout-flow wp-block-column-is-layout-flow\" style=\"flex-basis:25%\"><\/div>\n<\/div>\n","protected":false},"excerpt":{"rendered":"<p>Zahlungs-Gateway-Integrationen Sharebox bietet einfache und flexible Online-Zahlungen f\u00fcr Ihre Kunden. Der Checkout ist ein wichtiger Teil der End-to-End Customer Journey: Hier bezahlen die Kunden und<\/p>\n","protected":false},"author":1,"featured_media":0,"parent":0,"menu_order":0,"comment_status":"closed","ping_status":"closed","template":"","meta":{"_acf_changed":false,"content-type":"","inline_featured_image":false,"footnotes":""},"class_list":["post-44879","page","type-page","status-publish","hentry"],"acf":[],"yoast_head":"<!-- This site is optimized with the Yoast SEO plugin v27.4 - https:\/\/yoast.com\/product\/yoast-seo-wordpress\/ -->\n<title>Integrationen - Sharebox<\/title>\n<meta name=\"description\" content=\"Integrieren Sie m\u00fchelos branchen\u00fcbliche Software und Zahlungsanbieter, die Sie und Ihre Kunden bereits kennen und denen sie vertrauen.\" \/>\n<meta name=\"robots\" content=\"index, follow, max-snippet:-1, max-image-preview:large, max-video-preview:-1\" \/>\n<link rel=\"canonical\" href=\"https:\/\/sharebox.global\/de\/integrationen\/\" \/>\n<meta property=\"og:locale\" content=\"de_DE\" \/>\n<meta property=\"og:type\" content=\"article\" \/>\n<meta property=\"og:title\" content=\"Integrationen und APIs\" \/>\n<meta property=\"og:description\" content=\"Integrieren Sie m\u00fchelos branchen\u00fcbliche Software und Zahlungsanbieter, die Sie und Ihre Kunden bereits kennen und denen sie vertrauen.\" \/>\n<meta property=\"og:url\" content=\"https:\/\/sharebox.global\/de\/integrationen\/\" \/>\n<meta property=\"og:site_name\" content=\"Sharebox\" \/>\n<meta property=\"article:publisher\" content=\"https:\/\/www.facebook.com\/SHAREBOX.NO\/\" \/>\n<meta property=\"article:modified_time\" content=\"2025-05-07T07:34:30+00:00\" \/>\n<meta property=\"og:image\" content=\"https:\/\/sharebox.global\/wp-content\/uploads\/2025\/04\/Volkswagen-Nutzfahrzeuge-Service-Station-mit-Dach.png\" \/>\n\t<meta property=\"og:image:width\" content=\"1170\" \/>\n\t<meta property=\"og:image:height\" content=\"521\" \/>\n\t<meta property=\"og:image:type\" content=\"image\/png\" \/>\n<meta name=\"twitter:card\" content=\"summary_large_image\" \/>\n<meta name=\"twitter:label1\" content=\"Gesch\u00e4tzte Lesezeit\" \/>\n\t<meta name=\"twitter:data1\" content=\"1\u00a0Minute\" \/>\n<script type=\"application\/ld+json\" class=\"yoast-schema-graph\">{\"@context\":\"https:\\\/\\\/schema.org\",\"@graph\":[{\"@type\":\"WebPage\",\"@id\":\"https:\\\/\\\/sharebox.global\\\/de\\\/integrationen\\\/\",\"url\":\"https:\\\/\\\/sharebox.global\\\/de\\\/integrationen\\\/\",\"name\":\"Integrationen - Sharebox\",\"isPartOf\":{\"@id\":\"https:\\\/\\\/sharebox.global\\\/de\\\/#website\"},\"datePublished\":\"2025-04-04T09:06:21+00:00\",\"dateModified\":\"2025-05-07T07:34:30+00:00\",\"description\":\"Integrieren Sie m\u00fchelos branchen\u00fcbliche Software und Zahlungsanbieter, die Sie und Ihre Kunden bereits kennen und denen sie vertrauen.\",\"breadcrumb\":{\"@id\":\"https:\\\/\\\/sharebox.global\\\/de\\\/integrationen\\\/#breadcrumb\"},\"inLanguage\":\"de\",\"potentialAction\":[{\"@type\":\"ReadAction\",\"target\":[\"https:\\\/\\\/sharebox.global\\\/de\\\/integrationen\\\/\"]}]},{\"@type\":\"BreadcrumbList\",\"@id\":\"https:\\\/\\\/sharebox.global\\\/de\\\/integrationen\\\/#breadcrumb\",\"itemListElement\":[{\"@type\":\"ListItem\",\"position\":1,\"name\":\"Home\",\"item\":\"https:\\\/\\\/sharebox.global\\\/de\\\/\"},{\"@type\":\"ListItem\",\"position\":2,\"name\":\"Integrationen\"}]},{\"@type\":\"WebSite\",\"@id\":\"https:\\\/\\\/sharebox.global\\\/de\\\/#website\",\"url\":\"https:\\\/\\\/sharebox.global\\\/de\\\/\",\"name\":\"Sharebox\",\"description\":\"Infrastructure for 24\\\/7 vehicle handover\",\"publisher\":{\"@id\":\"https:\\\/\\\/sharebox.global\\\/de\\\/#organization\"},\"potentialAction\":[{\"@type\":\"SearchAction\",\"target\":{\"@type\":\"EntryPoint\",\"urlTemplate\":\"https:\\\/\\\/sharebox.global\\\/de\\\/?s={search_term_string}\"},\"query-input\":{\"@type\":\"PropertyValueSpecification\",\"valueRequired\":true,\"valueName\":\"search_term_string\"}}],\"inLanguage\":\"de\"},{\"@type\":\"Organization\",\"@id\":\"https:\\\/\\\/sharebox.global\\\/de\\\/#organization\",\"name\":\"Sharebox\",\"url\":\"https:\\\/\\\/sharebox.global\\\/de\\\/\",\"logo\":{\"@type\":\"ImageObject\",\"inLanguage\":\"de\",\"@id\":\"https:\\\/\\\/sharebox.global\\\/de\\\/#\\\/schema\\\/logo\\\/image\\\/\",\"url\":\"https:\\\/\\\/sharebox.global\\\/wp-content\\\/uploads\\\/2024\\\/04\\\/Sharebox-logo-red-on-white-500px.png\",\"contentUrl\":\"https:\\\/\\\/sharebox.global\\\/wp-content\\\/uploads\\\/2024\\\/04\\\/Sharebox-logo-red-on-white-500px.png\",\"width\":450,\"height\":63,\"caption\":\"Sharebox\"},\"image\":{\"@id\":\"https:\\\/\\\/sharebox.global\\\/de\\\/#\\\/schema\\\/logo\\\/image\\\/\"},\"sameAs\":[\"https:\\\/\\\/www.facebook.com\\\/SHAREBOX.NO\\\/\",\"https:\\\/\\\/www.linkedin.com\\\/company\\\/sharebox-as\\\/\",\"https:\\\/\\\/www.youtube.com\\\/channel\\\/UCGwoGdfNeD59c2s4qhf0gLQ\"]}]}<\/script>\n<!-- \/ Yoast SEO plugin. -->","yoast_head_json":{"title":"Integrationen - Sharebox","description":"Integrieren Sie m\u00fchelos branchen\u00fcbliche Software und Zahlungsanbieter, die Sie und Ihre Kunden bereits kennen und denen sie vertrauen.","robots":{"index":"index","follow":"follow","max-snippet":"max-snippet:-1","max-image-preview":"max-image-preview:large","max-video-preview":"max-video-preview:-1"},"canonical":"https:\/\/sharebox.global\/de\/integrationen\/","og_locale":"de_DE","og_type":"article","og_title":"Integrationen und APIs","og_description":"Integrieren Sie m\u00fchelos branchen\u00fcbliche Software und Zahlungsanbieter, die Sie und Ihre Kunden bereits kennen und denen sie vertrauen.","og_url":"https:\/\/sharebox.global\/de\/integrationen\/","og_site_name":"Sharebox","article_publisher":"https:\/\/www.facebook.com\/SHAREBOX.NO\/","article_modified_time":"2025-05-07T07:34:30+00:00","og_image":[{"width":1170,"height":521,"url":"https:\/\/sharebox.global\/wp-content\/uploads\/2025\/04\/Volkswagen-Nutzfahrzeuge-Service-Station-mit-Dach.png","type":"image\/png"}],"twitter_card":"summary_large_image","twitter_misc":{"Gesch\u00e4tzte Lesezeit":"1\u00a0Minute"},"schema":{"@context":"https:\/\/schema.org","@graph":[{"@type":"WebPage","@id":"https:\/\/sharebox.global\/de\/integrationen\/","url":"https:\/\/sharebox.global\/de\/integrationen\/","name":"Integrationen - Sharebox","isPartOf":{"@id":"https:\/\/sharebox.global\/de\/#website"},"datePublished":"2025-04-04T09:06:21+00:00","dateModified":"2025-05-07T07:34:30+00:00","description":"Integrieren Sie m\u00fchelos branchen\u00fcbliche Software und Zahlungsanbieter, die Sie und Ihre Kunden bereits kennen und denen sie vertrauen.","breadcrumb":{"@id":"https:\/\/sharebox.global\/de\/integrationen\/#breadcrumb"},"inLanguage":"de","potentialAction":[{"@type":"ReadAction","target":["https:\/\/sharebox.global\/de\/integrationen\/"]}]},{"@type":"BreadcrumbList","@id":"https:\/\/sharebox.global\/de\/integrationen\/#breadcrumb","itemListElement":[{"@type":"ListItem","position":1,"name":"Home","item":"https:\/\/sharebox.global\/de\/"},{"@type":"ListItem","position":2,"name":"Integrationen"}]},{"@type":"WebSite","@id":"https:\/\/sharebox.global\/de\/#website","url":"https:\/\/sharebox.global\/de\/","name":"Sharebox","description":"Infrastructure for 24\/7 vehicle handover","publisher":{"@id":"https:\/\/sharebox.global\/de\/#organization"},"potentialAction":[{"@type":"SearchAction","target":{"@type":"EntryPoint","urlTemplate":"https:\/\/sharebox.global\/de\/?s={search_term_string}"},"query-input":{"@type":"PropertyValueSpecification","valueRequired":true,"valueName":"search_term_string"}}],"inLanguage":"de"},{"@type":"Organization","@id":"https:\/\/sharebox.global\/de\/#organization","name":"Sharebox","url":"https:\/\/sharebox.global\/de\/","logo":{"@type":"ImageObject","inLanguage":"de","@id":"https:\/\/sharebox.global\/de\/#\/schema\/logo\/image\/","url":"https:\/\/sharebox.global\/wp-content\/uploads\/2024\/04\/Sharebox-logo-red-on-white-500px.png","contentUrl":"https:\/\/sharebox.global\/wp-content\/uploads\/2024\/04\/Sharebox-logo-red-on-white-500px.png","width":450,"height":63,"caption":"Sharebox"},"image":{"@id":"https:\/\/sharebox.global\/de\/#\/schema\/logo\/image\/"},"sameAs":["https:\/\/www.facebook.com\/SHAREBOX.NO\/","https:\/\/www.linkedin.com\/company\/sharebox-as\/","https:\/\/www.youtube.com\/channel\/UCGwoGdfNeD59c2s4qhf0gLQ"]}]}},"_links":{"self":[{"href":"https:\/\/sharebox.global\/de\/wp-json\/wp\/v2\/pages\/44879","targetHints":{"allow":["GET"]}}],"collection":[{"href":"https:\/\/sharebox.global\/de\/wp-json\/wp\/v2\/pages"}],"about":[{"href":"https:\/\/sharebox.global\/de\/wp-json\/wp\/v2\/types\/page"}],"author":[{"embeddable":true,"href":"https:\/\/sharebox.global\/de\/wp-json\/wp\/v2\/users\/1"}],"replies":[{"embeddable":true,"href":"https:\/\/sharebox.global\/de\/wp-json\/wp\/v2\/comments?post=44879"}],"version-history":[{"count":8,"href":"https:\/\/sharebox.global\/de\/wp-json\/wp\/v2\/pages\/44879\/revisions"}],"predecessor-version":[{"id":45531,"href":"https:\/\/sharebox.global\/de\/wp-json\/wp\/v2\/pages\/44879\/revisions\/45531"}],"wp:attachment":[{"href":"https:\/\/sharebox.global\/de\/wp-json\/wp\/v2\/media?parent=44879"}],"curies":[{"name":"wp","href":"https:\/\/api.w.org\/{rel}","templated":true}]}}