{"id":48799,"date":"2026-03-03T12:39:32","date_gmt":"2026-03-03T12:39:32","guid":{"rendered":"https:\/\/sharebox.global\/sicherheit-compliance-bei-sharebox\/"},"modified":"2026-03-03T12:40:41","modified_gmt":"2026-03-03T12:40:41","slug":"sicherheit-compliance-bei-sharebox","status":"publish","type":"page","link":"https:\/\/sharebox.global\/de\/sicherheit-compliance-bei-sharebox\/","title":{"rendered":"Sicherheit &amp; Compliance bei Sharebox"},"content":{"rendered":"\n<p><\/p>\n\r\n<div id=\"image-coloured-background-width-text-block--block_67c8224b9e6249d82471165e31988691\" \r\n     class=\"root-level-block image-coloured-background-width-text-block breathing-space\" \r\n     >\r\n\r\n    <div class=\"container relative\">\r\n                    <div class=\"sidequest-image\"><img decoding=\"async\" width=\"1024\" height=\"661\" src=\"https:\/\/sharebox.global\/wp-content\/uploads\/2026\/02\/1d6242c080a26bbc3c7ad87d2d1d0325ea6d1372-1024x661.jpg\" class=\"attachment-large size-large\" alt=\"\" srcset=\"https:\/\/sharebox.global\/wp-content\/uploads\/2026\/02\/1d6242c080a26bbc3c7ad87d2d1d0325ea6d1372-1024x661.jpg 1024w, https:\/\/sharebox.global\/wp-content\/uploads\/2026\/02\/1d6242c080a26bbc3c7ad87d2d1d0325ea6d1372-300x194.jpg 300w, https:\/\/sharebox.global\/wp-content\/uploads\/2026\/02\/1d6242c080a26bbc3c7ad87d2d1d0325ea6d1372-768x496.jpg 768w, https:\/\/sharebox.global\/wp-content\/uploads\/2026\/02\/1d6242c080a26bbc3c7ad87d2d1d0325ea6d1372-1536x992.jpg 1536w, https:\/\/sharebox.global\/wp-content\/uploads\/2026\/02\/1d6242c080a26bbc3c7ad87d2d1d0325ea6d1372-2048x1322.jpg 2048w\" sizes=\"(max-width: 1024px) 100vw, 1024px\" \/><\/div>\r\n        \r\n                <div class=\"sidequest\">\r\n            <div class=\"sidequest-type\">\r\n                                    <h2>Sicherheit &amp; Compliance bei Sharebox<\/h2>\r\n                                \r\n\r\n                                            <p>Wenn Kunden ihre Fahrzeugschl\u00fcssel au\u00dferhalb der Gesch\u00e4ftszeiten zur\u00fccklassen, ist Vertrauen wichtig.\nSharebox wurde entwickelt, um Ihren Betrieb mit physischer Sicherheit auf Unternehmensniveau, intelligenter \u00dcberwachung und vollst\u00e4ndiger R\u00fcckverfolgbarkeit zu sch\u00fctzen &#8211; damit Sie jederzeit die Kontrolle behalten.<\/p>                                    <\/div>\r\n            \r\n            \r\n                    <\/div>\r\n            <\/div>\r\n<\/div>\r\n\n<div class=\"wp-block-columns is-layout-flex wp-container-core-columns-is-layout-9d6595d7 wp-block-columns-is-layout-flex\">\n<div class=\"wp-block-column is-layout-constrained wp-container-core-column-is-layout-effdd0b2 wp-block-column-is-layout-constrained\">\n<div style=\"height:100px\" aria-hidden=\"true\" class=\"wp-block-spacer\"><\/div>\n\n\n\n<h2 class=\"wp-block-heading\">Zertifizierter physischer Schutz (s32)<\/h2>\n\n\n\n<p>F\u00fcr Umgebungen mit h\u00f6heren Sicherheitsanforderungen ist die Sharebox s32 gem\u00e4\u00df den Richtlinien zertifiziert:<\/p>\n\n\n\n<p>EN 1143-1 Grad 0 &#8211; ein anerkannter europ\u00e4ischer Standard f\u00fcr sichere Aufbewahrung.<\/p>\n\n\n\n<p>Was das f\u00fcr Sie bedeutet<\/p>\n\n\n\n<ul class=\"wp-block-list\">\n<li>Bew\u00e4hrter physischer Schutz f\u00fcr Fahrzeugschl\u00fcssel<\/li>\n\n\n\n<li>H\u00f6here Akzeptanz bei Versicherungen und Risikobewertungen<\/li>\n\n\n\n<li>Geeignet f\u00fcr hochwertige Fahrzeuge und Unternehmensinstallationen<\/li>\n<\/ul>\n\n\n\n<p>Das s32 ist so konstruiert, dass es den Schutz bietet, den Sie von einer professionellen Sicherheitsausr\u00fcstung erwarten &#8211; nicht nur von einem Standard-Schlie\u00dffachsystem.<\/p>\n<\/div>\n<\/div>\n\n<div class=\"wp-block-columns is-layout-flex wp-container-core-columns-is-layout-9d6595d7 wp-block-columns-is-layout-flex\">\n<div class=\"wp-block-column is-layout-constrained wp-container-core-column-is-layout-effdd0b2 wp-block-column-is-layout-constrained\">\n<div style=\"height:100px\" aria-hidden=\"true\" class=\"wp-block-spacer\"><\/div>\n\n\n\n<h2 class=\"wp-block-heading\">Manipulationserkennung &amp; Einbruchswarnung<\/h2>\n\n\n\n<p>Sharebox \u00fcberwacht kontinuierlich auf abnormale Aktivit\u00e4ten.<br\/>Je nach Modell und Konfiguration kann das System erkennen:<\/p>\n\n\n\n<ul class=\"wp-block-list\">\n<li>Entfernen der Frontplatte oder des Geh\u00e4uses (Manipulation)<\/li>\n\n\n\n<li>Schlie\u00dffach\u00f6ffnungen ohne Systemberechtigung (erzwungener Zugang)<\/li>\n\n\n\n<li>Ungew\u00f6hnliche Aktivit\u00e4t, die auf eine m\u00f6gliche St\u00f6rung hinweist<\/li>\n<\/ul>\n\n\n\n<p>Ihr Vorteil<\/p>\n\n\n\n<ul class=\"wp-block-list\">\n<li>Sofortiges Bewusstsein f\u00fcr m\u00f6gliche Vorf\u00e4lle<\/li>\n\n\n\n<li>Schnellere Reaktion von Mitarbeitern oder Sicherheitsteams vor Ort<\/li>\n\n\n\n<li>Geringeres Risiko einer unbemerkten Manipulation<\/li>\n<\/ul>\n\n\n\n<p>Jedes Ereignis wird protokolliert, so dass der Betrieb vollst\u00e4ndig transparent ist.<\/p>\n<\/div>\n<\/div>\n\n<div class=\"wp-block-columns is-layout-flex wp-container-core-columns-is-layout-9d6595d7 wp-block-columns-is-layout-flex\">\n<div class=\"wp-block-column is-layout-constrained wp-container-core-column-is-layout-effdd0b2 wp-block-column-is-layout-constrained\">\n<div style=\"height:100px\" aria-hidden=\"true\" class=\"wp-block-spacer\"><\/div>\n\n\n\n<h2 class=\"wp-block-heading\">Immer \u00fcberwacht &#8211; auch wenn Sie offline sind<\/h2>\n\n\n\n<p>Wenn ein Kiosk aufgrund einer Stromunterbrechung, eines Netzwerkausfalls oder durch physische Entfernung offline geht, kennzeichnet das System das Ereignis als potenzielles Sicherheitsproblem.<\/p>\n\n\n\n<p><strong>Warum es wichtig ist<\/strong><\/p>\n\n\n\n<ul class=\"wp-block-list\">\n<li>Fr\u00fchzeitige Erkennung von Sabotage- oder Diebstahlsversuchen<\/li>\n\n\n\n<li>Schutz vor stiller Systementfernung<\/li>\n\n\n\n<li>Kontinuierliche operative Aufsicht \u00fcber alle Standorte<\/li>\n<\/ul>\n<\/div>\n<\/div>\n\n<div class=\"wp-block-columns is-layout-flex wp-container-core-columns-is-layout-9d6595d7 wp-block-columns-is-layout-flex\">\n<div class=\"wp-block-column is-layout-constrained wp-container-core-column-is-layout-effdd0b2 wp-block-column-is-layout-constrained\">\n<div style=\"height:100px\" aria-hidden=\"true\" class=\"wp-block-spacer\"><\/div>\n\n\n\n<h2 class=\"wp-block-heading\">Vollst\u00e4ndige R\u00fcckverfolgbarkeit f\u00fcr jeden Schl\u00fcssel<\/h2>\n\n\n\n<p>Bei der Sicherheit geht es nicht nur um Schutz &#8211; es geht auch um Verantwortlichkeit.<\/p>\n\n\n\n<p>Sharebox bietet:<\/p>\n\n\n\n<ul class=\"wp-block-list\">\n<li>Vollst\u00e4ndiger Pr\u00fcfpfad f\u00fcr jede wichtige Transaktion<\/li>\n\n\n\n<li>Zugriffshistorie mit Zeitstempel<\/li>\n\n\n\n<li>Benutzer- und Ereignisverfolgung<\/li>\n\n\n\n<li>Zentrale Berichterstattung \u00fcber alle Standorte hinweg<\/li>\n<\/ul>\n\n\n\n<p><strong>Ergebnis<\/strong><\/p>\n\n\n\n<ul class=\"wp-block-list\">\n<li>Klare Dokumentation f\u00fcr die interne Kontrolle<\/li>\n\n\n\n<li>Unterst\u00fctzung f\u00fcr Compliance und Haftungsmanagement<\/li>\n\n\n\n<li>Vertrauen in die t\u00e4gliche Arbeit<\/li>\n<\/ul>\n<\/div>\n<\/div>\n\n<div class=\"wp-block-columns is-layout-flex wp-container-core-columns-is-layout-9d6595d7 wp-block-columns-is-layout-flex\">\n<div class=\"wp-block-column is-layout-constrained wp-container-core-column-is-layout-effdd0b2 wp-block-column-is-layout-constrained\">\n<div style=\"height:100px\" aria-hidden=\"true\" class=\"wp-block-spacer\"><\/div>\n\n\n\n<h2 class=\"wp-block-heading\">Integration mit Ihrer Sicherheitsinfrastruktur<\/h2>\n\n\n\n<p>Sharebox kann \u00fcber eine Verbindung zu bestehenden Sicherheitsumgebungen verf\u00fcgen:<\/p>\n\n\n\n<ul class=\"wp-block-list\">\n<li>E-Mail-Benachrichtigungen<\/li>\n\n\n\n<li>Webhook oder API-Integration<\/li>\n\n\n\n<li>Zentrale \u00dcberwachungsplattformen<\/li>\n<\/ul>\n\n\n\n<p>Auf diese Weise k\u00f6nnen Sharebox-Ereignisse Teil Ihrer umfassenderen Sicherheitseinrichtung werden.<\/p>\n\n\n\n<p><strong>Sie erhalten<\/strong><\/p>\n\n\n\n<ul class=\"wp-block-list\">\n<li>Einheitliche \u00dcberwachung an allen Standorten<\/li>\n\n\n\n<li>Automatisierte Bearbeitung von Vorf\u00e4llen<\/li>\n\n\n\n<li>Keine Notwendigkeit f\u00fcr separate Alarmsysteme<\/li>\n<\/ul>\n<\/div>\n<\/div>\n\n<div class=\"wp-block-columns is-layout-flex wp-container-core-columns-is-layout-9d6595d7 wp-block-columns-is-layout-flex\">\n<div class=\"wp-block-column is-layout-constrained wp-container-core-column-is-layout-effdd0b2 wp-block-column-is-layout-constrained\">\n<div style=\"height:100px\" aria-hidden=\"true\" class=\"wp-block-spacer\"><\/div>\n\n\n\n<h2 class=\"wp-block-heading\">Verbesserte Sicherheitsoptionen<\/h2>\n\n\n\n<p>F\u00fcr Hochsicherheitsumgebungen kann Sharebox mit externen L\u00f6sungen kombiniert werden, wie z.B:<\/p>\n\n\n\n<ul class=\"wp-block-list\">\n<li>Video\u00fcberwachungssysteme<\/li>\n\n\n\n<li>Lokale Audioabschreckung<\/li>\n\n\n\n<li>Integration der Alarmzentrale<\/li>\n<\/ul>\n\n\n\n<p>Dies unterst\u00fctzt Installationen, bei denen Versicherungsanbieter oder interne Richtlinien neben zertifizierter Hardware eine zus\u00e4tzliche \u00dcberwachung verlangen.<\/p>\n<\/div>\n<\/div>\n\n<div class=\"wp-block-columns is-layout-flex wp-container-core-columns-is-layout-9d6595d7 wp-block-columns-is-layout-flex\">\n<div class=\"wp-block-column is-layout-constrained wp-container-core-column-is-layout-effdd0b2 wp-block-column-is-layout-constrained\">\n<div style=\"height:100px\" aria-hidden=\"true\" class=\"wp-block-spacer\"><\/div>\n\n\n\n<h2 class=\"wp-block-heading\">Sicherheit als System<\/h2>\n\n\n\n<p>Der Schutz kommt nicht nur von der Hardware. Sharebox bietet mehrschichtige Sicherheit: <\/p>\n\n\n\n<ul class=\"wp-block-list\">\n<li>Zertifizierter physischer Schutz (s32)<\/li>\n\n\n\n<li>Manipulations- und Einbruchserkennung<\/li>\n\n\n\n<li>Offline-\u00dcberwachung und \u00dcberwachung von Leistungsverlusten<\/li>\n\n\n\n<li>Zentrale Warnungen und Berichte<\/li>\n\n\n\n<li>Vollst\u00e4ndiger operativer Pr\u00fcfpfad<\/li>\n\n\n\n<li>Optionale Video- und Alarmintegration<\/li>\n<\/ul>\n\n\n\n<p><strong>Das Ergebnis:<\/strong> kontrollierte, nachvollziehbare Schl\u00fcsselverwaltung auf Unternehmensniveau.<\/p>\n<\/div>\n<\/div>\n\n<div class=\"wp-block-columns is-layout-flex wp-container-core-columns-is-layout-9d6595d7 wp-block-columns-is-layout-flex\">\n<div class=\"wp-block-column is-layout-constrained wp-container-core-column-is-layout-effdd0b2 wp-block-column-is-layout-constrained\">\n<div style=\"height:100px\" aria-hidden=\"true\" class=\"wp-block-spacer\"><\/div>\n\n\n\n<h2 class=\"wp-block-heading\">Versicherung &amp; Risikobewertung<\/h2>\n\n\n\n<p>Bei vielen Installationen h\u00e4ngt die Genehmigung von der gesamten Sicherheitsumgebung ab, einschlie\u00dflich der Sicherheit:<\/p>\n\n\n\n<ul class=\"wp-block-list\">\n<li>Zertifizierte Hardware (falls erforderlich)<\/li>\n\n\n\n<li>\u00dcberwachung und Alarmierung<\/li>\n\n\n\n<li>Zeitschl\u00fcssel bleiben gespeichert<\/li>\n\n\n\n<li>Standortbedingungen (CCTV, Zugangskontrolle, etc.)<\/li>\n<\/ul>\n\n\n\n<p>Sharebox bietet die Tools und die Dokumentation, die Sie zur Unterst\u00fctzung von Versicherungs- und Risikobewertungen ben\u00f6tigen.<\/p>\n<\/div>\n<\/div>\n\n<div class=\"wp-block-columns is-layout-flex wp-container-core-columns-is-layout-9d6595d7 wp-block-columns-is-layout-flex\">\n<div class=\"wp-block-column is-layout-constrained wp-container-core-column-is-layout-effdd0b2 wp-block-column-is-layout-constrained\">\n<div style=\"height:100px\" aria-hidden=\"true\" class=\"wp-block-spacer\"><\/div>\n\n\n\n<h2 class=\"wp-block-heading\">Gebaut f\u00fcr echte Operationen<\/h2>\n\n\n\n<p>Sharebox Sicherheit ist f\u00fcr reale Umgebungen konzipiert:<\/p>\n\n\n\n<ul class=\"wp-block-list\">\n<li>Orte im Freien<\/li>\n\n\n\n<li>Fahrzeugaufbewahrung \u00fcber Nacht<\/li>\n\n\n\n<li>Unbeaufsichtigter Betrieb<\/li>\n\n\n\n<li>Unternehmensnetzwerke mit mehreren Standorten<\/li>\n<\/ul>\n\n\n\n<p>Denn die Selbstbedienung schafft nur dann einen Mehrwert, wenn sie <strong>das Vertrauen Ihrer Kunden, Ihrer Mitarbeiter und Ihres Risikomanagement-Teams genie\u00dft.<\/strong><\/p>\n<\/div>\n<\/div>\n\n<div style=\"height:100px\" aria-hidden=\"true\" class=\"wp-block-spacer\"><\/div>\n\n<div id=\"three-columns-with-support--block_fde9d6e8bc96a125822c705627a61f89\" class=\"root-level-block three-columns-with-support\">\n\n    <div class=\"container\">\n\n        <div class=\"decided\">\n            \n                                \n                            <!-- Display section title if one exists -->\n                <h2 class=\"decided-title text-center\">Beginnen Sie<\/h2>\n                            \n                                    \n                        <!-- Column container for the 3 boxes -->\n            <div class=\"column-box-row\">\n                \n                            <!-- Individual box container -->\n                            <div class=\"column-text-box\">\n                                                                    <img decoding=\"async\" width=\"48\" height=\"48\" src=\"https:\/\/sharebox.global\/wp-content\/uploads\/2025\/03\/icon_monitorbookstudent@48.png\" class=\"icon\" alt=\"\" \/>                                \n                                <h3>1. Demo ansehen<\/h3>\n                                <p>Sehen Sie es live und teilen Sie uns Ihre Anforderungen mit.<\/p>\n                            <\/div>\n\n                        \n                            <!-- Individual box container -->\n                            <div class=\"column-text-box\">\n                                                                    <img decoding=\"async\" width=\"48\" height=\"48\" src=\"https:\/\/sharebox.global\/wp-content\/uploads\/2025\/03\/icon_planblueprint@48.png\" class=\"icon\" alt=\"\" \/>                                \n                                <h3>2. Ma\u00dfgeschneiderter Vorschlag<\/h3>\n                                <p>Sie erhalten einen Plan und eine Strategie, die auf Ihr Unternehmen und Ihre Ziele zugeschnitten sind.<\/p>\n                            <\/div>\n\n                        \n                            <!-- Individual box container -->\n                            <div class=\"column-text-box\">\n                                                                    <img decoding=\"async\" width=\"48\" height=\"48\" src=\"https:\/\/sharebox.global\/wp-content\/uploads\/2025\/03\/icon_toolsscrewdriverwrench@48.png\" class=\"icon\" alt=\"\" \/>                                \n                                <h3>3. Implementierung<\/h3>\n                                <p>Wir k\u00fcmmern uns um die Installation und Konfiguration und schulen Ihre Mitarbeiter.<\/p>\n                            <\/div>\n\n                                    <\/div>\n            <!-- End check for enabled columns -->\n\n                        <!-- Button group centered below content -->\n            <div class=\"centered-button-group\">\n                                                <a class=\"wp-block-button__link btn-light\"\n                    href=\"https:\/\/sharebox.global\/de\/get-started\/\"\n                    >\n                        Demos ansehen                    <\/a>\n                                                <\/div>\n                    <\/div>\n    <\/div>\n<\/div>\n","protected":false},"excerpt":{"rendered":"<p>Zertifizierter physischer Schutz (s32) F\u00fcr Umgebungen mit h\u00f6heren Sicherheitsanforderungen ist die Sharebox s32 gem\u00e4\u00df den Richtlinien zertifiziert: EN 1143-1 Grad 0 &#8211; ein anerkannter europ\u00e4ischer<\/p>\n","protected":false},"author":1,"featured_media":0,"parent":0,"menu_order":0,"comment_status":"closed","ping_status":"closed","template":"","meta":{"_acf_changed":false,"content-type":"","inline_featured_image":false,"footnotes":""},"class_list":["post-48799","page","type-page","status-publish","hentry"],"acf":[],"yoast_head":"<!-- This site is optimized with the Yoast SEO plugin v27.4 - https:\/\/yoast.com\/product\/yoast-seo-wordpress\/ -->\n<title>Sicherheit &amp; Compliance bei Sharebox - Sharebox<\/title>\n<meta name=\"robots\" content=\"index, follow, max-snippet:-1, max-image-preview:large, max-video-preview:-1\" \/>\n<link rel=\"canonical\" href=\"https:\/\/sharebox.global\/de\/sicherheit-compliance-bei-sharebox\/\" \/>\n<meta property=\"og:locale\" content=\"de_DE\" \/>\n<meta property=\"og:type\" content=\"article\" \/>\n<meta property=\"og:title\" content=\"Sicherheit &amp; Compliance bei Sharebox - Sharebox\" \/>\n<meta property=\"og:description\" content=\"Zertifizierter physischer Schutz (s32) F\u00fcr Umgebungen mit h\u00f6heren Sicherheitsanforderungen ist die Sharebox s32 gem\u00e4\u00df den Richtlinien zertifiziert: EN 1143-1 Grad 0 &#8211; ein anerkannter europ\u00e4ischer\" \/>\n<meta property=\"og:url\" content=\"https:\/\/sharebox.global\/de\/sicherheit-compliance-bei-sharebox\/\" \/>\n<meta property=\"og:site_name\" content=\"Sharebox\" \/>\n<meta property=\"article:publisher\" content=\"https:\/\/www.facebook.com\/SHAREBOX.NO\/\" \/>\n<meta property=\"article:modified_time\" content=\"2026-03-03T12:40:41+00:00\" \/>\n<meta property=\"og:image\" content=\"https:\/\/sharebox.global\/wp-content\/uploads\/2025\/04\/Volkswagen-Nutzfahrzeuge-Service-Station-mit-Dach.png\" \/>\n\t<meta property=\"og:image:width\" content=\"1170\" \/>\n\t<meta property=\"og:image:height\" content=\"521\" \/>\n\t<meta property=\"og:image:type\" content=\"image\/png\" \/>\n<meta name=\"twitter:card\" content=\"summary_large_image\" \/>\n<meta name=\"twitter:label1\" content=\"Gesch\u00e4tzte Lesezeit\" \/>\n\t<meta name=\"twitter:data1\" content=\"3\u00a0Minute\" \/>\n<script type=\"application\/ld+json\" class=\"yoast-schema-graph\">{\"@context\":\"https:\\\/\\\/schema.org\",\"@graph\":[{\"@type\":\"WebPage\",\"@id\":\"https:\\\/\\\/sharebox.global\\\/de\\\/sicherheit-compliance-bei-sharebox\\\/\",\"url\":\"https:\\\/\\\/sharebox.global\\\/de\\\/sicherheit-compliance-bei-sharebox\\\/\",\"name\":\"Sicherheit &amp; Compliance bei Sharebox - Sharebox\",\"isPartOf\":{\"@id\":\"https:\\\/\\\/sharebox.global\\\/de\\\/#website\"},\"datePublished\":\"2026-03-03T12:39:32+00:00\",\"dateModified\":\"2026-03-03T12:40:41+00:00\",\"breadcrumb\":{\"@id\":\"https:\\\/\\\/sharebox.global\\\/de\\\/sicherheit-compliance-bei-sharebox\\\/#breadcrumb\"},\"inLanguage\":\"de\",\"potentialAction\":[{\"@type\":\"ReadAction\",\"target\":[\"https:\\\/\\\/sharebox.global\\\/de\\\/sicherheit-compliance-bei-sharebox\\\/\"]}]},{\"@type\":\"BreadcrumbList\",\"@id\":\"https:\\\/\\\/sharebox.global\\\/de\\\/sicherheit-compliance-bei-sharebox\\\/#breadcrumb\",\"itemListElement\":[{\"@type\":\"ListItem\",\"position\":1,\"name\":\"Home\",\"item\":\"https:\\\/\\\/sharebox.global\\\/de\\\/\"},{\"@type\":\"ListItem\",\"position\":2,\"name\":\"Sicherheit &amp; Compliance bei Sharebox\"}]},{\"@type\":\"WebSite\",\"@id\":\"https:\\\/\\\/sharebox.global\\\/de\\\/#website\",\"url\":\"https:\\\/\\\/sharebox.global\\\/de\\\/\",\"name\":\"Sharebox\",\"description\":\"Infrastructure for 24\\\/7 vehicle handover\",\"publisher\":{\"@id\":\"https:\\\/\\\/sharebox.global\\\/de\\\/#organization\"},\"potentialAction\":[{\"@type\":\"SearchAction\",\"target\":{\"@type\":\"EntryPoint\",\"urlTemplate\":\"https:\\\/\\\/sharebox.global\\\/de\\\/?s={search_term_string}\"},\"query-input\":{\"@type\":\"PropertyValueSpecification\",\"valueRequired\":true,\"valueName\":\"search_term_string\"}}],\"inLanguage\":\"de\"},{\"@type\":\"Organization\",\"@id\":\"https:\\\/\\\/sharebox.global\\\/de\\\/#organization\",\"name\":\"Sharebox\",\"url\":\"https:\\\/\\\/sharebox.global\\\/de\\\/\",\"logo\":{\"@type\":\"ImageObject\",\"inLanguage\":\"de\",\"@id\":\"https:\\\/\\\/sharebox.global\\\/de\\\/#\\\/schema\\\/logo\\\/image\\\/\",\"url\":\"https:\\\/\\\/sharebox.global\\\/wp-content\\\/uploads\\\/2024\\\/04\\\/Sharebox-logo-red-on-white-500px.png\",\"contentUrl\":\"https:\\\/\\\/sharebox.global\\\/wp-content\\\/uploads\\\/2024\\\/04\\\/Sharebox-logo-red-on-white-500px.png\",\"width\":450,\"height\":63,\"caption\":\"Sharebox\"},\"image\":{\"@id\":\"https:\\\/\\\/sharebox.global\\\/de\\\/#\\\/schema\\\/logo\\\/image\\\/\"},\"sameAs\":[\"https:\\\/\\\/www.facebook.com\\\/SHAREBOX.NO\\\/\",\"https:\\\/\\\/www.linkedin.com\\\/company\\\/sharebox-as\\\/\",\"https:\\\/\\\/www.youtube.com\\\/channel\\\/UCGwoGdfNeD59c2s4qhf0gLQ\"]}]}<\/script>\n<!-- \/ Yoast SEO plugin. -->","yoast_head_json":{"title":"Sicherheit &amp; Compliance bei Sharebox - Sharebox","robots":{"index":"index","follow":"follow","max-snippet":"max-snippet:-1","max-image-preview":"max-image-preview:large","max-video-preview":"max-video-preview:-1"},"canonical":"https:\/\/sharebox.global\/de\/sicherheit-compliance-bei-sharebox\/","og_locale":"de_DE","og_type":"article","og_title":"Sicherheit &amp; Compliance bei Sharebox - Sharebox","og_description":"Zertifizierter physischer Schutz (s32) F\u00fcr Umgebungen mit h\u00f6heren Sicherheitsanforderungen ist die Sharebox s32 gem\u00e4\u00df den Richtlinien zertifiziert: EN 1143-1 Grad 0 &#8211; ein anerkannter europ\u00e4ischer","og_url":"https:\/\/sharebox.global\/de\/sicherheit-compliance-bei-sharebox\/","og_site_name":"Sharebox","article_publisher":"https:\/\/www.facebook.com\/SHAREBOX.NO\/","article_modified_time":"2026-03-03T12:40:41+00:00","og_image":[{"width":1170,"height":521,"url":"https:\/\/sharebox.global\/wp-content\/uploads\/2025\/04\/Volkswagen-Nutzfahrzeuge-Service-Station-mit-Dach.png","type":"image\/png"}],"twitter_card":"summary_large_image","twitter_misc":{"Gesch\u00e4tzte Lesezeit":"3\u00a0Minute"},"schema":{"@context":"https:\/\/schema.org","@graph":[{"@type":"WebPage","@id":"https:\/\/sharebox.global\/de\/sicherheit-compliance-bei-sharebox\/","url":"https:\/\/sharebox.global\/de\/sicherheit-compliance-bei-sharebox\/","name":"Sicherheit &amp; Compliance bei Sharebox - Sharebox","isPartOf":{"@id":"https:\/\/sharebox.global\/de\/#website"},"datePublished":"2026-03-03T12:39:32+00:00","dateModified":"2026-03-03T12:40:41+00:00","breadcrumb":{"@id":"https:\/\/sharebox.global\/de\/sicherheit-compliance-bei-sharebox\/#breadcrumb"},"inLanguage":"de","potentialAction":[{"@type":"ReadAction","target":["https:\/\/sharebox.global\/de\/sicherheit-compliance-bei-sharebox\/"]}]},{"@type":"BreadcrumbList","@id":"https:\/\/sharebox.global\/de\/sicherheit-compliance-bei-sharebox\/#breadcrumb","itemListElement":[{"@type":"ListItem","position":1,"name":"Home","item":"https:\/\/sharebox.global\/de\/"},{"@type":"ListItem","position":2,"name":"Sicherheit &amp; Compliance bei Sharebox"}]},{"@type":"WebSite","@id":"https:\/\/sharebox.global\/de\/#website","url":"https:\/\/sharebox.global\/de\/","name":"Sharebox","description":"Infrastructure for 24\/7 vehicle handover","publisher":{"@id":"https:\/\/sharebox.global\/de\/#organization"},"potentialAction":[{"@type":"SearchAction","target":{"@type":"EntryPoint","urlTemplate":"https:\/\/sharebox.global\/de\/?s={search_term_string}"},"query-input":{"@type":"PropertyValueSpecification","valueRequired":true,"valueName":"search_term_string"}}],"inLanguage":"de"},{"@type":"Organization","@id":"https:\/\/sharebox.global\/de\/#organization","name":"Sharebox","url":"https:\/\/sharebox.global\/de\/","logo":{"@type":"ImageObject","inLanguage":"de","@id":"https:\/\/sharebox.global\/de\/#\/schema\/logo\/image\/","url":"https:\/\/sharebox.global\/wp-content\/uploads\/2024\/04\/Sharebox-logo-red-on-white-500px.png","contentUrl":"https:\/\/sharebox.global\/wp-content\/uploads\/2024\/04\/Sharebox-logo-red-on-white-500px.png","width":450,"height":63,"caption":"Sharebox"},"image":{"@id":"https:\/\/sharebox.global\/de\/#\/schema\/logo\/image\/"},"sameAs":["https:\/\/www.facebook.com\/SHAREBOX.NO\/","https:\/\/www.linkedin.com\/company\/sharebox-as\/","https:\/\/www.youtube.com\/channel\/UCGwoGdfNeD59c2s4qhf0gLQ"]}]}},"_links":{"self":[{"href":"https:\/\/sharebox.global\/de\/wp-json\/wp\/v2\/pages\/48799","targetHints":{"allow":["GET"]}}],"collection":[{"href":"https:\/\/sharebox.global\/de\/wp-json\/wp\/v2\/pages"}],"about":[{"href":"https:\/\/sharebox.global\/de\/wp-json\/wp\/v2\/types\/page"}],"author":[{"embeddable":true,"href":"https:\/\/sharebox.global\/de\/wp-json\/wp\/v2\/users\/1"}],"replies":[{"embeddable":true,"href":"https:\/\/sharebox.global\/de\/wp-json\/wp\/v2\/comments?post=48799"}],"version-history":[{"count":1,"href":"https:\/\/sharebox.global\/de\/wp-json\/wp\/v2\/pages\/48799\/revisions"}],"predecessor-version":[{"id":48800,"href":"https:\/\/sharebox.global\/de\/wp-json\/wp\/v2\/pages\/48799\/revisions\/48800"}],"wp:attachment":[{"href":"https:\/\/sharebox.global\/de\/wp-json\/wp\/v2\/media?parent=48799"}],"curies":[{"name":"wp","href":"https:\/\/api.w.org\/{rel}","templated":true}]}}