{"id":49023,"date":"2026-03-31T11:07:54","date_gmt":"2026-03-31T11:07:54","guid":{"rendered":"https:\/\/sharebox.global\/verbessern-sie-ihr-sharebox-erlebnis\/"},"modified":"2026-03-31T11:08:40","modified_gmt":"2026-03-31T11:08:40","slug":"verbessern-sie-ihr-sharebox-erlebnis","status":"publish","type":"page","link":"https:\/\/sharebox.global\/de\/verbessern-sie-ihr-sharebox-erlebnis\/","title":{"rendered":"Verbessern Sie Ihr Sharebox-Erlebnis"},"content":{"rendered":"\n<div class=\"wp-block-columns is-layout-flex wp-container-core-columns-is-layout-9d6595d7 wp-block-columns-is-layout-flex\">\n<div class=\"wp-block-column is-layout-flow wp-block-column-is-layout-flow\">\n<div style=\"height:100px\" aria-hidden=\"true\" class=\"wp-block-spacer\"><\/div>\n\n\n\n<h1 class=\"wp-block-heading has-text-align-center\">Verbessern Sie Ihr Sharebox-Erlebnis.<\/h1>\n<\/div>\n<\/div>\n\n<div class=\"container relative root-level-block\">\n            <div id=\"quote--block_40be1a8e33e7ccd29c899acb2845ab1d\" class=\"quote-with-image\">\n            \n                            <div class=\"sidequest-image\"><img decoding=\"async\" width=\"1024\" height=\"742\" src=\"https:\/\/sharebox.global\/wp-content\/uploads\/2025\/09\/Sharebox-4-vs-10-screen-clean-1024x742.png\" class=\"quote-image\" alt=\"\" srcset=\"https:\/\/sharebox.global\/wp-content\/uploads\/2025\/09\/Sharebox-4-vs-10-screen-clean-1024x742.png 1024w, https:\/\/sharebox.global\/wp-content\/uploads\/2025\/09\/Sharebox-4-vs-10-screen-clean-300x217.png 300w, https:\/\/sharebox.global\/wp-content\/uploads\/2025\/09\/Sharebox-4-vs-10-screen-clean-768x557.png 768w, https:\/\/sharebox.global\/wp-content\/uploads\/2025\/09\/Sharebox-4-vs-10-screen-clean-1536x1113.png 1536w, https:\/\/sharebox.global\/wp-content\/uploads\/2025\/09\/Sharebox-4-vs-10-screen-clean-2048x1484.png 2048w\" sizes=\"(max-width: 1024px) 100vw, 1024px\" \/><\/div>\n                                \n                            <div class=\"sidequest\">\n                    <div class=\"sidequest-type\">\n                        <blockquote>     \n                            <svg xmlns=\"http:\/\/www.w3.org\/2000\/svg\" width=\"48\" height=\"40\" viewBox=\"0 0 48 40\" fill=\"none\">\n                                <path d=\"M27.3488 39.907V25.9535C27.3488 19.2558 29.0233 13.5349 32.3721 8.79069C35.7209 4.04651 40.9302 1.11628 48 0V8.65116C43.907 9.2093 41.1163 10.6512 39.6279 12.9767C38.2326 15.2093 37.5349 18.4186 37.5349 22.6047L30.6977 21.2093H47.7209V39.907H27.3488ZM0 39.907V25.9535C0 19.2558 1.67442 13.5349 5.02326 8.79069C8.37209 4.04651 13.5814 1.11628 20.6512 0V8.65116C16.5581 9.2093 13.7674 10.6512 12.2791 12.9767C10.8837 15.2093 10.186 18.4186 10.186 22.6047L3.34884 21.2093H20.3721V39.907H0Z\" fill=\"#313130\"\/>\n                            <\/svg>      \n                            <p>Better performance, usability, and customer experience \u2014 without replacing your entire setup.<\/p>\n                            <cite>The new screen &amp; software transform your Sharebox<\/cite>\n                        <\/blockquote>\n                    <\/div>\n                <\/div>\n                    <\/div>\n    <\/div>\n\n    \n<\/div>\n\n<div class=\"wp-block-columns is-layout-flex wp-container-core-columns-is-layout-9d6595d7 wp-block-columns-is-layout-flex\">\n<div class=\"wp-block-column is-layout-flow wp-block-column-is-layout-flow\">\n<div style=\"height:100px\" aria-hidden=\"true\" class=\"wp-block-spacer\"><\/div>\n\n\n\n<h1 class=\"wp-block-heading has-text-align-center\">Erschlie\u00dfen Sie das volle Potenzial<\/h1>\n\n\n<section id=\"full-page-image--block_9a1ace3c5d67f302d3ab737fb74dc45e\" class=\"root-level-block container full_image full-page-image\">\r\n    <img decoding=\"async\" src=\"https:\/\/sharebox.global\/wp-content\/uploads\/2025\/09\/Customer-Journey-Fleetback-Sharebox.jpg\" alt=\"\" \/>\r\n<\/section><\/div>\n<\/div>\n\r\n<div id=\"image-coloured-background-width-text-block--block_2b64ac2554b2c1d43a052711b5b3a683\" \r\n     class=\"root-level-block image-coloured-background-width-text-block breathing-space\" \r\n     >\r\n\r\n    <div class=\"container relative\">\r\n                    <div class=\"sidequest-image\"><img decoding=\"async\" width=\"952\" height=\"869\" src=\"https:\/\/sharebox.global\/wp-content\/uploads\/2025\/09\/Fleetback-After-sales-transparency-mini-III.jpg\" class=\"attachment-large size-large\" alt=\"\" srcset=\"https:\/\/sharebox.global\/wp-content\/uploads\/2025\/09\/Fleetback-After-sales-transparency-mini-III.jpg 952w, https:\/\/sharebox.global\/wp-content\/uploads\/2025\/09\/Fleetback-After-sales-transparency-mini-III-300x274.jpg 300w, https:\/\/sharebox.global\/wp-content\/uploads\/2025\/09\/Fleetback-After-sales-transparency-mini-III-768x701.jpg 768w\" sizes=\"(max-width: 952px) 100vw, 952px\" \/><\/div>\r\n        \r\n                <div class=\"sidequest\">\r\n            <div class=\"sidequest-type\">\r\n                                    <h2>Upgrade-Vorteile<\/h2>\r\n                                \r\n\r\n                                            <p>Mit dem neuen Bildschirm-Upgrade haben Sie die M\u00f6glichkeit, Ihre Prozesse zu verbessern, den Verkauf und den Umsatz zu steigern, das Kundenvertrauen zu erh\u00f6hen oder einfach bessere Leistungen zu erbringen.<br><br>&#8211; Pr\u00e4sentieren Sie neue Fahrzeugmodelle<\/p><ul style=\"margin-left: 0;\" class=\"custom-bullet-list\"><li>Werben Sie f\u00fcr Reifenkampagnen<\/li><li>Forcieren Sie saisonale Serviceangebote<\/li><li>Heben Sie Inzahlungnahmeangebote hervor<\/li><li>Teilen Sie die Werkstattkapazit\u00e4ten<\/li><li>Machen Sie auf H\u00e4ndlerveranstaltungen aufmerksam<\/li><\/ul>                                    <\/div>\r\n            \r\n            \r\n                    <\/div>\r\n            <\/div>\r\n<\/div>\r\n\n<div class=\"wp-block-columns is-layout-flex wp-container-core-columns-is-layout-9d6595d7 wp-block-columns-is-layout-flex\">\n<div class=\"wp-block-column is-layout-flow wp-block-column-is-layout-flow\">\n<div style=\"height:100px\" aria-hidden=\"true\" class=\"wp-block-spacer\"><\/div>\n\n\n\n<h1 class=\"wp-block-heading has-text-align-center\">Sind Sie bereit f\u00fcr ein Upgrade Ihrer Sharebox?<\/h1>\n<\/div>\n<\/div>\n\r\n<div id=\"image-coloured-background-width-text-block--block_4409b7c61795feeabcb9f5c7a6bb70b5\" \r\n     class=\"root-level-block image-coloured-background-width-text-block breathing-space\" \r\n     >\r\n\r\n    <div class=\"container relative\">\r\n                    <div class=\"sidequest-image\"><img decoding=\"async\" width=\"768\" height=\"1024\" src=\"https:\/\/sharebox.global\/wp-content\/uploads\/2025\/09\/Sharebox-10-inch-screen-grey-front-1536x2048-clean-768x1024.png\" class=\"attachment-large size-large\" alt=\"\" srcset=\"https:\/\/sharebox.global\/wp-content\/uploads\/2025\/09\/Sharebox-10-inch-screen-grey-front-1536x2048-clean-768x1024.png 768w, https:\/\/sharebox.global\/wp-content\/uploads\/2025\/09\/Sharebox-10-inch-screen-grey-front-1536x2048-clean-225x300.png 225w, https:\/\/sharebox.global\/wp-content\/uploads\/2025\/09\/Sharebox-10-inch-screen-grey-front-1536x2048-clean-1152x1536.png 1152w, https:\/\/sharebox.global\/wp-content\/uploads\/2025\/09\/Sharebox-10-inch-screen-grey-front-1536x2048-clean.png 1536w\" sizes=\"(max-width: 768px) 100vw, 768px\" \/><\/div>\r\n        \r\n                <div class=\"sidequest\">\r\n            <div class=\"sidequest-type\">\r\n                                    <h2>Neuer 10&quot; Bildschirm<\/h2>\r\n                                \r\n\r\n                                            <p><b>R\u00fcsten Sie den Bildschirm auf und holen Sie mehr aus Ihrem bestehenden Sharebox s18 oder s32 Kiosk heraus &#8211; mit einem neuen digitalen Kommunikationskanal.<\/b><br><br>&#8211; <b>Digitales Ein- und Auschecken<\/b><\/p><ul style=\"margin-left: 0;\" class=\"custom-bullet-list\"><li><b>Automatisierung von Kundendienstprozessen<\/b><\/li><li><b>Selbstbedienungs-Kundenreisen<\/b><br>Geben Sie Ihren Kunden mehr Kontrolle &#8211; und reduzieren Sie gleichzeitig den manuellen Arbeitsaufwand.<br><br><b>Preis f\u00fcr das 10&#8243;-Bildschirm-Kit:<\/b><br>\u20ac 1.900,- inklusive Installation<\/li><\/ul>                                    <\/div>\r\n            \r\n            \r\n                    <\/div>\r\n            <\/div>\r\n<\/div>\r\n\n<div class=\"wp-block-columns is-layout-flex wp-container-core-columns-is-layout-9d6595d7 wp-block-columns-is-layout-flex\">\n<div class=\"wp-block-column is-layout-flow wp-block-column-is-layout-flow\">\n<div style=\"height:100px\" aria-hidden=\"true\" class=\"wp-block-spacer\"><\/div>\n\n\n\n<h1 class=\"wp-block-heading has-text-align-center\">Dies ist das 10&#8243; Bildschirm Upgrade<\/h1>\n\n\n\n<figure class=\"wp-block-video\"><video height=\"1080\" style=\"aspect-ratio: 1920 \/ 1080;\" width=\"1920\" controls=\"\" src=\"https:\/\/sharebox.global\/wp-content\/uploads\/2025\/09\/10-inch-screen-EN.mp4\"><\/video><\/figure>\n<\/div>\n<\/div>\n\n<div class=\"wp-block-columns is-layout-flex wp-container-core-columns-is-layout-9d6595d7 wp-block-columns-is-layout-flex\">\n<div class=\"wp-block-column is-layout-flow wp-block-column-is-layout-flow\">\n<div style=\"height:100px\" aria-hidden=\"true\" class=\"wp-block-spacer\"><\/div>\n\n\n\n<h1 class=\"wp-block-heading has-text-align-center\">Ben\u00f6tigen Sie weitere Informationen?<\/h1>\n\n\n\n<p class=\"has-text-align-center\">Wir beraten Sie gerne \u00fcber Upgrade-Optionen, Integration, Zeitplan und Einf\u00fchrung.<\/p>\n\n\n\n<div class=\"wp-block-group is-layout-constrained wp-block-group-is-layout-constrained\">\n<div class=\"wp-block-columns are-vertically-aligned-center is-layout-flex wp-container-core-columns-is-layout-9d6595d7 wp-block-columns-is-layout-flex\">\n<div class=\"wp-block-column is-vertically-aligned-center is-layout-flow wp-block-column-is-layout-flow\" style=\"flex-basis:100%\">\n<div class=\"wp-block-group has-beige-background-color has-background is-layout-constrained wp-container-core-group-is-layout-45f14f70 wp-block-group-is-layout-constrained\">\n<script charset=\"utf-8\" type=\"text\/javascript\" src=\"\/\/js-eu1.hsforms.net\/forms\/embed\/v2.js\"><\/script><script>hbspt.forms.create({\n    portalId: \"145543298\",\n    formId: \"1a91132d-a33f-4710-b03a-a67aeb0b0e1f\",\n    region: \"eu1\"\n  });\n<\/script>\n<\/div>\n<\/div>\n<\/div>\n<\/div>\n<\/div>\n<\/div>\n","protected":false},"excerpt":{"rendered":"<p>Verbessern Sie Ihr Sharebox-Erlebnis. Erschlie\u00dfen Sie das volle Potenzial Sind Sie bereit f\u00fcr ein Upgrade Ihrer Sharebox? Dies ist das 10&#8243; Bildschirm Upgrade Ben\u00f6tigen Sie<\/p>\n","protected":false},"author":1,"featured_media":0,"parent":0,"menu_order":0,"comment_status":"closed","ping_status":"closed","template":"","meta":{"_acf_changed":false,"content-type":"","inline_featured_image":false,"footnotes":""},"class_list":["post-49023","page","type-page","status-publish","hentry"],"acf":[],"yoast_head":"<!-- This site is optimized with the Yoast SEO plugin v27.5 - https:\/\/yoast.com\/product\/yoast-seo-wordpress\/ -->\n<title>Verbessern Sie Ihr Sharebox-Erlebnis - Sharebox<\/title>\n<meta name=\"robots\" content=\"index, follow, max-snippet:-1, max-image-preview:large, max-video-preview:-1\" \/>\n<link rel=\"canonical\" href=\"https:\/\/sharebox.global\/de\/verbessern-sie-ihr-sharebox-erlebnis\/\" \/>\n<meta property=\"og:locale\" content=\"de_DE\" \/>\n<meta property=\"og:type\" content=\"article\" \/>\n<meta property=\"og:title\" content=\"Verbessern Sie Ihr Sharebox-Erlebnis - Sharebox\" \/>\n<meta property=\"og:description\" content=\"Verbessern Sie Ihr Sharebox-Erlebnis. Erschlie\u00dfen Sie das volle Potenzial Sind Sie bereit f\u00fcr ein Upgrade Ihrer Sharebox? Dies ist das 10&#8243; Bildschirm Upgrade Ben\u00f6tigen Sie\" \/>\n<meta property=\"og:url\" content=\"https:\/\/sharebox.global\/de\/verbessern-sie-ihr-sharebox-erlebnis\/\" \/>\n<meta property=\"og:site_name\" content=\"Sharebox\" \/>\n<meta property=\"article:publisher\" content=\"https:\/\/www.facebook.com\/SHAREBOX.NO\/\" \/>\n<meta property=\"article:modified_time\" content=\"2026-03-31T11:08:40+00:00\" \/>\n<meta property=\"og:image\" content=\"https:\/\/sharebox.global\/wp-content\/uploads\/2025\/04\/Volkswagen-Nutzfahrzeuge-Service-Station-mit-Dach.png\" \/>\n\t<meta property=\"og:image:width\" content=\"1170\" \/>\n\t<meta property=\"og:image:height\" content=\"521\" \/>\n\t<meta property=\"og:image:type\" content=\"image\/png\" \/>\n<meta name=\"twitter:card\" content=\"summary_large_image\" \/>\n<script type=\"application\/ld+json\" class=\"yoast-schema-graph\">{\"@context\":\"https:\\\/\\\/schema.org\",\"@graph\":[{\"@type\":\"WebPage\",\"@id\":\"https:\\\/\\\/sharebox.global\\\/de\\\/verbessern-sie-ihr-sharebox-erlebnis\\\/\",\"url\":\"https:\\\/\\\/sharebox.global\\\/de\\\/verbessern-sie-ihr-sharebox-erlebnis\\\/\",\"name\":\"Verbessern Sie Ihr Sharebox-Erlebnis - Sharebox\",\"isPartOf\":{\"@id\":\"https:\\\/\\\/sharebox.global\\\/de\\\/#website\"},\"datePublished\":\"2026-03-31T11:07:54+00:00\",\"dateModified\":\"2026-03-31T11:08:40+00:00\",\"breadcrumb\":{\"@id\":\"https:\\\/\\\/sharebox.global\\\/de\\\/verbessern-sie-ihr-sharebox-erlebnis\\\/#breadcrumb\"},\"inLanguage\":\"de\",\"potentialAction\":[{\"@type\":\"ReadAction\",\"target\":[\"https:\\\/\\\/sharebox.global\\\/de\\\/verbessern-sie-ihr-sharebox-erlebnis\\\/\"]}]},{\"@type\":\"BreadcrumbList\",\"@id\":\"https:\\\/\\\/sharebox.global\\\/de\\\/verbessern-sie-ihr-sharebox-erlebnis\\\/#breadcrumb\",\"itemListElement\":[{\"@type\":\"ListItem\",\"position\":1,\"name\":\"Home\",\"item\":\"https:\\\/\\\/sharebox.global\\\/de\\\/\"},{\"@type\":\"ListItem\",\"position\":2,\"name\":\"Verbessern Sie Ihr Sharebox-Erlebnis\"}]},{\"@type\":\"WebSite\",\"@id\":\"https:\\\/\\\/sharebox.global\\\/de\\\/#website\",\"url\":\"https:\\\/\\\/sharebox.global\\\/de\\\/\",\"name\":\"Sharebox\",\"description\":\"Infrastructure for 24\\\/7 vehicle handover\",\"publisher\":{\"@id\":\"https:\\\/\\\/sharebox.global\\\/de\\\/#organization\"},\"potentialAction\":[{\"@type\":\"SearchAction\",\"target\":{\"@type\":\"EntryPoint\",\"urlTemplate\":\"https:\\\/\\\/sharebox.global\\\/de\\\/?s={search_term_string}\"},\"query-input\":{\"@type\":\"PropertyValueSpecification\",\"valueRequired\":true,\"valueName\":\"search_term_string\"}}],\"inLanguage\":\"de\"},{\"@type\":\"Organization\",\"@id\":\"https:\\\/\\\/sharebox.global\\\/de\\\/#organization\",\"name\":\"Sharebox\",\"url\":\"https:\\\/\\\/sharebox.global\\\/de\\\/\",\"logo\":{\"@type\":\"ImageObject\",\"inLanguage\":\"de\",\"@id\":\"https:\\\/\\\/sharebox.global\\\/de\\\/#\\\/schema\\\/logo\\\/image\\\/\",\"url\":\"https:\\\/\\\/sharebox.global\\\/wp-content\\\/uploads\\\/2024\\\/04\\\/Sharebox-logo-red-on-white-500px.png\",\"contentUrl\":\"https:\\\/\\\/sharebox.global\\\/wp-content\\\/uploads\\\/2024\\\/04\\\/Sharebox-logo-red-on-white-500px.png\",\"width\":450,\"height\":63,\"caption\":\"Sharebox\"},\"image\":{\"@id\":\"https:\\\/\\\/sharebox.global\\\/de\\\/#\\\/schema\\\/logo\\\/image\\\/\"},\"sameAs\":[\"https:\\\/\\\/www.facebook.com\\\/SHAREBOX.NO\\\/\",\"https:\\\/\\\/www.linkedin.com\\\/company\\\/sharebox-as\\\/\",\"https:\\\/\\\/www.youtube.com\\\/channel\\\/UCGwoGdfNeD59c2s4qhf0gLQ\"]}]}<\/script>\n<!-- \/ Yoast SEO plugin. -->","yoast_head_json":{"title":"Verbessern Sie Ihr Sharebox-Erlebnis - Sharebox","robots":{"index":"index","follow":"follow","max-snippet":"max-snippet:-1","max-image-preview":"max-image-preview:large","max-video-preview":"max-video-preview:-1"},"canonical":"https:\/\/sharebox.global\/de\/verbessern-sie-ihr-sharebox-erlebnis\/","og_locale":"de_DE","og_type":"article","og_title":"Verbessern Sie Ihr Sharebox-Erlebnis - Sharebox","og_description":"Verbessern Sie Ihr Sharebox-Erlebnis. Erschlie\u00dfen Sie das volle Potenzial Sind Sie bereit f\u00fcr ein Upgrade Ihrer Sharebox? Dies ist das 10&#8243; Bildschirm Upgrade Ben\u00f6tigen Sie","og_url":"https:\/\/sharebox.global\/de\/verbessern-sie-ihr-sharebox-erlebnis\/","og_site_name":"Sharebox","article_publisher":"https:\/\/www.facebook.com\/SHAREBOX.NO\/","article_modified_time":"2026-03-31T11:08:40+00:00","og_image":[{"width":1170,"height":521,"url":"https:\/\/sharebox.global\/wp-content\/uploads\/2025\/04\/Volkswagen-Nutzfahrzeuge-Service-Station-mit-Dach.png","type":"image\/png"}],"twitter_card":"summary_large_image","schema":{"@context":"https:\/\/schema.org","@graph":[{"@type":"WebPage","@id":"https:\/\/sharebox.global\/de\/verbessern-sie-ihr-sharebox-erlebnis\/","url":"https:\/\/sharebox.global\/de\/verbessern-sie-ihr-sharebox-erlebnis\/","name":"Verbessern Sie Ihr Sharebox-Erlebnis - Sharebox","isPartOf":{"@id":"https:\/\/sharebox.global\/de\/#website"},"datePublished":"2026-03-31T11:07:54+00:00","dateModified":"2026-03-31T11:08:40+00:00","breadcrumb":{"@id":"https:\/\/sharebox.global\/de\/verbessern-sie-ihr-sharebox-erlebnis\/#breadcrumb"},"inLanguage":"de","potentialAction":[{"@type":"ReadAction","target":["https:\/\/sharebox.global\/de\/verbessern-sie-ihr-sharebox-erlebnis\/"]}]},{"@type":"BreadcrumbList","@id":"https:\/\/sharebox.global\/de\/verbessern-sie-ihr-sharebox-erlebnis\/#breadcrumb","itemListElement":[{"@type":"ListItem","position":1,"name":"Home","item":"https:\/\/sharebox.global\/de\/"},{"@type":"ListItem","position":2,"name":"Verbessern Sie Ihr Sharebox-Erlebnis"}]},{"@type":"WebSite","@id":"https:\/\/sharebox.global\/de\/#website","url":"https:\/\/sharebox.global\/de\/","name":"Sharebox","description":"Infrastructure for 24\/7 vehicle handover","publisher":{"@id":"https:\/\/sharebox.global\/de\/#organization"},"potentialAction":[{"@type":"SearchAction","target":{"@type":"EntryPoint","urlTemplate":"https:\/\/sharebox.global\/de\/?s={search_term_string}"},"query-input":{"@type":"PropertyValueSpecification","valueRequired":true,"valueName":"search_term_string"}}],"inLanguage":"de"},{"@type":"Organization","@id":"https:\/\/sharebox.global\/de\/#organization","name":"Sharebox","url":"https:\/\/sharebox.global\/de\/","logo":{"@type":"ImageObject","inLanguage":"de","@id":"https:\/\/sharebox.global\/de\/#\/schema\/logo\/image\/","url":"https:\/\/sharebox.global\/wp-content\/uploads\/2024\/04\/Sharebox-logo-red-on-white-500px.png","contentUrl":"https:\/\/sharebox.global\/wp-content\/uploads\/2024\/04\/Sharebox-logo-red-on-white-500px.png","width":450,"height":63,"caption":"Sharebox"},"image":{"@id":"https:\/\/sharebox.global\/de\/#\/schema\/logo\/image\/"},"sameAs":["https:\/\/www.facebook.com\/SHAREBOX.NO\/","https:\/\/www.linkedin.com\/company\/sharebox-as\/","https:\/\/www.youtube.com\/channel\/UCGwoGdfNeD59c2s4qhf0gLQ"]}]}},"_links":{"self":[{"href":"https:\/\/sharebox.global\/de\/wp-json\/wp\/v2\/pages\/49023","targetHints":{"allow":["GET"]}}],"collection":[{"href":"https:\/\/sharebox.global\/de\/wp-json\/wp\/v2\/pages"}],"about":[{"href":"https:\/\/sharebox.global\/de\/wp-json\/wp\/v2\/types\/page"}],"author":[{"embeddable":true,"href":"https:\/\/sharebox.global\/de\/wp-json\/wp\/v2\/users\/1"}],"replies":[{"embeddable":true,"href":"https:\/\/sharebox.global\/de\/wp-json\/wp\/v2\/comments?post=49023"}],"version-history":[{"count":1,"href":"https:\/\/sharebox.global\/de\/wp-json\/wp\/v2\/pages\/49023\/revisions"}],"predecessor-version":[{"id":49024,"href":"https:\/\/sharebox.global\/de\/wp-json\/wp\/v2\/pages\/49023\/revisions\/49024"}],"wp:attachment":[{"href":"https:\/\/sharebox.global\/de\/wp-json\/wp\/v2\/media?parent=49023"}],"curies":[{"name":"wp","href":"https:\/\/api.w.org\/{rel}","templated":true}]}}