{"id":44536,"date":"2025-04-04T09:06:21","date_gmt":"2025-04-04T09:06:21","guid":{"rendered":"https:\/\/sharebox.global\/casos-practicos\/concesionarios-de-coches\/"},"modified":"2025-04-10T07:19:05","modified_gmt":"2025-04-10T07:19:05","slug":"concesionarios-de-coches","status":"publish","type":"page","link":"https:\/\/sharebox.global\/es\/casos-practicos\/concesionarios-de-coches\/","title":{"rendered":"Concesionarios de coches"},"content":{"rendered":"\n<div id=\"masthead-block--block_a47ed3671d4a8846b92cab368a6697ea\" class=\"root-level-block masthead-block\" style=\"\">\n\n    <div class=\"canvas container\">\n\n            <div class=\"canvas-left oversized-hands\">\n                                <h1>Intercambio de claves profesional y flexible<\/h1>                                    <p>Armarios seguros y personalizables<br>para una mejor experiencia del cliente<\/p>                                                    <a class=\"wp-block-button__link btn-light\" href=\"\" target=\"_self\">\n                        Programar demostraci\u00f3n                    <\/a>\n                            <\/div>\n\n            <div class=\"canvas-right rounded-image has-onboarding\">\n            \n                            <\/div>\n\n    <\/div>\n\n<\/div>\n\n\n<div id=\"repeating-row-of-three-boxes--block_43bdb70f60232eef1d0ddc442a7b61e3\" class=\"root-level-block repeating-row-of-three-boxes\">\n\n    <div class=\"container\">\n\n        <div class=\"grey-box-row\">\n                                <!-- Individual box container -->\n                    <div class=\"grey-text-box\">\n                                                    <img decoding=\"async\" width=\"1\" height=\"1\" src=\"https:\/\/sharebox.global\/wp-content\/uploads\/2022\/09\/streamlinehq-login-keys-interface-essential-40.svg\" class=\"icon\" alt=\"\" \/>                        \n                                                    <h3>Entrega flexible de llaves<\/h3>\n                                                \n                                                    <p>Customers access key cabinets with their phone when it best suits them.<\/p>\n                                            <\/div>\n                                    <!-- Individual box container -->\n                    <div class=\"grey-text-box\">\n                                                    <img decoding=\"async\" width=\"1\" height=\"1\" src=\"https:\/\/sharebox.global\/wp-content\/uploads\/2022\/09\/streamlinehq-shield-check-1-programing-apps-websites-40.svg\" class=\"icon\" alt=\"\" \/>                        \n                                                    <h3>Seguro y certificado de seguro<\/h3>\n                                                \n                                                    <p>Las estaciones de autoservicio exteriores son seguras y a prueba de robos.<\/p>\n                                            <\/div>\n                                    <!-- Individual box container -->\n                    <div class=\"grey-text-box\">\n                                                    <img decoding=\"async\" width=\"1\" height=\"1\" src=\"https:\/\/sharebox.global\/wp-content\/uploads\/2022\/09\/streamlinehq-color-brush-paint-1-design-40.svg\" class=\"icon\" alt=\"\" \/>                        \n                                                    <h3>Dise\u00f1o a medida<\/h3>\n                                                \n                                                    <p>Los armarios pueden personalizarse con tu dise\u00f1o, colores y logotipo.<\/p>\n                                            <\/div>\n                                    <\/div>\n    <\/div>    \n<\/div>\n\n\n<div class=\"container relative root-level-block\">\n        \n        <div id=\"quote--block_ba412a2c29c7da522e5b79f9e6d8c580\" class=\"root-level-block quote\">\n            <blockquote>     \n                <svg xmlns=\"http:\/\/www.w3.org\/2000\/svg\" width=\"48\" height=\"40\" viewBox=\"0 0 48 40\" fill=\"none\">\n                    <path d=\"M27.3488 39.907V25.9535C27.3488 19.2558 29.0233 13.5349 32.3721 8.79069C35.7209 4.04651 40.9302 1.11628 48 0V8.65116C43.907 9.2093 41.1163 10.6512 39.6279 12.9767C38.2326 15.2093 37.5349 18.4186 37.5349 22.6047L30.6977 21.2093H47.7209V39.907H27.3488ZM0 39.907V25.9535C0 19.2558 1.67442 13.5349 5.02326 8.79069C8.37209 4.04651 13.5814 1.11628 20.6512 0V8.65116C16.5581 9.2093 13.7674 10.6512 12.2791 12.9767C10.8837 15.2093 10.186 18.4186 10.186 22.6047L3.34884 21.2093H20.3721V39.907H0Z\" fill=\"#313130\"\/>\n                <\/svg>      \n                <p>Sharebox se ha convertido en una soluci\u00f3n completa que nos ayuda con la entrega y recogida de llaves 24\/7, incluyendo soluciones de pago. Esto nos da una visi\u00f3n completa de las entregas de llaves tambi\u00e9n dentro del horario de apertura. <\/p>\n                <cite>Kjetil Barli, Jefe de Servicio, Audi Volkswagen, Gromstad Auto, Noruega<\/cite>\n            <\/blockquote>\n        <\/div>\n\n        \n<\/div>\n\n<div style=\"height:100px\" aria-hidden=\"true\" class=\"wp-block-spacer\"><\/div>\n\r\n<div id=\"image-coloured-background-width-text-block--block_de87ae17b5756b42c16f6b41df5f3566\" \r\n     class=\"root-level-block image-coloured-background-width-text-block breathing-space\" \r\n     >\r\n\r\n    <div class=\"container relative\">\r\n                    <div class=\"sidequest-image\"><img decoding=\"async\" width=\"1024\" height=\"768\" src=\"https:\/\/sharebox.global\/wp-content\/uploads\/2022\/11\/Sharebox_S_Cab_thumbnail_addedBG.jpg\" class=\"attachment-large size-large\" alt=\"\" srcset=\"https:\/\/sharebox.global\/wp-content\/uploads\/2022\/11\/Sharebox_S_Cab_thumbnail_addedBG.jpg 1200w, https:\/\/sharebox.global\/wp-content\/uploads\/2022\/11\/Sharebox_S_Cab_thumbnail_addedBG-300x225.jpg 300w, https:\/\/sharebox.global\/wp-content\/uploads\/2022\/11\/Sharebox_S_Cab_thumbnail_addedBG-768x576.jpg 768w\" sizes=\"(max-width: 1024px) 100vw, 1024px\" \/><\/div>\r\n        \r\n                <div class=\"sidequest\">\r\n            <div class=\"sidequest-type\">\r\n                                    <h2>Dise\u00f1o elegante y minimalista<\/h2>\r\n                                \r\n\r\n                                            <p>Nuestros armarios no s\u00f3lo proporcionan una seguridad de primera categor\u00eda certificada por las compa\u00f1\u00edas de seguros y dise\u00f1ada a prueba de robos, sino que tambi\u00e9n tienen un aspecto elegante y estilizado que se puede personalizar para que se adapte perfectamente a tu marca.<\/p>                                    <\/div>\r\n            \r\n            \r\n                    <\/div>\r\n            <\/div>\r\n<\/div>\r\n\n<div id=\"features-1-3-column--block_e533e61a38258ea46f28f0c70e930ea5\" class=\"root-level-block features-1-3-column should-have-grey-background-color\">\n\n    \n    \n        <div class=\"container\">\n    \n            <h2 class=\"leading-title column-split-title text-center\">Software a medida para la industria del autom\u00f3vil<\/h2>\n\n            <div class=\"column-split-grid\">\n\n                \n                <div class=\"column-split column-third\">\n                    <span class=\"column-title\">Incluye<\/span>\n\n                    <ul class=\"column-list\"><li>10 usuarios por ubicaci\u00f3n<\/li>\n<li>Entrega de llaves<\/li>\n<li>Recogida de llaves<\/li>\n<li>Pago<\/li><\/ul>                <\/div>\n\n                <div class=\"column-split column-twothird\">\n\n                    <span class=\"column-title\">Caracter\u00edsticas adicionales<\/span>\n\n                    <ul class=\"column-count column-list\"><li>Infraestructura conectada en l\u00ednea<\/li>\n<li>Portal basado en la nube para gestionar los viajes de los clientes<\/li>\n<li>Armarios conectados en l\u00ednea <\/li>\n<li>Conexi\u00f3n de reserva GSM con tarjeta SIM.<\/li>\n<li>Pantallas t\u00e1ctiles para facilitar la interacci\u00f3n<\/li>\n<li>Configuraci\u00f3n personalizada para adaptarla a las necesidades de la empresa<\/li>\n<li>Integraciones API disponibles<\/li>\n<li>Formaci\u00f3n de usuarios en l\u00ednea<\/li>\n<li>Preguntas frecuentes y gu\u00edas de usuario en l\u00ednea<\/li>\n<li>Asistencia al usuario 24 horas al d\u00eda, 7 d\u00edas a la semana, por tel\u00e9fono, chat y correo electr\u00f3nico<\/li>\n<li>Asistencia en ingl\u00e9s, alem\u00e1n, franc\u00e9s, italiano, espa\u00f1ol y lenguas escandinavas<\/li><\/ul>\n                    <p class=\"column-additional\">Precio disponible previa solicitud.<\/p>\n\n                <\/div>\n                \n                                \n            <\/div>\n            \n                            <div class=\"solo-button\">\n                    <a class=\"wp-block-button__link btn-light\" href=\"\">C\u00f3mo funciona<\/a>\n                <\/div>\n            \n        <\/div>    \n\n    \n<\/div>\n<div class=\"root-level-block\">\n    <div class=\"container\">\n        <div id=\"image-above-title-block--block_0c843837ffd60d60115749496cdc6d08\" class=\"root-level-block image-above-title-block should-have-grey-background-color center-text-based\">\n            \n            \n            <div class=\"image-above-title-block-content\">\n                                    <h2>Dise\u00f1o personalizado y marca blanca<\/h2>\n                \n                                    <p>Todos los armarios se pueden personalizar con colores y etiquetas para adaptarlos a tu marca y dise\u00f1o.  <\/p>\n                \n                            <\/div>\n        <\/div>\n    <\/div>\n<\/div>\n<div class=\"root-level-block\">\n    <div class=\"container\">\n        <div id=\"image-above-title-block--block_b198e85ee4619701ea3abe0d65b0122a\" class=\"root-level-block image-above-title-block center-text-based\">\n            \n            \n            <div class=\"image-above-title-block-content\">\n                                    <h2>Experiencia de usuario fluida<\/h2>\n                \n                                    <p>Una interfaz de usuario sencilla e intuitiva tanto para el personal como para los clientes. Reserva una demostraci\u00f3n gratuita y te mostraremos lo f\u00e1cil que es. <\/p>\n                \n                            <\/div>\n        <\/div>\n    <\/div>\n<\/div>","protected":false},"excerpt":{"rendered":"","protected":false},"author":1,"featured_media":0,"parent":32391,"menu_order":0,"comment_status":"closed","ping_status":"closed","template":"","meta":{"_acf_changed":false,"content-type":"","inline_featured_image":false,"footnotes":""},"class_list":["post-44536","page","type-page","status-publish","hentry"],"acf":[],"yoast_head":"<!-- This site is optimized with the Yoast SEO plugin v27.5 - https:\/\/yoast.com\/product\/yoast-seo-wordpress\/ -->\n<title>Concesionarios de coches - Sharebox<\/title>\n<meta name=\"robots\" content=\"index, follow, max-snippet:-1, max-image-preview:large, max-video-preview:-1\" \/>\n<link rel=\"canonical\" href=\"https:\/\/sharebox.global\/es\/casos-practicos\/concesionarios-de-coches\/\" \/>\n<meta property=\"og:locale\" content=\"es_ES\" \/>\n<meta property=\"og:type\" content=\"article\" \/>\n<meta property=\"og:title\" content=\"Concesionarios de coches - Sharebox\" \/>\n<meta property=\"og:url\" content=\"https:\/\/sharebox.global\/es\/casos-practicos\/concesionarios-de-coches\/\" \/>\n<meta property=\"og:site_name\" content=\"Sharebox\" \/>\n<meta property=\"article:publisher\" content=\"https:\/\/www.facebook.com\/SHAREBOX.NO\/\" \/>\n<meta property=\"article:modified_time\" content=\"2025-04-10T07:19:05+00:00\" \/>\n<meta property=\"og:image\" content=\"https:\/\/sharebox.global\/wp-content\/uploads\/2025\/04\/Volkswagen-Nutzfahrzeuge-Service-Station-mit-Dach.png\" \/>\n\t<meta property=\"og:image:width\" content=\"1170\" \/>\n\t<meta property=\"og:image:height\" content=\"521\" \/>\n\t<meta property=\"og:image:type\" content=\"image\/png\" \/>\n<meta name=\"twitter:card\" content=\"summary_large_image\" \/>\n<script type=\"application\/ld+json\" class=\"yoast-schema-graph\">{\"@context\":\"https:\\\/\\\/schema.org\",\"@graph\":[{\"@type\":\"WebPage\",\"@id\":\"https:\\\/\\\/sharebox.global\\\/es\\\/casos-practicos\\\/concesionarios-de-coches\\\/\",\"url\":\"https:\\\/\\\/sharebox.global\\\/es\\\/casos-practicos\\\/concesionarios-de-coches\\\/\",\"name\":\"Concesionarios de coches - Sharebox\",\"isPartOf\":{\"@id\":\"https:\\\/\\\/sharebox.global\\\/es\\\/#website\"},\"datePublished\":\"2025-04-04T09:06:21+00:00\",\"dateModified\":\"2025-04-10T07:19:05+00:00\",\"breadcrumb\":{\"@id\":\"https:\\\/\\\/sharebox.global\\\/es\\\/casos-practicos\\\/concesionarios-de-coches\\\/#breadcrumb\"},\"inLanguage\":\"es\",\"potentialAction\":[{\"@type\":\"ReadAction\",\"target\":[\"https:\\\/\\\/sharebox.global\\\/es\\\/casos-practicos\\\/concesionarios-de-coches\\\/\"]}]},{\"@type\":\"BreadcrumbList\",\"@id\":\"https:\\\/\\\/sharebox.global\\\/es\\\/casos-practicos\\\/concesionarios-de-coches\\\/#breadcrumb\",\"itemListElement\":[{\"@type\":\"ListItem\",\"position\":1,\"name\":\"Home\",\"item\":\"https:\\\/\\\/sharebox.global\\\/es\\\/\"},{\"@type\":\"ListItem\",\"position\":2,\"name\":\"Casos pr\u00e1cticos\",\"item\":\"https:\\\/\\\/sharebox.global\\\/es\\\/casos-practicos\\\/\"},{\"@type\":\"ListItem\",\"position\":3,\"name\":\"Concesionarios de coches\"}]},{\"@type\":\"WebSite\",\"@id\":\"https:\\\/\\\/sharebox.global\\\/es\\\/#website\",\"url\":\"https:\\\/\\\/sharebox.global\\\/es\\\/\",\"name\":\"Sharebox\",\"description\":\"Infrastructure for 24\\\/7 vehicle handover\",\"publisher\":{\"@id\":\"https:\\\/\\\/sharebox.global\\\/es\\\/#organization\"},\"potentialAction\":[{\"@type\":\"SearchAction\",\"target\":{\"@type\":\"EntryPoint\",\"urlTemplate\":\"https:\\\/\\\/sharebox.global\\\/es\\\/?s={search_term_string}\"},\"query-input\":{\"@type\":\"PropertyValueSpecification\",\"valueRequired\":true,\"valueName\":\"search_term_string\"}}],\"inLanguage\":\"es\"},{\"@type\":\"Organization\",\"@id\":\"https:\\\/\\\/sharebox.global\\\/es\\\/#organization\",\"name\":\"Sharebox\",\"url\":\"https:\\\/\\\/sharebox.global\\\/es\\\/\",\"logo\":{\"@type\":\"ImageObject\",\"inLanguage\":\"es\",\"@id\":\"https:\\\/\\\/sharebox.global\\\/es\\\/#\\\/schema\\\/logo\\\/image\\\/\",\"url\":\"https:\\\/\\\/sharebox.global\\\/wp-content\\\/uploads\\\/2024\\\/04\\\/Sharebox-logo-red-on-white-500px.png\",\"contentUrl\":\"https:\\\/\\\/sharebox.global\\\/wp-content\\\/uploads\\\/2024\\\/04\\\/Sharebox-logo-red-on-white-500px.png\",\"width\":450,\"height\":63,\"caption\":\"Sharebox\"},\"image\":{\"@id\":\"https:\\\/\\\/sharebox.global\\\/es\\\/#\\\/schema\\\/logo\\\/image\\\/\"},\"sameAs\":[\"https:\\\/\\\/www.facebook.com\\\/SHAREBOX.NO\\\/\",\"https:\\\/\\\/www.linkedin.com\\\/company\\\/sharebox-as\\\/\",\"https:\\\/\\\/www.youtube.com\\\/channel\\\/UCGwoGdfNeD59c2s4qhf0gLQ\"]}]}<\/script>\n<!-- \/ Yoast SEO plugin. -->","yoast_head_json":{"title":"Concesionarios de coches - Sharebox","robots":{"index":"index","follow":"follow","max-snippet":"max-snippet:-1","max-image-preview":"max-image-preview:large","max-video-preview":"max-video-preview:-1"},"canonical":"https:\/\/sharebox.global\/es\/casos-practicos\/concesionarios-de-coches\/","og_locale":"es_ES","og_type":"article","og_title":"Concesionarios de coches - Sharebox","og_url":"https:\/\/sharebox.global\/es\/casos-practicos\/concesionarios-de-coches\/","og_site_name":"Sharebox","article_publisher":"https:\/\/www.facebook.com\/SHAREBOX.NO\/","article_modified_time":"2025-04-10T07:19:05+00:00","og_image":[{"width":1170,"height":521,"url":"https:\/\/sharebox.global\/wp-content\/uploads\/2025\/04\/Volkswagen-Nutzfahrzeuge-Service-Station-mit-Dach.png","type":"image\/png"}],"twitter_card":"summary_large_image","schema":{"@context":"https:\/\/schema.org","@graph":[{"@type":"WebPage","@id":"https:\/\/sharebox.global\/es\/casos-practicos\/concesionarios-de-coches\/","url":"https:\/\/sharebox.global\/es\/casos-practicos\/concesionarios-de-coches\/","name":"Concesionarios de coches - Sharebox","isPartOf":{"@id":"https:\/\/sharebox.global\/es\/#website"},"datePublished":"2025-04-04T09:06:21+00:00","dateModified":"2025-04-10T07:19:05+00:00","breadcrumb":{"@id":"https:\/\/sharebox.global\/es\/casos-practicos\/concesionarios-de-coches\/#breadcrumb"},"inLanguage":"es","potentialAction":[{"@type":"ReadAction","target":["https:\/\/sharebox.global\/es\/casos-practicos\/concesionarios-de-coches\/"]}]},{"@type":"BreadcrumbList","@id":"https:\/\/sharebox.global\/es\/casos-practicos\/concesionarios-de-coches\/#breadcrumb","itemListElement":[{"@type":"ListItem","position":1,"name":"Home","item":"https:\/\/sharebox.global\/es\/"},{"@type":"ListItem","position":2,"name":"Casos pr\u00e1cticos","item":"https:\/\/sharebox.global\/es\/casos-practicos\/"},{"@type":"ListItem","position":3,"name":"Concesionarios de coches"}]},{"@type":"WebSite","@id":"https:\/\/sharebox.global\/es\/#website","url":"https:\/\/sharebox.global\/es\/","name":"Sharebox","description":"Infrastructure for 24\/7 vehicle handover","publisher":{"@id":"https:\/\/sharebox.global\/es\/#organization"},"potentialAction":[{"@type":"SearchAction","target":{"@type":"EntryPoint","urlTemplate":"https:\/\/sharebox.global\/es\/?s={search_term_string}"},"query-input":{"@type":"PropertyValueSpecification","valueRequired":true,"valueName":"search_term_string"}}],"inLanguage":"es"},{"@type":"Organization","@id":"https:\/\/sharebox.global\/es\/#organization","name":"Sharebox","url":"https:\/\/sharebox.global\/es\/","logo":{"@type":"ImageObject","inLanguage":"es","@id":"https:\/\/sharebox.global\/es\/#\/schema\/logo\/image\/","url":"https:\/\/sharebox.global\/wp-content\/uploads\/2024\/04\/Sharebox-logo-red-on-white-500px.png","contentUrl":"https:\/\/sharebox.global\/wp-content\/uploads\/2024\/04\/Sharebox-logo-red-on-white-500px.png","width":450,"height":63,"caption":"Sharebox"},"image":{"@id":"https:\/\/sharebox.global\/es\/#\/schema\/logo\/image\/"},"sameAs":["https:\/\/www.facebook.com\/SHAREBOX.NO\/","https:\/\/www.linkedin.com\/company\/sharebox-as\/","https:\/\/www.youtube.com\/channel\/UCGwoGdfNeD59c2s4qhf0gLQ"]}]}},"_links":{"self":[{"href":"https:\/\/sharebox.global\/es\/wp-json\/wp\/v2\/pages\/44536","targetHints":{"allow":["GET"]}}],"collection":[{"href":"https:\/\/sharebox.global\/es\/wp-json\/wp\/v2\/pages"}],"about":[{"href":"https:\/\/sharebox.global\/es\/wp-json\/wp\/v2\/types\/page"}],"author":[{"embeddable":true,"href":"https:\/\/sharebox.global\/es\/wp-json\/wp\/v2\/users\/1"}],"replies":[{"embeddable":true,"href":"https:\/\/sharebox.global\/es\/wp-json\/wp\/v2\/comments?post=44536"}],"version-history":[{"count":1,"href":"https:\/\/sharebox.global\/es\/wp-json\/wp\/v2\/pages\/44536\/revisions"}],"predecessor-version":[{"id":44544,"href":"https:\/\/sharebox.global\/es\/wp-json\/wp\/v2\/pages\/44536\/revisions\/44544"}],"up":[{"embeddable":true,"href":"https:\/\/sharebox.global\/es\/wp-json\/wp\/v2\/pages\/32391"}],"wp:attachment":[{"href":"https:\/\/sharebox.global\/es\/wp-json\/wp\/v2\/media?parent=44536"}],"curies":[{"name":"wp","href":"https:\/\/api.w.org\/{rel}","templated":true}]}}