{"id":44561,"date":"2025-04-04T09:06:21","date_gmt":"2025-04-04T09:06:21","guid":{"rendered":"https:\/\/sharebox.global\/atencion-al-cliente\/"},"modified":"2025-04-10T07:19:09","modified_gmt":"2025-04-10T07:19:09","slug":"atencion-al-cliente","status":"publish","type":"page","link":"https:\/\/sharebox.global\/es\/atencion-al-cliente\/","title":{"rendered":"Atenci\u00f3n al cliente"},"content":{"rendered":"\n<h2 class=\"wp-block-heading has-text-align-center\">Gu\u00eda de inicio<\/h2>\n\n<p class=\"has-text-align-center\"><strong><em>\u00a1Bienvenido a Sharebox! \u00bfListo para agilizar tus operaciones? Empieza por configurar tu quiosco de autoservicio con nuestra gu\u00eda de instalaci\u00f3n f\u00e1cil de seguir. Descarga tu manual de usuario y mira nuestro tutorial en v\u00eddeo para ponerte en marcha en un abrir y cerrar de ojos   <\/em>.<\/strong><\/p>\n\n<p class=\"has-text-align-center\"><strong>Introducci\u00f3n a los Kioscos Sharebox<\/strong>: Una breve visi\u00f3n general de los <a href=\"https:\/\/sharebox.global\/secure-key-cabinets\/https:\/\/sharebox.global\/secure-key-cabinets\/\" target=\"_blank\" rel=\"noreferrer noopener\">quioscos de autoservicio Sharebox<\/a>, sus caracter\u00edsticas y c\u00f3mo pueden utilizarse en diversos contextos automovil\u00edsticos.<\/p>\n\n<p class=\"has-text-align-center\"><strong>Encuesta sobre el emplazamiento y configuraci\u00f3n Instrucciones<\/strong>: Gu\u00edas paso a paso sobre la <a href=\"https:\/\/sharebox.global\/site-surveys\/\" target=\"_blank\" rel=\"noreferrer noopener\">inspecci\u00f3n del sitio<\/a> y la configuraci\u00f3n de un quiosco Sharebox, incluyendo <a href=\"https:\/\/sharebox.global\/site-installation\/\" target=\"_blank\" rel=\"noreferrer noopener\">manuales de instalaci\u00f3n<\/a>, consejos de configuraci\u00f3n y pasos comunes para la resoluci\u00f3n de problemas.<\/p>\n\n<p class=\"has-text-align-center\"><strong>Manuales de usuario<\/strong>: Manuales en PDF descargables para diferentes modelos de Sharebox, que proporcionan instrucciones detalladas sobre el uso, los ajustes y el mantenimiento.<\/p>\n\n<h2 class=\"wp-block-heading has-text-align-center\">Secci\u00f3n FAQ<\/h2>\n\n<p class=\"has-text-align-center\"><strong><em>\u00bfTienes preguntas? \u00a1Tenemos respuestas! Desde c\u00f3mo reiniciar tu quiosco hasta c\u00f3mo entender tu plan de suscripci\u00f3n, nuestra secci\u00f3n de Preguntas Frecuentes lo cubre todo. S\u00f3lo tienes que buscar tu pregunta o navegar por nuestras categor\u00edas   <\/em>.<\/strong><\/p>\n\n<p class=\"has-text-align-center\"><strong>Preguntas frecuentes<\/strong>: Una lista de las <a href=\"https:\/\/blog.sharebox.global\/frequently-asked-questions-faq\" target=\"_blank\" rel=\"noreferrer noopener\">preguntas m\u00e1s frecuentes<\/a>, clasificadas por temas (por ejemplo, configuraci\u00f3n, funcionamiento, soluci\u00f3n de problemas, facturaci\u00f3n).<\/p>\n\n<p class=\"has-text-align-center\"><strong>Base de datos con funci\u00f3n de b\u00fasqueda<\/strong>: Una funci\u00f3n de b\u00fasqueda que permite a los usuarios encontrar r\u00e1pidamente respuestas a preguntas concretas.<\/p>\n\n<h2 class=\"wp-block-heading has-text-align-center\">Gu\u00edas de soluci\u00f3n de problemas<\/h2>\n\n<p class=\"has-text-align-center\"><strong><em>\u00bfTienes problemas? No te preocupes, estamos aqu\u00ed para ayudarte. Explora nuestras gu\u00edas de soluci\u00f3n de problemas para resolver r\u00e1pidamente los problemas m\u00e1s comunes con tu quiosco Sharebox. Tanto si se trata de un problema de conectividad como de un fallo de software, tenemos la soluci\u00f3n   <\/em>.<\/strong><\/p>\n\n<p><strong>Problemas comunes y soluciones<\/strong>: Una gu\u00eda detallada para resolver problemas t\u00e9cnicos comunes, como problemas de conectividad, errores en el procesamiento de pagos o actualizaciones de software.<\/p>\n\n<p><strong>Soluci\u00f3n de problemas paso a paso<\/strong>: Gu\u00edas interactivas o \u00e1rboles de decisi\u00f3n que ayudan a los usuarios a diagnosticar y solucionar problemas por s\u00ed mismos.<\/p>\n\n<h2 class=\"wp-block-heading has-text-align-center\">Contactar con asistencia<\/h2>\n\n<p><strong><em>\u00bfNecesitas ayuda? Nuestro equipo de asistencia est\u00e1 a un clic de distancia. Env\u00eda un ticket, chatea con nosotros en directo o ll\u00e1manos. Estamos aqu\u00ed 24 horas al d\u00eda, 7 d\u00edas a la semana, para garantizar que tus operaciones funcionen sin problemas.   <\/em>.<\/strong><\/p>\n\n<p class=\"has-text-align-center\"><strong>Sistema de tickets de soporte<\/strong>: Un formulario f\u00e1cil de usar para enviar tickets de soporte, con campos para detalles como el tipo de problema, la urgencia y el m\u00e9todo de contacto preferido.<\/p>\n\n<p><strong>Chat en directo<\/strong>: Una funci\u00f3n de chat en tiempo real en la que los clientes pueden conectar con un agente de asistencia para obtener ayuda inmediata.<\/p>\n\n<p class=\"has-text-align-center\"><strong>Asistencia telef\u00f3nica y por correo electr\u00f3nico<\/strong>: Datos de contacto para <a href=\"https:\/\/sharebox.global\/support\/\" target=\"_blank\" rel=\"noreferrer noopener\">contactar con el equipo de asistencia<\/a> por tel\u00e9fono en el +47 4043 444 o por correo electr\u00f3nico en support@sharebox.no, con informaci\u00f3n sobre disponibilidad y tiempos de respuesta.<\/p>\n\n<h2 class=\"wp-block-heading has-text-align-center\">Formaci\u00f3n y recursos<\/h2>\n\n<p class=\"has-text-align-center\"><em><strong>\u00bfQuieres dominar tu quiosco Sharebox? Explora nuestros recursos de formaci\u00f3n, incluidos tutoriales en v\u00eddeo y seminarios web en directo, para convertirte en un profesional. Sum\u00e9rgete en nuestra base de conocimientos para obtener consejos de expertos y las mejores pr\u00e1cticas.  <\/strong><\/em><\/p>\n\n<p class=\"has-text-align-center\"><strong>Videotutoriales<\/strong>: Una biblioteca de <a href=\"https:\/\/sharebox.global\/site-training\/\" target=\"_blank\" rel=\"noreferrer noopener\">videotutoriales<\/a> que cubren varios aspectos del uso de los quioscos Sharebox, desde operaciones b\u00e1sicas hasta funciones avanzadas.<\/p>\n\n<p class=\"has-text-align-center\"><strong>Seminarios web y talleres<\/strong>: Informaci\u00f3n sobre pr\u00f3ximos seminarios web o talleres en directo en los que los usuarios pueden aprender m\u00e1s sobre el producto y hacer preguntas en tiempo real.<\/p>\n\n<p class=\"has-text-align-center\"><strong>Base de conocimientos<\/strong>: Una completa <a href=\"https:\/\/knowledge.sharebox.global\/\" target=\"_blank\" rel=\"noreferrer noopener\">biblioteca de art\u00edculos, libros blancos y gu\u00edas<\/a> que proporcionan conocimientos profundos sobre el uso y la optimizaci\u00f3n de las soluciones Sharebox.<\/p>\n\n<h2 class=\"wp-block-heading has-text-align-center\">Historias de \u00e9xito de clientes<\/h2>\n\n<p class=\"has-text-align-center\"><strong><em>Descubre c\u00f3mo empresas como la tuya est\u00e1n revolucionando sus operaciones con Sharebox. Lee las historias de \u00e9xito de nuestros clientes y descubre c\u00f3mo nuestros quioscos est\u00e1n marcando la diferencia <\/em>.<\/strong><\/p>\n\n<p class=\"has-text-align-center\"><strong>Casos pr\u00e1cticos<\/strong>: Casos pr\u00e1cticos detallados que muestran c\u00f3mo otras empresas han <a href=\"https:\/\/sharebox.global\/success-stories\/\" target=\"_blank\" rel=\"noreferrer noopener\">implantado con \u00e9xito los quioscos Sharebox<\/a> y los beneficios que han experimentado.<\/p>\n\n<p class=\"has-text-align-center\"><strong>Testimonios<\/strong>: Testimonios de clientes que destacan sus experiencias con la asistencia de Sharebox y la eficacia del producto.<\/p>\n\n<h2 class=\"wp-block-heading has-text-align-center\">Servicio y mantenimiento<\/h2>\n\n<p class=\"has-text-align-center\"><em><strong>Mant\u00e9n tu quiosco Sharebox funcionando sin problemas con nuestros planes de mantenimiento. Programa una solicitud de servicio en l\u00ednea, y nuestro equipo se asegurar\u00e1 de que todo est\u00e9 en las mejores condiciones. <\/strong><\/em><\/p>\n\n<p class=\"has-text-align-center\"><strong>Planes de mantenimiento<\/strong>: Informaci\u00f3n sobre los planes de mantenimiento disponibles, incluyendo lo que cubren y c\u00f3mo contratarlos.<\/p>\n\n<p class=\"has-text-align-center\"><strong>Solicitudes de servicio<\/strong>: Un formulario para programar el mantenimiento o solicitar reparaciones, con opciones para seleccionar el tipo de servicio necesario y las horas de programaci\u00f3n preferidas.<\/p>\n\n<h2 class=\"wp-block-heading has-text-align-center\">Actualizaciones de productos y anuncios de lanzamientos de software<\/h2>\n\n<p class=\"has-text-align-center\"><strong><em>\u00a1Mantente al d\u00eda con lo \u00faltimo de Sharebox! Echa un vistazo a nuestras recientes actualizaciones de software y explora las nuevas funciones que hacen que nuestros quioscos sean a\u00fan m\u00e1s potentes <\/em>.<\/strong><\/p>\n\n<p class=\"has-text-align-center\"><strong>Actualizaciones de software<\/strong>: Informaci\u00f3n sobre las \u00faltimas actualizaciones de software, incluyendo las novedades, c\u00f3mo instalar las actualizaciones y cualquier problema conocido.<\/p>\n\n<p class=\"has-text-align-center\"><strong>Nuevas funciones<\/strong>: Anuncios sobre nuevas funciones o productos que mejoran la experiencia de Sharebox.<\/p>\n\n<h2 class=\"wp-block-heading has-text-align-center\">Cumplimiento y seguridad<\/h2>\n\n<p class=\"has-text-align-center\"><strong><em>Tu seguridad es nuestra prioridad. M\u00e1s informaci\u00f3n sobre nuestras s\u00f3lidas medidas de seguridad y normas de cumplimiento que mantienen tus datos a salvo con Sharebox <\/em>.<\/strong><\/p>\n\n<p class=\"has-text-align-center\"><strong>Pol\u00edticas de seguridad<\/strong>: Informaci\u00f3n detallada sobre las medidas de seguridad establecidas para proteger los datos de los clientes y garantizar el funcionamiento seguro de los quioscos Sharebox.<\/p>\n\n<p class=\"has-text-align-center\"><strong>Informaci\u00f3n sobre cumplimiento<\/strong>: Informaci\u00f3n sobre c\u00f3mo las soluciones de Sharebox cumplen las normativas del sector, como el GDPR, y otras normas relevantes.<\/p>\n\n<p class=\"has-text-align-center\"><em>Estas secciones te proporcionan toda la informaci\u00f3n y herramientas que necesitas para utilizar eficazmente los quioscos Sharebox, a la vez que te ofrecen soporte cuando lo necesites. Al organizar el contenido de esta forma, siempre tienes acceso a una secci\u00f3n de asistencia f\u00e1cil de usar e informativa que aumenta tu satisfacci\u00f3n. <\/em><\/p>\n","protected":false},"excerpt":{"rendered":"<p>Gu\u00eda de inicio \u00a1Bienvenido a Sharebox! \u00bfListo para agilizar tus operaciones? Empieza por configurar tu quiosco de autoservicio con nuestra gu\u00eda de instalaci\u00f3n f\u00e1cil de<\/p>\n","protected":false},"author":1,"featured_media":0,"parent":0,"menu_order":0,"comment_status":"closed","ping_status":"closed","template":"","meta":{"_acf_changed":false,"content-type":"","inline_featured_image":false,"footnotes":""},"class_list":["post-44561","page","type-page","status-publish","hentry"],"acf":[],"yoast_head":"<!-- This site is optimized with the Yoast SEO plugin v27.4 - https:\/\/yoast.com\/product\/yoast-seo-wordpress\/ -->\n<title>Atenci\u00f3n al cliente - Sharebox<\/title>\n<meta name=\"robots\" content=\"index, follow, max-snippet:-1, max-image-preview:large, max-video-preview:-1\" \/>\n<link rel=\"canonical\" href=\"https:\/\/sharebox.global\/es\/atencion-al-cliente\/\" \/>\n<meta property=\"og:locale\" content=\"es_ES\" \/>\n<meta property=\"og:type\" content=\"article\" \/>\n<meta property=\"og:title\" content=\"Atenci\u00f3n al cliente - Sharebox\" \/>\n<meta property=\"og:description\" content=\"Gu\u00eda de inicio \u00a1Bienvenido a Sharebox! \u00bfListo para agilizar tus operaciones? Empieza por configurar tu quiosco de autoservicio con nuestra gu\u00eda de instalaci\u00f3n f\u00e1cil de\" \/>\n<meta property=\"og:url\" content=\"https:\/\/sharebox.global\/es\/atencion-al-cliente\/\" \/>\n<meta property=\"og:site_name\" content=\"Sharebox\" \/>\n<meta property=\"article:publisher\" content=\"https:\/\/www.facebook.com\/SHAREBOX.NO\/\" \/>\n<meta property=\"article:modified_time\" content=\"2025-04-10T07:19:09+00:00\" \/>\n<meta property=\"og:image\" content=\"https:\/\/sharebox.global\/wp-content\/uploads\/2025\/04\/Volkswagen-Nutzfahrzeuge-Service-Station-mit-Dach.png\" \/>\n\t<meta property=\"og:image:width\" content=\"1170\" \/>\n\t<meta property=\"og:image:height\" content=\"521\" \/>\n\t<meta property=\"og:image:type\" content=\"image\/png\" \/>\n<meta name=\"twitter:card\" content=\"summary_large_image\" \/>\n<meta name=\"twitter:label1\" content=\"Tiempo de lectura\" \/>\n\t<meta name=\"twitter:data1\" content=\"5 minuto\" \/>\n<script type=\"application\/ld+json\" class=\"yoast-schema-graph\">{\"@context\":\"https:\\\/\\\/schema.org\",\"@graph\":[{\"@type\":\"WebPage\",\"@id\":\"https:\\\/\\\/sharebox.global\\\/es\\\/atencion-al-cliente\\\/\",\"url\":\"https:\\\/\\\/sharebox.global\\\/es\\\/atencion-al-cliente\\\/\",\"name\":\"Atenci\u00f3n al cliente - Sharebox\",\"isPartOf\":{\"@id\":\"https:\\\/\\\/sharebox.global\\\/es\\\/#website\"},\"datePublished\":\"2025-04-04T09:06:21+00:00\",\"dateModified\":\"2025-04-10T07:19:09+00:00\",\"breadcrumb\":{\"@id\":\"https:\\\/\\\/sharebox.global\\\/es\\\/atencion-al-cliente\\\/#breadcrumb\"},\"inLanguage\":\"es\",\"potentialAction\":[{\"@type\":\"ReadAction\",\"target\":[\"https:\\\/\\\/sharebox.global\\\/es\\\/atencion-al-cliente\\\/\"]}]},{\"@type\":\"BreadcrumbList\",\"@id\":\"https:\\\/\\\/sharebox.global\\\/es\\\/atencion-al-cliente\\\/#breadcrumb\",\"itemListElement\":[{\"@type\":\"ListItem\",\"position\":1,\"name\":\"Home\",\"item\":\"https:\\\/\\\/sharebox.global\\\/es\\\/\"},{\"@type\":\"ListItem\",\"position\":2,\"name\":\"Atenci\u00f3n al cliente\"}]},{\"@type\":\"WebSite\",\"@id\":\"https:\\\/\\\/sharebox.global\\\/es\\\/#website\",\"url\":\"https:\\\/\\\/sharebox.global\\\/es\\\/\",\"name\":\"Sharebox\",\"description\":\"Infrastructure for 24\\\/7 vehicle handover\",\"publisher\":{\"@id\":\"https:\\\/\\\/sharebox.global\\\/es\\\/#organization\"},\"potentialAction\":[{\"@type\":\"SearchAction\",\"target\":{\"@type\":\"EntryPoint\",\"urlTemplate\":\"https:\\\/\\\/sharebox.global\\\/es\\\/?s={search_term_string}\"},\"query-input\":{\"@type\":\"PropertyValueSpecification\",\"valueRequired\":true,\"valueName\":\"search_term_string\"}}],\"inLanguage\":\"es\"},{\"@type\":\"Organization\",\"@id\":\"https:\\\/\\\/sharebox.global\\\/es\\\/#organization\",\"name\":\"Sharebox\",\"url\":\"https:\\\/\\\/sharebox.global\\\/es\\\/\",\"logo\":{\"@type\":\"ImageObject\",\"inLanguage\":\"es\",\"@id\":\"https:\\\/\\\/sharebox.global\\\/es\\\/#\\\/schema\\\/logo\\\/image\\\/\",\"url\":\"https:\\\/\\\/sharebox.global\\\/wp-content\\\/uploads\\\/2024\\\/04\\\/Sharebox-logo-red-on-white-500px.png\",\"contentUrl\":\"https:\\\/\\\/sharebox.global\\\/wp-content\\\/uploads\\\/2024\\\/04\\\/Sharebox-logo-red-on-white-500px.png\",\"width\":450,\"height\":63,\"caption\":\"Sharebox\"},\"image\":{\"@id\":\"https:\\\/\\\/sharebox.global\\\/es\\\/#\\\/schema\\\/logo\\\/image\\\/\"},\"sameAs\":[\"https:\\\/\\\/www.facebook.com\\\/SHAREBOX.NO\\\/\",\"https:\\\/\\\/www.linkedin.com\\\/company\\\/sharebox-as\\\/\",\"https:\\\/\\\/www.youtube.com\\\/channel\\\/UCGwoGdfNeD59c2s4qhf0gLQ\"]}]}<\/script>\n<!-- \/ Yoast SEO plugin. -->","yoast_head_json":{"title":"Atenci\u00f3n al cliente - Sharebox","robots":{"index":"index","follow":"follow","max-snippet":"max-snippet:-1","max-image-preview":"max-image-preview:large","max-video-preview":"max-video-preview:-1"},"canonical":"https:\/\/sharebox.global\/es\/atencion-al-cliente\/","og_locale":"es_ES","og_type":"article","og_title":"Atenci\u00f3n al cliente - Sharebox","og_description":"Gu\u00eda de inicio \u00a1Bienvenido a Sharebox! \u00bfListo para agilizar tus operaciones? Empieza por configurar tu quiosco de autoservicio con nuestra gu\u00eda de instalaci\u00f3n f\u00e1cil de","og_url":"https:\/\/sharebox.global\/es\/atencion-al-cliente\/","og_site_name":"Sharebox","article_publisher":"https:\/\/www.facebook.com\/SHAREBOX.NO\/","article_modified_time":"2025-04-10T07:19:09+00:00","og_image":[{"width":1170,"height":521,"url":"https:\/\/sharebox.global\/wp-content\/uploads\/2025\/04\/Volkswagen-Nutzfahrzeuge-Service-Station-mit-Dach.png","type":"image\/png"}],"twitter_card":"summary_large_image","twitter_misc":{"Tiempo de lectura":"5 minuto"},"schema":{"@context":"https:\/\/schema.org","@graph":[{"@type":"WebPage","@id":"https:\/\/sharebox.global\/es\/atencion-al-cliente\/","url":"https:\/\/sharebox.global\/es\/atencion-al-cliente\/","name":"Atenci\u00f3n al cliente - Sharebox","isPartOf":{"@id":"https:\/\/sharebox.global\/es\/#website"},"datePublished":"2025-04-04T09:06:21+00:00","dateModified":"2025-04-10T07:19:09+00:00","breadcrumb":{"@id":"https:\/\/sharebox.global\/es\/atencion-al-cliente\/#breadcrumb"},"inLanguage":"es","potentialAction":[{"@type":"ReadAction","target":["https:\/\/sharebox.global\/es\/atencion-al-cliente\/"]}]},{"@type":"BreadcrumbList","@id":"https:\/\/sharebox.global\/es\/atencion-al-cliente\/#breadcrumb","itemListElement":[{"@type":"ListItem","position":1,"name":"Home","item":"https:\/\/sharebox.global\/es\/"},{"@type":"ListItem","position":2,"name":"Atenci\u00f3n al cliente"}]},{"@type":"WebSite","@id":"https:\/\/sharebox.global\/es\/#website","url":"https:\/\/sharebox.global\/es\/","name":"Sharebox","description":"Infrastructure for 24\/7 vehicle handover","publisher":{"@id":"https:\/\/sharebox.global\/es\/#organization"},"potentialAction":[{"@type":"SearchAction","target":{"@type":"EntryPoint","urlTemplate":"https:\/\/sharebox.global\/es\/?s={search_term_string}"},"query-input":{"@type":"PropertyValueSpecification","valueRequired":true,"valueName":"search_term_string"}}],"inLanguage":"es"},{"@type":"Organization","@id":"https:\/\/sharebox.global\/es\/#organization","name":"Sharebox","url":"https:\/\/sharebox.global\/es\/","logo":{"@type":"ImageObject","inLanguage":"es","@id":"https:\/\/sharebox.global\/es\/#\/schema\/logo\/image\/","url":"https:\/\/sharebox.global\/wp-content\/uploads\/2024\/04\/Sharebox-logo-red-on-white-500px.png","contentUrl":"https:\/\/sharebox.global\/wp-content\/uploads\/2024\/04\/Sharebox-logo-red-on-white-500px.png","width":450,"height":63,"caption":"Sharebox"},"image":{"@id":"https:\/\/sharebox.global\/es\/#\/schema\/logo\/image\/"},"sameAs":["https:\/\/www.facebook.com\/SHAREBOX.NO\/","https:\/\/www.linkedin.com\/company\/sharebox-as\/","https:\/\/www.youtube.com\/channel\/UCGwoGdfNeD59c2s4qhf0gLQ"]}]}},"_links":{"self":[{"href":"https:\/\/sharebox.global\/es\/wp-json\/wp\/v2\/pages\/44561","targetHints":{"allow":["GET"]}}],"collection":[{"href":"https:\/\/sharebox.global\/es\/wp-json\/wp\/v2\/pages"}],"about":[{"href":"https:\/\/sharebox.global\/es\/wp-json\/wp\/v2\/types\/page"}],"author":[{"embeddable":true,"href":"https:\/\/sharebox.global\/es\/wp-json\/wp\/v2\/users\/1"}],"replies":[{"embeddable":true,"href":"https:\/\/sharebox.global\/es\/wp-json\/wp\/v2\/comments?post=44561"}],"version-history":[{"count":1,"href":"https:\/\/sharebox.global\/es\/wp-json\/wp\/v2\/pages\/44561\/revisions"}],"predecessor-version":[{"id":44566,"href":"https:\/\/sharebox.global\/es\/wp-json\/wp\/v2\/pages\/44561\/revisions\/44566"}],"wp:attachment":[{"href":"https:\/\/sharebox.global\/es\/wp-json\/wp\/v2\/media?parent=44561"}],"curies":[{"name":"wp","href":"https:\/\/api.w.org\/{rel}","templated":true}]}}