{"id":44569,"date":"2025-04-04T09:06:21","date_gmt":"2025-04-04T09:06:21","guid":{"rendered":"https:\/\/sharebox.global\/ponte-en-contacto-con\/"},"modified":"2026-03-03T11:57:36","modified_gmt":"2026-03-03T11:57:36","slug":"ponte-en-contacto-con","status":"publish","type":"page","link":"https:\/\/sharebox.global\/es\/ponte-en-contacto-con\/","title":{"rendered":"Contacta con nuestro equipo de ventas"},"content":{"rendered":"\n<div style=\"height:100px\" aria-hidden=\"true\" class=\"wp-block-spacer\"><\/div>\n\n<div id=\"title-block--block_2e80dec755090082ae2f47f22d19a235\" class=\"root-level-block title-block center-text-based\">\n\n    \n<!-- Whitespace to be determined -->\n    <div class=\"container\" style=\"padding-top: var(--spacing-m);\">\n        <h1>Planifica tu paso a operaciones desatendidas 24\/7<\/h1>        <p>Habla con un especialista de Sharebox sobre c\u00f3mo los grupos de distribuidores y las redes de alquiler aumentan la capacidad, reducen la presi\u00f3n sobre el personal y estandarizan los traspasos entre ubicaciones.<\/p>            <\/div>\n\n<\/div>\n\n<div class=\"wp-block-columns is-layout-flex wp-container-core-columns-is-layout-9d6595d7 wp-block-columns-is-layout-flex\">\n<div class=\"wp-block-column is-content-justification-center is-layout-constrained wp-container-core-column-is-layout-ee248e3d wp-block-column-is-layout-constrained\">\n<h2 class=\"wp-block-heading has-text-align-center\"><strong>Qu\u00e9 obtendr\u00e1s<\/strong><\/h2>\n\n\n\n<ul class=\"wp-block-list\">\n<li>Una breve consulta operativa<\/li>\n\n\n\n<li>Recomendaciones basadas en tu volumen y ubicaciones<\/li>\n\n\n\n<li>Un recorrido opcional en directo<\/li>\n\n\n\n<li>Pr\u00f3ximos pasos claros &#8211; sin compromiso<\/li>\n<\/ul>\n<\/div>\n<\/div>\n\n<div style=\"height:100px\" aria-hidden=\"true\" class=\"wp-block-spacer\"><\/div>\n\n<div class=\"wp-block-columns has-beige-background-color has-background is-layout-flex wp-container-core-columns-is-layout-9d6595d7 wp-block-columns-is-layout-flex\">\n<div class=\"wp-block-column is-content-justification-center is-layout-constrained wp-container-core-column-is-layout-7952d241 wp-block-column-is-layout-constrained\">\n<div style=\"height:32px\" aria-hidden=\"true\" class=\"wp-block-spacer\"><\/div>\n\n\n\n<script charset=\"utf-8\" type=\"text\/javascript\" src=\"\/\/js-eu1.hsforms.net\/forms\/embed\/v2.js\"><\/script>\n<script>\n  hbspt.forms.create({\n    portalId: \"145543298\",\n    formId: \"455e6e67-fc3d-4ec0-8db0-7e2d0d509a73\",\n    region: \"eu1\"\n  });\n<\/script>\n<\/div>\n<\/div>\n","protected":false},"excerpt":{"rendered":"<p>Qu\u00e9 obtendr\u00e1s<\/p>\n","protected":false},"author":1,"featured_media":0,"parent":0,"menu_order":0,"comment_status":"closed","ping_status":"closed","template":"","meta":{"_acf_changed":false,"content-type":"","inline_featured_image":false,"footnotes":""},"class_list":["post-44569","page","type-page","status-publish","hentry"],"acf":[],"yoast_head":"<!-- This site is optimized with the Yoast SEO plugin v27.4 - https:\/\/yoast.com\/product\/yoast-seo-wordpress\/ -->\n<title>Contacta con nuestro equipo de ventas - Sharebox<\/title>\n<meta name=\"description\" content=\"Ac\u00e9rcate y descubre c\u00f3mo Sharebox puede agilizar tus operaciones y mejorar la satisfacci\u00f3n del cliente.\" \/>\n<meta name=\"robots\" content=\"index, follow, max-snippet:-1, max-image-preview:large, max-video-preview:-1\" \/>\n<link rel=\"canonical\" href=\"https:\/\/sharebox.global\/es\/ponte-en-contacto-con\/\" \/>\n<meta property=\"og:locale\" content=\"es_ES\" \/>\n<meta property=\"og:type\" content=\"article\" \/>\n<meta property=\"og:title\" content=\"Contacta con nuestro equipo de ventas\" \/>\n<meta property=\"og:description\" content=\"Ac\u00e9rcate y descubre c\u00f3mo Sharebox puede agilizar tus operaciones y mejorar la satisfacci\u00f3n del cliente.\" \/>\n<meta property=\"og:url\" content=\"https:\/\/sharebox.global\/es\/ponte-en-contacto-con\/\" \/>\n<meta property=\"og:site_name\" content=\"Sharebox\" \/>\n<meta property=\"article:publisher\" content=\"https:\/\/www.facebook.com\/SHAREBOX.NO\/\" \/>\n<meta property=\"article:modified_time\" content=\"2026-03-03T11:57:36+00:00\" \/>\n<meta property=\"og:image\" content=\"https:\/\/sharebox.global\/wp-content\/uploads\/2025\/04\/Volkswagen-Nutzfahrzeuge-Service-Station-mit-Dach.png\" \/>\n\t<meta property=\"og:image:width\" content=\"1170\" \/>\n\t<meta property=\"og:image:height\" content=\"521\" \/>\n\t<meta property=\"og:image:type\" content=\"image\/png\" \/>\n<meta name=\"twitter:card\" content=\"summary_large_image\" \/>\n<script type=\"application\/ld+json\" class=\"yoast-schema-graph\">{\"@context\":\"https:\\\/\\\/schema.org\",\"@graph\":[{\"@type\":\"WebPage\",\"@id\":\"https:\\\/\\\/sharebox.global\\\/es\\\/ponte-en-contacto-con\\\/\",\"url\":\"https:\\\/\\\/sharebox.global\\\/es\\\/ponte-en-contacto-con\\\/\",\"name\":\"Contacta con nuestro equipo de ventas - Sharebox\",\"isPartOf\":{\"@id\":\"https:\\\/\\\/sharebox.global\\\/es\\\/#website\"},\"datePublished\":\"2025-04-04T09:06:21+00:00\",\"dateModified\":\"2026-03-03T11:57:36+00:00\",\"description\":\"Ac\u00e9rcate y descubre c\u00f3mo Sharebox puede agilizar tus operaciones y mejorar la satisfacci\u00f3n del cliente.\",\"breadcrumb\":{\"@id\":\"https:\\\/\\\/sharebox.global\\\/es\\\/ponte-en-contacto-con\\\/#breadcrumb\"},\"inLanguage\":\"es\",\"potentialAction\":[{\"@type\":\"ReadAction\",\"target\":[\"https:\\\/\\\/sharebox.global\\\/es\\\/ponte-en-contacto-con\\\/\"]}]},{\"@type\":\"BreadcrumbList\",\"@id\":\"https:\\\/\\\/sharebox.global\\\/es\\\/ponte-en-contacto-con\\\/#breadcrumb\",\"itemListElement\":[{\"@type\":\"ListItem\",\"position\":1,\"name\":\"Home\",\"item\":\"https:\\\/\\\/sharebox.global\\\/es\\\/\"},{\"@type\":\"ListItem\",\"position\":2,\"name\":\"Contacta con nuestro equipo de ventas\"}]},{\"@type\":\"WebSite\",\"@id\":\"https:\\\/\\\/sharebox.global\\\/es\\\/#website\",\"url\":\"https:\\\/\\\/sharebox.global\\\/es\\\/\",\"name\":\"Sharebox\",\"description\":\"Infrastructure for 24\\\/7 vehicle handover\",\"publisher\":{\"@id\":\"https:\\\/\\\/sharebox.global\\\/es\\\/#organization\"},\"potentialAction\":[{\"@type\":\"SearchAction\",\"target\":{\"@type\":\"EntryPoint\",\"urlTemplate\":\"https:\\\/\\\/sharebox.global\\\/es\\\/?s={search_term_string}\"},\"query-input\":{\"@type\":\"PropertyValueSpecification\",\"valueRequired\":true,\"valueName\":\"search_term_string\"}}],\"inLanguage\":\"es\"},{\"@type\":\"Organization\",\"@id\":\"https:\\\/\\\/sharebox.global\\\/es\\\/#organization\",\"name\":\"Sharebox\",\"url\":\"https:\\\/\\\/sharebox.global\\\/es\\\/\",\"logo\":{\"@type\":\"ImageObject\",\"inLanguage\":\"es\",\"@id\":\"https:\\\/\\\/sharebox.global\\\/es\\\/#\\\/schema\\\/logo\\\/image\\\/\",\"url\":\"https:\\\/\\\/sharebox.global\\\/wp-content\\\/uploads\\\/2024\\\/04\\\/Sharebox-logo-red-on-white-500px.png\",\"contentUrl\":\"https:\\\/\\\/sharebox.global\\\/wp-content\\\/uploads\\\/2024\\\/04\\\/Sharebox-logo-red-on-white-500px.png\",\"width\":450,\"height\":63,\"caption\":\"Sharebox\"},\"image\":{\"@id\":\"https:\\\/\\\/sharebox.global\\\/es\\\/#\\\/schema\\\/logo\\\/image\\\/\"},\"sameAs\":[\"https:\\\/\\\/www.facebook.com\\\/SHAREBOX.NO\\\/\",\"https:\\\/\\\/www.linkedin.com\\\/company\\\/sharebox-as\\\/\",\"https:\\\/\\\/www.youtube.com\\\/channel\\\/UCGwoGdfNeD59c2s4qhf0gLQ\"]}]}<\/script>\n<!-- \/ Yoast SEO plugin. -->","yoast_head_json":{"title":"Contacta con nuestro equipo de ventas - Sharebox","description":"Ac\u00e9rcate y descubre c\u00f3mo Sharebox puede agilizar tus operaciones y mejorar la satisfacci\u00f3n del cliente.","robots":{"index":"index","follow":"follow","max-snippet":"max-snippet:-1","max-image-preview":"max-image-preview:large","max-video-preview":"max-video-preview:-1"},"canonical":"https:\/\/sharebox.global\/es\/ponte-en-contacto-con\/","og_locale":"es_ES","og_type":"article","og_title":"Contacta con nuestro equipo de ventas","og_description":"Ac\u00e9rcate y descubre c\u00f3mo Sharebox puede agilizar tus operaciones y mejorar la satisfacci\u00f3n del cliente.","og_url":"https:\/\/sharebox.global\/es\/ponte-en-contacto-con\/","og_site_name":"Sharebox","article_publisher":"https:\/\/www.facebook.com\/SHAREBOX.NO\/","article_modified_time":"2026-03-03T11:57:36+00:00","og_image":[{"width":1170,"height":521,"url":"https:\/\/sharebox.global\/wp-content\/uploads\/2025\/04\/Volkswagen-Nutzfahrzeuge-Service-Station-mit-Dach.png","type":"image\/png"}],"twitter_card":"summary_large_image","schema":{"@context":"https:\/\/schema.org","@graph":[{"@type":"WebPage","@id":"https:\/\/sharebox.global\/es\/ponte-en-contacto-con\/","url":"https:\/\/sharebox.global\/es\/ponte-en-contacto-con\/","name":"Contacta con nuestro equipo de ventas - Sharebox","isPartOf":{"@id":"https:\/\/sharebox.global\/es\/#website"},"datePublished":"2025-04-04T09:06:21+00:00","dateModified":"2026-03-03T11:57:36+00:00","description":"Ac\u00e9rcate y descubre c\u00f3mo Sharebox puede agilizar tus operaciones y mejorar la satisfacci\u00f3n del cliente.","breadcrumb":{"@id":"https:\/\/sharebox.global\/es\/ponte-en-contacto-con\/#breadcrumb"},"inLanguage":"es","potentialAction":[{"@type":"ReadAction","target":["https:\/\/sharebox.global\/es\/ponte-en-contacto-con\/"]}]},{"@type":"BreadcrumbList","@id":"https:\/\/sharebox.global\/es\/ponte-en-contacto-con\/#breadcrumb","itemListElement":[{"@type":"ListItem","position":1,"name":"Home","item":"https:\/\/sharebox.global\/es\/"},{"@type":"ListItem","position":2,"name":"Contacta con nuestro equipo de ventas"}]},{"@type":"WebSite","@id":"https:\/\/sharebox.global\/es\/#website","url":"https:\/\/sharebox.global\/es\/","name":"Sharebox","description":"Infrastructure for 24\/7 vehicle handover","publisher":{"@id":"https:\/\/sharebox.global\/es\/#organization"},"potentialAction":[{"@type":"SearchAction","target":{"@type":"EntryPoint","urlTemplate":"https:\/\/sharebox.global\/es\/?s={search_term_string}"},"query-input":{"@type":"PropertyValueSpecification","valueRequired":true,"valueName":"search_term_string"}}],"inLanguage":"es"},{"@type":"Organization","@id":"https:\/\/sharebox.global\/es\/#organization","name":"Sharebox","url":"https:\/\/sharebox.global\/es\/","logo":{"@type":"ImageObject","inLanguage":"es","@id":"https:\/\/sharebox.global\/es\/#\/schema\/logo\/image\/","url":"https:\/\/sharebox.global\/wp-content\/uploads\/2024\/04\/Sharebox-logo-red-on-white-500px.png","contentUrl":"https:\/\/sharebox.global\/wp-content\/uploads\/2024\/04\/Sharebox-logo-red-on-white-500px.png","width":450,"height":63,"caption":"Sharebox"},"image":{"@id":"https:\/\/sharebox.global\/es\/#\/schema\/logo\/image\/"},"sameAs":["https:\/\/www.facebook.com\/SHAREBOX.NO\/","https:\/\/www.linkedin.com\/company\/sharebox-as\/","https:\/\/www.youtube.com\/channel\/UCGwoGdfNeD59c2s4qhf0gLQ"]}]}},"_links":{"self":[{"href":"https:\/\/sharebox.global\/es\/wp-json\/wp\/v2\/pages\/44569","targetHints":{"allow":["GET"]}}],"collection":[{"href":"https:\/\/sharebox.global\/es\/wp-json\/wp\/v2\/pages"}],"about":[{"href":"https:\/\/sharebox.global\/es\/wp-json\/wp\/v2\/types\/page"}],"author":[{"embeddable":true,"href":"https:\/\/sharebox.global\/es\/wp-json\/wp\/v2\/users\/1"}],"replies":[{"embeddable":true,"href":"https:\/\/sharebox.global\/es\/wp-json\/wp\/v2\/comments?post=44569"}],"version-history":[{"count":4,"href":"https:\/\/sharebox.global\/es\/wp-json\/wp\/v2\/pages\/44569\/revisions"}],"predecessor-version":[{"id":48783,"href":"https:\/\/sharebox.global\/es\/wp-json\/wp\/v2\/pages\/44569\/revisions\/48783"}],"wp:attachment":[{"href":"https:\/\/sharebox.global\/es\/wp-json\/wp\/v2\/media?parent=44569"}],"curies":[{"name":"wp","href":"https:\/\/api.w.org\/{rel}","templated":true}]}}