{"id":44612,"date":"2025-04-04T09:06:21","date_gmt":"2025-04-04T09:06:21","guid":{"rendered":"https:\/\/sharebox.global\/como-funciona\/"},"modified":"2025-05-06T09:14:31","modified_gmt":"2025-05-06T09:14:31","slug":"como-funciona","status":"publish","type":"page","link":"https:\/\/sharebox.global\/es\/como-funciona\/","title":{"rendered":"C\u00f3mo funciona"},"content":{"rendered":"\n<div id=\"title-block--block_12485b8ed7b3523cd9ca70173a350dda\" class=\"root-level-block title-block center-text-based\">\n\n    \n<!-- Whitespace to be determined -->\n    <div class=\"container\" style=\"padding-top: var(--spacing-m);\">\n        <h1>Clientes satisfechos. Mayores ingresos. <\/h1>        <p>Todo lo que siempre has querido saber sobre la creaci\u00f3n de una experiencia de cliente digital de \u00e9xito y el dise\u00f1o de una experiencia de flujo de trabajo interno excepcional.<\/p>            <\/div>\n\n<\/div>\n\n<figure class=\"wp-block-embed is-type-video is-provider-youtube wp-block-embed-youtube wp-embed-aspect-16-9 wp-has-aspect-ratio\"><div class=\"wp-block-embed__wrapper\">\n<iframe title=\"Seamless Service Visit: From Check-In to Check-Out with Sharebox Self-Service Kiosk\" width=\"1240\" height=\"698\" src=\"https:\/\/www.youtube.com\/embed\/It48Ke7IFF0?feature=oembed\" frameborder=\"0\" allow=\"accelerometer; autoplay; clipboard-write; encrypted-media; gyroscope; picture-in-picture; web-share\" referrerpolicy=\"strict-origin-when-cross-origin\" allowfullscreen><\/iframe>\n<\/div><\/figure>\n\n<div id=\"text-with-image-with-border--block_c946468dc5a89808686bb7d064768a0b\" class=\"root-level-block text-with-image-with-border grid-70-30\">\n    <div class=\"container\">\n    <div class=\"column-cabinets\">\n        <div class=\"column-left\">\n            <h2>Kioscos de autoservicio m\u00e1s inteligentes<\/h2>\n            <p>Te ayudamos a implantar estrategias digitales y a aprovechar el mundo de la UX de autoservicio para tus clientes, operadores y miembros del equipo.<\/p>\n\n                    <\/div>\n\n                                    <img decoding=\"async\" width=\"1000\" height=\"667\" src=\"https:\/\/sharebox.global\/wp-content\/uploads\/2024\/02\/w128Kiosk_3-2_foyer-e1707134004636.jpg\" class=\"column-right\" alt=\"\" srcset=\"https:\/\/sharebox.global\/wp-content\/uploads\/2024\/02\/w128Kiosk_3-2_foyer-e1707134004636.jpg 1000w, https:\/\/sharebox.global\/wp-content\/uploads\/2024\/02\/w128Kiosk_3-2_foyer-e1707134004636-300x200.jpg 300w, https:\/\/sharebox.global\/wp-content\/uploads\/2024\/02\/w128Kiosk_3-2_foyer-e1707134004636-768x512.jpg 768w\" sizes=\"(max-width: 1000px) 100vw, 1000px\" \/>                        <\/div> \n    <\/div> \n<\/div>\n\n\n<div id=\"text-with-image-with-border--block_a302427fc0cdeb65f8fa65bc4b668a52\" class=\"root-level-block text-with-image-with-border grid-70-30\">\n    <div class=\"container\">\n    <div class=\"column-cabinets\">\n        <div class=\"column-left\">\n            <h2>Di\u00e1logo y firma automatizados<\/h2>\n            <p>Con Sharebox, los clientes disfrutan de la flexibilidad de recuperar las llaves de su coche en cualquier momento, mejorando su experiencia de servicio.<\/p>\n\n                    <\/div>\n\n                                    <img decoding=\"async\" width=\"1024\" height=\"683\" src=\"https:\/\/sharebox.global\/wp-content\/uploads\/2024\/02\/AdobeStock_254472372_COMPRESSED.jpeg\" class=\"column-right\" alt=\"\" srcset=\"https:\/\/sharebox.global\/wp-content\/uploads\/2024\/02\/AdobeStock_254472372_COMPRESSED.jpeg 1620w, https:\/\/sharebox.global\/wp-content\/uploads\/2024\/02\/AdobeStock_254472372_COMPRESSED-300x200.jpeg 300w, https:\/\/sharebox.global\/wp-content\/uploads\/2024\/02\/AdobeStock_254472372_COMPRESSED-768x512.jpeg 768w, https:\/\/sharebox.global\/wp-content\/uploads\/2024\/02\/AdobeStock_254472372_COMPRESSED-1536x1024.jpeg 1536w\" sizes=\"(max-width: 1024px) 100vw, 1024px\" \/>                        <\/div> \n    <\/div> \n<\/div>\n\n\n\n<div id=\"repeating-row-of-three-boxes--block_55fc4042ab0021cf6dc50e61ad266769\" class=\"root-level-block repeating-row-of-three-boxes\">\n\n    <div class=\"container\">\n\n        <div class=\"grey-box-row\">\n                                <!-- Individual box container -->\n                    <div class=\"grey-text-box\">\n                                                    <img decoding=\"async\" width=\"40\" height=\"40\" src=\"https:\/\/sharebox.global\/wp-content\/uploads\/2024\/02\/Chart-Reduces-costs-Sharebox-_Black100_-Streamline-Regular-Analytics-Bars.svg\" class=\"icon\" alt=\"\" \/>                        \n                                                    <h3>Gastos generales reducidos<\/h3>\n                                                \n                                                    <p>Spend less time managing keys and overseeing car handovers, freeing up your staff for other tasks<\/p>\n                                            <\/div>\n                                    <!-- Individual box container -->\n                    <div class=\"grey-text-box\">\n                                                    <img decoding=\"async\" width=\"1\" height=\"1\" src=\"https:\/\/sharebox.global\/wp-content\/uploads\/2022\/09\/streamlinehq-shield-check-1-programing-apps-websites-40.svg\" class=\"icon\" alt=\"\" \/>                        \n                                                    <h3>Seguridad<\/h3>\n                                                \n                                                    <p>Quioscos antirrobo con un sistema inteligente que registra todos los eventos.<\/p>\n                                            <\/div>\n                                    <!-- Individual box container -->\n                    <div class=\"grey-text-box\">\n                                                    <img decoding=\"async\" width=\"1\" height=\"1\" src=\"https:\/\/sharebox.global\/wp-content\/uploads\/2022\/09\/streamlinehq-shopping-cart-add-shopping-ecommerce-40.svg\" class=\"icon\" alt=\"\" \/>                        \n                                                    <h3>Oportunidades de venta<\/h3>\n                                                \n                                                    <p>Ofrecer accesorios y servicios adicionales a los clientes.<\/p>\n                                            <\/div>\n                                                <!-- Individual box container -->\n                    <div class=\"grey-text-box\">\n                                                    <img decoding=\"async\" width=\"41\" height=\"41\" src=\"https:\/\/sharebox.global\/wp-content\/uploads\/2024\/02\/Happy-Smile-Sharebox-_Black100_-Streamline-Regular-Mood-Happy.svg\" class=\"icon\" alt=\"\" \/>                        \n                                                    <h3>Satisfacci\u00f3n del cliente<\/h3>\n                                                \n                                                    <p>Proporcionar una experiencia digital moderna que satisfaga las expectativas de los consumidores actuales<\/p>\n                                            <\/div>\n                                    <!-- Individual box container -->\n                    <div class=\"grey-text-box\">\n                                                    <img decoding=\"async\" width=\"40\" height=\"40\" src=\"https:\/\/sharebox.global\/wp-content\/uploads\/2024\/02\/Monitoring-Sharebox-_Black100_-Streamline-Regular-Monitoring-Heart-Beat-Laptop.svg\" class=\"icon\" alt=\"\" \/>                        \n                                                    <h3>Eficiencia operativa<\/h3>\n                                                \n                                                    <p>Agiliza tus operaciones con sistemas automatizados. Reduce el potencial de error y aumenta la eficacia. <\/p>\n                                            <\/div>\n                                    <!-- Individual box container -->\n                    <div class=\"grey-text-box\">\n                                                    <img decoding=\"async\" width=\"40\" height=\"40\" src=\"https:\/\/sharebox.global\/wp-content\/uploads\/2024\/02\/247-Sharebox-_Black100_-Streamline-Regular-Weather-Night-Clear.svg\" class=\"icon\" alt=\"\" \/>                        \n                                                    <h3>Mayor accesibilidad<\/h3>\n                                                \n                                                    <p>Ofrece servicio las 24 horas del d\u00eda, incluso fuera del horario de apertura. Aumenta las oportunidades de ingresos. <\/p>\n                                            <\/div>\n                                    <\/div>\n    <\/div>    \n<\/div>\n\n\n<div id=\"text-with-image-with-border--block_70efe6ff9eb303f021ebdfeb108d68bc\" class=\"root-level-block text-with-image-with-border grid-70-30\">\n    <div class=\"container\">\n    <div class=\"column-cabinets\">\n        <div class=\"column-left\">\n            <h2>Mejora de la eficacia<\/h2>\n            <p>Entrega r\u00e1pida, c\u00f3moda y sencilla del coche en el quiosco o mediante un dispositivo m\u00f3vil a cada cliente en el momento adecuado.<\/p>\n\n                    <\/div>\n\n                                    <img decoding=\"async\" width=\"1024\" height=\"684\" src=\"https:\/\/sharebox.global\/wp-content\/uploads\/2024\/02\/AdobeStock_416319834_3000w_justert-2048x1367.jpg\" class=\"column-right\" alt=\"\" srcset=\"https:\/\/sharebox.global\/wp-content\/uploads\/2024\/02\/AdobeStock_416319834_3000w_justert-2048x1367.jpg 2048w, https:\/\/sharebox.global\/wp-content\/uploads\/2024\/02\/AdobeStock_416319834_3000w_justert-300x200.jpg 300w, https:\/\/sharebox.global\/wp-content\/uploads\/2024\/02\/AdobeStock_416319834_3000w_justert-768x513.jpg 768w, https:\/\/sharebox.global\/wp-content\/uploads\/2024\/02\/AdobeStock_416319834_3000w_justert-1536x1026.jpg 1536w\" sizes=\"(max-width: 1024px) 100vw, 1024px\" \/>                        <\/div> \n    <\/div> \n<\/div>\n\n\n<div class=\"root-level-block\">\n    <div class=\"container\">\n        <div id=\"image-above-title-block--block_b38793dd074d25edd2e5fa615358e0be\" class=\"root-level-block image-above-title-block center-text-based\">\n            \n                            <img decoding=\"async\" width=\"1\" height=\"1\" src=\"https:\/\/sharebox.global\/wp-content\/uploads\/2022\/09\/interfaces.svg\" class=\"attachment-large size-large\" alt=\"\" \/>            \n            <div class=\"image-above-title-block-content\">\n                                    <h2>Integraci\u00f3n perfecta de software y sistemas<\/h2>\n                \n                                    <p>Sharebox se integra f\u00e1cilmente con el software y las soluciones de pago est\u00e1ndar del sector, simplificando las operaciones y las transacciones de los clientes.<\/p>\n                \n                            <\/div>\n        <\/div>\n    <\/div>\n<\/div>\n\n<div id=\"repeating-row-of-three-boxes--block_728e015783d6400c4dbc50dfb2ed27f9\" class=\"root-level-block repeating-row-of-three-boxes\">\n\n    <div class=\"container\">\n\n        <div class=\"grey-box-row\">\n                                <!-- Individual box container -->\n                    <div class=\"grey-text-box\">\n                                                    <img decoding=\"async\" width=\"40\" height=\"40\" src=\"https:\/\/sharebox.global\/wp-content\/uploads\/2024\/02\/Module-Hand-Puzzle.svg\" class=\"icon\" alt=\"\" \/>                        \n                                                    <h3>Amplios complementos de servicio<\/h3>\n                                                \n                                                    <p>Gestiona qui\u00e9n tiene acceso a tus instalaciones, garantizando que s\u00f3lo puedan entrar las personas autorizadas<\/p>\n                                            <\/div>\n                                    <!-- Individual box container -->\n                    <div class=\"grey-text-box\">\n                                                    <img decoding=\"async\" width=\"40\" height=\"40\" src=\"https:\/\/sharebox.global\/wp-content\/uploads\/2024\/02\/Fill-And-Sign.svg\" class=\"icon\" alt=\"\" \/>                        \n                                                    <h3>Firma digital<\/h3>\n                                                \n                                                    <p>Verifica la identidad del cliente con facilidad, a\u00f1adiendo una capa extra de seguridad a las transacciones<\/p>\n                                            <\/div>\n                                    <!-- Individual box container -->\n                    <div class=\"grey-text-box\">\n                                                    <img decoding=\"async\" width=\"40\" height=\"40\" src=\"https:\/\/sharebox.global\/wp-content\/uploads\/2024\/02\/Maps.svg\" class=\"icon\" alt=\"\" \/>                        \n                                                    <h3>Mapas de aparcamiento<\/h3>\n                                                \n                                                    <p>Ayuda a los clientes a localizar sus veh\u00edculos r\u00e1pidamente con mapas de aparcamiento detallados<\/p>\n                                            <\/div>\n                                                <!-- Individual box container -->\n                    <div class=\"grey-text-box\">\n                                                    <img decoding=\"async\" width=\"40\" height=\"40\" src=\"https:\/\/sharebox.global\/wp-content\/uploads\/2024\/02\/Car-Sharebox-_Black100_-Streamline-Regular-Car-1.svg\" class=\"icon\" alt=\"\" \/>                        \n                                                    <h3>Manejo del coche de cortes\u00eda<\/h3>\n                                                \n                                                    <p>Gestiona eficazmente tu flota de coches de cortes\u00eda, mejorando el servicio al cliente<\/p>\n                                            <\/div>\n                                    <!-- Individual box container -->\n                    <div class=\"grey-text-box\">\n                                                    <img decoding=\"async\" width=\"1\" height=\"1\" src=\"https:\/\/sharebox.global\/wp-content\/uploads\/2022\/09\/streamlinehq-single-neutral-id-card-1-users-40.svg\" class=\"icon\" alt=\"\" \/>                        \n                                                    <h3>Comprobaci\u00f3n del DNI digital<\/h3>\n                                                \n                                                    <p>Verifica la identidad del cliente con facilidad, a\u00f1adiendo una capa extra de seguridad a las transacciones<\/p>\n                                            <\/div>\n                                    <!-- Individual box container -->\n                    <div class=\"grey-text-box\">\n                                                    <img decoding=\"async\" width=\"1\" height=\"1\" src=\"https:\/\/sharebox.global\/wp-content\/uploads\/2022\/09\/streamlinehq-cashless-payment-e-wallet-browser-money-payments-finance-40.svg\" class=\"icon\" alt=\"\" \/>                        \n                                                    <h3>Integraci\u00f3n de pagos<\/h3>\n                                                \n                                                    <p>Simplifica la facturaci\u00f3n y el pago con soluciones integradas que ahorran tiempo y reducen los errores<\/p>\n                                            <\/div>\n                                    <\/div>\n    <\/div>    \n<\/div>\n\n","protected":false},"excerpt":{"rendered":"","protected":false},"author":1,"featured_media":0,"parent":0,"menu_order":0,"comment_status":"closed","ping_status":"closed","template":"","meta":{"_acf_changed":false,"content-type":"","inline_featured_image":false,"footnotes":""},"class_list":["post-44612","page","type-page","status-publish","hentry"],"acf":[],"yoast_head":"<!-- This site is optimized with the Yoast SEO plugin v27.3 - https:\/\/yoast.com\/product\/yoast-seo-wordpress\/ -->\n<title>C\u00f3mo funciona - Sharebox<\/title>\n<meta name=\"robots\" content=\"index, follow, max-snippet:-1, max-image-preview:large, max-video-preview:-1\" \/>\n<link rel=\"canonical\" href=\"https:\/\/sharebox.global\/es\/como-funciona\/\" \/>\n<meta property=\"og:locale\" content=\"es_ES\" \/>\n<meta property=\"og:type\" content=\"article\" \/>\n<meta property=\"og:title\" content=\"C\u00f3mo funciona - Sharebox\" \/>\n<meta property=\"og:url\" content=\"https:\/\/sharebox.global\/es\/como-funciona\/\" \/>\n<meta property=\"og:site_name\" content=\"Sharebox\" \/>\n<meta property=\"article:publisher\" content=\"https:\/\/www.facebook.com\/SHAREBOX.NO\/\" \/>\n<meta property=\"article:modified_time\" content=\"2025-05-06T09:14:31+00:00\" \/>\n<meta property=\"og:image\" content=\"https:\/\/sharebox.global\/wp-content\/uploads\/2025\/04\/Volkswagen-Nutzfahrzeuge-Service-Station-mit-Dach.png\" \/>\n\t<meta property=\"og:image:width\" content=\"1170\" \/>\n\t<meta property=\"og:image:height\" content=\"521\" \/>\n\t<meta property=\"og:image:type\" content=\"image\/png\" \/>\n<meta name=\"twitter:card\" content=\"summary_large_image\" \/>\n<script type=\"application\/ld+json\" class=\"yoast-schema-graph\">{\"@context\":\"https:\\\/\\\/schema.org\",\"@graph\":[{\"@type\":\"WebPage\",\"@id\":\"https:\\\/\\\/sharebox.global\\\/es\\\/como-funciona\\\/\",\"url\":\"https:\\\/\\\/sharebox.global\\\/es\\\/como-funciona\\\/\",\"name\":\"C\u00f3mo funciona - Sharebox\",\"isPartOf\":{\"@id\":\"https:\\\/\\\/sharebox.global\\\/es\\\/#website\"},\"datePublished\":\"2025-04-04T09:06:21+00:00\",\"dateModified\":\"2025-05-06T09:14:31+00:00\",\"breadcrumb\":{\"@id\":\"https:\\\/\\\/sharebox.global\\\/es\\\/como-funciona\\\/#breadcrumb\"},\"inLanguage\":\"es\",\"potentialAction\":[{\"@type\":\"ReadAction\",\"target\":[\"https:\\\/\\\/sharebox.global\\\/es\\\/como-funciona\\\/\"]}]},{\"@type\":\"BreadcrumbList\",\"@id\":\"https:\\\/\\\/sharebox.global\\\/es\\\/como-funciona\\\/#breadcrumb\",\"itemListElement\":[{\"@type\":\"ListItem\",\"position\":1,\"name\":\"Home\",\"item\":\"https:\\\/\\\/sharebox.global\\\/es\\\/\"},{\"@type\":\"ListItem\",\"position\":2,\"name\":\"C\u00f3mo funciona\"}]},{\"@type\":\"WebSite\",\"@id\":\"https:\\\/\\\/sharebox.global\\\/es\\\/#website\",\"url\":\"https:\\\/\\\/sharebox.global\\\/es\\\/\",\"name\":\"Sharebox\",\"description\":\"Infrastructure for 24\\\/7 vehicle handover\",\"publisher\":{\"@id\":\"https:\\\/\\\/sharebox.global\\\/es\\\/#organization\"},\"potentialAction\":[{\"@type\":\"SearchAction\",\"target\":{\"@type\":\"EntryPoint\",\"urlTemplate\":\"https:\\\/\\\/sharebox.global\\\/es\\\/?s={search_term_string}\"},\"query-input\":{\"@type\":\"PropertyValueSpecification\",\"valueRequired\":true,\"valueName\":\"search_term_string\"}}],\"inLanguage\":\"es\"},{\"@type\":\"Organization\",\"@id\":\"https:\\\/\\\/sharebox.global\\\/es\\\/#organization\",\"name\":\"Sharebox\",\"url\":\"https:\\\/\\\/sharebox.global\\\/es\\\/\",\"logo\":{\"@type\":\"ImageObject\",\"inLanguage\":\"es\",\"@id\":\"https:\\\/\\\/sharebox.global\\\/es\\\/#\\\/schema\\\/logo\\\/image\\\/\",\"url\":\"https:\\\/\\\/sharebox.global\\\/wp-content\\\/uploads\\\/2024\\\/04\\\/Sharebox-logo-red-on-white-500px.png\",\"contentUrl\":\"https:\\\/\\\/sharebox.global\\\/wp-content\\\/uploads\\\/2024\\\/04\\\/Sharebox-logo-red-on-white-500px.png\",\"width\":450,\"height\":63,\"caption\":\"Sharebox\"},\"image\":{\"@id\":\"https:\\\/\\\/sharebox.global\\\/es\\\/#\\\/schema\\\/logo\\\/image\\\/\"},\"sameAs\":[\"https:\\\/\\\/www.facebook.com\\\/SHAREBOX.NO\\\/\",\"https:\\\/\\\/www.linkedin.com\\\/company\\\/sharebox-as\\\/\",\"https:\\\/\\\/www.youtube.com\\\/channel\\\/UCGwoGdfNeD59c2s4qhf0gLQ\"]}]}<\/script>\n<!-- \/ Yoast SEO plugin. -->","yoast_head_json":{"title":"C\u00f3mo funciona - Sharebox","robots":{"index":"index","follow":"follow","max-snippet":"max-snippet:-1","max-image-preview":"max-image-preview:large","max-video-preview":"max-video-preview:-1"},"canonical":"https:\/\/sharebox.global\/es\/como-funciona\/","og_locale":"es_ES","og_type":"article","og_title":"C\u00f3mo funciona - Sharebox","og_url":"https:\/\/sharebox.global\/es\/como-funciona\/","og_site_name":"Sharebox","article_publisher":"https:\/\/www.facebook.com\/SHAREBOX.NO\/","article_modified_time":"2025-05-06T09:14:31+00:00","og_image":[{"width":1170,"height":521,"url":"https:\/\/sharebox.global\/wp-content\/uploads\/2025\/04\/Volkswagen-Nutzfahrzeuge-Service-Station-mit-Dach.png","type":"image\/png"}],"twitter_card":"summary_large_image","schema":{"@context":"https:\/\/schema.org","@graph":[{"@type":"WebPage","@id":"https:\/\/sharebox.global\/es\/como-funciona\/","url":"https:\/\/sharebox.global\/es\/como-funciona\/","name":"C\u00f3mo funciona - Sharebox","isPartOf":{"@id":"https:\/\/sharebox.global\/es\/#website"},"datePublished":"2025-04-04T09:06:21+00:00","dateModified":"2025-05-06T09:14:31+00:00","breadcrumb":{"@id":"https:\/\/sharebox.global\/es\/como-funciona\/#breadcrumb"},"inLanguage":"es","potentialAction":[{"@type":"ReadAction","target":["https:\/\/sharebox.global\/es\/como-funciona\/"]}]},{"@type":"BreadcrumbList","@id":"https:\/\/sharebox.global\/es\/como-funciona\/#breadcrumb","itemListElement":[{"@type":"ListItem","position":1,"name":"Home","item":"https:\/\/sharebox.global\/es\/"},{"@type":"ListItem","position":2,"name":"C\u00f3mo funciona"}]},{"@type":"WebSite","@id":"https:\/\/sharebox.global\/es\/#website","url":"https:\/\/sharebox.global\/es\/","name":"Sharebox","description":"Infrastructure for 24\/7 vehicle handover","publisher":{"@id":"https:\/\/sharebox.global\/es\/#organization"},"potentialAction":[{"@type":"SearchAction","target":{"@type":"EntryPoint","urlTemplate":"https:\/\/sharebox.global\/es\/?s={search_term_string}"},"query-input":{"@type":"PropertyValueSpecification","valueRequired":true,"valueName":"search_term_string"}}],"inLanguage":"es"},{"@type":"Organization","@id":"https:\/\/sharebox.global\/es\/#organization","name":"Sharebox","url":"https:\/\/sharebox.global\/es\/","logo":{"@type":"ImageObject","inLanguage":"es","@id":"https:\/\/sharebox.global\/es\/#\/schema\/logo\/image\/","url":"https:\/\/sharebox.global\/wp-content\/uploads\/2024\/04\/Sharebox-logo-red-on-white-500px.png","contentUrl":"https:\/\/sharebox.global\/wp-content\/uploads\/2024\/04\/Sharebox-logo-red-on-white-500px.png","width":450,"height":63,"caption":"Sharebox"},"image":{"@id":"https:\/\/sharebox.global\/es\/#\/schema\/logo\/image\/"},"sameAs":["https:\/\/www.facebook.com\/SHAREBOX.NO\/","https:\/\/www.linkedin.com\/company\/sharebox-as\/","https:\/\/www.youtube.com\/channel\/UCGwoGdfNeD59c2s4qhf0gLQ"]}]}},"_links":{"self":[{"href":"https:\/\/sharebox.global\/es\/wp-json\/wp\/v2\/pages\/44612","targetHints":{"allow":["GET"]}}],"collection":[{"href":"https:\/\/sharebox.global\/es\/wp-json\/wp\/v2\/pages"}],"about":[{"href":"https:\/\/sharebox.global\/es\/wp-json\/wp\/v2\/types\/page"}],"author":[{"embeddable":true,"href":"https:\/\/sharebox.global\/es\/wp-json\/wp\/v2\/users\/1"}],"replies":[{"embeddable":true,"href":"https:\/\/sharebox.global\/es\/wp-json\/wp\/v2\/comments?post=44612"}],"version-history":[{"count":1,"href":"https:\/\/sharebox.global\/es\/wp-json\/wp\/v2\/pages\/44612\/revisions"}],"predecessor-version":[{"id":44615,"href":"https:\/\/sharebox.global\/es\/wp-json\/wp\/v2\/pages\/44612\/revisions\/44615"}],"wp:attachment":[{"href":"https:\/\/sharebox.global\/es\/wp-json\/wp\/v2\/media?parent=44612"}],"curies":[{"name":"wp","href":"https:\/\/api.w.org\/{rel}","templated":true}]}}