{"id":44659,"date":"2025-04-04T09:06:22","date_gmt":"2025-04-04T09:06:22","guid":{"rendered":"https:\/\/sharebox.global\/casos-practicos\/sistema-de-alquiler\/"},"modified":"2025-05-07T07:33:51","modified_gmt":"2025-05-07T07:33:51","slug":"sistema-de-alquiler","status":"publish","type":"page","link":"https:\/\/sharebox.global\/es\/casos-practicos\/sistema-de-alquiler\/","title":{"rendered":"Sistema de alquiler"},"content":{"rendered":"<h1 class=\"wp-block-heading has-text-align-center\" style=\"margin-top: 25px; margin-bottom: 55px;\"><strong>NUEVO<\/strong>: <strong>Sistema de alquiler para tus quioscos<\/strong><\/h1>\n\n<figure class=\"wp-block-image aligncenter size-full\"><img decoding=\"async\" width=\"1920\" height=\"983\" src=\"https:\/\/sharebox.global\/wp-content\/uploads\/2023\/11\/FoxBoxBanner.jpg\" alt=\"Foxbox - Sharebox\" class=\"wp-image-15242\" srcset=\"https:\/\/sharebox.global\/wp-content\/uploads\/2023\/11\/FoxBoxBanner.jpg 1920w, https:\/\/sharebox.global\/wp-content\/uploads\/2023\/11\/FoxBoxBanner-300x154.jpg 300w, https:\/\/sharebox.global\/wp-content\/uploads\/2023\/11\/FoxBoxBanner-768x393.jpg 768w, https:\/\/sharebox.global\/wp-content\/uploads\/2023\/11\/FoxBoxBanner-1536x786.jpg 1536w\" sizes=\"(max-width: 1920px) 100vw, 1920px\" \/><\/figure>\n\n<h2 class=\"wp-block-heading has-text-align-center\">Alquiler de veh\u00edculos y mucho m\u00e1s<\/h2>\n\n<p class=\"has-text-align-center\"><strong>Puede que no alquiles coches como una empresa de alquiler,<br\/>, pero \u00abalquilas\u00bb coches a clientes en los que hay una garant\u00eda <br\/>. El cliente obtiene un coche de alquiler cubierto.   <br\/>Podr\u00edan ser coches en su mayor\u00eda de tu propiedad. Adem\u00e1s, en <br\/>puede que necesites gestionar la flota de demostraci\u00f3n. <br\/>Esta nueva soluci\u00f3n te ofrece todo esto y gestiona<br\/>los contratos de alquiler de coches, el retraso en el pago de peajes y el aparcamiento<br\/>, los contratos con pruebas de conducci\u00f3n y similares. <\/strong><\/p>\n\n<p><\/p>\n<h3 class=\"wp-block-heading has-text-align-center my-class\">Si ya tienes quioscos Sharebox, <br \/>puedes a\u00f1adir inmediatamente el sistema de alquiler de coches <br \/>Sharefox.<\/h3>\n\n<p><\/p>\n\n<figure class=\"wp-block-image aligncenter size-full\"><img decoding=\"async\" width=\"789\" height=\"379\" src=\"https:\/\/sharebox.global\/wp-content\/uploads\/2023\/11\/FoxBok-screen-II.jpg\" alt=\"\" class=\"wp-image-15233\" srcset=\"https:\/\/sharebox.global\/wp-content\/uploads\/2023\/11\/FoxBok-screen-II.jpg 789w, https:\/\/sharebox.global\/wp-content\/uploads\/2023\/11\/FoxBok-screen-II-300x144.jpg 300w, https:\/\/sharebox.global\/wp-content\/uploads\/2023\/11\/FoxBok-screen-II-768x369.jpg 768w\" sizes=\"(max-width: 789px) 100vw, 789px\" \/><\/figure>\n\n<div class=\"wp-block-group is-layout-constrained wp-block-group-is-layout-constrained\">\n<div class=\"wp-block-columns are-vertically-aligned-center is-layout-flex wp-container-core-columns-is-layout-9d6595d7 wp-block-columns-is-layout-flex\">\n<div class=\"wp-block-column is-vertically-aligned-center is-layout-flow wp-block-column-is-layout-flow\" style=\"flex-basis:100%\">\n<div class=\"wp-block-columns is-layout-flex wp-container-core-columns-is-layout-9d6595d7 wp-block-columns-is-layout-flex\">\n<div class=\"wp-block-column is-vertically-aligned-center is-content-justification-center is-layout-constrained wp-block-column-is-layout-constrained\" style=\"flex-basis:100%\">\n<h2 class=\"wp-block-heading has-text-align-center\"><\/h2>\n<\/div>\n<\/div>\n\n\n\n<div class=\"wp-block-group is-layout-constrained wp-container-core-group-is-layout-45f14f70 wp-block-group-is-layout-constrained\">\n<script charset=\"utf-8\" type=\"text\/javascript\" src=\"\/\/js.hsforms.net\/forms\/embed\/v2.js\"><\/script><script>hbspt.forms.create({\n    region: \"na1\",\n    portalId: \"4025274\",\n    formId: \"1a840dc5-b47e-4c97-85b2-ce7f7e44f4c9\"\n  });\n<\/script>\n<\/div>\n<\/div>\n<\/div>\n<\/div>\n","protected":false},"excerpt":{"rendered":"<p>NUEVO: Sistema de alquiler para tus quioscos Alquiler de veh\u00edculos y mucho m\u00e1s Puede que no alquiles coches como una empresa de alquiler,, pero \u00abalquilas\u00bb<\/p>\n","protected":false},"author":1,"featured_media":0,"parent":32391,"menu_order":0,"comment_status":"closed","ping_status":"closed","template":"","meta":{"_acf_changed":false,"content-type":"","inline_featured_image":false,"footnotes":""},"class_list":["post-44659","page","type-page","status-publish","hentry"],"acf":[],"yoast_head":"<!-- This site is optimized with the Yoast SEO plugin v27.4 - https:\/\/yoast.com\/product\/yoast-seo-wordpress\/ -->\n<title>Sistema de alquiler - Sharebox<\/title>\n<meta name=\"robots\" content=\"index, follow, max-snippet:-1, max-image-preview:large, max-video-preview:-1\" \/>\n<link rel=\"canonical\" href=\"https:\/\/sharebox.global\/es\/casos-practicos\/sistema-de-alquiler\/\" \/>\n<meta property=\"og:locale\" content=\"es_ES\" \/>\n<meta property=\"og:type\" content=\"article\" \/>\n<meta property=\"og:title\" content=\"Sistema de alquiler - Sharebox\" \/>\n<meta property=\"og:description\" content=\"NUEVO: Sistema de alquiler para tus quioscos Alquiler de veh\u00edculos y mucho m\u00e1s Puede que no alquiles coches como una empresa de alquiler,, pero \u00abalquilas\u00bb\" \/>\n<meta property=\"og:url\" content=\"https:\/\/sharebox.global\/es\/casos-practicos\/sistema-de-alquiler\/\" \/>\n<meta property=\"og:site_name\" content=\"Sharebox\" \/>\n<meta property=\"article:publisher\" content=\"https:\/\/www.facebook.com\/SHAREBOX.NO\/\" \/>\n<meta property=\"article:modified_time\" content=\"2025-05-07T07:33:51+00:00\" \/>\n<meta property=\"og:image\" content=\"https:\/\/sharebox.global\/wp-content\/uploads\/2023\/11\/FoxBoxBanner.jpg\" \/>\n\t<meta property=\"og:image:width\" content=\"1920\" \/>\n\t<meta property=\"og:image:height\" content=\"983\" \/>\n\t<meta property=\"og:image:type\" content=\"image\/jpeg\" \/>\n<meta name=\"twitter:card\" content=\"summary_large_image\" \/>\n<meta name=\"twitter:label1\" content=\"Tiempo de lectura\" \/>\n\t<meta name=\"twitter:data1\" content=\"1 minuto\" \/>\n<script type=\"application\/ld+json\" class=\"yoast-schema-graph\">{\"@context\":\"https:\\\/\\\/schema.org\",\"@graph\":[{\"@type\":\"WebPage\",\"@id\":\"https:\\\/\\\/sharebox.global\\\/es\\\/casos-practicos\\\/sistema-de-alquiler\\\/\",\"url\":\"https:\\\/\\\/sharebox.global\\\/es\\\/casos-practicos\\\/sistema-de-alquiler\\\/\",\"name\":\"Sistema de alquiler - Sharebox\",\"isPartOf\":{\"@id\":\"https:\\\/\\\/sharebox.global\\\/es\\\/#website\"},\"primaryImageOfPage\":{\"@id\":\"https:\\\/\\\/sharebox.global\\\/es\\\/casos-practicos\\\/sistema-de-alquiler\\\/#primaryimage\"},\"image\":{\"@id\":\"https:\\\/\\\/sharebox.global\\\/es\\\/casos-practicos\\\/sistema-de-alquiler\\\/#primaryimage\"},\"thumbnailUrl\":\"https:\\\/\\\/sharebox.global\\\/wp-content\\\/uploads\\\/2023\\\/11\\\/FoxBoxBanner.jpg\",\"datePublished\":\"2025-04-04T09:06:22+00:00\",\"dateModified\":\"2025-05-07T07:33:51+00:00\",\"breadcrumb\":{\"@id\":\"https:\\\/\\\/sharebox.global\\\/es\\\/casos-practicos\\\/sistema-de-alquiler\\\/#breadcrumb\"},\"inLanguage\":\"es\",\"potentialAction\":[{\"@type\":\"ReadAction\",\"target\":[\"https:\\\/\\\/sharebox.global\\\/es\\\/casos-practicos\\\/sistema-de-alquiler\\\/\"]}]},{\"@type\":\"ImageObject\",\"inLanguage\":\"es\",\"@id\":\"https:\\\/\\\/sharebox.global\\\/es\\\/casos-practicos\\\/sistema-de-alquiler\\\/#primaryimage\",\"url\":\"https:\\\/\\\/sharebox.global\\\/wp-content\\\/uploads\\\/2023\\\/11\\\/FoxBoxBanner.jpg\",\"contentUrl\":\"https:\\\/\\\/sharebox.global\\\/wp-content\\\/uploads\\\/2023\\\/11\\\/FoxBoxBanner.jpg\"},{\"@type\":\"BreadcrumbList\",\"@id\":\"https:\\\/\\\/sharebox.global\\\/es\\\/casos-practicos\\\/sistema-de-alquiler\\\/#breadcrumb\",\"itemListElement\":[{\"@type\":\"ListItem\",\"position\":1,\"name\":\"Home\",\"item\":\"https:\\\/\\\/sharebox.global\\\/es\\\/\"},{\"@type\":\"ListItem\",\"position\":2,\"name\":\"Casos pr\u00e1cticos\",\"item\":\"https:\\\/\\\/sharebox.global\\\/es\\\/casos-practicos\\\/\"},{\"@type\":\"ListItem\",\"position\":3,\"name\":\"Sistema de alquiler\"}]},{\"@type\":\"WebSite\",\"@id\":\"https:\\\/\\\/sharebox.global\\\/es\\\/#website\",\"url\":\"https:\\\/\\\/sharebox.global\\\/es\\\/\",\"name\":\"Sharebox\",\"description\":\"Infrastructure for 24\\\/7 vehicle handover\",\"publisher\":{\"@id\":\"https:\\\/\\\/sharebox.global\\\/es\\\/#organization\"},\"potentialAction\":[{\"@type\":\"SearchAction\",\"target\":{\"@type\":\"EntryPoint\",\"urlTemplate\":\"https:\\\/\\\/sharebox.global\\\/es\\\/?s={search_term_string}\"},\"query-input\":{\"@type\":\"PropertyValueSpecification\",\"valueRequired\":true,\"valueName\":\"search_term_string\"}}],\"inLanguage\":\"es\"},{\"@type\":\"Organization\",\"@id\":\"https:\\\/\\\/sharebox.global\\\/es\\\/#organization\",\"name\":\"Sharebox\",\"url\":\"https:\\\/\\\/sharebox.global\\\/es\\\/\",\"logo\":{\"@type\":\"ImageObject\",\"inLanguage\":\"es\",\"@id\":\"https:\\\/\\\/sharebox.global\\\/es\\\/#\\\/schema\\\/logo\\\/image\\\/\",\"url\":\"https:\\\/\\\/sharebox.global\\\/wp-content\\\/uploads\\\/2024\\\/04\\\/Sharebox-logo-red-on-white-500px.png\",\"contentUrl\":\"https:\\\/\\\/sharebox.global\\\/wp-content\\\/uploads\\\/2024\\\/04\\\/Sharebox-logo-red-on-white-500px.png\",\"width\":450,\"height\":63,\"caption\":\"Sharebox\"},\"image\":{\"@id\":\"https:\\\/\\\/sharebox.global\\\/es\\\/#\\\/schema\\\/logo\\\/image\\\/\"},\"sameAs\":[\"https:\\\/\\\/www.facebook.com\\\/SHAREBOX.NO\\\/\",\"https:\\\/\\\/www.linkedin.com\\\/company\\\/sharebox-as\\\/\",\"https:\\\/\\\/www.youtube.com\\\/channel\\\/UCGwoGdfNeD59c2s4qhf0gLQ\"]}]}<\/script>\n<!-- \/ Yoast SEO plugin. -->","yoast_head_json":{"title":"Sistema de alquiler - Sharebox","robots":{"index":"index","follow":"follow","max-snippet":"max-snippet:-1","max-image-preview":"max-image-preview:large","max-video-preview":"max-video-preview:-1"},"canonical":"https:\/\/sharebox.global\/es\/casos-practicos\/sistema-de-alquiler\/","og_locale":"es_ES","og_type":"article","og_title":"Sistema de alquiler - Sharebox","og_description":"NUEVO: Sistema de alquiler para tus quioscos Alquiler de veh\u00edculos y mucho m\u00e1s Puede que no alquiles coches como una empresa de alquiler,, pero \u00abalquilas\u00bb","og_url":"https:\/\/sharebox.global\/es\/casos-practicos\/sistema-de-alquiler\/","og_site_name":"Sharebox","article_publisher":"https:\/\/www.facebook.com\/SHAREBOX.NO\/","article_modified_time":"2025-05-07T07:33:51+00:00","og_image":[{"width":1920,"height":983,"url":"https:\/\/sharebox.global\/wp-content\/uploads\/2023\/11\/FoxBoxBanner.jpg","type":"image\/jpeg"}],"twitter_card":"summary_large_image","twitter_misc":{"Tiempo de lectura":"1 minuto"},"schema":{"@context":"https:\/\/schema.org","@graph":[{"@type":"WebPage","@id":"https:\/\/sharebox.global\/es\/casos-practicos\/sistema-de-alquiler\/","url":"https:\/\/sharebox.global\/es\/casos-practicos\/sistema-de-alquiler\/","name":"Sistema de alquiler - Sharebox","isPartOf":{"@id":"https:\/\/sharebox.global\/es\/#website"},"primaryImageOfPage":{"@id":"https:\/\/sharebox.global\/es\/casos-practicos\/sistema-de-alquiler\/#primaryimage"},"image":{"@id":"https:\/\/sharebox.global\/es\/casos-practicos\/sistema-de-alquiler\/#primaryimage"},"thumbnailUrl":"https:\/\/sharebox.global\/wp-content\/uploads\/2023\/11\/FoxBoxBanner.jpg","datePublished":"2025-04-04T09:06:22+00:00","dateModified":"2025-05-07T07:33:51+00:00","breadcrumb":{"@id":"https:\/\/sharebox.global\/es\/casos-practicos\/sistema-de-alquiler\/#breadcrumb"},"inLanguage":"es","potentialAction":[{"@type":"ReadAction","target":["https:\/\/sharebox.global\/es\/casos-practicos\/sistema-de-alquiler\/"]}]},{"@type":"ImageObject","inLanguage":"es","@id":"https:\/\/sharebox.global\/es\/casos-practicos\/sistema-de-alquiler\/#primaryimage","url":"https:\/\/sharebox.global\/wp-content\/uploads\/2023\/11\/FoxBoxBanner.jpg","contentUrl":"https:\/\/sharebox.global\/wp-content\/uploads\/2023\/11\/FoxBoxBanner.jpg"},{"@type":"BreadcrumbList","@id":"https:\/\/sharebox.global\/es\/casos-practicos\/sistema-de-alquiler\/#breadcrumb","itemListElement":[{"@type":"ListItem","position":1,"name":"Home","item":"https:\/\/sharebox.global\/es\/"},{"@type":"ListItem","position":2,"name":"Casos pr\u00e1cticos","item":"https:\/\/sharebox.global\/es\/casos-practicos\/"},{"@type":"ListItem","position":3,"name":"Sistema de alquiler"}]},{"@type":"WebSite","@id":"https:\/\/sharebox.global\/es\/#website","url":"https:\/\/sharebox.global\/es\/","name":"Sharebox","description":"Infrastructure for 24\/7 vehicle handover","publisher":{"@id":"https:\/\/sharebox.global\/es\/#organization"},"potentialAction":[{"@type":"SearchAction","target":{"@type":"EntryPoint","urlTemplate":"https:\/\/sharebox.global\/es\/?s={search_term_string}"},"query-input":{"@type":"PropertyValueSpecification","valueRequired":true,"valueName":"search_term_string"}}],"inLanguage":"es"},{"@type":"Organization","@id":"https:\/\/sharebox.global\/es\/#organization","name":"Sharebox","url":"https:\/\/sharebox.global\/es\/","logo":{"@type":"ImageObject","inLanguage":"es","@id":"https:\/\/sharebox.global\/es\/#\/schema\/logo\/image\/","url":"https:\/\/sharebox.global\/wp-content\/uploads\/2024\/04\/Sharebox-logo-red-on-white-500px.png","contentUrl":"https:\/\/sharebox.global\/wp-content\/uploads\/2024\/04\/Sharebox-logo-red-on-white-500px.png","width":450,"height":63,"caption":"Sharebox"},"image":{"@id":"https:\/\/sharebox.global\/es\/#\/schema\/logo\/image\/"},"sameAs":["https:\/\/www.facebook.com\/SHAREBOX.NO\/","https:\/\/www.linkedin.com\/company\/sharebox-as\/","https:\/\/www.youtube.com\/channel\/UCGwoGdfNeD59c2s4qhf0gLQ"]}]}},"_links":{"self":[{"href":"https:\/\/sharebox.global\/es\/wp-json\/wp\/v2\/pages\/44659","targetHints":{"allow":["GET"]}}],"collection":[{"href":"https:\/\/sharebox.global\/es\/wp-json\/wp\/v2\/pages"}],"about":[{"href":"https:\/\/sharebox.global\/es\/wp-json\/wp\/v2\/types\/page"}],"author":[{"embeddable":true,"href":"https:\/\/sharebox.global\/es\/wp-json\/wp\/v2\/users\/1"}],"replies":[{"embeddable":true,"href":"https:\/\/sharebox.global\/es\/wp-json\/wp\/v2\/comments?post=44659"}],"version-history":[{"count":1,"href":"https:\/\/sharebox.global\/es\/wp-json\/wp\/v2\/pages\/44659\/revisions"}],"predecessor-version":[{"id":44661,"href":"https:\/\/sharebox.global\/es\/wp-json\/wp\/v2\/pages\/44659\/revisions\/44661"}],"up":[{"embeddable":true,"href":"https:\/\/sharebox.global\/es\/wp-json\/wp\/v2\/pages\/32391"}],"wp:attachment":[{"href":"https:\/\/sharebox.global\/es\/wp-json\/wp\/v2\/media?parent=44659"}],"curies":[{"name":"wp","href":"https:\/\/api.w.org\/{rel}","templated":true}]}}