{"id":44714,"date":"2025-04-04T09:06:22","date_gmt":"2025-04-04T09:06:22","guid":{"rendered":"https:\/\/sharebox.global\/quioscos-exteriores\/"},"modified":"2025-09-02T07:30:17","modified_gmt":"2025-09-02T07:30:17","slug":"quioscos-exteriores","status":"publish","type":"page","link":"https:\/\/sharebox.global\/es\/productos\/quioscos-exteriores\/","title":{"rendered":"s32 Quiosco exterior"},"content":{"rendered":"\n<div id=\"intro--block_4ac7f37543bfb5bca2a6a551cd8530de\" class=\"root-level-block intro\" style=\"background: \">\n\n    \n    <div class=\"container\">\n        <div class=\"intro_inner\">\n            <div class=\"intro_info\">\n                <small>Modelos de exterior<\/small>\n                                    <h1>s32<\/h1>\n                                <p style=\"color: ;\">Un quiosco exterior seguro y elegante facilita a los clientes la recogida o entrega de llaves.<\/p>                                    <a \n                                                class=\"wp-block-button__link btn-light larger-button\"\n                        target=\"_self\"\n                        href=\"https:\/\/sharebox.global\/es\/get-started\/\"\n                    >\n                        Ver demostraciones                    <\/a>\n                            <\/div>\n            <div class=\"intro_img\">\n                <img decoding=\"async\" src=\"https:\/\/sharebox.global\/wp-content\/uploads\/2025\/06\/S32_black_largePanel_Sharebox@700900.jpg\" alt=\"\">\n            <\/div>\n        <\/div>\n    <\/div>\n<\/div>\n\n<div id=\"image-with-title-and-description--block_7e6f3d075ea1366a2c3502172a6da40d\" class=\"root-level-block image-with-title-and-description is-style-right-aligned direction-right\">\n    \n    <div class=\"container relative\">\n        <div class=\"halved-image-container\">\n                            <div class=\"halved-image\"><img decoding=\"async\" width=\"1000\" height=\"750\" src=\"https:\/\/sharebox.global\/wp-content\/uploads\/2025\/06\/S32_black_largePanel_blurredPerson_beigeBG@1000750_Sharebox.jpg\" class=\"attachment-large size-large\" alt=\"\" srcset=\"https:\/\/sharebox.global\/wp-content\/uploads\/2025\/06\/S32_black_largePanel_blurredPerson_beigeBG@1000750_Sharebox.jpg 1000w, https:\/\/sharebox.global\/wp-content\/uploads\/2025\/06\/S32_black_largePanel_blurredPerson_beigeBG@1000750_Sharebox-300x225.jpg 300w, https:\/\/sharebox.global\/wp-content\/uploads\/2025\/06\/S32_black_largePanel_blurredPerson_beigeBG@1000750_Sharebox-768x576.jpg 768w\" sizes=\"(max-width: 1000px) 100vw, 1000px\" \/><\/div>\n            \n                            <div class=\"halved\">\n                    <div class=\"halved-type\">\n                                                    <h3>R\u00e1pido y c\u00f3modo<\/h3>\n                                                \n                                                    <ul style=\"margin-left: 0;\" class=\"custom-bullet-list\"><li>Funcionamiento sencillo y autodirigido<\/li><li>M\u00e1xima seguridad en cada intercambio de claves<\/li><li>Atenci\u00f3n al cliente disponible 24 horas al d\u00eda, 7 d\u00edas a la semana<\/li><\/ul>                                            <\/div>\n\n                                                <div class=\"wp-block-button__group\">\n                                                            <\/div>\n                                                            <\/div>\n                    <\/div>\n    <\/div>\n<\/div>\n\n\n<div id=\"repeating-row-of-three-boxes--block_b36db8554c76ccb2569986a5323403f7\" class=\"root-level-block repeating-row-of-three-boxes\">\n\n    <div class=\"container\">\n\n        <div class=\"grey-box-row\">\n                                <!-- Individual box container -->\n                    <div class=\"grey-text-box\">\n                                                    <img decoding=\"async\" width=\"96\" height=\"96\" src=\"https:\/\/sharebox.global\/wp-content\/uploads\/2025\/03\/icon_twoCarKeys@96px.png\" class=\"icon\" alt=\"\" \/>                        \n                                                    <h3>Alta capacidad<\/h3>\n                                                \n                                                    <p>Los quioscos de exterior de la serie S admiten hasta 32 llaves de coche.<\/p>\n                                            <\/div>\n                                    <!-- Individual box container -->\n                    <div class=\"grey-text-box\">\n                                                    <img decoding=\"async\" width=\"96\" height=\"96\" src=\"https:\/\/sharebox.global\/wp-content\/uploads\/2025\/03\/icon_checkbadgesecurityapprovedcertificate@96px.png\" class=\"icon\" alt=\"\" \/>                        \n                                                    <h3>Seguridad certificada  <\/h3>\n                                                \n                                                    <p>Homologado antirrobo, certificado EN 1143-1:2019.\r\n<\/p>\n                                            <\/div>\n                                    <!-- Individual box container -->\n                    <div class=\"grey-text-box\">\n                                                    <img decoding=\"async\" width=\"96\" height=\"96\" src=\"https:\/\/sharebox.global\/wp-content\/uploads\/2025\/03\/icon_handpuzzlefeatures@96px.png\" class=\"icon\" alt=\"\" \/>                        \n                                                    <h3>A\u00f1adir funciones<\/h3>\n                                                \n                                                    <p>A\u00f1adir, integraciones, pago, ID y muchas otras funciones.\r\n<\/p>\n                                            <\/div>\n                                    <\/div>\n    <\/div>    \n<\/div>\n\n\n    <div id=\"accordion--block_c024e4dc46f4becb71256744b288684f\" class=\"root-level-block accordion\">\n        <div class=\"container\">\n                            <details class=\"accordion-item\">\n                    <summary class=\"accordion-title\">Especificaciones t\u00e9cnicas<\/summary>\n                    <div class=\"accordion-content\"><p><img decoding=\"async\" class=\"alignnone wp-image-46245 size-full\" src=\"https:\/\/sharebox.global\/wp-content\/uploads\/2025\/06\/ASM100246-A.png\" alt=\"\" width=\"830\" height=\"1081\" srcset=\"https:\/\/sharebox.global\/wp-content\/uploads\/2025\/06\/ASM100246-A.png 830w, https:\/\/sharebox.global\/wp-content\/uploads\/2025\/06\/ASM100246-A-230x300.png 230w, https:\/\/sharebox.global\/wp-content\/uploads\/2025\/06\/ASM100246-A-786x1024.png 786w, https:\/\/sharebox.global\/wp-content\/uploads\/2025\/06\/ASM100246-A-768x1000.png 768w\" sizes=\"(max-width: 830px) 100vw, 830px\" \/><\/p>\n<p>&nbsp;<\/p>\n<ul>\n<li>Dimensiones del quiosco (AlxAnxPr):s32 sobre bastidor base: 195x70x30 cm | 76,8&#215;27,6&#215;11,8\u2033s32 base de hormig\u00f3n: 203x100x62 cm | 79,7&#215;39,4x 24,2\u2033.<\/li>\n<li>Peso del quiosco:s32: 335kg | 738,55 lb32 sobre base de hormig\u00f3n: 540kg | 1190,50 lb<\/li>\n<li>No. de taquillas: 32 <\/li>\n<li>Dimensiones de la taquilla (AlxAnxPr):6 x 5,5 x 10 cm I 2,4 x 2,2 x 3,9&#8243;<\/li>\n<li>Tama\u00f1o de la pantalla t\u00e1ctil: 15<\/li>\n<li>Conectividad: Ethernet por cable y L TE-M (2G l 3G l 4G)Ethernet-, Wi-Fi-, Router LTE (opcional)<\/li>\n<li>Colores: Negro, Gris, Blanco. Colores personalizados opcionales <\/li>\n<li>Funcionamiento: Exterior e interior<\/li>\n<li>Temp. operativa: -20\u00b0C &#8211; +50\u00b0C<\/li>\n<li>Fuente de alimentaci\u00f3n: 110-240V 50-60Hz<\/li>\n<li>Consumo: 200 W<\/li>\n<\/ul>\n<p><a href=\"https:\/\/145543298.fs1.hubspotusercontent-eu1.net\/hubfs\/145543298\/Sharebox%20Marketing%20Materials\/Product%20Sheets\/s32%2015%20inch\/Sharebox-s32.pdf\">Descargar la ficha t\u00e9cnica del producto (PDF)<\/a><\/p>\n<\/div>\n                <\/details>\n                            <details class=\"accordion-item\">\n                    <summary class=\"accordion-title\">Certificados<\/summary>\n                    <div class=\"accordion-content\"><ul>\n<li><a href=\"https:\/\/sharebox.global\/wp-content\/uploads\/2025\/04\/2025-03-24T10_56_01.676Z-product-approval-1.pdf\">FG Godkjenningsbevis<\/a> &#8211; emitido por FG (Forsikringsselskapenes Godkjennelsesnevnd)<\/li>\n<li><a href=\"https:\/\/sharebox.global\/wp-content\/uploads\/2025\/04\/EN-1143-1-2019-Certificate-SC0327-19-Valid-2030-03-21-1.pdf\">Certificaci\u00f3n EN 1143-1<\/a> &#8211; expedida por RISE (Institutos de Investigaci\u00f3n de Suecia)<\/li>\n<li><a href=\"https:\/\/www.sikringsguiden.dk\/sikringsprodukter\/mekaniske-sikringsprodukter\/?regnumber=10.211-13584\">Danske Sikringsguiden 10.211-13584<\/a><\/li>\n<\/ul>\n<\/div>\n                <\/details>\n                    <\/div>  \n    <\/div>\n\n<div id=\"three-columns-with-support--block_8883aae9188a03ac21d4921acbd1b193\" class=\"root-level-block three-columns-with-support\">\n\n    <div class=\"container\">\n\n        <div class=\"decided\">\n            \n                                \n                            <!-- Display section title if one exists -->\n                <h2 class=\"decided-title text-center\">Empieza<\/h2>\n                            \n                                    \n                        <!-- Column container for the 3 boxes -->\n            <div class=\"column-box-row\">\n                \n                            <!-- Individual box container -->\n                            <div class=\"column-text-box\">\n                                                                    <img decoding=\"async\" width=\"48\" height=\"48\" src=\"https:\/\/sharebox.global\/wp-content\/uploads\/2025\/03\/icon_monitorbookstudent@48.png\" class=\"icon\" alt=\"\" \/>                                \n                                <h3>1. Ver demostraci\u00f3n<\/h3>\n                                <p>M\u00edralo en directo y cu\u00e9ntanos tus necesidades.<\/p>\n                            <\/div>\n\n                        \n                            <!-- Individual box container -->\n                            <div class=\"column-text-box\">\n                                                                    <img decoding=\"async\" width=\"48\" height=\"48\" src=\"https:\/\/sharebox.global\/wp-content\/uploads\/2025\/03\/icon_planblueprint@48.png\" class=\"icon\" alt=\"\" \/>                                \n                                <h3>2. Propuesta a medida<\/h3>\n                                <p>Recibe un plan y una estrategia adaptados a tu negocio y a tus objetivos.<\/p>\n                            <\/div>\n\n                        \n                            <!-- Individual box container -->\n                            <div class=\"column-text-box\">\n                                                                    <img decoding=\"async\" width=\"48\" height=\"48\" src=\"https:\/\/sharebox.global\/wp-content\/uploads\/2025\/03\/icon_toolsscrewdriverwrench@48.png\" class=\"icon\" alt=\"\" \/>                                \n                                <h3>3. Aplicaci\u00f3n<\/h3>\n                                <p>Nos encargamos de la instalaci\u00f3n y configuraci\u00f3n, y formamos a tu personal.<\/p>\n                            <\/div>\n\n                                    <\/div>\n            <!-- End check for enabled columns -->\n\n                        <!-- Button group centered below content -->\n            <div class=\"centered-button-group\">\n                                                <a class=\"wp-block-button__link btn-light\"\n                    href=\"https:\/\/sharebox.global\/es\/get-started\/\"\n                    >\n                        Ver demostraciones                    <\/a>\n                                                <\/div>\n                    <\/div>\n    <\/div>\n<\/div>\n\n<div id=\"image-with-title-and-description--block_95f4c69932aee0213f07ee99007dcd67\" class=\"root-level-block image-with-title-and-description direction-right\">\n    \n    <div class=\"container relative\">\n        <div class=\"halved-image-container\">\n                            <div class=\"halved-image\"><img decoding=\"async\" width=\"1024\" height=\"768\" src=\"https:\/\/sharebox.global\/wp-content\/uploads\/2025\/03\/s32i32m28_blurredPerson_purpleBG@1000_750_Sharebox.jpg\" class=\"attachment-large size-large\" alt=\"\" srcset=\"https:\/\/sharebox.global\/wp-content\/uploads\/2025\/03\/s32i32m28_blurredPerson_purpleBG@1000_750_Sharebox.jpg 1200w, https:\/\/sharebox.global\/wp-content\/uploads\/2025\/03\/s32i32m28_blurredPerson_purpleBG@1000_750_Sharebox-300x225.jpg 300w, https:\/\/sharebox.global\/wp-content\/uploads\/2025\/03\/s32i32m28_blurredPerson_purpleBG@1000_750_Sharebox-768x576.jpg 768w\" sizes=\"(max-width: 1024px) 100vw, 1024px\" \/><\/div>\n            \n                            <div class=\"halved\">\n                    <div class=\"halved-type\">\n                                                    <h3>Dise\u00f1o personalizado y marca blanca<\/h3>\n                                                \n                                                    <p>Todos los quioscos pueden personalizarse para adaptarlos a tu marca y dise\u00f1o\n.<\/p>                                            <\/div>\n\n                                                <div class=\"wp-block-button__group\">\n                                                                        <a class=\"wp-block-button__link btn-light\" \n                                            href=\"\"\n                                            >\n                                            Leer m\u00e1s                                        <\/a>\n                                                                <\/div>\n                                                            <\/div>\n                    <\/div>\n    <\/div>\n<\/div>\n","protected":false},"excerpt":{"rendered":"","protected":false},"author":1,"featured_media":0,"parent":33350,"menu_order":0,"comment_status":"closed","ping_status":"closed","template":"","meta":{"_acf_changed":false,"content-type":"","inline_featured_image":false,"footnotes":""},"class_list":["post-44714","page","type-page","status-publish","hentry"],"acf":[],"yoast_head":"<!-- This site is optimized with the Yoast SEO plugin v27.4 - https:\/\/yoast.com\/product\/yoast-seo-wordpress\/ -->\n<title>s32 Quiosco exterior - Sharebox<\/title>\n<meta name=\"description\" content=\"Los armarios exteriores peque\u00f1os y elegantes facilitan que los clientes recojan o dejen las llaves.\" \/>\n<meta name=\"robots\" content=\"index, follow, max-snippet:-1, max-image-preview:large, max-video-preview:-1\" \/>\n<link rel=\"canonical\" href=\"https:\/\/sharebox.global\/es\/productos\/quioscos-exteriores\/\" \/>\n<meta property=\"og:locale\" content=\"es_ES\" \/>\n<meta property=\"og:type\" content=\"article\" \/>\n<meta property=\"og:title\" content=\"s32 Quiosco exterior\" \/>\n<meta property=\"og:description\" content=\"Los armarios exteriores peque\u00f1os y elegantes facilitan que los clientes recojan o dejen las llaves.\" \/>\n<meta property=\"og:url\" content=\"https:\/\/sharebox.global\/es\/productos\/quioscos-exteriores\/\" \/>\n<meta property=\"og:site_name\" content=\"Sharebox\" \/>\n<meta property=\"article:publisher\" content=\"https:\/\/www.facebook.com\/SHAREBOX.NO\/\" \/>\n<meta property=\"article:modified_time\" content=\"2025-09-02T07:30:17+00:00\" \/>\n<meta property=\"og:image\" content=\"https:\/\/sharebox.global\/wp-content\/uploads\/2025\/04\/Volkswagen-Nutzfahrzeuge-Service-Station-mit-Dach.png\" \/>\n\t<meta property=\"og:image:width\" content=\"1170\" \/>\n\t<meta property=\"og:image:height\" content=\"521\" \/>\n\t<meta property=\"og:image:type\" content=\"image\/png\" \/>\n<meta name=\"twitter:card\" content=\"summary_large_image\" \/>\n<script type=\"application\/ld+json\" class=\"yoast-schema-graph\">{\"@context\":\"https:\\\/\\\/schema.org\",\"@graph\":[{\"@type\":\"WebPage\",\"@id\":\"https:\\\/\\\/sharebox.global\\\/es\\\/productos\\\/quioscos-exteriores\\\/\",\"url\":\"https:\\\/\\\/sharebox.global\\\/es\\\/productos\\\/quioscos-exteriores\\\/\",\"name\":\"s32 Quiosco exterior - Sharebox\",\"isPartOf\":{\"@id\":\"https:\\\/\\\/sharebox.global\\\/es\\\/#website\"},\"datePublished\":\"2025-04-04T09:06:22+00:00\",\"dateModified\":\"2025-09-02T07:30:17+00:00\",\"description\":\"Los armarios exteriores peque\u00f1os y elegantes facilitan que los clientes recojan o dejen las llaves.\",\"breadcrumb\":{\"@id\":\"https:\\\/\\\/sharebox.global\\\/es\\\/productos\\\/quioscos-exteriores\\\/#breadcrumb\"},\"inLanguage\":\"es\",\"potentialAction\":[{\"@type\":\"ReadAction\",\"target\":[\"https:\\\/\\\/sharebox.global\\\/es\\\/productos\\\/quioscos-exteriores\\\/\"]}]},{\"@type\":\"BreadcrumbList\",\"@id\":\"https:\\\/\\\/sharebox.global\\\/es\\\/productos\\\/quioscos-exteriores\\\/#breadcrumb\",\"itemListElement\":[{\"@type\":\"ListItem\",\"position\":1,\"name\":\"Home\",\"item\":\"https:\\\/\\\/sharebox.global\\\/es\\\/\"},{\"@type\":\"ListItem\",\"position\":2,\"name\":\"Productos\",\"item\":\"https:\\\/\\\/contentsuite.sharebox.global\\\/es\\\/productos\\\/\"},{\"@type\":\"ListItem\",\"position\":3,\"name\":\"s32 Quiosco exterior\"}]},{\"@type\":\"WebSite\",\"@id\":\"https:\\\/\\\/sharebox.global\\\/es\\\/#website\",\"url\":\"https:\\\/\\\/sharebox.global\\\/es\\\/\",\"name\":\"Sharebox\",\"description\":\"Infrastructure for 24\\\/7 vehicle handover\",\"publisher\":{\"@id\":\"https:\\\/\\\/sharebox.global\\\/es\\\/#organization\"},\"potentialAction\":[{\"@type\":\"SearchAction\",\"target\":{\"@type\":\"EntryPoint\",\"urlTemplate\":\"https:\\\/\\\/sharebox.global\\\/es\\\/?s={search_term_string}\"},\"query-input\":{\"@type\":\"PropertyValueSpecification\",\"valueRequired\":true,\"valueName\":\"search_term_string\"}}],\"inLanguage\":\"es\"},{\"@type\":\"Organization\",\"@id\":\"https:\\\/\\\/sharebox.global\\\/es\\\/#organization\",\"name\":\"Sharebox\",\"url\":\"https:\\\/\\\/sharebox.global\\\/es\\\/\",\"logo\":{\"@type\":\"ImageObject\",\"inLanguage\":\"es\",\"@id\":\"https:\\\/\\\/sharebox.global\\\/es\\\/#\\\/schema\\\/logo\\\/image\\\/\",\"url\":\"https:\\\/\\\/sharebox.global\\\/wp-content\\\/uploads\\\/2024\\\/04\\\/Sharebox-logo-red-on-white-500px.png\",\"contentUrl\":\"https:\\\/\\\/sharebox.global\\\/wp-content\\\/uploads\\\/2024\\\/04\\\/Sharebox-logo-red-on-white-500px.png\",\"width\":450,\"height\":63,\"caption\":\"Sharebox\"},\"image\":{\"@id\":\"https:\\\/\\\/sharebox.global\\\/es\\\/#\\\/schema\\\/logo\\\/image\\\/\"},\"sameAs\":[\"https:\\\/\\\/www.facebook.com\\\/SHAREBOX.NO\\\/\",\"https:\\\/\\\/www.linkedin.com\\\/company\\\/sharebox-as\\\/\",\"https:\\\/\\\/www.youtube.com\\\/channel\\\/UCGwoGdfNeD59c2s4qhf0gLQ\"]}]}<\/script>\n<!-- \/ Yoast SEO plugin. -->","yoast_head_json":{"title":"s32 Quiosco exterior - Sharebox","description":"Los armarios exteriores peque\u00f1os y elegantes facilitan que los clientes recojan o dejen las llaves.","robots":{"index":"index","follow":"follow","max-snippet":"max-snippet:-1","max-image-preview":"max-image-preview:large","max-video-preview":"max-video-preview:-1"},"canonical":"https:\/\/sharebox.global\/es\/productos\/quioscos-exteriores\/","og_locale":"es_ES","og_type":"article","og_title":"s32 Quiosco exterior","og_description":"Los armarios exteriores peque\u00f1os y elegantes facilitan que los clientes recojan o dejen las llaves.","og_url":"https:\/\/sharebox.global\/es\/productos\/quioscos-exteriores\/","og_site_name":"Sharebox","article_publisher":"https:\/\/www.facebook.com\/SHAREBOX.NO\/","article_modified_time":"2025-09-02T07:30:17+00:00","og_image":[{"width":1170,"height":521,"url":"https:\/\/sharebox.global\/wp-content\/uploads\/2025\/04\/Volkswagen-Nutzfahrzeuge-Service-Station-mit-Dach.png","type":"image\/png"}],"twitter_card":"summary_large_image","schema":{"@context":"https:\/\/schema.org","@graph":[{"@type":"WebPage","@id":"https:\/\/sharebox.global\/es\/productos\/quioscos-exteriores\/","url":"https:\/\/sharebox.global\/es\/productos\/quioscos-exteriores\/","name":"s32 Quiosco exterior - Sharebox","isPartOf":{"@id":"https:\/\/sharebox.global\/es\/#website"},"datePublished":"2025-04-04T09:06:22+00:00","dateModified":"2025-09-02T07:30:17+00:00","description":"Los armarios exteriores peque\u00f1os y elegantes facilitan que los clientes recojan o dejen las llaves.","breadcrumb":{"@id":"https:\/\/sharebox.global\/es\/productos\/quioscos-exteriores\/#breadcrumb"},"inLanguage":"es","potentialAction":[{"@type":"ReadAction","target":["https:\/\/sharebox.global\/es\/productos\/quioscos-exteriores\/"]}]},{"@type":"BreadcrumbList","@id":"https:\/\/sharebox.global\/es\/productos\/quioscos-exteriores\/#breadcrumb","itemListElement":[{"@type":"ListItem","position":1,"name":"Home","item":"https:\/\/sharebox.global\/es\/"},{"@type":"ListItem","position":2,"name":"Productos","item":"https:\/\/contentsuite.sharebox.global\/es\/productos\/"},{"@type":"ListItem","position":3,"name":"s32 Quiosco exterior"}]},{"@type":"WebSite","@id":"https:\/\/sharebox.global\/es\/#website","url":"https:\/\/sharebox.global\/es\/","name":"Sharebox","description":"Infrastructure for 24\/7 vehicle handover","publisher":{"@id":"https:\/\/sharebox.global\/es\/#organization"},"potentialAction":[{"@type":"SearchAction","target":{"@type":"EntryPoint","urlTemplate":"https:\/\/sharebox.global\/es\/?s={search_term_string}"},"query-input":{"@type":"PropertyValueSpecification","valueRequired":true,"valueName":"search_term_string"}}],"inLanguage":"es"},{"@type":"Organization","@id":"https:\/\/sharebox.global\/es\/#organization","name":"Sharebox","url":"https:\/\/sharebox.global\/es\/","logo":{"@type":"ImageObject","inLanguage":"es","@id":"https:\/\/sharebox.global\/es\/#\/schema\/logo\/image\/","url":"https:\/\/sharebox.global\/wp-content\/uploads\/2024\/04\/Sharebox-logo-red-on-white-500px.png","contentUrl":"https:\/\/sharebox.global\/wp-content\/uploads\/2024\/04\/Sharebox-logo-red-on-white-500px.png","width":450,"height":63,"caption":"Sharebox"},"image":{"@id":"https:\/\/sharebox.global\/es\/#\/schema\/logo\/image\/"},"sameAs":["https:\/\/www.facebook.com\/SHAREBOX.NO\/","https:\/\/www.linkedin.com\/company\/sharebox-as\/","https:\/\/www.youtube.com\/channel\/UCGwoGdfNeD59c2s4qhf0gLQ"]}]}},"_links":{"self":[{"href":"https:\/\/sharebox.global\/es\/wp-json\/wp\/v2\/pages\/44714","targetHints":{"allow":["GET"]}}],"collection":[{"href":"https:\/\/sharebox.global\/es\/wp-json\/wp\/v2\/pages"}],"about":[{"href":"https:\/\/sharebox.global\/es\/wp-json\/wp\/v2\/types\/page"}],"author":[{"embeddable":true,"href":"https:\/\/sharebox.global\/es\/wp-json\/wp\/v2\/users\/1"}],"replies":[{"embeddable":true,"href":"https:\/\/sharebox.global\/es\/wp-json\/wp\/v2\/comments?post=44714"}],"version-history":[{"count":6,"href":"https:\/\/sharebox.global\/es\/wp-json\/wp\/v2\/pages\/44714\/revisions"}],"predecessor-version":[{"id":47168,"href":"https:\/\/sharebox.global\/es\/wp-json\/wp\/v2\/pages\/44714\/revisions\/47168"}],"up":[{"embeddable":true,"href":"https:\/\/sharebox.global\/es\/wp-json\/wp\/v2\/pages\/33350"}],"wp:attachment":[{"href":"https:\/\/sharebox.global\/es\/wp-json\/wp\/v2\/media?parent=44714"}],"curies":[{"name":"wp","href":"https:\/\/api.w.org\/{rel}","templated":true}]}}