{"id":44750,"date":"2025-04-04T09:06:22","date_gmt":"2025-04-04T09:06:22","guid":{"rendered":"https:\/\/sharebox.global\/ofertas-de-empleo\/"},"modified":"2025-05-07T07:34:02","modified_gmt":"2025-05-07T07:34:02","slug":"ofertas-de-empleo","status":"publish","type":"page","link":"https:\/\/sharebox.global\/es\/ofertas-de-empleo\/","title":{"rendered":"Ofertas de empleo"},"content":{"rendered":"\n<h2 class=\"wp-block-heading has-text-align-center\"><strong>Ofertas de empleo  <\/strong><\/h2>\n\n<h2 class=\"wp-block-heading has-text-align-center\">\u00a1Estamos reclutando activamente!<\/h2>\n\n<figure class=\"wp-block-embed is-type-video is-provider-youtube wp-block-embed-youtube wp-embed-aspect-16-9 wp-has-aspect-ratio\"><div class=\"wp-block-embed__wrapper\">\n<iframe title=\"Sharebox - Who We Are\" width=\"1240\" height=\"698\" src=\"https:\/\/www.youtube.com\/embed\/6wD837wkVqM?feature=oembed\" frameborder=\"0\" allow=\"accelerometer; autoplay; clipboard-write; encrypted-media; gyroscope; picture-in-picture; web-share\" referrerpolicy=\"strict-origin-when-cross-origin\" allowfullscreen><\/iframe>\n<\/div><\/figure>\n\n<p class=\"has-text-align-center\"><strong><em>Esperamos un fuerte enfoque en la digitalizaci\u00f3n en el  <\/em><\/strong><br\/><strong><em>pr\u00f3ximos a\u00f1os y estamos ampliando nuestros servicios y  <\/em><\/strong><br\/><strong><em>capacidades en todo el mundo. Damos la bienvenida a m\u00e1s personas   <\/em><\/strong><br\/><strong><em>a nuestro equipo, dice Arne Eivind Andersen,  <\/em><\/strong><br\/><strong><em>Director General y Fundador.<\/em><\/strong><\/p>\n\n<h2 class=\"wp-block-heading has-text-align-center\">Nuestra gente es el esp\u00edritu innovador de <br\/>en el n\u00facleo de <br\/>Sharebox.<\/h2>\n\n<h2 class=\"wp-block-heading has-text-align-center\"><strong>Estamos reclutando activamente:<\/strong><\/h2>\n\n<div class=\"wp-block-group alignwide is-content-justification-center is-nowrap is-layout-flex wp-container-core-group-is-layout-94bc23d7 wp-block-group-is-layout-flex\">\n<div class=\"wp-block-columns alignwide are-vertically-aligned-center is-layout-flex wp-container-core-columns-is-layout-9d6595d7 wp-block-columns-is-layout-flex\">\n<div class=\"wp-block-column is-vertically-aligned-center is-layout-flow wp-block-column-is-layout-flow\" style=\"flex-basis:100%\">\n<ul class=\"wp-block-list\">\n<li><strong>Desarrolladores de software<\/strong><\/li>\n\n\n\n<li><strong>Probadores de software<\/strong><\/li>\n\n\n\n<li><strong>Software para Jefes de Grupo<\/strong><\/li>\n\n\n\n<li><strong>Propietario de producto<\/strong><\/li>\n\n\n\n<li><strong>Propietario del proceso<\/strong><\/li>\n\n\n\n<li><strong>Coordinadores de producci\u00f3n<\/strong><\/li>\n\n\n\n<li><strong>Coordinadores de log\u00edstica<\/strong><\/li>\n\n\n\n<li><strong>Coordinadores de operaciones<\/strong><\/li>\n<\/ul>\n<\/div>\n<\/div>\n<\/div>\n\n<p><\/p>\n\n<h2 class=\"wp-block-heading has-text-align-center\">Qu\u00e9 buscamos<\/h2>\n\n<p class=\"has-text-align-center\"><strong>Queremos personas que se preocupen por encontrar los <br\/>problemas adecuados que resolver y que se preocupen por hacer su <br\/>mejor trabajo. Tanto si la respuesta es a trav\u00e9s del producto <br\/>como de mejoras en el software, queremos arremangarnos <br\/>y desafiar c\u00f3mo se hacen las cosas. Queremos <br\/>construir algo que deje una <br\/>impresi\u00f3n positiva y duradera.  <\/strong><\/p>\n\n<p class=\"has-text-align-center\"><strong>Lo que nuestro equipo pide<\/strong><br\/>Debes ser capaz de comunicarte en noruego y <br\/>tener buenos conocimientos de ingl\u00e9s. Preferiblemente estudios universitarios \/<br\/>universidad. La experiencia y competencia relevantes pueden<br\/>compensar la falta de estudios superiores.  <\/p>\n\n<p class=\"has-text-align-center\"><strong>Lo que ofrecemos<\/strong><br\/>Tareas emocionantes y desafiantes en una empresa l\u00edder del mercado <br\/>en crecimiento. Reservar tiempo cada semana para <br\/>el aprendizaje y el desarrollo profesional. Buenas <br\/>oportunidades de desarrollo profesional en <br\/>proyectos de mayor envergadura. S\u00f3lido entorno profesional <br\/>que te proporcionar\u00e1 retos y conocimientos para que <br\/>puedas convertirte r\u00e1pidamente en parte del equipo. Horario de trabajo flexible <br\/>. Buenos planes de pensiones y seguros que incluyen<br\/>condiciones competitivas.     <\/p>\n\n<p class=\"has-text-align-center\"><strong>Beneficios <\/strong><br\/>Buen salario, buenos planes de pensiones, seguros y<br\/>permiso parental, vacaciones de Navidad y Semana Santa en <br\/>adem\u00e1s de las vacaciones regulares. Tenemos una c\u00f3moda <br\/>jornada laboral en unas modernas instalaciones con zonas sociales, <br\/>sal\u00f3n con vistas al mar, cocina\/comedor, m\u00e1quina de caf\u00e9 <br\/>y una playa cercana para tu ba\u00f1o matutino <br\/>\u00a1si te gustan esas cosas! <\/p>\n\n<p class=\"has-text-align-center\"><strong>Conocimientos \u00datiles<\/strong><br\/>El lugar de trabajo est\u00e1 en Tangen All\u00e9 41, 4817 His, Arendal<br\/>El plazo de solicitud es lo antes posible. <br\/>Evaluamos las solicitudes de forma continua.<\/p>\n\n<h2 class=\"wp-block-heading has-text-align-center\">\u00bfListo para empezar un nuevo cap\u00edtulo con nosotros?<\/h2>\n\n<div class=\"wp-block-columns alignwide are-vertically-aligned-center is-layout-flex wp-container-core-columns-is-layout-9d6595d7 wp-block-columns-is-layout-flex\">\n<div class=\"wp-block-column is-vertically-aligned-center is-layout-flow wp-block-column-is-layout-flow\" style=\"flex-basis:100%\">\n<div class=\"wp-block-columns is-layout-flex wp-container-core-columns-is-layout-9d6595d7 wp-block-columns-is-layout-flex\">\n<div class=\"wp-block-column is-layout-flow wp-block-column-is-layout-flow\" style=\"flex-basis:100%\">\n<div class=\"wp-block-group is-layout-constrained wp-block-group-is-layout-constrained\">\n<div class=\"wp-block-columns is-layout-flex wp-container-core-columns-is-layout-9d6595d7 wp-block-columns-is-layout-flex\">\n<div class=\"wp-block-column is-vertically-aligned-center is-layout-flow wp-block-column-is-layout-flow\" style=\"flex-basis:100%\">\n<script charset=\"utf-8\" type=\"text\/javascript\" src=\"\/\/js.hsforms.net\/forms\/embed\/v2.js\"><\/script><script>hbspt.forms.create({\n    region: \"na1\",\n    portalId: \"4025274\",\n    formId: \"2d9b8bb4-0ba5-4c3c-937c-3ac93592b66c\"\n  });\n<\/script>\n<\/div>\n<\/div>\n<\/div>\n<\/div>\n<\/div>\n<\/div>\n<\/div>\n\n<p class=\"has-text-align-center\"><\/p>\n","protected":false},"excerpt":{"rendered":"<p>Ofertas de empleo \u00a1Estamos reclutando activamente! Esperamos un fuerte enfoque en la digitalizaci\u00f3n en el pr\u00f3ximos a\u00f1os y estamos ampliando nuestros servicios y capacidades en<\/p>\n","protected":false},"author":1,"featured_media":0,"parent":0,"menu_order":0,"comment_status":"closed","ping_status":"closed","template":"","meta":{"_acf_changed":false,"content-type":"","inline_featured_image":false,"footnotes":""},"class_list":["post-44750","page","type-page","status-publish","hentry"],"acf":[],"yoast_head":"<!-- This site is optimized with the Yoast SEO plugin v27.5 - https:\/\/yoast.com\/product\/yoast-seo-wordpress\/ -->\n<title>Ofertas de empleo - Sharebox<\/title>\n<meta name=\"robots\" content=\"index, follow, max-snippet:-1, max-image-preview:large, max-video-preview:-1\" \/>\n<link rel=\"canonical\" href=\"https:\/\/sharebox.global\/es\/ofertas-de-empleo\/\" \/>\n<meta property=\"og:locale\" content=\"es_ES\" \/>\n<meta property=\"og:type\" content=\"article\" \/>\n<meta property=\"og:title\" content=\"Ofertas de empleo - Sharebox\" \/>\n<meta property=\"og:description\" content=\"Ofertas de empleo \u00a1Estamos reclutando activamente! Esperamos un fuerte enfoque en la digitalizaci\u00f3n en el pr\u00f3ximos a\u00f1os y estamos ampliando nuestros servicios y capacidades en\" \/>\n<meta property=\"og:url\" content=\"https:\/\/sharebox.global\/es\/ofertas-de-empleo\/\" \/>\n<meta property=\"og:site_name\" content=\"Sharebox\" \/>\n<meta property=\"article:publisher\" content=\"https:\/\/www.facebook.com\/SHAREBOX.NO\/\" \/>\n<meta property=\"article:modified_time\" content=\"2025-05-07T07:34:02+00:00\" \/>\n<meta property=\"og:image\" content=\"https:\/\/sharebox.global\/wp-content\/uploads\/2025\/04\/Volkswagen-Nutzfahrzeuge-Service-Station-mit-Dach.png\" \/>\n\t<meta property=\"og:image:width\" content=\"1170\" \/>\n\t<meta property=\"og:image:height\" content=\"521\" \/>\n\t<meta property=\"og:image:type\" content=\"image\/png\" \/>\n<meta name=\"twitter:card\" content=\"summary_large_image\" \/>\n<meta name=\"twitter:label1\" content=\"Tiempo de lectura\" \/>\n\t<meta name=\"twitter:data1\" content=\"2 minuto\" \/>\n<script type=\"application\/ld+json\" class=\"yoast-schema-graph\">{\"@context\":\"https:\\\/\\\/schema.org\",\"@graph\":[{\"@type\":\"WebPage\",\"@id\":\"https:\\\/\\\/sharebox.global\\\/es\\\/ofertas-de-empleo\\\/\",\"url\":\"https:\\\/\\\/sharebox.global\\\/es\\\/ofertas-de-empleo\\\/\",\"name\":\"Ofertas de empleo - Sharebox\",\"isPartOf\":{\"@id\":\"https:\\\/\\\/sharebox.global\\\/es\\\/#website\"},\"datePublished\":\"2025-04-04T09:06:22+00:00\",\"dateModified\":\"2025-05-07T07:34:02+00:00\",\"breadcrumb\":{\"@id\":\"https:\\\/\\\/sharebox.global\\\/es\\\/ofertas-de-empleo\\\/#breadcrumb\"},\"inLanguage\":\"es\",\"potentialAction\":[{\"@type\":\"ReadAction\",\"target\":[\"https:\\\/\\\/sharebox.global\\\/es\\\/ofertas-de-empleo\\\/\"]}]},{\"@type\":\"BreadcrumbList\",\"@id\":\"https:\\\/\\\/sharebox.global\\\/es\\\/ofertas-de-empleo\\\/#breadcrumb\",\"itemListElement\":[{\"@type\":\"ListItem\",\"position\":1,\"name\":\"Home\",\"item\":\"https:\\\/\\\/sharebox.global\\\/es\\\/\"},{\"@type\":\"ListItem\",\"position\":2,\"name\":\"Ofertas de empleo\"}]},{\"@type\":\"WebSite\",\"@id\":\"https:\\\/\\\/sharebox.global\\\/es\\\/#website\",\"url\":\"https:\\\/\\\/sharebox.global\\\/es\\\/\",\"name\":\"Sharebox\",\"description\":\"Infrastructure for 24\\\/7 vehicle handover\",\"publisher\":{\"@id\":\"https:\\\/\\\/sharebox.global\\\/es\\\/#organization\"},\"potentialAction\":[{\"@type\":\"SearchAction\",\"target\":{\"@type\":\"EntryPoint\",\"urlTemplate\":\"https:\\\/\\\/sharebox.global\\\/es\\\/?s={search_term_string}\"},\"query-input\":{\"@type\":\"PropertyValueSpecification\",\"valueRequired\":true,\"valueName\":\"search_term_string\"}}],\"inLanguage\":\"es\"},{\"@type\":\"Organization\",\"@id\":\"https:\\\/\\\/sharebox.global\\\/es\\\/#organization\",\"name\":\"Sharebox\",\"url\":\"https:\\\/\\\/sharebox.global\\\/es\\\/\",\"logo\":{\"@type\":\"ImageObject\",\"inLanguage\":\"es\",\"@id\":\"https:\\\/\\\/sharebox.global\\\/es\\\/#\\\/schema\\\/logo\\\/image\\\/\",\"url\":\"https:\\\/\\\/sharebox.global\\\/wp-content\\\/uploads\\\/2024\\\/04\\\/Sharebox-logo-red-on-white-500px.png\",\"contentUrl\":\"https:\\\/\\\/sharebox.global\\\/wp-content\\\/uploads\\\/2024\\\/04\\\/Sharebox-logo-red-on-white-500px.png\",\"width\":450,\"height\":63,\"caption\":\"Sharebox\"},\"image\":{\"@id\":\"https:\\\/\\\/sharebox.global\\\/es\\\/#\\\/schema\\\/logo\\\/image\\\/\"},\"sameAs\":[\"https:\\\/\\\/www.facebook.com\\\/SHAREBOX.NO\\\/\",\"https:\\\/\\\/www.linkedin.com\\\/company\\\/sharebox-as\\\/\",\"https:\\\/\\\/www.youtube.com\\\/channel\\\/UCGwoGdfNeD59c2s4qhf0gLQ\"]}]}<\/script>\n<!-- \/ Yoast SEO plugin. -->","yoast_head_json":{"title":"Ofertas de empleo - Sharebox","robots":{"index":"index","follow":"follow","max-snippet":"max-snippet:-1","max-image-preview":"max-image-preview:large","max-video-preview":"max-video-preview:-1"},"canonical":"https:\/\/sharebox.global\/es\/ofertas-de-empleo\/","og_locale":"es_ES","og_type":"article","og_title":"Ofertas de empleo - Sharebox","og_description":"Ofertas de empleo \u00a1Estamos reclutando activamente! Esperamos un fuerte enfoque en la digitalizaci\u00f3n en el pr\u00f3ximos a\u00f1os y estamos ampliando nuestros servicios y capacidades en","og_url":"https:\/\/sharebox.global\/es\/ofertas-de-empleo\/","og_site_name":"Sharebox","article_publisher":"https:\/\/www.facebook.com\/SHAREBOX.NO\/","article_modified_time":"2025-05-07T07:34:02+00:00","og_image":[{"width":1170,"height":521,"url":"https:\/\/sharebox.global\/wp-content\/uploads\/2025\/04\/Volkswagen-Nutzfahrzeuge-Service-Station-mit-Dach.png","type":"image\/png"}],"twitter_card":"summary_large_image","twitter_misc":{"Tiempo de lectura":"2 minuto"},"schema":{"@context":"https:\/\/schema.org","@graph":[{"@type":"WebPage","@id":"https:\/\/sharebox.global\/es\/ofertas-de-empleo\/","url":"https:\/\/sharebox.global\/es\/ofertas-de-empleo\/","name":"Ofertas de empleo - Sharebox","isPartOf":{"@id":"https:\/\/sharebox.global\/es\/#website"},"datePublished":"2025-04-04T09:06:22+00:00","dateModified":"2025-05-07T07:34:02+00:00","breadcrumb":{"@id":"https:\/\/sharebox.global\/es\/ofertas-de-empleo\/#breadcrumb"},"inLanguage":"es","potentialAction":[{"@type":"ReadAction","target":["https:\/\/sharebox.global\/es\/ofertas-de-empleo\/"]}]},{"@type":"BreadcrumbList","@id":"https:\/\/sharebox.global\/es\/ofertas-de-empleo\/#breadcrumb","itemListElement":[{"@type":"ListItem","position":1,"name":"Home","item":"https:\/\/sharebox.global\/es\/"},{"@type":"ListItem","position":2,"name":"Ofertas de empleo"}]},{"@type":"WebSite","@id":"https:\/\/sharebox.global\/es\/#website","url":"https:\/\/sharebox.global\/es\/","name":"Sharebox","description":"Infrastructure for 24\/7 vehicle handover","publisher":{"@id":"https:\/\/sharebox.global\/es\/#organization"},"potentialAction":[{"@type":"SearchAction","target":{"@type":"EntryPoint","urlTemplate":"https:\/\/sharebox.global\/es\/?s={search_term_string}"},"query-input":{"@type":"PropertyValueSpecification","valueRequired":true,"valueName":"search_term_string"}}],"inLanguage":"es"},{"@type":"Organization","@id":"https:\/\/sharebox.global\/es\/#organization","name":"Sharebox","url":"https:\/\/sharebox.global\/es\/","logo":{"@type":"ImageObject","inLanguage":"es","@id":"https:\/\/sharebox.global\/es\/#\/schema\/logo\/image\/","url":"https:\/\/sharebox.global\/wp-content\/uploads\/2024\/04\/Sharebox-logo-red-on-white-500px.png","contentUrl":"https:\/\/sharebox.global\/wp-content\/uploads\/2024\/04\/Sharebox-logo-red-on-white-500px.png","width":450,"height":63,"caption":"Sharebox"},"image":{"@id":"https:\/\/sharebox.global\/es\/#\/schema\/logo\/image\/"},"sameAs":["https:\/\/www.facebook.com\/SHAREBOX.NO\/","https:\/\/www.linkedin.com\/company\/sharebox-as\/","https:\/\/www.youtube.com\/channel\/UCGwoGdfNeD59c2s4qhf0gLQ"]}]}},"_links":{"self":[{"href":"https:\/\/sharebox.global\/es\/wp-json\/wp\/v2\/pages\/44750","targetHints":{"allow":["GET"]}}],"collection":[{"href":"https:\/\/sharebox.global\/es\/wp-json\/wp\/v2\/pages"}],"about":[{"href":"https:\/\/sharebox.global\/es\/wp-json\/wp\/v2\/types\/page"}],"author":[{"embeddable":true,"href":"https:\/\/sharebox.global\/es\/wp-json\/wp\/v2\/users\/1"}],"replies":[{"embeddable":true,"href":"https:\/\/sharebox.global\/es\/wp-json\/wp\/v2\/comments?post=44750"}],"version-history":[{"count":1,"href":"https:\/\/sharebox.global\/es\/wp-json\/wp\/v2\/pages\/44750\/revisions"}],"predecessor-version":[{"id":44751,"href":"https:\/\/sharebox.global\/es\/wp-json\/wp\/v2\/pages\/44750\/revisions\/44751"}],"wp:attachment":[{"href":"https:\/\/sharebox.global\/es\/wp-json\/wp\/v2\/media?parent=44750"}],"curies":[{"name":"wp","href":"https:\/\/api.w.org\/{rel}","templated":true}]}}