{"id":48805,"date":"2026-03-03T12:39:32","date_gmt":"2026-03-03T12:39:32","guid":{"rendered":"https:\/\/sharebox.global\/seguridad-y-cumplimiento-en-sharebox\/"},"modified":"2026-03-03T12:41:58","modified_gmt":"2026-03-03T12:41:58","slug":"seguridad-y-cumplimiento-en-sharebox","status":"publish","type":"page","link":"https:\/\/sharebox.global\/es\/seguridad-y-cumplimiento-en-sharebox\/","title":{"rendered":"Seguridad y Cumplimiento en Sharebox"},"content":{"rendered":"\n<p><\/p>\n\r\n<div id=\"image-coloured-background-width-text-block--block_289f29607eeef63d5acac123a5153e3f\" \r\n     class=\"root-level-block image-coloured-background-width-text-block breathing-space\" \r\n     >\r\n\r\n    <div class=\"container relative\">\r\n                    <div class=\"sidequest-image\"><img decoding=\"async\" width=\"1024\" height=\"661\" src=\"https:\/\/sharebox.global\/wp-content\/uploads\/2026\/02\/1d6242c080a26bbc3c7ad87d2d1d0325ea6d1372-1024x661.jpg\" class=\"attachment-large size-large\" alt=\"\" srcset=\"https:\/\/sharebox.global\/wp-content\/uploads\/2026\/02\/1d6242c080a26bbc3c7ad87d2d1d0325ea6d1372-1024x661.jpg 1024w, https:\/\/sharebox.global\/wp-content\/uploads\/2026\/02\/1d6242c080a26bbc3c7ad87d2d1d0325ea6d1372-300x194.jpg 300w, https:\/\/sharebox.global\/wp-content\/uploads\/2026\/02\/1d6242c080a26bbc3c7ad87d2d1d0325ea6d1372-768x496.jpg 768w, https:\/\/sharebox.global\/wp-content\/uploads\/2026\/02\/1d6242c080a26bbc3c7ad87d2d1d0325ea6d1372-1536x992.jpg 1536w, https:\/\/sharebox.global\/wp-content\/uploads\/2026\/02\/1d6242c080a26bbc3c7ad87d2d1d0325ea6d1372-2048x1322.jpg 2048w\" sizes=\"(max-width: 1024px) 100vw, 1024px\" \/><\/div>\r\n        \r\n                <div class=\"sidequest\">\r\n            <div class=\"sidequest-type\">\r\n                                    <h2>Seguridad y Cumplimiento en Sharebox<\/h2>\r\n                                \r\n\r\n                                            <p>Cuando los clientes dejan las llaves de sus veh\u00edculos fuera del horario comercial, la confianza importa.\nSharebox est\u00e1 dise\u00f1ado para proteger tus operaciones con seguridad f\u00edsica de nivel empresarial, supervisi\u00f3n inteligente y trazabilidad total, para que mantengas el control en todo momento.<\/p>                                    <\/div>\r\n            \r\n            \r\n                    <\/div>\r\n            <\/div>\r\n<\/div>\r\n\n<div class=\"wp-block-columns is-layout-flex wp-container-core-columns-is-layout-9d6595d7 wp-block-columns-is-layout-flex\">\n<div class=\"wp-block-column is-layout-constrained wp-container-core-column-is-layout-effdd0b2 wp-block-column-is-layout-constrained\">\n<div style=\"height:100px\" aria-hidden=\"true\" class=\"wp-block-spacer\"><\/div>\n\n\n\n<h2 class=\"wp-block-heading\">Protecci\u00f3n f\u00edsica certificada (s32)<\/h2>\n\n\n\n<p>Para entornos con mayores requisitos de seguridad, el Sharebox s32 est\u00e1 certificado seg\u00fan:<\/p>\n\n\n\n<p>EN 1143-1 Grado 0: norma europea reconocida para el almacenamiento seguro.<\/p>\n\n\n\n<p>Qu\u00e9 significa esto para ti<\/p>\n\n\n\n<ul class=\"wp-block-list\">\n<li>Protecci\u00f3n f\u00edsica homologada para llaves de veh\u00edculos<\/li>\n\n\n\n<li>Mayor aceptaci\u00f3n en seguros y evaluaciones de riesgos<\/li>\n\n\n\n<li>Adecuado para veh\u00edculos de gran valor e instalaciones empresariales<\/li>\n<\/ul>\n\n\n\n<p>El s32 est\u00e1 fabricado para ofrecer el nivel de protecci\u00f3n que se espera de un equipo de seguridad profesional, no s\u00f3lo de un sistema de taquillas est\u00e1ndar.<\/p>\n<\/div>\n<\/div>\n\n<div class=\"wp-block-columns is-layout-flex wp-container-core-columns-is-layout-9d6595d7 wp-block-columns-is-layout-flex\">\n<div class=\"wp-block-column is-layout-constrained wp-container-core-column-is-layout-effdd0b2 wp-block-column-is-layout-constrained\">\n<div style=\"height:100px\" aria-hidden=\"true\" class=\"wp-block-spacer\"><\/div>\n\n\n\n<h2 class=\"wp-block-heading\">Detecci\u00f3n de manipulaciones y alertas de allanamiento<\/h2>\n\n\n\n<p>Sharebox supervisa continuamente la actividad an\u00f3mala.<br\/>Seg\u00fan el modelo y la configuraci\u00f3n, el sistema puede detectar:<\/p>\n\n\n\n<ul class=\"wp-block-list\">\n<li>Retirada del panel frontal o de la carcasa (manipulaci\u00f3n)<\/li>\n\n\n\n<li>Apertura de taquillas sin autorizaci\u00f3n del sistema (acceso forzado)<\/li>\n\n\n\n<li>Actividad inusual que indica una posible interferencia<\/li>\n<\/ul>\n\n\n\n<p>Tu beneficio<\/p>\n\n\n\n<ul class=\"wp-block-list\">\n<li>Conocimiento inmediato de posibles incidentes<\/li>\n\n\n\n<li>Respuesta m\u00e1s r\u00e1pida del personal local o de los equipos de seguridad<\/li>\n\n\n\n<li>Reducci\u00f3n del riesgo de manipulaci\u00f3n inadvertida<\/li>\n<\/ul>\n\n\n\n<p>Cada evento se registra para una total transparencia operativa.<\/p>\n<\/div>\n<\/div>\n\n<div class=\"wp-block-columns is-layout-flex wp-container-core-columns-is-layout-9d6595d7 wp-block-columns-is-layout-flex\">\n<div class=\"wp-block-column is-layout-constrained wp-container-core-column-is-layout-effdd0b2 wp-block-column-is-layout-constrained\">\n<div style=\"height:100px\" aria-hidden=\"true\" class=\"wp-block-spacer\"><\/div>\n\n\n\n<h2 class=\"wp-block-heading\">Siempre vigilado, incluso sin conexi\u00f3n<\/h2>\n\n\n\n<p>Si un quiosco se desconecta debido a una interrupci\u00f3n del suministro el\u00e9ctrico, a una p\u00e9rdida de red o a su retirada f\u00edsica, el sistema se\u00f1ala el suceso como un posible problema de seguridad.<\/p>\n\n\n\n<p><strong>Por qu\u00e9 es importante<\/strong><\/p>\n\n\n\n<ul class=\"wp-block-list\">\n<li>Detecci\u00f3n precoz de intentos de sabotaje o robo<\/li>\n\n\n\n<li>Protecci\u00f3n contra la eliminaci\u00f3n silenciosa del sistema<\/li>\n\n\n\n<li>Supervisi\u00f3n operativa continua en todas las sedes<\/li>\n<\/ul>\n<\/div>\n<\/div>\n\n<div class=\"wp-block-columns is-layout-flex wp-container-core-columns-is-layout-9d6595d7 wp-block-columns-is-layout-flex\">\n<div class=\"wp-block-column is-layout-constrained wp-container-core-column-is-layout-effdd0b2 wp-block-column-is-layout-constrained\">\n<div style=\"height:100px\" aria-hidden=\"true\" class=\"wp-block-spacer\"><\/div>\n\n\n\n<h2 class=\"wp-block-heading\">Trazabilidad total de cada llave<\/h2>\n\n\n\n<p>La seguridad no es s\u00f3lo protecci\u00f3n: es responsabilidad.<\/p>\n\n\n\n<p>Sharebox proporciona:<\/p>\n\n\n\n<ul class=\"wp-block-list\">\n<li>Pista de auditor\u00eda completa de cada transacci\u00f3n clave<\/li>\n\n\n\n<li>Historial de acceso con marca de tiempo<\/li>\n\n\n\n<li>Seguimiento de usuarios y eventos<\/li>\n\n\n\n<li>Informes centrales en todas las sedes<\/li>\n<\/ul>\n\n\n\n<p><strong>Resultado<\/strong><\/p>\n\n\n\n<ul class=\"wp-block-list\">\n<li>Documentaci\u00f3n clara para el control interno<\/li>\n\n\n\n<li>Apoyo a la gesti\u00f3n del cumplimiento y la responsabilidad<\/li>\n\n\n\n<li>Confianza en las operaciones diarias<\/li>\n<\/ul>\n<\/div>\n<\/div>\n\n<div class=\"wp-block-columns is-layout-flex wp-container-core-columns-is-layout-9d6595d7 wp-block-columns-is-layout-flex\">\n<div class=\"wp-block-column is-layout-constrained wp-container-core-column-is-layout-effdd0b2 wp-block-column-is-layout-constrained\">\n<div style=\"height:100px\" aria-hidden=\"true\" class=\"wp-block-spacer\"><\/div>\n\n\n\n<h2 class=\"wp-block-heading\">Integraci\u00f3n con tu infraestructura de seguridad<\/h2>\n\n\n\n<p>Sharebox puede conectarse a entornos de seguridad existentes a trav\u00e9s de:<\/p>\n\n\n\n<ul class=\"wp-block-list\">\n<li>Alertas por correo electr\u00f3nico<\/li>\n\n\n\n<li>Integraci\u00f3n de Webhook o API<\/li>\n\n\n\n<li>Plataformas centrales de vigilancia<\/li>\n<\/ul>\n\n\n\n<p>Esto permite que los eventos de Sharebox formen parte de tu configuraci\u00f3n de seguridad m\u00e1s amplia.<\/p>\n\n\n\n<p><strong>Obtienes<\/strong><\/p>\n\n\n\n<ul class=\"wp-block-list\">\n<li>Supervisi\u00f3n unificada en todos los centros<\/li>\n\n\n\n<li>Gesti\u00f3n automatizada de incidentes<\/li>\n\n\n\n<li>No necesitas sistemas de alarma independientes<\/li>\n<\/ul>\n<\/div>\n<\/div>\n\n<div class=\"wp-block-columns is-layout-flex wp-container-core-columns-is-layout-9d6595d7 wp-block-columns-is-layout-flex\">\n<div class=\"wp-block-column is-layout-constrained wp-container-core-column-is-layout-effdd0b2 wp-block-column-is-layout-constrained\">\n<div style=\"height:100px\" aria-hidden=\"true\" class=\"wp-block-spacer\"><\/div>\n\n\n\n<h2 class=\"wp-block-heading\">Opciones de seguridad mejoradas<\/h2>\n\n\n\n<p>Para entornos de alta seguridad, Sharebox puede combinarse con soluciones externas como:<\/p>\n\n\n\n<ul class=\"wp-block-list\">\n<li>Sistemas de videovigilancia<\/li>\n\n\n\n<li>Disuasi\u00f3n ac\u00fastica local<\/li>\n\n\n\n<li>Integraci\u00f3n en central de alarmas<\/li>\n<\/ul>\n\n\n\n<p>Esto admite instalaciones en las que los proveedores de seguros o las pol\u00edticas internas exigen una supervisi\u00f3n adicional junto al hardware certificado.<\/p>\n<\/div>\n<\/div>\n\n<div class=\"wp-block-columns is-layout-flex wp-container-core-columns-is-layout-9d6595d7 wp-block-columns-is-layout-flex\">\n<div class=\"wp-block-column is-layout-constrained wp-container-core-column-is-layout-effdd0b2 wp-block-column-is-layout-constrained\">\n<div style=\"height:100px\" aria-hidden=\"true\" class=\"wp-block-spacer\"><\/div>\n\n\n\n<h2 class=\"wp-block-heading\">La seguridad como sistema<\/h2>\n\n\n\n<p>La protecci\u00f3n no viene s\u00f3lo del hardware. Sharebox ofrece seguridad por capas: <\/p>\n\n\n\n<ul class=\"wp-block-list\">\n<li>Protecci\u00f3n f\u00edsica certificada (s32)<\/li>\n\n\n\n<li>Detecci\u00f3n de manipulaci\u00f3n y allanamiento<\/li>\n\n\n\n<li>Monitorizaci\u00f3n offline y de p\u00e9rdida de potencia<\/li>\n\n\n\n<li>Alertas e informes centrales<\/li>\n\n\n\n<li>Pista de auditor\u00eda operativa completa<\/li>\n\n\n\n<li>Integraci\u00f3n opcional de v\u00eddeo y alarma<\/li>\n<\/ul>\n\n\n\n<p><strong>El resultado:<\/strong> una gesti\u00f3n de claves controlada, trazable y de nivel empresarial.<\/p>\n<\/div>\n<\/div>\n\n<div class=\"wp-block-columns is-layout-flex wp-container-core-columns-is-layout-9d6595d7 wp-block-columns-is-layout-flex\">\n<div class=\"wp-block-column is-layout-constrained wp-container-core-column-is-layout-effdd0b2 wp-block-column-is-layout-constrained\">\n<div style=\"height:100px\" aria-hidden=\"true\" class=\"wp-block-spacer\"><\/div>\n\n\n\n<h2 class=\"wp-block-heading\">Seguros y evaluaci\u00f3n de riesgos<\/h2>\n\n\n\n<p>Para muchas instalaciones, la aprobaci\u00f3n depende del entorno de seguridad total, que incluye:<\/p>\n\n\n\n<ul class=\"wp-block-list\">\n<li>Hardware certificado (cuando sea necesario)<\/li>\n\n\n\n<li>Supervisi\u00f3n y alerta<\/li>\n\n\n\n<li>Las claves de tiempo permanecen almacenadas<\/li>\n\n\n\n<li>Condiciones del lugar (CCTV, control de acceso, etc.)<\/li>\n<\/ul>\n\n\n\n<p>Sharebox proporciona las herramientas y la documentaci\u00f3n necesarias para respaldar las evaluaciones de seguros y riesgos.<\/p>\n<\/div>\n<\/div>\n\n<div class=\"wp-block-columns is-layout-flex wp-container-core-columns-is-layout-9d6595d7 wp-block-columns-is-layout-flex\">\n<div class=\"wp-block-column is-layout-constrained wp-container-core-column-is-layout-effdd0b2 wp-block-column-is-layout-constrained\">\n<div style=\"height:100px\" aria-hidden=\"true\" class=\"wp-block-spacer\"><\/div>\n\n\n\n<h2 class=\"wp-block-heading\">Creado para operaciones reales<\/h2>\n\n\n\n<p>La seguridad de Sharebox est\u00e1 dise\u00f1ada para entornos reales:<\/p>\n\n\n\n<ul class=\"wp-block-list\">\n<li>Lugares al aire libre<\/li>\n\n\n\n<li>Almacenamiento nocturno de veh\u00edculos<\/li>\n\n\n\n<li>Funcionamiento sin vigilancia<\/li>\n\n\n\n<li>Redes empresariales multilocalizaci\u00f3n<\/li>\n<\/ul>\n\n\n\n<p>Porque el autoservicio s\u00f3lo crea valor cuando <strong>goza de la confianza de tus clientes, tu personal y tu equipo de gesti\u00f3n de riesgos.<\/strong><\/p>\n<\/div>\n<\/div>\n\n<div style=\"height:100px\" aria-hidden=\"true\" class=\"wp-block-spacer\"><\/div>\n\n<div id=\"three-columns-with-support--block_ae811375a6d08f8fcf098a7257a8e90f\" class=\"root-level-block three-columns-with-support\">\n\n    <div class=\"container\">\n\n        <div class=\"decided\">\n            \n                                \n                            <!-- Display section title if one exists -->\n                <h2 class=\"decided-title text-center\">Empieza<\/h2>\n                            \n                                    \n                        <!-- Column container for the 3 boxes -->\n            <div class=\"column-box-row\">\n                \n                            <!-- Individual box container -->\n                            <div class=\"column-text-box\">\n                                                                    <img decoding=\"async\" width=\"48\" height=\"48\" src=\"https:\/\/sharebox.global\/wp-content\/uploads\/2025\/03\/icon_monitorbookstudent@48.png\" class=\"icon\" alt=\"\" \/>                                \n                                <h3>1. Ver demostraci\u00f3n<\/h3>\n                                <p>M\u00edralo en directo y cu\u00e9ntanos tus necesidades.<\/p>\n                            <\/div>\n\n                        \n                            <!-- Individual box container -->\n                            <div class=\"column-text-box\">\n                                                                    <img decoding=\"async\" width=\"48\" height=\"48\" src=\"https:\/\/sharebox.global\/wp-content\/uploads\/2025\/03\/icon_planblueprint@48.png\" class=\"icon\" alt=\"\" \/>                                \n                                <h3>2. Propuesta a medida<\/h3>\n                                <p>Recibe un plan y una estrategia adaptados a tu negocio y a tus objetivos.<\/p>\n                            <\/div>\n\n                        \n                            <!-- Individual box container -->\n                            <div class=\"column-text-box\">\n                                                                    <img decoding=\"async\" width=\"48\" height=\"48\" src=\"https:\/\/sharebox.global\/wp-content\/uploads\/2025\/03\/icon_toolsscrewdriverwrench@48.png\" class=\"icon\" alt=\"\" \/>                                \n                                <h3>3. Aplicaci\u00f3n<\/h3>\n                                <p>Nos encargamos de la instalaci\u00f3n y configuraci\u00f3n, y formamos a tu personal.<\/p>\n                            <\/div>\n\n                                    <\/div>\n            <!-- End check for enabled columns -->\n\n                        <!-- Button group centered below content -->\n            <div class=\"centered-button-group\">\n                                                <a class=\"wp-block-button__link btn-light\"\n                    href=\"https:\/\/sharebox.global\/es\/get-started\/\"\n                    >\n                        Ver demostraciones                    <\/a>\n                                                <\/div>\n                    <\/div>\n    <\/div>\n<\/div>\n","protected":false},"excerpt":{"rendered":"<p>Protecci\u00f3n f\u00edsica certificada (s32) Para entornos con mayores requisitos de seguridad, el Sharebox s32 est\u00e1 certificado seg\u00fan: EN 1143-1 Grado 0: norma europea reconocida para<\/p>\n","protected":false},"author":1,"featured_media":0,"parent":0,"menu_order":0,"comment_status":"closed","ping_status":"closed","template":"","meta":{"_acf_changed":false,"content-type":"","inline_featured_image":false,"footnotes":""},"class_list":["post-48805","page","type-page","status-publish","hentry"],"acf":[],"yoast_head":"<!-- This site is optimized with the Yoast SEO plugin v27.4 - https:\/\/yoast.com\/product\/yoast-seo-wordpress\/ -->\n<title>Seguridad y Cumplimiento en Sharebox - Sharebox<\/title>\n<meta name=\"robots\" content=\"index, follow, max-snippet:-1, max-image-preview:large, max-video-preview:-1\" \/>\n<link rel=\"canonical\" href=\"https:\/\/sharebox.global\/es\/seguridad-y-cumplimiento-en-sharebox\/\" \/>\n<meta property=\"og:locale\" content=\"es_ES\" \/>\n<meta property=\"og:type\" content=\"article\" \/>\n<meta property=\"og:title\" content=\"Seguridad y Cumplimiento en Sharebox - Sharebox\" \/>\n<meta property=\"og:description\" content=\"Protecci\u00f3n f\u00edsica certificada (s32) Para entornos con mayores requisitos de seguridad, el Sharebox s32 est\u00e1 certificado seg\u00fan: EN 1143-1 Grado 0: norma europea reconocida para\" \/>\n<meta property=\"og:url\" content=\"https:\/\/sharebox.global\/es\/seguridad-y-cumplimiento-en-sharebox\/\" \/>\n<meta property=\"og:site_name\" content=\"Sharebox\" \/>\n<meta property=\"article:publisher\" content=\"https:\/\/www.facebook.com\/SHAREBOX.NO\/\" \/>\n<meta property=\"article:modified_time\" content=\"2026-03-03T12:41:58+00:00\" \/>\n<meta property=\"og:image\" content=\"https:\/\/sharebox.global\/wp-content\/uploads\/2025\/04\/Volkswagen-Nutzfahrzeuge-Service-Station-mit-Dach.png\" \/>\n\t<meta property=\"og:image:width\" content=\"1170\" \/>\n\t<meta property=\"og:image:height\" content=\"521\" \/>\n\t<meta property=\"og:image:type\" content=\"image\/png\" \/>\n<meta name=\"twitter:card\" content=\"summary_large_image\" \/>\n<meta name=\"twitter:label1\" content=\"Tiempo de lectura\" \/>\n\t<meta name=\"twitter:data1\" content=\"3 minuto\" \/>\n<script type=\"application\/ld+json\" class=\"yoast-schema-graph\">{\"@context\":\"https:\\\/\\\/schema.org\",\"@graph\":[{\"@type\":\"WebPage\",\"@id\":\"https:\\\/\\\/sharebox.global\\\/es\\\/seguridad-y-cumplimiento-en-sharebox\\\/\",\"url\":\"https:\\\/\\\/sharebox.global\\\/es\\\/seguridad-y-cumplimiento-en-sharebox\\\/\",\"name\":\"Seguridad y Cumplimiento en Sharebox - Sharebox\",\"isPartOf\":{\"@id\":\"https:\\\/\\\/sharebox.global\\\/es\\\/#website\"},\"datePublished\":\"2026-03-03T12:39:32+00:00\",\"dateModified\":\"2026-03-03T12:41:58+00:00\",\"breadcrumb\":{\"@id\":\"https:\\\/\\\/sharebox.global\\\/es\\\/seguridad-y-cumplimiento-en-sharebox\\\/#breadcrumb\"},\"inLanguage\":\"es\",\"potentialAction\":[{\"@type\":\"ReadAction\",\"target\":[\"https:\\\/\\\/sharebox.global\\\/es\\\/seguridad-y-cumplimiento-en-sharebox\\\/\"]}]},{\"@type\":\"BreadcrumbList\",\"@id\":\"https:\\\/\\\/sharebox.global\\\/es\\\/seguridad-y-cumplimiento-en-sharebox\\\/#breadcrumb\",\"itemListElement\":[{\"@type\":\"ListItem\",\"position\":1,\"name\":\"Home\",\"item\":\"https:\\\/\\\/sharebox.global\\\/es\\\/\"},{\"@type\":\"ListItem\",\"position\":2,\"name\":\"Seguridad y Cumplimiento en Sharebox\"}]},{\"@type\":\"WebSite\",\"@id\":\"https:\\\/\\\/sharebox.global\\\/es\\\/#website\",\"url\":\"https:\\\/\\\/sharebox.global\\\/es\\\/\",\"name\":\"Sharebox\",\"description\":\"Infrastructure for 24\\\/7 vehicle handover\",\"publisher\":{\"@id\":\"https:\\\/\\\/sharebox.global\\\/es\\\/#organization\"},\"potentialAction\":[{\"@type\":\"SearchAction\",\"target\":{\"@type\":\"EntryPoint\",\"urlTemplate\":\"https:\\\/\\\/sharebox.global\\\/es\\\/?s={search_term_string}\"},\"query-input\":{\"@type\":\"PropertyValueSpecification\",\"valueRequired\":true,\"valueName\":\"search_term_string\"}}],\"inLanguage\":\"es\"},{\"@type\":\"Organization\",\"@id\":\"https:\\\/\\\/sharebox.global\\\/es\\\/#organization\",\"name\":\"Sharebox\",\"url\":\"https:\\\/\\\/sharebox.global\\\/es\\\/\",\"logo\":{\"@type\":\"ImageObject\",\"inLanguage\":\"es\",\"@id\":\"https:\\\/\\\/sharebox.global\\\/es\\\/#\\\/schema\\\/logo\\\/image\\\/\",\"url\":\"https:\\\/\\\/sharebox.global\\\/wp-content\\\/uploads\\\/2024\\\/04\\\/Sharebox-logo-red-on-white-500px.png\",\"contentUrl\":\"https:\\\/\\\/sharebox.global\\\/wp-content\\\/uploads\\\/2024\\\/04\\\/Sharebox-logo-red-on-white-500px.png\",\"width\":450,\"height\":63,\"caption\":\"Sharebox\"},\"image\":{\"@id\":\"https:\\\/\\\/sharebox.global\\\/es\\\/#\\\/schema\\\/logo\\\/image\\\/\"},\"sameAs\":[\"https:\\\/\\\/www.facebook.com\\\/SHAREBOX.NO\\\/\",\"https:\\\/\\\/www.linkedin.com\\\/company\\\/sharebox-as\\\/\",\"https:\\\/\\\/www.youtube.com\\\/channel\\\/UCGwoGdfNeD59c2s4qhf0gLQ\"]}]}<\/script>\n<!-- \/ Yoast SEO plugin. -->","yoast_head_json":{"title":"Seguridad y Cumplimiento en Sharebox - Sharebox","robots":{"index":"index","follow":"follow","max-snippet":"max-snippet:-1","max-image-preview":"max-image-preview:large","max-video-preview":"max-video-preview:-1"},"canonical":"https:\/\/sharebox.global\/es\/seguridad-y-cumplimiento-en-sharebox\/","og_locale":"es_ES","og_type":"article","og_title":"Seguridad y Cumplimiento en Sharebox - Sharebox","og_description":"Protecci\u00f3n f\u00edsica certificada (s32) Para entornos con mayores requisitos de seguridad, el Sharebox s32 est\u00e1 certificado seg\u00fan: EN 1143-1 Grado 0: norma europea reconocida para","og_url":"https:\/\/sharebox.global\/es\/seguridad-y-cumplimiento-en-sharebox\/","og_site_name":"Sharebox","article_publisher":"https:\/\/www.facebook.com\/SHAREBOX.NO\/","article_modified_time":"2026-03-03T12:41:58+00:00","og_image":[{"width":1170,"height":521,"url":"https:\/\/sharebox.global\/wp-content\/uploads\/2025\/04\/Volkswagen-Nutzfahrzeuge-Service-Station-mit-Dach.png","type":"image\/png"}],"twitter_card":"summary_large_image","twitter_misc":{"Tiempo de lectura":"3 minuto"},"schema":{"@context":"https:\/\/schema.org","@graph":[{"@type":"WebPage","@id":"https:\/\/sharebox.global\/es\/seguridad-y-cumplimiento-en-sharebox\/","url":"https:\/\/sharebox.global\/es\/seguridad-y-cumplimiento-en-sharebox\/","name":"Seguridad y Cumplimiento en Sharebox - Sharebox","isPartOf":{"@id":"https:\/\/sharebox.global\/es\/#website"},"datePublished":"2026-03-03T12:39:32+00:00","dateModified":"2026-03-03T12:41:58+00:00","breadcrumb":{"@id":"https:\/\/sharebox.global\/es\/seguridad-y-cumplimiento-en-sharebox\/#breadcrumb"},"inLanguage":"es","potentialAction":[{"@type":"ReadAction","target":["https:\/\/sharebox.global\/es\/seguridad-y-cumplimiento-en-sharebox\/"]}]},{"@type":"BreadcrumbList","@id":"https:\/\/sharebox.global\/es\/seguridad-y-cumplimiento-en-sharebox\/#breadcrumb","itemListElement":[{"@type":"ListItem","position":1,"name":"Home","item":"https:\/\/sharebox.global\/es\/"},{"@type":"ListItem","position":2,"name":"Seguridad y Cumplimiento en Sharebox"}]},{"@type":"WebSite","@id":"https:\/\/sharebox.global\/es\/#website","url":"https:\/\/sharebox.global\/es\/","name":"Sharebox","description":"Infrastructure for 24\/7 vehicle handover","publisher":{"@id":"https:\/\/sharebox.global\/es\/#organization"},"potentialAction":[{"@type":"SearchAction","target":{"@type":"EntryPoint","urlTemplate":"https:\/\/sharebox.global\/es\/?s={search_term_string}"},"query-input":{"@type":"PropertyValueSpecification","valueRequired":true,"valueName":"search_term_string"}}],"inLanguage":"es"},{"@type":"Organization","@id":"https:\/\/sharebox.global\/es\/#organization","name":"Sharebox","url":"https:\/\/sharebox.global\/es\/","logo":{"@type":"ImageObject","inLanguage":"es","@id":"https:\/\/sharebox.global\/es\/#\/schema\/logo\/image\/","url":"https:\/\/sharebox.global\/wp-content\/uploads\/2024\/04\/Sharebox-logo-red-on-white-500px.png","contentUrl":"https:\/\/sharebox.global\/wp-content\/uploads\/2024\/04\/Sharebox-logo-red-on-white-500px.png","width":450,"height":63,"caption":"Sharebox"},"image":{"@id":"https:\/\/sharebox.global\/es\/#\/schema\/logo\/image\/"},"sameAs":["https:\/\/www.facebook.com\/SHAREBOX.NO\/","https:\/\/www.linkedin.com\/company\/sharebox-as\/","https:\/\/www.youtube.com\/channel\/UCGwoGdfNeD59c2s4qhf0gLQ"]}]}},"_links":{"self":[{"href":"https:\/\/sharebox.global\/es\/wp-json\/wp\/v2\/pages\/48805","targetHints":{"allow":["GET"]}}],"collection":[{"href":"https:\/\/sharebox.global\/es\/wp-json\/wp\/v2\/pages"}],"about":[{"href":"https:\/\/sharebox.global\/es\/wp-json\/wp\/v2\/types\/page"}],"author":[{"embeddable":true,"href":"https:\/\/sharebox.global\/es\/wp-json\/wp\/v2\/users\/1"}],"replies":[{"embeddable":true,"href":"https:\/\/sharebox.global\/es\/wp-json\/wp\/v2\/comments?post=48805"}],"version-history":[{"count":1,"href":"https:\/\/sharebox.global\/es\/wp-json\/wp\/v2\/pages\/48805\/revisions"}],"predecessor-version":[{"id":48806,"href":"https:\/\/sharebox.global\/es\/wp-json\/wp\/v2\/pages\/48805\/revisions\/48806"}],"wp:attachment":[{"href":"https:\/\/sharebox.global\/es\/wp-json\/wp\/v2\/media?parent=48805"}],"curies":[{"name":"wp","href":"https:\/\/api.w.org\/{rel}","templated":true}]}}