{"id":44527,"date":"2025-04-04T09:06:21","date_gmt":"2025-04-04T09:06:21","guid":{"rendered":"https:\/\/sharebox.global\/conseil\/"},"modified":"2025-05-07T07:34:39","modified_gmt":"2025-05-07T07:34:39","slug":"conseil","status":"publish","type":"page","link":"https:\/\/sharebox.global\/fr\/conseil\/","title":{"rendered":"Conseil"},"content":{"rendered":"\n<div style=\"height:100px\" aria-hidden=\"true\" class=\"wp-block-spacer\"><\/div>\n\n<div style=\"height:100px\" aria-hidden=\"true\" class=\"wp-block-spacer\"><\/div>\n\n<div id=\"title-block--block_89b033f9ceeeb1756fa7a5179342321b\" class=\"root-level-block title-block center-text-based\">\n\n    \n<!-- Whitespace to be determined -->\n    <div class=\"container\" style=\"padding-top: var(--spacing-m);\">\n        <h1>Conseil<\/h1>        <p>We help automotive aftersales, workshops and car rental businesses thrive in a constantly evolving market by embracing innovation, experimenting with self-service technology, and scaling proven successes to win tomorrow.<\/p>            <\/div>\n\n<\/div>\n\n<p class=\"has-text-align-center\"><\/p>\n\n<div class=\"wp-block-columns is-layout-flex wp-container-core-columns-is-layout-9d6595d7 wp-block-columns-is-layout-flex\">\n<div class=\"wp-block-column is-layout-flow wp-block-column-is-layout-flow\" style=\"flex-basis:25%\"><\/div>\n\n\n\n<div class=\"wp-block-column is-layout-flow wp-block-column-is-layout-flow\" style=\"flex-basis:50%\">\n<h2 class=\"wp-block-heading\">Exemples de travaux<\/h2>\n\n\n\n<h3 class=\"wp-block-heading\">Transformation des concessionnaires automobiles dans les pays nordiques<\/h3>\n\n\n\n<ul class=\"wp-block-list\">\n<li>D\u00e9ploiement d&rsquo;une solution de d\u00e9p\u00f4t de cl\u00e9s 24 heures sur 24 et 7 jours sur 7 sur 71 sites<\/li>\n\n\n\n<li>Soutenir 4 000 employ\u00e9s<\/li>\n\n\n\n<li>Am\u00e9liorer les exp\u00e9riences de service pour 750 000 clients<\/li>\n<\/ul>\n\n\n\n<p>En automatisant les flux de travail apr\u00e8s-vente, cette grande cha\u00eene de concessionnaires a investi dans l&rsquo;avenir et \u00e9tabli une nouvelle norme en mati\u00e8re de commodit\u00e9 du libre-service.<\/p>\n\n\n\n<h3 class=\"wp-block-heading\">Redressement du r\u00e9seau de location de voitures<\/h3>\n\n\n\n<ul class=\"wp-block-list\">\n<li>Introduction of organisation-wide self-service check-in process at airports<\/li>\n\n\n\n<li>Permettre aux clients d&rsquo;utiliser des smartphones pour effectuer des r\u00e9servations et des retraits de cl\u00e9s en toute transparence.  <\/li>\n\n\n\n<li>Les distributeurs de cl\u00e9s automatis\u00e9s ont permis de rationaliser les op\u00e9rations, de r\u00e9duire les co\u00fbts et d&rsquo;accro\u00eetre la satisfaction des clients.<\/li>\n<\/ul>\n\n\n\n<p><\/p>\n\n\n\n<div style=\"height:100px\" aria-hidden=\"true\" class=\"wp-block-spacer\"><\/div>\n\n\n\n<h2 class=\"wp-block-heading\">Prenez contact avec nous<\/h2>\n\n\n\n<p>Notre objectif est de fournir des conseils et une expertise \u00e0 chaque \u00e9tape de votre transformation num\u00e9rique &#8211; des int\u00e9grations de syst\u00e8mes aux r\u00e9sultats commerciaux mesurables.<\/p>\n\n\n\n<figure class=\"wp-block-image size-medium is-resized\"><img decoding=\"async\" width=\"249\" height=\"300\" src=\"https:\/\/sharebox.global\/wp-content\/uploads\/2022\/10\/Kjetil@371-249x300.jpg\" alt=\"Kjetil Faye Lund\" class=\"wp-image-1082\" style=\"aspect-ratio:3\/4;object-fit:contain;width:250px\" srcset=\"https:\/\/sharebox.global\/wp-content\/uploads\/2022\/10\/Kjetil@371-249x300.jpg 249w, https:\/\/sharebox.global\/wp-content\/uploads\/2022\/10\/Kjetil@371.jpg 371w\" sizes=\"(max-width: 249px) 100vw, 249px\" \/><\/figure>\n\n\n\n<p>Kjetil Faye Lund, CMO<br\/><br\/><a href=\"mailto:kjetil.faye.lund@sharebox.no\">kjetil.faye.lund@sharebox.no<\/a><br\/><br\/> +47<a href=\"tel:+47%20909%2023%20795\"> 909 23 795<\/a><br\/><\/p>\n\n\n\n<div class=\"wp-block-buttons is-content-justification-left is-layout-flex wp-container-core-buttons-is-layout-fdcfc74e wp-block-buttons-is-layout-flex\">\n<div class=\"wp-block-button\"><a class=\"wp-block-button__link has-text-align-center wp-element-button\" href=\"https:\/\/meetings-eu1.hubspot.com\/kjetil-faye-lund\" target=\"_blank\" rel=\"noreferrer noopener\">Demander une r\u00e9union avec Kjetil<\/a><\/div>\n<\/div>\n<\/div>\n\n\n\n<div class=\"wp-block-column is-layout-flow wp-block-column-is-layout-flow\" style=\"flex-basis:25%\"><\/div>\n<\/div>\n\n<p><\/p>\n\n<p><\/p>\n","protected":false},"excerpt":{"rendered":"<p>Exemples de travaux Transformation des concessionnaires automobiles dans les pays nordiques En automatisant les flux de travail apr\u00e8s-vente, cette grande cha\u00eene de concessionnaires a investi<\/p>\n","protected":false},"author":1,"featured_media":0,"parent":0,"menu_order":0,"comment_status":"closed","ping_status":"closed","template":"","meta":{"_acf_changed":false,"content-type":"","inline_featured_image":false,"footnotes":""},"class_list":["post-44527","page","type-page","status-publish","hentry"],"acf":[],"yoast_head":"<!-- This site is optimized with the Yoast SEO plugin v27.4 - https:\/\/yoast.com\/product\/yoast-seo-wordpress\/ -->\n<title>Conseil - Sharebox<\/title>\n<meta name=\"description\" content=\"Nous aidons les services apr\u00e8s-vente, les ateliers et les entreprises de location de voitures \u00e0 prosp\u00e9rer sur un march\u00e9 en constante \u00e9volution.\" \/>\n<meta name=\"robots\" content=\"index, follow, max-snippet:-1, max-image-preview:large, max-video-preview:-1\" \/>\n<link rel=\"canonical\" href=\"https:\/\/sharebox.global\/fr\/conseil\/\" \/>\n<meta property=\"og:locale\" content=\"fr_FR\" \/>\n<meta property=\"og:type\" content=\"article\" \/>\n<meta property=\"og:title\" content=\"Conseil\" \/>\n<meta property=\"og:description\" content=\"Nous aidons les services apr\u00e8s-vente, les ateliers et les entreprises de location de voitures \u00e0 prosp\u00e9rer sur un march\u00e9 en constante \u00e9volution.\" \/>\n<meta property=\"og:url\" content=\"https:\/\/sharebox.global\/fr\/conseil\/\" \/>\n<meta property=\"og:site_name\" content=\"Sharebox\" \/>\n<meta property=\"article:publisher\" content=\"https:\/\/www.facebook.com\/SHAREBOX.NO\/\" \/>\n<meta property=\"article:modified_time\" content=\"2025-05-07T07:34:39+00:00\" \/>\n<meta property=\"og:image\" content=\"https:\/\/sharebox.global\/wp-content\/uploads\/2022\/10\/Kjetil@371.jpg\" \/>\n\t<meta property=\"og:image:width\" content=\"371\" \/>\n\t<meta property=\"og:image:height\" content=\"447\" \/>\n\t<meta property=\"og:image:type\" content=\"image\/jpeg\" \/>\n<meta name=\"twitter:card\" content=\"summary_large_image\" \/>\n<meta name=\"twitter:label1\" content=\"Dur\u00e9e de lecture estim\u00e9e\" \/>\n\t<meta name=\"twitter:data1\" content=\"1 minute\" \/>\n<script type=\"application\/ld+json\" class=\"yoast-schema-graph\">{\"@context\":\"https:\\\/\\\/schema.org\",\"@graph\":[{\"@type\":\"WebPage\",\"@id\":\"https:\\\/\\\/sharebox.global\\\/fr\\\/conseil\\\/\",\"url\":\"https:\\\/\\\/sharebox.global\\\/fr\\\/conseil\\\/\",\"name\":\"Conseil - Sharebox\",\"isPartOf\":{\"@id\":\"https:\\\/\\\/sharebox.global\\\/fr\\\/#website\"},\"primaryImageOfPage\":{\"@id\":\"https:\\\/\\\/sharebox.global\\\/fr\\\/conseil\\\/#primaryimage\"},\"image\":{\"@id\":\"https:\\\/\\\/sharebox.global\\\/fr\\\/conseil\\\/#primaryimage\"},\"thumbnailUrl\":\"https:\\\/\\\/sharebox.global\\\/wp-content\\\/uploads\\\/2022\\\/10\\\/Kjetil@371-249x300.jpg\",\"datePublished\":\"2025-04-04T09:06:21+00:00\",\"dateModified\":\"2025-05-07T07:34:39+00:00\",\"description\":\"Nous aidons les services apr\u00e8s-vente, les ateliers et les entreprises de location de voitures \u00e0 prosp\u00e9rer sur un march\u00e9 en constante \u00e9volution.\",\"breadcrumb\":{\"@id\":\"https:\\\/\\\/sharebox.global\\\/fr\\\/conseil\\\/#breadcrumb\"},\"inLanguage\":\"fr-FR\",\"potentialAction\":[{\"@type\":\"ReadAction\",\"target\":[\"https:\\\/\\\/sharebox.global\\\/fr\\\/conseil\\\/\"]}]},{\"@type\":\"ImageObject\",\"inLanguage\":\"fr-FR\",\"@id\":\"https:\\\/\\\/sharebox.global\\\/fr\\\/conseil\\\/#primaryimage\",\"url\":\"https:\\\/\\\/sharebox.global\\\/wp-content\\\/uploads\\\/2022\\\/10\\\/Kjetil@371-249x300.jpg\",\"contentUrl\":\"https:\\\/\\\/sharebox.global\\\/wp-content\\\/uploads\\\/2022\\\/10\\\/Kjetil@371-249x300.jpg\"},{\"@type\":\"BreadcrumbList\",\"@id\":\"https:\\\/\\\/sharebox.global\\\/fr\\\/conseil\\\/#breadcrumb\",\"itemListElement\":[{\"@type\":\"ListItem\",\"position\":1,\"name\":\"Home\",\"item\":\"https:\\\/\\\/sharebox.global\\\/fr\\\/\"},{\"@type\":\"ListItem\",\"position\":2,\"name\":\"Conseil\"}]},{\"@type\":\"WebSite\",\"@id\":\"https:\\\/\\\/sharebox.global\\\/fr\\\/#website\",\"url\":\"https:\\\/\\\/sharebox.global\\\/fr\\\/\",\"name\":\"Sharebox\",\"description\":\"Infrastructure for 24\\\/7 vehicle handover\",\"publisher\":{\"@id\":\"https:\\\/\\\/sharebox.global\\\/fr\\\/#organization\"},\"potentialAction\":[{\"@type\":\"SearchAction\",\"target\":{\"@type\":\"EntryPoint\",\"urlTemplate\":\"https:\\\/\\\/sharebox.global\\\/fr\\\/?s={search_term_string}\"},\"query-input\":{\"@type\":\"PropertyValueSpecification\",\"valueRequired\":true,\"valueName\":\"search_term_string\"}}],\"inLanguage\":\"fr-FR\"},{\"@type\":\"Organization\",\"@id\":\"https:\\\/\\\/sharebox.global\\\/fr\\\/#organization\",\"name\":\"Sharebox\",\"url\":\"https:\\\/\\\/sharebox.global\\\/fr\\\/\",\"logo\":{\"@type\":\"ImageObject\",\"inLanguage\":\"fr-FR\",\"@id\":\"https:\\\/\\\/sharebox.global\\\/fr\\\/#\\\/schema\\\/logo\\\/image\\\/\",\"url\":\"https:\\\/\\\/sharebox.global\\\/wp-content\\\/uploads\\\/2024\\\/04\\\/Sharebox-logo-red-on-white-500px.png\",\"contentUrl\":\"https:\\\/\\\/sharebox.global\\\/wp-content\\\/uploads\\\/2024\\\/04\\\/Sharebox-logo-red-on-white-500px.png\",\"width\":450,\"height\":63,\"caption\":\"Sharebox\"},\"image\":{\"@id\":\"https:\\\/\\\/sharebox.global\\\/fr\\\/#\\\/schema\\\/logo\\\/image\\\/\"},\"sameAs\":[\"https:\\\/\\\/www.facebook.com\\\/SHAREBOX.NO\\\/\",\"https:\\\/\\\/www.linkedin.com\\\/company\\\/sharebox-as\\\/\",\"https:\\\/\\\/www.youtube.com\\\/channel\\\/UCGwoGdfNeD59c2s4qhf0gLQ\"]}]}<\/script>\n<!-- \/ Yoast SEO plugin. -->","yoast_head_json":{"title":"Conseil - Sharebox","description":"Nous aidons les services apr\u00e8s-vente, les ateliers et les entreprises de location de voitures \u00e0 prosp\u00e9rer sur un march\u00e9 en constante \u00e9volution.","robots":{"index":"index","follow":"follow","max-snippet":"max-snippet:-1","max-image-preview":"max-image-preview:large","max-video-preview":"max-video-preview:-1"},"canonical":"https:\/\/sharebox.global\/fr\/conseil\/","og_locale":"fr_FR","og_type":"article","og_title":"Conseil","og_description":"Nous aidons les services apr\u00e8s-vente, les ateliers et les entreprises de location de voitures \u00e0 prosp\u00e9rer sur un march\u00e9 en constante \u00e9volution.","og_url":"https:\/\/sharebox.global\/fr\/conseil\/","og_site_name":"Sharebox","article_publisher":"https:\/\/www.facebook.com\/SHAREBOX.NO\/","article_modified_time":"2025-05-07T07:34:39+00:00","og_image":[{"width":371,"height":447,"url":"https:\/\/sharebox.global\/wp-content\/uploads\/2022\/10\/Kjetil@371.jpg","type":"image\/jpeg"}],"twitter_card":"summary_large_image","twitter_misc":{"Dur\u00e9e de lecture estim\u00e9e":"1 minute"},"schema":{"@context":"https:\/\/schema.org","@graph":[{"@type":"WebPage","@id":"https:\/\/sharebox.global\/fr\/conseil\/","url":"https:\/\/sharebox.global\/fr\/conseil\/","name":"Conseil - Sharebox","isPartOf":{"@id":"https:\/\/sharebox.global\/fr\/#website"},"primaryImageOfPage":{"@id":"https:\/\/sharebox.global\/fr\/conseil\/#primaryimage"},"image":{"@id":"https:\/\/sharebox.global\/fr\/conseil\/#primaryimage"},"thumbnailUrl":"https:\/\/sharebox.global\/wp-content\/uploads\/2022\/10\/Kjetil@371-249x300.jpg","datePublished":"2025-04-04T09:06:21+00:00","dateModified":"2025-05-07T07:34:39+00:00","description":"Nous aidons les services apr\u00e8s-vente, les ateliers et les entreprises de location de voitures \u00e0 prosp\u00e9rer sur un march\u00e9 en constante \u00e9volution.","breadcrumb":{"@id":"https:\/\/sharebox.global\/fr\/conseil\/#breadcrumb"},"inLanguage":"fr-FR","potentialAction":[{"@type":"ReadAction","target":["https:\/\/sharebox.global\/fr\/conseil\/"]}]},{"@type":"ImageObject","inLanguage":"fr-FR","@id":"https:\/\/sharebox.global\/fr\/conseil\/#primaryimage","url":"https:\/\/sharebox.global\/wp-content\/uploads\/2022\/10\/Kjetil@371-249x300.jpg","contentUrl":"https:\/\/sharebox.global\/wp-content\/uploads\/2022\/10\/Kjetil@371-249x300.jpg"},{"@type":"BreadcrumbList","@id":"https:\/\/sharebox.global\/fr\/conseil\/#breadcrumb","itemListElement":[{"@type":"ListItem","position":1,"name":"Home","item":"https:\/\/sharebox.global\/fr\/"},{"@type":"ListItem","position":2,"name":"Conseil"}]},{"@type":"WebSite","@id":"https:\/\/sharebox.global\/fr\/#website","url":"https:\/\/sharebox.global\/fr\/","name":"Sharebox","description":"Infrastructure for 24\/7 vehicle handover","publisher":{"@id":"https:\/\/sharebox.global\/fr\/#organization"},"potentialAction":[{"@type":"SearchAction","target":{"@type":"EntryPoint","urlTemplate":"https:\/\/sharebox.global\/fr\/?s={search_term_string}"},"query-input":{"@type":"PropertyValueSpecification","valueRequired":true,"valueName":"search_term_string"}}],"inLanguage":"fr-FR"},{"@type":"Organization","@id":"https:\/\/sharebox.global\/fr\/#organization","name":"Sharebox","url":"https:\/\/sharebox.global\/fr\/","logo":{"@type":"ImageObject","inLanguage":"fr-FR","@id":"https:\/\/sharebox.global\/fr\/#\/schema\/logo\/image\/","url":"https:\/\/sharebox.global\/wp-content\/uploads\/2024\/04\/Sharebox-logo-red-on-white-500px.png","contentUrl":"https:\/\/sharebox.global\/wp-content\/uploads\/2024\/04\/Sharebox-logo-red-on-white-500px.png","width":450,"height":63,"caption":"Sharebox"},"image":{"@id":"https:\/\/sharebox.global\/fr\/#\/schema\/logo\/image\/"},"sameAs":["https:\/\/www.facebook.com\/SHAREBOX.NO\/","https:\/\/www.linkedin.com\/company\/sharebox-as\/","https:\/\/www.youtube.com\/channel\/UCGwoGdfNeD59c2s4qhf0gLQ"]}]}},"_links":{"self":[{"href":"https:\/\/sharebox.global\/fr\/wp-json\/wp\/v2\/pages\/44527","targetHints":{"allow":["GET"]}}],"collection":[{"href":"https:\/\/sharebox.global\/fr\/wp-json\/wp\/v2\/pages"}],"about":[{"href":"https:\/\/sharebox.global\/fr\/wp-json\/wp\/v2\/types\/page"}],"author":[{"embeddable":true,"href":"https:\/\/sharebox.global\/fr\/wp-json\/wp\/v2\/users\/1"}],"replies":[{"embeddable":true,"href":"https:\/\/sharebox.global\/fr\/wp-json\/wp\/v2\/comments?post=44527"}],"version-history":[{"count":2,"href":"https:\/\/sharebox.global\/fr\/wp-json\/wp\/v2\/pages\/44527\/revisions"}],"predecessor-version":[{"id":45679,"href":"https:\/\/sharebox.global\/fr\/wp-json\/wp\/v2\/pages\/44527\/revisions\/45679"}],"wp:attachment":[{"href":"https:\/\/sharebox.global\/fr\/wp-json\/wp\/v2\/media?parent=44527"}],"curies":[{"name":"wp","href":"https:\/\/api.w.org\/{rel}","templated":true}]}}