{"id":44540,"date":"2025-04-04T09:06:21","date_gmt":"2025-04-04T09:06:21","guid":{"rendered":"https:\/\/sharebox.global\/contact\/"},"modified":"2026-03-03T11:58:18","modified_gmt":"2026-03-03T11:58:18","slug":"contact","status":"publish","type":"page","link":"https:\/\/sharebox.global\/fr\/contact\/","title":{"rendered":"Contactez notre \u00e9quipe de vente"},"content":{"rendered":"\n<div style=\"height:100px\" aria-hidden=\"true\" class=\"wp-block-spacer\"><\/div>\n\n<div id=\"title-block--block_af8abd7e8cb7498f977a851e635e8c96\" class=\"root-level-block title-block center-text-based\">\n\n    \n<!-- Whitespace to be determined -->\n    <div class=\"container\" style=\"padding-top: var(--spacing-m);\">\n        <h1>Planifiez votre passage \u00e0 des op\u00e9rations sans surveillance 24 heures sur 24 et 7 jours sur 7<\/h1>        <p>Parlez \u00e0 un sp\u00e9cialiste Sharebox de la fa\u00e7on dont les groupes de concessionnaires et les r\u00e9seaux de location augmentent leur capacit\u00e9, r\u00e9duisent la pression sur le personnel et standardisent les transferts entre les diff\u00e9rents sites.<\/p>            <\/div>\n\n<\/div>\n\n<div class=\"wp-block-columns is-layout-flex wp-container-core-columns-is-layout-9d6595d7 wp-block-columns-is-layout-flex\">\n<div class=\"wp-block-column is-content-justification-center is-layout-constrained wp-container-core-column-is-layout-ee248e3d wp-block-column-is-layout-constrained\">\n<h2 class=\"wp-block-heading has-text-align-center\"><strong>Ce que vous obtiendrez<\/strong><\/h2>\n\n\n\n<ul class=\"wp-block-list\">\n<li>Une br\u00e8ve consultation op\u00e9rationnelle<\/li>\n\n\n\n<li>Recommandations bas\u00e9es sur votre volume et vos emplacements<\/li>\n\n\n\n<li>Une visite guid\u00e9e en direct facultative<\/li>\n\n\n\n<li>Prochaines \u00e9tapes claires &#8211; sans obligation<\/li>\n<\/ul>\n<\/div>\n<\/div>\n\n<div style=\"height:100px\" aria-hidden=\"true\" class=\"wp-block-spacer\"><\/div>\n\n<div class=\"wp-block-columns has-beige-background-color has-background is-layout-flex wp-container-core-columns-is-layout-9d6595d7 wp-block-columns-is-layout-flex\">\n<div class=\"wp-block-column is-content-justification-center is-layout-constrained wp-container-core-column-is-layout-7952d241 wp-block-column-is-layout-constrained\">\n<div style=\"height:32px\" aria-hidden=\"true\" class=\"wp-block-spacer\"><\/div>\n\n\n\n<script charset=\"utf-8\" type=\"text\/javascript\" src=\"\/\/js-eu1.hsforms.net\/forms\/embed\/v2.js\"><\/script>\n\n<script>\n\n  hbspt.forms.create({\n\n    portalId: \"145543298\",\n\n    formId: \"8eb5dfab-469b-471c-8304-9e8d9bcd58af\",\n\n    region: \"eu1\"\n\n  });\n\n<\/script>\n<\/div>\n<\/div>\n","protected":false},"excerpt":{"rendered":"<p>Ce que vous obtiendrez<\/p>\n","protected":false},"author":1,"featured_media":0,"parent":0,"menu_order":0,"comment_status":"closed","ping_status":"closed","template":"","meta":{"_acf_changed":false,"content-type":"","inline_featured_image":false,"footnotes":""},"class_list":["post-44540","page","type-page","status-publish","hentry"],"acf":[],"yoast_head":"<!-- This site is optimized with the Yoast SEO plugin v27.4 - https:\/\/yoast.com\/product\/yoast-seo-wordpress\/ -->\n<title>Contactez notre \u00e9quipe de vente - Sharebox<\/title>\n<meta name=\"description\" content=\"Prenez contact avec nous et d\u00e9couvrez comment Sharebox peut rationaliser vos op\u00e9rations et am\u00e9liorer la satisfaction de vos clients.\" \/>\n<meta name=\"robots\" content=\"index, follow, max-snippet:-1, max-image-preview:large, max-video-preview:-1\" \/>\n<link rel=\"canonical\" href=\"https:\/\/sharebox.global\/fr\/contact\/\" \/>\n<meta property=\"og:locale\" content=\"fr_FR\" \/>\n<meta property=\"og:type\" content=\"article\" \/>\n<meta property=\"og:title\" content=\"Contactez notre \u00e9quipe de vente\" \/>\n<meta property=\"og:description\" content=\"Prenez contact avec nous et d\u00e9couvrez comment Sharebox peut rationaliser vos op\u00e9rations et am\u00e9liorer la satisfaction de vos clients.\" \/>\n<meta property=\"og:url\" content=\"https:\/\/sharebox.global\/fr\/contact\/\" \/>\n<meta property=\"og:site_name\" content=\"Sharebox\" \/>\n<meta property=\"article:publisher\" content=\"https:\/\/www.facebook.com\/SHAREBOX.NO\/\" \/>\n<meta property=\"article:modified_time\" content=\"2026-03-03T11:58:18+00:00\" \/>\n<meta property=\"og:image\" content=\"https:\/\/sharebox.global\/wp-content\/uploads\/2025\/04\/Volkswagen-Nutzfahrzeuge-Service-Station-mit-Dach.png\" \/>\n\t<meta property=\"og:image:width\" content=\"1170\" \/>\n\t<meta property=\"og:image:height\" content=\"521\" \/>\n\t<meta property=\"og:image:type\" content=\"image\/png\" \/>\n<meta name=\"twitter:card\" content=\"summary_large_image\" \/>\n<script type=\"application\/ld+json\" class=\"yoast-schema-graph\">{\"@context\":\"https:\\\/\\\/schema.org\",\"@graph\":[{\"@type\":\"WebPage\",\"@id\":\"https:\\\/\\\/sharebox.global\\\/fr\\\/contact\\\/\",\"url\":\"https:\\\/\\\/sharebox.global\\\/fr\\\/contact\\\/\",\"name\":\"Contactez notre \u00e9quipe de vente - Sharebox\",\"isPartOf\":{\"@id\":\"https:\\\/\\\/sharebox.global\\\/fr\\\/#website\"},\"datePublished\":\"2025-04-04T09:06:21+00:00\",\"dateModified\":\"2026-03-03T11:58:18+00:00\",\"description\":\"Prenez contact avec nous et d\u00e9couvrez comment Sharebox peut rationaliser vos op\u00e9rations et am\u00e9liorer la satisfaction de vos clients.\",\"breadcrumb\":{\"@id\":\"https:\\\/\\\/sharebox.global\\\/fr\\\/contact\\\/#breadcrumb\"},\"inLanguage\":\"fr-FR\",\"potentialAction\":[{\"@type\":\"ReadAction\",\"target\":[\"https:\\\/\\\/sharebox.global\\\/fr\\\/contact\\\/\"]}]},{\"@type\":\"BreadcrumbList\",\"@id\":\"https:\\\/\\\/sharebox.global\\\/fr\\\/contact\\\/#breadcrumb\",\"itemListElement\":[{\"@type\":\"ListItem\",\"position\":1,\"name\":\"Home\",\"item\":\"https:\\\/\\\/sharebox.global\\\/fr\\\/\"},{\"@type\":\"ListItem\",\"position\":2,\"name\":\"Contactez notre \u00e9quipe de vente\"}]},{\"@type\":\"WebSite\",\"@id\":\"https:\\\/\\\/sharebox.global\\\/fr\\\/#website\",\"url\":\"https:\\\/\\\/sharebox.global\\\/fr\\\/\",\"name\":\"Sharebox\",\"description\":\"Infrastructure for 24\\\/7 vehicle handover\",\"publisher\":{\"@id\":\"https:\\\/\\\/sharebox.global\\\/fr\\\/#organization\"},\"potentialAction\":[{\"@type\":\"SearchAction\",\"target\":{\"@type\":\"EntryPoint\",\"urlTemplate\":\"https:\\\/\\\/sharebox.global\\\/fr\\\/?s={search_term_string}\"},\"query-input\":{\"@type\":\"PropertyValueSpecification\",\"valueRequired\":true,\"valueName\":\"search_term_string\"}}],\"inLanguage\":\"fr-FR\"},{\"@type\":\"Organization\",\"@id\":\"https:\\\/\\\/sharebox.global\\\/fr\\\/#organization\",\"name\":\"Sharebox\",\"url\":\"https:\\\/\\\/sharebox.global\\\/fr\\\/\",\"logo\":{\"@type\":\"ImageObject\",\"inLanguage\":\"fr-FR\",\"@id\":\"https:\\\/\\\/sharebox.global\\\/fr\\\/#\\\/schema\\\/logo\\\/image\\\/\",\"url\":\"https:\\\/\\\/sharebox.global\\\/wp-content\\\/uploads\\\/2024\\\/04\\\/Sharebox-logo-red-on-white-500px.png\",\"contentUrl\":\"https:\\\/\\\/sharebox.global\\\/wp-content\\\/uploads\\\/2024\\\/04\\\/Sharebox-logo-red-on-white-500px.png\",\"width\":450,\"height\":63,\"caption\":\"Sharebox\"},\"image\":{\"@id\":\"https:\\\/\\\/sharebox.global\\\/fr\\\/#\\\/schema\\\/logo\\\/image\\\/\"},\"sameAs\":[\"https:\\\/\\\/www.facebook.com\\\/SHAREBOX.NO\\\/\",\"https:\\\/\\\/www.linkedin.com\\\/company\\\/sharebox-as\\\/\",\"https:\\\/\\\/www.youtube.com\\\/channel\\\/UCGwoGdfNeD59c2s4qhf0gLQ\"]}]}<\/script>\n<!-- \/ Yoast SEO plugin. -->","yoast_head_json":{"title":"Contactez notre \u00e9quipe de vente - Sharebox","description":"Prenez contact avec nous et d\u00e9couvrez comment Sharebox peut rationaliser vos op\u00e9rations et am\u00e9liorer la satisfaction de vos clients.","robots":{"index":"index","follow":"follow","max-snippet":"max-snippet:-1","max-image-preview":"max-image-preview:large","max-video-preview":"max-video-preview:-1"},"canonical":"https:\/\/sharebox.global\/fr\/contact\/","og_locale":"fr_FR","og_type":"article","og_title":"Contactez notre \u00e9quipe de vente","og_description":"Prenez contact avec nous et d\u00e9couvrez comment Sharebox peut rationaliser vos op\u00e9rations et am\u00e9liorer la satisfaction de vos clients.","og_url":"https:\/\/sharebox.global\/fr\/contact\/","og_site_name":"Sharebox","article_publisher":"https:\/\/www.facebook.com\/SHAREBOX.NO\/","article_modified_time":"2026-03-03T11:58:18+00:00","og_image":[{"width":1170,"height":521,"url":"https:\/\/sharebox.global\/wp-content\/uploads\/2025\/04\/Volkswagen-Nutzfahrzeuge-Service-Station-mit-Dach.png","type":"image\/png"}],"twitter_card":"summary_large_image","schema":{"@context":"https:\/\/schema.org","@graph":[{"@type":"WebPage","@id":"https:\/\/sharebox.global\/fr\/contact\/","url":"https:\/\/sharebox.global\/fr\/contact\/","name":"Contactez notre \u00e9quipe de vente - Sharebox","isPartOf":{"@id":"https:\/\/sharebox.global\/fr\/#website"},"datePublished":"2025-04-04T09:06:21+00:00","dateModified":"2026-03-03T11:58:18+00:00","description":"Prenez contact avec nous et d\u00e9couvrez comment Sharebox peut rationaliser vos op\u00e9rations et am\u00e9liorer la satisfaction de vos clients.","breadcrumb":{"@id":"https:\/\/sharebox.global\/fr\/contact\/#breadcrumb"},"inLanguage":"fr-FR","potentialAction":[{"@type":"ReadAction","target":["https:\/\/sharebox.global\/fr\/contact\/"]}]},{"@type":"BreadcrumbList","@id":"https:\/\/sharebox.global\/fr\/contact\/#breadcrumb","itemListElement":[{"@type":"ListItem","position":1,"name":"Home","item":"https:\/\/sharebox.global\/fr\/"},{"@type":"ListItem","position":2,"name":"Contactez notre \u00e9quipe de vente"}]},{"@type":"WebSite","@id":"https:\/\/sharebox.global\/fr\/#website","url":"https:\/\/sharebox.global\/fr\/","name":"Sharebox","description":"Infrastructure for 24\/7 vehicle handover","publisher":{"@id":"https:\/\/sharebox.global\/fr\/#organization"},"potentialAction":[{"@type":"SearchAction","target":{"@type":"EntryPoint","urlTemplate":"https:\/\/sharebox.global\/fr\/?s={search_term_string}"},"query-input":{"@type":"PropertyValueSpecification","valueRequired":true,"valueName":"search_term_string"}}],"inLanguage":"fr-FR"},{"@type":"Organization","@id":"https:\/\/sharebox.global\/fr\/#organization","name":"Sharebox","url":"https:\/\/sharebox.global\/fr\/","logo":{"@type":"ImageObject","inLanguage":"fr-FR","@id":"https:\/\/sharebox.global\/fr\/#\/schema\/logo\/image\/","url":"https:\/\/sharebox.global\/wp-content\/uploads\/2024\/04\/Sharebox-logo-red-on-white-500px.png","contentUrl":"https:\/\/sharebox.global\/wp-content\/uploads\/2024\/04\/Sharebox-logo-red-on-white-500px.png","width":450,"height":63,"caption":"Sharebox"},"image":{"@id":"https:\/\/sharebox.global\/fr\/#\/schema\/logo\/image\/"},"sameAs":["https:\/\/www.facebook.com\/SHAREBOX.NO\/","https:\/\/www.linkedin.com\/company\/sharebox-as\/","https:\/\/www.youtube.com\/channel\/UCGwoGdfNeD59c2s4qhf0gLQ"]}]}},"_links":{"self":[{"href":"https:\/\/sharebox.global\/fr\/wp-json\/wp\/v2\/pages\/44540","targetHints":{"allow":["GET"]}}],"collection":[{"href":"https:\/\/sharebox.global\/fr\/wp-json\/wp\/v2\/pages"}],"about":[{"href":"https:\/\/sharebox.global\/fr\/wp-json\/wp\/v2\/types\/page"}],"author":[{"embeddable":true,"href":"https:\/\/sharebox.global\/fr\/wp-json\/wp\/v2\/users\/1"}],"replies":[{"embeddable":true,"href":"https:\/\/sharebox.global\/fr\/wp-json\/wp\/v2\/comments?post=44540"}],"version-history":[{"count":7,"href":"https:\/\/sharebox.global\/fr\/wp-json\/wp\/v2\/pages\/44540\/revisions"}],"predecessor-version":[{"id":48786,"href":"https:\/\/sharebox.global\/fr\/wp-json\/wp\/v2\/pages\/44540\/revisions\/48786"}],"wp:attachment":[{"href":"https:\/\/sharebox.global\/fr\/wp-json\/wp\/v2\/media?parent=44540"}],"curies":[{"name":"wp","href":"https:\/\/api.w.org\/{rel}","templated":true}]}}