{"id":44588,"date":"2025-04-04T09:06:21","date_gmt":"2025-04-04T09:06:21","guid":{"rendered":"https:\/\/sharebox.global\/dos-dane\/"},"modified":"2025-12-04T11:37:33","modified_gmt":"2025-12-04T11:37:33","slug":"fleetback","status":"publish","type":"page","link":"https:\/\/sharebox.global\/fr\/fleetback\/","title":{"rendered":"Fleetback"},"content":{"rendered":"\n<div style=\"height:48px\" aria-hidden=\"true\" class=\"wp-block-spacer\"><\/div>\n\n<div style=\"height:48px\" aria-hidden=\"true\" class=\"wp-block-spacer\"><\/div>\n\n<div id=\"title-block--block_165321b4bc7f60f9cdd5183fbfb93803\" class=\"root-level-block title-block center-text-based\">\n\n    \n<!-- Whitespace to be determined -->\n    <div class=\"container\" style=\"padding-top: var(--spacing-m);\">\n        <h1>Tout le monde sur la bonne voie avec Fleetback<\/h1>        <p>Sharebox est en parfaite ad\u00e9quation avec Fleetback, un \u00e9cosyst\u00e8me num\u00e9rique auquel font confiance les concessionnaires de toutes tailles.<\/p>            <\/div>\n\n<\/div>\n\n<div id=\"logo-block--block_b39fc688175d25c69833abcef4b76f2b\" class=\"root-level-block logo-block center-text-based\">\n\n        <div class=\"container\">\n                \n                    <div class=\"logo-output\">\n                <img decoding=\"async\" src=\"https:\/\/sharebox.global\/wp-content\/uploads\/2025\/03\/logo_audi-ringer@320w.png\" alt=\"\"><img decoding=\"async\" src=\"https:\/\/sharebox.global\/wp-content\/uploads\/2025\/03\/logo_volkswagen@320w.png\" alt=\"\"><img decoding=\"async\" src=\"https:\/\/sharebox.global\/wp-content\/uploads\/2025\/03\/logo_bmw@320w.png\" alt=\"\"><img decoding=\"async\" src=\"https:\/\/sharebox.global\/wp-content\/uploads\/2025\/03\/logo_hyundai@320w.png\" alt=\"\">            <\/div>\n            <\/div>\n\n<\/div>\n<div id=\"image-with-title-and-description--block_c86b304ca2b3f14117d80a78423f387b\" class=\"root-level-block image-with-title-and-description is-style-right-aligned\">\n    \n    <div class=\"container relative\">\n        <div class=\"halved-image-container\">\n                            <div class=\"halved-image\"><img decoding=\"async\" width=\"1024\" height=\"768\" src=\"https:\/\/sharebox.global\/wp-content\/uploads\/2025\/03\/AdobeStock_224351794_withFleetbackLogo@1200_900.jpg\" class=\"attachment-large size-large\" alt=\"\" srcset=\"https:\/\/sharebox.global\/wp-content\/uploads\/2025\/03\/AdobeStock_224351794_withFleetbackLogo@1200_900.jpg 1200w, https:\/\/sharebox.global\/wp-content\/uploads\/2025\/03\/AdobeStock_224351794_withFleetbackLogo@1200_900-300x225.jpg 300w, https:\/\/sharebox.global\/wp-content\/uploads\/2025\/03\/AdobeStock_224351794_withFleetbackLogo@1200_900-768x576.jpg 768w\" sizes=\"(max-width: 1024px) 100vw, 1024px\" \/><\/div>\n            \n                            <div class=\"halved\">\n                    <div class=\"halved-type\">\n                                                    <h3>Un assistant num\u00e9rique<\/h3>\n                                                \n                                                    <p>Fleetback vous aide \u00e0 g\u00e9rer les heures de pointe, \u00e0 augmenter la rentabilit\u00e9, \u00e0 am\u00e9liorer les ventes additionnelles et crois\u00e9es et \u00e0 rationaliser les flux de travail num\u00e9riques.<\/p>                                            <\/div>\n\n                                                <div class=\"wp-block-button__group\">\n                                                                        <a class=\"wp-block-button__link btn-light\" \n                                            href=\"https:\/\/sharebox.global\/get-started\/\"\n                                            >\n                                            Regarder la d\u00e9mo                                        <\/a>\n                                                                <\/div>\n                                                            <\/div>\n                    <\/div>\n    <\/div>\n<\/div>\n\n\n<div id=\"repeating-row-of-three-boxes--block_a7be4c708b2fb11db7da91fb571d6d2f\" class=\"root-level-block repeating-row-of-three-boxes\">\n\n    <div class=\"container\">\n\n        <div class=\"grey-box-row\">\n                                <!-- Individual box container -->\n                    <div class=\"grey-text-box\">\n                                                    <img decoding=\"async\" width=\"96\" height=\"96\" src=\"https:\/\/sharebox.global\/wp-content\/uploads\/2025\/03\/icon_workflow@96w.png\" class=\"icon\" alt=\"\" \/>                        \n                                                    <h3>Audits personnalis\u00e9s<\/h3>\n                                                \n                                                    <p>Cr\u00e9ez des mod\u00e8les d&#039;audit personnalis\u00e9s : retour de location, eVHC, contr\u00f4le des ordres de r\u00e9paration, etc.<\/p>\n                                            <\/div>\n                                    <!-- Individual box container -->\n                    <div class=\"grey-text-box\">\n                                                    <img decoding=\"async\" width=\"96\" height=\"96\" src=\"https:\/\/sharebox.global\/wp-content\/uploads\/2025\/03\/icon_laptopchart@96px-1.png\" class=\"icon\" alt=\"\" \/>                        \n                                                    <h3>Contr\u00f4le en temps r\u00e9el<\/h3>\n                                                \n                                                    <p>Fixez des objectifs et suivez vos progr\u00e8s. Obtenez des vues et des statistiques personnalis\u00e9es. <\/p>\n                                            <\/div>\n                                    <!-- Individual box container -->\n                    <div class=\"grey-text-box\">\n                                                    <img decoding=\"async\" width=\"96\" height=\"96\" src=\"https:\/\/sharebox.global\/wp-content\/uploads\/2025\/03\/icon_smartphonecheckmark@96w.png\" class=\"icon\" alt=\"\" \/>                        \n                                                    <h3>Enregistrement \u00e0 domicile<\/h3>\n                                                \n                                                    <p>Pr\u00e9parez vos rendez-vous n&#039;importe o\u00f9 et n&#039;importe quand. Gagnez du temps et augmentez vos ventes en m\u00eame temps. <\/p>\n                                            <\/div>\n                                                <\/div>\n    <\/div>    \n<\/div>\n\n\n<div id=\"image-with-title-and-description--block_bf97411d5167a31b69224d824b4109e9\" class=\"root-level-block image-with-title-and-description is-style-left-aligned\">\n    \n    <div class=\"container relative\">\n        <div class=\"halved-image-container\">\n                            <div class=\"halved-image\"><img decoding=\"async\" width=\"1024\" height=\"691\" src=\"https:\/\/sharebox.global\/wp-content\/uploads\/2025\/03\/Fleetback-customer.jpg\" class=\"attachment-large size-large\" alt=\"\" srcset=\"https:\/\/sharebox.global\/wp-content\/uploads\/2025\/03\/Fleetback-customer.jpg 1200w, https:\/\/sharebox.global\/wp-content\/uploads\/2025\/03\/Fleetback-customer-300x203.jpg 300w, https:\/\/sharebox.global\/wp-content\/uploads\/2025\/03\/Fleetback-customer-768x518.jpg 768w\" sizes=\"(max-width: 1024px) 100vw, 1024px\" \/><\/div>\n            \n                            <div class=\"halved\">\n                    <div class=\"halved-type\">\n                                                    <h3>Faciliter la vie quotidienne<\/h3>\n                                                \n                                                    <p>Gestion pratique des rendez-vous, communication simplifi\u00e9e tout au long du parcours du client et remise\/prise en charge rapide des cl\u00e9s : notre solution en libre-service vous facilite la vie au quotidien.<\/p>                                            <\/div>\n\n                                                <div class=\"wp-block-button__group\">\n                                                                        <a class=\"wp-block-button__link btn-light\" \n                                            href=\"https:\/\/sharebox.global\/get-started\/\"\n                                            >\n                                            Regarder la d\u00e9mo                                        <\/a>\n                                                                <\/div>\n                                                            <\/div>\n                    <\/div>\n    <\/div>\n<\/div>\n\n<div id=\"three-columns-with-support--block_60b623bf55d4a926fda55a8ec46b6d5e\" class=\"root-level-block three-columns-with-support\">\n\n    <div class=\"container\">\n\n        <div class=\"decided\">\n            \n                                \n                            <!-- Display section title if one exists -->\n                <h2 class=\"decided-title text-center\">Commencez<\/h2>\n                            \n                                    \n                        <!-- Column container for the 3 boxes -->\n            <div class=\"column-box-row\">\n                \n                            <!-- Individual box container -->\n                            <div class=\"column-text-box\">\n                                                                    <img decoding=\"async\" width=\"48\" height=\"48\" src=\"https:\/\/sharebox.global\/wp-content\/uploads\/2025\/03\/icon_monitorbookstudent@48.png\" class=\"icon\" alt=\"\" \/>                                \n                                <h3>1. Regardez la d\u00e9mo<\/h3>\n                                <p>Voyez-le en direct et faites-nous part de vos besoins.<\/p>\n                            <\/div>\n\n                        \n                            <!-- Individual box container -->\n                            <div class=\"column-text-box\">\n                                                                    <img decoding=\"async\" width=\"48\" height=\"48\" src=\"https:\/\/sharebox.global\/wp-content\/uploads\/2025\/03\/icon_planblueprint@48.png\" class=\"icon\" alt=\"\" \/>                                \n                                <h3>2. Proposition sur mesure<\/h3>\n                                <p>Recevez un plan et une strat\u00e9gie adapt\u00e9s \u00e0 votre entreprise et \u00e0 vos objectifs.<\/p>\n                            <\/div>\n\n                        \n                            <!-- Individual box container -->\n                            <div class=\"column-text-box\">\n                                                                    <img decoding=\"async\" width=\"48\" height=\"48\" src=\"https:\/\/sharebox.global\/wp-content\/uploads\/2025\/03\/icon_toolsscrewdriverwrench@48.png\" class=\"icon\" alt=\"\" \/>                                \n                                <h3>3. Mise en \u0153uvre<\/h3>\n                                <p>Nous nous chargeons de l&#039;installation et de la configuration, ainsi que de la formation de votre personnel.<\/p>\n                            <\/div>\n\n                                    <\/div>\n            <!-- End check for enabled columns -->\n\n                        <!-- Button group centered below content -->\n            <div class=\"centered-button-group\">\n                                                <a class=\"wp-block-button__link btn-light\"\n                    href=\"https:\/\/sharebox.global\/fr\/get-started\/\"\n                    >\n                        Regarder les d\u00e9monstrations                    <\/a>\n                                                <\/div>\n                    <\/div>\n    <\/div>\n<\/div>\n\n<p><\/p>\n","protected":false},"excerpt":{"rendered":"","protected":false},"author":1,"featured_media":0,"parent":0,"menu_order":0,"comment_status":"closed","ping_status":"closed","template":"","meta":{"_acf_changed":false,"content-type":"","inline_featured_image":false,"footnotes":""},"class_list":["post-44588","page","type-page","status-publish","hentry"],"acf":[],"yoast_head":"<!-- This site is optimized with the Yoast SEO plugin v27.4 - https:\/\/yoast.com\/product\/yoast-seo-wordpress\/ -->\n<title>Fleetback - Sharebox<\/title>\n<meta name=\"description\" content=\"Sharebox est en parfaite ad\u00e9quation avec Fleetback, un syst\u00e8me d&#039;\u00e9cosyst\u00e8me num\u00e9rique auquel font confiance les concessionnaires de toutes tailles.\" \/>\n<meta name=\"robots\" content=\"index, follow, max-snippet:-1, max-image-preview:large, max-video-preview:-1\" \/>\n<link rel=\"canonical\" href=\"https:\/\/sharebox.global\/fr\/fleetback\/\" \/>\n<meta property=\"og:locale\" content=\"fr_FR\" \/>\n<meta property=\"og:type\" content=\"article\" \/>\n<meta property=\"og:title\" content=\"Tout le monde sur la bonne voie avec Fleetback\" \/>\n<meta property=\"og:description\" content=\"Sharebox est en parfaite ad\u00e9quation avec Fleetback, un syst\u00e8me d&#039;\u00e9cosyst\u00e8me num\u00e9rique auquel font confiance les concessionnaires de toutes tailles.\" \/>\n<meta property=\"og:url\" content=\"https:\/\/sharebox.global\/fr\/fleetback\/\" \/>\n<meta property=\"og:site_name\" content=\"Sharebox\" \/>\n<meta property=\"article:publisher\" content=\"https:\/\/www.facebook.com\/SHAREBOX.NO\/\" \/>\n<meta property=\"article:modified_time\" content=\"2025-12-04T11:37:33+00:00\" \/>\n<meta property=\"og:image\" content=\"https:\/\/sharebox.global\/wp-content\/uploads\/2025\/04\/Volkswagen-Nutzfahrzeuge-Service-Station-mit-Dach.png\" \/>\n\t<meta property=\"og:image:width\" content=\"1170\" \/>\n\t<meta property=\"og:image:height\" content=\"521\" \/>\n\t<meta property=\"og:image:type\" content=\"image\/png\" \/>\n<meta name=\"twitter:card\" content=\"summary_large_image\" \/>\n<script type=\"application\/ld+json\" class=\"yoast-schema-graph\">{\"@context\":\"https:\\\/\\\/schema.org\",\"@graph\":[{\"@type\":\"WebPage\",\"@id\":\"https:\\\/\\\/sharebox.global\\\/fr\\\/fleetback\\\/\",\"url\":\"https:\\\/\\\/sharebox.global\\\/fr\\\/fleetback\\\/\",\"name\":\"Fleetback - Sharebox\",\"isPartOf\":{\"@id\":\"https:\\\/\\\/sharebox.global\\\/fr\\\/#website\"},\"datePublished\":\"2025-04-04T09:06:21+00:00\",\"dateModified\":\"2025-12-04T11:37:33+00:00\",\"description\":\"Sharebox est en parfaite ad\u00e9quation avec Fleetback, un syst\u00e8me d'\u00e9cosyst\u00e8me num\u00e9rique auquel font confiance les concessionnaires de toutes tailles.\",\"breadcrumb\":{\"@id\":\"https:\\\/\\\/sharebox.global\\\/fr\\\/fleetback\\\/#breadcrumb\"},\"inLanguage\":\"fr-FR\",\"potentialAction\":[{\"@type\":\"ReadAction\",\"target\":[\"https:\\\/\\\/sharebox.global\\\/fr\\\/fleetback\\\/\"]}]},{\"@type\":\"BreadcrumbList\",\"@id\":\"https:\\\/\\\/sharebox.global\\\/fr\\\/fleetback\\\/#breadcrumb\",\"itemListElement\":[{\"@type\":\"ListItem\",\"position\":1,\"name\":\"Home\",\"item\":\"https:\\\/\\\/sharebox.global\\\/fr\\\/\"},{\"@type\":\"ListItem\",\"position\":2,\"name\":\"Fleetback\"}]},{\"@type\":\"WebSite\",\"@id\":\"https:\\\/\\\/sharebox.global\\\/fr\\\/#website\",\"url\":\"https:\\\/\\\/sharebox.global\\\/fr\\\/\",\"name\":\"Sharebox\",\"description\":\"Infrastructure for 24\\\/7 vehicle handover\",\"publisher\":{\"@id\":\"https:\\\/\\\/sharebox.global\\\/fr\\\/#organization\"},\"potentialAction\":[{\"@type\":\"SearchAction\",\"target\":{\"@type\":\"EntryPoint\",\"urlTemplate\":\"https:\\\/\\\/sharebox.global\\\/fr\\\/?s={search_term_string}\"},\"query-input\":{\"@type\":\"PropertyValueSpecification\",\"valueRequired\":true,\"valueName\":\"search_term_string\"}}],\"inLanguage\":\"fr-FR\"},{\"@type\":\"Organization\",\"@id\":\"https:\\\/\\\/sharebox.global\\\/fr\\\/#organization\",\"name\":\"Sharebox\",\"url\":\"https:\\\/\\\/sharebox.global\\\/fr\\\/\",\"logo\":{\"@type\":\"ImageObject\",\"inLanguage\":\"fr-FR\",\"@id\":\"https:\\\/\\\/sharebox.global\\\/fr\\\/#\\\/schema\\\/logo\\\/image\\\/\",\"url\":\"https:\\\/\\\/sharebox.global\\\/wp-content\\\/uploads\\\/2024\\\/04\\\/Sharebox-logo-red-on-white-500px.png\",\"contentUrl\":\"https:\\\/\\\/sharebox.global\\\/wp-content\\\/uploads\\\/2024\\\/04\\\/Sharebox-logo-red-on-white-500px.png\",\"width\":450,\"height\":63,\"caption\":\"Sharebox\"},\"image\":{\"@id\":\"https:\\\/\\\/sharebox.global\\\/fr\\\/#\\\/schema\\\/logo\\\/image\\\/\"},\"sameAs\":[\"https:\\\/\\\/www.facebook.com\\\/SHAREBOX.NO\\\/\",\"https:\\\/\\\/www.linkedin.com\\\/company\\\/sharebox-as\\\/\",\"https:\\\/\\\/www.youtube.com\\\/channel\\\/UCGwoGdfNeD59c2s4qhf0gLQ\"]}]}<\/script>\n<!-- \/ Yoast SEO plugin. -->","yoast_head_json":{"title":"Fleetback - Sharebox","description":"Sharebox est en parfaite ad\u00e9quation avec Fleetback, un syst\u00e8me d'\u00e9cosyst\u00e8me num\u00e9rique auquel font confiance les concessionnaires de toutes tailles.","robots":{"index":"index","follow":"follow","max-snippet":"max-snippet:-1","max-image-preview":"max-image-preview:large","max-video-preview":"max-video-preview:-1"},"canonical":"https:\/\/sharebox.global\/fr\/fleetback\/","og_locale":"fr_FR","og_type":"article","og_title":"Tout le monde sur la bonne voie avec Fleetback","og_description":"Sharebox est en parfaite ad\u00e9quation avec Fleetback, un syst\u00e8me d'\u00e9cosyst\u00e8me num\u00e9rique auquel font confiance les concessionnaires de toutes tailles.","og_url":"https:\/\/sharebox.global\/fr\/fleetback\/","og_site_name":"Sharebox","article_publisher":"https:\/\/www.facebook.com\/SHAREBOX.NO\/","article_modified_time":"2025-12-04T11:37:33+00:00","og_image":[{"width":1170,"height":521,"url":"https:\/\/sharebox.global\/wp-content\/uploads\/2025\/04\/Volkswagen-Nutzfahrzeuge-Service-Station-mit-Dach.png","type":"image\/png"}],"twitter_card":"summary_large_image","schema":{"@context":"https:\/\/schema.org","@graph":[{"@type":"WebPage","@id":"https:\/\/sharebox.global\/fr\/fleetback\/","url":"https:\/\/sharebox.global\/fr\/fleetback\/","name":"Fleetback - Sharebox","isPartOf":{"@id":"https:\/\/sharebox.global\/fr\/#website"},"datePublished":"2025-04-04T09:06:21+00:00","dateModified":"2025-12-04T11:37:33+00:00","description":"Sharebox est en parfaite ad\u00e9quation avec Fleetback, un syst\u00e8me d'\u00e9cosyst\u00e8me num\u00e9rique auquel font confiance les concessionnaires de toutes tailles.","breadcrumb":{"@id":"https:\/\/sharebox.global\/fr\/fleetback\/#breadcrumb"},"inLanguage":"fr-FR","potentialAction":[{"@type":"ReadAction","target":["https:\/\/sharebox.global\/fr\/fleetback\/"]}]},{"@type":"BreadcrumbList","@id":"https:\/\/sharebox.global\/fr\/fleetback\/#breadcrumb","itemListElement":[{"@type":"ListItem","position":1,"name":"Home","item":"https:\/\/sharebox.global\/fr\/"},{"@type":"ListItem","position":2,"name":"Fleetback"}]},{"@type":"WebSite","@id":"https:\/\/sharebox.global\/fr\/#website","url":"https:\/\/sharebox.global\/fr\/","name":"Sharebox","description":"Infrastructure for 24\/7 vehicle handover","publisher":{"@id":"https:\/\/sharebox.global\/fr\/#organization"},"potentialAction":[{"@type":"SearchAction","target":{"@type":"EntryPoint","urlTemplate":"https:\/\/sharebox.global\/fr\/?s={search_term_string}"},"query-input":{"@type":"PropertyValueSpecification","valueRequired":true,"valueName":"search_term_string"}}],"inLanguage":"fr-FR"},{"@type":"Organization","@id":"https:\/\/sharebox.global\/fr\/#organization","name":"Sharebox","url":"https:\/\/sharebox.global\/fr\/","logo":{"@type":"ImageObject","inLanguage":"fr-FR","@id":"https:\/\/sharebox.global\/fr\/#\/schema\/logo\/image\/","url":"https:\/\/sharebox.global\/wp-content\/uploads\/2024\/04\/Sharebox-logo-red-on-white-500px.png","contentUrl":"https:\/\/sharebox.global\/wp-content\/uploads\/2024\/04\/Sharebox-logo-red-on-white-500px.png","width":450,"height":63,"caption":"Sharebox"},"image":{"@id":"https:\/\/sharebox.global\/fr\/#\/schema\/logo\/image\/"},"sameAs":["https:\/\/www.facebook.com\/SHAREBOX.NO\/","https:\/\/www.linkedin.com\/company\/sharebox-as\/","https:\/\/www.youtube.com\/channel\/UCGwoGdfNeD59c2s4qhf0gLQ"]}]}},"_links":{"self":[{"href":"https:\/\/sharebox.global\/fr\/wp-json\/wp\/v2\/pages\/44588","targetHints":{"allow":["GET"]}}],"collection":[{"href":"https:\/\/sharebox.global\/fr\/wp-json\/wp\/v2\/pages"}],"about":[{"href":"https:\/\/sharebox.global\/fr\/wp-json\/wp\/v2\/types\/page"}],"author":[{"embeddable":true,"href":"https:\/\/sharebox.global\/fr\/wp-json\/wp\/v2\/users\/1"}],"replies":[{"embeddable":true,"href":"https:\/\/sharebox.global\/fr\/wp-json\/wp\/v2\/comments?post=44588"}],"version-history":[{"count":7,"href":"https:\/\/sharebox.global\/fr\/wp-json\/wp\/v2\/pages\/44588\/revisions"}],"predecessor-version":[{"id":47404,"href":"https:\/\/sharebox.global\/fr\/wp-json\/wp\/v2\/pages\/44588\/revisions\/47404"}],"wp:attachment":[{"href":"https:\/\/sharebox.global\/fr\/wp-json\/wp\/v2\/media?parent=44588"}],"curies":[{"name":"wp","href":"https:\/\/api.w.org\/{rel}","templated":true}]}}