{"id":44592,"date":"2025-04-04T09:06:21","date_gmt":"2025-04-04T09:06:21","guid":{"rendered":"https:\/\/sharebox.global\/commencez\/"},"modified":"2026-03-03T11:55:15","modified_gmt":"2026-03-03T11:55:15","slug":"commencez","status":"publish","type":"page","link":"https:\/\/sharebox.global\/fr\/commencez\/","title":{"rendered":"Regardez les d\u00e9monstrations"},"content":{"rendered":"\n<div style=\"height:100px\" aria-hidden=\"true\" class=\"wp-block-spacer\"><\/div>\n\n<div style=\"height:100px\" aria-hidden=\"true\" class=\"wp-block-spacer\"><\/div>\n\r\n<div id=\"image-coloured-background-width-text-block--block_9d50e961aa5485abeb6c28886b9aa70c\" \r\n     class=\"root-level-block image-coloured-background-width-text-block breathing-space\" \r\n     >\r\n\r\n    <div class=\"container relative\">\r\n                    <div class=\"sidequest-image\"><img decoding=\"async\" width=\"1024\" height=\"661\" src=\"https:\/\/sharebox.global\/wp-content\/uploads\/2026\/02\/1d6242c080a26bbc3c7ad87d2d1d0325ea6d1372-1024x661.jpg\" class=\"attachment-large size-large\" alt=\"\" srcset=\"https:\/\/sharebox.global\/wp-content\/uploads\/2026\/02\/1d6242c080a26bbc3c7ad87d2d1d0325ea6d1372-1024x661.jpg 1024w, https:\/\/sharebox.global\/wp-content\/uploads\/2026\/02\/1d6242c080a26bbc3c7ad87d2d1d0325ea6d1372-300x194.jpg 300w, https:\/\/sharebox.global\/wp-content\/uploads\/2026\/02\/1d6242c080a26bbc3c7ad87d2d1d0325ea6d1372-768x496.jpg 768w, https:\/\/sharebox.global\/wp-content\/uploads\/2026\/02\/1d6242c080a26bbc3c7ad87d2d1d0325ea6d1372-1536x992.jpg 1536w, https:\/\/sharebox.global\/wp-content\/uploads\/2026\/02\/1d6242c080a26bbc3c7ad87d2d1d0325ea6d1372-2048x1322.jpg 2048w\" sizes=\"(max-width: 1024px) 100vw, 1024px\" \/><\/div>\r\n        \r\n                <div class=\"sidequest\">\r\n            <div class=\"sidequest-type\">\r\n                                    <h2>Commencez \u00e0 passer \u00e0 des op\u00e9rations sans surveillance 24 heures sur 24 et 7 jours sur 7<\/h2>\r\n                                \r\n\r\n                                            <p>Du projet pilote au d\u00e9ploiement sur plusieurs sites, Sharebox aide les groupes de concessionnaires, les r\u00e9seaux de location et les op\u00e9rateurs de flottes \u00e0 se d\u00e9ployer rapidement et \u00e0 s&rsquo;adapter en toute confiance.<\/p>                                    <\/div>\r\n            \r\n            \r\n                    <\/div>\r\n            <\/div>\r\n<\/div>\r\n\n<h3 class=\"wp-block-heading has-text-align-center\">Choisissez votre secteur d&rsquo;activit\u00e9 et observez le parcours complet du client<\/h3>\n\n<div class=\"wp-block-buttons is-content-justification-center is-layout-flex wp-container-core-buttons-is-layout-16018d1d wp-block-buttons-is-layout-flex\">\n<div class=\"wp-block-button\"><a class=\"wp-block-button__link has-text-align-center wp-element-button\" href=\"https:\/\/sharebox.global\/fr\/regardez-les-demonstrations-2\/\" target=\"_blank\" rel=\"noreferrer noopener\">Parcours du client chez le concessionnaire<\/a><\/div>\n\n\n\n<div class=\"wp-block-button\"><a class=\"wp-block-button__link wp-element-button\" href=\"https:\/\/sharebox.global\/fr\/regardez-les-demonstrations\/\" target=\"_blank\" rel=\"noreferrer noopener\">Parcours du client de la location de voitures<\/a><\/div>\n<\/div>\n\n<div style=\"height:100px\" aria-hidden=\"true\" class=\"wp-block-spacer\"><\/div>\n\n\n<div id=\"repeating-row-of-three-boxes--block_7652fe8a088f3217c67f68d2cd1793ab\" class=\"root-level-block repeating-row-of-three-boxes\">\n\n    <div class=\"container\">\n\n        <div class=\"grey-box-row\">\n                                <!-- Individual box container -->\n                    <div class=\"grey-text-box\">\n                                                    <img decoding=\"async\" width=\"96\" height=\"96\" src=\"https:\/\/sharebox.global\/wp-content\/uploads\/2025\/03\/icon_workflow@96w.png\" class=\"icon\" alt=\"\" \/>                        \n                                                    <h3>Flux de travail automatis\u00e9s  <\/h3>\n                                                \n                                                    <p>Fini les t\u00e2ches administratives r\u00e9p\u00e9titives. R\u00e9duisez les erreurs, acc\u00e9l\u00e9rez les choses et laissez votre personnel se concentrer sur les clients plut\u00f4t que sur la paperasse. <\/p>\n                                            <\/div>\n                                    <!-- Individual box container -->\n                    <div class=\"grey-text-box\">\n                                                    <img decoding=\"async\" width=\"96\" height=\"96\" src=\"https:\/\/sharebox.global\/wp-content\/uploads\/2025\/03\/icon_smartphonecheckmark@96w.png\" class=\"icon\" alt=\"\" \/>                        \n                                                    <h3>Enregistrement mobile  <\/h3>\n                                                \n                                                    <p>Libre-service, \u00e0 tout moment et en tout lieu. Les clients s&#039;enregistrent \u00e0 partir de leur t\u00e9l\u00e9phone ou d&#039;un kiosque, ce qui permet \u00e0 votre entreprise de fonctionner en permanence. \r\n<\/p>\n                                            <\/div>\n                                    <!-- Individual box container -->\n                    <div class=\"grey-text-box\">\n                                                    <img decoding=\"async\" width=\"96\" height=\"96\" src=\"https:\/\/sharebox.global\/wp-content\/uploads\/2025\/03\/icon_shoppingcartplus@96w.png\" class=\"icon\" alt=\"\" \/>                        \n                                                    <h3>Des ventes incitatives intelligentes<\/h3>\n                                                \n                                                    <p>Augmentez votre chiffre d&#039;affaires gr\u00e2ce \u00e0 des suggestions automatis\u00e9es d&#039;ajouts, au moment le plus opportun du parcours.<\/p>\n                                            <\/div>\n                                    <\/div>\n    <\/div>    \n<\/div>\n\n\n<p class=\"has-text-align-center\">Sharebox fournit une infrastructure d&rsquo;entreprise pour le transfert de v\u00e9hicules 24\/7, le service sans surveillance et les op\u00e9rations de mobilit\u00e9 automatis\u00e9es dans les groupes de concessionnaires, les r\u00e9seaux de location et les environnements de flotte.<\/p>\n","protected":false},"excerpt":{"rendered":"<p>Choisissez votre secteur d&rsquo;activit\u00e9 et observez le parcours complet du client Sharebox fournit une infrastructure d&rsquo;entreprise pour le transfert de v\u00e9hicules 24\/7, le service sans<\/p>\n","protected":false},"author":1,"featured_media":0,"parent":0,"menu_order":0,"comment_status":"closed","ping_status":"closed","template":"","meta":{"_acf_changed":false,"content-type":"","inline_featured_image":false,"footnotes":""},"class_list":["post-44592","page","type-page","status-publish","hentry"],"acf":[],"yoast_head":"<!-- This site is optimized with the Yoast SEO plugin v27.5 - https:\/\/yoast.com\/product\/yoast-seo-wordpress\/ -->\n<title>Regardez les d\u00e9monstrations - Sharebox<\/title>\n<meta name=\"description\" content=\"D\u00e9couvrez comment les concessionnaires, les ateliers et les soci\u00e9t\u00e9s de location g\u00e8rent des op\u00e9rations plus fluides, plus rapides et plus rentables gr\u00e2ce \u00e0 Sharebox.\" \/>\n<meta name=\"robots\" content=\"index, follow, max-snippet:-1, max-image-preview:large, max-video-preview:-1\" \/>\n<link rel=\"canonical\" href=\"https:\/\/sharebox.global\/fr\/commencez\/\" \/>\n<meta property=\"og:locale\" content=\"fr_FR\" \/>\n<meta property=\"og:type\" content=\"article\" \/>\n<meta property=\"og:title\" content=\"Regardez les d\u00e9monstrations\" \/>\n<meta property=\"og:description\" content=\"D\u00e9couvrez ce que Sharebox peut faire pour votre entreprise. Inscrivez-vous, regardez la d\u00e9mo.\" \/>\n<meta property=\"og:url\" content=\"https:\/\/sharebox.global\/fr\/commencez\/\" \/>\n<meta property=\"og:site_name\" content=\"Sharebox\" \/>\n<meta property=\"article:publisher\" content=\"https:\/\/www.facebook.com\/SHAREBOX.NO\/\" \/>\n<meta property=\"article:modified_time\" content=\"2026-03-03T11:55:15+00:00\" \/>\n<meta property=\"og:image\" content=\"https:\/\/sharebox.global\/wp-content\/uploads\/2025\/04\/Volkswagen-Nutzfahrzeuge-Service-Station-mit-Dach.png\" \/>\n\t<meta property=\"og:image:width\" content=\"1170\" \/>\n\t<meta property=\"og:image:height\" content=\"521\" \/>\n\t<meta property=\"og:image:type\" content=\"image\/png\" \/>\n<meta name=\"twitter:card\" content=\"summary_large_image\" \/>\n<script type=\"application\/ld+json\" class=\"yoast-schema-graph\">{\"@context\":\"https:\\\/\\\/schema.org\",\"@graph\":[{\"@type\":\"WebPage\",\"@id\":\"https:\\\/\\\/sharebox.global\\\/fr\\\/commencez\\\/\",\"url\":\"https:\\\/\\\/sharebox.global\\\/fr\\\/commencez\\\/\",\"name\":\"Regardez les d\u00e9monstrations - Sharebox\",\"isPartOf\":{\"@id\":\"https:\\\/\\\/sharebox.global\\\/fr\\\/#website\"},\"datePublished\":\"2025-04-04T09:06:21+00:00\",\"dateModified\":\"2026-03-03T11:55:15+00:00\",\"description\":\"D\u00e9couvrez comment les concessionnaires, les ateliers et les soci\u00e9t\u00e9s de location g\u00e8rent des op\u00e9rations plus fluides, plus rapides et plus rentables gr\u00e2ce \u00e0 Sharebox.\",\"breadcrumb\":{\"@id\":\"https:\\\/\\\/sharebox.global\\\/fr\\\/commencez\\\/#breadcrumb\"},\"inLanguage\":\"fr-FR\",\"potentialAction\":[{\"@type\":\"ReadAction\",\"target\":[\"https:\\\/\\\/sharebox.global\\\/fr\\\/commencez\\\/\"]}]},{\"@type\":\"BreadcrumbList\",\"@id\":\"https:\\\/\\\/sharebox.global\\\/fr\\\/commencez\\\/#breadcrumb\",\"itemListElement\":[{\"@type\":\"ListItem\",\"position\":1,\"name\":\"Home\",\"item\":\"https:\\\/\\\/sharebox.global\\\/fr\\\/\"},{\"@type\":\"ListItem\",\"position\":2,\"name\":\"Regardez les d\u00e9monstrations\"}]},{\"@type\":\"WebSite\",\"@id\":\"https:\\\/\\\/sharebox.global\\\/fr\\\/#website\",\"url\":\"https:\\\/\\\/sharebox.global\\\/fr\\\/\",\"name\":\"Sharebox\",\"description\":\"Infrastructure for 24\\\/7 vehicle handover\",\"publisher\":{\"@id\":\"https:\\\/\\\/sharebox.global\\\/fr\\\/#organization\"},\"potentialAction\":[{\"@type\":\"SearchAction\",\"target\":{\"@type\":\"EntryPoint\",\"urlTemplate\":\"https:\\\/\\\/sharebox.global\\\/fr\\\/?s={search_term_string}\"},\"query-input\":{\"@type\":\"PropertyValueSpecification\",\"valueRequired\":true,\"valueName\":\"search_term_string\"}}],\"inLanguage\":\"fr-FR\"},{\"@type\":\"Organization\",\"@id\":\"https:\\\/\\\/sharebox.global\\\/fr\\\/#organization\",\"name\":\"Sharebox\",\"url\":\"https:\\\/\\\/sharebox.global\\\/fr\\\/\",\"logo\":{\"@type\":\"ImageObject\",\"inLanguage\":\"fr-FR\",\"@id\":\"https:\\\/\\\/sharebox.global\\\/fr\\\/#\\\/schema\\\/logo\\\/image\\\/\",\"url\":\"https:\\\/\\\/sharebox.global\\\/wp-content\\\/uploads\\\/2024\\\/04\\\/Sharebox-logo-red-on-white-500px.png\",\"contentUrl\":\"https:\\\/\\\/sharebox.global\\\/wp-content\\\/uploads\\\/2024\\\/04\\\/Sharebox-logo-red-on-white-500px.png\",\"width\":450,\"height\":63,\"caption\":\"Sharebox\"},\"image\":{\"@id\":\"https:\\\/\\\/sharebox.global\\\/fr\\\/#\\\/schema\\\/logo\\\/image\\\/\"},\"sameAs\":[\"https:\\\/\\\/www.facebook.com\\\/SHAREBOX.NO\\\/\",\"https:\\\/\\\/www.linkedin.com\\\/company\\\/sharebox-as\\\/\",\"https:\\\/\\\/www.youtube.com\\\/channel\\\/UCGwoGdfNeD59c2s4qhf0gLQ\"]}]}<\/script>\n<!-- \/ Yoast SEO plugin. -->","yoast_head_json":{"title":"Regardez les d\u00e9monstrations - Sharebox","description":"D\u00e9couvrez comment les concessionnaires, les ateliers et les soci\u00e9t\u00e9s de location g\u00e8rent des op\u00e9rations plus fluides, plus rapides et plus rentables gr\u00e2ce \u00e0 Sharebox.","robots":{"index":"index","follow":"follow","max-snippet":"max-snippet:-1","max-image-preview":"max-image-preview:large","max-video-preview":"max-video-preview:-1"},"canonical":"https:\/\/sharebox.global\/fr\/commencez\/","og_locale":"fr_FR","og_type":"article","og_title":"Regardez les d\u00e9monstrations","og_description":"D\u00e9couvrez ce que Sharebox peut faire pour votre entreprise. Inscrivez-vous, regardez la d\u00e9mo.","og_url":"https:\/\/sharebox.global\/fr\/commencez\/","og_site_name":"Sharebox","article_publisher":"https:\/\/www.facebook.com\/SHAREBOX.NO\/","article_modified_time":"2026-03-03T11:55:15+00:00","og_image":[{"width":1170,"height":521,"url":"https:\/\/sharebox.global\/wp-content\/uploads\/2025\/04\/Volkswagen-Nutzfahrzeuge-Service-Station-mit-Dach.png","type":"image\/png"}],"twitter_card":"summary_large_image","schema":{"@context":"https:\/\/schema.org","@graph":[{"@type":"WebPage","@id":"https:\/\/sharebox.global\/fr\/commencez\/","url":"https:\/\/sharebox.global\/fr\/commencez\/","name":"Regardez les d\u00e9monstrations - Sharebox","isPartOf":{"@id":"https:\/\/sharebox.global\/fr\/#website"},"datePublished":"2025-04-04T09:06:21+00:00","dateModified":"2026-03-03T11:55:15+00:00","description":"D\u00e9couvrez comment les concessionnaires, les ateliers et les soci\u00e9t\u00e9s de location g\u00e8rent des op\u00e9rations plus fluides, plus rapides et plus rentables gr\u00e2ce \u00e0 Sharebox.","breadcrumb":{"@id":"https:\/\/sharebox.global\/fr\/commencez\/#breadcrumb"},"inLanguage":"fr-FR","potentialAction":[{"@type":"ReadAction","target":["https:\/\/sharebox.global\/fr\/commencez\/"]}]},{"@type":"BreadcrumbList","@id":"https:\/\/sharebox.global\/fr\/commencez\/#breadcrumb","itemListElement":[{"@type":"ListItem","position":1,"name":"Home","item":"https:\/\/sharebox.global\/fr\/"},{"@type":"ListItem","position":2,"name":"Regardez les d\u00e9monstrations"}]},{"@type":"WebSite","@id":"https:\/\/sharebox.global\/fr\/#website","url":"https:\/\/sharebox.global\/fr\/","name":"Sharebox","description":"Infrastructure for 24\/7 vehicle handover","publisher":{"@id":"https:\/\/sharebox.global\/fr\/#organization"},"potentialAction":[{"@type":"SearchAction","target":{"@type":"EntryPoint","urlTemplate":"https:\/\/sharebox.global\/fr\/?s={search_term_string}"},"query-input":{"@type":"PropertyValueSpecification","valueRequired":true,"valueName":"search_term_string"}}],"inLanguage":"fr-FR"},{"@type":"Organization","@id":"https:\/\/sharebox.global\/fr\/#organization","name":"Sharebox","url":"https:\/\/sharebox.global\/fr\/","logo":{"@type":"ImageObject","inLanguage":"fr-FR","@id":"https:\/\/sharebox.global\/fr\/#\/schema\/logo\/image\/","url":"https:\/\/sharebox.global\/wp-content\/uploads\/2024\/04\/Sharebox-logo-red-on-white-500px.png","contentUrl":"https:\/\/sharebox.global\/wp-content\/uploads\/2024\/04\/Sharebox-logo-red-on-white-500px.png","width":450,"height":63,"caption":"Sharebox"},"image":{"@id":"https:\/\/sharebox.global\/fr\/#\/schema\/logo\/image\/"},"sameAs":["https:\/\/www.facebook.com\/SHAREBOX.NO\/","https:\/\/www.linkedin.com\/company\/sharebox-as\/","https:\/\/www.youtube.com\/channel\/UCGwoGdfNeD59c2s4qhf0gLQ"]}]}},"_links":{"self":[{"href":"https:\/\/sharebox.global\/fr\/wp-json\/wp\/v2\/pages\/44592","targetHints":{"allow":["GET"]}}],"collection":[{"href":"https:\/\/sharebox.global\/fr\/wp-json\/wp\/v2\/pages"}],"about":[{"href":"https:\/\/sharebox.global\/fr\/wp-json\/wp\/v2\/types\/page"}],"author":[{"embeddable":true,"href":"https:\/\/sharebox.global\/fr\/wp-json\/wp\/v2\/users\/1"}],"replies":[{"embeddable":true,"href":"https:\/\/sharebox.global\/fr\/wp-json\/wp\/v2\/comments?post=44592"}],"version-history":[{"count":11,"href":"https:\/\/sharebox.global\/fr\/wp-json\/wp\/v2\/pages\/44592\/revisions"}],"predecessor-version":[{"id":48778,"href":"https:\/\/sharebox.global\/fr\/wp-json\/wp\/v2\/pages\/44592\/revisions\/48778"}],"wp:attachment":[{"href":"https:\/\/sharebox.global\/fr\/wp-json\/wp\/v2\/media?parent=44592"}],"curies":[{"name":"wp","href":"https:\/\/api.w.org\/{rel}","templated":true}]}}