{"id":44758,"date":"2025-04-04T09:06:22","date_gmt":"2025-04-04T09:06:22","guid":{"rendered":"https:\/\/sharebox.global\/offres-demploi\/"},"modified":"2025-05-07T07:34:03","modified_gmt":"2025-05-07T07:34:03","slug":"offres-demploi","status":"publish","type":"page","link":"https:\/\/sharebox.global\/fr\/offres-demploi\/","title":{"rendered":"Offres d&#8217;emploi"},"content":{"rendered":"\n<h2 class=\"wp-block-heading has-text-align-center\"><strong>Offres d&#8217;emploi  <\/strong><\/h2>\n\n<h2 class=\"wp-block-heading has-text-align-center\">Nous recrutons activement !<\/h2>\n\n<figure class=\"wp-block-embed is-type-video is-provider-youtube wp-block-embed-youtube wp-embed-aspect-16-9 wp-has-aspect-ratio\"><div class=\"wp-block-embed__wrapper\">\n<iframe title=\"Sharebox - Who We Are\" width=\"1240\" height=\"698\" src=\"https:\/\/www.youtube.com\/embed\/6wD837wkVqM?feature=oembed\" frameborder=\"0\" allow=\"accelerometer; autoplay; clipboard-write; encrypted-media; gyroscope; picture-in-picture; web-share\" referrerpolicy=\"strict-origin-when-cross-origin\" allowfullscreen><\/iframe>\n<\/div><\/figure>\n\n<p class=\"has-text-align-center\"><strong><em>Nous nous attendons \u00e0 ce que l&rsquo;accent soit mis sur la num\u00e9risation au cours de l&rsquo;ann\u00e9e \u00e0 venir.  <\/em><\/strong><br\/><strong><em>ann\u00e9es \u00e0 venir et nous \u00e9largissons nos services et nos  <\/em><\/strong><br\/><strong><em>dans le monde entier. Nous accueillons davantage de personnes   <\/em><\/strong><br\/><strong><em>\u00e0 notre \u00e9quipe, d\u00e9clare Arne Eivind Andersen,  <\/em><\/strong><br\/><strong><em>PDG et fondateur.<\/em><\/strong><\/p>\n\n<h2 class=\"wp-block-heading has-text-align-center\"><br\/>Nos collaborateurs sont l&rsquo;esprit d&rsquo;innovation au c\u0153ur de <br\/>Sharebox.<\/h2>\n\n<h2 class=\"wp-block-heading has-text-align-center\"><strong>Nous recrutons activement :<\/strong><\/h2>\n\n<div class=\"wp-block-group alignwide is-content-justification-center is-nowrap is-layout-flex wp-container-core-group-is-layout-94bc23d7 wp-block-group-is-layout-flex\">\n<div class=\"wp-block-columns alignwide are-vertically-aligned-center is-layout-flex wp-container-core-columns-is-layout-9d6595d7 wp-block-columns-is-layout-flex\">\n<div class=\"wp-block-column is-vertically-aligned-center is-layout-flow wp-block-column-is-layout-flow\" style=\"flex-basis:100%\">\n<ul class=\"wp-block-list\">\n<li><strong>D\u00e9veloppeurs de logiciels<\/strong><\/li>\n\n\n\n<li><strong>Testeurs de logiciels<\/strong><\/li>\n\n\n\n<li><strong>Logiciel pour responsables de groupe<\/strong><\/li>\n\n\n\n<li><strong>Propri\u00e9taire de produit<\/strong><\/li>\n\n\n\n<li><strong>Propri\u00e9taire de processus<\/strong><\/li>\n\n\n\n<li><strong>Coordinateurs de production<\/strong><\/li>\n\n\n\n<li><strong>Coordinateurs logistiques<\/strong><\/li>\n\n\n\n<li><strong>Coordinateurs des op\u00e9rations<\/strong><\/li>\n<\/ul>\n<\/div>\n<\/div>\n<\/div>\n\n<p><\/p>\n\n<h2 class=\"wp-block-heading has-text-align-center\">Ce que nous recherchons<\/h2>\n\n<p class=\"has-text-align-center\"><strong>Nous voulons des personnes qui ont \u00e0 c\u0153ur de trouver les bons <br\/>probl\u00e8mes \u00e0 r\u00e9soudre et qui ont \u00e0 c\u0153ur de faire leur <br\/>meilleur travail. Que la r\u00e9ponse passe par le produit <br\/>ou l&rsquo;am\u00e9lioration des logiciels, nous voulons nous retrousser les manches <br\/>et remettre en question la fa\u00e7on dont les choses sont faites. Nous <br\/>voulons construire quelque chose qui laissera <br\/>une impression positive et durable.  <\/strong><\/p>\n\n<p class=\"has-text-align-center\"><strong>Ce que notre \u00e9quipe demande<\/strong><br\/>Vous devez pouvoir communiquer en norv\u00e9gien et <br\/>avoir de bonnes connaissances en anglais. De pr\u00e9f\u00e9rence, vous avez suivi une formation universitaire \/<br\/>universit\u00e9. Une exp\u00e9rience et des comp\u00e9tences pertinentes peuvent<br\/>compenser un manque d&rsquo;\u00e9ducation sup\u00e9rieure.  <\/p>\n\n<p class=\"has-text-align-center\"><strong>Ce que nous offrons<\/strong><br\/>Des t\u00e2ches passionnantes et stimulantes dans une entreprise leader sur le march\u00e9 <br\/>en pleine croissance. R\u00e9servez du temps chaque semaine pour <br\/>l&rsquo;apprentissage et le d\u00e9veloppement professionnel. De bonnes <br\/>opportunit\u00e9s de d\u00e9veloppement professionnel dans le cadre de <br\/>projets plus importants. Environnement professionnel solide <br\/>qui vous permettra de relever des d\u00e9fis et d&rsquo;acqu\u00e9rir des connaissances afin que vous <br\/>puissiez rapidement faire partie de l&rsquo;\u00e9quipe. Horaires de travail flexibles <br\/>. De bons plans de pension et d&rsquo;assurance, y compris<br\/>des conditions comp\u00e9titives.     <\/p>\n\n<p class=\"has-text-align-center\"><strong>Avantages <\/strong><br\/>Bon salaire, bons r\u00e9gimes de retraite, assurance et<br\/>cong\u00e9 parental, vacances de No\u00ebl et de P\u00e2ques <br\/>en plus des cong\u00e9s habituels. Nous offrons une journ\u00e9e de travail confortable <br\/>dans des locaux modernes avec des zones sociales, <br\/>un salon avec vue sur la mer, une cuisine\/cantine, une machine \u00e0 caf\u00e9 <br\/>et une plage \u00e0 proximit\u00e9 pour votre bain matinal <br\/>si vous aimez ce genre de choses ! <\/p>\n\n<p class=\"has-text-align-center\"><strong>Connaissances utiles<\/strong><br\/>Le lieu de travail se trouve \u00e0 Tangen All\u00e9 41, 4817 His, Arendal<br\/>La date limite de d\u00e9p\u00f4t des candidatures est la plus proche possible. <br\/>Nous \u00e9valuons les candidatures en permanence.<\/p>\n\n<h2 class=\"wp-block-heading has-text-align-center\">Pr\u00eat \u00e0 entamer un nouveau chapitre avec nous ?<\/h2>\n\n<div class=\"wp-block-columns alignwide are-vertically-aligned-center is-layout-flex wp-container-core-columns-is-layout-9d6595d7 wp-block-columns-is-layout-flex\">\n<div class=\"wp-block-column is-vertically-aligned-center is-layout-flow wp-block-column-is-layout-flow\" style=\"flex-basis:100%\">\n<div class=\"wp-block-columns is-layout-flex wp-container-core-columns-is-layout-9d6595d7 wp-block-columns-is-layout-flex\">\n<div class=\"wp-block-column is-layout-flow wp-block-column-is-layout-flow\" style=\"flex-basis:100%\">\n<div class=\"wp-block-group is-layout-constrained wp-block-group-is-layout-constrained\">\n<div class=\"wp-block-columns is-layout-flex wp-container-core-columns-is-layout-9d6595d7 wp-block-columns-is-layout-flex\">\n<div class=\"wp-block-column is-vertically-aligned-center is-layout-flow wp-block-column-is-layout-flow\" style=\"flex-basis:100%\">\n<script charset=\"utf-8\" type=\"text\/javascript\" src=\"\/\/js.hsforms.net\/forms\/embed\/v2.js\"><\/script><script>hbspt.forms.create({\n    region: \"na1\",\n    portalId: \"4025274\",\n    formId: \"2d9b8bb4-0ba5-4c3c-937c-3ac93592b66c\"\n  });\n<\/script>\n<\/div>\n<\/div>\n<\/div>\n<\/div>\n<\/div>\n<\/div>\n<\/div>\n\n<p class=\"has-text-align-center\"><\/p>\n","protected":false},"excerpt":{"rendered":"<p>Offres d&#8217;emploi Nous recrutons activement ! Nous nous attendons \u00e0 ce que l&rsquo;accent soit mis sur la num\u00e9risation au cours de l&rsquo;ann\u00e9e \u00e0 venir. ann\u00e9es<\/p>\n","protected":false},"author":1,"featured_media":0,"parent":0,"menu_order":0,"comment_status":"closed","ping_status":"closed","template":"","meta":{"_acf_changed":false,"content-type":"","inline_featured_image":false,"footnotes":""},"class_list":["post-44758","page","type-page","status-publish","hentry"],"acf":[],"yoast_head":"<!-- This site is optimized with the Yoast SEO plugin v27.4 - https:\/\/yoast.com\/product\/yoast-seo-wordpress\/ -->\n<title>Offres d&#039;emploi - Sharebox<\/title>\n<meta name=\"robots\" content=\"index, follow, max-snippet:-1, max-image-preview:large, max-video-preview:-1\" \/>\n<link rel=\"canonical\" href=\"https:\/\/sharebox.global\/fr\/offres-demploi\/\" \/>\n<meta property=\"og:locale\" content=\"fr_FR\" \/>\n<meta property=\"og:type\" content=\"article\" \/>\n<meta property=\"og:title\" content=\"Offres d&#039;emploi - Sharebox\" \/>\n<meta property=\"og:description\" content=\"Offres d&#8217;emploi Nous recrutons activement ! Nous nous attendons \u00e0 ce que l&rsquo;accent soit mis sur la num\u00e9risation au cours de l&rsquo;ann\u00e9e \u00e0 venir. ann\u00e9es\" \/>\n<meta property=\"og:url\" content=\"https:\/\/sharebox.global\/fr\/offres-demploi\/\" \/>\n<meta property=\"og:site_name\" content=\"Sharebox\" \/>\n<meta property=\"article:publisher\" content=\"https:\/\/www.facebook.com\/SHAREBOX.NO\/\" \/>\n<meta property=\"article:modified_time\" content=\"2025-05-07T07:34:03+00:00\" \/>\n<meta property=\"og:image\" content=\"https:\/\/sharebox.global\/wp-content\/uploads\/2025\/04\/Volkswagen-Nutzfahrzeuge-Service-Station-mit-Dach.png\" \/>\n\t<meta property=\"og:image:width\" content=\"1170\" \/>\n\t<meta property=\"og:image:height\" content=\"521\" \/>\n\t<meta property=\"og:image:type\" content=\"image\/png\" \/>\n<meta name=\"twitter:card\" content=\"summary_large_image\" \/>\n<meta name=\"twitter:label1\" content=\"Dur\u00e9e de lecture estim\u00e9e\" \/>\n\t<meta name=\"twitter:data1\" content=\"2 minutes\" \/>\n<script type=\"application\/ld+json\" class=\"yoast-schema-graph\">{\"@context\":\"https:\\\/\\\/schema.org\",\"@graph\":[{\"@type\":\"WebPage\",\"@id\":\"https:\\\/\\\/sharebox.global\\\/fr\\\/offres-demploi\\\/\",\"url\":\"https:\\\/\\\/sharebox.global\\\/fr\\\/offres-demploi\\\/\",\"name\":\"Offres d'emploi - Sharebox\",\"isPartOf\":{\"@id\":\"https:\\\/\\\/sharebox.global\\\/fr\\\/#website\"},\"datePublished\":\"2025-04-04T09:06:22+00:00\",\"dateModified\":\"2025-05-07T07:34:03+00:00\",\"breadcrumb\":{\"@id\":\"https:\\\/\\\/sharebox.global\\\/fr\\\/offres-demploi\\\/#breadcrumb\"},\"inLanguage\":\"fr-FR\",\"potentialAction\":[{\"@type\":\"ReadAction\",\"target\":[\"https:\\\/\\\/sharebox.global\\\/fr\\\/offres-demploi\\\/\"]}]},{\"@type\":\"BreadcrumbList\",\"@id\":\"https:\\\/\\\/sharebox.global\\\/fr\\\/offres-demploi\\\/#breadcrumb\",\"itemListElement\":[{\"@type\":\"ListItem\",\"position\":1,\"name\":\"Home\",\"item\":\"https:\\\/\\\/sharebox.global\\\/fr\\\/\"},{\"@type\":\"ListItem\",\"position\":2,\"name\":\"Offres d&#8217;emploi\"}]},{\"@type\":\"WebSite\",\"@id\":\"https:\\\/\\\/sharebox.global\\\/fr\\\/#website\",\"url\":\"https:\\\/\\\/sharebox.global\\\/fr\\\/\",\"name\":\"Sharebox\",\"description\":\"Infrastructure for 24\\\/7 vehicle handover\",\"publisher\":{\"@id\":\"https:\\\/\\\/sharebox.global\\\/fr\\\/#organization\"},\"potentialAction\":[{\"@type\":\"SearchAction\",\"target\":{\"@type\":\"EntryPoint\",\"urlTemplate\":\"https:\\\/\\\/sharebox.global\\\/fr\\\/?s={search_term_string}\"},\"query-input\":{\"@type\":\"PropertyValueSpecification\",\"valueRequired\":true,\"valueName\":\"search_term_string\"}}],\"inLanguage\":\"fr-FR\"},{\"@type\":\"Organization\",\"@id\":\"https:\\\/\\\/sharebox.global\\\/fr\\\/#organization\",\"name\":\"Sharebox\",\"url\":\"https:\\\/\\\/sharebox.global\\\/fr\\\/\",\"logo\":{\"@type\":\"ImageObject\",\"inLanguage\":\"fr-FR\",\"@id\":\"https:\\\/\\\/sharebox.global\\\/fr\\\/#\\\/schema\\\/logo\\\/image\\\/\",\"url\":\"https:\\\/\\\/sharebox.global\\\/wp-content\\\/uploads\\\/2024\\\/04\\\/Sharebox-logo-red-on-white-500px.png\",\"contentUrl\":\"https:\\\/\\\/sharebox.global\\\/wp-content\\\/uploads\\\/2024\\\/04\\\/Sharebox-logo-red-on-white-500px.png\",\"width\":450,\"height\":63,\"caption\":\"Sharebox\"},\"image\":{\"@id\":\"https:\\\/\\\/sharebox.global\\\/fr\\\/#\\\/schema\\\/logo\\\/image\\\/\"},\"sameAs\":[\"https:\\\/\\\/www.facebook.com\\\/SHAREBOX.NO\\\/\",\"https:\\\/\\\/www.linkedin.com\\\/company\\\/sharebox-as\\\/\",\"https:\\\/\\\/www.youtube.com\\\/channel\\\/UCGwoGdfNeD59c2s4qhf0gLQ\"]}]}<\/script>\n<!-- \/ Yoast SEO plugin. -->","yoast_head_json":{"title":"Offres d'emploi - Sharebox","robots":{"index":"index","follow":"follow","max-snippet":"max-snippet:-1","max-image-preview":"max-image-preview:large","max-video-preview":"max-video-preview:-1"},"canonical":"https:\/\/sharebox.global\/fr\/offres-demploi\/","og_locale":"fr_FR","og_type":"article","og_title":"Offres d'emploi - Sharebox","og_description":"Offres d&#8217;emploi Nous recrutons activement ! Nous nous attendons \u00e0 ce que l&rsquo;accent soit mis sur la num\u00e9risation au cours de l&rsquo;ann\u00e9e \u00e0 venir. ann\u00e9es","og_url":"https:\/\/sharebox.global\/fr\/offres-demploi\/","og_site_name":"Sharebox","article_publisher":"https:\/\/www.facebook.com\/SHAREBOX.NO\/","article_modified_time":"2025-05-07T07:34:03+00:00","og_image":[{"width":1170,"height":521,"url":"https:\/\/sharebox.global\/wp-content\/uploads\/2025\/04\/Volkswagen-Nutzfahrzeuge-Service-Station-mit-Dach.png","type":"image\/png"}],"twitter_card":"summary_large_image","twitter_misc":{"Dur\u00e9e de lecture estim\u00e9e":"2 minutes"},"schema":{"@context":"https:\/\/schema.org","@graph":[{"@type":"WebPage","@id":"https:\/\/sharebox.global\/fr\/offres-demploi\/","url":"https:\/\/sharebox.global\/fr\/offres-demploi\/","name":"Offres d'emploi - Sharebox","isPartOf":{"@id":"https:\/\/sharebox.global\/fr\/#website"},"datePublished":"2025-04-04T09:06:22+00:00","dateModified":"2025-05-07T07:34:03+00:00","breadcrumb":{"@id":"https:\/\/sharebox.global\/fr\/offres-demploi\/#breadcrumb"},"inLanguage":"fr-FR","potentialAction":[{"@type":"ReadAction","target":["https:\/\/sharebox.global\/fr\/offres-demploi\/"]}]},{"@type":"BreadcrumbList","@id":"https:\/\/sharebox.global\/fr\/offres-demploi\/#breadcrumb","itemListElement":[{"@type":"ListItem","position":1,"name":"Home","item":"https:\/\/sharebox.global\/fr\/"},{"@type":"ListItem","position":2,"name":"Offres d&#8217;emploi"}]},{"@type":"WebSite","@id":"https:\/\/sharebox.global\/fr\/#website","url":"https:\/\/sharebox.global\/fr\/","name":"Sharebox","description":"Infrastructure for 24\/7 vehicle handover","publisher":{"@id":"https:\/\/sharebox.global\/fr\/#organization"},"potentialAction":[{"@type":"SearchAction","target":{"@type":"EntryPoint","urlTemplate":"https:\/\/sharebox.global\/fr\/?s={search_term_string}"},"query-input":{"@type":"PropertyValueSpecification","valueRequired":true,"valueName":"search_term_string"}}],"inLanguage":"fr-FR"},{"@type":"Organization","@id":"https:\/\/sharebox.global\/fr\/#organization","name":"Sharebox","url":"https:\/\/sharebox.global\/fr\/","logo":{"@type":"ImageObject","inLanguage":"fr-FR","@id":"https:\/\/sharebox.global\/fr\/#\/schema\/logo\/image\/","url":"https:\/\/sharebox.global\/wp-content\/uploads\/2024\/04\/Sharebox-logo-red-on-white-500px.png","contentUrl":"https:\/\/sharebox.global\/wp-content\/uploads\/2024\/04\/Sharebox-logo-red-on-white-500px.png","width":450,"height":63,"caption":"Sharebox"},"image":{"@id":"https:\/\/sharebox.global\/fr\/#\/schema\/logo\/image\/"},"sameAs":["https:\/\/www.facebook.com\/SHAREBOX.NO\/","https:\/\/www.linkedin.com\/company\/sharebox-as\/","https:\/\/www.youtube.com\/channel\/UCGwoGdfNeD59c2s4qhf0gLQ"]}]}},"_links":{"self":[{"href":"https:\/\/sharebox.global\/fr\/wp-json\/wp\/v2\/pages\/44758","targetHints":{"allow":["GET"]}}],"collection":[{"href":"https:\/\/sharebox.global\/fr\/wp-json\/wp\/v2\/pages"}],"about":[{"href":"https:\/\/sharebox.global\/fr\/wp-json\/wp\/v2\/types\/page"}],"author":[{"embeddable":true,"href":"https:\/\/sharebox.global\/fr\/wp-json\/wp\/v2\/users\/1"}],"replies":[{"embeddable":true,"href":"https:\/\/sharebox.global\/fr\/wp-json\/wp\/v2\/comments?post=44758"}],"version-history":[{"count":1,"href":"https:\/\/sharebox.global\/fr\/wp-json\/wp\/v2\/pages\/44758\/revisions"}],"predecessor-version":[{"id":44759,"href":"https:\/\/sharebox.global\/fr\/wp-json\/wp\/v2\/pages\/44758\/revisions\/44759"}],"wp:attachment":[{"href":"https:\/\/sharebox.global\/fr\/wp-json\/wp\/v2\/media?parent=44758"}],"curies":[{"name":"wp","href":"https:\/\/api.w.org\/{rel}","templated":true}]}}