{"id":44772,"date":"2025-04-07T08:42:01","date_gmt":"2025-04-07T08:42:01","guid":{"rendered":"https:\/\/sharebox.global\/produits\/kiosques-larges\/"},"modified":"2025-05-07T07:34:30","modified_gmt":"2025-05-07T07:34:30","slug":"kiosques-larges","status":"publish","type":"page","link":"https:\/\/sharebox.global\/fr\/produits\/kiosques-larges\/","title":{"rendered":"w64 kiosques int\u00e9rieurs"},"content":{"rendered":"\n<div id=\"intro--block_151eb7e0f0a64ca7ec7be1c79c764d9b\" class=\"root-level-block intro\" style=\"background: \">\n\n    \n    <div class=\"container\">\n        <div class=\"intro_inner\">\n            <div class=\"intro_info\">\n                <small>Kiosques larges<\/small>\n                                    <h1>w64<\/h1>\n                                <p style=\"color: ;\">Kiosques au sol, extensibles jusqu&rsquo;\u00e0 1280 casiers<\/p>                                    <a \n                                                class=\"wp-block-button__link btn-light larger-button\"\n                        target=\"_self\"\n                        href=\"https:\/\/sharebox.global\/fr\/get-started\/\"\n                    >\n                        D\u00e9monstration de livres                    <\/a>\n                            <\/div>\n            <div class=\"intro_img\">\n                <img decoding=\"async\" src=\"https:\/\/sharebox.global\/wp-content\/uploads\/2025\/03\/w64_detail_bg313130@900-700-2.jpg\" alt=\"\">\n            <\/div>\n        <\/div>\n    <\/div>\n<\/div>\n\n<div id=\"image-with-title-and-description--block_efb3604329db550e47df03373c0722df\" class=\"root-level-block image-with-title-and-description is-style-right-aligned direction-right\">\n    \n    <div class=\"container relative\">\n        <div class=\"halved-image-container\">\n                            <div class=\"halved-image\"><img decoding=\"async\" width=\"800\" height=\"600\" src=\"https:\/\/sharebox.global\/wp-content\/uploads\/2025\/03\/w64_basement@800-600.jpg\" class=\"attachment-large size-large\" alt=\"\" srcset=\"https:\/\/sharebox.global\/wp-content\/uploads\/2025\/03\/w64_basement@800-600.jpg 800w, https:\/\/sharebox.global\/wp-content\/uploads\/2025\/03\/w64_basement@800-600-300x225.jpg 300w, https:\/\/sharebox.global\/wp-content\/uploads\/2025\/03\/w64_basement@800-600-768x576.jpg 768w\" sizes=\"(max-width: 800px) 100vw, 800px\" \/><\/div>\n            \n                            <div class=\"halved\">\n                    <div class=\"halved-type\">\n                                                    <h3>Id\u00e9al pour les op\u00e9rations \u00e0 haut volume<\/h3>\n                                                \n                                                    <ul style=\"margin-left: 0;\" class=\"custom-bullet-list\"><li>Fonctionnement simple et autonome<\/li><li>Interface intuitive \u00e0 \u00e9cran tactile<\/li><li>Maintenez les files d&#039;attente courtes pour les clients<\/li><\/ul>                                            <\/div>\n\n                                                <div class=\"wp-block-button__group\">\n                                                                        <a class=\"wp-block-button__link btn-light\" \n                                            href=\"\"\n                                            >\n                                            D\u00e9monstration de livres                                        <\/a>\n                                                                <\/div>\n                                                            <\/div>\n                    <\/div>\n    <\/div>\n<\/div>\n\n\n<div id=\"repeating-row-of-three-boxes--block_5dbc525ec16fe2f2c2223c0c23f0e065\" class=\"root-level-block repeating-row-of-three-boxes\">\n\n    <div class=\"container\">\n\n        <div class=\"grey-box-row\">\n                                <!-- Individual box container -->\n                    <div class=\"grey-text-box\">\n                                                    <img decoding=\"async\" width=\"96\" height=\"96\" src=\"https:\/\/sharebox.global\/wp-content\/uploads\/2025\/03\/icon_speedometer@96px.png\" class=\"icon\" alt=\"\" \/>                        \n                                                    <h3>S&#039;attaquer au trafic \u00e9lev\u00e9<\/h3>\n                                                \n                                                    <p>Commence \u00e0 64 casiers, extensible \u00e0 1280.<\/p>\n                                            <\/div>\n                                    <!-- Individual box container -->\n                    <div class=\"grey-text-box\">\n                                                    <img decoding=\"async\" width=\"1\" height=\"1\" src=\"https:\/\/sharebox.global\/wp-content\/uploads\/2022\/09\/streamlinehq-headphones-customer-support-human-interface-essential-40.svg\" class=\"icon\" alt=\"\" \/>                        \n                                                    <h3>Service et assistance<\/h3>\n                                                \n                                                    <p>Choisissez un plan de service avec le niveau d&#039;assistance dont vous aurez besoin.<\/p>\n                                            <\/div>\n                                    <!-- Individual box container -->\n                    <div class=\"grey-text-box\">\n                                                    <img decoding=\"async\" width=\"1\" height=\"1\" src=\"https:\/\/sharebox.global\/wp-content\/uploads\/2022\/09\/streamlinehq-reward-stars-2-social-medias-rewards-rating-40.svg\" class=\"icon\" alt=\"\" \/>                        \n                                                    <h3>Fonctionnalit\u00e9s et modules compl\u00e9mentaires<\/h3>\n                                                \n                                                    <p>Ajoutez des int\u00e9grations, des paiements, des identifiants et bien d&#039;autres fonctionnalit\u00e9s.<\/p>\n                                            <\/div>\n                                    <\/div>\n    <\/div>    \n<\/div>\n\n\n    <div id=\"accordion--block_f8c5eede5d0d2d426856a11fee047cdc\" class=\"root-level-block accordion\">\n        <div class=\"container\">\n                            <details class=\"accordion-item\">\n                    <summary class=\"accordion-title\">Sp\u00e9cifications techniques<\/summary>\n                    <div class=\"accordion-content\"><ul>\n<li>Dimensions du kiosque :<br \/>\n(HxLxP) : 174x100x15 cm | 68.5 x 39.4 x 5.9\u2033.<\/li>\n<li>Poids du kiosque :<br \/>\n130kg | 353 lb<\/li>\n<li>Nombre de casiers : 64 <\/li>\n<li>Dimensions du casier (HxLxP) :<br \/>\n6 x 9 x 7 cm | 2 x 3.5 x 2.8&Prime;<\/li>\n<li>Cadre et casiers en acier inoxydable<\/li>\n<li>Taille de l&rsquo;\u00e9cran tactile : 15 pouces<\/li>\n<li>Couleur : Noir<\/li>\n<li>Fonctionnement : Int\u00e9rieur<\/li>\n<li>Alimentation \u00e9lectrique : 100-240VAC<\/li>\n<li>Consommation \u00e9lectrique : environ 20 W <\/li>\n<li><a href=\"https:\/\/4025274.fs1.hubspotusercontent-na1.net\/hubfs\/4025274\/Product%20sheet%20for%20Sharebox%20w64%20kiosk%20(A).pdf\" target=\"_blank\" rel=\"noreferrer noopener\" data-type=\"link\" data-id=\"https:\/\/4025274.fs1.hubspotusercontent-na1.net\/hubfs\/4025274\/Sharebox%20w64%20datasheet%20PA1.pdf\">T\u00e9l\u00e9chargez la fiche produit pdf<\/a><\/li>\n<\/ul>\n<\/div>\n                <\/details>\n                    <\/div>  \n    <\/div>\n\n<div id=\"image-with-title-and-description--block_5a08c6c82889f820eaa73c7134a027c5\" class=\"root-level-block image-with-title-and-description direction-right\">\n    \n    <div class=\"container relative\">\n        <div class=\"halved-image-container\">\n                            <div class=\"halved-image\"><img decoding=\"async\" width=\"800\" height=\"600\" src=\"https:\/\/sharebox.global\/wp-content\/uploads\/2025\/03\/w64_basement_mockBrand@800-600.jpg\" class=\"attachment-large size-large\" alt=\"\" srcset=\"https:\/\/sharebox.global\/wp-content\/uploads\/2025\/03\/w64_basement_mockBrand@800-600.jpg 800w, https:\/\/sharebox.global\/wp-content\/uploads\/2025\/03\/w64_basement_mockBrand@800-600-300x225.jpg 300w, https:\/\/sharebox.global\/wp-content\/uploads\/2025\/03\/w64_basement_mockBrand@800-600-768x576.jpg 768w\" sizes=\"(max-width: 800px) 100vw, 800px\" \/><\/div>\n            \n                            <div class=\"halved\">\n                    <div class=\"halved-type\">\n                                                    <h3>Conception personnalis\u00e9e et marque blanche<\/h3>\n                                                \n                                                    <p>Tous les kiosques peuvent \u00eatre personnalis\u00e9s pour s&#039;adapter \u00e0 votre marque et \u00e0 votre design\n.<\/p>                                            <\/div>\n\n                                                <div class=\"wp-block-button__group\">\n                                                                        <a class=\"wp-block-button__link btn-light\" \n                                            href=\"https:\/\/sharebox.global\"\n                                            >\n                                            En savoir plus                                        <\/a>\n                                                                <\/div>\n                                                            <\/div>\n                    <\/div>\n    <\/div>\n<\/div>\n\n<div id=\"three-columns-with-support--block_63d7fbcba8d0874d39e747dac8cd0977\" class=\"root-level-block three-columns-with-support\">\n\n    <div class=\"container\">\n\n        <div class=\"decided\">\n            \n                                \n                            <!-- Display section title if one exists -->\n                <h2 class=\"decided-title text-center\">Commencez<\/h2>\n                            \n                                    \n                        <!-- Column container for the 3 boxes -->\n            <div class=\"column-box-row\">\n                \n                            <!-- Individual box container -->\n                            <div class=\"column-text-box\">\n                                                                    <img decoding=\"async\" width=\"48\" height=\"48\" src=\"https:\/\/sharebox.global\/wp-content\/uploads\/2025\/03\/icon_monitorbookstudent@48.png\" class=\"icon\" alt=\"\" \/>                                \n                                <h3>1. Regardez la d\u00e9mo<\/h3>\n                                <p>Voyez-le en direct et faites-nous part de vos besoins.<\/p>\n                            <\/div>\n\n                        \n                            <!-- Individual box container -->\n                            <div class=\"column-text-box\">\n                                                                    <img decoding=\"async\" width=\"48\" height=\"48\" src=\"https:\/\/sharebox.global\/wp-content\/uploads\/2025\/03\/icon_planblueprint@48.png\" class=\"icon\" alt=\"\" \/>                                \n                                <h3>2. Proposition sur mesure<\/h3>\n                                <p>Recevez un plan et une strat\u00e9gie adapt\u00e9s \u00e0 votre entreprise et \u00e0 vos objectifs.<\/p>\n                            <\/div>\n\n                        \n                            <!-- Individual box container -->\n                            <div class=\"column-text-box\">\n                                                                    <img decoding=\"async\" width=\"48\" height=\"48\" src=\"https:\/\/sharebox.global\/wp-content\/uploads\/2025\/03\/icon_toolsscrewdriverwrench@48.png\" class=\"icon\" alt=\"\" \/>                                \n                                <h3>3. Mise en \u0153uvre<\/h3>\n                                <p>Nous nous chargeons de l&#039;installation et de la configuration, ainsi que de la formation de votre personnel.<\/p>\n                            <\/div>\n\n                                    <\/div>\n            <!-- End check for enabled columns -->\n\n                        <!-- Button group centered below content -->\n            <div class=\"centered-button-group\">\n                                                <a class=\"wp-block-button__link btn-light\"\n                    href=\"https:\/\/sharebox.global\/fr\/get-started\/\"\n                    >\n                        Regarder les d\u00e9monstrations                    <\/a>\n                                                <\/div>\n                    <\/div>\n    <\/div>\n<\/div>\n","protected":false},"excerpt":{"rendered":"","protected":false},"author":1,"featured_media":0,"parent":33348,"menu_order":0,"comment_status":"closed","ping_status":"closed","template":"","meta":{"_acf_changed":false,"content-type":"","inline_featured_image":false,"footnotes":""},"class_list":["post-44772","page","type-page","status-publish","hentry"],"acf":[],"yoast_head":"<!-- This site is optimized with the Yoast SEO plugin v27.4 - https:\/\/yoast.com\/product\/yoast-seo-wordpress\/ -->\n<title>w64 kiosques int\u00e9rieurs - Sharebox<\/title>\n<meta name=\"description\" content=\"Kiosques au sol, extensibles jusqu&#039;\u00e0 1280 casiers.\" \/>\n<meta name=\"robots\" content=\"index, follow, max-snippet:-1, max-image-preview:large, max-video-preview:-1\" \/>\n<link rel=\"canonical\" href=\"https:\/\/sharebox.global\/fr\/produits\/kiosques-larges\/\" \/>\n<meta property=\"og:locale\" content=\"fr_FR\" \/>\n<meta property=\"og:type\" content=\"article\" \/>\n<meta property=\"og:title\" content=\"w64 kiosques int\u00e9rieurs\" \/>\n<meta property=\"og:description\" content=\"Kiosques au sol, extensibles jusqu&#039;\u00e0 1280 casiers.\" \/>\n<meta property=\"og:url\" content=\"https:\/\/sharebox.global\/fr\/produits\/kiosques-larges\/\" \/>\n<meta property=\"og:site_name\" content=\"Sharebox\" \/>\n<meta property=\"article:publisher\" content=\"https:\/\/www.facebook.com\/SHAREBOX.NO\/\" \/>\n<meta property=\"article:modified_time\" content=\"2025-05-07T07:34:30+00:00\" \/>\n<meta property=\"og:image\" content=\"https:\/\/sharebox.global\/wp-content\/uploads\/2025\/04\/Volkswagen-Nutzfahrzeuge-Service-Station-mit-Dach.png\" \/>\n\t<meta property=\"og:image:width\" content=\"1170\" \/>\n\t<meta property=\"og:image:height\" content=\"521\" \/>\n\t<meta property=\"og:image:type\" content=\"image\/png\" \/>\n<meta name=\"twitter:card\" content=\"summary_large_image\" \/>\n<script type=\"application\/ld+json\" class=\"yoast-schema-graph\">{\"@context\":\"https:\\\/\\\/schema.org\",\"@graph\":[{\"@type\":\"WebPage\",\"@id\":\"https:\\\/\\\/sharebox.global\\\/fr\\\/produits\\\/kiosques-larges\\\/\",\"url\":\"https:\\\/\\\/sharebox.global\\\/fr\\\/produits\\\/kiosques-larges\\\/\",\"name\":\"w64 kiosques int\u00e9rieurs - Sharebox\",\"isPartOf\":{\"@id\":\"https:\\\/\\\/sharebox.global\\\/fr\\\/#website\"},\"datePublished\":\"2025-04-07T08:42:01+00:00\",\"dateModified\":\"2025-05-07T07:34:30+00:00\",\"description\":\"Kiosques au sol, extensibles jusqu'\u00e0 1280 casiers.\",\"breadcrumb\":{\"@id\":\"https:\\\/\\\/sharebox.global\\\/fr\\\/produits\\\/kiosques-larges\\\/#breadcrumb\"},\"inLanguage\":\"fr-FR\",\"potentialAction\":[{\"@type\":\"ReadAction\",\"target\":[\"https:\\\/\\\/sharebox.global\\\/fr\\\/produits\\\/kiosques-larges\\\/\"]}]},{\"@type\":\"BreadcrumbList\",\"@id\":\"https:\\\/\\\/sharebox.global\\\/fr\\\/produits\\\/kiosques-larges\\\/#breadcrumb\",\"itemListElement\":[{\"@type\":\"ListItem\",\"position\":1,\"name\":\"Home\",\"item\":\"https:\\\/\\\/sharebox.global\\\/fr\\\/\"},{\"@type\":\"ListItem\",\"position\":2,\"name\":\"Produits\",\"item\":\"https:\\\/\\\/contentsuite.sharebox.global\\\/fr\\\/produits\\\/\"},{\"@type\":\"ListItem\",\"position\":3,\"name\":\"w64 kiosques int\u00e9rieurs\"}]},{\"@type\":\"WebSite\",\"@id\":\"https:\\\/\\\/sharebox.global\\\/fr\\\/#website\",\"url\":\"https:\\\/\\\/sharebox.global\\\/fr\\\/\",\"name\":\"Sharebox\",\"description\":\"Infrastructure for 24\\\/7 vehicle handover\",\"publisher\":{\"@id\":\"https:\\\/\\\/sharebox.global\\\/fr\\\/#organization\"},\"potentialAction\":[{\"@type\":\"SearchAction\",\"target\":{\"@type\":\"EntryPoint\",\"urlTemplate\":\"https:\\\/\\\/sharebox.global\\\/fr\\\/?s={search_term_string}\"},\"query-input\":{\"@type\":\"PropertyValueSpecification\",\"valueRequired\":true,\"valueName\":\"search_term_string\"}}],\"inLanguage\":\"fr-FR\"},{\"@type\":\"Organization\",\"@id\":\"https:\\\/\\\/sharebox.global\\\/fr\\\/#organization\",\"name\":\"Sharebox\",\"url\":\"https:\\\/\\\/sharebox.global\\\/fr\\\/\",\"logo\":{\"@type\":\"ImageObject\",\"inLanguage\":\"fr-FR\",\"@id\":\"https:\\\/\\\/sharebox.global\\\/fr\\\/#\\\/schema\\\/logo\\\/image\\\/\",\"url\":\"https:\\\/\\\/sharebox.global\\\/wp-content\\\/uploads\\\/2024\\\/04\\\/Sharebox-logo-red-on-white-500px.png\",\"contentUrl\":\"https:\\\/\\\/sharebox.global\\\/wp-content\\\/uploads\\\/2024\\\/04\\\/Sharebox-logo-red-on-white-500px.png\",\"width\":450,\"height\":63,\"caption\":\"Sharebox\"},\"image\":{\"@id\":\"https:\\\/\\\/sharebox.global\\\/fr\\\/#\\\/schema\\\/logo\\\/image\\\/\"},\"sameAs\":[\"https:\\\/\\\/www.facebook.com\\\/SHAREBOX.NO\\\/\",\"https:\\\/\\\/www.linkedin.com\\\/company\\\/sharebox-as\\\/\",\"https:\\\/\\\/www.youtube.com\\\/channel\\\/UCGwoGdfNeD59c2s4qhf0gLQ\"]}]}<\/script>\n<!-- \/ Yoast SEO plugin. -->","yoast_head_json":{"title":"w64 kiosques int\u00e9rieurs - Sharebox","description":"Kiosques au sol, extensibles jusqu'\u00e0 1280 casiers.","robots":{"index":"index","follow":"follow","max-snippet":"max-snippet:-1","max-image-preview":"max-image-preview:large","max-video-preview":"max-video-preview:-1"},"canonical":"https:\/\/sharebox.global\/fr\/produits\/kiosques-larges\/","og_locale":"fr_FR","og_type":"article","og_title":"w64 kiosques int\u00e9rieurs","og_description":"Kiosques au sol, extensibles jusqu'\u00e0 1280 casiers.","og_url":"https:\/\/sharebox.global\/fr\/produits\/kiosques-larges\/","og_site_name":"Sharebox","article_publisher":"https:\/\/www.facebook.com\/SHAREBOX.NO\/","article_modified_time":"2025-05-07T07:34:30+00:00","og_image":[{"width":1170,"height":521,"url":"https:\/\/sharebox.global\/wp-content\/uploads\/2025\/04\/Volkswagen-Nutzfahrzeuge-Service-Station-mit-Dach.png","type":"image\/png"}],"twitter_card":"summary_large_image","schema":{"@context":"https:\/\/schema.org","@graph":[{"@type":"WebPage","@id":"https:\/\/sharebox.global\/fr\/produits\/kiosques-larges\/","url":"https:\/\/sharebox.global\/fr\/produits\/kiosques-larges\/","name":"w64 kiosques int\u00e9rieurs - Sharebox","isPartOf":{"@id":"https:\/\/sharebox.global\/fr\/#website"},"datePublished":"2025-04-07T08:42:01+00:00","dateModified":"2025-05-07T07:34:30+00:00","description":"Kiosques au sol, extensibles jusqu'\u00e0 1280 casiers.","breadcrumb":{"@id":"https:\/\/sharebox.global\/fr\/produits\/kiosques-larges\/#breadcrumb"},"inLanguage":"fr-FR","potentialAction":[{"@type":"ReadAction","target":["https:\/\/sharebox.global\/fr\/produits\/kiosques-larges\/"]}]},{"@type":"BreadcrumbList","@id":"https:\/\/sharebox.global\/fr\/produits\/kiosques-larges\/#breadcrumb","itemListElement":[{"@type":"ListItem","position":1,"name":"Home","item":"https:\/\/sharebox.global\/fr\/"},{"@type":"ListItem","position":2,"name":"Produits","item":"https:\/\/contentsuite.sharebox.global\/fr\/produits\/"},{"@type":"ListItem","position":3,"name":"w64 kiosques int\u00e9rieurs"}]},{"@type":"WebSite","@id":"https:\/\/sharebox.global\/fr\/#website","url":"https:\/\/sharebox.global\/fr\/","name":"Sharebox","description":"Infrastructure for 24\/7 vehicle handover","publisher":{"@id":"https:\/\/sharebox.global\/fr\/#organization"},"potentialAction":[{"@type":"SearchAction","target":{"@type":"EntryPoint","urlTemplate":"https:\/\/sharebox.global\/fr\/?s={search_term_string}"},"query-input":{"@type":"PropertyValueSpecification","valueRequired":true,"valueName":"search_term_string"}}],"inLanguage":"fr-FR"},{"@type":"Organization","@id":"https:\/\/sharebox.global\/fr\/#organization","name":"Sharebox","url":"https:\/\/sharebox.global\/fr\/","logo":{"@type":"ImageObject","inLanguage":"fr-FR","@id":"https:\/\/sharebox.global\/fr\/#\/schema\/logo\/image\/","url":"https:\/\/sharebox.global\/wp-content\/uploads\/2024\/04\/Sharebox-logo-red-on-white-500px.png","contentUrl":"https:\/\/sharebox.global\/wp-content\/uploads\/2024\/04\/Sharebox-logo-red-on-white-500px.png","width":450,"height":63,"caption":"Sharebox"},"image":{"@id":"https:\/\/sharebox.global\/fr\/#\/schema\/logo\/image\/"},"sameAs":["https:\/\/www.facebook.com\/SHAREBOX.NO\/","https:\/\/www.linkedin.com\/company\/sharebox-as\/","https:\/\/www.youtube.com\/channel\/UCGwoGdfNeD59c2s4qhf0gLQ"]}]}},"_links":{"self":[{"href":"https:\/\/sharebox.global\/fr\/wp-json\/wp\/v2\/pages\/44772","targetHints":{"allow":["GET"]}}],"collection":[{"href":"https:\/\/sharebox.global\/fr\/wp-json\/wp\/v2\/pages"}],"about":[{"href":"https:\/\/sharebox.global\/fr\/wp-json\/wp\/v2\/types\/page"}],"author":[{"embeddable":true,"href":"https:\/\/sharebox.global\/fr\/wp-json\/wp\/v2\/users\/1"}],"replies":[{"embeddable":true,"href":"https:\/\/sharebox.global\/fr\/wp-json\/wp\/v2\/comments?post=44772"}],"version-history":[{"count":3,"href":"https:\/\/sharebox.global\/fr\/wp-json\/wp\/v2\/pages\/44772\/revisions"}],"predecessor-version":[{"id":45606,"href":"https:\/\/sharebox.global\/fr\/wp-json\/wp\/v2\/pages\/44772\/revisions\/45606"}],"up":[{"embeddable":true,"href":"https:\/\/sharebox.global\/fr\/wp-json\/wp\/v2\/pages\/33348"}],"wp:attachment":[{"href":"https:\/\/sharebox.global\/fr\/wp-json\/wp\/v2\/media?parent=44772"}],"curies":[{"name":"wp","href":"https:\/\/api.w.org\/{rel}","templated":true}]}}