{"id":46509,"date":"2025-08-15T07:07:19","date_gmt":"2025-08-15T07:07:19","guid":{"rendered":"https:\/\/sharebox.global\/?page_id=46509"},"modified":"2025-08-15T07:07:19","modified_gmt":"2025-08-15T07:07:19","slug":"regardez-les-demonstrations-2","status":"publish","type":"page","link":"https:\/\/sharebox.global\/fr\/regardez-les-demonstrations-2\/","title":{"rendered":"Regardez les d\u00e9monstrations"},"content":{"rendered":"\n<div style=\"height:100px\" aria-hidden=\"true\" class=\"wp-block-spacer\"><\/div>\n\n<div style=\"height:100px\" aria-hidden=\"true\" class=\"wp-block-spacer\"><\/div>\n\n<div id=\"title-block--block_b682ae6a0bc2e174d5cf14422a0c883f\" class=\"root-level-block title-block center-text-based\">\n\n    \n<!-- Whitespace to be determined -->\n    <div class=\"container\" style=\"padding-top: var(--spacing-m);\">\n        <h1>See what Sharebox can really do<\/h1>        <p>Discover demo videos showing the complete end-to-end solution for automotive retailers, workshops and car rental.<\/p>            <\/div>\n\n<\/div>\n\n<div class=\"wp-block-buttons is-content-justification-center is-layout-flex wp-container-core-buttons-is-layout-16018d1d wp-block-buttons-is-layout-flex\">\n<div class=\"wp-block-button\"><a class=\"wp-block-button__link has-text-align-center wp-element-button\">Dealerships &amp; Workshops<\/a><\/div>\n\n\n\n<div class=\"wp-block-button\"><a class=\"wp-block-button__link wp-element-button\">Car Rental Operations<\/a><\/div>\n<\/div>\n\n\n<div id=\"repeating-row-of-three-boxes--block_01b4211daec6210d0d0b39bc9a81b1b5\" class=\"root-level-block repeating-row-of-three-boxes\">\n\n    <div class=\"container\">\n\n        <div class=\"grey-box-row\">\n                                <!-- Individual box container -->\n                    <div class=\"grey-text-box\">\n                                                    <img decoding=\"async\" width=\"96\" height=\"96\" src=\"https:\/\/sharebox.global\/wp-content\/uploads\/2025\/03\/icon_workflow@96w.png\" class=\"icon\" alt=\"\" \/>                        \n                                                    <h3>Flux de travail automatis\u00e9s  <\/h3>\n                                                \n                                                    <p>Cut down on repetitive admin. Reduce errors. Boost productivity by letting your staff focus on what actually matters.<\/p>\n                                            <\/div>\n                                    <!-- Individual box container -->\n                    <div class=\"grey-text-box\">\n                                                    <img decoding=\"async\" width=\"96\" height=\"96\" src=\"https:\/\/sharebox.global\/wp-content\/uploads\/2025\/03\/icon_smartphonecheckmark@96w.png\" class=\"icon\" alt=\"\" \/>                        \n                                                    <h3>Home Check-in <\/h3>\n                                                \n                                                    <p>No more empty bays. Mandatory check-in dramatically reduces no-shows and keeps your workshop running at full speed.\r\n<\/p>\n                                            <\/div>\n                                    <!-- Individual box container -->\n                    <div class=\"grey-text-box\">\n                                                    <img decoding=\"async\" width=\"96\" height=\"96\" src=\"https:\/\/sharebox.global\/wp-content\/uploads\/2025\/03\/icon_shoppingcartplus@96w.png\" class=\"icon\" alt=\"\" \/>                        \n                                                    <h3>Smart upselling<\/h3>\n                                                \n                                                    <p>Increase revenue effortlessly. Set up automated flows to suggest high-value add-ons at just the right moment.<\/p>\n                                            <\/div>\n                                    <\/div>\n    <\/div>    \n<\/div>\n\n<section id=\"get-started-form--block_d215ecbc084120eaa9f56b9b2ce30bd9\" class=\"started get-started-form get-started-form\">\r\n\t<div class=\"started_inner\">\r\n\t\t<div class=\"started_item\">\r\n\t\t\t<div class=\"started_item-info\">\r\n\r\n\t\t\t\t\t\t\t\t\t<h3>Seamless integration &#8211; Real results<\/h3>\r\n\t\t\t\t\r\n\t\t\t\t<ul><li>Une efficacit\u00e9 op\u00e9rationnelle hors pair<\/li><li>Higher upsell conversion, revenue<\/li><li>Happier customers, smoother UX<\/li><li>Mobile-first, check-in, key pick-up<\/li><li>Support for all payment options<\/li><li>Customizable workflows<\/li><li>ID verification &amp; e-signature<\/li><li> QR code &amp; RFID check-in<\/li><li>Match the kiosk UI &amp; brand<\/li><li>Communication personnalis\u00e9e<\/li><\/ul>\r\n\t\t\t<\/div>\r\n\t\t<\/div>\r\n\t\t<div class=\"started_item\">\r\n\t\t\t<div class=\"form\" data-thank-you=\"Merci de votre attention !\">\r\n\r\n\t\t\t\t<h2>Inscrivez-vous, regardez la d\u00e9mo<\/h2>\r\n\t\t\t\t<div class=\"progressbar\">\r\n\t\t\t\t\t<div class=\"progressbar_item active\"><\/div>\r\n\t\t\t\t\t<div class=\"progressbar_item\"><\/div>\r\n\t\t\t\t\t<div class=\"progressbar_item\"><\/div>\r\n\t\t\t\t<\/div>\r\n\r\n\t\t\t\t\n\t\t\t\t\t\t<script>\n\t\t\t\t\t\t\twindow.hsFormsOnReady = window.hsFormsOnReady || [];\n\t\t\t\t\t\t\twindow.hsFormsOnReady.push(()=>{\n\t\t\t\t\t\t\t\thbspt.forms.create({\n\t\t\t\t\t\t\t\t\tportalId: 145543298,\n\t\t\t\t\t\t\t\t\tformId: \"033ccc3a-3d81-4211-829b-d2090c3edec6\",\n\t\t\t\t\t\t\t\t\ttarget: \"#hbspt-form-1776410777000-3646420063\",\n\t\t\t\t\t\t\t\t\tregion: \"eu1\",\n\t\t\t\t\t\t\t\t\t\n\t\t\t\t\t\t\t})});\n\t\t\t\t\t\t<\/script>\n\t\t\t\t\t\t<div class=\"hbspt-form\" id=\"hbspt-form-1776410777000-3646420063\"><\/div>\r\n\t\t\t<\/div>\r\n\t\t<\/div>\r\n\t<\/div>\r\n<\/section>\r\n","protected":false},"excerpt":{"rendered":"","protected":false},"author":4,"featured_media":0,"parent":0,"menu_order":0,"comment_status":"closed","ping_status":"closed","template":"","meta":{"_acf_changed":false,"content-type":"","inline_featured_image":false,"footnotes":""},"class_list":["post-46509","page","type-page","status-publish","hentry"],"acf":[],"yoast_head":"<!-- This site is optimized with the Yoast SEO plugin v27.4 - https:\/\/yoast.com\/product\/yoast-seo-wordpress\/ -->\n<title>Regardez les d\u00e9monstrations - Sharebox<\/title>\n<meta name=\"description\" content=\"D\u00e9couvrez ce que Sharebox peut faire pour votre entreprise. Inscrivez-vous, regardez la d\u00e9mo.\" \/>\n<meta name=\"robots\" content=\"index, follow, max-snippet:-1, max-image-preview:large, max-video-preview:-1\" \/>\n<link rel=\"canonical\" href=\"https:\/\/sharebox.global\/fr\/regardez-les-demonstrations-2\/\" \/>\n<meta property=\"og:locale\" content=\"fr_FR\" \/>\n<meta property=\"og:type\" content=\"article\" \/>\n<meta property=\"og:title\" content=\"Regardez les d\u00e9monstrations\" \/>\n<meta property=\"og:description\" content=\"D\u00e9couvrez ce que Sharebox peut faire pour votre entreprise. Inscrivez-vous, regardez la d\u00e9mo.\" \/>\n<meta property=\"og:url\" content=\"https:\/\/sharebox.global\/fr\/regardez-les-demonstrations-2\/\" \/>\n<meta property=\"og:site_name\" content=\"Sharebox\" \/>\n<meta property=\"article:publisher\" content=\"https:\/\/www.facebook.com\/SHAREBOX.NO\/\" \/>\n<meta property=\"og:image\" content=\"https:\/\/sharebox.global\/wp-content\/uploads\/2025\/04\/Volkswagen-Nutzfahrzeuge-Service-Station-mit-Dach.png\" \/>\n\t<meta property=\"og:image:width\" content=\"1170\" \/>\n\t<meta property=\"og:image:height\" content=\"521\" \/>\n\t<meta property=\"og:image:type\" content=\"image\/png\" \/>\n<meta name=\"twitter:card\" content=\"summary_large_image\" \/>\n<script type=\"application\/ld+json\" class=\"yoast-schema-graph\">{\"@context\":\"https:\\\/\\\/schema.org\",\"@graph\":[{\"@type\":\"WebPage\",\"@id\":\"https:\\\/\\\/sharebox.global\\\/fr\\\/regardez-les-demonstrations-2\\\/\",\"url\":\"https:\\\/\\\/sharebox.global\\\/fr\\\/regardez-les-demonstrations-2\\\/\",\"name\":\"Regardez les d\u00e9monstrations - Sharebox\",\"isPartOf\":{\"@id\":\"https:\\\/\\\/sharebox.global\\\/fr\\\/#website\"},\"datePublished\":\"2025-08-15T07:07:19+00:00\",\"description\":\"D\u00e9couvrez ce que Sharebox peut faire pour votre entreprise. Inscrivez-vous, regardez la d\u00e9mo.\",\"breadcrumb\":{\"@id\":\"https:\\\/\\\/sharebox.global\\\/fr\\\/regardez-les-demonstrations-2\\\/#breadcrumb\"},\"inLanguage\":\"fr-FR\",\"potentialAction\":[{\"@type\":\"ReadAction\",\"target\":[\"https:\\\/\\\/sharebox.global\\\/fr\\\/regardez-les-demonstrations-2\\\/\"]}]},{\"@type\":\"BreadcrumbList\",\"@id\":\"https:\\\/\\\/sharebox.global\\\/fr\\\/regardez-les-demonstrations-2\\\/#breadcrumb\",\"itemListElement\":[{\"@type\":\"ListItem\",\"position\":1,\"name\":\"Home\",\"item\":\"https:\\\/\\\/sharebox.global\\\/fr\\\/\"},{\"@type\":\"ListItem\",\"position\":2,\"name\":\"Regardez les d\u00e9monstrations\"}]},{\"@type\":\"WebSite\",\"@id\":\"https:\\\/\\\/sharebox.global\\\/fr\\\/#website\",\"url\":\"https:\\\/\\\/sharebox.global\\\/fr\\\/\",\"name\":\"Sharebox\",\"description\":\"Infrastructure for 24\\\/7 vehicle handover\",\"publisher\":{\"@id\":\"https:\\\/\\\/sharebox.global\\\/fr\\\/#organization\"},\"potentialAction\":[{\"@type\":\"SearchAction\",\"target\":{\"@type\":\"EntryPoint\",\"urlTemplate\":\"https:\\\/\\\/sharebox.global\\\/fr\\\/?s={search_term_string}\"},\"query-input\":{\"@type\":\"PropertyValueSpecification\",\"valueRequired\":true,\"valueName\":\"search_term_string\"}}],\"inLanguage\":\"fr-FR\"},{\"@type\":\"Organization\",\"@id\":\"https:\\\/\\\/sharebox.global\\\/fr\\\/#organization\",\"name\":\"Sharebox\",\"url\":\"https:\\\/\\\/sharebox.global\\\/fr\\\/\",\"logo\":{\"@type\":\"ImageObject\",\"inLanguage\":\"fr-FR\",\"@id\":\"https:\\\/\\\/sharebox.global\\\/fr\\\/#\\\/schema\\\/logo\\\/image\\\/\",\"url\":\"https:\\\/\\\/sharebox.global\\\/wp-content\\\/uploads\\\/2024\\\/04\\\/Sharebox-logo-red-on-white-500px.png\",\"contentUrl\":\"https:\\\/\\\/sharebox.global\\\/wp-content\\\/uploads\\\/2024\\\/04\\\/Sharebox-logo-red-on-white-500px.png\",\"width\":450,\"height\":63,\"caption\":\"Sharebox\"},\"image\":{\"@id\":\"https:\\\/\\\/sharebox.global\\\/fr\\\/#\\\/schema\\\/logo\\\/image\\\/\"},\"sameAs\":[\"https:\\\/\\\/www.facebook.com\\\/SHAREBOX.NO\\\/\",\"https:\\\/\\\/www.linkedin.com\\\/company\\\/sharebox-as\\\/\",\"https:\\\/\\\/www.youtube.com\\\/channel\\\/UCGwoGdfNeD59c2s4qhf0gLQ\"]}]}<\/script>\n<!-- \/ Yoast SEO plugin. -->","yoast_head_json":{"title":"Regardez les d\u00e9monstrations - Sharebox","description":"D\u00e9couvrez ce que Sharebox peut faire pour votre entreprise. Inscrivez-vous, regardez la d\u00e9mo.","robots":{"index":"index","follow":"follow","max-snippet":"max-snippet:-1","max-image-preview":"max-image-preview:large","max-video-preview":"max-video-preview:-1"},"canonical":"https:\/\/sharebox.global\/fr\/regardez-les-demonstrations-2\/","og_locale":"fr_FR","og_type":"article","og_title":"Regardez les d\u00e9monstrations","og_description":"D\u00e9couvrez ce que Sharebox peut faire pour votre entreprise. Inscrivez-vous, regardez la d\u00e9mo.","og_url":"https:\/\/sharebox.global\/fr\/regardez-les-demonstrations-2\/","og_site_name":"Sharebox","article_publisher":"https:\/\/www.facebook.com\/SHAREBOX.NO\/","og_image":[{"width":1170,"height":521,"url":"https:\/\/sharebox.global\/wp-content\/uploads\/2025\/04\/Volkswagen-Nutzfahrzeuge-Service-Station-mit-Dach.png","type":"image\/png"}],"twitter_card":"summary_large_image","schema":{"@context":"https:\/\/schema.org","@graph":[{"@type":"WebPage","@id":"https:\/\/sharebox.global\/fr\/regardez-les-demonstrations-2\/","url":"https:\/\/sharebox.global\/fr\/regardez-les-demonstrations-2\/","name":"Regardez les d\u00e9monstrations - Sharebox","isPartOf":{"@id":"https:\/\/sharebox.global\/fr\/#website"},"datePublished":"2025-08-15T07:07:19+00:00","description":"D\u00e9couvrez ce que Sharebox peut faire pour votre entreprise. Inscrivez-vous, regardez la d\u00e9mo.","breadcrumb":{"@id":"https:\/\/sharebox.global\/fr\/regardez-les-demonstrations-2\/#breadcrumb"},"inLanguage":"fr-FR","potentialAction":[{"@type":"ReadAction","target":["https:\/\/sharebox.global\/fr\/regardez-les-demonstrations-2\/"]}]},{"@type":"BreadcrumbList","@id":"https:\/\/sharebox.global\/fr\/regardez-les-demonstrations-2\/#breadcrumb","itemListElement":[{"@type":"ListItem","position":1,"name":"Home","item":"https:\/\/sharebox.global\/fr\/"},{"@type":"ListItem","position":2,"name":"Regardez les d\u00e9monstrations"}]},{"@type":"WebSite","@id":"https:\/\/sharebox.global\/fr\/#website","url":"https:\/\/sharebox.global\/fr\/","name":"Sharebox","description":"Infrastructure for 24\/7 vehicle handover","publisher":{"@id":"https:\/\/sharebox.global\/fr\/#organization"},"potentialAction":[{"@type":"SearchAction","target":{"@type":"EntryPoint","urlTemplate":"https:\/\/sharebox.global\/fr\/?s={search_term_string}"},"query-input":{"@type":"PropertyValueSpecification","valueRequired":true,"valueName":"search_term_string"}}],"inLanguage":"fr-FR"},{"@type":"Organization","@id":"https:\/\/sharebox.global\/fr\/#organization","name":"Sharebox","url":"https:\/\/sharebox.global\/fr\/","logo":{"@type":"ImageObject","inLanguage":"fr-FR","@id":"https:\/\/sharebox.global\/fr\/#\/schema\/logo\/image\/","url":"https:\/\/sharebox.global\/wp-content\/uploads\/2024\/04\/Sharebox-logo-red-on-white-500px.png","contentUrl":"https:\/\/sharebox.global\/wp-content\/uploads\/2024\/04\/Sharebox-logo-red-on-white-500px.png","width":450,"height":63,"caption":"Sharebox"},"image":{"@id":"https:\/\/sharebox.global\/fr\/#\/schema\/logo\/image\/"},"sameAs":["https:\/\/www.facebook.com\/SHAREBOX.NO\/","https:\/\/www.linkedin.com\/company\/sharebox-as\/","https:\/\/www.youtube.com\/channel\/UCGwoGdfNeD59c2s4qhf0gLQ"]}]}},"_links":{"self":[{"href":"https:\/\/sharebox.global\/fr\/wp-json\/wp\/v2\/pages\/46509","targetHints":{"allow":["GET"]}}],"collection":[{"href":"https:\/\/sharebox.global\/fr\/wp-json\/wp\/v2\/pages"}],"about":[{"href":"https:\/\/sharebox.global\/fr\/wp-json\/wp\/v2\/types\/page"}],"author":[{"embeddable":true,"href":"https:\/\/sharebox.global\/fr\/wp-json\/wp\/v2\/users\/4"}],"replies":[{"embeddable":true,"href":"https:\/\/sharebox.global\/fr\/wp-json\/wp\/v2\/comments?post=46509"}],"version-history":[{"count":1,"href":"https:\/\/sharebox.global\/fr\/wp-json\/wp\/v2\/pages\/46509\/revisions"}],"predecessor-version":[{"id":46515,"href":"https:\/\/sharebox.global\/fr\/wp-json\/wp\/v2\/pages\/46509\/revisions\/46515"}],"wp:attachment":[{"href":"https:\/\/sharebox.global\/fr\/wp-json\/wp\/v2\/media?parent=46509"}],"curies":[{"name":"wp","href":"https:\/\/api.w.org\/{rel}","templated":true}]}}