{"id":48797,"date":"2026-03-03T12:39:32","date_gmt":"2026-03-03T12:39:32","guid":{"rendered":"https:\/\/sharebox.global\/securite-et-conformite-chez-sharebox\/"},"modified":"2026-03-03T12:40:05","modified_gmt":"2026-03-03T12:40:05","slug":"securite-et-conformite-chez-sharebox","status":"publish","type":"page","link":"https:\/\/sharebox.global\/fr\/securite-et-conformite-chez-sharebox\/","title":{"rendered":"S\u00e9curit\u00e9 et conformit\u00e9 chez Sharebox"},"content":{"rendered":"\n<p><\/p>\n\r\n<div id=\"image-coloured-background-width-text-block--block_b67e500f8898264e66da4a458e0336ff\" \r\n     class=\"root-level-block image-coloured-background-width-text-block breathing-space\" \r\n     >\r\n\r\n    <div class=\"container relative\">\r\n                    <div class=\"sidequest-image\"><img decoding=\"async\" width=\"1024\" height=\"661\" src=\"https:\/\/sharebox.global\/wp-content\/uploads\/2026\/02\/1d6242c080a26bbc3c7ad87d2d1d0325ea6d1372-1024x661.jpg\" class=\"attachment-large size-large\" alt=\"\" srcset=\"https:\/\/sharebox.global\/wp-content\/uploads\/2026\/02\/1d6242c080a26bbc3c7ad87d2d1d0325ea6d1372-1024x661.jpg 1024w, https:\/\/sharebox.global\/wp-content\/uploads\/2026\/02\/1d6242c080a26bbc3c7ad87d2d1d0325ea6d1372-300x194.jpg 300w, https:\/\/sharebox.global\/wp-content\/uploads\/2026\/02\/1d6242c080a26bbc3c7ad87d2d1d0325ea6d1372-768x496.jpg 768w, https:\/\/sharebox.global\/wp-content\/uploads\/2026\/02\/1d6242c080a26bbc3c7ad87d2d1d0325ea6d1372-1536x992.jpg 1536w, https:\/\/sharebox.global\/wp-content\/uploads\/2026\/02\/1d6242c080a26bbc3c7ad87d2d1d0325ea6d1372-2048x1322.jpg 2048w\" sizes=\"(max-width: 1024px) 100vw, 1024px\" \/><\/div>\r\n        \r\n                <div class=\"sidequest\">\r\n            <div class=\"sidequest-type\">\r\n                                    <h2>S\u00e9curit\u00e9 et conformit\u00e9 chez Sharebox<\/h2>\r\n                                \r\n\r\n                                            <p>Lorsque les clients laissent leurs cl\u00e9s de v\u00e9hicule en dehors des heures d&rsquo;ouverture, la confiance est importante.\nSharebox est con\u00e7u pour prot\u00e9ger vos op\u00e9rations avec une s\u00e9curit\u00e9 physique de niveau entreprise, une surveillance intelligente et une tra\u00e7abilit\u00e9 compl\u00e8te &#8211; pour que vous gardiez le contr\u00f4le \u00e0 tout moment.<\/p>                                    <\/div>\r\n            \r\n            \r\n                    <\/div>\r\n            <\/div>\r\n<\/div>\r\n\n<div class=\"wp-block-columns is-layout-flex wp-container-core-columns-is-layout-9d6595d7 wp-block-columns-is-layout-flex\">\n<div class=\"wp-block-column is-layout-constrained wp-container-core-column-is-layout-effdd0b2 wp-block-column-is-layout-constrained\">\n<div style=\"height:100px\" aria-hidden=\"true\" class=\"wp-block-spacer\"><\/div>\n\n\n\n<h2 class=\"wp-block-heading\">Protection physique certifi\u00e9e (s32)<\/h2>\n\n\n\n<p>Pour les environnements ayant des exigences de s\u00e9curit\u00e9 plus \u00e9lev\u00e9es, le Sharebox s32 est certifi\u00e9 selon les normes suivantes :<\/p>\n\n\n\n<p>EN 1143-1 Grade 0 &#8211; une norme europ\u00e9enne reconnue pour le stockage s\u00e9curis\u00e9.<\/p>\n\n\n\n<p>Ce que cela signifie pour vous<\/p>\n\n\n\n<ul class=\"wp-block-list\">\n<li>Protection physique approuv\u00e9e pour les cl\u00e9s de v\u00e9hicules<\/li>\n\n\n\n<li>Meilleure acceptation dans l&rsquo;assurance et l&rsquo;\u00e9valuation des risques<\/li>\n\n\n\n<li>Convient aux v\u00e9hicules de grande valeur et aux installations d&rsquo;entreprise<\/li>\n<\/ul>\n\n\n\n<p>Le s32 est con\u00e7u pour offrir le niveau de protection que l&rsquo;on attend d&rsquo;un \u00e9quipement de s\u00e9curit\u00e9 professionnel &#8211; et non d&rsquo;un syst\u00e8me de casiers standard.<\/p>\n<\/div>\n<\/div>\n\n<div class=\"wp-block-columns is-layout-flex wp-container-core-columns-is-layout-9d6595d7 wp-block-columns-is-layout-flex\">\n<div class=\"wp-block-column is-layout-constrained wp-container-core-column-is-layout-effdd0b2 wp-block-column-is-layout-constrained\">\n<div style=\"height:100px\" aria-hidden=\"true\" class=\"wp-block-spacer\"><\/div>\n\n\n\n<h2 class=\"wp-block-heading\">D\u00e9tection de sabotage et alertes d&rsquo;effraction<\/h2>\n\n\n\n<p>Sharebox surveille en permanence les activit\u00e9s anormales.<br\/>Selon le mod\u00e8le et la configuration, le syst\u00e8me peut d\u00e9tecter :<\/p>\n\n\n\n<ul class=\"wp-block-list\">\n<li>Retrait du panneau avant ou du bo\u00eetier (alt\u00e9ration)<\/li>\n\n\n\n<li>Ouverture des casiers sans autorisation du syst\u00e8me (acc\u00e8s forc\u00e9)<\/li>\n\n\n\n<li>Activit\u00e9 inhabituelle indiquant une interf\u00e9rence possible<\/li>\n<\/ul>\n\n\n\n<p>Votre avantage<\/p>\n\n\n\n<ul class=\"wp-block-list\">\n<li>Sensibilisation imm\u00e9diate aux incidents potentiels<\/li>\n\n\n\n<li>R\u00e9ponse plus rapide du personnel local ou des \u00e9quipes de s\u00e9curit\u00e9<\/li>\n\n\n\n<li>R\u00e9duction du risque d&rsquo;alt\u00e9ration inaper\u00e7ue<\/li>\n<\/ul>\n\n\n\n<p>Chaque \u00e9v\u00e9nement est enregistr\u00e9 pour une transparence op\u00e9rationnelle totale.<\/p>\n<\/div>\n<\/div>\n\n<div class=\"wp-block-columns is-layout-flex wp-container-core-columns-is-layout-9d6595d7 wp-block-columns-is-layout-flex\">\n<div class=\"wp-block-column is-layout-constrained wp-container-core-column-is-layout-effdd0b2 wp-block-column-is-layout-constrained\">\n<div style=\"height:100px\" aria-hidden=\"true\" class=\"wp-block-spacer\"><\/div>\n\n\n\n<h2 class=\"wp-block-heading\">Toujours surveill\u00e9 &#8211; m\u00eame lorsque vous \u00eates hors ligne<\/h2>\n\n\n\n<p>Si un kiosque est mis hors ligne en raison d&rsquo;une coupure de courant, d&rsquo;une perte de r\u00e9seau ou d&rsquo;un retrait physique, le syst\u00e8me signale l&rsquo;\u00e9v\u00e9nement comme un probl\u00e8me de s\u00e9curit\u00e9 potentiel.<\/p>\n\n\n\n<p><strong>Pourquoi c&rsquo;est important<\/strong><\/p>\n\n\n\n<ul class=\"wp-block-list\">\n<li>D\u00e9tection pr\u00e9coce des tentatives de sabotage ou de vol<\/li>\n\n\n\n<li>Protection contre la suppression silencieuse du syst\u00e8me<\/li>\n\n\n\n<li>Supervision op\u00e9rationnelle continue dans tous les sites<\/li>\n<\/ul>\n<\/div>\n<\/div>\n\n<div class=\"wp-block-columns is-layout-flex wp-container-core-columns-is-layout-9d6595d7 wp-block-columns-is-layout-flex\">\n<div class=\"wp-block-column is-layout-constrained wp-container-core-column-is-layout-effdd0b2 wp-block-column-is-layout-constrained\">\n<div style=\"height:100px\" aria-hidden=\"true\" class=\"wp-block-spacer\"><\/div>\n\n\n\n<h2 class=\"wp-block-heading\">Tra\u00e7abilit\u00e9 compl\u00e8te de chaque cl\u00e9<\/h2>\n\n\n\n<p>La s\u00e9curit\u00e9 n&rsquo;est pas seulement une question de protection, c&rsquo;est aussi une question de responsabilit\u00e9.<\/p>\n\n\n\n<p>Sharebox fournit :<\/p>\n\n\n\n<ul class=\"wp-block-list\">\n<li>Piste d&rsquo;audit compl\u00e8te de chaque transaction cl\u00e9<\/li>\n\n\n\n<li>Historique des acc\u00e8s horodat\u00e9s<\/li>\n\n\n\n<li>Suivi des utilisateurs et des \u00e9v\u00e9nements<\/li>\n\n\n\n<li>Rapports centralis\u00e9s pour tous les sites<\/li>\n<\/ul>\n\n\n\n<p><strong>R\u00e9sultat<\/strong><\/p>\n\n\n\n<ul class=\"wp-block-list\">\n<li>Une documentation claire sur le contr\u00f4le interne<\/li>\n\n\n\n<li>Soutien \u00e0 la gestion de la conformit\u00e9 et de la responsabilit\u00e9<\/li>\n\n\n\n<li>Confiance dans les op\u00e9rations quotidiennes<\/li>\n<\/ul>\n<\/div>\n<\/div>\n\n<div class=\"wp-block-columns is-layout-flex wp-container-core-columns-is-layout-9d6595d7 wp-block-columns-is-layout-flex\">\n<div class=\"wp-block-column is-layout-constrained wp-container-core-column-is-layout-effdd0b2 wp-block-column-is-layout-constrained\">\n<div style=\"height:100px\" aria-hidden=\"true\" class=\"wp-block-spacer\"><\/div>\n\n\n\n<h2 class=\"wp-block-heading\">Int\u00e9gration \u00e0 votre infrastructure de s\u00e9curit\u00e9<\/h2>\n\n\n\n<p>Sharebox peut se connecter aux environnements de s\u00e9curit\u00e9 existants par le biais de :<\/p>\n\n\n\n<ul class=\"wp-block-list\">\n<li>Alertes par courriel<\/li>\n\n\n\n<li>Int\u00e9gration de Webhook ou d&rsquo;API<\/li>\n\n\n\n<li>Plates-formes centrales de surveillance<\/li>\n<\/ul>\n\n\n\n<p>Cela permet aux \u00e9v\u00e9nements Sharebox de faire partie de votre configuration de s\u00e9curit\u00e9 plus large.<\/p>\n\n\n\n<p><strong>Vous obtenez<\/strong><\/p>\n\n\n\n<ul class=\"wp-block-list\">\n<li>Surveillance unifi\u00e9e sur l&rsquo;ensemble des sites<\/li>\n\n\n\n<li>Traitement automatis\u00e9 des incidents<\/li>\n\n\n\n<li>Pas besoin de syst\u00e8mes d&rsquo;alarme autonomes s\u00e9par\u00e9s<\/li>\n<\/ul>\n<\/div>\n<\/div>\n\n<div class=\"wp-block-columns is-layout-flex wp-container-core-columns-is-layout-9d6595d7 wp-block-columns-is-layout-flex\">\n<div class=\"wp-block-column is-layout-constrained wp-container-core-column-is-layout-effdd0b2 wp-block-column-is-layout-constrained\">\n<div style=\"height:100px\" aria-hidden=\"true\" class=\"wp-block-spacer\"><\/div>\n\n\n\n<h2 class=\"wp-block-heading\">Options de s\u00e9curit\u00e9 renforc\u00e9e<\/h2>\n\n\n\n<p>Pour les environnements hautement s\u00e9curis\u00e9s, Sharebox peut \u00eatre combin\u00e9 avec des solutions externes telles que :<\/p>\n\n\n\n<ul class=\"wp-block-list\">\n<li>Syst\u00e8mes de vid\u00e9osurveillance<\/li>\n\n\n\n<li>Dissuasion audio locale<\/li>\n\n\n\n<li>Int\u00e9gration de la centrale d&rsquo;alarme<\/li>\n<\/ul>\n\n\n\n<p>Cela permet de prendre en charge les installations pour lesquelles les compagnies d&rsquo;assurance ou les politiques internes exigent une surveillance suppl\u00e9mentaire en plus du mat\u00e9riel certifi\u00e9.<\/p>\n<\/div>\n<\/div>\n\n<div class=\"wp-block-columns is-layout-flex wp-container-core-columns-is-layout-9d6595d7 wp-block-columns-is-layout-flex\">\n<div class=\"wp-block-column is-layout-constrained wp-container-core-column-is-layout-effdd0b2 wp-block-column-is-layout-constrained\">\n<div style=\"height:100px\" aria-hidden=\"true\" class=\"wp-block-spacer\"><\/div>\n\n\n\n<h2 class=\"wp-block-heading\">La s\u00e9curit\u00e9 en tant que syst\u00e8me<\/h2>\n\n\n\n<p>La protection ne vient pas seulement du mat\u00e9riel. Sharebox offre une s\u00e9curit\u00e9 \u00e0 plusieurs niveaux : <\/p>\n\n\n\n<ul class=\"wp-block-list\">\n<li>Protection physique certifi\u00e9e (s32)<\/li>\n\n\n\n<li>D\u00e9tection de sabotage et d&rsquo;effraction<\/li>\n\n\n\n<li>Surveillance hors ligne et de la perte de puissance<\/li>\n\n\n\n<li>Alertes et rapports centralis\u00e9s<\/li>\n\n\n\n<li>Piste d&rsquo;audit op\u00e9rationnelle compl\u00e8te<\/li>\n\n\n\n<li>Int\u00e9gration vid\u00e9o et alarme en option<\/li>\n<\/ul>\n\n\n\n<p>Le <strong>r\u00e9sultat : une<\/strong> gestion des cl\u00e9s contr\u00f4l\u00e9e, tra\u00e7able et de qualit\u00e9 professionnelle.<\/p>\n<\/div>\n<\/div>\n\n<div class=\"wp-block-columns is-layout-flex wp-container-core-columns-is-layout-9d6595d7 wp-block-columns-is-layout-flex\">\n<div class=\"wp-block-column is-layout-constrained wp-container-core-column-is-layout-effdd0b2 wp-block-column-is-layout-constrained\">\n<div style=\"height:100px\" aria-hidden=\"true\" class=\"wp-block-spacer\"><\/div>\n\n\n\n<h2 class=\"wp-block-heading\">Assurance et \u00e9valuation des risques<\/h2>\n\n\n\n<p>Pour de nombreuses installations, l&rsquo;approbation d\u00e9pend de l&rsquo;ensemble de l&rsquo;environnement de s\u00e9curit\u00e9, notamment :<\/p>\n\n\n\n<ul class=\"wp-block-list\">\n<li>Mat\u00e9riel certifi\u00e9 (le cas \u00e9ch\u00e9ant)<\/li>\n\n\n\n<li>Surveillance et alerte<\/li>\n\n\n\n<li>Dur\u00e9e de conservation des cl\u00e9s<\/li>\n\n\n\n<li>Conditions du site (CCTV, contr\u00f4le d&rsquo;acc\u00e8s, etc.)<\/li>\n<\/ul>\n\n\n\n<p>Sharebox fournit les outils et la documentation n\u00e9cessaires \u00e0 l&rsquo;\u00e9valuation des assurances et des risques.<\/p>\n<\/div>\n<\/div>\n\n<div class=\"wp-block-columns is-layout-flex wp-container-core-columns-is-layout-9d6595d7 wp-block-columns-is-layout-flex\">\n<div class=\"wp-block-column is-layout-constrained wp-container-core-column-is-layout-effdd0b2 wp-block-column-is-layout-constrained\">\n<div style=\"height:100px\" aria-hidden=\"true\" class=\"wp-block-spacer\"><\/div>\n\n\n\n<h2 class=\"wp-block-heading\">Con\u00e7u pour des op\u00e9rations r\u00e9elles<\/h2>\n\n\n\n<p>La s\u00e9curit\u00e9 de Sharebox est con\u00e7ue pour des environnements r\u00e9els :<\/p>\n\n\n\n<ul class=\"wp-block-list\">\n<li>Emplacements ext\u00e9rieurs<\/li>\n\n\n\n<li>Stockage de v\u00e9hicules pour la nuit<\/li>\n\n\n\n<li>Fonctionnement sans surveillance<\/li>\n\n\n\n<li>R\u00e9seaux d&rsquo;entreprise multilocaux<\/li>\n<\/ul>\n\n\n\n<p>Parce que le libre-service ne cr\u00e9e de la valeur que s&rsquo;il est <strong>accept\u00e9 par vos clients, votre personnel et votre \u00e9quipe de gestion des risques.<\/strong><\/p>\n<\/div>\n<\/div>\n\n<div style=\"height:100px\" aria-hidden=\"true\" class=\"wp-block-spacer\"><\/div>\n\n<div id=\"three-columns-with-support--block_cab05123cf7d24a00d5c2d8c5b911089\" class=\"root-level-block three-columns-with-support\">\n\n    <div class=\"container\">\n\n        <div class=\"decided\">\n            \n                                \n                            <!-- Display section title if one exists -->\n                <h2 class=\"decided-title text-center\">Commencez<\/h2>\n                            \n                                    \n                        <!-- Column container for the 3 boxes -->\n            <div class=\"column-box-row\">\n                \n                            <!-- Individual box container -->\n                            <div class=\"column-text-box\">\n                                                                    <img decoding=\"async\" width=\"48\" height=\"48\" src=\"https:\/\/sharebox.global\/wp-content\/uploads\/2025\/03\/icon_monitorbookstudent@48.png\" class=\"icon\" alt=\"\" \/>                                \n                                <h3>1. Regardez la d\u00e9mo<\/h3>\n                                <p>Voyez-le en direct et faites-nous part de vos besoins.<\/p>\n                            <\/div>\n\n                        \n                            <!-- Individual box container -->\n                            <div class=\"column-text-box\">\n                                                                    <img decoding=\"async\" width=\"48\" height=\"48\" src=\"https:\/\/sharebox.global\/wp-content\/uploads\/2025\/03\/icon_planblueprint@48.png\" class=\"icon\" alt=\"\" \/>                                \n                                <h3>2. Proposition sur mesure<\/h3>\n                                <p>Recevez un plan et une strat\u00e9gie adapt\u00e9s \u00e0 votre entreprise et \u00e0 vos objectifs.<\/p>\n                            <\/div>\n\n                        \n                            <!-- Individual box container -->\n                            <div class=\"column-text-box\">\n                                                                    <img decoding=\"async\" width=\"48\" height=\"48\" src=\"https:\/\/sharebox.global\/wp-content\/uploads\/2025\/03\/icon_toolsscrewdriverwrench@48.png\" class=\"icon\" alt=\"\" \/>                                \n                                <h3>3. Mise en \u0153uvre<\/h3>\n                                <p>Nous nous chargeons de l&#039;installation et de la configuration, ainsi que de la formation de votre personnel.<\/p>\n                            <\/div>\n\n                                    <\/div>\n            <!-- End check for enabled columns -->\n\n                        <!-- Button group centered below content -->\n            <div class=\"centered-button-group\">\n                                                <a class=\"wp-block-button__link btn-light\"\n                    href=\"https:\/\/sharebox.global\/fr\/get-started\/\"\n                    >\n                        Regarder les d\u00e9monstrations                    <\/a>\n                                                <\/div>\n                    <\/div>\n    <\/div>\n<\/div>\n","protected":false},"excerpt":{"rendered":"<p>Protection physique certifi\u00e9e (s32) Pour les environnements ayant des exigences de s\u00e9curit\u00e9 plus \u00e9lev\u00e9es, le Sharebox s32 est certifi\u00e9 selon les normes suivantes : EN<\/p>\n","protected":false},"author":1,"featured_media":0,"parent":0,"menu_order":0,"comment_status":"closed","ping_status":"closed","template":"","meta":{"_acf_changed":false,"content-type":"","inline_featured_image":false,"footnotes":""},"class_list":["post-48797","page","type-page","status-publish","hentry"],"acf":[],"yoast_head":"<!-- This site is optimized with the Yoast SEO plugin v27.4 - https:\/\/yoast.com\/product\/yoast-seo-wordpress\/ -->\n<title>S\u00e9curit\u00e9 et conformit\u00e9 chez Sharebox - Sharebox<\/title>\n<meta name=\"robots\" content=\"index, follow, max-snippet:-1, max-image-preview:large, max-video-preview:-1\" \/>\n<link rel=\"canonical\" href=\"https:\/\/sharebox.global\/fr\/securite-et-conformite-chez-sharebox\/\" \/>\n<meta property=\"og:locale\" content=\"fr_FR\" \/>\n<meta property=\"og:type\" content=\"article\" \/>\n<meta property=\"og:title\" content=\"S\u00e9curit\u00e9 et conformit\u00e9 chez Sharebox - Sharebox\" \/>\n<meta property=\"og:description\" content=\"Protection physique certifi\u00e9e (s32) Pour les environnements ayant des exigences de s\u00e9curit\u00e9 plus \u00e9lev\u00e9es, le Sharebox s32 est certifi\u00e9 selon les normes suivantes : EN\" \/>\n<meta property=\"og:url\" content=\"https:\/\/sharebox.global\/fr\/securite-et-conformite-chez-sharebox\/\" \/>\n<meta property=\"og:site_name\" content=\"Sharebox\" \/>\n<meta property=\"article:publisher\" content=\"https:\/\/www.facebook.com\/SHAREBOX.NO\/\" \/>\n<meta property=\"article:modified_time\" content=\"2026-03-03T12:40:05+00:00\" \/>\n<meta property=\"og:image\" content=\"https:\/\/sharebox.global\/wp-content\/uploads\/2025\/04\/Volkswagen-Nutzfahrzeuge-Service-Station-mit-Dach.png\" \/>\n\t<meta property=\"og:image:width\" content=\"1170\" \/>\n\t<meta property=\"og:image:height\" content=\"521\" \/>\n\t<meta property=\"og:image:type\" content=\"image\/png\" \/>\n<meta name=\"twitter:card\" content=\"summary_large_image\" \/>\n<meta name=\"twitter:label1\" content=\"Dur\u00e9e de lecture estim\u00e9e\" \/>\n\t<meta name=\"twitter:data1\" content=\"4 minutes\" \/>\n<script type=\"application\/ld+json\" class=\"yoast-schema-graph\">{\"@context\":\"https:\\\/\\\/schema.org\",\"@graph\":[{\"@type\":\"WebPage\",\"@id\":\"https:\\\/\\\/sharebox.global\\\/fr\\\/securite-et-conformite-chez-sharebox\\\/\",\"url\":\"https:\\\/\\\/sharebox.global\\\/fr\\\/securite-et-conformite-chez-sharebox\\\/\",\"name\":\"S\u00e9curit\u00e9 et conformit\u00e9 chez Sharebox - Sharebox\",\"isPartOf\":{\"@id\":\"https:\\\/\\\/sharebox.global\\\/fr\\\/#website\"},\"datePublished\":\"2026-03-03T12:39:32+00:00\",\"dateModified\":\"2026-03-03T12:40:05+00:00\",\"breadcrumb\":{\"@id\":\"https:\\\/\\\/sharebox.global\\\/fr\\\/securite-et-conformite-chez-sharebox\\\/#breadcrumb\"},\"inLanguage\":\"fr-FR\",\"potentialAction\":[{\"@type\":\"ReadAction\",\"target\":[\"https:\\\/\\\/sharebox.global\\\/fr\\\/securite-et-conformite-chez-sharebox\\\/\"]}]},{\"@type\":\"BreadcrumbList\",\"@id\":\"https:\\\/\\\/sharebox.global\\\/fr\\\/securite-et-conformite-chez-sharebox\\\/#breadcrumb\",\"itemListElement\":[{\"@type\":\"ListItem\",\"position\":1,\"name\":\"Home\",\"item\":\"https:\\\/\\\/sharebox.global\\\/fr\\\/\"},{\"@type\":\"ListItem\",\"position\":2,\"name\":\"S\u00e9curit\u00e9 et conformit\u00e9 chez Sharebox\"}]},{\"@type\":\"WebSite\",\"@id\":\"https:\\\/\\\/sharebox.global\\\/fr\\\/#website\",\"url\":\"https:\\\/\\\/sharebox.global\\\/fr\\\/\",\"name\":\"Sharebox\",\"description\":\"Infrastructure for 24\\\/7 vehicle handover\",\"publisher\":{\"@id\":\"https:\\\/\\\/sharebox.global\\\/fr\\\/#organization\"},\"potentialAction\":[{\"@type\":\"SearchAction\",\"target\":{\"@type\":\"EntryPoint\",\"urlTemplate\":\"https:\\\/\\\/sharebox.global\\\/fr\\\/?s={search_term_string}\"},\"query-input\":{\"@type\":\"PropertyValueSpecification\",\"valueRequired\":true,\"valueName\":\"search_term_string\"}}],\"inLanguage\":\"fr-FR\"},{\"@type\":\"Organization\",\"@id\":\"https:\\\/\\\/sharebox.global\\\/fr\\\/#organization\",\"name\":\"Sharebox\",\"url\":\"https:\\\/\\\/sharebox.global\\\/fr\\\/\",\"logo\":{\"@type\":\"ImageObject\",\"inLanguage\":\"fr-FR\",\"@id\":\"https:\\\/\\\/sharebox.global\\\/fr\\\/#\\\/schema\\\/logo\\\/image\\\/\",\"url\":\"https:\\\/\\\/sharebox.global\\\/wp-content\\\/uploads\\\/2024\\\/04\\\/Sharebox-logo-red-on-white-500px.png\",\"contentUrl\":\"https:\\\/\\\/sharebox.global\\\/wp-content\\\/uploads\\\/2024\\\/04\\\/Sharebox-logo-red-on-white-500px.png\",\"width\":450,\"height\":63,\"caption\":\"Sharebox\"},\"image\":{\"@id\":\"https:\\\/\\\/sharebox.global\\\/fr\\\/#\\\/schema\\\/logo\\\/image\\\/\"},\"sameAs\":[\"https:\\\/\\\/www.facebook.com\\\/SHAREBOX.NO\\\/\",\"https:\\\/\\\/www.linkedin.com\\\/company\\\/sharebox-as\\\/\",\"https:\\\/\\\/www.youtube.com\\\/channel\\\/UCGwoGdfNeD59c2s4qhf0gLQ\"]}]}<\/script>\n<!-- \/ Yoast SEO plugin. -->","yoast_head_json":{"title":"S\u00e9curit\u00e9 et conformit\u00e9 chez Sharebox - Sharebox","robots":{"index":"index","follow":"follow","max-snippet":"max-snippet:-1","max-image-preview":"max-image-preview:large","max-video-preview":"max-video-preview:-1"},"canonical":"https:\/\/sharebox.global\/fr\/securite-et-conformite-chez-sharebox\/","og_locale":"fr_FR","og_type":"article","og_title":"S\u00e9curit\u00e9 et conformit\u00e9 chez Sharebox - Sharebox","og_description":"Protection physique certifi\u00e9e (s32) Pour les environnements ayant des exigences de s\u00e9curit\u00e9 plus \u00e9lev\u00e9es, le Sharebox s32 est certifi\u00e9 selon les normes suivantes : EN","og_url":"https:\/\/sharebox.global\/fr\/securite-et-conformite-chez-sharebox\/","og_site_name":"Sharebox","article_publisher":"https:\/\/www.facebook.com\/SHAREBOX.NO\/","article_modified_time":"2026-03-03T12:40:05+00:00","og_image":[{"width":1170,"height":521,"url":"https:\/\/sharebox.global\/wp-content\/uploads\/2025\/04\/Volkswagen-Nutzfahrzeuge-Service-Station-mit-Dach.png","type":"image\/png"}],"twitter_card":"summary_large_image","twitter_misc":{"Dur\u00e9e de lecture estim\u00e9e":"4 minutes"},"schema":{"@context":"https:\/\/schema.org","@graph":[{"@type":"WebPage","@id":"https:\/\/sharebox.global\/fr\/securite-et-conformite-chez-sharebox\/","url":"https:\/\/sharebox.global\/fr\/securite-et-conformite-chez-sharebox\/","name":"S\u00e9curit\u00e9 et conformit\u00e9 chez Sharebox - Sharebox","isPartOf":{"@id":"https:\/\/sharebox.global\/fr\/#website"},"datePublished":"2026-03-03T12:39:32+00:00","dateModified":"2026-03-03T12:40:05+00:00","breadcrumb":{"@id":"https:\/\/sharebox.global\/fr\/securite-et-conformite-chez-sharebox\/#breadcrumb"},"inLanguage":"fr-FR","potentialAction":[{"@type":"ReadAction","target":["https:\/\/sharebox.global\/fr\/securite-et-conformite-chez-sharebox\/"]}]},{"@type":"BreadcrumbList","@id":"https:\/\/sharebox.global\/fr\/securite-et-conformite-chez-sharebox\/#breadcrumb","itemListElement":[{"@type":"ListItem","position":1,"name":"Home","item":"https:\/\/sharebox.global\/fr\/"},{"@type":"ListItem","position":2,"name":"S\u00e9curit\u00e9 et conformit\u00e9 chez Sharebox"}]},{"@type":"WebSite","@id":"https:\/\/sharebox.global\/fr\/#website","url":"https:\/\/sharebox.global\/fr\/","name":"Sharebox","description":"Infrastructure for 24\/7 vehicle handover","publisher":{"@id":"https:\/\/sharebox.global\/fr\/#organization"},"potentialAction":[{"@type":"SearchAction","target":{"@type":"EntryPoint","urlTemplate":"https:\/\/sharebox.global\/fr\/?s={search_term_string}"},"query-input":{"@type":"PropertyValueSpecification","valueRequired":true,"valueName":"search_term_string"}}],"inLanguage":"fr-FR"},{"@type":"Organization","@id":"https:\/\/sharebox.global\/fr\/#organization","name":"Sharebox","url":"https:\/\/sharebox.global\/fr\/","logo":{"@type":"ImageObject","inLanguage":"fr-FR","@id":"https:\/\/sharebox.global\/fr\/#\/schema\/logo\/image\/","url":"https:\/\/sharebox.global\/wp-content\/uploads\/2024\/04\/Sharebox-logo-red-on-white-500px.png","contentUrl":"https:\/\/sharebox.global\/wp-content\/uploads\/2024\/04\/Sharebox-logo-red-on-white-500px.png","width":450,"height":63,"caption":"Sharebox"},"image":{"@id":"https:\/\/sharebox.global\/fr\/#\/schema\/logo\/image\/"},"sameAs":["https:\/\/www.facebook.com\/SHAREBOX.NO\/","https:\/\/www.linkedin.com\/company\/sharebox-as\/","https:\/\/www.youtube.com\/channel\/UCGwoGdfNeD59c2s4qhf0gLQ"]}]}},"_links":{"self":[{"href":"https:\/\/sharebox.global\/fr\/wp-json\/wp\/v2\/pages\/48797","targetHints":{"allow":["GET"]}}],"collection":[{"href":"https:\/\/sharebox.global\/fr\/wp-json\/wp\/v2\/pages"}],"about":[{"href":"https:\/\/sharebox.global\/fr\/wp-json\/wp\/v2\/types\/page"}],"author":[{"embeddable":true,"href":"https:\/\/sharebox.global\/fr\/wp-json\/wp\/v2\/users\/1"}],"replies":[{"embeddable":true,"href":"https:\/\/sharebox.global\/fr\/wp-json\/wp\/v2\/comments?post=48797"}],"version-history":[{"count":1,"href":"https:\/\/sharebox.global\/fr\/wp-json\/wp\/v2\/pages\/48797\/revisions"}],"predecessor-version":[{"id":48798,"href":"https:\/\/sharebox.global\/fr\/wp-json\/wp\/v2\/pages\/48797\/revisions\/48798"}],"wp:attachment":[{"href":"https:\/\/sharebox.global\/fr\/wp-json\/wp\/v2\/media?parent=48797"}],"curies":[{"name":"wp","href":"https:\/\/api.w.org\/{rel}","templated":true}]}}