{"id":44876,"date":"2025-04-04T09:06:21","date_gmt":"2025-04-04T09:06:21","guid":{"rendered":"https:\/\/sharebox.global\/impronta\/"},"modified":"2025-05-07T07:34:17","modified_gmt":"2025-05-07T07:34:17","slug":"impronta","status":"publish","type":"page","link":"https:\/\/sharebox.global\/it\/impronta\/","title":{"rendered":"Impronta"},"content":{"rendered":"\n<h1 class=\"has-text-align-center alignwide wp-block-post-title\">Impronta<\/h1>\n\n\n<p><\/p>\n\n\n\n<div class=\"wp-block-buttons is-layout-flex wp-block-buttons-is-layout-flex\"><\/div>\n\n\n<div class=\"wp-block-columns is-layout-flex wp-container-core-columns-is-layout-9d6595d7 wp-block-columns-is-layout-flex\">\n<div class=\"wp-block-column is-layout-flow wp-block-column-is-layout-flow\" style=\"flex-basis:25%\"><\/div>\n\n\n\n<div class=\"wp-block-column is-layout-flow wp-block-column-is-layout-flow\" style=\"flex-basis:50%\">\n<h2 class=\"wp-block-heading\">Responsabile<\/h2>\n\n\n\n<p>Sharebox AS<\/p>\n\n\n\n<p>Vesterveien 173<\/p>\n\n\n\n<p>4817 His, Arendal<\/p>\n\n\n\n<p>Norvegia<\/p>\n\n\n\n<div style=\"height:100px\" aria-hidden=\"true\" class=\"wp-block-spacer\"><\/div>\n\n\n\n<h2 class=\"wp-block-heading\">Contatto<\/h2>\n\n\n\n<p>Telefono: +47 4043 4400<\/p>\n\n\n\n<p>E-mail: <a href=\"mailto:post@sharebox.no\" target=\"_blank\" rel=\"noreferrer noopener\">post@sharebox.no<\/a><\/p>\n\n\n\n<div style=\"height:100px\" aria-hidden=\"true\" class=\"wp-block-spacer\"><\/div>\n\n\n\n<h2 class=\"wp-block-heading\">Informazioni fiscali e di registro<\/h2>\n\n\n\n<p>N. org. 916 660 626 <\/p>\n\n\n\n<div style=\"height:100px\" aria-hidden=\"true\" class=\"wp-block-spacer\"><\/div>\n\n\n\n<h2 class=\"wp-block-heading\">Responsabilit\u00e0 per i contenuti e i link<\/h2>\n\n\n\n<p>Abbiamo redatto i contenuti delle nostre pagine con la massima cura, ma non possiamo assumerci alcuna responsabilit\u00e0 per la loro correttezza, completezza e attualit\u00e0. Per questo motivo escludiamo qualsiasi responsabilit\u00e0 per eventuali danni legati all&#8217;utilizzo della nostra homepage. I link esterni presenti nelle nostre pagine conducono a contenuti di terzi sui quali non abbiamo alcuna influenza e per i quali non possiamo quindi assumerci alcuna responsabilit\u00e0.  <br\/><\/p>\n\n\n\n<h3 class=\"wp-block-heading\">Amministratore delegato<\/h3>\n\n\n\n<p>Arne Eivind Andersen<br\/><\/p>\n\n\n\n<h3 class=\"wp-block-heading\">Responsabilit\u00e0 per i contenuti<\/h3>\n\n\n\n<div style=\"height:100px\" aria-hidden=\"true\" class=\"wp-block-spacer\"><\/div>\n\n\n\n<h2 class=\"wp-block-heading\">Copyright<\/h2>\n\n\n\n<p>I contenuti creati da noi sulla nostra homepage sono soggetti alla legge norvegese sul copyright. Se il contenuto non \u00e8 stato creato da noi, \u00e8 contrassegnato come tale, in modo da rispettare i diritti d&#8217;autore di terzi. Se tuttavia dovessi scoprire una violazione del copyright, ti chiediamo di informarci di conseguenza. Nel caso in cui venissimo a conoscenza di eventuali violazioni, provvederemo a rimuovere immediatamente i contenuti.   <br\/><\/p>\n\n\n\n<div style=\"height:100px\" aria-hidden=\"true\" class=\"wp-block-spacer\"><\/div>\n\n\n\n<h2 class=\"wp-block-heading\">Condizioni generali, privacy e cookie policy<\/h2>\n\n\n\n<p><a href=\"\/?page_id=1241\" data-type=\"page\" data-id=\"1241\">Trova i nostri termini e condizioni qui<\/a>.<\/p>\n<\/div>\n\n\n\n<div class=\"wp-block-column is-layout-flow wp-block-column-is-layout-flow\" style=\"flex-basis:25%\"><\/div>\n<\/div>\n","protected":false},"excerpt":{"rendered":"<p>Responsabile Sharebox AS Vesterveien 173 4817 His, Arendal Norvegia Contatto Telefono: +47 4043 4400 E-mail: post@sharebox.no Informazioni fiscali e di registro N. org. 916 660<\/p>\n","protected":false},"author":1,"featured_media":0,"parent":0,"menu_order":0,"comment_status":"closed","ping_status":"closed","template":"","meta":{"_acf_changed":false,"content-type":"","inline_featured_image":false,"footnotes":""},"class_list":["post-44876","page","type-page","status-publish","hentry"],"acf":[],"yoast_head":"<!-- This site is optimized with the Yoast SEO plugin v27.4 - https:\/\/yoast.com\/product\/yoast-seo-wordpress\/ -->\n<title>Impronta - Sharebox<\/title>\n<meta name=\"robots\" content=\"index, follow, max-snippet:-1, max-image-preview:large, max-video-preview:-1\" \/>\n<link rel=\"canonical\" href=\"https:\/\/sharebox.global\/it\/impronta\/\" \/>\n<meta property=\"og:locale\" content=\"it_IT\" \/>\n<meta property=\"og:type\" content=\"article\" \/>\n<meta property=\"og:title\" content=\"Impronta - Sharebox\" \/>\n<meta property=\"og:description\" content=\"Responsabile Sharebox AS Vesterveien 173 4817 His, Arendal Norvegia Contatto Telefono: +47 4043 4400 E-mail: post@sharebox.no Informazioni fiscali e di registro N. org. 916 660\" \/>\n<meta property=\"og:url\" content=\"https:\/\/sharebox.global\/it\/impronta\/\" \/>\n<meta property=\"og:site_name\" content=\"Sharebox\" \/>\n<meta property=\"article:publisher\" content=\"https:\/\/www.facebook.com\/SHAREBOX.NO\/\" \/>\n<meta property=\"article:modified_time\" content=\"2025-05-07T07:34:17+00:00\" \/>\n<meta property=\"og:image\" content=\"https:\/\/sharebox.global\/wp-content\/uploads\/2025\/04\/Volkswagen-Nutzfahrzeuge-Service-Station-mit-Dach.png\" \/>\n\t<meta property=\"og:image:width\" content=\"1170\" \/>\n\t<meta property=\"og:image:height\" content=\"521\" \/>\n\t<meta property=\"og:image:type\" content=\"image\/png\" \/>\n<meta name=\"twitter:card\" content=\"summary_large_image\" \/>\n<meta name=\"twitter:label1\" content=\"Tempo di lettura stimato\" \/>\n\t<meta name=\"twitter:data1\" content=\"1 minuto\" \/>\n<script type=\"application\/ld+json\" class=\"yoast-schema-graph\">{\"@context\":\"https:\\\/\\\/schema.org\",\"@graph\":[{\"@type\":\"WebPage\",\"@id\":\"https:\\\/\\\/sharebox.global\\\/it\\\/impronta\\\/\",\"url\":\"https:\\\/\\\/sharebox.global\\\/it\\\/impronta\\\/\",\"name\":\"Impronta - Sharebox\",\"isPartOf\":{\"@id\":\"https:\\\/\\\/sharebox.global\\\/it\\\/#website\"},\"datePublished\":\"2025-04-04T09:06:21+00:00\",\"dateModified\":\"2025-05-07T07:34:17+00:00\",\"breadcrumb\":{\"@id\":\"https:\\\/\\\/sharebox.global\\\/it\\\/impronta\\\/#breadcrumb\"},\"inLanguage\":\"it-IT\",\"potentialAction\":[{\"@type\":\"ReadAction\",\"target\":[\"https:\\\/\\\/sharebox.global\\\/it\\\/impronta\\\/\"]}]},{\"@type\":\"BreadcrumbList\",\"@id\":\"https:\\\/\\\/sharebox.global\\\/it\\\/impronta\\\/#breadcrumb\",\"itemListElement\":[{\"@type\":\"ListItem\",\"position\":1,\"name\":\"Home\",\"item\":\"https:\\\/\\\/sharebox.global\\\/it\\\/\"},{\"@type\":\"ListItem\",\"position\":2,\"name\":\"Impronta\"}]},{\"@type\":\"WebSite\",\"@id\":\"https:\\\/\\\/sharebox.global\\\/it\\\/#website\",\"url\":\"https:\\\/\\\/sharebox.global\\\/it\\\/\",\"name\":\"Sharebox\",\"description\":\"Infrastructure for 24\\\/7 vehicle handover\",\"publisher\":{\"@id\":\"https:\\\/\\\/sharebox.global\\\/it\\\/#organization\"},\"potentialAction\":[{\"@type\":\"SearchAction\",\"target\":{\"@type\":\"EntryPoint\",\"urlTemplate\":\"https:\\\/\\\/sharebox.global\\\/it\\\/?s={search_term_string}\"},\"query-input\":{\"@type\":\"PropertyValueSpecification\",\"valueRequired\":true,\"valueName\":\"search_term_string\"}}],\"inLanguage\":\"it-IT\"},{\"@type\":\"Organization\",\"@id\":\"https:\\\/\\\/sharebox.global\\\/it\\\/#organization\",\"name\":\"Sharebox\",\"url\":\"https:\\\/\\\/sharebox.global\\\/it\\\/\",\"logo\":{\"@type\":\"ImageObject\",\"inLanguage\":\"it-IT\",\"@id\":\"https:\\\/\\\/sharebox.global\\\/it\\\/#\\\/schema\\\/logo\\\/image\\\/\",\"url\":\"https:\\\/\\\/sharebox.global\\\/wp-content\\\/uploads\\\/2024\\\/04\\\/Sharebox-logo-red-on-white-500px.png\",\"contentUrl\":\"https:\\\/\\\/sharebox.global\\\/wp-content\\\/uploads\\\/2024\\\/04\\\/Sharebox-logo-red-on-white-500px.png\",\"width\":450,\"height\":63,\"caption\":\"Sharebox\"},\"image\":{\"@id\":\"https:\\\/\\\/sharebox.global\\\/it\\\/#\\\/schema\\\/logo\\\/image\\\/\"},\"sameAs\":[\"https:\\\/\\\/www.facebook.com\\\/SHAREBOX.NO\\\/\",\"https:\\\/\\\/www.linkedin.com\\\/company\\\/sharebox-as\\\/\",\"https:\\\/\\\/www.youtube.com\\\/channel\\\/UCGwoGdfNeD59c2s4qhf0gLQ\"]}]}<\/script>\n<!-- \/ Yoast SEO plugin. -->","yoast_head_json":{"title":"Impronta - Sharebox","robots":{"index":"index","follow":"follow","max-snippet":"max-snippet:-1","max-image-preview":"max-image-preview:large","max-video-preview":"max-video-preview:-1"},"canonical":"https:\/\/sharebox.global\/it\/impronta\/","og_locale":"it_IT","og_type":"article","og_title":"Impronta - Sharebox","og_description":"Responsabile Sharebox AS Vesterveien 173 4817 His, Arendal Norvegia Contatto Telefono: +47 4043 4400 E-mail: post@sharebox.no Informazioni fiscali e di registro N. org. 916 660","og_url":"https:\/\/sharebox.global\/it\/impronta\/","og_site_name":"Sharebox","article_publisher":"https:\/\/www.facebook.com\/SHAREBOX.NO\/","article_modified_time":"2025-05-07T07:34:17+00:00","og_image":[{"width":1170,"height":521,"url":"https:\/\/sharebox.global\/wp-content\/uploads\/2025\/04\/Volkswagen-Nutzfahrzeuge-Service-Station-mit-Dach.png","type":"image\/png"}],"twitter_card":"summary_large_image","twitter_misc":{"Tempo di lettura stimato":"1 minuto"},"schema":{"@context":"https:\/\/schema.org","@graph":[{"@type":"WebPage","@id":"https:\/\/sharebox.global\/it\/impronta\/","url":"https:\/\/sharebox.global\/it\/impronta\/","name":"Impronta - Sharebox","isPartOf":{"@id":"https:\/\/sharebox.global\/it\/#website"},"datePublished":"2025-04-04T09:06:21+00:00","dateModified":"2025-05-07T07:34:17+00:00","breadcrumb":{"@id":"https:\/\/sharebox.global\/it\/impronta\/#breadcrumb"},"inLanguage":"it-IT","potentialAction":[{"@type":"ReadAction","target":["https:\/\/sharebox.global\/it\/impronta\/"]}]},{"@type":"BreadcrumbList","@id":"https:\/\/sharebox.global\/it\/impronta\/#breadcrumb","itemListElement":[{"@type":"ListItem","position":1,"name":"Home","item":"https:\/\/sharebox.global\/it\/"},{"@type":"ListItem","position":2,"name":"Impronta"}]},{"@type":"WebSite","@id":"https:\/\/sharebox.global\/it\/#website","url":"https:\/\/sharebox.global\/it\/","name":"Sharebox","description":"Infrastructure for 24\/7 vehicle handover","publisher":{"@id":"https:\/\/sharebox.global\/it\/#organization"},"potentialAction":[{"@type":"SearchAction","target":{"@type":"EntryPoint","urlTemplate":"https:\/\/sharebox.global\/it\/?s={search_term_string}"},"query-input":{"@type":"PropertyValueSpecification","valueRequired":true,"valueName":"search_term_string"}}],"inLanguage":"it-IT"},{"@type":"Organization","@id":"https:\/\/sharebox.global\/it\/#organization","name":"Sharebox","url":"https:\/\/sharebox.global\/it\/","logo":{"@type":"ImageObject","inLanguage":"it-IT","@id":"https:\/\/sharebox.global\/it\/#\/schema\/logo\/image\/","url":"https:\/\/sharebox.global\/wp-content\/uploads\/2024\/04\/Sharebox-logo-red-on-white-500px.png","contentUrl":"https:\/\/sharebox.global\/wp-content\/uploads\/2024\/04\/Sharebox-logo-red-on-white-500px.png","width":450,"height":63,"caption":"Sharebox"},"image":{"@id":"https:\/\/sharebox.global\/it\/#\/schema\/logo\/image\/"},"sameAs":["https:\/\/www.facebook.com\/SHAREBOX.NO\/","https:\/\/www.linkedin.com\/company\/sharebox-as\/","https:\/\/www.youtube.com\/channel\/UCGwoGdfNeD59c2s4qhf0gLQ"]}]}},"_links":{"self":[{"href":"https:\/\/sharebox.global\/it\/wp-json\/wp\/v2\/pages\/44876","targetHints":{"allow":["GET"]}}],"collection":[{"href":"https:\/\/sharebox.global\/it\/wp-json\/wp\/v2\/pages"}],"about":[{"href":"https:\/\/sharebox.global\/it\/wp-json\/wp\/v2\/types\/page"}],"author":[{"embeddable":true,"href":"https:\/\/sharebox.global\/it\/wp-json\/wp\/v2\/users\/1"}],"replies":[{"embeddable":true,"href":"https:\/\/sharebox.global\/it\/wp-json\/wp\/v2\/comments?post=44876"}],"version-history":[{"count":1,"href":"https:\/\/sharebox.global\/it\/wp-json\/wp\/v2\/pages\/44876\/revisions"}],"predecessor-version":[{"id":44877,"href":"https:\/\/sharebox.global\/it\/wp-json\/wp\/v2\/pages\/44876\/revisions\/44877"}],"wp:attachment":[{"href":"https:\/\/sharebox.global\/it\/wp-json\/wp\/v2\/media?parent=44876"}],"curies":[{"name":"wp","href":"https:\/\/api.w.org\/{rel}","templated":true}]}}