{"id":48801,"date":"2026-03-03T12:39:32","date_gmt":"2026-03-03T12:39:32","guid":{"rendered":"https:\/\/sharebox.global\/sicurezza-e-conformita-in-sharebox\/"},"modified":"2026-03-03T12:41:33","modified_gmt":"2026-03-03T12:41:33","slug":"sicurezza-e-conformita-in-sharebox","status":"publish","type":"page","link":"https:\/\/sharebox.global\/it\/sicurezza-e-conformita-in-sharebox\/","title":{"rendered":"Sicurezza e conformit\u00e0 in Sharebox"},"content":{"rendered":"\n<p><\/p>\n\r\n<div id=\"image-coloured-background-width-text-block--block_74d623f5db3e59db44bfefb0080b5daf\" \r\n     class=\"root-level-block image-coloured-background-width-text-block breathing-space\" \r\n     >\r\n\r\n    <div class=\"container relative\">\r\n                    <div class=\"sidequest-image\"><img decoding=\"async\" width=\"1024\" height=\"661\" src=\"https:\/\/sharebox.global\/wp-content\/uploads\/2026\/02\/1d6242c080a26bbc3c7ad87d2d1d0325ea6d1372-1024x661.jpg\" class=\"attachment-large size-large\" alt=\"\" srcset=\"https:\/\/sharebox.global\/wp-content\/uploads\/2026\/02\/1d6242c080a26bbc3c7ad87d2d1d0325ea6d1372-1024x661.jpg 1024w, https:\/\/sharebox.global\/wp-content\/uploads\/2026\/02\/1d6242c080a26bbc3c7ad87d2d1d0325ea6d1372-300x194.jpg 300w, https:\/\/sharebox.global\/wp-content\/uploads\/2026\/02\/1d6242c080a26bbc3c7ad87d2d1d0325ea6d1372-768x496.jpg 768w, https:\/\/sharebox.global\/wp-content\/uploads\/2026\/02\/1d6242c080a26bbc3c7ad87d2d1d0325ea6d1372-1536x992.jpg 1536w, https:\/\/sharebox.global\/wp-content\/uploads\/2026\/02\/1d6242c080a26bbc3c7ad87d2d1d0325ea6d1372-2048x1322.jpg 2048w\" sizes=\"(max-width: 1024px) 100vw, 1024px\" \/><\/div>\r\n        \r\n                <div class=\"sidequest\">\r\n            <div class=\"sidequest-type\">\r\n                                    <h2>Sicurezza e conformit\u00e0 in Sharebox<\/h2>\r\n                                \r\n\r\n                                            <p>Quando i clienti lasciano le chiavi dei loro veicoli al di fuori dell&#8217;orario di lavoro, la fiducia \u00e8 importante.\nSharebox \u00e8 progettato per proteggere le tue attivit\u00e0 con una sicurezza fisica di livello aziendale, un monitoraggio intelligente e una tracciabilit\u00e0 completa, in modo che tu abbia sempre il controllo.<\/p>                                    <\/div>\r\n            \r\n            \r\n                    <\/div>\r\n            <\/div>\r\n<\/div>\r\n\n<div class=\"wp-block-columns is-layout-flex wp-container-core-columns-is-layout-9d6595d7 wp-block-columns-is-layout-flex\">\n<div class=\"wp-block-column is-layout-constrained wp-container-core-column-is-layout-effdd0b2 wp-block-column-is-layout-constrained\">\n<div style=\"height:100px\" aria-hidden=\"true\" class=\"wp-block-spacer\"><\/div>\n\n\n\n<h2 class=\"wp-block-heading\">Protezione fisica certificata (s32)<\/h2>\n\n\n\n<p>Per gli ambienti con requisiti di sicurezza pi\u00f9 elevati, la Sharebox s32 \u00e8 certificata secondo la normativa:<\/p>\n\n\n\n<p>EN 1143-1 Grado 0 &#8211; uno standard europeo riconosciuto per la conservazione sicura.<\/p>\n\n\n\n<p>Cosa significa per te<\/p>\n\n\n\n<ul class=\"wp-block-list\">\n<li>Protezione fisica approvata per le chiavi dei veicoli<\/li>\n\n\n\n<li>Maggiore accettazione nelle assicurazioni e nelle valutazioni del rischio<\/li>\n\n\n\n<li>Adatto a veicoli di alto valore e a installazioni aziendali<\/li>\n<\/ul>\n\n\n\n<p>L&#8217;s32 \u00e8 costruito per offrire il livello di protezione che ci si aspetta da un&#8217;attrezzatura di sicurezza professionale, non da un semplice sistema di armadietti standard.<\/p>\n<\/div>\n<\/div>\n\n<div class=\"wp-block-columns is-layout-flex wp-container-core-columns-is-layout-9d6595d7 wp-block-columns-is-layout-flex\">\n<div class=\"wp-block-column is-layout-constrained wp-container-core-column-is-layout-effdd0b2 wp-block-column-is-layout-constrained\">\n<div style=\"height:100px\" aria-hidden=\"true\" class=\"wp-block-spacer\"><\/div>\n\n\n\n<h2 class=\"wp-block-heading\">Rilevamento di manomissioni e avvisi di effrazione<\/h2>\n\n\n\n<p>Sharebox monitora continuamente la presenza di attivit\u00e0 anomale.<br\/>A seconda del modello e della configurazione, il sistema pu\u00f2 rilevare:<\/p>\n\n\n\n<ul class=\"wp-block-list\">\n<li>Rimozione del pannello frontale o dell&#8217;alloggiamento (manomissione)<\/li>\n\n\n\n<li>Apertura degli armadietti senza autorizzazione del sistema (accesso forzato)<\/li>\n\n\n\n<li>Attivit\u00e0 insolita che indica una possibile interferenza<\/li>\n<\/ul>\n\n\n\n<p>Il tuo vantaggio<\/p>\n\n\n\n<ul class=\"wp-block-list\">\n<li>Sensibilizzazione immediata su potenziali incidenti<\/li>\n\n\n\n<li>Risposta pi\u00f9 rapida da parte del personale locale o dei team di sicurezza<\/li>\n\n\n\n<li>Riduzione del rischio di manomissione inosservata<\/li>\n<\/ul>\n\n\n\n<p>Ogni evento viene registrato per una completa trasparenza operativa.<\/p>\n<\/div>\n<\/div>\n\n<div class=\"wp-block-columns is-layout-flex wp-container-core-columns-is-layout-9d6595d7 wp-block-columns-is-layout-flex\">\n<div class=\"wp-block-column is-layout-constrained wp-container-core-column-is-layout-effdd0b2 wp-block-column-is-layout-constrained\">\n<div style=\"height:100px\" aria-hidden=\"true\" class=\"wp-block-spacer\"><\/div>\n\n\n\n<h2 class=\"wp-block-heading\">Sempre monitorato, anche quando \u00e8 offline<\/h2>\n\n\n\n<p>Se un chiosco va offline a causa di un&#8217;interruzione di corrente, di una perdita di rete o di una rimozione fisica, il sistema segnala l&#8217;evento come un potenziale problema di sicurezza.<\/p>\n\n\n\n<p><strong>Perch\u00e9 \u00e8 importante<\/strong><\/p>\n\n\n\n<ul class=\"wp-block-list\">\n<li>Individuazione precoce di tentativi di sabotaggio o furto<\/li>\n\n\n\n<li>Protezione contro la rimozione silenziosa del sistema<\/li>\n\n\n\n<li>Supervisione operativa continua in tutte le sedi<\/li>\n<\/ul>\n<\/div>\n<\/div>\n\n<div class=\"wp-block-columns is-layout-flex wp-container-core-columns-is-layout-9d6595d7 wp-block-columns-is-layout-flex\">\n<div class=\"wp-block-column is-layout-constrained wp-container-core-column-is-layout-effdd0b2 wp-block-column-is-layout-constrained\">\n<div style=\"height:100px\" aria-hidden=\"true\" class=\"wp-block-spacer\"><\/div>\n\n\n\n<h2 class=\"wp-block-heading\">Tracciabilit\u00e0 completa per ogni chiave<\/h2>\n\n\n\n<p>La sicurezza non \u00e8 solo protezione, ma anche responsabilit\u00e0.<\/p>\n\n\n\n<p>Sharebox fornisce:<\/p>\n\n\n\n<ul class=\"wp-block-list\">\n<li>Traccia di controllo completa di ogni transazione chiave<\/li>\n\n\n\n<li>Cronologia degli accessi con data e ora<\/li>\n\n\n\n<li>Tracciamento degli utenti e degli eventi<\/li>\n\n\n\n<li>Reportistica centrale per tutte le sedi<\/li>\n<\/ul>\n\n\n\n<p><strong>Risultato<\/strong><\/p>\n\n\n\n<ul class=\"wp-block-list\">\n<li>Documentazione chiara per il controllo interno<\/li>\n\n\n\n<li>Supporto per la gestione della conformit\u00e0 e delle responsabilit\u00e0<\/li>\n\n\n\n<li>Fiducia nelle operazioni quotidiane<\/li>\n<\/ul>\n<\/div>\n<\/div>\n\n<div class=\"wp-block-columns is-layout-flex wp-container-core-columns-is-layout-9d6595d7 wp-block-columns-is-layout-flex\">\n<div class=\"wp-block-column is-layout-constrained wp-container-core-column-is-layout-effdd0b2 wp-block-column-is-layout-constrained\">\n<div style=\"height:100px\" aria-hidden=\"true\" class=\"wp-block-spacer\"><\/div>\n\n\n\n<h2 class=\"wp-block-heading\">Integrazione con l&#8217;infrastruttura di sicurezza<\/h2>\n\n\n\n<p>Sharebox pu\u00f2 connettersi agli ambienti di sicurezza esistenti attraverso:<\/p>\n\n\n\n<ul class=\"wp-block-list\">\n<li>Avvisi via e-mail<\/li>\n\n\n\n<li>Integrazione di Webhook o API<\/li>\n\n\n\n<li>Piattaforme di monitoraggio centrale<\/li>\n<\/ul>\n\n\n\n<p>In questo modo gli eventi di Sharebox diventano parte integrante della tua configurazione di sicurezza pi\u00f9 ampia.<\/p>\n\n\n\n<p><strong>Ottieni<\/strong><\/p>\n\n\n\n<ul class=\"wp-block-list\">\n<li>Monitoraggio unificato tra i vari siti<\/li>\n\n\n\n<li>Gestione automatizzata degli incidenti<\/li>\n\n\n\n<li>Non c&#8217;\u00e8 bisogno di sistemi di allarme separati e indipendenti<\/li>\n<\/ul>\n<\/div>\n<\/div>\n\n<div class=\"wp-block-columns is-layout-flex wp-container-core-columns-is-layout-9d6595d7 wp-block-columns-is-layout-flex\">\n<div class=\"wp-block-column is-layout-constrained wp-container-core-column-is-layout-effdd0b2 wp-block-column-is-layout-constrained\">\n<div style=\"height:100px\" aria-hidden=\"true\" class=\"wp-block-spacer\"><\/div>\n\n\n\n<h2 class=\"wp-block-heading\">Opzioni di sicurezza avanzate<\/h2>\n\n\n\n<p>Per gli ambienti ad alta sicurezza, Sharebox pu\u00f2 essere combinato con soluzioni esterne come:<\/p>\n\n\n\n<ul class=\"wp-block-list\">\n<li>Sistemi di videosorveglianza<\/li>\n\n\n\n<li>Deterrenza audio locale<\/li>\n\n\n\n<li>Integrazione della centrale d&#8217;allarme<\/li>\n<\/ul>\n\n\n\n<p>Questo supporta le installazioni in cui i fornitori di assicurazioni o le politiche interne richiedono un monitoraggio aggiuntivo accanto all&#8217;hardware certificato.<\/p>\n<\/div>\n<\/div>\n\n<div class=\"wp-block-columns is-layout-flex wp-container-core-columns-is-layout-9d6595d7 wp-block-columns-is-layout-flex\">\n<div class=\"wp-block-column is-layout-constrained wp-container-core-column-is-layout-effdd0b2 wp-block-column-is-layout-constrained\">\n<div style=\"height:100px\" aria-hidden=\"true\" class=\"wp-block-spacer\"><\/div>\n\n\n\n<h2 class=\"wp-block-heading\">La sicurezza come sistema<\/h2>\n\n\n\n<p>La protezione non deriva solo dall&#8217;hardware. Sharebox offre una sicurezza a pi\u00f9 livelli: <\/p>\n\n\n\n<ul class=\"wp-block-list\">\n<li>Protezione fisica certificata (s32)<\/li>\n\n\n\n<li>Rilevamento di manomissioni e scassi<\/li>\n\n\n\n<li>Monitoraggio offline e delle perdite di potenza<\/li>\n\n\n\n<li>Avvisi e rapporti centralizzati<\/li>\n\n\n\n<li>Traccia di controllo operativa completa<\/li>\n\n\n\n<li>Integrazione di video e allarmi opzionale<\/li>\n<\/ul>\n\n\n\n<p><strong>Il risultato: una<\/strong> gestione delle chiavi controllata, tracciabile e di livello aziendale.<\/p>\n<\/div>\n<\/div>\n\n<div class=\"wp-block-columns is-layout-flex wp-container-core-columns-is-layout-9d6595d7 wp-block-columns-is-layout-flex\">\n<div class=\"wp-block-column is-layout-constrained wp-container-core-column-is-layout-effdd0b2 wp-block-column-is-layout-constrained\">\n<div style=\"height:100px\" aria-hidden=\"true\" class=\"wp-block-spacer\"><\/div>\n\n\n\n<h2 class=\"wp-block-heading\">Assicurazione e valutazione dei rischi<\/h2>\n\n\n\n<p>Per molte installazioni, l&#8217;approvazione dipende dall&#8217;ambiente di sicurezza complessivo, che comprende:<\/p>\n\n\n\n<ul class=\"wp-block-list\">\n<li>Hardware certificato (dove richiesto)<\/li>\n\n\n\n<li>Monitoraggio e avvisi<\/li>\n\n\n\n<li>I tasti rimangono memorizzati per un certo periodo di tempo<\/li>\n\n\n\n<li>Condizioni del sito (TVCC, controllo degli accessi, ecc.)<\/li>\n<\/ul>\n\n\n\n<p>Sharebox fornisce gli strumenti e la documentazione necessari per supportare le valutazioni assicurative e di rischio.<\/p>\n<\/div>\n<\/div>\n\n<div class=\"wp-block-columns is-layout-flex wp-container-core-columns-is-layout-9d6595d7 wp-block-columns-is-layout-flex\">\n<div class=\"wp-block-column is-layout-constrained wp-container-core-column-is-layout-effdd0b2 wp-block-column-is-layout-constrained\">\n<div style=\"height:100px\" aria-hidden=\"true\" class=\"wp-block-spacer\"><\/div>\n\n\n\n<h2 class=\"wp-block-heading\">Costruito per operazioni reali<\/h2>\n\n\n\n<p>La sicurezza di Sharebox \u00e8 progettata per gli ambienti reali:<\/p>\n\n\n\n<ul class=\"wp-block-list\">\n<li>Luoghi all&#8217;aperto<\/li>\n\n\n\n<li>Deposito notturno di veicoli<\/li>\n\n\n\n<li>Funzionamento non presidiato<\/li>\n\n\n\n<li>Reti aziendali multi-sede<\/li>\n<\/ul>\n\n\n\n<p>Perch\u00e9 il self-service crea valore solo se gode <strong>della fiducia dei tuoi clienti, del tuo personale e del tuo team di gestione del rischio.<\/strong><\/p>\n<\/div>\n<\/div>\n\n<div style=\"height:100px\" aria-hidden=\"true\" class=\"wp-block-spacer\"><\/div>\n\n<div id=\"three-columns-with-support--block_5d244a5f4ce75f694b0601f03c9ec1e3\" class=\"root-level-block three-columns-with-support\">\n\n    <div class=\"container\">\n\n        <div class=\"decided\">\n            \n                                \n                            <!-- Display section title if one exists -->\n                <h2 class=\"decided-title text-center\">Iniziare<\/h2>\n                            \n                                    \n                        <!-- Column container for the 3 boxes -->\n            <div class=\"column-box-row\">\n                \n                            <!-- Individual box container -->\n                            <div class=\"column-text-box\">\n                                                                    <img decoding=\"async\" width=\"48\" height=\"48\" src=\"https:\/\/sharebox.global\/wp-content\/uploads\/2025\/03\/icon_monitorbookstudent@48.png\" class=\"icon\" alt=\"\" \/>                                \n                                <h3>1. Guarda la demo<\/h3>\n                                <p>Guardalo dal vivo e parlaci delle tue esigenze.<\/p>\n                            <\/div>\n\n                        \n                            <!-- Individual box container -->\n                            <div class=\"column-text-box\">\n                                                                    <img decoding=\"async\" width=\"48\" height=\"48\" src=\"https:\/\/sharebox.global\/wp-content\/uploads\/2025\/03\/icon_planblueprint@48.png\" class=\"icon\" alt=\"\" \/>                                \n                                <h3>2. Proposta su misura<\/h3>\n                                <p>Ricevi un piano e una strategia su misura per la tua attivit\u00e0 e i tuoi obiettivi.<\/p>\n                            <\/div>\n\n                        \n                            <!-- Individual box container -->\n                            <div class=\"column-text-box\">\n                                                                    <img decoding=\"async\" width=\"48\" height=\"48\" src=\"https:\/\/sharebox.global\/wp-content\/uploads\/2025\/03\/icon_toolsscrewdriverwrench@48.png\" class=\"icon\" alt=\"\" \/>                                \n                                <h3>3. Attuazione<\/h3>\n                                <p>Ci occuperemo dell&#039;installazione e della configurazione, oltre a formare il tuo personale.<\/p>\n                            <\/div>\n\n                                    <\/div>\n            <!-- End check for enabled columns -->\n\n                        <!-- Button group centered below content -->\n            <div class=\"centered-button-group\">\n                                                <a class=\"wp-block-button__link btn-light\"\n                    href=\"https:\/\/sharebox.global\/it\/get-started\/\"\n                    >\n                        Guarda le demo                    <\/a>\n                                                <\/div>\n                    <\/div>\n    <\/div>\n<\/div>\n","protected":false},"excerpt":{"rendered":"<p>Protezione fisica certificata (s32) Per gli ambienti con requisiti di sicurezza pi\u00f9 elevati, la Sharebox s32 \u00e8 certificata secondo la normativa: EN 1143-1 Grado 0<\/p>\n","protected":false},"author":1,"featured_media":0,"parent":0,"menu_order":0,"comment_status":"closed","ping_status":"closed","template":"","meta":{"_acf_changed":false,"content-type":"","inline_featured_image":false,"footnotes":""},"class_list":["post-48801","page","type-page","status-publish","hentry"],"acf":[],"yoast_head":"<!-- This site is optimized with the Yoast SEO plugin v27.4 - https:\/\/yoast.com\/product\/yoast-seo-wordpress\/ -->\n<title>Sicurezza e conformit\u00e0 in Sharebox - Sharebox<\/title>\n<meta name=\"robots\" content=\"index, follow, max-snippet:-1, max-image-preview:large, max-video-preview:-1\" \/>\n<link rel=\"canonical\" href=\"https:\/\/sharebox.global\/it\/sicurezza-e-conformita-in-sharebox\/\" \/>\n<meta property=\"og:locale\" content=\"it_IT\" \/>\n<meta property=\"og:type\" content=\"article\" \/>\n<meta property=\"og:title\" content=\"Sicurezza e conformit\u00e0 in Sharebox - Sharebox\" \/>\n<meta property=\"og:description\" content=\"Protezione fisica certificata (s32) Per gli ambienti con requisiti di sicurezza pi\u00f9 elevati, la Sharebox s32 \u00e8 certificata secondo la normativa: EN 1143-1 Grado 0\" \/>\n<meta property=\"og:url\" content=\"https:\/\/sharebox.global\/it\/sicurezza-e-conformita-in-sharebox\/\" \/>\n<meta property=\"og:site_name\" content=\"Sharebox\" \/>\n<meta property=\"article:publisher\" content=\"https:\/\/www.facebook.com\/SHAREBOX.NO\/\" \/>\n<meta property=\"article:modified_time\" content=\"2026-03-03T12:41:33+00:00\" \/>\n<meta property=\"og:image\" content=\"https:\/\/sharebox.global\/wp-content\/uploads\/2025\/04\/Volkswagen-Nutzfahrzeuge-Service-Station-mit-Dach.png\" \/>\n\t<meta property=\"og:image:width\" content=\"1170\" \/>\n\t<meta property=\"og:image:height\" content=\"521\" \/>\n\t<meta property=\"og:image:type\" content=\"image\/png\" \/>\n<meta name=\"twitter:card\" content=\"summary_large_image\" \/>\n<meta name=\"twitter:label1\" content=\"Tempo di lettura stimato\" \/>\n\t<meta name=\"twitter:data1\" content=\"3 minuto\" \/>\n<script type=\"application\/ld+json\" class=\"yoast-schema-graph\">{\"@context\":\"https:\\\/\\\/schema.org\",\"@graph\":[{\"@type\":\"WebPage\",\"@id\":\"https:\\\/\\\/sharebox.global\\\/it\\\/sicurezza-e-conformita-in-sharebox\\\/\",\"url\":\"https:\\\/\\\/sharebox.global\\\/it\\\/sicurezza-e-conformita-in-sharebox\\\/\",\"name\":\"Sicurezza e conformit\u00e0 in Sharebox - Sharebox\",\"isPartOf\":{\"@id\":\"https:\\\/\\\/sharebox.global\\\/it\\\/#website\"},\"datePublished\":\"2026-03-03T12:39:32+00:00\",\"dateModified\":\"2026-03-03T12:41:33+00:00\",\"breadcrumb\":{\"@id\":\"https:\\\/\\\/sharebox.global\\\/it\\\/sicurezza-e-conformita-in-sharebox\\\/#breadcrumb\"},\"inLanguage\":\"it-IT\",\"potentialAction\":[{\"@type\":\"ReadAction\",\"target\":[\"https:\\\/\\\/sharebox.global\\\/it\\\/sicurezza-e-conformita-in-sharebox\\\/\"]}]},{\"@type\":\"BreadcrumbList\",\"@id\":\"https:\\\/\\\/sharebox.global\\\/it\\\/sicurezza-e-conformita-in-sharebox\\\/#breadcrumb\",\"itemListElement\":[{\"@type\":\"ListItem\",\"position\":1,\"name\":\"Home\",\"item\":\"https:\\\/\\\/sharebox.global\\\/it\\\/\"},{\"@type\":\"ListItem\",\"position\":2,\"name\":\"Sicurezza e conformit\u00e0 in Sharebox\"}]},{\"@type\":\"WebSite\",\"@id\":\"https:\\\/\\\/sharebox.global\\\/it\\\/#website\",\"url\":\"https:\\\/\\\/sharebox.global\\\/it\\\/\",\"name\":\"Sharebox\",\"description\":\"Infrastructure for 24\\\/7 vehicle handover\",\"publisher\":{\"@id\":\"https:\\\/\\\/sharebox.global\\\/it\\\/#organization\"},\"potentialAction\":[{\"@type\":\"SearchAction\",\"target\":{\"@type\":\"EntryPoint\",\"urlTemplate\":\"https:\\\/\\\/sharebox.global\\\/it\\\/?s={search_term_string}\"},\"query-input\":{\"@type\":\"PropertyValueSpecification\",\"valueRequired\":true,\"valueName\":\"search_term_string\"}}],\"inLanguage\":\"it-IT\"},{\"@type\":\"Organization\",\"@id\":\"https:\\\/\\\/sharebox.global\\\/it\\\/#organization\",\"name\":\"Sharebox\",\"url\":\"https:\\\/\\\/sharebox.global\\\/it\\\/\",\"logo\":{\"@type\":\"ImageObject\",\"inLanguage\":\"it-IT\",\"@id\":\"https:\\\/\\\/sharebox.global\\\/it\\\/#\\\/schema\\\/logo\\\/image\\\/\",\"url\":\"https:\\\/\\\/sharebox.global\\\/wp-content\\\/uploads\\\/2024\\\/04\\\/Sharebox-logo-red-on-white-500px.png\",\"contentUrl\":\"https:\\\/\\\/sharebox.global\\\/wp-content\\\/uploads\\\/2024\\\/04\\\/Sharebox-logo-red-on-white-500px.png\",\"width\":450,\"height\":63,\"caption\":\"Sharebox\"},\"image\":{\"@id\":\"https:\\\/\\\/sharebox.global\\\/it\\\/#\\\/schema\\\/logo\\\/image\\\/\"},\"sameAs\":[\"https:\\\/\\\/www.facebook.com\\\/SHAREBOX.NO\\\/\",\"https:\\\/\\\/www.linkedin.com\\\/company\\\/sharebox-as\\\/\",\"https:\\\/\\\/www.youtube.com\\\/channel\\\/UCGwoGdfNeD59c2s4qhf0gLQ\"]}]}<\/script>\n<!-- \/ Yoast SEO plugin. -->","yoast_head_json":{"title":"Sicurezza e conformit\u00e0 in Sharebox - Sharebox","robots":{"index":"index","follow":"follow","max-snippet":"max-snippet:-1","max-image-preview":"max-image-preview:large","max-video-preview":"max-video-preview:-1"},"canonical":"https:\/\/sharebox.global\/it\/sicurezza-e-conformita-in-sharebox\/","og_locale":"it_IT","og_type":"article","og_title":"Sicurezza e conformit\u00e0 in Sharebox - Sharebox","og_description":"Protezione fisica certificata (s32) Per gli ambienti con requisiti di sicurezza pi\u00f9 elevati, la Sharebox s32 \u00e8 certificata secondo la normativa: EN 1143-1 Grado 0","og_url":"https:\/\/sharebox.global\/it\/sicurezza-e-conformita-in-sharebox\/","og_site_name":"Sharebox","article_publisher":"https:\/\/www.facebook.com\/SHAREBOX.NO\/","article_modified_time":"2026-03-03T12:41:33+00:00","og_image":[{"width":1170,"height":521,"url":"https:\/\/sharebox.global\/wp-content\/uploads\/2025\/04\/Volkswagen-Nutzfahrzeuge-Service-Station-mit-Dach.png","type":"image\/png"}],"twitter_card":"summary_large_image","twitter_misc":{"Tempo di lettura stimato":"3 minuto"},"schema":{"@context":"https:\/\/schema.org","@graph":[{"@type":"WebPage","@id":"https:\/\/sharebox.global\/it\/sicurezza-e-conformita-in-sharebox\/","url":"https:\/\/sharebox.global\/it\/sicurezza-e-conformita-in-sharebox\/","name":"Sicurezza e conformit\u00e0 in Sharebox - Sharebox","isPartOf":{"@id":"https:\/\/sharebox.global\/it\/#website"},"datePublished":"2026-03-03T12:39:32+00:00","dateModified":"2026-03-03T12:41:33+00:00","breadcrumb":{"@id":"https:\/\/sharebox.global\/it\/sicurezza-e-conformita-in-sharebox\/#breadcrumb"},"inLanguage":"it-IT","potentialAction":[{"@type":"ReadAction","target":["https:\/\/sharebox.global\/it\/sicurezza-e-conformita-in-sharebox\/"]}]},{"@type":"BreadcrumbList","@id":"https:\/\/sharebox.global\/it\/sicurezza-e-conformita-in-sharebox\/#breadcrumb","itemListElement":[{"@type":"ListItem","position":1,"name":"Home","item":"https:\/\/sharebox.global\/it\/"},{"@type":"ListItem","position":2,"name":"Sicurezza e conformit\u00e0 in Sharebox"}]},{"@type":"WebSite","@id":"https:\/\/sharebox.global\/it\/#website","url":"https:\/\/sharebox.global\/it\/","name":"Sharebox","description":"Infrastructure for 24\/7 vehicle handover","publisher":{"@id":"https:\/\/sharebox.global\/it\/#organization"},"potentialAction":[{"@type":"SearchAction","target":{"@type":"EntryPoint","urlTemplate":"https:\/\/sharebox.global\/it\/?s={search_term_string}"},"query-input":{"@type":"PropertyValueSpecification","valueRequired":true,"valueName":"search_term_string"}}],"inLanguage":"it-IT"},{"@type":"Organization","@id":"https:\/\/sharebox.global\/it\/#organization","name":"Sharebox","url":"https:\/\/sharebox.global\/it\/","logo":{"@type":"ImageObject","inLanguage":"it-IT","@id":"https:\/\/sharebox.global\/it\/#\/schema\/logo\/image\/","url":"https:\/\/sharebox.global\/wp-content\/uploads\/2024\/04\/Sharebox-logo-red-on-white-500px.png","contentUrl":"https:\/\/sharebox.global\/wp-content\/uploads\/2024\/04\/Sharebox-logo-red-on-white-500px.png","width":450,"height":63,"caption":"Sharebox"},"image":{"@id":"https:\/\/sharebox.global\/it\/#\/schema\/logo\/image\/"},"sameAs":["https:\/\/www.facebook.com\/SHAREBOX.NO\/","https:\/\/www.linkedin.com\/company\/sharebox-as\/","https:\/\/www.youtube.com\/channel\/UCGwoGdfNeD59c2s4qhf0gLQ"]}]}},"_links":{"self":[{"href":"https:\/\/sharebox.global\/it\/wp-json\/wp\/v2\/pages\/48801","targetHints":{"allow":["GET"]}}],"collection":[{"href":"https:\/\/sharebox.global\/it\/wp-json\/wp\/v2\/pages"}],"about":[{"href":"https:\/\/sharebox.global\/it\/wp-json\/wp\/v2\/types\/page"}],"author":[{"embeddable":true,"href":"https:\/\/sharebox.global\/it\/wp-json\/wp\/v2\/users\/1"}],"replies":[{"embeddable":true,"href":"https:\/\/sharebox.global\/it\/wp-json\/wp\/v2\/comments?post=48801"}],"version-history":[{"count":3,"href":"https:\/\/sharebox.global\/it\/wp-json\/wp\/v2\/pages\/48801\/revisions"}],"predecessor-version":[{"id":48804,"href":"https:\/\/sharebox.global\/it\/wp-json\/wp\/v2\/pages\/48801\/revisions\/48804"}],"wp:attachment":[{"href":"https:\/\/sharebox.global\/it\/wp-json\/wp\/v2\/media?parent=48801"}],"curies":[{"name":"wp","href":"https:\/\/api.w.org\/{rel}","templated":true}]}}